{"id":38385,"date":"2024-11-21T14:51:19","date_gmt":"2024-11-21T14:51:19","guid":{"rendered":"https:\/\/electromenagerexpress.com\/product\/hotte-decorative-muralemieleda-6066-w-bb\/"},"modified":"2024-11-21T14:51:20","modified_gmt":"2024-11-21T14:51:20","slug":"hotte-decorative-muralemieleda-6066-w-bb","status":"publish","type":"product","link":"https:\/\/electromenagerexpress.com\/en\/product\/hotte-decorative-muralemieleda-6066-w-bb\/","title":{"rendered":"Hotte d\u00e9corative murale\t\t\t\t\t\t\tMIELE\t\t\t\tDA 6066 W BB"},"content":{"rendered":"<div class=\"product-features__content\">\n<ul role=\"list\">\n<li class=\"product-features__item\" role=\"listitem\">\n<h3 class=\"product-features__label\">Bien choisir sa hotte<\/h3>\n<ul role=\"list\">\n<li class=\"product-features__item-list__item\" role=\"listitem\"><span class=\"is--medium\">D\u00e9couvrez la hotte aspirante parfaite pour votre cuisine :<\/span> <a href=\"https:\/\/www.boulanger.com\/guide\/choisir-hotte\" target=\"_blank\"><u>avec notre guide d&rsquo;achat<\/u><\/a> et nos conseils d&rsquo;experts, trouvez le mod\u00e8le id\u00e9al qui r\u00e9pond \u00e0 vos besoins en termes de style, de performance et de budget.\t\t\t\t\t<\/li>\n<li class=\"product-features__item-list__item\" role=\"listitem\"><span class=\"is--medium\">Choisir la bonne largeur :<\/span> pour une extraction efficace, la hotte doit \u00eatre au moins aussi large que la table de cuisson. De plus, en choisissant la bonne largeur, vous \u00e9vitez les d\u00e9p\u00f4ts de graisse sur la cr\u00e9dence et les murs de la cuisine.\t\t\t\t\t<\/li>\n<li class=\"product-features__item-list__item\" role=\"listitem\"><span class=\"is--medium\">Bien la placer :<\/span> la distance minimale entre la plaque de cuisson et la hotte est de 55 cm pour l&rsquo;\u00e9lectrique et 65 cm pour le gaz. Cependant, ne d\u00e9passez pas 80 cm pour garantir une aspiration efficace des vapeurs de cuisson.\t\t\t\t\t<\/li>\n<li class=\"product-features__item-list__item\" role=\"listitem\"><span class=\"is--medium\">Choisir la bonne puissance :<\/span> dans une cuisine ouverte, o\u00f9 l&rsquo;air circule dans le salon, optez toujours pour une hotte aspirante d&rsquo;au moins 600 m\u00b3\/h pour garantir une efficacit\u00e9 optimale. Pour une cuisine ferm\u00e9e, multipliez le volume (L x l x H) par 12 pour obtenir la capacit\u00e9 d&rsquo;aspiration n\u00e9cessaire.\t\t\t\t\t<\/li>\n<\/ul>\n<\/li>\n<li class=\"product-features__item\" role=\"listitem\">\n<h3 class=\"product-features__label\">Les fonctionnalit\u00e9s de votre hotte<\/h3>\n<ul role=\"list\">\n<li class=\"product-features__item-list__item\" role=\"listitem\"><span class=\"is--medium\">Type de hotte :<\/span> d\u00e9corative murale, combine style et fonctionnalit\u00e9. Elle ajoute une touche d&rsquo;\u00e9l\u00e9gance \u00e0 la cuisine tout en assurant une extraction puissante des fum\u00e9es et odeurs.\t\t\t\t\t<\/li>\n<\/ul>\n<\/li>\n<li class=\"product-features__item\" role=\"listitem\">\n<h3 class=\"product-features__label\">Informations compl\u00e9mentaires<\/h3>\n<ul role=\"list\">\n<li class=\"product-features__item-list__item\" role=\"listitem\"><span class=\"is--medium\">Garantie :<\/span> 2 ans\t\t\t\t\t<\/li>\n<li class=\"product-features__item-list__item\" role=\"listitem\"><span class=\"is--medium\">Fabriqu\u00e9 en :<\/span> Allemagne\t\t\t\t\t<\/li>\n<li class=\"product-features__item-list__item\" role=\"listitem\"><span class=\"is--medium\">Disponibilit\u00e9 des pi\u00e8ces d\u00e9tach\u00e9es (donn\u00e9es fournisseur) :<\/span> Pendant 15 ans, \u00e0 compter de la date fin de fabrication\t\t\t\t\t<\/li>\n<\/ul>\n<\/li>\n<\/ul>\n<\/div>\n<div class=\"product__disclosure-content\">\n<div class=\"js-read-more product-description__content read-more read-more--truncated\" data-read-more-name=\"description\" style=\"max-height: 500px; overflow: hidden;\">\n<div class=\"product__description-content read-more\" style=\"\">\n<p>Hotte d\u00e9corative murale MIELE DA 6066 W BB : Performance et \u00e9l\u00e9gance<\/p>\n<h3> <img fetchpriority=\"high\" decoding=\"async\" ,=\"\" alt=\"Hotte d\u00e9corative murale MIELE DA 6066 W BB\" class=\"wy_tableau_gauche\" height=\"270\" src=\"https:\/\/boulanger.scene7.com\/is\/image\/Boulanger\/4002515840092_h_f_l_0?wid=400&amp;hei=270\" width=\"400\"\/>Design raffin\u00e9 et efficacit\u00e9 \u00e9nerg\u00e9tique                    <\/h3>\n<p>                        La hotte d\u00e9corative murale MIELE DA 6066 W BB, avec son design \u00e9pur\u00e9 en coloris Noir obsidienne, s&rsquo;int\u00e8gre parfaitement dans toute cuisine moderne. Elle offre un \u00e9clairage LED de 2 x 4,5 W, procurant une luminosit\u00e9 de 330 Lx \u00e0 une temp\u00e9rature de couleur de 3.500 K, garantissant ainsi une visibilit\u00e9 optimale tout en r\u00e9alisant des \u00e9conomies d&rsquo;\u00e9nergie. Class\u00e9e B en efficacit\u00e9 \u00e9nerg\u00e9tique, avec une consommation annuelle de seulement 70,4 kWh, cette hotte allie esth\u00e9tique et respect de l&rsquo;environnement. De plus, son verre de s\u00e9curit\u00e9 en une seule pi\u00e8ce (ESG) et son arr\u00eat de s\u00e9curit\u00e9 assurent une utilisation en toute s\u00e9r\u00e9nit\u00e9.                    <\/p>\n<\/p>\n<h3> <img decoding=\"async\" ,=\"\" alt=\"Hotte d\u00e9corative murale MIELE DA 6066 W BB\" class=\"wy_tableau_right\" height=\"270\" src=\"https:\/\/boulanger.scene7.com\/is\/image\/Boulanger\/4002515840092_h_f_l_5?wid=400&amp;hei=270\" width=\"400\"\/>Confort et puissance d&rsquo;aspiration                    <\/h3>\n<p>                        Dot\u00e9e de commandes \u00e9lectroniques sensitives avec LED, la hotte MIELE DA 6066 W BB offre un confort d&rsquo;utilisation in\u00e9gal\u00e9 avec ses trois niveaux de puissance et un niveau intensif. Sa puissance d&rsquo;aspiration atteint 650 m\u00b3\/h en mode intensif, permettant d&rsquo;\u00e9liminer rapidement les odeurs et vapeurs de cuisson. Le filtre \u00e0 graisses m\u00e9tallique inox \u00e0 10 couches, facile \u00e0 nettoyer et compatible avec le lave-vaisselle, assure un filtrage efficace et un entretien simplifi\u00e9. Avec le syst\u00e8me convertible d&rsquo;\u00e9vacuation d&rsquo;air ou de recyclage, cette hotte s&rsquo;adapte \u00e0 toutes les configurations de logement, offrant ainsi une flexibilit\u00e9 et une performance adapt\u00e9es aux besoins de chaque utilisateur.                    <\/p>\n<\/p><\/div>\n<\/p>\n<\/div>\n<p><bl-button a11yexpanded=\"false\" arialabel=\"Afficher toute la description\" class=\"read-more__btn\" full=\"false\" link=\"true\"><\/bl-button><\/div>","protected":false},"excerpt":{"rendered":"<div class=\"keypoints\">\n<h3 class=\"keypoints__title\">Les points cl\u00e9s<\/h3>\n<ul role=\"list\">\n<li class=\"keypoints__item\" role=\"listitem\">                                        Type de hotte : : d\u00e9corative murale                      <\/li>\n<li class=\"keypoints__item\" role=\"listitem\">                                        Niveau sonore mesur\u00e9 en d\u00e9cibels (pr\u00e9sent sur le Label Energie) : 54                      <\/li>\n<\/ul>","protected":false},"featured_media":25828,"template":"","meta":{"_glsr_average":0,"_glsr_ranking":0,"_glsr_reviews":0},"product_cat":[238],"product_tag":[131,236,239],"class_list":{"0":"post-38385","1":"product","2":"type-product","3":"status-publish","4":"has-post-thumbnail","6":"product_cat-hotte-decorative-murale","7":"product_tag-gros-electromenager","8":"product_tag-hotte-aspirante","9":"product_tag-hotte-decorative-murale","11":"first","12":"instock","13":"sale","14":"shipping-taxable","15":"purchasable","16":"product-type-simple"},"_links":{"self":[{"href":"https:\/\/electromenagerexpress.com\/en\/wp-json\/wp\/v2\/product\/38385","targetHints":{"allow":["GET"]}}],"collection":[{"href":"https:\/\/electromenagerexpress.com\/en\/wp-json\/wp\/v2\/product"}],"about":[{"href":"https:\/\/electromenagerexpress.com\/en\/wp-json\/wp\/v2\/types\/product"}],"wp:featuredmedia":[{"embeddable":true,"href":"https:\/\/electromenagerexpress.com\/en\/wp-json\/wp\/v2\/media\/25828"}],"wp:attachment":[{"href":"https:\/\/electromenagerexpress.com\/en\/wp-json\/wp\/v2\/media?parent=38385"}],"wp:term":[{"taxonomy":"product_cat","embeddable":true,"href":"https:\/\/electromenagerexpress.com\/en\/wp-json\/wp\/v2\/product_cat?post=38385"},{"taxonomy":"product_tag","embeddable":true,"href":"https:\/\/electromenagerexpress.com\/en\/wp-json\/wp\/v2\/product_tag?post=38385"}],"curies":[{"name":"wp","href":"https:\/\/api.w.org\/{rel}","templated":true}]}}