{"id":38366,"date":"2024-11-21T14:50:45","date_gmt":"2024-11-21T14:50:45","guid":{"rendered":"https:\/\/electromenagerexpress.com\/product\/hotte-plafondroblinplafond-inspiration-1200-inox\/"},"modified":"2024-11-21T14:50:45","modified_gmt":"2024-11-21T14:50:45","slug":"hotte-plafondroblinplafond-inspiration-1200-inox","status":"publish","type":"product","link":"https:\/\/electromenagerexpress.com\/en\/product\/hotte-plafondroblinplafond-inspiration-1200-inox\/","title":{"rendered":"Hotte plafond\t\t\t\t\t\t\tROBLIN\t\t\t\tPlafond INSPIRATION 1200 INOX"},"content":{"rendered":"<div class=\"product-features__content\">\n<ul role=\"list\">\n<li class=\"product-features__item\" role=\"listitem\">\n<h3 class=\"product-features__label\">Bien choisir sa hotte<\/h3>\n<ul role=\"list\">\n<li class=\"product-features__item-list__item\" role=\"listitem\"><span class=\"is--medium\">D\u00e9couvrez la hotte aspirante parfaite pour votre cuisine :<\/span> <a href=\"https:\/\/www.boulanger.com\/guide\/choisir-hotte\" target=\"_blank\"><u>avec notre guide d&rsquo;achat<\/u><\/a> et nos conseils d&rsquo;experts, trouvez le mod\u00e8le id\u00e9al qui r\u00e9pond \u00e0 vos besoins en termes de style, de performance et de budget.\t\t\t\t\t<\/li>\n<li class=\"product-features__item-list__item\" role=\"listitem\"><span class=\"is--medium\">Choisir la bonne largeur :<\/span> pour une extraction efficace, la hotte doit \u00eatre au moins aussi large que la table de cuisson. De plus, en choisissant la bonne largeur, vous \u00e9vitez les d\u00e9p\u00f4ts de graisse sur la cr\u00e9dence et les murs de la cuisine.\t\t\t\t\t<\/li>\n<li class=\"product-features__item-list__item\" role=\"listitem\"><span class=\"is--medium\">Bien la placer :<\/span> la distance minimale entre la plaque de cuisson et la hotte est de 55 cm pour l&rsquo;\u00e9lectrique et 65 cm pour le gaz. Cependant, ne d\u00e9passez pas 80 cm pour garantir une aspiration efficace des vapeurs de cuisson.\t\t\t\t\t<\/li>\n<li class=\"product-features__item-list__item\" role=\"listitem\"><span class=\"is--medium\">Choisir la bonne puissance :<\/span> dans une cuisine ouverte, o\u00f9 l&rsquo;air circule dans le salon, optez toujours pour une hotte aspirante d&rsquo;au moins 600 m\u00b3\/h pour garantir une efficacit\u00e9 optimale. Pour une cuisine ferm\u00e9e, multipliez le volume (L x l x H) par 12 pour obtenir la capacit\u00e9 d&rsquo;aspiration n\u00e9cessaire.\t\t\t\t\t<\/li>\n<\/ul>\n<\/li>\n<li class=\"product-features__item\" role=\"listitem\">\n<h3 class=\"product-features__label\">Les fonctionnalit\u00e9s de votre hotte<\/h3>\n<ul role=\"list\">\n<li class=\"product-features__item-list__item\" role=\"listitem\"><span class=\"is--medium\">Type de hotte :<\/span> plafond, offre un design contemporain et d\u00e9gag\u00e9, lib\u00e9rant l&rsquo;espace mural. Elle assure une capture optimale des fum\u00e9es et odeurs de cuisson, tout en cr\u00e9ant une ambiance moderne et sophistiqu\u00e9e dans la cuisine, id\u00e9ale pour un style de vie moderne et \u00e9l\u00e9gant.\t\t\t\t\t<\/li>\n<li class=\"product-features__item-list__item\" role=\"listitem\"><span class=\"is--medium\">Syst\u00e8me d&rsquo;aspiration :<\/span> \u00e9vacuation et recyclage, optez pour la polyvalence ! Expulsez efficacement les vapeurs vers l&rsquo;ext\u00e9rieur ou offrez-vous la possibilit\u00e9 de purifier l&rsquo;air gr\u00e2ce \u00e0 un syst\u00e8me de filtration avanc\u00e9. Profitez d&rsquo;une cuisine propre et fra\u00eeche, quel que soit votre syst\u00e8me d&rsquo;aspiration !\t\t\t\t\t<\/li>\n<li class=\"product-features__item-list__item\" role=\"listitem\"><span class=\"is--medium\">Type d&rsquo;aspiration :<\/span> p\u00e9rim\u00e9trale, l&rsquo;air est aspir\u00e9 de mani\u00e8re uniforme tout autour de la zone de cuisson, assurant une capture optimale des vapeurs et des odeurs. Red\u00e9couvrez le plaisir de cuisiner dans une cuisine propre et fra\u00eeche !\t\t\t\t\t<\/li>\n<li class=\"product-features__item-list__item\" role=\"listitem\"><span class=\"is--medium\">Largeur :<\/span> 120 cm, pour une zone de cuisson allant jusqu&rsquo;\u00e0 120 cm de largueur.\t\t\t\t\t<\/li>\n<li class=\"product-features__item-list__item\" role=\"listitem\"><span class=\"is--medium\">Coloris :<\/span> inox\t\t\t\t\t<\/li>\n<\/ul>\n<\/li>\n<li class=\"product-features__item\" role=\"listitem\">\n<h3 class=\"product-features__label\">Puissance de la hotte<\/h3>\n<ul role=\"list\">\n<li class=\"product-features__item-list__item\" role=\"listitem\"><span class=\"is--medium\">Nombre de moteur inclus :<\/span> 1\t\t\t\t\t<\/li>\n<li class=\"product-features__item-list__item\" role=\"listitem\"><span class=\"is--medium\">Puissance totale du (des) moteur(s) :<\/span> 168 W\t\t\t\t\t<\/li>\n<li class=\"product-features__item-list__item\" role=\"listitem\"><span class=\"is--medium\">Type de moteur :<\/span> induction, une performance silencieuse et \u00e9conome en \u00e9nergie. Cette technologie avanc\u00e9e garantit une extraction efficace des vapeurs de cuisson tout en r\u00e9duisant le bruit et la consommation d&rsquo;\u00e9lectricit\u00e9, assurant ainsi une exp\u00e9rience de cuisson agr\u00e9able et \u00e9conomique.\t\t\t\t\t<\/li>\n<li class=\"product-features__item-list__item\" role=\"listitem\"><span class=\"is--medium\">Arr\u00eat temporis\u00e9 :<\/span> oui, permet de programmer une dur\u00e9e de fonctionnement apr\u00e8s la cuisson. Une fois cette dur\u00e9e \u00e9coul\u00e9e, la hotte s&rsquo;\u00e9teint automatiquement, offrant ainsi un moyen pratique d&rsquo;\u00e9conomiser de l&rsquo;\u00e9nergie et de prolonger la purification de l&rsquo;air apr\u00e8s la cuisson.\t\t\t\t\t<\/li>\n<\/ul>\n<\/li>\n<li class=\"product-features__item\" role=\"listitem\">\n<h3 class=\"product-features__label\">Les commandes de votre hotte<\/h3>\n<ul role=\"list\">\n<li class=\"product-features__item-list__item\" role=\"listitem\"><span class=\"is--medium\">Type de selecteur :<\/span> bouton poussoir\t\t\t\t\t<\/li>\n<li class=\"product-features__item-list__item\" role=\"listitem\"><span class=\"is--medium\">Emplacement :<\/span> facade\t\t\t\t\t<\/li>\n<li class=\"product-features__item-list__item\" role=\"listitem\"><span class=\"is--medium\">Nombre de vitesse d&rsquo;aspiration :<\/span> 8, permet un contr\u00f4le pr\u00e9cis de l&rsquo;extraction d&rsquo;air, s&rsquo;adaptant aux diff\u00e9rentes intensit\u00e9s de cuisson. Il offre une flexibilit\u00e9 pour ajuster la puissance selon les besoins, r\u00e9duisant le bruit et la consommation d&rsquo;\u00e9nergie lorsqu&rsquo;une extraction moindre est suffisante.\t\t\t\t\t<\/li>\n<li class=\"product-features__item-list__item\" role=\"listitem\"><span class=\"is--medium\">T\u00e9moins lumineux de mise sous tension :<\/span> oui, offre une indication visuelle claire de son fonctionnement, assurant une utilisation intuitive.\t\t\t\t\t<\/li>\n<li class=\"product-features__item-list__item\" role=\"listitem\"><span class=\"is--medium\">Indicateur de saturation du filtre graisse :<\/span> oui, alerte lorsqu&rsquo;il est temps de nettoyer ou de remplacer le filtre. Cela garantit un fonctionnement optimal de la hotte, prolongeant sa dur\u00e9e de vie et assurant une extraction efficace des graisses, pr\u00e9servant ainsi la qualit\u00e9 de l&rsquo;air dans la cuisine.\t\t\t\t\t<\/li>\n<li class=\"product-features__item-list__item\" role=\"listitem\"><span class=\"is--medium\">T\u00e9l\u00e9commande :<\/span> oui, offre un contr\u00f4le pratique \u00e0 distance, permettant d&rsquo;ajuster les param\u00e8tres d&rsquo;extraction sans avoir \u00e0 se d\u00e9placer. Cela facilite l&rsquo;utilisation de la hotte, offrant une flexibilit\u00e9 et un confort accrus pendant la cuisson.\t\t\t\t\t<\/li>\n<\/ul>\n<\/li>\n<li class=\"product-features__item\" role=\"listitem\">\n<h3 class=\"product-features__label\">L&rsquo;\u00e9clairage de votre hotte<\/h3>\n<ul role=\"list\">\n<li class=\"product-features__item-list__item\" role=\"listitem\"><span class=\"is--medium\">Lampe :<\/span> oui, offre une visibilit\u00e9 accrue sur la zone de cuisson, facilitant la pr\u00e9paration des repas. Il cr\u00e9e une ambiance agr\u00e9able dans la cuisine et met en valeur le plan de travail, ajoutant une touche esth\u00e9tique.\t\t\t\t\t<\/li>\n<li class=\"product-features__item-list__item\" role=\"listitem\"><span class=\"is--medium\">Type d&rsquo;\u00e9clairage :<\/span> LED, offre une luminosit\u00e9 \u00e9quivalente voire sup\u00e9rieure aux halog\u00e8nes, avec une consommation d&rsquo;\u00e9nergie consid\u00e9rablement r\u00e9duite et une dur\u00e9e de vie bien plus longue.\t\t\t\t\t<\/li>\n<li class=\"product-features__item-list__item\" role=\"listitem\"><span class=\"is--medium\">Emplacement de l&rsquo;\u00e9clairage :<\/span> cot\u00e9 gauche et droit\t\t\t\t\t<\/li>\n<li class=\"product-features__item-list__item\" role=\"listitem\"><span class=\"is--medium\">Nombre de lampe(s) :<\/span> 4\t\t\t\t\t<\/li>\n<li class=\"product-features__item-list__item\" role=\"listitem\"><span class=\"is--medium\">Puissance d&rsquo;\u00e9clairage :<\/span> 1 W\t\t\t\t\t<\/li>\n<li class=\"product-features__item-list__item\" role=\"listitem\"><span class=\"is--medium\">Intensit\u00e9 lumineuse :<\/span> 38 lux, plus le nombre de lux est \u00e9lev\u00e9, plus la zone est lumineuse.\t\t\t\t\t<\/li>\n<li class=\"product-features__item-list__item\" role=\"listitem\"><span class=\"is--medium\">Intensit\u00e9 lumineuse variable :<\/span> oui, pilotez l&rsquo;intensit\u00e9 vous m\u00eame !\t\t\t\t\t<\/li>\n<li class=\"product-features__item-list__item\" role=\"listitem\"><span class=\"is--medium\">Temp\u00e9rature de la couleur :<\/span> 4000 K, mesure la teinte de la lumi\u00e8re \u00e9mise par une source lumineuse. Plus la valeur est basse, plus la lumi\u00e8re est chaude (jaune\/orang\u00e9), tandis qu&rsquo;une valeur \u00e9lev\u00e9e correspond \u00e0 une lumi\u00e8re plus froide (bleut\u00e9e\/blanche).\t\t\t\t\t<\/li>\n<\/ul>\n<\/li>\n<li class=\"product-features__item\" role=\"listitem\">\n<h3 class=\"product-features__label\">La filtration de votre hotte<\/h3>\n<ul role=\"list\">\n<li class=\"product-features__item-list__item\" role=\"listitem\"><span class=\"is--medium\">Filtre \u00e0 graisse :<\/span> oui, pi\u00e8ge les particules de graisse pr\u00e9sentes dans les vapeurs de cuisson, emp\u00eachant ainsi leur accumulation dans la hotte et les conduits. Cela maintient la hotte propre et prolonge sa dur\u00e9e de vie, tout en assurant une meilleure qualit\u00e9 de l&rsquo;air dans la cuisine.\t\t\t\t\t<\/li>\n<li class=\"product-features__item-list__item\" role=\"listitem\"><span class=\"is--medium\">Nombre de filtre \u00e0 graisse :<\/span> 3\t\t\t\t\t<\/li>\n<li class=\"product-features__item-list__item\" role=\"listitem\"><span class=\"is--medium\">Filtre \u00e0 graisse lavable au lave-vaisselle :<\/span> oui, offre une maintenance facile et \u00e9conomique. Il peut \u00eatre simplement retir\u00e9 et nettoy\u00e9 au lave-vaisselle, permettant ainsi un entretien r\u00e9gulier sans effort.\t\t\t\t\t<\/li>\n<li class=\"product-features__item-list__item\" role=\"listitem\"><span class=\"is--medium\">Filtre \u00e0 charbon :<\/span> en option, absorbe efficacement les odeurs de cuisson, en filtrant les particules malodorantes avant de recirculer l&rsquo;air purifi\u00e9 dans la cuisine.\t\t\t\t\t<\/li>\n<li class=\"product-features__item-list__item\" role=\"listitem\"><span class=\"is--medium\">Nombre de filtre \u00e0 charbon :<\/span> 2\t\t\t\t\t<\/li>\n<li class=\"product-features__item-list__item\" role=\"listitem\"><span class=\"is--medium\">Renouvellement du filtre \u00e0 charbon :<\/span> Boulanger vous conseille de changer le(s) filtre(s) \u00e0 charbon lorsque celui-ci est satur\u00e9, g\u00e9n\u00e9ralement tous les 6 \u00e0 12 mois selon l&rsquo;utilisation. Un filtre satur\u00e9 perd en efficacit\u00e9 pour \u00e9liminer les odeurs de cuisson, donc son remplacement garantit une purification optimale de l&rsquo;air.\t\t\t\t\t<\/li>\n<li class=\"product-features__item-list__item\" role=\"listitem\"><span class=\"is--medium\">Clapet anti-retour :<\/span> oui, emp\u00eache le retour des mauvaises odeurs ou des courants d&rsquo;air ind\u00e9sirables dans la cuisine.\t\t\t\t\t<\/li>\n<li class=\"product-features__item-list__item\" role=\"listitem\"><span class=\"is--medium\">Kit \u00e9vacuation fournis :<\/span> oui\t\t\t\t\t<\/li>\n<li class=\"product-features__item-list__item\" role=\"listitem\"><span class=\"is--medium\">Kit recyclage fournis :<\/span> non\t\t\t\t\t<\/li>\n<\/ul>\n<\/li>\n<li class=\"product-features__item\" role=\"listitem\">\n<h3 class=\"product-features__label\">Informations compl\u00e9mentaires<\/h3>\n<ul role=\"list\">\n<li class=\"product-features__item-list__item\" role=\"listitem\"><span class=\"is--medium\">Garantie :<\/span> 2 ans\t\t\t\t\t<\/li>\n<li class=\"product-features__item-list__item\" role=\"listitem\"><span class=\"is--medium\">Fabriqu\u00e9 en :<\/span> France\t\t\t\t\t<\/li>\n<li class=\"product-features__item-list__item\" role=\"listitem\"><span class=\"is--medium\">Disponibilit\u00e9 des pi\u00e8ces d\u00e9tach\u00e9es (donn\u00e9es fournisseur) :<\/span> Pendant 10 ans, \u00e0 compter de la date de fabrication\t\t\t\t\t<\/li>\n<\/ul>\n<\/li>\n<\/ul>\n<\/div>\n<div class=\"product__disclosure-content\">\n<div class=\"js-read-more product-description__content read-more read-more--truncated\" data-read-more-name=\"description\" style=\"max-height: 500px; overflow: hidden;\">\n<div class=\"product__description-content read-more\" style=\"\">\n<p>Hotte encastrable ROBLIN Plafond INSPIRATION 1200 INOX : l&rsquo;alliance de l&rsquo;efficacit\u00e9 et de l&rsquo;\u00e9l\u00e9gance<\/p>\n<h3> <img fetchpriority=\"high\" decoding=\"async\" ,=\"\" alt=\"Hotte encastrable ROBLIN Plafond INSPIRATION 1200 INOX\" class=\"wy_tableau_gauche\" height=\"270\" src=\"https:\/\/boulanger.scene7.com\/is\/image\/Boulanger\/7612981892425_h_f_l_0?wid=400&amp;hei=270\" width=\"400\"\/>Design et performances au coeur de votre cuisine                    <\/h3>\n<p>                        La hotte encastrable ROBLIN Plafond INSPIRATION 1200 INOX se distingue par son design \u00e9pur\u00e9 et sa finition en inox, s&rsquo;int\u00e9grant parfaitement au-dessus de votre espace de cuisson. Dot\u00e9e d&rsquo;un moteur E+ \u00e0 induction, cette hotte garantit une faible consommation d&rsquo;\u00e9nergie (31,8 kWh\/a) et un niveau sonore r\u00e9duit, avec une classe d&rsquo;efficacit\u00e9 \u00e9nerg\u00e9tique A+. L&rsquo;aspiration p\u00e9riph\u00e9rique optimise l&rsquo;efficacit\u00e9 en captant toutes les vapeurs, tandis que le variateur de luminosit\u00e9 transforme la hotte en un point lumineux \u00e0 part enti\u00e8re, gr\u00e2ce \u00e0 ses spots LED de 4000 K. Avec ses dimensions g\u00e9n\u00e9reuses (292 x 1200 x 450 mm), elle s&rsquo;adapte \u00e0 de grands espaces de cuisson, assurant une aspiration puissante (jusqu&rsquo;\u00e0 820 m\u00b3\/h) et silencieuse (38 \u00e0 60 dB(A)).                    <\/p>\n<\/p>\n<h3> <img decoding=\"async\" ,=\"\" alt=\"Hotte encastrable ROBLIN Plafond INSPIRATION 1200 INOX\" class=\"wy_tableau_right\" height=\"270\" src=\"https:\/\/boulanger.scene7.com\/is\/image\/Boulanger\/7612981892425_h_f_l_1?wid=400&amp;hei=270\" width=\"400\"\/>Innovation et contr\u00f4le \u00e0 port\u00e9e de main                    <\/h3>\n<p>                        La hotte ROBLIN INSPIRATION 1200 INOX est \u00e9quip\u00e9e de fonctionnalit\u00e9s avanc\u00e9es pour un confort d&rsquo;utilisation in\u00e9gal\u00e9. La fonction booster offre une puissance temporaire accrue pour des situations de cuisson intensives, et l&rsquo;arr\u00eat temporis\u00e9 assure une \u00e9vacuation des fum\u00e9es r\u00e9siduelles apr\u00e8s la cuisson. La fonction aspiration 24H maintient un air purifi\u00e9 en continu, et le t\u00e9moin de saturation des filtres indique quand un nettoyage ou un remplacement est n\u00e9cessaire. Avec la t\u00e9l\u00e9commande incluse, toutes les fonctions sont facilement accessibles, offrant une exp\u00e9rience utilisateur intuitive. Les commandes \u00e9lectroniques et les 8 vitesses d&rsquo;aspiration, plus une intensive, permettent un ajustement pr\u00e9cis selon vos besoins. Enfin, pour une installation flexible, ce mod\u00e8le est disponible avec un moteur s\u00e9par\u00e9 et peut fonctionner en mode \u00e9vacuation ou recyclage.                    <\/p>\n<\/p><\/div>\n<\/p>\n<\/div>\n<p><bl-button a11yexpanded=\"false\" arialabel=\"Afficher toute la description\" class=\"read-more__btn\" full=\"false\" link=\"true\">Voir plus<\/bl-button><\/div>","protected":false},"excerpt":{"rendered":"<div class=\"keypoints\">\n<h3 class=\"keypoints__title\">Les points cl\u00e9s<\/h3>\n<ul role=\"list\">\n<li class=\"keypoints__item\" role=\"listitem\">                          Type de hotte : : encastrable plafond &#8211;                                                      \u00e9vacuation et recyclage                      <\/li>\n<li class=\"keypoints__item\" role=\"listitem\">                                        Largeur : 120 cm, pour une zone de cuisson allant jusqu&rsquo;\u00e0 120 cm de largueur.                      <\/li>\n<li class=\"keypoints__item\" role=\"listitem\">                          D\u00e9bit d&rsquo;air maxi : 605 &#8211;                                                      id\u00e9al pour une cuisine de 25m\u00b2.                      <\/li>\n<li class=\"keypoints__item\" role=\"listitem\">                                        Niveau sonore mesur\u00e9 en d\u00e9cibels (pr\u00e9sent sur le Label Energie) : 57                      <\/li>\n<\/ul>","protected":false},"featured_media":25731,"template":"","meta":{"_glsr_average":0,"_glsr_ranking":0,"_glsr_reviews":0},"product_cat":[235],"product_tag":[131,236,237],"class_list":{"0":"post-38366","1":"product","2":"type-product","3":"status-publish","4":"has-post-thumbnail","6":"product_cat-hotte-encastrable","7":"product_tag-gros-electromenager","8":"product_tag-hotte-aspirante","9":"product_tag-hotte-encastrable","11":"first","12":"instock","13":"sale","14":"shipping-taxable","15":"purchasable","16":"product-type-simple"},"_links":{"self":[{"href":"https:\/\/electromenagerexpress.com\/en\/wp-json\/wp\/v2\/product\/38366","targetHints":{"allow":["GET"]}}],"collection":[{"href":"https:\/\/electromenagerexpress.com\/en\/wp-json\/wp\/v2\/product"}],"about":[{"href":"https:\/\/electromenagerexpress.com\/en\/wp-json\/wp\/v2\/types\/product"}],"wp:featuredmedia":[{"embeddable":true,"href":"https:\/\/electromenagerexpress.com\/en\/wp-json\/wp\/v2\/media\/25731"}],"wp:attachment":[{"href":"https:\/\/electromenagerexpress.com\/en\/wp-json\/wp\/v2\/media?parent=38366"}],"wp:term":[{"taxonomy":"product_cat","embeddable":true,"href":"https:\/\/electromenagerexpress.com\/en\/wp-json\/wp\/v2\/product_cat?post=38366"},{"taxonomy":"product_tag","embeddable":true,"href":"https:\/\/electromenagerexpress.com\/en\/wp-json\/wp\/v2\/product_tag?post=38366"}],"curies":[{"name":"wp","href":"https:\/\/api.w.org\/{rel}","templated":true}]}}