{"id":38349,"date":"2024-11-21T14:50:12","date_gmt":"2024-11-21T14:50:12","guid":{"rendered":"https:\/\/electromenagerexpress.com\/product\/hotte-tiroirelicaglassout-ix-a-90\/"},"modified":"2024-11-21T14:50:12","modified_gmt":"2024-11-21T14:50:12","slug":"hotte-tiroirelicaglassout-ix-a-90","status":"publish","type":"product","link":"https:\/\/electromenagerexpress.com\/en\/product\/hotte-tiroirelicaglassout-ix-a-90\/","title":{"rendered":"Hotte tiroir\t\t\t\t\t\t\tELICA\t\t\t\tGLASSOUT IX\/A\/90"},"content":{"rendered":"<div class=\"product-features__content\">\n<ul role=\"list\">\n<li class=\"product-features__item\" role=\"listitem\">\n<h3 class=\"product-features__label\">Bien choisir sa hotte<\/h3>\n<ul role=\"list\">\n<li class=\"product-features__item-list__item\" role=\"listitem\"><span class=\"is--medium\">D\u00e9couvrez la hotte aspirante parfaite pour votre cuisine :<\/span> <a href=\"https:\/\/www.boulanger.com\/guide\/choisir-hotte\" target=\"_blank\"><u>avec notre guide d&rsquo;achat<\/u><\/a> et nos conseils d&rsquo;experts, trouvez le mod\u00e8le id\u00e9al qui r\u00e9pond \u00e0 vos besoins en termes de style, de performance et de budget.\t\t\t\t\t<\/li>\n<li class=\"product-features__item-list__item\" role=\"listitem\"><span class=\"is--medium\">Choisir la bonne largeur :<\/span> pour une extraction efficace, la hotte doit \u00eatre au moins aussi large que la table de cuisson. De plus, en choisissant la bonne largeur, vous \u00e9vitez les d\u00e9p\u00f4ts de graisse sur la cr\u00e9dence et les murs de la cuisine.\t\t\t\t\t<\/li>\n<li class=\"product-features__item-list__item\" role=\"listitem\"><span class=\"is--medium\">Bien la placer :<\/span> la distance minimale entre la plaque de cuisson et la hotte est de 55 cm pour l&rsquo;\u00e9lectrique et 65 cm pour le gaz. Cependant, ne d\u00e9passez pas 80 cm pour garantir une aspiration efficace des vapeurs de cuisson.\t\t\t\t\t<\/li>\n<li class=\"product-features__item-list__item\" role=\"listitem\"><span class=\"is--medium\">Choisir la bonne puissance :<\/span> dans une cuisine ouverte, o\u00f9 l&rsquo;air circule dans le salon, optez toujours pour une hotte aspirante d&rsquo;au moins 600 m\u00b3\/h pour garantir une efficacit\u00e9 optimale. Pour une cuisine ferm\u00e9e, multipliez le volume (L x l x H) par 12 pour obtenir la capacit\u00e9 d&rsquo;aspiration n\u00e9cessaire.\t\t\t\t\t<\/li>\n<\/ul>\n<\/li>\n<li class=\"product-features__item\" role=\"listitem\">\n<h3 class=\"product-features__label\">Les fonctionnalit\u00e9s de votre hotte<\/h3>\n<ul role=\"list\">\n<li class=\"product-features__item-list__item\" role=\"listitem\"><span class=\"is--medium\">Type de hotte :<\/span> tiroir, une solution discr\u00e8te et pratique pour les cuisines avec peu d&rsquo;espace. Install\u00e9e sous une armoire, elle conserve l&rsquo;esth\u00e9tique tout en offrant une extraction efficace des fum\u00e9es. Son format compact en fait un choix id\u00e9al pour les cuisines o\u00f9 le style et la fonctionnalit\u00e9 sont primordiaux.\t\t\t\t\t<\/li>\n<li class=\"product-features__item-list__item\" role=\"listitem\"><span class=\"is--medium\">Autre compatibilit\u00e9 de type de hotte :<\/span> encastrable, s&rsquo;int\u00e8gre parfaitement dans les armoires, pr\u00e9servant l&rsquo;esth\u00e9tique de la cuisine. Elle offre une extraction efficace des fum\u00e9es et odeurs tout en restant discr\u00e8te. Son design discret et sa performance font d&rsquo;elle un choix id\u00e9al pour les cuisines modernes soucieuses de leur apparence.\t\t\t\t\t<\/li>\n<li class=\"product-features__item-list__item\" role=\"listitem\"><span class=\"is--medium\">Syst\u00e8me d&rsquo;aspiration :<\/span> \u00e9vacuation et recyclage, optez pour la polyvalence ! Expulsez efficacement les vapeurs vers l&rsquo;ext\u00e9rieur ou offrez-vous la possibilit\u00e9 de purifier l&rsquo;air gr\u00e2ce \u00e0 un syst\u00e8me de filtration avanc\u00e9. Profitez d&rsquo;une cuisine propre et fra\u00eeche, quel que soit votre syst\u00e8me d&rsquo;aspiration !\t\t\t\t\t<\/li>\n<li class=\"product-features__item-list__item\" role=\"listitem\"><span class=\"is--medium\">Type d&rsquo;aspiration :<\/span> standard, con\u00e7u pour aspirer efficacement les vapeurs et les odeurs directement de la zone de cuisson. Profitez d&rsquo;une cuisine fra\u00eeche et propre gr\u00e2ce \u00e0 une filtration avanc\u00e9e !\t\t\t\t\t<\/li>\n<li class=\"product-features__item-list__item\" role=\"listitem\"><span class=\"is--medium\">Largeur :<\/span> 90 cm, pour une zone de cuisson allant jusqu&rsquo;\u00e0 90 cm de largueur.\t\t\t\t\t<\/li>\n<li class=\"product-features__item-list__item\" role=\"listitem\"><span class=\"is--medium\">Coloris :<\/span> inox\t\t\t\t\t<\/li>\n<\/ul>\n<\/li>\n<li class=\"product-features__item\" role=\"listitem\">\n<h3 class=\"product-features__label\">Puissance de la hotte<\/h3>\n<ul role=\"list\">\n<li class=\"product-features__item-list__item\" role=\"listitem\"><span class=\"is--medium\">Nombre de moteur inclus :<\/span> 1\t\t\t\t\t<\/li>\n<li class=\"product-features__item-list__item\" role=\"listitem\"><span class=\"is--medium\">Puissance totale du (des) moteur(s) :<\/span> 220 W\t\t\t\t\t<\/li>\n<li class=\"product-features__item-list__item\" role=\"listitem\"><span class=\"is--medium\">Type de moteur :<\/span> classique, offre une performance fiable et \u00e9prouv\u00e9e. Leur conception simple et robuste garantit une extraction efficace des vapeurs de cuisson, assurant ainsi un environnement de cuisine propre et confortable. Il est g\u00e9n\u00e9ralement plus abordable, une solution \u00e9conomique sans compromis sur la qualit\u00e9.\t\t\t\t\t<\/li>\n<li class=\"product-features__item-list__item\" role=\"listitem\"><span class=\"is--medium\">Arr\u00eat temporis\u00e9 :<\/span> oui, permet de programmer une dur\u00e9e de fonctionnement apr\u00e8s la cuisson. Une fois cette dur\u00e9e \u00e9coul\u00e9e, la hotte s&rsquo;\u00e9teint automatiquement, offrant ainsi un moyen pratique d&rsquo;\u00e9conomiser de l&rsquo;\u00e9nergie et de prolonger la purification de l&rsquo;air apr\u00e8s la cuisson.\t\t\t\t\t<\/li>\n<\/ul>\n<\/li>\n<li class=\"product-features__item\" role=\"listitem\">\n<h3 class=\"product-features__label\">Les commandes de votre hotte<\/h3>\n<ul role=\"list\">\n<li class=\"product-features__item-list__item\" role=\"listitem\"><span class=\"is--medium\">Type de selecteur :<\/span> bouton poussoir\t\t\t\t\t<\/li>\n<li class=\"product-features__item-list__item\" role=\"listitem\"><span class=\"is--medium\">Emplacement :<\/span> dessus\t\t\t\t\t<\/li>\n<li class=\"product-features__item-list__item\" role=\"listitem\"><span class=\"is--medium\">Nombre de vitesse d&rsquo;aspiration :<\/span> 3, permet un contr\u00f4le pr\u00e9cis de l&rsquo;extraction d&rsquo;air, s&rsquo;adaptant aux diff\u00e9rentes intensit\u00e9s de cuisson. Il offre une flexibilit\u00e9 pour ajuster la puissance selon les besoins, r\u00e9duisant le bruit et la consommation d&rsquo;\u00e9nergie lorsqu&rsquo;une extraction moindre est suffisante.\t\t\t\t\t<\/li>\n<li class=\"product-features__item-list__item\" role=\"listitem\"><span class=\"is--medium\">Indicateur de saturation du filtre graisse :<\/span> oui, alerte lorsqu&rsquo;il est temps de nettoyer ou de remplacer le filtre. Cela garantit un fonctionnement optimal de la hotte, prolongeant sa dur\u00e9e de vie et assurant une extraction efficace des graisses, pr\u00e9servant ainsi la qualit\u00e9 de l&rsquo;air dans la cuisine.\t\t\t\t\t<\/li>\n<\/ul>\n<\/li>\n<li class=\"product-features__item\" role=\"listitem\">\n<h3 class=\"product-features__label\">L&rsquo;\u00e9clairage de votre hotte<\/h3>\n<ul role=\"list\">\n<li class=\"product-features__item-list__item\" role=\"listitem\"><span class=\"is--medium\">Lampe :<\/span> oui, offre une visibilit\u00e9 accrue sur la zone de cuisson, facilitant la pr\u00e9paration des repas. Il cr\u00e9e une ambiance agr\u00e9able dans la cuisine et met en valeur le plan de travail, ajoutant une touche esth\u00e9tique.\t\t\t\t\t<\/li>\n<li class=\"product-features__item-list__item\" role=\"listitem\"><span class=\"is--medium\">Type d&rsquo;\u00e9clairage :<\/span> LED, offre une luminosit\u00e9 \u00e9quivalente voire sup\u00e9rieure aux halog\u00e8nes, avec une consommation d&rsquo;\u00e9nergie consid\u00e9rablement r\u00e9duite et une dur\u00e9e de vie bien plus longue.\t\t\t\t\t<\/li>\n<li class=\"product-features__item-list__item\" role=\"listitem\"><span class=\"is--medium\">Emplacement de l&rsquo;\u00e9clairage :<\/span> fond\t\t\t\t\t<\/li>\n<li class=\"product-features__item-list__item\" role=\"listitem\"><span class=\"is--medium\">Nombre de lampe(s) :<\/span> 1\t\t\t\t\t<\/li>\n<li class=\"product-features__item-list__item\" role=\"listitem\"><span class=\"is--medium\">Puissance d&rsquo;\u00e9clairage :<\/span> 7 W\t\t\t\t\t<\/li>\n<li class=\"product-features__item-list__item\" role=\"listitem\"><span class=\"is--medium\">Intensit\u00e9 lumineuse :<\/span> 141 lux, plus le nombre de lux est \u00e9lev\u00e9, plus la zone est lumineuse.\t\t\t\t\t<\/li>\n<li class=\"product-features__item-list__item\" role=\"listitem\"><span class=\"is--medium\">Temp\u00e9rature de la couleur :<\/span> 4000 K, mesure la teinte de la lumi\u00e8re \u00e9mise par une source lumineuse. Plus la valeur est basse, plus la lumi\u00e8re est chaude (jaune\/orang\u00e9), tandis qu&rsquo;une valeur \u00e9lev\u00e9e correspond \u00e0 une lumi\u00e8re plus froide (bleut\u00e9e\/blanche).\t\t\t\t\t<\/li>\n<\/ul>\n<\/li>\n<li class=\"product-features__item\" role=\"listitem\">\n<h3 class=\"product-features__label\">La filtration de votre hotte<\/h3>\n<ul role=\"list\">\n<li class=\"product-features__item-list__item\" role=\"listitem\"><span class=\"is--medium\">Filtre \u00e0 graisse :<\/span> oui, pi\u00e8ge les particules de graisse pr\u00e9sentes dans les vapeurs de cuisson, emp\u00eachant ainsi leur accumulation dans la hotte et les conduits. Cela maintient la hotte propre et prolonge sa dur\u00e9e de vie, tout en assurant une meilleure qualit\u00e9 de l&rsquo;air dans la cuisine.\t\t\t\t\t<\/li>\n<li class=\"product-features__item-list__item\" role=\"listitem\"><span class=\"is--medium\">Nombre de filtre \u00e0 graisse :<\/span> 2\t\t\t\t\t<\/li>\n<li class=\"product-features__item-list__item\" role=\"listitem\"><span class=\"is--medium\">Filtre \u00e0 graisse lavable au lave-vaisselle :<\/span> oui, offre une maintenance facile et \u00e9conomique. Il peut \u00eatre simplement retir\u00e9 et nettoy\u00e9 au lave-vaisselle, permettant ainsi un entretien r\u00e9gulier sans effort.\t\t\t\t\t<\/li>\n<li class=\"product-features__item-list__item\" role=\"listitem\"><span class=\"is--medium\">Filtre \u00e0 charbon :<\/span> en option, absorbe efficacement les odeurs de cuisson, en filtrant les particules malodorantes avant de recirculer l&rsquo;air purifi\u00e9 dans la cuisine.\t\t\t\t\t<\/li>\n<li class=\"product-features__item-list__item\" role=\"listitem\"><span class=\"is--medium\">Nombre de filtre \u00e0 charbon :<\/span> 2\t\t\t\t\t<\/li>\n<li class=\"product-features__item-list__item\" role=\"listitem\"><span class=\"is--medium\">Renouvellement du filtre \u00e0 charbon :<\/span> Boulanger vous conseille de changer le(s) filtre(s) \u00e0 charbon lorsque celui-ci est satur\u00e9, g\u00e9n\u00e9ralement tous les 6 \u00e0 12 mois selon l&rsquo;utilisation. Un filtre satur\u00e9 perd en efficacit\u00e9 pour \u00e9liminer les odeurs de cuisson, donc son remplacement garantit une purification optimale de l&rsquo;air.\t\t\t\t\t<\/li>\n<li class=\"product-features__item-list__item\" role=\"listitem\"><span class=\"is--medium\">Clapet anti-retour :<\/span> oui, emp\u00eache le retour des mauvaises odeurs ou des courants d&rsquo;air ind\u00e9sirables dans la cuisine.\t\t\t\t\t<\/li>\n<li class=\"product-features__item-list__item\" role=\"listitem\"><span class=\"is--medium\">Kit \u00e9vacuation fournis :<\/span> non\t\t\t\t\t<\/li>\n<li class=\"product-features__item-list__item\" role=\"listitem\"><span class=\"is--medium\">Kit recyclage fournis :<\/span> non\t\t\t\t\t<\/li>\n<\/ul>\n<\/li>\n<li class=\"product-features__item\" role=\"listitem\">\n<h3 class=\"product-features__label\">Informations compl\u00e9mentaires<\/h3>\n<ul role=\"list\">\n<li class=\"product-features__item-list__item\" role=\"listitem\"><span class=\"is--medium\">Garantie :<\/span> 2 ans\t\t\t\t\t<\/li>\n<li class=\"product-features__item-list__item\" role=\"listitem\"><span class=\"is--medium\">Fabriqu\u00e9 en :<\/span> Italie\t\t\t\t\t<\/li>\n<li class=\"product-features__item-list__item\" role=\"listitem\"><span class=\"is--medium\">Disponibilit\u00e9 des pi\u00e8ces d\u00e9tach\u00e9es (donn\u00e9es fournisseur) :<\/span> Pendant 5 ans, \u00e0 compter de la date de fabrication\t\t\t\t\t<\/li>\n<\/ul>\n<\/li>\n<\/ul>\n<\/div>\n<div class=\"product__disclosure-content\">\n<div class=\"js-read-more product-description__content read-more read-more--truncated\" data-read-more-name=\"description\" style=\"max-height: 500px; overflow: hidden;\">\n<p>La hotte tiroir ELICA GLASSOUT IX\/A\/90 allie puissance et design dans un mod\u00e8le discret mais efficace. Elle \u00e9liminera les fum\u00e9es et les odeurs dans votre cuisine, afin de garantir un air plus sain. Avec sa largeur standard de 90 cm, elle s&rsquo;int\u00e9grera facilement dans le mobilier de cuisine. <\/p>\n<h3><img fetchpriority=\"high\" decoding=\"async\" ,=\"\" alt=\"Hotte Sp\u00e9c ELICA GLASSOUT IX\/A\/90\" class=\"wy_tableau_gauche\" height=\"270\" src=\"https:\/\/boulanger.scene7.com\/is\/image\/Boulanger\/8020283039971_h_f_l_0?wid=400&amp;hei=270\" width=\"400\"\/>Une hotte puissante pour une cuisine plus saine<\/h3>\n<p>Avec la hotte ELICA GLASSOUT IX\/A\/90, d\u00e9barrassez-vous des r\u00e9sidus graisseux, des fum\u00e9es et des odeurs qui peuvent envahir votre cuisine. Elle poss\u00e8de un <b>d\u00e9bit de traitement de l&rsquo;air allant de 500 \u00e0 700 m3\/h<\/b>. Elle pourra donc traiter et assainir l&rsquo;air des cuisines avec une <b>surface jusqu&rsquo;\u00e0 23 m\u00b2<\/b>.<\/p>\n<p>La hotte ELICA GLASSOUT IX\/A\/90 est \u00e9quip\u00e9e d&rsquo;un <b>tiroir t\u00e9lescopique<\/b>, qui lui fait gagner en surface d&rsquo;aspiration. Elle peut ainsi retenir davantage de graisses et d&rsquo;odeurs au-dessus de la zone de cuisson.  Vous pouvez moduler la puissance d&rsquo;aspiration en fonction de vos besoins, \u00e0 l&rsquo;aide des <b>4 vitesses<\/b> accessibles depuis le <b>panneau de commande tactile<\/b>.<\/p>\n<h3><img decoding=\"async\" ,=\"\" alt=\"Hotte Sp\u00e9c ELICA GLASSOUT IX\/A\/90\" class=\"wy_tableau_right\" height=\"270\" src=\"https:\/\/boulanger.scene7.com\/is\/image\/Boulanger\/8020283039971_h_f_l_1?wid=400&amp;hei=270\" width=\"400\"\/>Discr\u00e9tion et facilit\u00e9 d&rsquo;installation<\/h3>\n<p>Avec ses lignes \u00e9pur\u00e9es et son design tr\u00e8s moderne, la hotte ELICA GLASSOUT IX\/A\/90 se fond dans le d\u00e9cor de la cuisine. Tr\u00e8s discr\u00e8te, elle est dot\u00e9e d&rsquo;une <b>visi\u00e8re r\u00e9tractable qui disparait en position off<\/b>. Sa <b>dimension standard de 90 cm<\/b> en fait un appareil tr\u00e8s facile \u00e0 installer.<\/p>\n<p>La hotte ELICA GLASSOUT IX\/A\/90 fonctionne avec un <b>syst\u00e8me d&rsquo;extraction<\/b>. L&rsquo;air aspir\u00e9 est rejet\u00e9 \u00e0 l&rsquo;ext\u00e9rieur, par un conduit d&rsquo;\u00e9vacuation et elle n&rsquo;a besoin que du filtre anti-graisse en inox pour \u00e9viter que le conduit ne s&rsquo;encrasse. Le <b>bandeau LED<\/b> s&rsquo;av\u00e8re tr\u00e8s pratique pour cuisiner et son <b>volume sonore de seulement 61 dB<\/b> ajoute \u00e0 son confort d&rsquo;utilisation. <\/p>\n<\/p>\n<\/div>\n<p><bl-button a11yexpanded=\"false\" arialabel=\"Afficher toute la description\" class=\"read-more__btn\" full=\"false\" link=\"true\">Voir plus<\/bl-button><\/div>","protected":false},"excerpt":{"rendered":"<div class=\"keypoints\">\n<h3 class=\"keypoints__title\">Les points cl\u00e9s<\/h3>\n<ul role=\"list\">\n<li class=\"keypoints__item\" role=\"listitem\">                          Type de hotte : : tiroir &#8211;                                                      \u00e9vacuation et recyclage                      <\/li>\n<li class=\"keypoints__item\" role=\"listitem\">                                        Largeur : 90 cm, pour une zone de cuisson allant jusqu&rsquo;\u00e0 90 cm de largueur.                      <\/li>\n<li class=\"keypoints__item\" role=\"listitem\">                          D\u00e9bit d&rsquo;air maxi : 425 &#8211;                                                      id\u00e9al pour une cuisine de 20m\u00b2.                      <\/li>\n<li class=\"keypoints__item\" role=\"listitem\">                                        Niveau sonore mesur\u00e9 en d\u00e9cibels (pr\u00e9sent sur le Label Energie) : 61                      <\/li>\n<li class=\"keypoints__item keypoints__item--advantage\" role=\"listitem\"><strong>Le + :<\/strong> discr\u00e8te avec sa visi\u00e8re r\u00e9tractable qui dispara\u00eet en position off, mais tr\u00e8s efficace      <\/li>\n<\/ul>","protected":false},"featured_media":25641,"template":"","meta":{"_glsr_average":0,"_glsr_ranking":0,"_glsr_reviews":0},"product_cat":[240],"product_tag":[131,236,241],"class_list":{"0":"post-38349","1":"product","2":"type-product","3":"status-publish","4":"has-post-thumbnail","6":"product_cat-hotte-tiroir-escamotable","7":"product_tag-gros-electromenager","8":"product_tag-hotte-aspirante","9":"product_tag-hotte-tiroir-escamotable","11":"first","12":"instock","13":"sale","14":"shipping-taxable","15":"purchasable","16":"product-type-simple"},"_links":{"self":[{"href":"https:\/\/electromenagerexpress.com\/en\/wp-json\/wp\/v2\/product\/38349","targetHints":{"allow":["GET"]}}],"collection":[{"href":"https:\/\/electromenagerexpress.com\/en\/wp-json\/wp\/v2\/product"}],"about":[{"href":"https:\/\/electromenagerexpress.com\/en\/wp-json\/wp\/v2\/types\/product"}],"wp:featuredmedia":[{"embeddable":true,"href":"https:\/\/electromenagerexpress.com\/en\/wp-json\/wp\/v2\/media\/25641"}],"wp:attachment":[{"href":"https:\/\/electromenagerexpress.com\/en\/wp-json\/wp\/v2\/media?parent=38349"}],"wp:term":[{"taxonomy":"product_cat","embeddable":true,"href":"https:\/\/electromenagerexpress.com\/en\/wp-json\/wp\/v2\/product_cat?post=38349"},{"taxonomy":"product_tag","embeddable":true,"href":"https:\/\/electromenagerexpress.com\/en\/wp-json\/wp\/v2\/product_tag?post=38349"}],"curies":[{"name":"wp","href":"https:\/\/api.w.org\/{rel}","templated":true}]}}