{"id":38286,"date":"2024-11-21T14:48:01","date_gmt":"2024-11-21T14:48:01","guid":{"rendered":"https:\/\/electromenagerexpress.com\/product\/moteur-de-hottemieleablg-202\/"},"modified":"2024-11-21T14:48:02","modified_gmt":"2024-11-21T14:48:02","slug":"moteur-de-hottemieleablg-202","status":"publish","type":"product","link":"https:\/\/electromenagerexpress.com\/en\/product\/moteur-de-hottemieleablg-202\/","title":{"rendered":"Moteur de hotte\t\t\t\t\t\t\tMIELE\t\t\t\tABLG 202"},"content":{"rendered":"<div class=\"product-features__content\">\n<ul role=\"list\">\n<li class=\"product-features__item\" role=\"listitem\">\n<h3 class=\"product-features__label\">Bien choisir sa hotte<\/h3>\n<ul role=\"list\">\n<li class=\"product-features__item-list__item\" role=\"listitem\"><span class=\"is--medium\">D\u00e9couvrez la hotte aspirante parfaite pour votre cuisine :<\/span> <a href=\"https:\/\/www.boulanger.com\/guide\/choisir-hotte\" target=\"_blank\"><u>avec notre guide d&rsquo;achat<\/u><\/a> et nos conseils d&rsquo;experts, trouvez le mod\u00e8le id\u00e9al qui r\u00e9pond \u00e0 vos besoins en termes de style, de performance et de budget.\t\t\t\t\t<\/li>\n<li class=\"product-features__item-list__item\" role=\"listitem\"><span class=\"is--medium\">Choisir la bonne largeur :<\/span> pour une extraction efficace, la hotte doit \u00eatre au moins aussi large que la table de cuisson. De plus, en choisissant la bonne largeur, vous \u00e9vitez les d\u00e9p\u00f4ts de graisse sur la cr\u00e9dence et les murs de la cuisine.\t\t\t\t\t<\/li>\n<li class=\"product-features__item-list__item\" role=\"listitem\"><span class=\"is--medium\">Bien la placer :<\/span> la distance minimale entre la plaque de cuisson et la hotte est de 55 cm pour l&rsquo;\u00e9lectrique et 65 cm pour le gaz. Cependant, ne d\u00e9passez pas 80 cm pour garantir une aspiration efficace des vapeurs de cuisson.\t\t\t\t\t<\/li>\n<li class=\"product-features__item-list__item\" role=\"listitem\"><span class=\"is--medium\">Choisir la bonne puissance :<\/span> dans une cuisine ouverte, o\u00f9 l&rsquo;air circule dans le salon, optez toujours pour une hotte aspirante d&rsquo;au moins 600 m\u00b3\/h pour garantir une efficacit\u00e9 optimale. Pour une cuisine ferm\u00e9e, multipliez le volume (L x l x H) par 12 pour obtenir la capacit\u00e9 d&rsquo;aspiration n\u00e9cessaire.\t\t\t\t\t<\/li>\n<\/ul>\n<\/li>\n<li class=\"product-features__item\" role=\"listitem\">\n<h3 class=\"product-features__label\">Les fonctionnalit\u00e9s de votre hotte<\/h3>\n<ul role=\"list\">\n<li class=\"product-features__item-list__item\" role=\"listitem\"><span class=\"is--medium\">Type de hotte :<\/span> moteur seul, offre une personnalisation optimale. Vous pouvez choisir un moteur adapt\u00e9 \u00e0 vos besoins en termes de puissance et de niveau sonore, tout en \u00e9conomisant sur les co\u00fbts de remplacement en cas de panne, pr\u00e9servant ainsi l&rsquo;investissement initial dans la hotte.\t\t\t\t\t<\/li>\n<li class=\"product-features__item-list__item\" role=\"listitem\"><span class=\"is--medium\">Autre compatibilit\u00e9 de type de hotte :<\/span> moteur seul, offre une personnalisation optimale. Vous pouvez choisir un moteur adapt\u00e9 \u00e0 vos besoins en termes de puissance et de niveau sonore, tout en \u00e9conomisant sur les co\u00fbts de remplacement en cas de panne, pr\u00e9servant ainsi l&rsquo;investissement initial dans la hotte.\t\t\t\t\t<\/li>\n<\/ul>\n<\/li>\n<li class=\"product-features__item\" role=\"listitem\">\n<h3 class=\"product-features__label\">Puissance de la hotte<\/h3>\n<ul role=\"list\">\n<li class=\"product-features__item-list__item\" role=\"listitem\"><span class=\"is--medium\">Nombre de moteur inclus :<\/span> 1\t\t\t\t\t<\/li>\n<li class=\"product-features__item-list__item\" role=\"listitem\"><span class=\"is--medium\">Moteur d\u00e9centralis\u00e9 :<\/span> oui, offre une solution silencieuse et puissante, lib\u00e9rant de l&rsquo;espace et permettant une installation flexible. Le moteur d\u00e9centralis\u00e9 garantit une extraction efficace des vapeurs de cuisson tout en r\u00e9duisant le bruit, am\u00e9liorant ainsi le confort et la fonctionnalit\u00e9 de la cuisine.\t\t\t\t\t<\/li>\n<li class=\"product-features__item-list__item\" role=\"listitem\"><span class=\"is--medium\">Puissance totale du (des) moteur(s) :<\/span> 900 W\t\t\t\t\t<\/li>\n<li class=\"product-features__item-list__item\" role=\"listitem\"><span class=\"is--medium\">Type de moteur :<\/span> classique, offre une performance fiable et \u00e9prouv\u00e9e. Leur conception simple et robuste garantit une extraction efficace des vapeurs de cuisson, assurant ainsi un environnement de cuisine propre et confortable. Il est g\u00e9n\u00e9ralement plus abordable, une solution \u00e9conomique sans compromis sur la qualit\u00e9.\t\t\t\t\t<\/li>\n<\/ul>\n<\/li>\n<li class=\"product-features__item\" role=\"listitem\">\n<h3 class=\"product-features__label\">Informations compl\u00e9mentaires<\/h3>\n<ul role=\"list\">\n<li class=\"product-features__item-list__item\" role=\"listitem\"><span class=\"is--medium\">Garantie :<\/span> 2 ans\t\t\t\t\t<\/li>\n<li class=\"product-features__item-list__item\" role=\"listitem\"><span class=\"is--medium\">Fabriqu\u00e9 en :<\/span> Allemagne\t\t\t\t\t<\/li>\n<li class=\"product-features__item-list__item\" role=\"listitem\"><span class=\"is--medium\">Disponibilit\u00e9 des pi\u00e8ces d\u00e9tach\u00e9es (donn\u00e9es fournisseur) :<\/span> Pendant 15 ans\t\t\t\t\t<\/li>\n<\/ul>\n<\/li>\n<\/ul>\n<\/div>\n<div class=\"product__disclosure-content\">\n<div class=\"js-read-more product-description__content read-more read-more--truncated\" data-read-more-name=\"description\" style=\"max-height: 500px; overflow: hidden;\">\n<div class=\"product__description-content read-more\" style=\"\">\n<p>Moteur MIELE ABLG 202 : Performance et Flexibilit\u00e9 pour votre Cuisine<\/p>\n<h3> <img fetchpriority=\"high\" decoding=\"async\" ,=\"\" alt=\"Moteur MIELE ABLG 202\" class=\"wy_tableau_gauche\" height=\"270\" src=\"https:\/\/boulanger.scene7.com\/is\/image\/Boulanger\/4002513519419_h_f_l_0?wid=400&amp;hei=270\" width=\"400\"\/>Conception Innovante et Polyvalence                    <\/h3>\n<p>                        Le Moteur MIELE ABLG 202 se distingue par sa capacit\u00e9 \u00e0 \u00eatre pos\u00e9 librement en int\u00e9rieur, offrant ainsi une flexibilit\u00e9 sans pr\u00e9c\u00e9dent dans l&rsquo;am\u00e9nagement de votre espace cuisine. Gr\u00e2ce \u00e0 son design ing\u00e9nieux, ce moteur externe permet le d\u00e9placement de la soufflante dans une pi\u00e8ce s\u00e9par\u00e9e, r\u00e9duisant de ce fait le bruit dans la zone de cuisson. Dot\u00e9 d&rsquo;un ventilateur aspirant efficace des deux c\u00f4t\u00e9s, il assure une extraction optimale des vapeurs et des odeurs, contribuant \u00e0 un environnement de cuisine plus agr\u00e9able et sain.                    <\/p>\n<\/p>\n<h3> <img decoding=\"async\" ,=\"\" alt=\"Moteur MIELE ABLG 202\" class=\"wy_tableau_right\" height=\"270\" src=\"https:\/\/boulanger.scene7.com\/is\/image\/Boulanger\/4002513519419_h_f_l_1?wid=400&amp;hei=270\" width=\"400\"\/>Puissance d&rsquo;Aspiration et Installation Facile                    <\/h3>\n<p>                        Avec une puissance d&rsquo;aspiration impressionnante, le d\u00e9bit de rejet d&rsquo;air du Moteur MIELE ABLG 202 varie de 280 \u00e0 900 m3\/h, garantissant ainsi l&rsquo;\u00e9limination rapide et efficace des vapeurs de cuisson. Le moteur est con\u00e7u pour se raccorder ais\u00e9ment \u00e0 votre hotte via une fiche de couplage, simplifiant l&rsquo;installation et la mise en service. De plus, il est compatible avec des raccords d&rsquo;\u00e9vacuation d&rsquo;air de 125\/150 mm de diam\u00e8tre, offrant une adaptabilit\u00e9 \u00e0 diverses configurations de cuisine tout en assurant une performance de ventilation de haut niveau.                    <\/p>\n<\/p><\/div>\n<\/p>\n<\/div>\n<p><bl-button a11yexpanded=\"false\" arialabel=\"Afficher toute la description\" class=\"read-more__btn\" full=\"false\" link=\"true\"><\/bl-button><\/div>","protected":false},"excerpt":{"rendered":"<div class=\"keypoints\">\n<h3 class=\"keypoints__title\">Les points cl\u00e9s<\/h3>\n<ul role=\"list\">\n<li class=\"keypoints__item\" role=\"listitem\">                          Type de hotte : : moteur seul &#8211;                                                      moteur seul                      <\/li>\n<li class=\"keypoints__item\" role=\"listitem\">                                        D\u00e9bit d&rsquo;air maxi : 900                      <\/li>\n<li class=\"keypoints__item keypoints__item--advantage\" role=\"listitem\"><strong>Le + :<\/strong> Moteur d\u00e9port\u00e9 pour hotte Miele d\u00e9bit 280 \u00e0 900 m3\/h      <\/li>\n<\/ul>","protected":false},"featured_media":25251,"template":"","meta":{"_glsr_average":0,"_glsr_ranking":0,"_glsr_reviews":0},"product_cat":[234],"product_tag":[131,236],"class_list":{"0":"post-38286","1":"product","2":"type-product","3":"status-publish","4":"has-post-thumbnail","6":"product_cat-hotte-aspirante","7":"product_tag-gros-electromenager","8":"product_tag-hotte-aspirante","10":"first","11":"instock","12":"sale","13":"shipping-taxable","14":"purchasable","15":"product-type-simple"},"_links":{"self":[{"href":"https:\/\/electromenagerexpress.com\/en\/wp-json\/wp\/v2\/product\/38286","targetHints":{"allow":["GET"]}}],"collection":[{"href":"https:\/\/electromenagerexpress.com\/en\/wp-json\/wp\/v2\/product"}],"about":[{"href":"https:\/\/electromenagerexpress.com\/en\/wp-json\/wp\/v2\/types\/product"}],"wp:featuredmedia":[{"embeddable":true,"href":"https:\/\/electromenagerexpress.com\/en\/wp-json\/wp\/v2\/media\/25251"}],"wp:attachment":[{"href":"https:\/\/electromenagerexpress.com\/en\/wp-json\/wp\/v2\/media?parent=38286"}],"wp:term":[{"taxonomy":"product_cat","embeddable":true,"href":"https:\/\/electromenagerexpress.com\/en\/wp-json\/wp\/v2\/product_cat?post=38286"},{"taxonomy":"product_tag","embeddable":true,"href":"https:\/\/electromenagerexpress.com\/en\/wp-json\/wp\/v2\/product_tag?post=38286"}],"curies":[{"name":"wp","href":"https:\/\/api.w.org\/{rel}","templated":true}]}}