{"id":38252,"date":"2024-11-21T14:46:53","date_gmt":"2024-11-21T14:46:53","guid":{"rendered":"https:\/\/electromenagerexpress.com\/product\/hotte-decorative-ilotfabercomfort-ilot-x-a90\/"},"modified":"2024-11-21T14:46:54","modified_gmt":"2024-11-21T14:46:54","slug":"hotte-decorative-ilotfabercomfort-ilot-x-a90","status":"publish","type":"product","link":"https:\/\/electromenagerexpress.com\/en\/product\/hotte-decorative-ilotfabercomfort-ilot-x-a90\/","title":{"rendered":"Hotte d\u00e9corative \u00eelot\t\t\t\t\t\t\tFABER\t\t\t\tCOMFORT ILOT X A90"},"content":{"rendered":"<div class=\"product-features__content\">\n<ul role=\"list\">\n<li class=\"product-features__item\" role=\"listitem\">\n<h3 class=\"product-features__label\">Bien choisir sa hotte<\/h3>\n<ul role=\"list\">\n<li class=\"product-features__item-list__item\" role=\"listitem\"><span class=\"is--medium\">D\u00e9couvrez la hotte aspirante parfaite pour votre cuisine :<\/span> <a href=\"https:\/\/www.boulanger.com\/guide\/choisir-hotte\" target=\"_blank\"><u>avec notre guide d&rsquo;achat<\/u><\/a> et nos conseils d&rsquo;experts, trouvez le mod\u00e8le id\u00e9al qui r\u00e9pond \u00e0 vos besoins en termes de style, de performance et de budget.\t\t\t\t\t<\/li>\n<li class=\"product-features__item-list__item\" role=\"listitem\"><span class=\"is--medium\">Choisir la bonne largeur :<\/span> pour une extraction efficace, la hotte doit \u00eatre au moins aussi large que la table de cuisson. De plus, en choisissant la bonne largeur, vous \u00e9vitez les d\u00e9p\u00f4ts de graisse sur la cr\u00e9dence et les murs de la cuisine.\t\t\t\t\t<\/li>\n<li class=\"product-features__item-list__item\" role=\"listitem\"><span class=\"is--medium\">Bien la placer :<\/span> la distance minimale entre la plaque de cuisson et la hotte est de 55 cm pour l&rsquo;\u00e9lectrique et 65 cm pour le gaz. Cependant, ne d\u00e9passez pas 80 cm pour garantir une aspiration efficace des vapeurs de cuisson.\t\t\t\t\t<\/li>\n<li class=\"product-features__item-list__item\" role=\"listitem\"><span class=\"is--medium\">Choisir la bonne puissance :<\/span> dans une cuisine ouverte, o\u00f9 l&rsquo;air circule dans le salon, optez toujours pour une hotte aspirante d&rsquo;au moins 600 m\u00b3\/h pour garantir une efficacit\u00e9 optimale. Pour une cuisine ferm\u00e9e, multipliez le volume (L x l x H) par 12 pour obtenir la capacit\u00e9 d&rsquo;aspiration n\u00e9cessaire.\t\t\t\t\t<\/li>\n<\/ul>\n<\/li>\n<li class=\"product-features__item\" role=\"listitem\">\n<h3 class=\"product-features__label\">Les fonctionnalit\u00e9s de votre hotte<\/h3>\n<ul role=\"list\">\n<li class=\"product-features__item-list__item\" role=\"listitem\"><span class=\"is--medium\">Type de hotte :<\/span> ilot, ajoute une touche esth\u00e9tique moderne \u00e0 la cuisine, lib\u00e9rant l&rsquo;espace mural et offrant une extraction efficace des fum\u00e9es et odeurs de cuisson. Elle cr\u00e9e un point \u00e9l\u00e9gant et fonctionnel au-dessus de l&rsquo;\u00eelot de cuisson, am\u00e9liorant ainsi l&rsquo;exp\u00e9rience culinaire et le design global de la cuisine.\t\t\t\t\t<\/li>\n<li class=\"product-features__item-list__item\" role=\"listitem\"><span class=\"is--medium\">Syst\u00e8me d&rsquo;aspiration :<\/span> \u00e9vacuation et recyclage, optez pour la polyvalence ! Expulsez efficacement les vapeurs vers l&rsquo;ext\u00e9rieur ou offrez-vous la possibilit\u00e9 de purifier l&rsquo;air gr\u00e2ce \u00e0 un syst\u00e8me de filtration avanc\u00e9. Profitez d&rsquo;une cuisine propre et fra\u00eeche, quel que soit votre syst\u00e8me d&rsquo;aspiration !\t\t\t\t\t<\/li>\n<li class=\"product-features__item-list__item\" role=\"listitem\"><span class=\"is--medium\">Type d&rsquo;aspiration :<\/span> standard, con\u00e7u pour aspirer efficacement les vapeurs et les odeurs directement de la zone de cuisson. Profitez d&rsquo;une cuisine fra\u00eeche et propre gr\u00e2ce \u00e0 une filtration avanc\u00e9e !\t\t\t\t\t<\/li>\n<li class=\"product-features__item-list__item\" role=\"listitem\"><span class=\"is--medium\">Largeur :<\/span> 90 cm, pour une zone de cuisson allant jusqu&rsquo;\u00e0 90 cm de largueur.\t\t\t\t\t<\/li>\n<li class=\"product-features__item-list__item\" role=\"listitem\"><span class=\"is--medium\">Coloris :<\/span> inox\t\t\t\t\t<\/li>\n<\/ul>\n<\/li>\n<li class=\"product-features__item\" role=\"listitem\">\n<h3 class=\"product-features__label\">Puissance de la hotte<\/h3>\n<ul role=\"list\">\n<li class=\"product-features__item-list__item\" role=\"listitem\"><span class=\"is--medium\">Nombre de moteur inclus :<\/span> 1\t\t\t\t\t<\/li>\n<li class=\"product-features__item-list__item\" role=\"listitem\"><span class=\"is--medium\">Puissance totale du (des) moteur(s) :<\/span> 250 W\t\t\t\t\t<\/li>\n<li class=\"product-features__item-list__item\" role=\"listitem\"><span class=\"is--medium\">Type de moteur :<\/span> classique, offre une performance fiable et \u00e9prouv\u00e9e. Leur conception simple et robuste garantit une extraction efficace des vapeurs de cuisson, assurant ainsi un environnement de cuisine propre et confortable. Il est g\u00e9n\u00e9ralement plus abordable, une solution \u00e9conomique sans compromis sur la qualit\u00e9.\t\t\t\t\t<\/li>\n<\/ul>\n<\/li>\n<li class=\"product-features__item\" role=\"listitem\">\n<h3 class=\"product-features__label\">Les commandes de votre hotte<\/h3>\n<ul role=\"list\">\n<li class=\"product-features__item-list__item\" role=\"listitem\"><span class=\"is--medium\">Type de selecteur :<\/span> bouton poussoir\t\t\t\t\t<\/li>\n<li class=\"product-features__item-list__item\" role=\"listitem\"><span class=\"is--medium\">Emplacement :<\/span> facade\t\t\t\t\t<\/li>\n<li class=\"product-features__item-list__item\" role=\"listitem\"><span class=\"is--medium\">Nombre de vitesse d&rsquo;aspiration :<\/span> 3, permet un contr\u00f4le pr\u00e9cis de l&rsquo;extraction d&rsquo;air, s&rsquo;adaptant aux diff\u00e9rentes intensit\u00e9s de cuisson. Il offre une flexibilit\u00e9 pour ajuster la puissance selon les besoins, r\u00e9duisant le bruit et la consommation d&rsquo;\u00e9nergie lorsqu&rsquo;une extraction moindre est suffisante.\t\t\t\t\t<\/li>\n<li class=\"product-features__item-list__item\" role=\"listitem\"><span class=\"is--medium\">T\u00e9moins lumineux de mise sous tension :<\/span> oui, offre une indication visuelle claire de son fonctionnement, assurant une utilisation intuitive.\t\t\t\t\t<\/li>\n<\/ul>\n<\/li>\n<li class=\"product-features__item\" role=\"listitem\">\n<h3 class=\"product-features__label\">L&rsquo;\u00e9clairage de votre hotte<\/h3>\n<ul role=\"list\">\n<li class=\"product-features__item-list__item\" role=\"listitem\"><span class=\"is--medium\">Lampe :<\/span> oui, offre une visibilit\u00e9 accrue sur la zone de cuisson, facilitant la pr\u00e9paration des repas. Il cr\u00e9e une ambiance agr\u00e9able dans la cuisine et met en valeur le plan de travail, ajoutant une touche esth\u00e9tique.\t\t\t\t\t<\/li>\n<li class=\"product-features__item-list__item\" role=\"listitem\"><span class=\"is--medium\">Type d&rsquo;\u00e9clairage :<\/span> LED, offre une luminosit\u00e9 \u00e9quivalente voire sup\u00e9rieure aux halog\u00e8nes, avec une consommation d&rsquo;\u00e9nergie consid\u00e9rablement r\u00e9duite et une dur\u00e9e de vie bien plus longue.\t\t\t\t\t<\/li>\n<li class=\"product-features__item-list__item\" role=\"listitem\"><span class=\"is--medium\">Emplacement de l&rsquo;\u00e9clairage :<\/span> cot\u00e9 gauche et droit\t\t\t\t\t<\/li>\n<li class=\"product-features__item-list__item\" role=\"listitem\"><span class=\"is--medium\">Nombre de lampe(s) :<\/span> 4\t\t\t\t\t<\/li>\n<li class=\"product-features__item-list__item\" role=\"listitem\"><span class=\"is--medium\">Puissance d&rsquo;\u00e9clairage :<\/span> 1 W\t\t\t\t\t<\/li>\n<li class=\"product-features__item-list__item\" role=\"listitem\"><span class=\"is--medium\">Intensit\u00e9 lumineuse :<\/span> 68 lux, plus le nombre de lux est \u00e9lev\u00e9, plus la zone est lumineuse.\t\t\t\t\t<\/li>\n<li class=\"product-features__item-list__item\" role=\"listitem\"><span class=\"is--medium\">Temp\u00e9rature de la couleur :<\/span> 3000 K, mesure la teinte de la lumi\u00e8re \u00e9mise par une source lumineuse. Plus la valeur est basse, plus la lumi\u00e8re est chaude (jaune\/orang\u00e9), tandis qu&rsquo;une valeur \u00e9lev\u00e9e correspond \u00e0 une lumi\u00e8re plus froide (bleut\u00e9e\/blanche).\t\t\t\t\t<\/li>\n<\/ul>\n<\/li>\n<li class=\"product-features__item\" role=\"listitem\">\n<h3 class=\"product-features__label\">La filtration de votre hotte<\/h3>\n<ul role=\"list\">\n<li class=\"product-features__item-list__item\" role=\"listitem\"><span class=\"is--medium\">Filtre \u00e0 graisse :<\/span> oui, pi\u00e8ge les particules de graisse pr\u00e9sentes dans les vapeurs de cuisson, emp\u00eachant ainsi leur accumulation dans la hotte et les conduits. Cela maintient la hotte propre et prolonge sa dur\u00e9e de vie, tout en assurant une meilleure qualit\u00e9 de l&rsquo;air dans la cuisine.\t\t\t\t\t<\/li>\n<li class=\"product-features__item-list__item\" role=\"listitem\"><span class=\"is--medium\">Nombre de filtre \u00e0 graisse :<\/span> 3\t\t\t\t\t<\/li>\n<li class=\"product-features__item-list__item\" role=\"listitem\"><span class=\"is--medium\">Filtre \u00e0 graisse lavable au lave-vaisselle :<\/span> oui, offre une maintenance facile et \u00e9conomique. Il peut \u00eatre simplement retir\u00e9 et nettoy\u00e9 au lave-vaisselle, permettant ainsi un entretien r\u00e9gulier sans effort.\t\t\t\t\t<\/li>\n<li class=\"product-features__item-list__item\" role=\"listitem\"><span class=\"is--medium\">Filtre \u00e0 charbon :<\/span> en option, absorbe efficacement les odeurs de cuisson, en filtrant les particules malodorantes avant de recirculer l&rsquo;air purifi\u00e9 dans la cuisine.\t\t\t\t\t<\/li>\n<li class=\"product-features__item-list__item\" role=\"listitem\"><span class=\"is--medium\">Nombre de filtre \u00e0 charbon :<\/span> 1\t\t\t\t\t<\/li>\n<li class=\"product-features__item-list__item\" role=\"listitem\"><span class=\"is--medium\">Renouvellement du filtre \u00e0 charbon :<\/span> Boulanger vous conseille de changer le(s) filtre(s) \u00e0 charbon lorsque celui-ci est satur\u00e9, g\u00e9n\u00e9ralement tous les 6 \u00e0 12 mois selon l&rsquo;utilisation. Un filtre satur\u00e9 perd en efficacit\u00e9 pour \u00e9liminer les odeurs de cuisson, donc son remplacement garantit une purification optimale de l&rsquo;air.\t\t\t\t\t<\/li>\n<li class=\"product-features__item-list__item\" role=\"listitem\"><span class=\"is--medium\">Kit \u00e9vacuation fournis :<\/span> non\t\t\t\t\t<\/li>\n<li class=\"product-features__item-list__item\" role=\"listitem\"><span class=\"is--medium\">Kit recyclage fournis :<\/span> non\t\t\t\t\t<\/li>\n<\/ul>\n<\/li>\n<li class=\"product-features__item\" role=\"listitem\">\n<h3 class=\"product-features__label\">Informations compl\u00e9mentaires<\/h3>\n<ul role=\"list\">\n<li class=\"product-features__item-list__item\" role=\"listitem\"><span class=\"is--medium\">Garantie :<\/span> 2 ans\t\t\t\t\t<\/li>\n<li class=\"product-features__item-list__item\" role=\"listitem\"><span class=\"is--medium\">Fabriqu\u00e9 en :<\/span> Italie\t\t\t\t\t<\/li>\n<li class=\"product-features__item-list__item\" role=\"listitem\"><span class=\"is--medium\">Disponibilit\u00e9 des pi\u00e8ces d\u00e9tach\u00e9es (donn\u00e9es fournisseur) :<\/span> Pendant 10 ans, \u00e0 compter de la date de fabrication\t\t\t\t\t<\/li>\n<\/ul>\n<\/li>\n<\/ul>\n<\/div>\n<div class=\"product__disclosure-content\">\n<div class=\"js-read-more product-description__content read-more read-more--truncated\" data-read-more-name=\"description\" style=\"max-height: 500px; overflow: hidden;\">\n<div class=\"product__description-content read-more\" style=\"\">\n<p>Hotte d\u00e9corative \u00eelot FABER COMFORT ILOT X A90 : l&rsquo;alliance de l&rsquo;\u00e9l\u00e9gance et de la performance<\/p>\n<h3> <img fetchpriority=\"high\" decoding=\"async\" ,=\"\" alt=\"Hotte d\u00e9corative \u00eelot FABER COMFORT ILOT X A90\" class=\"wy_tableau_gauche\" height=\"270\" src=\"https:\/\/boulanger.scene7.com\/is\/image\/Boulanger\/7612985851084_h_f_l_0?wid=400&amp;hei=270\" width=\"400\"\/>Design raffin\u00e9 et fonctionnalit\u00e9s avanc\u00e9es                    <\/h3>\n<p>                        La Hotte d\u00e9corative \u00eelot FABER COMFORT ILOT X A90 se distingue par son design \u00e9l\u00e9gant qui s&rsquo;int\u00e8gre harmonieusement dans toute cuisine moderne. Disponible en inox ou en noir mat, elle apporte une touche de sophistication au-dessus de votre \u00eelot de cuisson. Elle est \u00e9quip\u00e9e d&rsquo;un moteur Evo, reconnu pour ses performances \u00e9nerg\u00e9tiques et sonores exceptionnelles, garantissant ainsi une ambiance agr\u00e9able dans votre espace culinaire. Les commandes \u00e9lectroniques offrent une simplicit\u00e9 d&rsquo;utilisation avec trois vitesses plus une fonction intensive, permettant d&rsquo;adapter la puissance d&rsquo;aspiration en fonction de vos besoins. L&rsquo;\u00e9clairage LED, avec quatre lampes de 1W chacune et une temp\u00e9rature de couleur de 3000 K, offre une visibilit\u00e9 optimale tout en \u00e9tant \u00e9conome en \u00e9nergie.                    <\/p>\n<\/p>\n<h3> <img decoding=\"async\" ,=\"\" alt=\"Hotte d\u00e9corative \u00eelot FABER COMFORT ILOT X A90\" class=\"wy_tableau_right\" height=\"270\" src=\"https:\/\/boulanger.scene7.com\/is\/image\/Boulanger\/7612985851084_h_f_l_2?wid=400&amp;hei=270\" width=\"400\"\/>Efficacit\u00e9 et facilit\u00e9 d&rsquo;installation                    <\/h3>\n<p>                        La Hotte FABER COMFORT ILOT X A90 est con\u00e7ue pour une efficacit\u00e9 maximale, avec un d\u00e9bit d&rsquo;aspiration allant jusqu&rsquo;\u00e0 710 m\u00b3\/h et un niveau sonore contenu entre 52 et 71 db(A). Elle est dot\u00e9e de trois filtres \u00e0 graisse en aluminium, assurant une filtration de qualit\u00e9, et d&rsquo;un filtre \u00e0 charbon disponible en option pour le mode de recyclage. Les dimensions compactes de la hotte, sans chemin\u00e9e, sont de 760 x 898 x 579 mm, et elle peut \u00eatre install\u00e9e en mode \u00e9vacuation ou recyclage, avec une hauteur de pose recommand\u00e9e de 500 mm au-dessus d&rsquo;une table \u00e0 induction et de 650 mm pour une cuisini\u00e8re \u00e0 gaz. La hotte inclut un cordon \u00e9lectrique avec prise EU, facilitant son installation. Avec un poids net de 26,6 kg et un diam\u00e8tre de sortie de \u00d8 150 mm, cette hotte est con\u00e7ue pour s&rsquo;int\u00e9grer parfaitement dans votre cuisine, offrant \u00e0 la fois style et fonctionnalit\u00e9.                    <\/p>\n<\/p><\/div>\n<\/p>\n<\/div>\n<p><bl-button a11yexpanded=\"false\" arialabel=\"Afficher toute la description\" class=\"read-more__btn\" full=\"false\" link=\"true\">Voir plus<\/bl-button><\/div>","protected":false},"excerpt":{"rendered":"<div class=\"keypoints\">\n<h3 class=\"keypoints__title\">Les points cl\u00e9s<\/h3>\n<ul role=\"list\">\n<li class=\"keypoints__item\" role=\"listitem\">                          Type de hotte : : ilot &#8211;                                                      \u00e9vacuation et recyclage                      <\/li>\n<li class=\"keypoints__item\" role=\"listitem\">                                        Largeur : 90 cm, pour une zone de cuisson allant jusqu&rsquo;\u00e0 90 cm de largueur.                      <\/li>\n<li class=\"keypoints__item\" role=\"listitem\">                          D\u00e9bit d&rsquo;air maxi : 610 &#8211;                                                      id\u00e9al pour une cuisine de 25m\u00b2.                      <\/li>\n<li class=\"keypoints__item\" role=\"listitem\">                                        Niveau sonore mesur\u00e9 en d\u00e9cibels (pr\u00e9sent sur le Label Energie) : 66                      <\/li>\n<li class=\"keypoints__item keypoints__item--advantage\" role=\"listitem\"><strong>Le + :<\/strong> Son moteur Evo pour des performances \u00e9nerg\u00e9tiques et sonores optimales      <\/li>\n<\/ul>","protected":false},"featured_media":25053,"template":"","meta":{"_glsr_average":0,"_glsr_ranking":0,"_glsr_reviews":0},"product_cat":[242],"product_tag":[131,236,243],"class_list":{"0":"post-38252","1":"product","2":"type-product","3":"status-publish","4":"has-post-thumbnail","6":"product_cat-hotte-ilot","7":"product_tag-gros-electromenager","8":"product_tag-hotte-aspirante","9":"product_tag-hotte-ilot","11":"first","12":"instock","13":"sale","14":"shipping-taxable","15":"purchasable","16":"product-type-simple"},"_links":{"self":[{"href":"https:\/\/electromenagerexpress.com\/en\/wp-json\/wp\/v2\/product\/38252","targetHints":{"allow":["GET"]}}],"collection":[{"href":"https:\/\/electromenagerexpress.com\/en\/wp-json\/wp\/v2\/product"}],"about":[{"href":"https:\/\/electromenagerexpress.com\/en\/wp-json\/wp\/v2\/types\/product"}],"wp:featuredmedia":[{"embeddable":true,"href":"https:\/\/electromenagerexpress.com\/en\/wp-json\/wp\/v2\/media\/25053"}],"wp:attachment":[{"href":"https:\/\/electromenagerexpress.com\/en\/wp-json\/wp\/v2\/media?parent=38252"}],"wp:term":[{"taxonomy":"product_cat","embeddable":true,"href":"https:\/\/electromenagerexpress.com\/en\/wp-json\/wp\/v2\/product_cat?post=38252"},{"taxonomy":"product_tag","embeddable":true,"href":"https:\/\/electromenagerexpress.com\/en\/wp-json\/wp\/v2\/product_tag?post=38252"}],"curies":[{"name":"wp","href":"https:\/\/api.w.org\/{rel}","templated":true}]}}