{"id":38187,"date":"2024-11-21T14:44:42","date_gmt":"2024-11-21T14:44:42","guid":{"rendered":"https:\/\/electromenagerexpress.com\/product\/hotte-decorative-murale-inclineeelicastripe-ix-a-90-lx\/"},"modified":"2024-11-21T14:44:43","modified_gmt":"2024-11-21T14:44:43","slug":"hotte-decorative-murale-inclineeelicastripe-ix-a-90-lx","status":"publish","type":"product","link":"https:\/\/electromenagerexpress.com\/en\/product\/hotte-decorative-murale-inclineeelicastripe-ix-a-90-lx\/","title":{"rendered":"Hotte d\u00e9corative murale inclin\u00e9e\t\t\t\t\t\t\tELICA\t\t\t\tSTRIPE IX\/A\/90\/LX"},"content":{"rendered":"<div class=\"product-features__content\">\n<ul role=\"list\">\n<li class=\"product-features__item\" role=\"listitem\">\n<h3 class=\"product-features__label\">Bien choisir sa hotte<\/h3>\n<ul role=\"list\">\n<li class=\"product-features__item-list__item\" role=\"listitem\"><span class=\"is--medium\">D\u00e9couvrez la hotte aspirante parfaite pour votre cuisine :<\/span> <a href=\"https:\/\/www.boulanger.com\/guide\/choisir-hotte\" target=\"_blank\"><u>avec notre guide d&rsquo;achat<\/u><\/a> et nos conseils d&rsquo;experts, trouvez le mod\u00e8le id\u00e9al qui r\u00e9pond \u00e0 vos besoins en termes de style, de performance et de budget.\t\t\t\t\t<\/li>\n<li class=\"product-features__item-list__item\" role=\"listitem\"><span class=\"is--medium\">Choisir la bonne largeur :<\/span> pour une extraction efficace, la hotte doit \u00eatre au moins aussi large que la table de cuisson. De plus, en choisissant la bonne largeur, vous \u00e9vitez les d\u00e9p\u00f4ts de graisse sur la cr\u00e9dence et les murs de la cuisine.\t\t\t\t\t<\/li>\n<li class=\"product-features__item-list__item\" role=\"listitem\"><span class=\"is--medium\">Bien la placer :<\/span> la distance minimale entre la plaque de cuisson et la hotte est de 55 cm pour l&rsquo;\u00e9lectrique et 65 cm pour le gaz. Cependant, ne d\u00e9passez pas 80 cm pour garantir une aspiration efficace des vapeurs de cuisson.\t\t\t\t\t<\/li>\n<li class=\"product-features__item-list__item\" role=\"listitem\"><span class=\"is--medium\">Choisir la bonne puissance :<\/span> dans une cuisine ouverte, o\u00f9 l&rsquo;air circule dans le salon, optez toujours pour une hotte aspirante d&rsquo;au moins 600 m\u00b3\/h pour garantir une efficacit\u00e9 optimale. Pour une cuisine ferm\u00e9e, multipliez le volume (L x l x H) par 12 pour obtenir la capacit\u00e9 d&rsquo;aspiration n\u00e9cessaire.\t\t\t\t\t<\/li>\n<\/ul>\n<\/li>\n<li class=\"product-features__item\" role=\"listitem\">\n<h3 class=\"product-features__label\">Les fonctionnalit\u00e9s de votre hotte<\/h3>\n<ul role=\"list\">\n<li class=\"product-features__item-list__item\" role=\"listitem\"><span class=\"is--medium\">Type de hotte :<\/span> d\u00e9corative murale inclin\u00e9e, combine style et fonctionnalit\u00e9. Sa conception permet de mieux g\u00e9rer l&rsquo;espace au-dessus de la zone de cuisson. Elle \u00e9vite de devenir un obstacle dans l&rsquo;espace de cuisson et n&rsquo;obstrue pas la vue, rendant plus facile la pr\u00e9paration des plats.\t\t\t\t\t<\/li>\n<li class=\"product-features__item-list__item\" role=\"listitem\"><span class=\"is--medium\">Syst\u00e8me d&rsquo;aspiration :<\/span> \u00e9vacuation et recyclage, optez pour la polyvalence ! Expulsez efficacement les vapeurs vers l&rsquo;ext\u00e9rieur ou offrez-vous la possibilit\u00e9 de purifier l&rsquo;air gr\u00e2ce \u00e0 un syst\u00e8me de filtration avanc\u00e9. Profitez d&rsquo;une cuisine propre et fra\u00eeche, quel que soit votre syst\u00e8me d&rsquo;aspiration !\t\t\t\t\t<\/li>\n<li class=\"product-features__item-list__item\" role=\"listitem\"><span class=\"is--medium\">Type d&rsquo;aspiration :<\/span> standard, con\u00e7u pour aspirer efficacement les vapeurs et les odeurs directement de la zone de cuisson. Profitez d&rsquo;une cuisine fra\u00eeche et propre gr\u00e2ce \u00e0 une filtration avanc\u00e9e !\t\t\t\t\t<\/li>\n<li class=\"product-features__item-list__item\" role=\"listitem\"><span class=\"is--medium\">Largeur :<\/span> 90 cm, pour une zone de cuisson allant jusqu&rsquo;\u00e0 90 cm de largueur.\t\t\t\t\t<\/li>\n<li class=\"product-features__item-list__item\" role=\"listitem\"><span class=\"is--medium\">Coloris :<\/span> inox\t\t\t\t\t<\/li>\n<\/ul>\n<\/li>\n<li class=\"product-features__item\" role=\"listitem\">\n<h3 class=\"product-features__label\">Puissance de la hotte<\/h3>\n<ul role=\"list\">\n<li class=\"product-features__item-list__item\" role=\"listitem\"><span class=\"is--medium\">Nombre de moteur inclus :<\/span> 1\t\t\t\t\t<\/li>\n<li class=\"product-features__item-list__item\" role=\"listitem\"><span class=\"is--medium\">Puissance totale du (des) moteur(s) :<\/span> 260 W\t\t\t\t\t<\/li>\n<li class=\"product-features__item-list__item\" role=\"listitem\"><span class=\"is--medium\">Type de moteur :<\/span> classique, offre une performance fiable et \u00e9prouv\u00e9e. Leur conception simple et robuste garantit une extraction efficace des vapeurs de cuisson, assurant ainsi un environnement de cuisine propre et confortable. Il est g\u00e9n\u00e9ralement plus abordable, une solution \u00e9conomique sans compromis sur la qualit\u00e9.\t\t\t\t\t<\/li>\n<li class=\"product-features__item-list__item\" role=\"listitem\"><span class=\"is--medium\">Arr\u00eat temporis\u00e9 :<\/span> oui, permet de programmer une dur\u00e9e de fonctionnement apr\u00e8s la cuisson. Une fois cette dur\u00e9e \u00e9coul\u00e9e, la hotte s&rsquo;\u00e9teint automatiquement, offrant ainsi un moyen pratique d&rsquo;\u00e9conomiser de l&rsquo;\u00e9nergie et de prolonger la purification de l&rsquo;air apr\u00e8s la cuisson.\t\t\t\t\t<\/li>\n<\/ul>\n<\/li>\n<li class=\"product-features__item\" role=\"listitem\">\n<h3 class=\"product-features__label\">Les commandes de votre hotte<\/h3>\n<ul role=\"list\">\n<li class=\"product-features__item-list__item\" role=\"listitem\"><span class=\"is--medium\">Type de selecteur :<\/span> bouton poussoir\t\t\t\t\t<\/li>\n<li class=\"product-features__item-list__item\" role=\"listitem\"><span class=\"is--medium\">Emplacement :<\/span> facade\t\t\t\t\t<\/li>\n<li class=\"product-features__item-list__item\" role=\"listitem\"><span class=\"is--medium\">Nombre de vitesse d&rsquo;aspiration :<\/span> 3, permet un contr\u00f4le pr\u00e9cis de l&rsquo;extraction d&rsquo;air, s&rsquo;adaptant aux diff\u00e9rentes intensit\u00e9s de cuisson. Il offre une flexibilit\u00e9 pour ajuster la puissance selon les besoins, r\u00e9duisant le bruit et la consommation d&rsquo;\u00e9nergie lorsqu&rsquo;une extraction moindre est suffisante.\t\t\t\t\t<\/li>\n<li class=\"product-features__item-list__item\" role=\"listitem\"><span class=\"is--medium\">Indicateur de saturation du filtre graisse :<\/span> oui, alerte lorsqu&rsquo;il est temps de nettoyer ou de remplacer le filtre. Cela garantit un fonctionnement optimal de la hotte, prolongeant sa dur\u00e9e de vie et assurant une extraction efficace des graisses, pr\u00e9servant ainsi la qualit\u00e9 de l&rsquo;air dans la cuisine.\t\t\t\t\t<\/li>\n<\/ul>\n<\/li>\n<li class=\"product-features__item\" role=\"listitem\">\n<h3 class=\"product-features__label\">L&rsquo;\u00e9clairage de votre hotte<\/h3>\n<ul role=\"list\">\n<li class=\"product-features__item-list__item\" role=\"listitem\"><span class=\"is--medium\">Lampe :<\/span> oui, offre une visibilit\u00e9 accrue sur la zone de cuisson, facilitant la pr\u00e9paration des repas. Il cr\u00e9e une ambiance agr\u00e9able dans la cuisine et met en valeur le plan de travail, ajoutant une touche esth\u00e9tique.\t\t\t\t\t<\/li>\n<li class=\"product-features__item-list__item\" role=\"listitem\"><span class=\"is--medium\">Type d&rsquo;\u00e9clairage :<\/span> LED, offre une luminosit\u00e9 \u00e9quivalente voire sup\u00e9rieure aux halog\u00e8nes, avec une consommation d&rsquo;\u00e9nergie consid\u00e9rablement r\u00e9duite et une dur\u00e9e de vie bien plus longue.\t\t\t\t\t<\/li>\n<li class=\"product-features__item-list__item\" role=\"listitem\"><span class=\"is--medium\">Emplacement de l&rsquo;\u00e9clairage :<\/span> fond\t\t\t\t\t<\/li>\n<li class=\"product-features__item-list__item\" role=\"listitem\"><span class=\"is--medium\">Nombre de lampe(s) :<\/span> 2\t\t\t\t\t<\/li>\n<li class=\"product-features__item-list__item\" role=\"listitem\"><span class=\"is--medium\">Puissance d&rsquo;\u00e9clairage :<\/span> 2 W\t\t\t\t\t<\/li>\n<li class=\"product-features__item-list__item\" role=\"listitem\"><span class=\"is--medium\">Intensit\u00e9 lumineuse :<\/span> 145 lux, plus le nombre de lux est \u00e9lev\u00e9, plus la zone est lumineuse.\t\t\t\t\t<\/li>\n<li class=\"product-features__item-list__item\" role=\"listitem\"><span class=\"is--medium\">Temp\u00e9rature de la couleur :<\/span> 3000 K, mesure la teinte de la lumi\u00e8re \u00e9mise par une source lumineuse. Plus la valeur est basse, plus la lumi\u00e8re est chaude (jaune\/orang\u00e9), tandis qu&rsquo;une valeur \u00e9lev\u00e9e correspond \u00e0 une lumi\u00e8re plus froide (bleut\u00e9e\/blanche).\t\t\t\t\t<\/li>\n<\/ul>\n<\/li>\n<li class=\"product-features__item\" role=\"listitem\">\n<h3 class=\"product-features__label\">La filtration de votre hotte<\/h3>\n<ul role=\"list\">\n<li class=\"product-features__item-list__item\" role=\"listitem\"><span class=\"is--medium\">Filtre \u00e0 graisse :<\/span> oui, pi\u00e8ge les particules de graisse pr\u00e9sentes dans les vapeurs de cuisson, emp\u00eachant ainsi leur accumulation dans la hotte et les conduits. Cela maintient la hotte propre et prolonge sa dur\u00e9e de vie, tout en assurant une meilleure qualit\u00e9 de l&rsquo;air dans la cuisine.\t\t\t\t\t<\/li>\n<li class=\"product-features__item-list__item\" role=\"listitem\"><span class=\"is--medium\">Nombre de filtre \u00e0 graisse :<\/span> 1\t\t\t\t\t<\/li>\n<li class=\"product-features__item-list__item\" role=\"listitem\"><span class=\"is--medium\">Filtre \u00e0 graisse lavable au lave-vaisselle :<\/span> oui, offre une maintenance facile et \u00e9conomique. Il peut \u00eatre simplement retir\u00e9 et nettoy\u00e9 au lave-vaisselle, permettant ainsi un entretien r\u00e9gulier sans effort.\t\t\t\t\t<\/li>\n<li class=\"product-features__item-list__item\" role=\"listitem\"><span class=\"is--medium\">Filtre \u00e0 charbon :<\/span> en option, absorbe efficacement les odeurs de cuisson, en filtrant les particules malodorantes avant de recirculer l&rsquo;air purifi\u00e9 dans la cuisine.\t\t\t\t\t<\/li>\n<li class=\"product-features__item-list__item\" role=\"listitem\"><span class=\"is--medium\">Nombre de filtre \u00e0 charbon :<\/span> 1\t\t\t\t\t<\/li>\n<li class=\"product-features__item-list__item\" role=\"listitem\"><span class=\"is--medium\">Renouvellement du filtre \u00e0 charbon :<\/span> Boulanger vous conseille de changer le(s) filtre(s) \u00e0 charbon lorsque celui-ci est satur\u00e9, g\u00e9n\u00e9ralement tous les 6 \u00e0 12 mois selon l&rsquo;utilisation. Un filtre satur\u00e9 perd en efficacit\u00e9 pour \u00e9liminer les odeurs de cuisson, donc son remplacement garantit une purification optimale de l&rsquo;air.\t\t\t\t\t<\/li>\n<li class=\"product-features__item-list__item\" role=\"listitem\"><span class=\"is--medium\">Clapet anti-retour :<\/span> oui, emp\u00eache le retour des mauvaises odeurs ou des courants d&rsquo;air ind\u00e9sirables dans la cuisine.\t\t\t\t\t<\/li>\n<li class=\"product-features__item-list__item\" role=\"listitem\"><span class=\"is--medium\">Kit \u00e9vacuation fournis :<\/span> non\t\t\t\t\t<\/li>\n<li class=\"product-features__item-list__item\" role=\"listitem\"><span class=\"is--medium\">Kit recyclage fournis :<\/span> non\t\t\t\t\t<\/li>\n<\/ul>\n<\/li>\n<li class=\"product-features__item\" role=\"listitem\">\n<h3 class=\"product-features__label\">Informations compl\u00e9mentaires<\/h3>\n<ul role=\"list\">\n<li class=\"product-features__item-list__item\" role=\"listitem\"><span class=\"is--medium\">Garantie :<\/span> 2 ans\t\t\t\t\t<\/li>\n<li class=\"product-features__item-list__item\" role=\"listitem\"><span class=\"is--medium\">Fabriqu\u00e9 en :<\/span> Pologne\t\t\t\t\t<\/li>\n<li class=\"product-features__item-list__item\" role=\"listitem\"><span class=\"is--medium\">Disponibilit\u00e9 des pi\u00e8ces d\u00e9tach\u00e9es (donn\u00e9es fournisseur) :<\/span> Pendant 7 ans, \u00e0 compter de la date d&rsquo;achat\t\t\t\t\t<\/li>\n<\/ul>\n<\/li>\n<\/ul>\n<\/div>\n<div class=\"product__disclosure-content\">\n<div class=\"js-read-more product-description__content read-more read-more--truncated\" data-read-more-name=\"description\" style=\"max-height: 500px; overflow: hidden;\">\n<div class=\"product__description-content read-more\" style=\"\">\n<p>Hotte d\u00e9corative murale ELICA STRIPE IX\/A\/90\/LX : l&rsquo;alliance de la puissance et du design<\/p>\n<h3> <img fetchpriority=\"high\" decoding=\"async\" ,=\"\" alt=\"Hotte d\u00e9corative murale ELICA STRIPE IX\/A\/90\/LX\" class=\"wy_tableau_gauche\" height=\"270\" src=\"https:\/\/boulanger.scene7.com\/is\/image\/Boulanger\/8020283038202_h_f_l_0?wid=400&amp;hei=270\" width=\"400\"\/>Une performance d&rsquo;aspiration optimale                    <\/h3>\n<p>                        La hotte d\u00e9corative ELICA STRIPE IX\/A\/90\/LX se distingue par sa double aspiration, permettant une installation flexible en murale ou en arri\u00e8re. Avec un d\u00e9bit d&rsquo;air variant de 304 m3\/h en mode minimum \u00e0 603 m3\/h en mode maximum, et atteignant 757 m3\/h avec la fonction Booster, cette hotte est con\u00e7ue pour maintenir un environnement de cuisine sain et sans odeurs. Le syst\u00e8me d&rsquo;\u00e9vacuation ou de recyclage, compl\u00e9t\u00e9 par un filtre anti-odeurs en option, assure une \u00e9limination efficace des vapeurs de cuisson. De plus, l&rsquo;indicateur de saturation des filtres garantit un entretien simplifi\u00e9 et une performance constante.                    <\/p>\n<\/p>\n<h3> <img decoding=\"async\" ,=\"\" alt=\"Hotte d\u00e9corative murale ELICA STRIPE IX\/A\/90\/LX\" class=\"wy_tableau_right\" height=\"270\" src=\"https:\/\/boulanger.scene7.com\/is\/image\/Boulanger\/8020283038202_h_f_l_1?wid=400&amp;hei=270\" width=\"400\"\/>Design \u00e9l\u00e9gant et \u00e9clairage d&rsquo;ambiance                    <\/h3>\n<p>                        Alliant esth\u00e9tique et fonctionnalit\u00e9, la hotte ELICA STRIPE IX\/A\/90\/LX arbore une finition en inox de haute qualit\u00e9, s&rsquo;int\u00e9grant parfaitement dans les cuisines modernes. Son \u00e9clairage LED de 2&#215;2,5W offre une lumi\u00e8re chaude de 3000 K, cr\u00e9ant une atmosph\u00e8re accueillante tout en \u00e9clairant efficacement l&rsquo;espace de cuisson. Avec une intensit\u00e9 lumineuse de 145 Lux, cette hotte ne se contente pas de purifier l&rsquo;air, elle participe \u00e9galement \u00e0 l&rsquo;ambiance de votre cuisine. La chemin\u00e9e incluse et les dimensions compactes de l&#8217;emballage facilitent le transport et l&rsquo;installation, faisant de la hotte ELICA STRIPE IX\/A\/90\/LX un choix judicieux pour les amateurs de design et de performance.                    <\/p>\n<\/p><\/div>\n<\/p>\n<\/div>\n<p><bl-button a11yexpanded=\"false\" arialabel=\"Afficher toute la description\" class=\"read-more__btn\" full=\"false\" link=\"true\">Voir plus<\/bl-button><\/div>","protected":false},"excerpt":{"rendered":"<div class=\"keypoints\">\n<h3 class=\"keypoints__title\">Les points cl\u00e9s<\/h3>\n<ul role=\"list\">\n<li class=\"keypoints__item\" role=\"listitem\">                          Type de hotte : : d\u00e9corative murale inclin\u00e9e &#8211;                                                      \u00e9vacuation et recyclage                      <\/li>\n<li class=\"keypoints__item\" role=\"listitem\">                                        Largeur : 90 cm, pour une zone de cuisson allant jusqu&rsquo;\u00e0 90 cm de largueur.                      <\/li>\n<li class=\"keypoints__item\" role=\"listitem\">                          D\u00e9bit d&rsquo;air maxi : 603 &#8211;                                                      id\u00e9al pour une cuisine de 25m\u00b2.                      <\/li>\n<li class=\"keypoints__item\" role=\"listitem\">                                        Niveau sonore mesur\u00e9 en d\u00e9cibels (pr\u00e9sent sur le Label Energie) : 65                      <\/li>\n<li class=\"keypoints__item keypoints__item--advantage\" role=\"listitem\"><strong>Le + :<\/strong> lib\u00e8re l&rsquo;espace de cuisson gr\u00e2ce \u00e0 son design inclin\u00e9      <\/li>\n<\/ul>","protected":false},"featured_media":24658,"template":"","meta":{"_glsr_average":0,"_glsr_ranking":0,"_glsr_reviews":0},"product_cat":[238],"product_tag":[131,236,239],"class_list":{"0":"post-38187","1":"product","2":"type-product","3":"status-publish","4":"has-post-thumbnail","6":"product_cat-hotte-decorative-murale","7":"product_tag-gros-electromenager","8":"product_tag-hotte-aspirante","9":"product_tag-hotte-decorative-murale","11":"first","12":"instock","13":"sale","14":"shipping-taxable","15":"purchasable","16":"product-type-simple"},"_links":{"self":[{"href":"https:\/\/electromenagerexpress.com\/en\/wp-json\/wp\/v2\/product\/38187","targetHints":{"allow":["GET"]}}],"collection":[{"href":"https:\/\/electromenagerexpress.com\/en\/wp-json\/wp\/v2\/product"}],"about":[{"href":"https:\/\/electromenagerexpress.com\/en\/wp-json\/wp\/v2\/types\/product"}],"wp:featuredmedia":[{"embeddable":true,"href":"https:\/\/electromenagerexpress.com\/en\/wp-json\/wp\/v2\/media\/24658"}],"wp:attachment":[{"href":"https:\/\/electromenagerexpress.com\/en\/wp-json\/wp\/v2\/media?parent=38187"}],"wp:term":[{"taxonomy":"product_cat","embeddable":true,"href":"https:\/\/electromenagerexpress.com\/en\/wp-json\/wp\/v2\/product_cat?post=38187"},{"taxonomy":"product_tag","embeddable":true,"href":"https:\/\/electromenagerexpress.com\/en\/wp-json\/wp\/v2\/product_tag?post=38187"}],"curies":[{"name":"wp","href":"https:\/\/api.w.org\/{rel}","templated":true}]}}