{"id":38081,"date":"2024-11-21T14:40:43","date_gmt":"2024-11-21T14:40:43","guid":{"rendered":"https:\/\/electromenagerexpress.com\/product\/hotte-encastrable-roblinharmonie-900-inox\/"},"modified":"2025-11-13T16:43:37","modified_gmt":"2025-11-13T16:43:37","slug":"hotte-encastrable-roblinharmonie-900-inox","status":"publish","type":"product","link":"https:\/\/electromenagerexpress.com\/en\/product\/hotte-encastrable-roblinharmonie-900-inox\/","title":{"rendered":"Hotte encastrable \tROBLIN\tHARMONIE 900 INOX"},"content":{"rendered":"<div class=\"product-features__content\">\n<ul role=\"list\">\n<li class=\"product-features__item\" role=\"listitem\">\n<h3 class=\"product-features__label\">Bien choisir sa hotte<\/h3>\n<ul role=\"list\">\n<li class=\"product-features__item-list__item\" role=\"listitem\"><span class=\"is--medium\">Choisir la bonne largeur :<\/span> pour une extraction efficace, la hotte doit \u00eatre au moins aussi large que la table de cuisson. De plus, en choisissant la bonne largeur, vous \u00e9vitez les d\u00e9p\u00f4ts de graisse sur la cr\u00e9dence et les murs de la cuisine.<\/li>\n<li class=\"product-features__item-list__item\" role=\"listitem\"><span class=\"is--medium\">Bien la placer :<\/span> la distance minimale entre la plaque de cuisson et la hotte est de 55 cm pour l&rsquo;\u00e9lectrique et 65 cm pour le gaz. Cependant, ne d\u00e9passez pas 80 cm pour garantir une aspiration efficace des vapeurs de cuisson.<\/li>\n<li class=\"product-features__item-list__item\" role=\"listitem\"><span class=\"is--medium\">Choisir la bonne puissance :<\/span> dans une cuisine ouverte, o\u00f9 l&rsquo;air circule dans le salon, optez toujours pour une hotte aspirante d&rsquo;au moins 600 m\u00b3\/h pour garantir une efficacit\u00e9 optimale. Pour une cuisine ferm\u00e9e, multipliez le volume (L x l x H) par 12 pour obtenir la capacit\u00e9 d&rsquo;aspiration n\u00e9cessaire.<\/li>\n<\/ul>\n<\/li>\n<li class=\"product-features__item\" role=\"listitem\">\n<h3 class=\"product-features__label\">Les fonctionnalit\u00e9s de votre hotte<\/h3>\n<ul role=\"list\">\n<li class=\"product-features__item-list__item\" role=\"listitem\"><span class=\"is--medium\">Type de hotte :<\/span> encastrable, s&rsquo;int\u00e8gre parfaitement dans les armoires, pr\u00e9servant l&rsquo;esth\u00e9tique de la cuisine. Elle offre une extraction efficace des fum\u00e9es et odeurs tout en restant discr\u00e8te. Son design discret et sa performance font d&rsquo;elle un choix id\u00e9al pour les cuisines modernes soucieuses de leur apparence.<\/li>\n<li class=\"product-features__item-list__item\" role=\"listitem\"><span class=\"is--medium\">Syst\u00e8me d&rsquo;aspiration :<\/span> \u00e9vacuation et recyclage, optez pour la polyvalence ! Expulsez efficacement les vapeurs vers l&rsquo;ext\u00e9rieur ou offrez-vous la possibilit\u00e9 de purifier l&rsquo;air gr\u00e2ce \u00e0 un syst\u00e8me de filtration avanc\u00e9. Profitez d&rsquo;une cuisine propre et fra\u00eeche, quel que soit votre syst\u00e8me d&rsquo;aspiration !<\/li>\n<li class=\"product-features__item-list__item\" role=\"listitem\"><span class=\"is--medium\">Type d&rsquo;aspiration :<\/span> p\u00e9rim\u00e9trale, l&rsquo;air est aspir\u00e9 de mani\u00e8re uniforme tout autour de la zone de cuisson, assurant une capture optimale des vapeurs et des odeurs. Red\u00e9couvrez le plaisir de cuisiner dans une cuisine propre et fra\u00eeche !<\/li>\n<li class=\"product-features__item-list__item\" role=\"listitem\"><span class=\"is--medium\">Largeur :<\/span> 90 cm, pour une zone de cuisson allant jusqu&rsquo;\u00e0 90 cm de largueur.<\/li>\n<li class=\"product-features__item-list__item\" role=\"listitem\"><span class=\"is--medium\">Coloris :<\/span> inox<\/li>\n<\/ul>\n<\/li>\n<li class=\"product-features__item\" role=\"listitem\">\n<h3 class=\"product-features__label\">Puissance de la hotte<\/h3>\n<ul role=\"list\">\n<li class=\"product-features__item-list__item\" role=\"listitem\"><span class=\"is--medium\">Nombre de moteur inclus :<\/span> 1<\/li>\n<li class=\"product-features__item-list__item\" role=\"listitem\"><span class=\"is--medium\">Puissance totale du (des) moteur(s) :<\/span> 271 W<\/li>\n<li class=\"product-features__item-list__item\" role=\"listitem\"><span class=\"is--medium\">Type de moteur :<\/span> classique, offre une performance fiable et \u00e9prouv\u00e9e. Leur conception simple et robuste garantit une extraction efficace des vapeurs de cuisson, assurant ainsi un environnement de cuisine propre et confortable. Il est g\u00e9n\u00e9ralement plus abordable, une solution \u00e9conomique sans compromis sur la qualit\u00e9.<\/li>\n<\/ul>\n<\/li>\n<li class=\"product-features__item\" role=\"listitem\">\n<h3 class=\"product-features__label\">Les commandes de votre hotte<\/h3>\n<ul role=\"list\">\n<li class=\"product-features__item-list__item\" role=\"listitem\"><span class=\"is--medium\">Type de selecteur :<\/span> bouton poussoir<\/li>\n<li class=\"product-features__item-list__item\" role=\"listitem\"><span class=\"is--medium\">Emplacement :<\/span> dessous<\/li>\n<li class=\"product-features__item-list__item\" role=\"listitem\"><span class=\"is--medium\">Nombre de vitesse d&rsquo;aspiration :<\/span> 3, permet un contr\u00f4le pr\u00e9cis de l&rsquo;extraction d&rsquo;air, s&rsquo;adaptant aux diff\u00e9rentes intensit\u00e9s de cuisson. Il offre une flexibilit\u00e9 pour ajuster la puissance selon les besoins, r\u00e9duisant le bruit et la consommation d&rsquo;\u00e9nergie lorsqu&rsquo;une extraction moindre est suffisante.<\/li>\n<li class=\"product-features__item-list__item\" role=\"listitem\"><span class=\"is--medium\">T\u00e9moins lumineux de mise sous tension :<\/span> oui, offre une indication visuelle claire de son fonctionnement, assurant une utilisation intuitive.<\/li>\n<\/ul>\n<\/li>\n<li class=\"product-features__item\" role=\"listitem\">\n<h3 class=\"product-features__label\">L&rsquo;\u00e9clairage de votre hotte<\/h3>\n<ul role=\"list\">\n<li class=\"product-features__item-list__item\" role=\"listitem\"><span class=\"is--medium\">Lampe :<\/span> oui, offre une visibilit\u00e9 accrue sur la zone de cuisson, facilitant la pr\u00e9paration des repas. Il cr\u00e9e une ambiance agr\u00e9able dans la cuisine et met en valeur le plan de travail, ajoutant une touche esth\u00e9tique.<\/li>\n<li class=\"product-features__item-list__item\" role=\"listitem\"><span class=\"is--medium\">Type d&rsquo;\u00e9clairage :<\/span> LED, offre une luminosit\u00e9 \u00e9quivalente voire sup\u00e9rieure aux halog\u00e8nes, avec une consommation d&rsquo;\u00e9nergie consid\u00e9rablement r\u00e9duite et une dur\u00e9e de vie bien plus longue.<\/li>\n<li class=\"product-features__item-list__item\" role=\"listitem\"><span class=\"is--medium\">Emplacement de l&rsquo;\u00e9clairage :<\/span> cot\u00e9 gauche et droit<\/li>\n<li class=\"product-features__item-list__item\" role=\"listitem\"><span class=\"is--medium\">Nombre de lampe(s) :<\/span> 2<\/li>\n<li class=\"product-features__item-list__item\" role=\"listitem\"><span class=\"is--medium\">Puissance d&rsquo;\u00e9clairage :<\/span> 2 W<\/li>\n<li class=\"product-features__item-list__item\" role=\"listitem\"><span class=\"is--medium\">Intensit\u00e9 lumineuse :<\/span> 15 lux, plus le nombre de lux est \u00e9lev\u00e9, plus la zone est lumineuse.<\/li>\n<li class=\"product-features__item-list__item\" role=\"listitem\"><span class=\"is--medium\">Temp\u00e9rature de la couleur :<\/span> 4000 K, mesure la teinte de la lumi\u00e8re \u00e9mise par une source lumineuse. Plus la valeur est basse, plus la lumi\u00e8re est chaude (jaune\/orang\u00e9), tandis qu&rsquo;une valeur \u00e9lev\u00e9e correspond \u00e0 une lumi\u00e8re plus froide (bleut\u00e9e\/blanche).<\/li>\n<\/ul>\n<\/li>\n<li class=\"product-features__item\" role=\"listitem\">\n<h3 class=\"product-features__label\">La filtration de votre hotte<\/h3>\n<ul role=\"list\">\n<li class=\"product-features__item-list__item\" role=\"listitem\"><span class=\"is--medium\">Filtre \u00e0 graisse :<\/span> oui, pi\u00e8ge les particules de graisse pr\u00e9sentes dans les vapeurs de cuisson, emp\u00eachant ainsi leur accumulation dans la hotte et les conduits. Cela maintient la hotte propre et prolonge sa dur\u00e9e de vie, tout en assurant une meilleure qualit\u00e9 de l&rsquo;air dans la cuisine.<\/li>\n<li class=\"product-features__item-list__item\" role=\"listitem\"><span class=\"is--medium\">Nombre de filtre \u00e0 graisse :<\/span> 2<\/li>\n<li class=\"product-features__item-list__item\" role=\"listitem\"><span class=\"is--medium\">Filtre \u00e0 graisse lavable au lave-vaisselle :<\/span> oui, offre une maintenance facile et \u00e9conomique. Il peut \u00eatre simplement retir\u00e9 et nettoy\u00e9 au lave-vaisselle, permettant ainsi un entretien r\u00e9gulier sans effort.<\/li>\n<li class=\"product-features__item-list__item\" role=\"listitem\"><span class=\"is--medium\">Filtre \u00e0 charbon :<\/span> en option, absorbe efficacement les odeurs de cuisson, en filtrant les particules malodorantes avant de recirculer l&rsquo;air purifi\u00e9 dans la cuisine.<\/li>\n<li class=\"product-features__item-list__item\" role=\"listitem\"><span class=\"is--medium\">Nombre de filtre \u00e0 charbon :<\/span> 2<\/li>\n<li class=\"product-features__item-list__item\" role=\"listitem\"><span class=\"is--medium\">Renouvellement du filtre \u00e0 charbon :<\/span> Boulanger vous conseille de changer le(s) filtre(s) \u00e0 charbon lorsque celui-ci est satur\u00e9, g\u00e9n\u00e9ralement tous les 6 \u00e0 12 mois selon l&rsquo;utilisation. Un filtre satur\u00e9 perd en efficacit\u00e9 pour \u00e9liminer les odeurs de cuisson, donc son remplacement garantit une purification optimale de l&rsquo;air.<\/li>\n<li class=\"product-features__item-list__item\" role=\"listitem\"><span class=\"is--medium\">Clapet anti-retour :<\/span> oui, emp\u00eache le retour des mauvaises odeurs ou des courants d&rsquo;air ind\u00e9sirables dans la cuisine.<\/li>\n<li class=\"product-features__item-list__item\" role=\"listitem\"><span class=\"is--medium\">Kit \u00e9vacuation fournis :<\/span> non<\/li>\n<li class=\"product-features__item-list__item\" role=\"listitem\"><span class=\"is--medium\">Kit recyclage fournis :<\/span> non<\/li>\n<\/ul>\n<\/li>\n<li class=\"product-features__item\" role=\"listitem\">\n<h3 class=\"product-features__label\">Informations compl\u00e9mentaires<\/h3>\n<ul role=\"list\">\n<li class=\"product-features__item-list__item\" role=\"listitem\"><span class=\"is--medium\">Garantie :<\/span> 2 ans<\/li>\n<li class=\"product-features__item-list__item\" role=\"listitem\"><span class=\"is--medium\">Fabriqu\u00e9 en :<\/span> France<\/li>\n<li class=\"product-features__item-list__item\" role=\"listitem\"><span class=\"is--medium\">Disponibilit\u00e9 des pi\u00e8ces d\u00e9tach\u00e9es (donn\u00e9es fournisseur) :<\/span> Pendant 5 ans, \u00e0 compter de la date de fabrication<\/li>\n<\/ul>\n<\/li>\n<li class=\"product-features__item\" role=\"listitem\">\n<h3 class=\"product-features__label\">Accessoires en option<\/h3>\n<ul role=\"list\">\n<li class=\"product-features__item-list__item\" role=\"listitem\"><span class=\"is--medium\">Chemin\u00e9e (rallonge) :<\/span> En option<\/li>\n<\/ul>\n<\/li>\n<\/ul>\n<\/div>\n<div class=\"product__disclosure-content\">\n<div class=\"js-read-more product-description__content read-more read-more--truncated\" style=\"max-height: 500px; overflow: hidden;\" data-read-more-name=\"description\">\n<div class=\"product__description-content read-more\">\n<p>Hotte encastrable ROBLIN HARMONIE 900 INOX : l&rsquo;alliance de l&rsquo;efficacit\u00e9 et du design<\/p>\n<h3><img fetchpriority=\"high\" decoding=\"async\" class=\"wy_tableau_gauche\" src=\"https:\/\/boulanger.scene7.com\/is\/image\/Boulanger\/7612985510400_h_f_l_0?wid=400&amp;hei=270\" alt=\"Hotte encastrable ROBLIN HARMONIE 900 INOX\" width=\"400\" height=\"270\" \/>Innovation et performance au coeur de votre cuisine<\/h3>\n<p>La hotte encastrable ROBLIN HARMONIE 900 INOX se distingue par son moteur EVO \u00e0 courant alternatif, garantissant un niveau sonore r\u00e9duit pour une ambiance plus agr\u00e9able dans votre cuisine. Avec sa fonction BOOSTER, elle offre des performances temporis\u00e9es exceptionnelles, capables de monter en puissance jusqu&rsquo;\u00e0 727 m\u00b3\/h pendant 6 minutes, pour \u00e9liminer rapidement les vapeurs les<\/p>\n<p>plus tenaces. L&rsquo;aspiration p\u00e9riph\u00e9rique de cet appareil optimise l&rsquo;efficacit\u00e9 de la hotte en captant<\/p>\n<\/div>\n<\/div>\n<p>&nbsp;<\/p>\n<div class=\"js-read-more product-description__content read-more read-more--truncated\" style=\"max-height: 500px; overflow: hidden;\" data-read-more-name=\"description\">\n<div class=\"product__description-content read-more\">\n<p>&nbsp;<\/p>\n<p>toutes les fum\u00e9es, tandis que les filtres haute performance, lavables au lave-vaisselle et auto-r\u00e9g\u00e9n\u00e9rants, promettent une durabilit\u00e9 et une \u00e9conomie non n\u00e9gligeables avec une dur\u00e9e de vie d&rsquo;environ 3 ans.<\/p>\n<h3><img decoding=\"async\" class=\"wy_tableau_right\" src=\"https:\/\/boulanger.scene7.com\/is\/image\/Boulanger\/7612985510400_h_f_l_2?wid=400&amp;hei=270\" alt=\"Hotte encastrable ROBLIN HARMONIE 900 INOX\" width=\"400\" height=\"270\" \/>Design et facilit\u00e9 d&rsquo;utilisation pour un confort optimal<\/h3>\n<p>Le design de la ROBLIN HARMONIE 900 INOX est pens\u00e9 pour s&rsquo;int\u00e9grer harmonieusement \u00e0 tout type de cuisine gr\u00e2ce \u00e0 sa visi\u00e8re en verre rabattable qui prot\u00e8ge les meubles et se fait discr\u00e8te quand elle n&rsquo;est pas utilis\u00e9e. Les commandes \u00e9lectroniques permettent de naviguer ais\u00e9ment entre les 3 vitesses et la fonction intensive, avec une classe d&rsquo;efficacit\u00e9 \u00e9nerg\u00e9tique A qui assure une consommation ma\u00eetris\u00e9e. L&rsquo;\u00e9clairage LED offre une visibilit\u00e9 parfaite sur votre plan de travail, sans pour autant augmenter la consommation d&rsquo;\u00e9nergie, gr\u00e2ce \u00e0 une efficacit\u00e9 lumineuse de classe D. Enfin, son installation est facilit\u00e9e par son syst\u00e8me d&rsquo;encastrement dans des meubles hauts de 350 mm de profondeur, sans n\u00e9cessit\u00e9 de d\u00e9coupe suppl\u00e9mentaire, assurant ainsi une int\u00e9gration parfaite et une mise en place simplifi\u00e9e.<\/p>\n<\/div>\n<\/div>\n<p>&nbsp;<\/p>\n<\/div>","protected":false},"excerpt":{"rendered":"<div class=\"keypoints\">\n<h3 class=\"keypoints__title\">Les points cl\u00e9s<\/h3>\n<ul role=\"list\">\n<li class=\"keypoints__item\" role=\"listitem\">Type de hotte : : encastrable meuble &#8211; \u00e9vacuation et recyclage<\/li>\n<li class=\"keypoints__item\" role=\"listitem\">Largeur : 90 cm, pour une zone de cuisson allant jusqu&rsquo;\u00e0 90 cm de largueur.<\/li>\n<li class=\"keypoints__item\" role=\"listitem\">D\u00e9bit d&rsquo;air maxi : 583 &#8211; id\u00e9al pour une cuisine de 25m\u00b2.<\/li>\n<li class=\"keypoints__item\" role=\"listitem\">Niveau sonore mesur\u00e9 en d\u00e9cibels (pr\u00e9sent sur le Label Energie) : 68<\/li>\n<li class=\"keypoints__item keypoints__item--advantage\" role=\"listitem\"><strong>Le + :<\/strong> Sa discr\u00e9tion : elle s&rsquo;aligne parfaitement avec le panneau d&rsquo;aspiration lorsqu&rsquo;elle est repli\u00e9e<\/li>\n<\/ul>\n<\/div>","protected":false},"featured_media":23783,"template":"","meta":{"_glsr_average":0,"_glsr_ranking":0,"_glsr_reviews":0},"product_cat":[235],"product_tag":[131,236,237],"class_list":{"0":"post-38081","1":"product","2":"type-product","3":"status-publish","4":"has-post-thumbnail","6":"product_cat-hotte-encastrable","7":"product_tag-gros-electromenager","8":"product_tag-hotte-aspirante","9":"product_tag-hotte-encastrable","11":"first","12":"instock","13":"sale","14":"shipping-taxable","15":"purchasable","16":"product-type-simple"},"_links":{"self":[{"href":"https:\/\/electromenagerexpress.com\/en\/wp-json\/wp\/v2\/product\/38081","targetHints":{"allow":["GET"]}}],"collection":[{"href":"https:\/\/electromenagerexpress.com\/en\/wp-json\/wp\/v2\/product"}],"about":[{"href":"https:\/\/electromenagerexpress.com\/en\/wp-json\/wp\/v2\/types\/product"}],"wp:featuredmedia":[{"embeddable":true,"href":"https:\/\/electromenagerexpress.com\/en\/wp-json\/wp\/v2\/media\/23783"}],"wp:attachment":[{"href":"https:\/\/electromenagerexpress.com\/en\/wp-json\/wp\/v2\/media?parent=38081"}],"wp:term":[{"taxonomy":"product_cat","embeddable":true,"href":"https:\/\/electromenagerexpress.com\/en\/wp-json\/wp\/v2\/product_cat?post=38081"},{"taxonomy":"product_tag","embeddable":true,"href":"https:\/\/electromenagerexpress.com\/en\/wp-json\/wp\/v2\/product_tag?post=38081"}],"curies":[{"name":"wp","href":"https:\/\/api.w.org\/{rel}","templated":true}]}}