{"id":37995,"date":"2024-11-21T13:43:08","date_gmt":"2024-11-21T13:43:08","guid":{"rendered":"https:\/\/electromenagerexpress.com\/product\/table-inductiongorenjeit843bsc-bridge\/"},"modified":"2024-11-21T13:43:09","modified_gmt":"2024-11-21T13:43:09","slug":"table-inductiongorenjeit843bsc-bridge","status":"publish","type":"product","link":"https:\/\/electromenagerexpress.com\/en\/product\/table-inductiongorenjeit843bsc-bridge\/","title":{"rendered":"Table induction\t\t\t\t\t\t\tGORENJE\t\t\t\tIT843BSC Bridge"},"content":{"rendered":"<div class=\"product-features__content\">\n<ul role=\"list\">\n<li class=\"product-features__item\" role=\"listitem\">\n<h3 class=\"product-features__label\">Cuisson<\/h3>\n<ul role=\"list\">\n<li class=\"product-features__item-list__item\" role=\"listitem\"><span class=\"is--medium\">Type de table :<\/span> induction, mont\u00e9e tr\u00e8s rapide en temp\u00e9rature, gestion pr\u00e9cise de la cuisson et grande facilit\u00e9 d&rsquo;entretien. C&rsquo;est le meilleur compromis consommation d&rsquo;\u00e9nergie \/ s\u00e9curit\u00e9 \/ entretien.\t\t\t\t\t<\/li>\n<li class=\"product-features__item-list__item\" role=\"listitem\"><span class=\"is--medium\">Puissance totale :<\/span> 7.200 W\t\t\t\t\t<\/li>\n<li class=\"product-features__item-list__item\" role=\"listitem\"><span class=\"is--medium\">Amp\u00e9rage requis pour l&rsquo;installation :<\/span> 32 A\t\t\t\t\t<\/li>\n<li class=\"product-features__item-list__item\" role=\"listitem\"><span class=\"is--medium\">Nombre de foyers :<\/span> 4\t\t\t\t\t<\/li>\n<li class=\"product-features__item-list__item\" role=\"listitem\"><span class=\"is--medium\">Dimension du grand foyer :<\/span> 21,0 cm\t\t\t\t\t<\/li>\n<li class=\"product-features__item-list__item\" role=\"listitem\"><span class=\"is--medium\">Dimension foyer arri\u00e8re gauche :<\/span> 18,0 cm\t\t\t\t\t<\/li>\n<li class=\"product-features__item-list__item\" role=\"listitem\"><span class=\"is--medium\">Dimension foyer avant gauche :<\/span> 18,0 cm\t\t\t\t\t<\/li>\n<li class=\"product-features__item-list__item\" role=\"listitem\"><span class=\"is--medium\">Dimension foyer arri\u00e8re droit :<\/span> 21,0 cm\t\t\t\t\t<\/li>\n<li class=\"product-features__item-list__item\" role=\"listitem\"><span class=\"is--medium\">Dimension foyer avant droit :<\/span> 16,0 cm\t\t\t\t\t<\/li>\n<li class=\"product-features__item-list__item\" role=\"listitem\"><span class=\"is--medium\">Foyer modulable :<\/span> bridge, permet de r\u00e9unir 2 zones de cuisson en 1 seule de grande surface, cette fonction est id\u00e9ale pour une cocotte ovale.\t\t\t\t\t<\/li>\n<li class=\"product-features__item-list__item\" role=\"listitem\"><span class=\"is--medium\">S\u00e9curit\u00e9s :<\/span> arr\u00eat automatique, coupure en cas de d\u00e9bordement, anti surchauffe, verrouillage du clavier, t\u00e9moin de chaleur r\u00e9siduelle, d\u00e9tection d&rsquo;absence de r\u00e9cipient, d\u00e9tection de petits objets, t\u00e9moin de mise sous tension\t\t\t\t\t<\/li>\n<\/ul>\n<\/li>\n<li class=\"product-features__item\" role=\"listitem\">\n<h3 class=\"product-features__label\">Commandes<\/h3>\n<ul role=\"list\">\n<li class=\"product-features__item-list__item\" role=\"listitem\"><span class=\"is--medium\">Type de commandes :<\/span> tactiles individuelles, une commande d\u00e9di\u00e9e par foyer\t\t\t\t\t<\/li>\n<li class=\"product-features__item-list__item\" role=\"listitem\"><span class=\"is--medium\">Emplacement des commandes :<\/span> frontal\t\t\t\t\t<\/li>\n<li class=\"product-features__item-list__item\" role=\"listitem\"><span class=\"is--medium\">Nombre de niveau de puissance :<\/span> 9\t\t\t\t\t<\/li>\n<li class=\"product-features__item-list__item\" role=\"listitem\"><span class=\"is--medium\">Le saviez-vous ? :<\/span> plus le nombre de niveau de puissance est \u00e9lev\u00e9, plus il sera possible de ma\u00eetriser la cuisson de vos aliments.\t\t\t\t\t<\/li>\n<li class=\"product-features__item-list__item\" role=\"listitem\"><span class=\"is--medium\">Nombre de boosters :<\/span> 4\t\t\t\t\t<\/li>\n<li class=\"product-features__item-list__item\" role=\"listitem\"><span class=\"is--medium\">Le saviez-vous ? :<\/span> le booster permet un acc\u00e8s direct \u00e0 la puissance maximale. Id\u00e9al pour porter \u00e0 \u00e9bullition ou saisir les viandes\t\t\t\t\t<\/li>\n<li class=\"product-features__item-list__item\" role=\"listitem\"><span class=\"is--medium\">Nombre de minuteurs :<\/span> 4\t\t\t\t\t<\/li>\n<li class=\"product-features__item-list__item\" role=\"listitem\"><span class=\"is--medium\">Le saviez-vous ? :<\/span> le minuteur arr\u00eate le foyer concern\u00e9 une fois le temps \u00e9coul\u00e9\t\t\t\t\t<\/li>\n<\/ul>\n<\/li>\n<li class=\"product-features__item\" role=\"listitem\">\n<h3 class=\"product-features__label\">Confort d&rsquo;utilisation<\/h3>\n<ul role=\"list\">\n<li class=\"product-features__item-list__item\" role=\"listitem\"><span class=\"is--medium\">Fonction red\u00e9marrage :<\/span> vous avez \u00e9teint votre table involontairement? Cette fonction vous permet de r\u00e9tablir tous les r\u00e9glages pr\u00e9c\u00e9dents en mettant la table de cuisson en marche dans les secondes qui suivent l&rsquo;extinction.\t\t\t\t\t<\/li>\n<li class=\"product-features__item-list__item\" role=\"listitem\"><span class=\"is--medium\">Programmes pr\u00e9-d\u00e9finis :<\/span> Acc\u00e8s direct fondre, Acc\u00e8s direct r\u00e9chauffer, Acc\u00e8s direct maintenir au chaud, Fonction red\u00e9marrage :\t\t\t\t\t<\/li>\n<li class=\"product-features__item-list__item\" role=\"listitem\"><span class=\"is--medium\">Application d\u00e9di\u00e9e :<\/span> Sans application\t\t\t\t\t<\/li>\n<\/ul>\n<\/li>\n<li class=\"product-features__item\" role=\"listitem\">\n<h3 class=\"product-features__label\">Design<\/h3>\n<ul role=\"list\">\n<li class=\"product-features__item-list__item\" role=\"listitem\"><span class=\"is--medium\">Coloris :<\/span> Noir\t\t\t\t\t<\/li>\n<li class=\"product-features__item-list__item\" role=\"listitem\"><span class=\"is--medium\">Mati\u00e8re des grilles :<\/span> non concern\u00e9\t\t\t\t\t<\/li>\n<li class=\"product-features__item-list__item\" role=\"listitem\"><span class=\"is--medium\">Installation \u00e0 fleur du plan de travail :<\/span> oui, la table est positionn\u00e9e au m\u00eame niveau que le plan de travail . Esth\u00e9tique et Facilit\u00e9 d&rsquo;entretien\t\t\t\t\t<\/li>\n<li class=\"product-features__item-list__item\" role=\"listitem\"><span class=\"is--medium\">Couleur de l&rsquo;affichage :<\/span> rouge\t\t\t\t\t<\/li>\n<\/ul>\n<\/li>\n<li class=\"product-features__item\" role=\"listitem\">\n<h3 class=\"product-features__label\">Dimensions<\/h3>\n<ul role=\"list\">\n<li class=\"product-features__item-list__item\" role=\"listitem\"><span class=\"is--medium\">LxHxP (encastrement) :<\/span> 75 x 7 x 49 cm\t\t\t\t\t<\/li>\n<li class=\"product-features__item-list__item\" role=\"listitem\"><span class=\"is--medium\">Dimensions l x h x p :<\/span> 79.5 x 5.4 x 52 cm\t\t\t\t\t<\/li>\n<li class=\"product-features__item-list__item\" role=\"listitem\"><span class=\"is--medium\">Poids net :<\/span> 10,00 Kg\t\t\t\t\t<\/li>\n<\/ul>\n<\/li>\n<li class=\"product-features__item\" role=\"listitem\">\n<h3 class=\"product-features__label\">Informations compl\u00e9mentaires<\/h3>\n<ul role=\"list\">\n<li class=\"product-features__item-list__item\" role=\"listitem\"><span class=\"is--medium\">Fabriqu\u00e9 en :<\/span> Slov\u00e9nie\t\t\t\t\t<\/li>\n<li class=\"product-features__item-list__item\" role=\"listitem\"><span class=\"is--medium\">Garantie :<\/span> 2 ans\t\t\t\t\t<\/li>\n<li class=\"product-features__item-list__item\" role=\"listitem\"><span class=\"is--medium\">Disponibilit\u00e9 des pi\u00e8ces d\u00e9tach\u00e9es (donn\u00e9es fournisseur) :<\/span> Pendant 10 ans, \u00e0 compter de la Date de fin de fabrication\t\t\t\t\t<\/li>\n<\/ul>\n<\/li>\n<\/ul>\n<\/div>\n<div class=\"product__disclosure-content\">\n<div class=\"js-read-more product-description__content read-more read-more--truncated\" data-read-more-name=\"description\" style=\"max-height: 500px; overflow: hidden;\">\n<p>La table de cuisson \u00e0 induction GORENJE IT843BSC est un appareil de cuisson pratique qui s&rsquo;adapte \u00e0 tous vos besoins ! Ses 4 foyers modulables peuvent se connecter entre eux, pour combiner plusieurs zones de cuissons selon vos envies.<\/p>\n<h3><img fetchpriority=\"high\" decoding=\"async\" ,=\"\" alt=\"Table Induc GORENJE IT843BSC\" class=\"wy_tableau_gauche\" height=\"270\" src=\"https:\/\/boulanger.scene7.com\/is\/image\/Boulanger\/3838782150715_h_f_l_0?wid=400&amp;hei=270\" width=\"400\"\/>Une table de cuisson unique en son genre<\/h3>\n<p>La table de cuisson \u00e0 induction GORENJE IT843BSC est originale et pratique ! Elle est compos\u00e9e de vitroc\u00e9ramique. Ses dimensions sont les suivantes : 795 x 520 x 54 mm (L x P x H). Elle est munie de <b>4 foyers aux puissances variables<\/b>. 2 foyers de 180 mm sont disponibles pour vos po\u00eales ou casseroles de taille moyenne, avec une puissance de 1 400 \u00e0 2 100 W. Vous trouverez aussi <b>un grand foyer de 210 mm d&rsquo;une puissance de 2 300 \u00e0 3 000 W<\/b>. Enfin, un plus petit foyer de 160 mm vous permettra de cuire vos plats avec une puissance maximum de 1 850 W.<\/p>\n<p>Le grand avantage de la table de cuisson \u00e0 induction GORENJE IT843BSC ? <b>Ses espaces de cuisson peuvent \u00eatre connect\u00e9s entre eux<\/b>. La taille des foyers augmente pour accueillir de plus grands plats.<\/p>\n<h3><img decoding=\"async\" ,=\"\" alt=\"Table Induc GORENJE IT843BSC\" class=\"wy_tableau_right\" height=\"270\" src=\"https:\/\/boulanger.scene7.com\/is\/image\/Boulanger\/3838782150715_h_f_l_1?wid=400&amp;hei=270\" width=\"400\"\/>Un appareil s\u00e9curis\u00e9 et fonctionnel<\/h3>\n<p>Surveillez vos cuissons avec pr\u00e9cision gr\u00e2ce \u00e0 la <b>fonction minuterie<\/b>. Lorsque le temps imparti est d\u00e9pass\u00e9, une sonnerie vous avertit. La table de cuisson \u00e0 induction GORENJE IT843BSC vous propose une <b>fonction bain-marie<\/b> ainsi que la <b>possibilit\u00e9 de maintenir au chaud vos pr\u00e9parations<\/b>.<\/p>\n<p>La table de cuisson \u00e0 induction GORENJE IT843BSC poss\u00e8de aussi une fonctionnalit\u00e9 tr\u00e8s pratique, le <b>Stop &amp; Go<\/b>. Elle permet de mettre en pause la cuisson si besoin et de la reprendre plus tard avec les m\u00eames r\u00e9glages. Enfin, pour plus de s\u00e9curit\u00e9, un <b>t\u00e9moin de chaleur r\u00e9siduelle<\/b> indique si les plaques sont encore chaudes.<\/p>\n<\/p>\n<p><a href=\"https:\/\/www.boulanger.com\/evenement\/livraison-domicile-gros-produits-service\" rel=\"noopener\" target=\"_blank\" title=\"Livraison \u00e0 domicile gros produits et service\"><img decoding=\"async\" height=\"160\" src=\"https:\/\/boulanger.scene7.com\/is\/image\/Boulanger\/Reprise ancien appareil?wid=1260\" width=\"1240\"\/><\/a><\/p>\n<\/div>\n<p><bl-button a11yexpanded=\"false\" arialabel=\"Afficher toute la description\" class=\"read-more__btn\" full=\"false\" link=\"true\">Voir plus<\/bl-button><\/div>","protected":false},"excerpt":{"rendered":"<div class=\"keypoints\">\n<h3 class=\"keypoints__title\">Les points cl\u00e9s<\/h3>\n<ul role=\"list\">\n<li class=\"keypoints__item\" role=\"listitem\">                                        Encastrement XL : L 75 cm                      <\/li>\n<li class=\"keypoints__item\" role=\"listitem\">                          Nombre de foyers : 4 &#8211;                                                      Zone modulable : bridge                      <\/li>\n<li class=\"keypoints__item\" role=\"listitem\">                                        Type de commandes : tactiles individuelles                      <\/li>\n<li class=\"keypoints__item keypoints__item--advantage\" role=\"listitem\"><strong>Le + :<\/strong> possibilit\u00e9 de connecter 2 zones pour faire un grand foyer pouvant accueillir de grands plats.      <\/li>\n<\/ul>","protected":false},"featured_media":23048,"template":"","meta":{"_glsr_average":0,"_glsr_ranking":0,"_glsr_reviews":0},"product_cat":[217],"product_tag":[131,218,219],"class_list":{"0":"post-37995","1":"product","2":"type-product","3":"status-publish","4":"has-post-thumbnail","6":"product_cat-plaque-induction","7":"product_tag-gros-electromenager","8":"product_tag-plaque-de-cuisson","9":"product_tag-plaque-induction","11":"first","12":"instock","13":"sale","14":"shipping-taxable","15":"purchasable","16":"product-type-simple"},"_links":{"self":[{"href":"https:\/\/electromenagerexpress.com\/en\/wp-json\/wp\/v2\/product\/37995","targetHints":{"allow":["GET"]}}],"collection":[{"href":"https:\/\/electromenagerexpress.com\/en\/wp-json\/wp\/v2\/product"}],"about":[{"href":"https:\/\/electromenagerexpress.com\/en\/wp-json\/wp\/v2\/types\/product"}],"wp:featuredmedia":[{"embeddable":true,"href":"https:\/\/electromenagerexpress.com\/en\/wp-json\/wp\/v2\/media\/23048"}],"wp:attachment":[{"href":"https:\/\/electromenagerexpress.com\/en\/wp-json\/wp\/v2\/media?parent=37995"}],"wp:term":[{"taxonomy":"product_cat","embeddable":true,"href":"https:\/\/electromenagerexpress.com\/en\/wp-json\/wp\/v2\/product_cat?post=37995"},{"taxonomy":"product_tag","embeddable":true,"href":"https:\/\/electromenagerexpress.com\/en\/wp-json\/wp\/v2\/product_tag?post=37995"}],"curies":[{"name":"wp","href":"https:\/\/api.w.org\/{rel}","templated":true}]}}