{"id":37994,"date":"2024-11-21T13:43:05","date_gmt":"2024-11-21T13:43:05","guid":{"rendered":"https:\/\/electromenagerexpress.com\/product\/table-inductionwhirlpoolwfs9860cpne-cleanprotect\/"},"modified":"2024-11-21T13:43:07","modified_gmt":"2024-11-21T13:43:07","slug":"table-inductionwhirlpoolwfs9860cpne-cleanprotect","status":"publish","type":"product","link":"https:\/\/electromenagerexpress.com\/en\/product\/table-inductionwhirlpoolwfs9860cpne-cleanprotect\/","title":{"rendered":"Table induction\t\t\t\t\t\t\tWHIRLPOOL\t\t\t\tWFS9860CPNE CleanProtect"},"content":{"rendered":"<div class=\"product-features__content\">\n<ul role=\"list\">\n<li class=\"product-features__item\" role=\"listitem\">\n<h3 class=\"product-features__label\">Cuisson<\/h3>\n<ul role=\"list\">\n<li class=\"product-features__item-list__item\" role=\"listitem\"><span class=\"is--medium\">Type de table :<\/span> induction, mont\u00e9e tr\u00e8s rapide en temp\u00e9rature, gestion pr\u00e9cise de la cuisson et grande facilit\u00e9 d&rsquo;entretien. C&rsquo;est le meilleur compromis consommation d&rsquo;\u00e9nergie \/ s\u00e9curit\u00e9 \/ entretien.\t\t\t\t\t<\/li>\n<li class=\"product-features__item-list__item\" role=\"listitem\"><span class=\"is--medium\">Puissance totale :<\/span> 7.200 W\t\t\t\t\t<\/li>\n<li class=\"product-features__item-list__item\" role=\"listitem\"><span class=\"is--medium\">Amp\u00e9rage requis pour l&rsquo;installation :<\/span> 32 A + 16 A\t\t\t\t\t<\/li>\n<li class=\"product-features__item-list__item\" role=\"listitem\"><span class=\"is--medium\">Nombre de foyers :<\/span> 3\t\t\t\t\t<\/li>\n<li class=\"product-features__item-list__item\" role=\"listitem\"><span class=\"is--medium\">Dimension foyer arri\u00e8re gauche :<\/span> 19,0 cm\t\t\t\t\t<\/li>\n<li class=\"product-features__item-list__item\" role=\"listitem\"><span class=\"is--medium\">Dimension foyer avant gauche :<\/span> 19,0 cm\t\t\t\t\t<\/li>\n<li class=\"product-features__item-list__item\" role=\"listitem\"><span class=\"is--medium\">Dimension foyer arri\u00e8re droit :<\/span> 15,0 cm\t\t\t\t\t<\/li>\n<li class=\"product-features__item-list__item\" role=\"listitem\"><span class=\"is--medium\">Foyer modulable :<\/span> zone flexible, permet d&rsquo;avoir une homog\u00e9n\u00e9it\u00e9 de la chaleur sur toute la zone et s&rsquo;adapte automatiquement \u00e0 la taille de votre casserolerie.\t\t\t\t\t<\/li>\n<li class=\"product-features__item-list__item\" role=\"listitem\"><span class=\"is--medium\">S\u00e9curit\u00e9s :<\/span> coupure en cas de d\u00e9bordement, anti surchauffe, verrouillage du clavier, t\u00e9moin de chaleur r\u00e9siduelle, d\u00e9tection d&rsquo;absence de r\u00e9cipient, d\u00e9tection de petits objets, t\u00e9moin de mise sous tension\t\t\t\t\t<\/li>\n<\/ul>\n<\/li>\n<li class=\"product-features__item\" role=\"listitem\">\n<h3 class=\"product-features__label\">Commandes<\/h3>\n<ul role=\"list\">\n<li class=\"product-features__item-list__item\" role=\"listitem\"><span class=\"is--medium\">Type de commandes :<\/span> tactiles individuelles, une commande d\u00e9di\u00e9e par foyer\t\t\t\t\t<\/li>\n<li class=\"product-features__item-list__item\" role=\"listitem\"><span class=\"is--medium\">Nombre de boosters :<\/span> 3\t\t\t\t\t<\/li>\n<li class=\"product-features__item-list__item\" role=\"listitem\"><span class=\"is--medium\">Le saviez-vous ? :<\/span> le booster permet un acc\u00e8s direct \u00e0 la puissance maximale. Id\u00e9al pour porter \u00e0 \u00e9bullition ou saisir les viandes\t\t\t\t\t<\/li>\n<li class=\"product-features__item-list__item\" role=\"listitem\"><span class=\"is--medium\">Nombre de minuteurs :<\/span> 3\t\t\t\t\t<\/li>\n<li class=\"product-features__item-list__item\" role=\"listitem\"><span class=\"is--medium\">Le saviez-vous ? :<\/span> le minuteur arr\u00eate le foyer concern\u00e9 une fois le temps \u00e9coul\u00e9\t\t\t\t\t<\/li>\n<\/ul>\n<\/li>\n<li class=\"product-features__item\" role=\"listitem\">\n<h3 class=\"product-features__label\">Confort d&rsquo;utilisation<\/h3>\n<ul role=\"list\">\n<li class=\"product-features__item-list__item\" role=\"listitem\"><span class=\"is--medium\">Le saviez-vous ? :<\/span> Ces fonctions de cuisson sont directement accessibles sur le bandeau de commande. Facilit\u00e9 et gain de temps.\t\t\t\t\t<\/li>\n<li class=\"product-features__item-list__item\" role=\"listitem\"><span class=\"is--medium\">Table connect\u00e9e Wifi :<\/span> non\t\t\t\t\t<\/li>\n<li class=\"product-features__item-list__item\" role=\"listitem\"><span class=\"is--medium\">Application d\u00e9di\u00e9e :<\/span> Sans application\t\t\t\t\t<\/li>\n<li class=\"product-features__item-list__item\" role=\"listitem\"><span class=\"is--medium\">Sonde de cuisson :<\/span> non\t\t\t\t\t<\/li>\n<\/ul>\n<\/li>\n<li class=\"product-features__item\" role=\"listitem\">\n<h3 class=\"product-features__label\">Design<\/h3>\n<ul role=\"list\">\n<li class=\"product-features__item-list__item\" role=\"listitem\"><span class=\"is--medium\">Coloris :<\/span> Noir\t\t\t\t\t<\/li>\n<li class=\"product-features__item-list__item\" role=\"listitem\"><span class=\"is--medium\">Mati\u00e8re des grilles :<\/span> non concern\u00e9\t\t\t\t\t<\/li>\n<li class=\"product-features__item-list__item\" role=\"listitem\"><span class=\"is--medium\">Couleur de l&rsquo;affichage :<\/span> rouge\t\t\t\t\t<\/li>\n<\/ul>\n<\/li>\n<li class=\"product-features__item\" role=\"listitem\">\n<h3 class=\"product-features__label\">Dimensions<\/h3>\n<ul role=\"list\">\n<li class=\"product-features__item-list__item\" role=\"listitem\"><span class=\"is--medium\">LxHxP (encastrement) :<\/span> 56 x 2.8 x 48 cm\t\t\t\t\t<\/li>\n<li class=\"product-features__item-list__item\" role=\"listitem\"><span class=\"is--medium\">Dimensions l x h x p :<\/span> 59 x 5.4 x 51 cm\t\t\t\t\t<\/li>\n<li class=\"product-features__item-list__item\" role=\"listitem\"><span class=\"is--medium\">Poids net :<\/span> 9,40 Kg\t\t\t\t\t<\/li>\n<\/ul>\n<\/li>\n<li class=\"product-features__item\" role=\"listitem\">\n<h3 class=\"product-features__label\">Informations compl\u00e9mentaires<\/h3>\n<ul role=\"list\">\n<li class=\"product-features__item-list__item\" role=\"listitem\"><span class=\"is--medium\">Fabriqu\u00e9 en :<\/span> Italie\t\t\t\t\t<\/li>\n<li class=\"product-features__item-list__item\" role=\"listitem\"><span class=\"is--medium\">Garantie :<\/span> 2 ans\t\t\t\t\t<\/li>\n<li class=\"product-features__item-list__item\" role=\"listitem\"><span class=\"is--medium\">Disponibilit\u00e9 des pi\u00e8ces d\u00e9tach\u00e9es (donn\u00e9es fournisseur) :<\/span> Pendant 10 ans, \u00e0 compter de la date d&rsquo;achat\t\t\t\t\t<\/li>\n<\/ul>\n<\/li>\n<\/ul>\n<\/div>\n<div class=\"product__disclosure-content\">\n<div class=\"js-read-more product-description__content read-more read-more--truncated\" data-read-more-name=\"description\" style=\"max-height: 500px; overflow: hidden;\">\n<h3>Plaque \u00e0 induction Whirlpool : cuisinez \u00e0 votre rythme.<\/h3>\n<p>\u00a0<\/p>\n<p><img fetchpriority=\"high\" decoding=\"async\" alt=\"URL SCENE7\" class=\"wy_tableau_gauche\" height=\"225\" src=\"https:\/\/boulanger.scene7.com\/is\/image\/Boulanger\/8003437644580_h_f_l_2?wid=1000\" width=\"400\"\/>Les <strong>fonctions automatiques 6\u00e8me Sens<\/strong> pour vous simplifier la cuisine.<br \/>Exploitez pleinement vos talents de cuisinier gr\u00e2ce \u00e0 cette plaque induction adapt\u00e9e \u00e0 vos besoins. Cette plaque dispose de 4 fonctions sp\u00e9ciales pr\u00e9programm\u00e9es, disponibles sur les 4 foyers : faire bouillir, faire fondre (parfait pour le chocolat, le beurre ou les sauces l\u00e9g\u00e8res), faire mijoter pour des cuissons lentes sans dess\u00e9cher les aliments, et maintenir au chaud. Il vous suffit de s\u00e9lectionner la fonction souhait\u00e9e, et la plaque ajuste automatiquement la puissance id\u00e9ale en fonction de la m\u00e9thode de cuisson choisie.<\/p>\n<p>\u00a0<\/p>\n<p><img decoding=\"async\" alt=\"URL SCENE7\" class=\"wy_tableau_right\" height=\"346\" src=\"https:\/\/boulanger.scene7.com\/is\/image\/Boulanger\/8003437644580_h_f_l_0?wid=1000\" width=\"400\"\/><\/p>\n<p>\u00a0<\/p>\n<p>Une plaque induction qui reste intacte m\u00eame lorsque l&rsquo;eau d\u00e9borde, c&rsquo;est possible ! Gr\u00e2ce \u00e0 son rev\u00eatement exclusif <strong>Clean Protect<\/strong>, le nettoyage devient un jeu d&rsquo;enfant : en quelques secondes et uniquement avec de l&rsquo;eau. Cette plaque, la plus facile \u00e0 nettoyer*, est prot\u00e9g\u00e9e contre les taches et les halos, vous permettant ainsi d&rsquo;\u00e9conomiser du temps, du d\u00e9tergent et des efforts.<\/p>\n<p>*Par rapport \u00e0 une plaque de cuisson Whirlpool sans rev\u00eatement<\/p>\n<p>\u00a0<\/p>\n<p>\u00a0<\/p>\n<p>\u00a0<\/p>\n<p>\u00a0<\/p>\n<p><img decoding=\"async\" alt=\"URL SCENE7\" class=\"wy_tableau_gauche\" height=\"225\" src=\"https:\/\/boulanger.scene7.com\/is\/image\/Boulanger\/8003437644580_h_f_l_3?wid=1000\" width=\"400\"\/>La fonction <strong>FlexiSide<\/strong> vous propose une surface de cuisson compos\u00e9e de 4 inducteurs, que vous pouvez utiliser soit en deux zones distinctes, soit en une grande zone unique. Elle est donc id\u00e9ale pour maintenir au chaud de grands plats comme les terrines. B\u00e9n\u00e9ficiez \u00e9galement de 3 niveaux de temp\u00e9rature diff\u00e9rents en d\u00e9pla\u00e7ant simplement votre r\u00e9cipient sur la zone FlexiSide, pour une cuisine plus fluide. D&rsquo;un simple geste, passez d&rsquo;une temp\u00e9rature \u00e9lev\u00e9e \u00e0 une fonction maintien au chaud. Pour une fois, \u00eatre interrompu en cuisine ne vous d\u00e9rangera pas !<\/p>\n<p>De plus, gr\u00e2ce au slider \u00e0 acc\u00e8s direct, r\u00e9glez facilement et rapidement la temp\u00e9rature d&rsquo;un foyer sans avoir \u00e0 appuyer plusieurs fois sur les touches &#8211; il vous suffit de faire glisser.<\/p>\n<p>\u00a0<\/p>\n<\/p>\n<\/div>\n<p><bl-button a11yexpanded=\"false\" arialabel=\"Afficher toute la description\" class=\"read-more__btn\" full=\"false\" link=\"true\"><\/bl-button><\/div>","protected":false},"excerpt":{"rendered":"<div class=\"keypoints\">\n<h3 class=\"keypoints__title\">Les points cl\u00e9s<\/h3>\n<ul role=\"list\">\n<li class=\"keypoints__item\" role=\"listitem\">                                        Encastrement standard : L 56 cm                      <\/li>\n<li class=\"keypoints__item\" role=\"listitem\">                          Nombre de foyers : 3 &#8211;                                                      Zone modulable : zone flexible                      <\/li>\n<li class=\"keypoints__item\" role=\"listitem\">                                        Type de commandes : tactiles individuelles                      <\/li>\n<li class=\"keypoints__item\" role=\"listitem\">                                        Sp\u00e9cificit\u00e9s : Acc\u00e8s direct                      <\/li>\n<li class=\"keypoints__item keypoints__item--advantage\" role=\"listitem\"><strong>Le + :<\/strong> rev\u00eatement CleanProtect \u00e9limine toutes les t\u00e2ches avec de l&rsquo;eau uniquement, fonctions automatiques.      <\/li>\n<\/ul>","protected":false},"featured_media":23038,"template":"","meta":{"_glsr_average":0,"_glsr_ranking":0,"_glsr_reviews":0},"product_cat":[217],"product_tag":[131,218,219],"class_list":{"0":"post-37994","1":"product","2":"type-product","3":"status-publish","4":"has-post-thumbnail","6":"product_cat-plaque-induction","7":"product_tag-gros-electromenager","8":"product_tag-plaque-de-cuisson","9":"product_tag-plaque-induction","11":"first","12":"instock","13":"sale","14":"shipping-taxable","15":"purchasable","16":"product-type-simple"},"_links":{"self":[{"href":"https:\/\/electromenagerexpress.com\/en\/wp-json\/wp\/v2\/product\/37994","targetHints":{"allow":["GET"]}}],"collection":[{"href":"https:\/\/electromenagerexpress.com\/en\/wp-json\/wp\/v2\/product"}],"about":[{"href":"https:\/\/electromenagerexpress.com\/en\/wp-json\/wp\/v2\/types\/product"}],"wp:featuredmedia":[{"embeddable":true,"href":"https:\/\/electromenagerexpress.com\/en\/wp-json\/wp\/v2\/media\/23038"}],"wp:attachment":[{"href":"https:\/\/electromenagerexpress.com\/en\/wp-json\/wp\/v2\/media?parent=37994"}],"wp:term":[{"taxonomy":"product_cat","embeddable":true,"href":"https:\/\/electromenagerexpress.com\/en\/wp-json\/wp\/v2\/product_cat?post=37994"},{"taxonomy":"product_tag","embeddable":true,"href":"https:\/\/electromenagerexpress.com\/en\/wp-json\/wp\/v2\/product_tag?post=37994"}],"curies":[{"name":"wp","href":"https:\/\/api.w.org\/{rel}","templated":true}]}}