{"id":37993,"date":"2024-11-21T13:43:02","date_gmt":"2024-11-21T13:43:02","guid":{"rendered":"https:\/\/electromenagerexpress.com\/product\/table-induction-aspiranteciarracd834bbfbeh\/"},"modified":"2024-11-21T13:43:04","modified_gmt":"2024-11-21T13:43:04","slug":"table-induction-aspiranteciarracd834bbfbeh","status":"publish","type":"product","link":"https:\/\/electromenagerexpress.com\/en\/product\/table-induction-aspiranteciarracd834bbfbeh\/","title":{"rendered":"Table induction aspirante\t\t\t\t\t\t\tCIARRA\t\t\t\tCD834BBFBEH"},"content":{"rendered":"<div class=\"product-features__content\">\n<ul role=\"list\">\n<li class=\"product-features__item\" role=\"listitem\">\n<h3 class=\"product-features__label\">Cuisson<\/h3>\n<ul role=\"list\">\n<li class=\"product-features__item-list__item\" role=\"listitem\"><span class=\"is--medium\">Type de table :<\/span> induction avec hotte int\u00e9gr\u00e9e, solution pratique et esth\u00e9tique pour combiner la table de cuisson et la hotte. Elle n\u00e9cessite un encastrement sp\u00e9cifique (voir infos dimensions).\t\t\t\t\t<\/li>\n<li class=\"product-features__item-list__item\" role=\"listitem\"><span class=\"is--medium\">Puissance totale :<\/span> 7.000 W\t\t\t\t\t<\/li>\n<li class=\"product-features__item-list__item\" role=\"listitem\"><span class=\"is--medium\">Amp\u00e9rage requis pour l&rsquo;installation :<\/span> 32 A\t\t\t\t\t<\/li>\n<li class=\"product-features__item-list__item\" role=\"listitem\"><span class=\"is--medium\">Nombre de foyers :<\/span> 4\t\t\t\t\t<\/li>\n<li class=\"product-features__item-list__item\" role=\"listitem\"><span class=\"is--medium\">Dimension du grand foyer :<\/span> 18,0 cm\t\t\t\t\t<\/li>\n<li class=\"product-features__item-list__item\" role=\"listitem\"><span class=\"is--medium\">Dimension foyer arri\u00e8re gauche :<\/span> 18,0 cm\t\t\t\t\t<\/li>\n<li class=\"product-features__item-list__item\" role=\"listitem\"><span class=\"is--medium\">Dimension foyer avant gauche :<\/span> 18,0 cm\t\t\t\t\t<\/li>\n<li class=\"product-features__item-list__item\" role=\"listitem\"><span class=\"is--medium\">Dimension foyer arri\u00e8re droit :<\/span> 16,0 cm\t\t\t\t\t<\/li>\n<li class=\"product-features__item-list__item\" role=\"listitem\"><span class=\"is--medium\">Dimension foyer avant droit :<\/span> 18,0 cm\t\t\t\t\t<\/li>\n<li class=\"product-features__item-list__item\" role=\"listitem\"><span class=\"is--medium\">Foyer modulable :<\/span> zone flexible, permet d&rsquo;avoir une homog\u00e9n\u00e9it\u00e9 de la chaleur sur toute la zone et s&rsquo;adapte automatiquement \u00e0 la taille de votre casserolerie.\t\t\t\t\t<\/li>\n<li class=\"product-features__item-list__item\" role=\"listitem\"><span class=\"is--medium\">S\u00e9curit\u00e9s :<\/span> arr\u00eat automatique, coupure en cas de d\u00e9bordement, anti surchauffe, verrouillage du clavier, t\u00e9moin de chaleur r\u00e9siduelle, d\u00e9tection d&rsquo;absence de r\u00e9cipient, d\u00e9tection de petits objets, t\u00e9moin de mise sous tension\t\t\t\t\t<\/li>\n<\/ul>\n<\/li>\n<li class=\"product-features__item\" role=\"listitem\">\n<h3 class=\"product-features__label\">Commandes<\/h3>\n<ul role=\"list\">\n<li class=\"product-features__item-list__item\" role=\"listitem\"><span class=\"is--medium\">Type de commandes :<\/span> tactiles individuelles, une commande d\u00e9di\u00e9e par foyer\t\t\t\t\t<\/li>\n<li class=\"product-features__item-list__item\" role=\"listitem\"><span class=\"is--medium\">Emplacement des commandes :<\/span> frontal\t\t\t\t\t<\/li>\n<li class=\"product-features__item-list__item\" role=\"listitem\"><span class=\"is--medium\">Nombre de niveau de puissance :<\/span> 9\t\t\t\t\t<\/li>\n<li class=\"product-features__item-list__item\" role=\"listitem\"><span class=\"is--medium\">Le saviez-vous ? :<\/span> plus le nombre de niveau de puissance est \u00e9lev\u00e9, plus il sera possible de ma\u00eetriser la cuisson de vos aliments.\t\t\t\t\t<\/li>\n<li class=\"product-features__item-list__item\" role=\"listitem\"><span class=\"is--medium\">Nombre de boosters :<\/span> 4\t\t\t\t\t<\/li>\n<li class=\"product-features__item-list__item\" role=\"listitem\"><span class=\"is--medium\">Le saviez-vous ? :<\/span> le booster permet un acc\u00e8s direct \u00e0 la puissance maximale. Id\u00e9al pour porter \u00e0 \u00e9bullition ou saisir les viandes\t\t\t\t\t<\/li>\n<li class=\"product-features__item-list__item\" role=\"listitem\"><span class=\"is--medium\">Nombre de minuteurs :<\/span> 4\t\t\t\t\t<\/li>\n<li class=\"product-features__item-list__item\" role=\"listitem\"><span class=\"is--medium\">Le saviez-vous ? :<\/span> le minuteur arr\u00eate le foyer concern\u00e9 une fois le temps \u00e9coul\u00e9\t\t\t\t\t<\/li>\n<\/ul>\n<\/li>\n<li class=\"product-features__item\" role=\"listitem\">\n<h3 class=\"product-features__label\">Confort d&rsquo;utilisation<\/h3>\n<ul role=\"list\">\n<li class=\"product-features__item-list__item\" role=\"listitem\"><span class=\"is--medium\">Fonction \u00ab\u00a0pause\u00a0\u00bb m\u00e9morisation de programmes :<\/span> oui, permet de mettre en pause la cuisson puis relancer en conservant les r\u00e9glages\t\t\t\t\t<\/li>\n<li class=\"product-features__item-list__item\" role=\"listitem\"><span class=\"is--medium\">Zone de temp\u00e9rature modulable :<\/span> permet de changer la puissance de chauffe automatiquement en faisant glisser votre casserolerie sur la zone flexible de votre table de cuisson.\t\t\t\t\t<\/li>\n<li class=\"product-features__item-list__item\" role=\"listitem\"><span class=\"is--medium\">D\u00e9marrage rapide :<\/span> votre plaque d\u00e9tecte automatiquement l&rsquo;endroit o\u00f9 la casserolerie est pos\u00e9e et vous permet de choisir la puissance sans devoir s\u00e9lectionner la zone de cuisson.\t\t\t\t\t<\/li>\n<li class=\"product-features__item-list__item\" role=\"listitem\"><span class=\"is--medium\">Programmes pr\u00e9-d\u00e9finis :<\/span> Fonction de zone de temp\u00e9rature modulable :, Fonction d\u00e9marrage rapide\t\t\t\t\t<\/li>\n<li class=\"product-features__item-list__item\" role=\"listitem\"><span class=\"is--medium\">Interconnexion table\/hotte :<\/span> Oui. Une fois la table de cuisson active, l&rsquo;\u00e9clairage de la hotte compatible s&rsquo;enclenche et r\u00e8gle la puissance d&rsquo;aspiration en automatique.\t\t\t\t\t<\/li>\n<li class=\"product-features__item-list__item\" role=\"listitem\"><span class=\"is--medium\">Table connect\u00e9e Wifi :<\/span> non\t\t\t\t\t<\/li>\n<li class=\"product-features__item-list__item\" role=\"listitem\"><span class=\"is--medium\">Application d\u00e9di\u00e9e :<\/span> Sans application\t\t\t\t\t<\/li>\n<li class=\"product-features__item-list__item\" role=\"listitem\"><span class=\"is--medium\">Sonde de cuisson :<\/span> non\t\t\t\t\t<\/li>\n<\/ul>\n<\/li>\n<li class=\"product-features__item\" role=\"listitem\">\n<h3 class=\"product-features__label\">Design<\/h3>\n<ul role=\"list\">\n<li class=\"product-features__item-list__item\" role=\"listitem\"><span class=\"is--medium\">Coloris :<\/span> Verre noir\t\t\t\t\t<\/li>\n<li class=\"product-features__item-list__item\" role=\"listitem\"><span class=\"is--medium\">Nombre de grilles :<\/span> 1\t\t\t\t\t<\/li>\n<li class=\"product-features__item-list__item\" role=\"listitem\"><span class=\"is--medium\">Mati\u00e8re des grilles :<\/span> inox\t\t\t\t\t<\/li>\n<li class=\"product-features__item-list__item\" role=\"listitem\"><span class=\"is--medium\">Installation \u00e0 fleur du plan de travail :<\/span> oui, la table est positionn\u00e9e au m\u00eame niveau que le plan de travail . Esth\u00e9tique et Facilit\u00e9 d&rsquo;entretien\t\t\t\t\t<\/li>\n<li class=\"product-features__item-list__item\" role=\"listitem\"><span class=\"is--medium\">Couleur de l&rsquo;affichage :<\/span> rouge\t\t\t\t\t<\/li>\n<\/ul>\n<\/li>\n<li class=\"product-features__item\" role=\"listitem\">\n<h3 class=\"product-features__label\">Hotte int\u00e9gr\u00e9e<\/h3>\n<ul role=\"list\">\n<li class=\"product-features__item-list__item\" role=\"listitem\"><span class=\"is--medium\">Type d&rsquo;\u00e9vacuation :<\/span> \u00e9vacuation et recyclage\t\t\t\t\t<\/li>\n<li class=\"product-features__item-list__item\" role=\"listitem\"><span class=\"is--medium\">Moteur \u00e0 induction :<\/span> la combinaison parfaite entre puissance, silence, fiabilit\u00e9 et faible consommation \u00e9nerg\u00e9tique.\t\t\t\t\t<\/li>\n<li class=\"product-features__item-list__item\" role=\"listitem\"><span class=\"is--medium\">D\u00e9bit d&rsquo;air max :<\/span> 500 m\u00b3\/h\t\t\t\t\t<\/li>\n<li class=\"product-features__item-list__item\" role=\"listitem\"><span class=\"is--medium\">Niveau sonore max :<\/span> 67 db\t\t\t\t\t<\/li>\n<li class=\"product-features__item-list__item\" role=\"listitem\"><span class=\"is--medium\">Nombre de vitesses d&rsquo;aspiration :<\/span> 5\t\t\t\t\t<\/li>\n<li class=\"product-features__item-list__item\" role=\"listitem\"><span class=\"is--medium\">Filtre \u00e0 graisse :<\/span> oui, inclus\t\t\t\t\t<\/li>\n<li class=\"product-features__item-list__item\" role=\"listitem\"><span class=\"is--medium\">Filtre \u00e0 charbon :<\/span> oui, inclus\t\t\t\t\t<\/li>\n<li class=\"product-features__item-list__item\" role=\"listitem\"><span class=\"is--medium\">Mise en marche automatique :<\/span> oui, la hotte se g\u00e8re automatiquement \u00e0 l&rsquo;allumage de la table, en s&rsquo;adaptant \u00e0 la puissance de cuisson.\t\t\t\t\t<\/li>\n<li class=\"product-features__item-list__item\" role=\"listitem\"><span class=\"is--medium\">Arr\u00eat automatique :<\/span> Oui\t\t\t\t\t<\/li>\n<\/ul>\n<\/li>\n<li class=\"product-features__item\" role=\"listitem\">\n<h3 class=\"product-features__label\">Installation de la hotte<\/h3>\n<ul role=\"list\">\n<li class=\"product-features__item-list__item\" role=\"listitem\"><span class=\"is--medium\">Kit de recyclage inclus :<\/span> Oui\t\t\t\t\t<\/li>\n<li class=\"product-features__item-list__item\" role=\"listitem\"><span class=\"is--medium\">Installation du kit recyclage sans gaine :<\/span> permet une installation optimis\u00e9e de votre table \u00e9vitant ainsi l&rsquo;utilisation de gaines et de coudes. L&rsquo;extraction de l&rsquo;air se fait directement dans le vide sanitaire de votre meuble.\t\t\t\t\t<\/li>\n<\/ul>\n<\/li>\n<li class=\"product-features__item\" role=\"listitem\">\n<h3 class=\"product-features__label\">Dimensions<\/h3>\n<ul role=\"list\">\n<li class=\"product-features__item-list__item\" role=\"listitem\"><span class=\"is--medium\">LxHxP (encastrement) :<\/span> 55.5 x 24.5 x 20 cm\t\t\t\t\t<\/li>\n<li class=\"product-features__item-list__item\" role=\"listitem\"><span class=\"is--medium\">Dimensions l x h x p :<\/span> 83 x 24.5 x 52 cm\t\t\t\t\t<\/li>\n<li class=\"product-features__item-list__item\" role=\"listitem\"><span class=\"is--medium\">Longueur du cordon d&rsquo;alimentation :<\/span> 1,00 cm\t\t\t\t\t<\/li>\n<li class=\"product-features__item-list__item\" role=\"listitem\"><span class=\"is--medium\">Poids net :<\/span> 20,00 Kg\t\t\t\t\t<\/li>\n<\/ul>\n<\/li>\n<li class=\"product-features__item\" role=\"listitem\">\n<h3 class=\"product-features__label\">Informations compl\u00e9mentaires<\/h3>\n<ul role=\"list\">\n<li class=\"product-features__item-list__item\" role=\"listitem\"><span class=\"is--medium\">Fabriqu\u00e9 en :<\/span> Chine\t\t\t\t\t<\/li>\n<li class=\"product-features__item-list__item\" role=\"listitem\"><span class=\"is--medium\">Disponibilit\u00e9 des pi\u00e8ces d\u00e9tach\u00e9es (donn\u00e9es fournisseur) :<\/span> Non communiqu\u00e9e\t\t\t\t\t<\/li>\n<\/ul>\n<\/li>\n<\/ul>\n<\/div>\n<div class=\"product__disclosure-content\">\n<div class=\"js-read-more product-description__content read-more read-more--truncated\" data-read-more-name=\"description\" style=\"max-height: 500px; overflow: hidden;\">\n<h2 style=\"text-align: center;\">Ciarra 2 en 1 table de cuisson \u00e0 induction avec hotte int\u00e9gr\u00e9e<\/h2>\n<p><\/p>\n<p>La plaque \u00e0 induction aspirante CIARRA CD834BBFBEH est une solution de cuisine innovante. Elle combine une plaque de cuisson de 83 cm \u00e0 quatre foyers, dont une <strong>zone flexible<\/strong>, avec une hotte int\u00e9gr\u00e9e offrant un d\u00e9bit maximal de <strong>484 m\u00b3\/h<\/strong>. Ce design <strong>2-en-1<\/strong> promet une cuisson efficace et \u00e9l\u00e9gante.<\/p>\n<p><\/p>\n<p>Gr\u00e2ce \u00e0 la technologie de <strong>filtration Plasma<\/strong>, elle \u00e9limine efficacement les impuret\u00e9s de l&rsquo;air, y compris les substances nocives, les bact\u00e9ries et les odeurs, gr\u00e2ce \u00e0 son g\u00e9n\u00e9rateur d&rsquo;ozone \u00e0 ionisation haute pression. Son syst\u00e8me de <strong>filtration 4-en-1<\/strong>, comprenant un filtre m\u00e9tallique \u00e0 dix couches et une <strong>lampe UVC<\/strong>, garantit un environnement de cuisine propre et sain.<\/p>\n<p><\/p>\n<p>Avec une puissance totale de<strong> 7000W<\/strong>, cette table de cuisson \u00e0 <strong>4 zones<\/strong> est ultra-performante. Les deux foyers de gauche peuvent \u00eatre combin\u00e9s pour cr\u00e9er une zone de cuisson plus grande, avec une puissance maximale de <strong>3500W<\/strong>, permettant une efficacit\u00e9 thermique optimale et une cuisson rapide. Elle offre 9 niveaux de puissance et une minuterie programmable jusqu&rsquo;\u00e0 <strong>99 minutes<\/strong>.<\/p>\n<p><\/p>\n<p>Caract\u00e9ristiques principales:<\/p>\n<p><\/p>\n<p>&#8211; Filtration multiple : Filtre en m\u00e9tal, g\u00e9n\u00e9rateur d&rsquo;ozone \u00e0 ionisation haute pression, lampe UV et filtre charbon z\u00e9olithe garantissent une purification de l&rsquo;air sup\u00e9rieure.<br \/>&#8211; Int\u00e9gration d&rsquo;espace : La conception int\u00e9gr\u00e9e \u00e9conomise de l&rsquo;espace dans la cuisine, offrant un aspect \u00e9pur\u00e9 et minimaliste.<br \/>&#8211; Fonctionnement pratique : Commandes tactiles intuitives pour un fonctionnement facile.<br \/>&#8211; Performances puissantes et faible bruit : Quatre r\u00e9glages de vitesse plus une fonction Boost, avec une aspiration allant jusqu&rsquo;\u00e0 484 m\u00b3\/h tout en maintenant un faible niveau sonore.<br \/>&#8211; \u00c9conomie d&rsquo;\u00e9nergie : Class\u00e9e A+ pour l&rsquo;efficacit\u00e9 \u00e9nerg\u00e9tique.<br \/>&#8211; Puissance r\u00e9glable \u00e0 9 niveaux, minuterie jusqu&rsquo;\u00e0 99 minutes, verrouillage pour enfants.<br \/>&#8211; Modes de fonctionnement double : Recyclage interne ou \u00e9vacuation externe au choix.<\/p>\n<p><\/p>\n<p>Sp\u00e9cifications de la Plaque de cuisson:<\/p>\n<p><\/p>\n<p>&#8211; Type de table : Induction avec hotte int\u00e9gr\u00e9e<br \/>&#8211; Dimensions : 83 x 52 x 24.5 cm<br \/>&#8211; Dimension d\u2019encastrement : 80 x 49 cm<br \/>&#8211; Puissance totale : 7000 Watts<br \/>&#8211; Nombre de foyers : 4<br \/>&#8211; Nombre de flexizone: 1<br \/>&#8211; Nombre de booster : 4<br \/>&#8211; Commande : Tactile sensitive<br \/>&#8211; Niveaux de puissance : 9<br \/>&#8211; Minuterie : 0 ~ 99 minutes<br \/>&#8211; Fonctions : Pause, Arr\u00eat automatique, Indicateur de chaleur r\u00e9siduelle, Protection contre la surchauffe, Syst\u00e8me antid\u00e9bordement, S\u00e9curit\u00e9 Enfants, D\u00e9tection des r\u00e9cipients, Verrouillage<\/p>\n<p><\/p>\n<p>D\u00e9tail des foyers :<\/p>\n<p><\/p>\n<p>&#8211; Avant gauche : 18cm &#8211; 1800W\/2200W<br \/>&#8211; Arri\u00e8re gauche : 18cm &#8211; 1800W\/2200W<br \/>&#8211; Arri\u00e8re droit : 16cm &#8211; 1200W\/1500W<br \/>&#8211; Avant droit : 18cm &#8211; 1800W\/2200W<br \/>&#8211; Foyer modulable : 3000W\/3500W<\/p>\n<p><\/p>\n<p>Sp\u00e9cifications de la Hotte:<\/p>\n<p><\/p>\n<p>&#8211; Type de fonctionnement: Recyclage ou \u00e9vacuation<br \/>&#8211; Puissance du moteur: 165 Watts<br \/>&#8211; Classe d\u2019\u00e9nergie: A+<br \/>&#8211; D\u00e9bit d\u2019air max: 484 m3\/h<br \/>&#8211; Nombre de vitesses: 5<br \/>&#8211; Fonction Booster: Oui<br \/>&#8211; Fonction particuli\u00e8re: Filtration Plasma<br \/>&#8211; Filtre: 1 filtre charbon z\u00e9olite lavable &amp; renouveler; 1 grille m\u00e9tallique<\/p>\n<p><\/p>\n<p>Puissance d\u2019aspiration et Niveau sonore:<\/p>\n<p><\/p>\n<p>&#8211; Niveau 1: 147 m\u00b3\/h &#8211; 41 dB<br \/>&#8211; Niveau 2: 208 m\u00b3\/h &#8211; 48 dB<br \/>&#8211; Niveau 3: 305 m\u00b3\/h &#8211; 56 dB<br \/>&#8211; Niveau 4: 379 m\u00b3\/h &#8211; 62 dB<br \/>&#8211; Booster : 484 m\u00b3\/h &#8211; 67 dB<\/p>\n<p><\/p>\n<p><iframe allowfullscreen=\"allowfullscreen\" frameborder=\"0\" height=\"315\" src=\"https:\/\/www.youtube.com\/embed\/d-ae_jZFXD0?si=c7RZsnpGvjxEjksq&amp;start=7\" title=\"YouTube video player\" width=\"560\"><\/iframe><\/p>\n<\/p>\n<\/div>\n<p><bl-button a11yexpanded=\"false\" arialabel=\"Afficher toute la description\" class=\"read-more__btn\" full=\"false\" link=\"true\">Voir plus<\/bl-button><\/div>","protected":false},"excerpt":{"rendered":"<div class=\"keypoints\">\n<h3 class=\"keypoints__title\">Les points cl\u00e9s<\/h3>\n<ul role=\"list\">\n<li class=\"keypoints__item\" role=\"listitem\">                                        Encastrement standard : L 55,5 cm                      <\/li>\n<li class=\"keypoints__item\" role=\"listitem\">                          Nombre de foyers : 4 &#8211;                                                      Zone modulable : zone flexible                      <\/li>\n<li class=\"keypoints__item\" role=\"listitem\">                                        Type de commandes : tactiles individuelles                      <\/li>\n<li class=\"keypoints__item\" role=\"listitem\">                                        Sp\u00e9cificit\u00e9s : Fonction \u00ab\u00a0pause\u00a0\u00bb m\u00e9morisation de programmes, Interconnexion table\/hotte                      <\/li>\n<\/ul>","protected":false},"featured_media":23029,"template":"","meta":{"_glsr_average":0,"_glsr_ranking":0,"_glsr_reviews":0},"product_cat":[217],"product_tag":[131,218,219],"class_list":{"0":"post-37993","1":"product","2":"type-product","3":"status-publish","4":"has-post-thumbnail","6":"product_cat-plaque-induction","7":"product_tag-gros-electromenager","8":"product_tag-plaque-de-cuisson","9":"product_tag-plaque-induction","11":"first","12":"instock","13":"sale","14":"shipping-taxable","15":"purchasable","16":"product-type-simple"},"_links":{"self":[{"href":"https:\/\/electromenagerexpress.com\/en\/wp-json\/wp\/v2\/product\/37993","targetHints":{"allow":["GET"]}}],"collection":[{"href":"https:\/\/electromenagerexpress.com\/en\/wp-json\/wp\/v2\/product"}],"about":[{"href":"https:\/\/electromenagerexpress.com\/en\/wp-json\/wp\/v2\/types\/product"}],"wp:featuredmedia":[{"embeddable":true,"href":"https:\/\/electromenagerexpress.com\/en\/wp-json\/wp\/v2\/media\/23029"}],"wp:attachment":[{"href":"https:\/\/electromenagerexpress.com\/en\/wp-json\/wp\/v2\/media?parent=37993"}],"wp:term":[{"taxonomy":"product_cat","embeddable":true,"href":"https:\/\/electromenagerexpress.com\/en\/wp-json\/wp\/v2\/product_cat?post=37993"},{"taxonomy":"product_tag","embeddable":true,"href":"https:\/\/electromenagerexpress.com\/en\/wp-json\/wp\/v2\/product_tag?post=37993"}],"curies":[{"name":"wp","href":"https:\/\/api.w.org\/{rel}","templated":true}]}}