{"id":37992,"date":"2024-11-21T13:42:59","date_gmt":"2024-11-21T13:42:59","guid":{"rendered":"https:\/\/electromenagerexpress.com\/product\/table-induction-aspiranteciarracdb594bbfeh\/"},"modified":"2024-11-21T13:43:01","modified_gmt":"2024-11-21T13:43:01","slug":"table-induction-aspiranteciarracdb594bbfeh","status":"publish","type":"product","link":"https:\/\/electromenagerexpress.com\/en\/product\/table-induction-aspiranteciarracdb594bbfeh\/","title":{"rendered":"Table induction aspirante\t\t\t\t\t\t\tCIARRA\t\t\t\tCDB594BBFEH"},"content":{"rendered":"<div class=\"product-features__content\">\n<ul role=\"list\">\n<li class=\"product-features__item\" role=\"listitem\">\n<h3 class=\"product-features__label\">Cuisson<\/h3>\n<ul role=\"list\">\n<li class=\"product-features__item-list__item\" role=\"listitem\"><span class=\"is--medium\">Type de table :<\/span> induction avec hotte int\u00e9gr\u00e9e, solution pratique et esth\u00e9tique pour combiner la table de cuisson et la hotte. Elle n\u00e9cessite un encastrement sp\u00e9cifique (voir infos dimensions).\t\t\t\t\t<\/li>\n<li class=\"product-features__item-list__item\" role=\"listitem\"><span class=\"is--medium\">Puissance totale :<\/span> 7.000 W\t\t\t\t\t<\/li>\n<li class=\"product-features__item-list__item\" role=\"listitem\"><span class=\"is--medium\">Amp\u00e9rage requis pour l&rsquo;installation :<\/span> 32 A\t\t\t\t\t<\/li>\n<li class=\"product-features__item-list__item\" role=\"listitem\"><span class=\"is--medium\">Nombre de foyers :<\/span> 4\t\t\t\t\t<\/li>\n<li class=\"product-features__item-list__item\" role=\"listitem\"><span class=\"is--medium\">Dimension du grand foyer :<\/span> 18,0 cm\t\t\t\t\t<\/li>\n<li class=\"product-features__item-list__item\" role=\"listitem\"><span class=\"is--medium\">Dimension foyer arri\u00e8re gauche :<\/span> 18,0 cm\t\t\t\t\t<\/li>\n<li class=\"product-features__item-list__item\" role=\"listitem\"><span class=\"is--medium\">Dimension foyer avant gauche :<\/span> 18,0 cm\t\t\t\t\t<\/li>\n<li class=\"product-features__item-list__item\" role=\"listitem\"><span class=\"is--medium\">Dimension foyer arri\u00e8re droit :<\/span> 16,0 cm\t\t\t\t\t<\/li>\n<li class=\"product-features__item-list__item\" role=\"listitem\"><span class=\"is--medium\">Dimension foyer avant droit :<\/span> 18,0 cm\t\t\t\t\t<\/li>\n<li class=\"product-features__item-list__item\" role=\"listitem\"><span class=\"is--medium\">Foyer modulable :<\/span> zone flexible, permet d&rsquo;avoir une homog\u00e9n\u00e9it\u00e9 de la chaleur sur toute la zone et s&rsquo;adapte automatiquement \u00e0 la taille de votre casserolerie.\t\t\t\t\t<\/li>\n<li class=\"product-features__item-list__item\" role=\"listitem\"><span class=\"is--medium\">S\u00e9curit\u00e9s :<\/span> arr\u00eat automatique, coupure en cas de d\u00e9bordement, anti surchauffe, verrouillage du clavier, t\u00e9moin de chaleur r\u00e9siduelle, d\u00e9tection d&rsquo;absence de r\u00e9cipient, d\u00e9tection de petits objets, t\u00e9moin de mise sous tension\t\t\t\t\t<\/li>\n<\/ul>\n<\/li>\n<li class=\"product-features__item\" role=\"listitem\">\n<h3 class=\"product-features__label\">Commandes<\/h3>\n<ul role=\"list\">\n<li class=\"product-features__item-list__item\" role=\"listitem\"><span class=\"is--medium\">Type de commandes :<\/span> tactiles individuelles, une commande d\u00e9di\u00e9e par foyer\t\t\t\t\t<\/li>\n<li class=\"product-features__item-list__item\" role=\"listitem\"><span class=\"is--medium\">Emplacement des commandes :<\/span> frontal\t\t\t\t\t<\/li>\n<li class=\"product-features__item-list__item\" role=\"listitem\"><span class=\"is--medium\">Nombre de niveau de puissance :<\/span> 9\t\t\t\t\t<\/li>\n<li class=\"product-features__item-list__item\" role=\"listitem\"><span class=\"is--medium\">Le saviez-vous ? :<\/span> plus le nombre de niveau de puissance est \u00e9lev\u00e9, plus il sera possible de ma\u00eetriser la cuisson de vos aliments.\t\t\t\t\t<\/li>\n<li class=\"product-features__item-list__item\" role=\"listitem\"><span class=\"is--medium\">Nombre de boosters :<\/span> 4\t\t\t\t\t<\/li>\n<li class=\"product-features__item-list__item\" role=\"listitem\"><span class=\"is--medium\">Le saviez-vous ? :<\/span> le booster permet un acc\u00e8s direct \u00e0 la puissance maximale. Id\u00e9al pour porter \u00e0 \u00e9bullition ou saisir les viandes\t\t\t\t\t<\/li>\n<li class=\"product-features__item-list__item\" role=\"listitem\"><span class=\"is--medium\">Nombre de minuteurs :<\/span> 4\t\t\t\t\t<\/li>\n<li class=\"product-features__item-list__item\" role=\"listitem\"><span class=\"is--medium\">Le saviez-vous ? :<\/span> le minuteur arr\u00eate le foyer concern\u00e9 une fois le temps \u00e9coul\u00e9\t\t\t\t\t<\/li>\n<\/ul>\n<\/li>\n<li class=\"product-features__item\" role=\"listitem\">\n<h3 class=\"product-features__label\">Confort d&rsquo;utilisation<\/h3>\n<ul role=\"list\">\n<li class=\"product-features__item-list__item\" role=\"listitem\"><span class=\"is--medium\">Fonction \u00ab\u00a0pause\u00a0\u00bb m\u00e9morisation de programmes :<\/span> oui, permet de mettre en pause la cuisson puis relancer en conservant les r\u00e9glages\t\t\t\t\t<\/li>\n<li class=\"product-features__item-list__item\" role=\"listitem\"><span class=\"is--medium\">Fonction contr\u00f4le automatique de la temp\u00e9rature au sein de la po\u00eale :<\/span> non\t\t\t\t\t<\/li>\n<li class=\"product-features__item-list__item\" role=\"listitem\"><span class=\"is--medium\">Zone de temp\u00e9rature modulable :<\/span> permet de changer la puissance de chauffe automatiquement en faisant glisser votre casserolerie sur la zone flexible de votre table de cuisson.\t\t\t\t\t<\/li>\n<li class=\"product-features__item-list__item\" role=\"listitem\"><span class=\"is--medium\">D\u00e9marrage rapide :<\/span> votre plaque d\u00e9tecte automatiquement l&rsquo;endroit o\u00f9 la casserolerie est pos\u00e9e et vous permet de choisir la puissance sans devoir s\u00e9lectionner la zone de cuisson.\t\t\t\t\t<\/li>\n<li class=\"product-features__item-list__item\" role=\"listitem\"><span class=\"is--medium\">Programmes pr\u00e9-d\u00e9finis :<\/span> Fonction de zone de temp\u00e9rature modulable :, Fonction d\u00e9marrage rapide\t\t\t\t\t<\/li>\n<li class=\"product-features__item-list__item\" role=\"listitem\"><span class=\"is--medium\">Interconnexion table\/hotte :<\/span> Oui. Une fois la table de cuisson active, l&rsquo;\u00e9clairage de la hotte compatible s&rsquo;enclenche et r\u00e8gle la puissance d&rsquo;aspiration en automatique.\t\t\t\t\t<\/li>\n<li class=\"product-features__item-list__item\" role=\"listitem\"><span class=\"is--medium\">Table connect\u00e9e Wifi :<\/span> non\t\t\t\t\t<\/li>\n<li class=\"product-features__item-list__item\" role=\"listitem\"><span class=\"is--medium\">Application d\u00e9di\u00e9e :<\/span> Sans application\t\t\t\t\t<\/li>\n<li class=\"product-features__item-list__item\" role=\"listitem\"><span class=\"is--medium\">Sonde de cuisson :<\/span> non\t\t\t\t\t<\/li>\n<\/ul>\n<\/li>\n<li class=\"product-features__item\" role=\"listitem\">\n<h3 class=\"product-features__label\">Design<\/h3>\n<ul role=\"list\">\n<li class=\"product-features__item-list__item\" role=\"listitem\"><span class=\"is--medium\">Coloris :<\/span> Noir\t\t\t\t\t<\/li>\n<li class=\"product-features__item-list__item\" role=\"listitem\"><span class=\"is--medium\">Mati\u00e8re des grilles :<\/span> non concern\u00e9\t\t\t\t\t<\/li>\n<li class=\"product-features__item-list__item\" role=\"listitem\"><span class=\"is--medium\">Installation \u00e0 fleur du plan de travail :<\/span> oui, la table est positionn\u00e9e au m\u00eame niveau que le plan de travail . Esth\u00e9tique et Facilit\u00e9 d&rsquo;entretien\t\t\t\t\t<\/li>\n<li class=\"product-features__item-list__item\" role=\"listitem\"><span class=\"is--medium\">Couleur de l&rsquo;affichage :<\/span> rouge\t\t\t\t\t<\/li>\n<\/ul>\n<\/li>\n<li class=\"product-features__item\" role=\"listitem\">\n<h3 class=\"product-features__label\">Hotte int\u00e9gr\u00e9e<\/h3>\n<ul role=\"list\">\n<li class=\"product-features__item-list__item\" role=\"listitem\"><span class=\"is--medium\">Type d&rsquo;\u00e9vacuation :<\/span> \u00e9vacuation et recyclage\t\t\t\t\t<\/li>\n<li class=\"product-features__item-list__item\" role=\"listitem\"><span class=\"is--medium\">Moteur \u00e0 induction :<\/span> la combinaison parfaite entre puissance, silence, fiabilit\u00e9 et faible consommation \u00e9nerg\u00e9tique.\t\t\t\t\t<\/li>\n<li class=\"product-features__item-list__item\" role=\"listitem\"><span class=\"is--medium\">D\u00e9bit d&rsquo;air max :<\/span> 500 m\u00b3\/h\t\t\t\t\t<\/li>\n<li class=\"product-features__item-list__item\" role=\"listitem\"><span class=\"is--medium\">Niveau sonore max :<\/span> 56 db\t\t\t\t\t<\/li>\n<li class=\"product-features__item-list__item\" role=\"listitem\"><span class=\"is--medium\">Nombre de vitesses d&rsquo;aspiration :<\/span> 4\t\t\t\t\t<\/li>\n<li class=\"product-features__item-list__item\" role=\"listitem\"><span class=\"is--medium\">Filtre \u00e0 graisse :<\/span> oui, inclus\t\t\t\t\t<\/li>\n<li class=\"product-features__item-list__item\" role=\"listitem\"><span class=\"is--medium\">Filtre \u00e0 charbon :<\/span> oui, inclus\t\t\t\t\t<\/li>\n<li class=\"product-features__item-list__item\" role=\"listitem\"><span class=\"is--medium\">Mise en marche automatique :<\/span> oui, la hotte se g\u00e8re automatiquement \u00e0 l&rsquo;allumage de la table, en s&rsquo;adaptant \u00e0 la puissance de cuisson.\t\t\t\t\t<\/li>\n<li class=\"product-features__item-list__item\" role=\"listitem\"><span class=\"is--medium\">Arr\u00eat automatique :<\/span> Oui\t\t\t\t\t<\/li>\n<\/ul>\n<\/li>\n<li class=\"product-features__item\" role=\"listitem\">\n<h3 class=\"product-features__label\">Installation de la hotte<\/h3>\n<ul role=\"list\">\n<li class=\"product-features__item-list__item\" role=\"listitem\"><span class=\"is--medium\">Kit de recyclage inclus :<\/span> Oui\t\t\t\t\t<\/li>\n<li class=\"product-features__item-list__item\" role=\"listitem\"><span class=\"is--medium\">Installation du kit recyclage sans gaine :<\/span> permet une installation optimis\u00e9e de votre table \u00e9vitant ainsi l&rsquo;utilisation de gaines et de coudes. L&rsquo;extraction de l&rsquo;air se fait directement dans le vide sanitaire de votre meuble.\t\t\t\t\t<\/li>\n<\/ul>\n<\/li>\n<li class=\"product-features__item\" role=\"listitem\">\n<h3 class=\"product-features__label\">Dimensions<\/h3>\n<ul role=\"list\">\n<li class=\"product-features__item-list__item\" role=\"listitem\"><span class=\"is--medium\">LxHxP (encastrement) :<\/span> 56 x 30 x 49 cm\t\t\t\t\t<\/li>\n<li class=\"product-features__item-list__item\" role=\"listitem\"><span class=\"is--medium\">Dimensions l x h x p :<\/span> 59 x 24.5 x 52 cm\t\t\t\t\t<\/li>\n<li class=\"product-features__item-list__item\" role=\"listitem\"><span class=\"is--medium\">Longueur du cordon d&rsquo;alimentation :<\/span> 1,00 cm\t\t\t\t\t<\/li>\n<li class=\"product-features__item-list__item\" role=\"listitem\"><span class=\"is--medium\">Poids net :<\/span> 17,10 Kg\t\t\t\t\t<\/li>\n<\/ul>\n<\/li>\n<li class=\"product-features__item\" role=\"listitem\">\n<h3 class=\"product-features__label\">Informations compl\u00e9mentaires<\/h3>\n<ul role=\"list\">\n<li class=\"product-features__item-list__item\" role=\"listitem\"><span class=\"is--medium\">Fabriqu\u00e9 en :<\/span> Chine\t\t\t\t\t<\/li>\n<li class=\"product-features__item-list__item\" role=\"listitem\"><span class=\"is--medium\">Disponibilit\u00e9 des pi\u00e8ces d\u00e9tach\u00e9es (donn\u00e9es fournisseur) :<\/span> Non communiqu\u00e9e\t\t\t\t\t<\/li>\n<\/ul>\n<\/li>\n<\/ul>\n<\/div>\n<div class=\"product__disclosure-content\">\n<div class=\"js-read-more product-description__content read-more read-more--truncated\" data-read-more-name=\"description\" style=\"max-height: 500px; overflow: hidden;\">\n<p><iframe allowfullscreen=\"allowfullscreen\" frameborder=\"0\" height=\"315\" src=\"https:\/\/www.youtube.com\/embed\/d-ae_jZFXD0?si=c7RZsnpGvjxEjksq&amp;start=7\" title=\"YouTube video player\" width=\"560\"><\/iframe><\/p>\n<p><\/p>\n<p>\u00a0<\/p>\n<p><\/p>\n<p>\u00a0<\/p>\n<p><\/p>\n<p>\u00a0<\/p>\n<p><\/p>\n<p>Sp\u00e9cifications\uff1a<\/p>\n<p><\/p>\n<p>\u00a0<\/p>\n<p><\/p>\n<p>Type : Plaque \u00e0 Induction et Hotte Int\u00e9gr\u00e9e<\/p>\n<p><\/p>\n<p>\u00a0<\/p>\n<p><\/p>\n<p>D\u00e9tails de Plaque \u00e0 Induction\uff1a<\/p>\n<p><\/p>\n<p>\u00a0<\/p>\n<p><\/p>\n<p>Nombre de foyer(s) : 4 foyers<\/p>\n<p><\/p>\n<p>\u00a0<\/p>\n<p><\/p>\n<p>Booster : Oui<\/p>\n<p><\/p>\n<p>\u00a0<\/p>\n<p><\/p>\n<p>Flexizone : 1 \u00e0 gauche<\/p>\n<p><\/p>\n<p>\u00a0<\/p>\n<p><\/p>\n<p>Mat\u00e9riau de la surface : Vitroc\u00e9ramique<\/p>\n<p><\/p>\n<p>\u00a0<\/p>\n<p><\/p>\n<p>Type d&rsquo;installation\uff1a\u200eDrop-In<\/p>\n<p><\/p>\n<p>\u00a0<\/p>\n<p><\/p>\n<p>Largeur de la table : 59 cm<\/p>\n<p><\/p>\n<p>\u00a0<\/p>\n<p><\/p>\n<p>Puissance totale : 7000 W<\/p>\n<p><\/p>\n<p>\u00a0<\/p>\n<p><\/p>\n<p>Tension \/ fr\u00e9quence : 220-240V \/ 50Hz<\/p>\n<p><\/p>\n<p>\u00a0<\/p>\n<p><\/p>\n<p>Courant nominal : 32A<\/p>\n<p><\/p>\n<p>\u00a0<\/p>\n<p><\/p>\n<p>Longueur du cordon d&rsquo;alimentation : 1 m<\/p>\n<p><\/p>\n<p>\u00a0<\/p>\n<p><\/p>\n<p>Ustensiles de cuisine s&rsquo;adapte : po\u00eales en fond m\u00e9gantique, par ex, en Acier, fonte, fonte \u00e9maill\u00e9e, acier inoxydable (exclu 304 acier inox)<\/p>\n<p><\/p>\n<p>\u00a0<\/p>\n<p><\/p>\n<p>\u00a0<\/p>\n<p><\/p>\n<p>Commandes<\/p>\n<p><\/p>\n<p>\u00a0<\/p>\n<p><\/p>\n<p>Type de commandes : Sensitives<\/p>\n<p><\/p>\n<p>\u00a0<\/p>\n<p><\/p>\n<p>Emplacement des commandes : Frontales<\/p>\n<p><\/p>\n<p>\u00a0<\/p>\n<p><\/p>\n<p>Niveau de puissance: 9<\/p>\n<p><\/p>\n<p>\u00a0<\/p>\n<p><\/p>\n<p>Minuteur sur chaque zone: 0 &#8211; 99 minutes<\/p>\n<p><\/p>\n<p>\u00a0<\/p>\n<p><\/p>\n<p>\u00a0<\/p>\n<p><\/p>\n<p>\u00a0<\/p>\n<p><\/p>\n<p>D\u00e9tails de foyers<\/p>\n<p><\/p>\n<p>\u00a0<\/p>\n<p><\/p>\n<p>\u00a0<\/p>\n<p><\/p>\n<p>Arri\u00e8re Gauche \u00a0: 1800W\/2200W(Booster)-\u03a618CM<\/p>\n<p><\/p>\n<p>\u00a0<\/p>\n<p><\/p>\n<p>Avant Gauche : 1800W\/2200W(Booster)-\u03a618CM<\/p>\n<p><\/p>\n<p>\u00a0<\/p>\n<p><\/p>\n<p>Avant Droit: 1800W\/2200W(Booster)-\u03a618CM<\/p>\n<p><\/p>\n<p>\u00a0<\/p>\n<p><\/p>\n<p>Casseroles applicables : \u03a614 &#8211; 26 cm<\/p>\n<p><\/p>\n<p>\u00a0<\/p>\n<p><\/p>\n<p>Ari\u00e8re Droit: 1200W\/1500W(Booster)-\u03a616CM<\/p>\n<p><\/p>\n<p>\u00a0<\/p>\n<p><\/p>\n<p>Casseroles applicables : \u03a612 &#8211; 20 cm<\/p>\n<p><\/p>\n<p>\u00a0<\/p>\n<p><\/p>\n<p>\u00a0<\/p>\n<p><\/p>\n<p>1 * Zone modulable<\/p>\n<p><\/p>\n<p>\u00a0<\/p>\n<p><\/p>\n<p>Combin\u00e9e par zones gauches<\/p>\n<p><\/p>\n<p>\u00a0<\/p>\n<p><\/p>\n<p>Puissance : 3000 W &#8211; Bosster 3500 W<\/p>\n<p><\/p>\n<p>\u00a0<\/p>\n<p><\/p>\n<p>\u00a0<\/p>\n<p><\/p>\n<p>\u00a0<\/p>\n<p><\/p>\n<p>Dimensions et Poids<\/p>\n<p><\/p>\n<p>\u00a0<\/p>\n<p><\/p>\n<p>LxHxP : 59 x 52 x 24.5 cm<\/p>\n<p><\/p>\n<p>\u00a0<\/p>\n<p><\/p>\n<p>Dimension d&rsquo;encastrement ( L x P) : 56 cm x 49 cm<\/p>\n<p><\/p>\n<p>\u00a0<\/p>\n<p><\/p>\n<p>Poids net : 17.1 Kg<\/p>\n<p><\/p>\n<p>\u00a0<\/p>\n<p><\/p>\n<p>\u00a0<\/p>\n<p><\/p>\n<p>D\u00e9tails de Hotte<\/p>\n<p><\/p>\n<p>\u00a0<\/p>\n<p><\/p>\n<p>Classe \u00e9nerg\u00e9tique : A+<\/p>\n<p><\/p>\n<p>\u00a0<\/p>\n<p><\/p>\n<p>Niveau sonore max : 67dB.<\/p>\n<p><\/p>\n<p>\u00a0<\/p>\n<p><\/p>\n<p>D\u00e9bit d&rsquo;air max : 500 m3 \/h<\/p>\n<p><\/p>\n<p>\u00a0<\/p>\n<p><\/p>\n<p>Mode de fonctionnalit\u00e9 : Recyclage ou Evacuation<\/p>\n<p><\/p>\n<p>\u00a0<\/p>\n<p><\/p>\n<p>Nombre de vitesses : 4 pr\u00e9s\u00e9lections<\/p>\n<p><\/p>\n<p>\u00a0<\/p>\n<p><\/p>\n<p>Puissance du moteur : 165W<\/p>\n<\/p>\n<p>Espace \u00c9conomis\u00e9, Aspect \u00c9pur\u00e9<br \/>La conception int\u00e9gr\u00e9e de notre plaque \u00e0 induction et hotte permet d&rsquo;\u00e9conomiser de l&rsquo;espace dans la cuisine, id\u00e9ale pour les cuisines de petite taille.<\/p>\n<p><\/p>\n<p>Filtration Multiple<br \/>Cette hotte encastr\u00e9e int\u00e8gre un filtre en acier inoxydable, un g\u00e9n\u00e9rateur de plasma \u00e0 haute pression, un filtre \u00e0 lumi\u00e8re auxiliaire et un filtre de z\u00e9olite. Compar\u00e9 aux hottes de cuisini\u00e8re utilisant du charbon actif, notre produit offre une filtration plus efficace sans obstruer le flux d&rsquo;air.<\/p>\n<p><\/p>\n<p>Efficacit\u00e9 \u00c9nerg\u00e9tique<br \/>La hotte encastr\u00e9e classe A+ offre une efficacit\u00e9 \u00e9nerg\u00e9tique exceptionnelle, contribuant ainsi \u00e0 la r\u00e9duction de la consommation d&rsquo;\u00e9nergie.<\/p>\n<p><\/p>\n<p>Puissante Aspiration, Faible Bruit<br \/>Avec 4 vitesses de ventilation et la fonction Boost, la hotte aspirante offre une aspiration puissante atteignant 500m\u00b3\/h, tout en maintenant un niveau de bruit aussi bas que 67 dB lorsqu&rsquo;il fonctionne \u00e0 pleine puissance.<\/p>\n<p><\/p>\n<p>Fonctions Multiples <br \/>Avec 9 niveaux de temp\u00e9rature r\u00e9glables, une fonction minuterie et verrouillage enfant, notre produit offre une exp\u00e9rience de cuisson s\u00fbre et pratique.<\/p>\n<p><\/p>\n<p>2 Modes de Fonctionnement<br \/>Offrant les modes de recyclage et d&rsquo;\u00e9vacuation, la hotte int\u00e9gr\u00e9e offre une flexibilit\u00e9 d&rsquo;utilisation. Veuillez noter que pour le mode d&rsquo;\u00e9vacuation externe, un conduit prolong\u00e9 doit \u00eatre achet\u00e9 s\u00e9par\u00e9ment.<\/p>\n<\/p>\n<\/div>\n<p><bl-button a11yexpanded=\"false\" arialabel=\"Afficher toute la description\" class=\"read-more__btn\" full=\"false\" link=\"true\">Voir plus<\/bl-button><\/div>","protected":false},"excerpt":{"rendered":"<div class=\"keypoints\">\n<h3 class=\"keypoints__title\">Les points cl\u00e9s<\/h3>\n<ul role=\"list\">\n<li class=\"keypoints__item\" role=\"listitem\">                                        Encastrement standard : L 56 cm                      <\/li>\n<li class=\"keypoints__item\" role=\"listitem\">                          Nombre de foyers : 4 &#8211;                                                      Zone modulable : zone flexible                      <\/li>\n<li class=\"keypoints__item\" role=\"listitem\">                                        Type de commandes : tactiles individuelles                      <\/li>\n<li class=\"keypoints__item\" role=\"listitem\">                                        Sp\u00e9cificit\u00e9s : Fonction \u00ab\u00a0pause\u00a0\u00bb m\u00e9morisation de programmes, Interconnexion table\/hotte                      <\/li>\n<\/ul>","protected":false},"featured_media":23020,"template":"","meta":{"_glsr_average":0,"_glsr_ranking":0,"_glsr_reviews":0},"product_cat":[217],"product_tag":[131,218,219],"class_list":{"0":"post-37992","1":"product","2":"type-product","3":"status-publish","4":"has-post-thumbnail","6":"product_cat-plaque-induction","7":"product_tag-gros-electromenager","8":"product_tag-plaque-de-cuisson","9":"product_tag-plaque-induction","11":"first","12":"instock","13":"sale","14":"shipping-taxable","15":"purchasable","16":"product-type-simple"},"_links":{"self":[{"href":"https:\/\/electromenagerexpress.com\/en\/wp-json\/wp\/v2\/product\/37992","targetHints":{"allow":["GET"]}}],"collection":[{"href":"https:\/\/electromenagerexpress.com\/en\/wp-json\/wp\/v2\/product"}],"about":[{"href":"https:\/\/electromenagerexpress.com\/en\/wp-json\/wp\/v2\/types\/product"}],"wp:featuredmedia":[{"embeddable":true,"href":"https:\/\/electromenagerexpress.com\/en\/wp-json\/wp\/v2\/media\/23020"}],"wp:attachment":[{"href":"https:\/\/electromenagerexpress.com\/en\/wp-json\/wp\/v2\/media?parent=37992"}],"wp:term":[{"taxonomy":"product_cat","embeddable":true,"href":"https:\/\/electromenagerexpress.com\/en\/wp-json\/wp\/v2\/product_cat?post=37992"},{"taxonomy":"product_tag","embeddable":true,"href":"https:\/\/electromenagerexpress.com\/en\/wp-json\/wp\/v2\/product_tag?post=37992"}],"curies":[{"name":"wp","href":"https:\/\/api.w.org\/{rel}","templated":true}]}}