{"id":37985,"date":"2024-11-21T13:42:31","date_gmt":"2024-11-21T13:42:31","guid":{"rendered":"https:\/\/electromenagerexpress.com\/product\/table-vitroceramiqueklarsteindelicatessa-90-flex-noir\/"},"modified":"2024-11-21T13:42:33","modified_gmt":"2024-11-21T13:42:33","slug":"table-vitroceramiqueklarsteindelicatessa-90-flex-noir","status":"publish","type":"product","link":"https:\/\/electromenagerexpress.com\/en\/product\/table-vitroceramiqueklarsteindelicatessa-90-flex-noir\/","title":{"rendered":"Table vitroc\u00e9ramique\t\t\t\t\t\t\tKLARSTEIN\t\t\t\tDelicatessa 90 Flex &#8211; Noir"},"content":{"rendered":"<div class=\"product-features__content\">\n<ul role=\"list\">\n<li class=\"product-features__item\" role=\"listitem\">\n<h3 class=\"product-features__label\">Cuisson<\/h3>\n<ul role=\"list\">\n<li class=\"product-features__item-list__item\" role=\"listitem\"><span class=\"is--medium\">Type de table :<\/span> vitroc\u00e9ramique, entretien tr\u00e8s facile gr\u00e2ce au rev\u00eatement en verre tremp\u00e9.\t\t\t\t\t<\/li>\n<li class=\"product-features__item-list__item\" role=\"listitem\"><span class=\"is--medium\">Puissance totale :<\/span> 7.400 W\t\t\t\t\t<\/li>\n<li class=\"product-features__item-list__item\" role=\"listitem\"><span class=\"is--medium\">Amp\u00e9rage requis pour l&rsquo;installation :<\/span> 31,3 A\t\t\t\t\t<\/li>\n<li class=\"product-features__item-list__item\" role=\"listitem\"><span class=\"is--medium\">Nombre de foyers :<\/span> 5\t\t\t\t\t<\/li>\n<li class=\"product-features__item-list__item\" role=\"listitem\"><span class=\"is--medium\">Foyer modulable :<\/span> zone flexible, permet d&rsquo;avoir une homog\u00e9n\u00e9it\u00e9 de la chaleur sur toute la zone et s&rsquo;adapte automatiquement \u00e0 la taille de votre casserolerie.\t\t\t\t\t<\/li>\n<li class=\"product-features__item-list__item\" role=\"listitem\"><span class=\"is--medium\">S\u00e9curit\u00e9s :<\/span> arr\u00eat automatique, anti surchauffe, verrouillage du clavier, t\u00e9moin de chaleur r\u00e9siduelle, d\u00e9tection d&rsquo;absence de r\u00e9cipient, t\u00e9moin de mise sous tension\t\t\t\t\t<\/li>\n<\/ul>\n<\/li>\n<li class=\"product-features__item\" role=\"listitem\">\n<h3 class=\"product-features__label\">Commandes<\/h3>\n<ul role=\"list\">\n<li class=\"product-features__item-list__item\" role=\"listitem\"><span class=\"is--medium\">Type de commandes :<\/span> tactiles centralis\u00e9es, permet d&rsquo;avoir un point de commande au milieu, pour choisir le foyer \u00e0 activer et d\u00e9terminer la puissance\t\t\t\t\t<\/li>\n<li class=\"product-features__item-list__item\" role=\"listitem\"><span class=\"is--medium\">Emplacement des commandes :<\/span> frontal\t\t\t\t\t<\/li>\n<li class=\"product-features__item-list__item\" role=\"listitem\"><span class=\"is--medium\">Nombre de boosters :<\/span> 4\t\t\t\t\t<\/li>\n<li class=\"product-features__item-list__item\" role=\"listitem\"><span class=\"is--medium\">Le saviez-vous ? :<\/span> le booster permet un acc\u00e8s direct \u00e0 la puissance maximale. Id\u00e9al pour porter \u00e0 \u00e9bullition ou saisir les viandes\t\t\t\t\t<\/li>\n<li class=\"product-features__item-list__item\" role=\"listitem\"><span class=\"is--medium\">Nombre de minuteurs :<\/span> 1\t\t\t\t\t<\/li>\n<li class=\"product-features__item-list__item\" role=\"listitem\"><span class=\"is--medium\">Le saviez-vous ? :<\/span> le minuteur arr\u00eate le foyer concern\u00e9 une fois le temps \u00e9coul\u00e9\t\t\t\t\t<\/li>\n<\/ul>\n<\/li>\n<li class=\"product-features__item\" role=\"listitem\">\n<h3 class=\"product-features__label\">Confort d&rsquo;utilisation<\/h3>\n<ul role=\"list\">\n<li class=\"product-features__item-list__item\" role=\"listitem\"><span class=\"is--medium\">Table connect\u00e9e Wifi :<\/span> non\t\t\t\t\t<\/li>\n<li class=\"product-features__item-list__item\" role=\"listitem\"><span class=\"is--medium\">Application d\u00e9di\u00e9e :<\/span> Sans application\t\t\t\t\t<\/li>\n<li class=\"product-features__item-list__item\" role=\"listitem\"><span class=\"is--medium\">Sonde de cuisson :<\/span> non\t\t\t\t\t<\/li>\n<\/ul>\n<\/li>\n<li class=\"product-features__item\" role=\"listitem\">\n<h3 class=\"product-features__label\">Design<\/h3>\n<ul role=\"list\">\n<li class=\"product-features__item-list__item\" role=\"listitem\"><span class=\"is--medium\">Coloris :<\/span> Noir\t\t\t\t\t<\/li>\n<li class=\"product-features__item-list__item\" role=\"listitem\"><span class=\"is--medium\">Mati\u00e8re des grilles :<\/span> non concern\u00e9\t\t\t\t\t<\/li>\n<li class=\"product-features__item-list__item\" role=\"listitem\"><span class=\"is--medium\">Couleur de l&rsquo;affichage :<\/span> rouge\t\t\t\t\t<\/li>\n<li class=\"product-features__item-list__item\" role=\"listitem\"><span class=\"is--medium\">Existe aussi en :<\/span> blanc\t\t\t\t\t<\/li>\n<\/ul>\n<\/li>\n<li class=\"product-features__item\" role=\"listitem\">\n<h3 class=\"product-features__label\">Dimensions<\/h3>\n<ul role=\"list\">\n<li class=\"product-features__item-list__item\" role=\"listitem\"><span class=\"is--medium\">LxHxP (encastrement) :<\/span> 87 x 5.7 x 49 cm\t\t\t\t\t<\/li>\n<li class=\"product-features__item-list__item\" role=\"listitem\"><span class=\"is--medium\">Dimensions l x h x p :<\/span> 90 x 6.1 x 52 cm\t\t\t\t\t<\/li>\n<li class=\"product-features__item-list__item\" role=\"listitem\"><span class=\"is--medium\">Longueur du cordon d&rsquo;alimentation :<\/span> 1,00 m\t\t\t\t\t<\/li>\n<li class=\"product-features__item-list__item\" role=\"listitem\"><span class=\"is--medium\">Poids net :<\/span> 12,00 Kg\t\t\t\t\t<\/li>\n<\/ul>\n<\/li>\n<li class=\"product-features__item\" role=\"listitem\">\n<h3 class=\"product-features__label\">Informations compl\u00e9mentaires<\/h3>\n<ul role=\"list\">\n<li class=\"product-features__item-list__item\" role=\"listitem\"><span class=\"is--medium\">Fabriqu\u00e9 en :<\/span> Chine\t\t\t\t\t<\/li>\n<li class=\"product-features__item-list__item\" role=\"listitem\"><span class=\"is--medium\">Disponibilit\u00e9 des pi\u00e8ces d\u00e9tach\u00e9es (donn\u00e9es fournisseur) :<\/span> Non communiqu\u00e9e\t\t\t\t\t<\/li>\n<\/ul>\n<\/li>\n<\/ul>\n<\/div>\n<div class=\"product__disclosure-content\">\n<div class=\"js-read-more product-description__content read-more read-more--truncated\" data-read-more-name=\"description\" style=\"max-height: 500px; overflow: hidden;\">\n<p>Une cuisson tout simplement plus flexible : la <b>plaque \u00e0 induction Klarstein<\/b><br \/>Delicatessa 90 Flex permet une utilisation optimale de l&rsquo;espace avec une consommation<br \/>d&rsquo;\u00e9nergie minimale pendant la cuisson. Elle combine l&rsquo;innovation technique avec une<br \/>apparence luxueuse et donne un nouvel \u00e9clat \u00e0 votre cuisine int\u00e9gr\u00e9e avec sa surface<br \/>en vitroc\u00e9ramique.<\/p>\n<p>La <b>plaque de cuisson encastrable Klarstein<\/b> Delicatessa 90 Flex offre cinq zones de<br \/>cuisson pour le plaisir avec une puissance totale de max. 7400 W, r\u00e9partis sur les<br \/>diff\u00e9rentes surfaces de cuisson avec 1 x 2300, 2 x 2000 W et 2 x 1500 watts<br \/>. Les<br \/>deux zones de cuisson gauche et droite se combinent pour former une zone flexible \u00e0<br \/>l&rsquo;aide de VarioHeating : gr\u00e2ce au syst\u00e8me de d\u00e9tection des casseroles, elles<br \/>s&rsquo;adaptent \u00e0 la taille des casseroles ou po\u00eales plac\u00e9es dessus avec une flexibilit\u00e9<br \/>maximale. La Delicatessa 90 Flex ne consomme ainsi que<br \/>l&rsquo;\u00e9nergie n\u00e9cessaire et permet d&rsquo;utiliser presque toutes les tailles de casseroles ou<br \/>de po\u00eales. La puissance de tous les foyers individuels ainsi que le champ flexible se<br \/>r\u00e8glent s\u00e9par\u00e9ment et disposent d&rsquo;une fonction ThermoBoost qui augmente \u00e0 nouveau la<br \/>puissance jusqu&rsquo;\u00e0 3000 W pour un chauffage rapide. En plus de la puissance, une minuterie programmable de 99 minutes maximum<br \/>et disponible pour chaque foyer et \u00e9teint la table de cuisson une fois la dur\u00e9e<br \/>r\u00e9gl\u00e9e \u00e9coul\u00e9e ou \u00e9met un signal sonore.<\/p>\n<p>Pour que tout se passe bien pendant la cuisson, la <b>cuisini\u00e8re encastrable Klarstein<\/b><br \/>Delicatessa 90 Flex dispose d&rsquo;une grande vari\u00e9t\u00e9 de protections : la protection<br \/>contre la surchauffe avec arr\u00eat automatique s&rsquo;active si un foyer devient trop chaud.<br \/>Un t\u00e9moin de chaleur r\u00e9siduelle suivant le principe EcoThermal Control ne vous<br \/>indique pas seulement qu&rsquo;une surface de cuisson juste \u00e9teinte est encore chaude. Il<br \/>permet aussi de cuisiner avec la chaleur r\u00e9siduelle pour \u00e9conomiser de l&rsquo;\u00e9nergie. La<br \/>fonction ThermalRecall m\u00e9morise la temp\u00e9rature r\u00e9gl\u00e9e et sert lorsque la cuisson est<br \/>bri\u00e8vement interrompue puis poursuivie. Vous pouvez \u00e9galement activer un verrouillage<br \/>parental pour \u00e9viter toute modification accidentelle des r\u00e9glages de cuisson.<\/p>\n<p>La <b>plaque \u00e0 induction Klarstein<\/b> Delicatessa 90 Flex impressionne visuellement avec sa<br \/>surface facile d&rsquo;entretien en vitroc\u00e9ramique, qui met en valeur la cuisini\u00e8re. La<br \/>plaque de cuisson s&rsquo;int\u00e8gre facilement dans n&rsquo;importe quel style de cuisine &#8211;<br \/>classique ou moderne. Le mat\u00e9riel n\u00e9cessaire \u00e0 l&rsquo;installation dans le plan de travail<br \/>est inclus dans la livraison.<\/p>\n<p><b>Top Features:<\/b><\/p>\n<p>\u2022 <b>A point :<\/b> puissance r\u00e9glable en 9 niveaux, minuterie d&rsquo;arr\u00eat programmable jusqu&rsquo;\u00e0<br \/>99 minutes<b>Zones de cuisson flexibles :<\/b> VarioHeating pour combiner deux zones de<br \/>cuisson utilisables ensemble comme Flexzone<b>Chaleur puissante :<\/b> puissance totale de<br \/>7400 watts\u00a0max. sur cinq zones de cuisson 2300, 2000 ou 1500 watts de puissance<br \/>individuelle<b>Touch-to-slide :<\/b> panneau de commande SenseControl avec fonction curseur<br \/>et \u00e9cran num\u00e9rique<b>Cuisson \u00e9conomique :<\/b> EcoThermal Control avec affichage de la<br \/>chaleur r\u00e9siduelle \u00e0 utiliser<b>Plus de puissance :<\/b> chaque zone de cuisson a la fonction<br \/>ThermoBoost jusqu&rsquo;\u00e0 3000 watts max pour la zone Flex<\/p>\n<p><b>Caract\u00e9ristiques:<\/b><\/p>\n<p>\u2022 Interrupteur de marche\/arr\u00eat sur le haut de l&rsquo;appareil (panneau de commande tactile)<br \/>\u2022 Puissance totale : 7400 W max. (1 x 2300, 2 x 2000 W &amp; 2 x 1500 W)<br \/>\u2022 Fonction \u00e9co : la puissance des zones de cuisson est r\u00e9duite automatiquement pour<br \/>\u00e9viter la surcharge<br \/>\u2022 4 zones de cuisson carr\u00e9es : 18 x 18 cm chacune<br \/>\u2022 Grande zone de cuisson (au milieu, ronde) : \u00d8 28 cm<br \/>\u2022 Panneau de contr\u00f4le SenseControl avec affichage num\u00e9rique du niveau de puissance et<br \/>de la minuterie<br \/>\u2022 Zones de cuisson gauche et droite combinables en zone Flex avec d\u00e9tection de<br \/>casserole<br \/>\u2022 Minuterie r\u00e9glable jusqu&rsquo;\u00e0 99 minutes<br \/>\u2022 Arr\u00eat automatique<br \/>\u2022 Protection anti surchauffe<br \/>\u2022 Verrouillage parental activable<br \/>\u2022 Cuisini\u00e8re encastr\u00e9e : \u00e0 encastrer dans une cuisine int\u00e9gr\u00e9e, pas de pose autonome<br \/>\u2022 Mat\u00e9riel de montage fourni pour l&rsquo;encastrement dans la cuisine int\u00e9gr\u00e9e<br \/>\u2022 C\u00e2ble de branchement \u00e0 5 p\u00f4les<br \/>\u2022 Alimentation : 380-415 V 3N ou 220-240 V~ | 50\/60 Hz<\/p>\n<p><b>Inclus dans la livraison:<\/b><\/p>\n<p><b>Dimensions:<\/b><\/p>\n<p>\u2022 Dimensions totales : 90 x 6,1 x 52 cm (LxHxP)<br \/>\u2022 Dimensions d&rsquo;encastrement : 87 x 5,7 x 49 cm (LxHxP)<br \/>\u2022 Largeur minimale du plan de travail autour : 5 cm<br \/>\u2022 Epaisseur minimale du plan de travail : 3 cm<br \/>\u2022 Distance minimal des \u00e9l\u00e9ments hauts situ\u00e9s au-dessus : 76 cm<br \/>\u2022 Espace libre minimal sous l&rsquo;appareil : 5 cm<br \/>\u2022 Espace pour la circulation de l&rsquo;air : min. 2 cm<br \/>\u2022 Longueur du c\u00e2ble : 1,0 m<br \/>\u2022 Poids : env. 12 kg<\/p>\n<\/div>\n<p><bl-button a11yexpanded=\"false\" arialabel=\"Afficher toute la description\" class=\"read-more__btn\" full=\"false\" link=\"true\">Voir plus<\/bl-button><\/div>","protected":false},"excerpt":{"rendered":"<div class=\"keypoints\">\n<h3 class=\"keypoints__title\">Les points cl\u00e9s<\/h3>\n<ul role=\"list\">\n<li class=\"keypoints__item\" role=\"listitem\">                                        Encastrement XL : L 87 cm                      <\/li>\n<li class=\"keypoints__item\" role=\"listitem\">                          Nombre de foyers : 5 &#8211;                                                      Zone modulable : zone flexible                      <\/li>\n<li class=\"keypoints__item\" role=\"listitem\">                                        Type de commandes : tactiles centralis\u00e9es                      <\/li>\n<\/ul>","protected":false},"featured_media":22952,"template":"","meta":{"_glsr_average":0,"_glsr_ranking":0,"_glsr_reviews":0},"product_cat":[220],"product_tag":[131,218,221],"class_list":{"0":"post-37985","1":"product","2":"type-product","3":"status-publish","4":"has-post-thumbnail","6":"product_cat-plaque-vitroceramique","7":"product_tag-gros-electromenager","8":"product_tag-plaque-de-cuisson","9":"product_tag-plaque-vitroceramique","11":"first","12":"instock","13":"sale","14":"shipping-taxable","15":"purchasable","16":"product-type-simple"},"_links":{"self":[{"href":"https:\/\/electromenagerexpress.com\/en\/wp-json\/wp\/v2\/product\/37985","targetHints":{"allow":["GET"]}}],"collection":[{"href":"https:\/\/electromenagerexpress.com\/en\/wp-json\/wp\/v2\/product"}],"about":[{"href":"https:\/\/electromenagerexpress.com\/en\/wp-json\/wp\/v2\/types\/product"}],"wp:featuredmedia":[{"embeddable":true,"href":"https:\/\/electromenagerexpress.com\/en\/wp-json\/wp\/v2\/media\/22952"}],"wp:attachment":[{"href":"https:\/\/electromenagerexpress.com\/en\/wp-json\/wp\/v2\/media?parent=37985"}],"wp:term":[{"taxonomy":"product_cat","embeddable":true,"href":"https:\/\/electromenagerexpress.com\/en\/wp-json\/wp\/v2\/product_cat?post=37985"},{"taxonomy":"product_tag","embeddable":true,"href":"https:\/\/electromenagerexpress.com\/en\/wp-json\/wp\/v2\/product_tag?post=37985"}],"curies":[{"name":"wp","href":"https:\/\/api.w.org\/{rel}","templated":true}]}}