{"id":37984,"date":"2024-11-21T13:42:28","date_gmt":"2024-11-21T13:42:28","guid":{"rendered":"https:\/\/electromenagerexpress.com\/product\/table-vitroceramiqueklarsteindelicatessa-77-hybrid-blanc\/"},"modified":"2024-11-21T13:42:30","modified_gmt":"2024-11-21T13:42:30","slug":"table-vitroceramiqueklarsteindelicatessa-77-hybrid-blanc","status":"publish","type":"product","link":"https:\/\/electromenagerexpress.com\/en\/product\/table-vitroceramiqueklarsteindelicatessa-77-hybrid-blanc\/","title":{"rendered":"Table vitroc\u00e9ramique\t\t\t\t\t\t\tKLARSTEIN\t\t\t\tDelicatessa 77 Hybrid &#8211; Blanc"},"content":{"rendered":"<div class=\"product-features__content\">\n<ul role=\"list\">\n<li class=\"product-features__item\" role=\"listitem\">\n<h3 class=\"product-features__label\">Cuisson<\/h3>\n<ul role=\"list\">\n<li class=\"product-features__item-list__item\" role=\"listitem\"><span class=\"is--medium\">Type de table :<\/span> vitroc\u00e9ramique, entretien tr\u00e8s facile gr\u00e2ce au rev\u00eatement en verre tremp\u00e9.\t\t\t\t\t<\/li>\n<li class=\"product-features__item-list__item\" role=\"listitem\"><span class=\"is--medium\">Puissance totale :<\/span> 7.000 W\t\t\t\t\t<\/li>\n<li class=\"product-features__item-list__item\" role=\"listitem\"><span class=\"is--medium\">Amp\u00e9rage requis pour l&rsquo;installation :<\/span> 27,4 A\t\t\t\t\t<\/li>\n<li class=\"product-features__item-list__item\" role=\"listitem\"><span class=\"is--medium\">Nombre de foyers :<\/span> 5\t\t\t\t\t<\/li>\n<li class=\"product-features__item-list__item\" role=\"listitem\"><span class=\"is--medium\">Foyer modulable :<\/span> zone flexible, permet d&rsquo;avoir une homog\u00e9n\u00e9it\u00e9 de la chaleur sur toute la zone et s&rsquo;adapte automatiquement \u00e0 la taille de votre casserolerie.\t\t\t\t\t<\/li>\n<li class=\"product-features__item-list__item\" role=\"listitem\"><span class=\"is--medium\">S\u00e9curit\u00e9s :<\/span> arr\u00eat automatique, anti surchauffe, verrouillage du clavier, t\u00e9moin de chaleur r\u00e9siduelle, d\u00e9tection d&rsquo;absence de r\u00e9cipient, t\u00e9moin de mise sous tension\t\t\t\t\t<\/li>\n<\/ul>\n<\/li>\n<li class=\"product-features__item\" role=\"listitem\">\n<h3 class=\"product-features__label\">Commandes<\/h3>\n<ul role=\"list\">\n<li class=\"product-features__item-list__item\" role=\"listitem\"><span class=\"is--medium\">Type de commandes :<\/span> tactiles centralis\u00e9es, permet d&rsquo;avoir un point de commande au milieu, pour choisir le foyer \u00e0 activer et d\u00e9terminer la puissance\t\t\t\t\t<\/li>\n<li class=\"product-features__item-list__item\" role=\"listitem\"><span class=\"is--medium\">Emplacement des commandes :<\/span> frontal\t\t\t\t\t<\/li>\n<li class=\"product-features__item-list__item\" role=\"listitem\"><span class=\"is--medium\">Nombre de boosters :<\/span> 2\t\t\t\t\t<\/li>\n<li class=\"product-features__item-list__item\" role=\"listitem\"><span class=\"is--medium\">Le saviez-vous ? :<\/span> le booster permet un acc\u00e8s direct \u00e0 la puissance maximale. Id\u00e9al pour porter \u00e0 \u00e9bullition ou saisir les viandes\t\t\t\t\t<\/li>\n<li class=\"product-features__item-list__item\" role=\"listitem\"><span class=\"is--medium\">Nombre de minuteurs :<\/span> 1\t\t\t\t\t<\/li>\n<li class=\"product-features__item-list__item\" role=\"listitem\"><span class=\"is--medium\">Le saviez-vous ? :<\/span> le minuteur arr\u00eate le foyer concern\u00e9 une fois le temps \u00e9coul\u00e9\t\t\t\t\t<\/li>\n<\/ul>\n<\/li>\n<li class=\"product-features__item\" role=\"listitem\">\n<h3 class=\"product-features__label\">Confort d&rsquo;utilisation<\/h3>\n<ul role=\"list\">\n<li class=\"product-features__item-list__item\" role=\"listitem\"><span class=\"is--medium\">Table connect\u00e9e Wifi :<\/span> non\t\t\t\t\t<\/li>\n<li class=\"product-features__item-list__item\" role=\"listitem\"><span class=\"is--medium\">Application d\u00e9di\u00e9e :<\/span> Sans application\t\t\t\t\t<\/li>\n<li class=\"product-features__item-list__item\" role=\"listitem\"><span class=\"is--medium\">Sonde de cuisson :<\/span> non\t\t\t\t\t<\/li>\n<\/ul>\n<\/li>\n<li class=\"product-features__item\" role=\"listitem\">\n<h3 class=\"product-features__label\">Design<\/h3>\n<ul role=\"list\">\n<li class=\"product-features__item-list__item\" role=\"listitem\"><span class=\"is--medium\">Coloris :<\/span> Blanc\t\t\t\t\t<\/li>\n<li class=\"product-features__item-list__item\" role=\"listitem\"><span class=\"is--medium\">Mati\u00e8re des grilles :<\/span> non concern\u00e9\t\t\t\t\t<\/li>\n<li class=\"product-features__item-list__item\" role=\"listitem\"><span class=\"is--medium\">Couleur de l&rsquo;affichage :<\/span> rouge\t\t\t\t\t<\/li>\n<\/ul>\n<\/li>\n<li class=\"product-features__item\" role=\"listitem\">\n<h3 class=\"product-features__label\">Dimensions<\/h3>\n<ul role=\"list\">\n<li class=\"product-features__item-list__item\" role=\"listitem\"><span class=\"is--medium\">LxHxP (encastrement) :<\/span> 77 x 5.09 x 59 cm\t\t\t\t\t<\/li>\n<li class=\"product-features__item-list__item\" role=\"listitem\"><span class=\"is--medium\">Dimensions l x h x p :<\/span> 80 x 5.5 x 52 cm\t\t\t\t\t<\/li>\n<li class=\"product-features__item-list__item\" role=\"listitem\"><span class=\"is--medium\">Longueur du cordon d&rsquo;alimentation :<\/span> 1,00 m\t\t\t\t\t<\/li>\n<li class=\"product-features__item-list__item\" role=\"listitem\"><span class=\"is--medium\">Poids net :<\/span> 12,00 Kg\t\t\t\t\t<\/li>\n<\/ul>\n<\/li>\n<li class=\"product-features__item\" role=\"listitem\">\n<h3 class=\"product-features__label\">Informations compl\u00e9mentaires<\/h3>\n<ul role=\"list\">\n<li class=\"product-features__item-list__item\" role=\"listitem\"><span class=\"is--medium\">Fabriqu\u00e9 en :<\/span> Chine\t\t\t\t\t<\/li>\n<li class=\"product-features__item-list__item\" role=\"listitem\"><span class=\"is--medium\">Disponibilit\u00e9 des pi\u00e8ces d\u00e9tach\u00e9es (donn\u00e9es fournisseur) :<\/span> Non communiqu\u00e9e\t\t\t\t\t<\/li>\n<\/ul>\n<\/li>\n<\/ul>\n<\/div>\n<div class=\"product__disclosure-content\">\n<div class=\"js-read-more product-description__content read-more read-more--truncated\" data-read-more-name=\"description\" style=\"max-height: 500px; overflow: hidden;\">\n<p>La\u00a0<b>table de cuisson encastr\u00e9e Klarstein<\/b>\u00a0Delicatessa 77 Hybrid est dot\u00e9e de quatre<br \/>foyers de cuisson pour le plaisir, d&rsquo;une puissance totale de 7000 W, r\u00e9partie en 2 x<br \/>2000 W et 2 x 1500 W sur les diff\u00e9rents foyers de cuisson qui vous permettent de<br \/>cuire simultan\u00e9ment vos aliments dans plusieurs casserolles et po\u00eales. Gr\u00e2ce<br \/>\u00e1\u00a0VarioHeating, les deux foyers de cuisson de gauche se combinent pour former une<br \/>zone flex : avec la plus grande flexibilit\u00e9 elle s&rsquo;adapte \u00e1 la taille des r\u00e9cipients gr\u00e2ce \u00e1 son syst\u00e8me de d\u00e9tection automatique. Son foyer de cuisson de droite mesure 28 cm de diam\u00e8tre<br \/>et offre donc suffisamment de place pour les grandes po\u00eales. La puissance de tous les<br \/>foyers se r\u00e8gle s\u00e9par\u00e9ment. Ils disposent \u00e9galement d&rsquo;une fonction\u00a0ThermoBoost\u00a0qui<br \/>permet d&rsquo;augmenter la puissance jusqu&rsquo;\u00e1 3500 W pour un chauffage rapide. La\u00a0<b>table de<br \/>cuisson en vitroc\u00e9ramique Klarstein<\/b>\u00a0Delicatessa 77 Hybrid se contr\u00f4le facilement via<br \/>son panneau tactile\u00a0SenseControl\u00a0int\u00e9gr\u00e9 dot\u00e9 d&rsquo;un ragulateur\u00a0Touch-to-slide\u00a0pour<br \/>r\u00e9gler la puissance et l&rsquo;affichage num\u00e9rique. En plus de la puissance, une minuterie r\u00e9glable<br \/>jusqu&rsquo;\u00e1 99 minutes peut \u00eatre programm\u00e9e pour chaque foyer de cuisson, et l&rsquo;\u00e9teint ou<br \/>\u00e9met un signal sonore une fois la dur\u00e9e \u00e9coul\u00e9e.<\/p>\n<p>Pour une cuisson sans encombre, la\u00a0<b>cuisini\u00e8re int\u00e9gr\u00e9e Klarstein<\/b>\u00a0Delicatessa 77<br \/>Hybrid dispose d&rsquo;une large gamme de s\u00e9curit\u00e9s : la protection contre la surchauffe<br \/>avec arr\u00eat automatique s&rsquo;active si l&rsquo;un des foyers chauffe trop. En outre, vous pouvez activer un verrouillage parental pour \u00e9viter toute<br \/>modification accidentelle des param\u00e8tres de cuisson.<\/p>\n<p>D&rsquo;un point de vue esth\u00e9tique, la\u00a0<b>table \u00e1 induction Klarstein<\/b>\u00a0Delicatessa 77 Hybrid<br \/>impressionne par sa surface en vitroc\u00e9ramique facile \u00e1 nettoyer qui met habilement en<br \/>sc\u00e8ne la cuisini\u00e8re \u00e1 induction. Le<br \/>mat\u00e9riel n\u00e9cessaire pour l&rsquo;encastrage est compris dans la livraison.<\/p>\n<p><b>Top Features:<\/b><\/p>\n<p>\u2022 <b>Du luxe en cuisine :<\/b>\u00a0\u00e9l\u00e9gante table de cuisson \u00e0 induction avec surface en<br \/>vitroc\u00e9ramique \u00e0 encastrer dans une cuisine int\u00e9gr\u00e9e<b>7500 watts : <\/b>puissance totale des<br \/>quatre zones de cuisson avec 1 x 2000 W &amp; 2 x 1500 W &amp; 1 x 2500 W de puissance<br \/>individuelle chacune<b>Foyers de cuisson flexibles :<\/b>\u00a0VarioHeating\u00a0pour combiner les deux<br \/>foyers de gauche et les utiliser ensemble comme zone Flex<b>Plus de puissance :<\/b>\u00a0chaque<br \/>foyer de cuisson est \u00e9quip\u00e9 de la fonction\u00a0ThermoBoost\u00a0pouvant atteindre 3500 watts<br \/>de puissance, avec un chauffage rapide<b>Bigger is better :\u00a0\u00a0<\/b>foyer de cuisson extra<br \/>large de 28 cm pour les po\u00eales \u00e0 paella<b>Cuisson peu \u00e9nergivore<br \/>:<\/b>\u00a0contr\u00f4le\u00a0EcoThermal\u00a0avec affichage de la chaleur r\u00e9siduelle utilisable<\/p>\n<p><b>Caract\u00e9ristiques:<\/b><\/p>\n<p>\u2022 Bouton de marche \/arr\u00eat sur le haut de l&rsquo;appareil (panneau de commande tactile)<br \/>\u2022 Puissance totale : 7000 W (2 x 2000 W &amp; 2 x 1500 W)<br \/>\u2022 Fonction \u00e9conomie : la puissance des foyers de cuisson est automatiquement r\u00e9duite<br \/>pour \u00e9viter la surcharge<br \/>\u2022 2 foyers de cuisson carr\u00e9s : 18 x 18 cm chacun<br \/>\u2022 Grand foyer de cuisson (\u00e0 droite, rond) : \u00d8 28 cm<br \/>\u2022 Petit foyer de cuisson (au milieu, rond) : \u00d8 16 cm<br \/>\u2022 Zone Flex : 39,5 x 19 cm<br \/>\u2022 Panneau de commande\u00a0SenseControl\u00a0avec affichage num\u00e9rique du niveau de puissance et<br \/>de la minuterie<br \/>\u2022 Foyers de cuisson de gauche combinables en zone Flex avec d\u00e9tection des casseroles<br \/>\u2022 Minuterie r\u00e9glable jusqu&rsquo;\u00e0 99 minutes<br \/>\u2022 Mise en veille automatique<br \/>\u2022 Protection contre la surchauffe<br \/>\u2022 Verrouillage parental activable<br \/>\u2022 Cuisini\u00e8re \u00e0 encastrer : con\u00e7ue pour \u00eatre encastr\u00e9e dans une cuisine int\u00e9gr\u00e9e, pas<br \/>d&rsquo;installation sur pied<br \/>\u2022 Mat\u00e9riel de montage fourni pour encastrement dans une cuisine int\u00e9gr\u00e9e<br \/>\u2022 C\u00e2ble de branchement \u00e0 5 p\u00f4les<br \/>\u2022 Alimentation : 380-415 V 3N ou 220-240 V~ | 50\/60 Hz<\/p>\n<p><b>Inclus dans la livraison:<\/b><\/p>\n<p>\u2022 1 x cuisini\u00e8re encastrable1 x mat\u00e9riel de montageManuel d&rsquo;instructions<\/p>\n<p><b>Dimensions:<\/b><\/p>\n<p>\u2022 Dimensions totales : env. 80 x 5,5 x 52 cm (lxHxP<br \/>\u2022 Dimensions de l&rsquo;installation : env. 77 x 5,1 x 49 cm (lxHxP)<br \/>\u2022 Dimensions des plaques de cuisson rectangulaires : 18 x 18 cm chacune<br \/>\u2022 Dimensions grande Plaque de cuisson (droite, ronde) : 28 cm (\u00d8)<br \/>\u2022 Dimensions de la petite plaque de cuisson (centre, rond) : 16 cm (\u00d8)<br \/>\u2022 Dimensions de la Flexzone : 39,5 x 19 cm (DxL)<br \/>\u2022 Largeur circonf\u00e9rentielle minimale du plan de travail : 5 cm<br \/>\u2022 \u00c9paisseur minimale du plan de travail : 3 cm<br \/>\u2022 Distance minimale aux pentes de la cuisine situ\u00e9es au-dessus : 76 cm<br \/>\u2022 D\u00e9gagement minimum sous l&rsquo;appareil : 5 cm<br \/>\u2022 Espace de circulation d&rsquo;air : 2 cm min.<br \/>\u2022 Longueur du c\u00e2ble : environ 100 cm<br \/>\u2022 Poids : env. 12 kg<br \/>\u2022 Puissance totale : max. 7500 W (1 x 2000 W &amp; 2 x 1500 W &amp; 1 x 2500 W)<br \/>\u2022 Alimentation \u00e9lectrique : 380-415 V 3N ou 220-240 V~ | 50\/60 Hz<\/p>\n<\/div>\n<p><bl-button a11yexpanded=\"false\" arialabel=\"Afficher toute la description\" class=\"read-more__btn\" full=\"false\" link=\"true\">Voir plus<\/bl-button><\/div>","protected":false},"excerpt":{"rendered":"<div class=\"keypoints\">\n<h3 class=\"keypoints__title\">Les points cl\u00e9s<\/h3>\n<ul role=\"list\">\n<li class=\"keypoints__item\" role=\"listitem\">                                        Encastrement XL : L 77 cm                      <\/li>\n<li class=\"keypoints__item\" role=\"listitem\">                          Nombre de foyers : 5 &#8211;                                                      Zone modulable : zone flexible                      <\/li>\n<li class=\"keypoints__item\" role=\"listitem\">                                        Type de commandes : tactiles centralis\u00e9es                      <\/li>\n<\/ul>","protected":false},"featured_media":22942,"template":"","meta":{"_glsr_average":0,"_glsr_ranking":0,"_glsr_reviews":0},"product_cat":[220],"product_tag":[131,218,221],"class_list":{"0":"post-37984","1":"product","2":"type-product","3":"status-publish","4":"has-post-thumbnail","6":"product_cat-plaque-vitroceramique","7":"product_tag-gros-electromenager","8":"product_tag-plaque-de-cuisson","9":"product_tag-plaque-vitroceramique","11":"first","12":"instock","13":"sale","14":"shipping-taxable","15":"purchasable","16":"product-type-simple"},"_links":{"self":[{"href":"https:\/\/electromenagerexpress.com\/en\/wp-json\/wp\/v2\/product\/37984","targetHints":{"allow":["GET"]}}],"collection":[{"href":"https:\/\/electromenagerexpress.com\/en\/wp-json\/wp\/v2\/product"}],"about":[{"href":"https:\/\/electromenagerexpress.com\/en\/wp-json\/wp\/v2\/types\/product"}],"wp:featuredmedia":[{"embeddable":true,"href":"https:\/\/electromenagerexpress.com\/en\/wp-json\/wp\/v2\/media\/22942"}],"wp:attachment":[{"href":"https:\/\/electromenagerexpress.com\/en\/wp-json\/wp\/v2\/media?parent=37984"}],"wp:term":[{"taxonomy":"product_cat","embeddable":true,"href":"https:\/\/electromenagerexpress.com\/en\/wp-json\/wp\/v2\/product_cat?post=37984"},{"taxonomy":"product_tag","embeddable":true,"href":"https:\/\/electromenagerexpress.com\/en\/wp-json\/wp\/v2\/product_tag?post=37984"}],"curies":[{"name":"wp","href":"https:\/\/api.w.org\/{rel}","templated":true}]}}