{"id":37982,"date":"2024-11-21T13:42:22","date_gmt":"2024-11-21T13:42:22","guid":{"rendered":"https:\/\/electromenagerexpress.com\/product\/table-vitroceramiqueklarsteindelicatessa-77-hybrid-prime\/"},"modified":"2024-11-21T13:42:23","modified_gmt":"2024-11-21T13:42:23","slug":"table-vitroceramiqueklarsteindelicatessa-77-hybrid-prime","status":"publish","type":"product","link":"https:\/\/electromenagerexpress.com\/en\/product\/table-vitroceramiqueklarsteindelicatessa-77-hybrid-prime\/","title":{"rendered":"Table vitroc\u00e9ramique\t\t\t\t\t\t\tKLARSTEIN\t\t\t\tDelicatessa 77 Hybrid Prime"},"content":{"rendered":"<div class=\"product-features__content\">\n<ul role=\"list\">\n<li class=\"product-features__item\" role=\"listitem\">\n<h3 class=\"product-features__label\">Cuisson<\/h3>\n<ul role=\"list\">\n<li class=\"product-features__item-list__item\" role=\"listitem\"><span class=\"is--medium\">Type de table :<\/span> vitroc\u00e9ramique, entretien tr\u00e8s facile gr\u00e2ce au rev\u00eatement en verre tremp\u00e9.\t\t\t\t\t<\/li>\n<li class=\"product-features__item-list__item\" role=\"listitem\"><span class=\"is--medium\">Puissance totale :<\/span> 7.000 W\t\t\t\t\t<\/li>\n<li class=\"product-features__item-list__item\" role=\"listitem\"><span class=\"is--medium\">Amp\u00e9rage requis pour l&rsquo;installation :<\/span> 27,4 A\t\t\t\t\t<\/li>\n<li class=\"product-features__item-list__item\" role=\"listitem\"><span class=\"is--medium\">Nombre de foyers :<\/span> 4\t\t\t\t\t<\/li>\n<li class=\"product-features__item-list__item\" role=\"listitem\"><span class=\"is--medium\">Foyer modulable :<\/span> zone flexible, permet d&rsquo;avoir une homog\u00e9n\u00e9it\u00e9 de la chaleur sur toute la zone et s&rsquo;adapte automatiquement \u00e0 la taille de votre casserolerie.\t\t\t\t\t<\/li>\n<li class=\"product-features__item-list__item\" role=\"listitem\"><span class=\"is--medium\">S\u00e9curit\u00e9s :<\/span> arr\u00eat automatique, anti surchauffe, verrouillage du clavier, t\u00e9moin de chaleur r\u00e9siduelle, d\u00e9tection d&rsquo;absence de r\u00e9cipient, t\u00e9moin de mise sous tension\t\t\t\t\t<\/li>\n<\/ul>\n<\/li>\n<li class=\"product-features__item\" role=\"listitem\">\n<h3 class=\"product-features__label\">Commandes<\/h3>\n<ul role=\"list\">\n<li class=\"product-features__item-list__item\" role=\"listitem\"><span class=\"is--medium\">Type de commandes :<\/span> tactiles centralis\u00e9es, permet d&rsquo;avoir un point de commande au milieu, pour choisir le foyer \u00e0 activer et d\u00e9terminer la puissance\t\t\t\t\t<\/li>\n<li class=\"product-features__item-list__item\" role=\"listitem\"><span class=\"is--medium\">Emplacement des commandes :<\/span> frontal\t\t\t\t\t<\/li>\n<li class=\"product-features__item-list__item\" role=\"listitem\"><span class=\"is--medium\">Nombre de boosters :<\/span> 2\t\t\t\t\t<\/li>\n<li class=\"product-features__item-list__item\" role=\"listitem\"><span class=\"is--medium\">Le saviez-vous ? :<\/span> le booster permet un acc\u00e8s direct \u00e0 la puissance maximale. Id\u00e9al pour porter \u00e0 \u00e9bullition ou saisir les viandes\t\t\t\t\t<\/li>\n<li class=\"product-features__item-list__item\" role=\"listitem\"><span class=\"is--medium\">Nombre de minuteurs :<\/span> 1\t\t\t\t\t<\/li>\n<li class=\"product-features__item-list__item\" role=\"listitem\"><span class=\"is--medium\">Le saviez-vous ? :<\/span> le minuteur arr\u00eate le foyer concern\u00e9 une fois le temps \u00e9coul\u00e9\t\t\t\t\t<\/li>\n<\/ul>\n<\/li>\n<li class=\"product-features__item\" role=\"listitem\">\n<h3 class=\"product-features__label\">Confort d&rsquo;utilisation<\/h3>\n<ul role=\"list\">\n<li class=\"product-features__item-list__item\" role=\"listitem\"><span class=\"is--medium\">Table connect\u00e9e Wifi :<\/span> non\t\t\t\t\t<\/li>\n<li class=\"product-features__item-list__item\" role=\"listitem\"><span class=\"is--medium\">Application d\u00e9di\u00e9e :<\/span> Sans application\t\t\t\t\t<\/li>\n<li class=\"product-features__item-list__item\" role=\"listitem\"><span class=\"is--medium\">Sonde de cuisson :<\/span> non\t\t\t\t\t<\/li>\n<\/ul>\n<\/li>\n<li class=\"product-features__item\" role=\"listitem\">\n<h3 class=\"product-features__label\">Design<\/h3>\n<ul role=\"list\">\n<li class=\"product-features__item-list__item\" role=\"listitem\"><span class=\"is--medium\">Coloris :<\/span> Noir\t\t\t\t\t<\/li>\n<li class=\"product-features__item-list__item\" role=\"listitem\"><span class=\"is--medium\">Mati\u00e8re des grilles :<\/span> non concern\u00e9\t\t\t\t\t<\/li>\n<li class=\"product-features__item-list__item\" role=\"listitem\"><span class=\"is--medium\">Couleur de l&rsquo;affichage :<\/span> rouge\t\t\t\t\t<\/li>\n<\/ul>\n<\/li>\n<li class=\"product-features__item\" role=\"listitem\">\n<h3 class=\"product-features__label\">Dimensions<\/h3>\n<ul role=\"list\">\n<li class=\"product-features__item-list__item\" role=\"listitem\"><span class=\"is--medium\">LxHxP (encastrement) :<\/span> 77 x 5.09 x 49 cm\t\t\t\t\t<\/li>\n<li class=\"product-features__item-list__item\" role=\"listitem\"><span class=\"is--medium\">Dimensions l x h x p :<\/span> 80 x 5.5 x 52 cm\t\t\t\t\t<\/li>\n<li class=\"product-features__item-list__item\" role=\"listitem\"><span class=\"is--medium\">Poids net :<\/span> 12,00 Kg\t\t\t\t\t<\/li>\n<\/ul>\n<\/li>\n<li class=\"product-features__item\" role=\"listitem\">\n<h3 class=\"product-features__label\">Informations compl\u00e9mentaires<\/h3>\n<ul role=\"list\">\n<li class=\"product-features__item-list__item\" role=\"listitem\"><span class=\"is--medium\">Fabriqu\u00e9 en :<\/span> Chine\t\t\t\t\t<\/li>\n<li class=\"product-features__item-list__item\" role=\"listitem\"><span class=\"is--medium\">Disponibilit\u00e9 des pi\u00e8ces d\u00e9tach\u00e9es (donn\u00e9es fournisseur) :<\/span> Non communiqu\u00e9e\t\t\t\t\t<\/li>\n<\/ul>\n<\/li>\n<\/ul>\n<\/div>\n<div class=\"product__disclosure-content\">\n<div class=\"js-read-more product-description__content read-more read-more--truncated\" data-read-more-name=\"description\" style=\"max-height: 500px; overflow: hidden;\">\n<p>La <b>table de cuisson encastr\u00e9e Klarstein<\/b> Delicatessa 77 Hybrid Prime offre quatre<br \/>zones de cuisson pour votre plaisir avec une puissance totale de max. 7000 watts<br \/>r\u00e9partis en 1 x 2500, 1 x 2000 et 2 x 1500 watts qui portent le contenu de vos<br \/>casseroles et po\u00eales \u00e0 \u00e9bullition aux heures de pointe. Les deux zones de cuisson de<br \/>gauche se combinent pour former une zone flexible gr\u00e2ce \u00e0 VarioHeating: gr\u00e2ce au<br \/>syst\u00e8me de d\u00e9tection des casseroles, elle s&rsquo;adapte \u00e0 la taille des po\u00eales ou<br \/>casseroles avec une flexibilit\u00e9 maximale. Votre zone de cuisson de droite de 28 cm de diam\u00e8tre offre ainsi l&rsquo;espace<br \/>n\u00e9cessaire m\u00eame pour les tr\u00e8s grandes po\u00eales. La puissance de toutes les zones et de<br \/>la zone flexible se r\u00e8glent s\u00e9par\u00e9ment et ont une fonction ThermoBoost qui augmente<br \/>la puissance pour un chauffage rapide jusqu&rsquo;\u00e0 3500 watts. La <b>table de cuisson<br \/>vitroc\u00e9ramique Klarstein<\/b> Delicatessa 77 Hybrid Prime se commande facilement avec son<br \/>\u00e9cran tactile SenseControl int\u00e9gr\u00e9 avec curseur touch to slide pour un affichage<br \/>num\u00e9rique des performances. En plus de la puissance, chaque zone de cuisson<br \/>dispose d&rsquo;une minuterie programmable de 99 minutes maximum qui \u00e9teint la table de<br \/>cuisson une fois la dur\u00e9e r\u00e9gl\u00e9e \u00e9coul\u00e9e ou \u00e9met un signal sonore.<\/p>\n<p>Pour que tout se passe bien lors de la cuisson, la <b>table de cuisson encastrable<br \/>Klarstein<\/b> Delicatessa 77 Hybrid Prime dispose d&rsquo;une grande vari\u00e9t\u00e9 de protections :<br \/>la protection contre la surchauffe avec arr\u00eat automatique s&rsquo;active si une zone de<br \/>cuisson devient trop chaude. Un indicateur de chaleur r\u00e9siduelle dans le principe<br \/>EcoThermal Control vous indique si les zones de cuisson \u00e9teintes sont encore chaudes.<br \/>La fonction ThermalRecall m\u00e9morise la temp\u00e9rature r\u00e9gl\u00e9e et sert lorsque la cuisson<br \/>est bri\u00e8vement interrompue puis reprise. Un verrouillage parental peut \u00e9galement \u00eatre<br \/>activ\u00e9 pour \u00e9viter toute modification accidentelle des r\u00e9glages de cuisson.<\/p>\n<p>La <b>table \u00e0 induction Klarstein<\/b> Delicatessa 77 Hybrid Prime impressionne visuellement<br \/>avec sa surface facile d&rsquo;entretien en vitroc\u00e9ramique et son cadre en inox bross\u00e9 qui<br \/>donne son look \u00e0 la table \u00e0 induction. La table de cuisson s&rsquo;int\u00e8gre facilement dans<br \/>n&rsquo;importe quel style de cuisine &#8211; classique ou moderne. Le mat\u00e9riel n\u00e9cessaire \u00e0<br \/>l&rsquo;installation dans le plan de travail est inclus dans la livraison.<\/p>\n<p><b>Top Features:<\/b><\/p>\n<p>\u2022 <b>Du luxe pour la cuisine :<\/b> \u00e9l\u00e9gante table de cuisson \u00e0 induction avec surface en<br \/>vitroc\u00e9ramique \u00e0 encastrer dans une cuisine int\u00e9gr\u00e9e<b>Une chaleur puissante :<\/b> puissance<br \/>totale de 7000 watts max. en 4 zones de cuisson avec 1500 \u00e0 2500 watts par zone<b>Zone<br \/>de cuisson flexible :<\/b> VarioHeating combine les zones de cuisson de gauche \u00e0 utiliser<br \/>ensemble en tant que zone Flex<b>Plus de puissance :<\/b> chaque zone de cuisson poss\u00e8de une<br \/>fonction ThermoBoost pour un chauffage rapide avec jusqu&rsquo;\u00e0 3500 watts<b>Plus c&rsquo;est mieux<br \/>:<\/b> zone de cuisson extra large de 28 cm pour les pa\u00ebllas<b>Cuisson \u00e0 \u00e9conomie d&rsquo;\u00e9nergie :<\/b><br \/>EcoThermal Control avec affichage de la chaleur r\u00e9siduelle \u00e0 utiliser<\/p>\n<p><b>Caract\u00e9ristiques:<\/b><\/p>\n<p>\u2022 Bouton de marche\/arr\u00eat sur le haut de l&rsquo;appareil (panneau de commande tactile)<br \/>\u2022 Puissance totale : 7000 W (1 x 2500 W, 1 x 2000 W &amp; 2 x 1500 W)<br \/>\u2022 Fonction \u00e9co : la puissance des zones de cuisson est automatiquement r\u00e9duite pour<br \/>\u00e9viter la surcharge<br \/>\u2022 2 zones de cuisson carr\u00e9es : 18 x 18 cm chacune<br \/>\u2022 Grande zone de cuisson (\u00e0 droite, ronde) : \u00d8 28 cm<br \/>\u2022 Petite zone de cuisson (au milieu, ronde): \u00d8 16 cm<br \/>\u2022 Zone flex : 39,5 x 19 cm<br \/>\u2022 Panneau de commande SenseControl avec minuterie et affichage num\u00e9rique de la<br \/>puissance<br \/>\u2022 Zones de cuisson de gauche combinables en une zone Flex avec d\u00e9tection de casserole<br \/>\u2022 Minuterie r\u00e9glable jusqu&rsquo;\u00e0 99 minutes<br \/>\u2022 Arr\u00eat automatique<br \/>\u2022 Protection contre la surchauffe<br \/>\u2022 Verrouillage parental activable<br \/>\u2022 Table de cuisson encastr\u00e9e : \u00e0 int\u00e9grer dans une cuisine \u00e9quip\u00e9e, pas de pose libre<br \/>\u2022 Mat\u00e9riel de montage fourni pour un encastrement dans une cuisine int\u00e9gr\u00e9e<br \/>\u2022 C\u00e2ble de branchement \u00e0 5 p\u00f4les<br \/>\u2022 Alimentation : 380-415 V 3N oder 220-240 V~ | 50\/60 Hz<\/p>\n<p><b>Inclus dans la livraison:<\/b><\/p>\n<p>\u2022 1 x table de cuisson \u00e0 induction1 x mat\u00e9riel de montageMode d&#8217;emploi en fran\u00e7ais<\/p>\n<p><b>Dimensions:<\/b><\/p>\n<p>\u2022 Dimensions totales : 80 x 5,5 x 52 cm (LxHxP)<br \/>\u2022 Dimensions d&rsquo;encastrement : 77 x 5,1 x 49 cm (LxHxP)<br \/>\u2022 Largeur minimale du plan de travail tout autour : 5 cm<br \/>\u2022 Epaisseur minimale du plan de travail : 3 cm<br \/>\u2022 Distance minimale des \u00e9l\u00e9ments de cuisine situ\u00e9s au-dessus : 76 cm<br \/>\u2022 Espace libre minimum tout autour de l&rsquo;appareil : 5 cm<br \/>\u2022 Espace de circulation de l&rsquo;air : 2 cm min.<br \/>\u2022 Longueur du c\u00e2ble : env. 100 cm<br \/>\u2022 Poids : env. 12 kg<\/p>\n<\/div>\n<p><bl-button a11yexpanded=\"false\" arialabel=\"Afficher toute la description\" class=\"read-more__btn\" full=\"false\" link=\"true\">Voir plus<\/bl-button><\/div>","protected":false},"excerpt":{"rendered":"<div class=\"keypoints\">\n<h3 class=\"keypoints__title\">Les points cl\u00e9s<\/h3>\n<ul role=\"list\">\n<li class=\"keypoints__item\" role=\"listitem\">                                        Encastrement XL : L 77 cm                      <\/li>\n<li class=\"keypoints__item\" role=\"listitem\">                          Nombre de foyers : 4 &#8211;                                                      Zone modulable : zone flexible                      <\/li>\n<li class=\"keypoints__item\" role=\"listitem\">                                        Type de commandes : tactiles centralis\u00e9es                      <\/li>\n<\/ul>","protected":false},"featured_media":22925,"template":"","meta":{"_glsr_average":0,"_glsr_ranking":0,"_glsr_reviews":0},"product_cat":[220],"product_tag":[131,218,221],"class_list":{"0":"post-37982","1":"product","2":"type-product","3":"status-publish","4":"has-post-thumbnail","6":"product_cat-plaque-vitroceramique","7":"product_tag-gros-electromenager","8":"product_tag-plaque-de-cuisson","9":"product_tag-plaque-vitroceramique","11":"first","12":"instock","13":"sale","14":"shipping-taxable","15":"purchasable","16":"product-type-simple"},"_links":{"self":[{"href":"https:\/\/electromenagerexpress.com\/en\/wp-json\/wp\/v2\/product\/37982","targetHints":{"allow":["GET"]}}],"collection":[{"href":"https:\/\/electromenagerexpress.com\/en\/wp-json\/wp\/v2\/product"}],"about":[{"href":"https:\/\/electromenagerexpress.com\/en\/wp-json\/wp\/v2\/types\/product"}],"wp:featuredmedia":[{"embeddable":true,"href":"https:\/\/electromenagerexpress.com\/en\/wp-json\/wp\/v2\/media\/22925"}],"wp:attachment":[{"href":"https:\/\/electromenagerexpress.com\/en\/wp-json\/wp\/v2\/media?parent=37982"}],"wp:term":[{"taxonomy":"product_cat","embeddable":true,"href":"https:\/\/electromenagerexpress.com\/en\/wp-json\/wp\/v2\/product_cat?post=37982"},{"taxonomy":"product_tag","embeddable":true,"href":"https:\/\/electromenagerexpress.com\/en\/wp-json\/wp\/v2\/product_tag?post=37982"}],"curies":[{"name":"wp","href":"https:\/\/api.w.org\/{rel}","templated":true}]}}