{"id":37981,"date":"2024-11-21T13:42:19","date_gmt":"2024-11-21T13:42:19","guid":{"rendered":"https:\/\/electromenagerexpress.com\/product\/table-vitroceramiqueklarsteindelicatessa-60-7000w-blanc\/"},"modified":"2024-11-21T13:42:21","modified_gmt":"2024-11-21T13:42:21","slug":"table-vitroceramiqueklarsteindelicatessa-60-7000w-blanc","status":"publish","type":"product","link":"https:\/\/electromenagerexpress.com\/en\/product\/table-vitroceramiqueklarsteindelicatessa-60-7000w-blanc\/","title":{"rendered":"Table vitroc\u00e9ramique\t\t\t\t\t\t\tKLARSTEIN\t\t\t\tDelicatessa 60 7000W &#8211; Blanc"},"content":{"rendered":"<div class=\"product-features__content\">\n<ul role=\"list\">\n<li class=\"product-features__item\" role=\"listitem\">\n<h3 class=\"product-features__label\">Cuisson<\/h3>\n<ul role=\"list\">\n<li class=\"product-features__item-list__item\" role=\"listitem\"><span class=\"is--medium\">Type de table :<\/span> vitroc\u00e9ramique, entretien tr\u00e8s facile gr\u00e2ce au rev\u00eatement en verre tremp\u00e9.\t\t\t\t\t<\/li>\n<li class=\"product-features__item-list__item\" role=\"listitem\"><span class=\"is--medium\">Puissance totale :<\/span> 7.000 W\t\t\t\t\t<\/li>\n<li class=\"product-features__item-list__item\" role=\"listitem\"><span class=\"is--medium\">Amp\u00e9rage requis pour l&rsquo;installation :<\/span> 27,4 A\t\t\t\t\t<\/li>\n<li class=\"product-features__item-list__item\" role=\"listitem\"><span class=\"is--medium\">Nombre de foyers :<\/span> 4\t\t\t\t\t<\/li>\n<li class=\"product-features__item-list__item\" role=\"listitem\"><span class=\"is--medium\">Foyer modulable :<\/span> zone flexible, permet d&rsquo;avoir une homog\u00e9n\u00e9it\u00e9 de la chaleur sur toute la zone et s&rsquo;adapte automatiquement \u00e0 la taille de votre casserolerie.\t\t\t\t\t<\/li>\n<li class=\"product-features__item-list__item\" role=\"listitem\"><span class=\"is--medium\">S\u00e9curit\u00e9s :<\/span> arr\u00eat automatique, anti surchauffe, verrouillage du clavier, t\u00e9moin de chaleur r\u00e9siduelle, d\u00e9tection d&rsquo;absence de r\u00e9cipient, t\u00e9moin de mise sous tension\t\t\t\t\t<\/li>\n<\/ul>\n<\/li>\n<li class=\"product-features__item\" role=\"listitem\">\n<h3 class=\"product-features__label\">Commandes<\/h3>\n<ul role=\"list\">\n<li class=\"product-features__item-list__item\" role=\"listitem\"><span class=\"is--medium\">Type de commandes :<\/span> tactiles centralis\u00e9es, permet d&rsquo;avoir un point de commande au milieu, pour choisir le foyer \u00e0 activer et d\u00e9terminer la puissance\t\t\t\t\t<\/li>\n<li class=\"product-features__item-list__item\" role=\"listitem\"><span class=\"is--medium\">Emplacement des commandes :<\/span> frontal\t\t\t\t\t<\/li>\n<li class=\"product-features__item-list__item\" role=\"listitem\"><span class=\"is--medium\">Nombre de boosters :<\/span> 4\t\t\t\t\t<\/li>\n<li class=\"product-features__item-list__item\" role=\"listitem\"><span class=\"is--medium\">Le saviez-vous ? :<\/span> le booster permet un acc\u00e8s direct \u00e0 la puissance maximale. Id\u00e9al pour porter \u00e0 \u00e9bullition ou saisir les viandes\t\t\t\t\t<\/li>\n<li class=\"product-features__item-list__item\" role=\"listitem\"><span class=\"is--medium\">Nombre de minuteurs :<\/span> 1\t\t\t\t\t<\/li>\n<li class=\"product-features__item-list__item\" role=\"listitem\"><span class=\"is--medium\">Le saviez-vous ? :<\/span> le minuteur arr\u00eate le foyer concern\u00e9 une fois le temps \u00e9coul\u00e9\t\t\t\t\t<\/li>\n<\/ul>\n<\/li>\n<li class=\"product-features__item\" role=\"listitem\">\n<h3 class=\"product-features__label\">Confort d&rsquo;utilisation<\/h3>\n<ul role=\"list\">\n<li class=\"product-features__item-list__item\" role=\"listitem\"><span class=\"is--medium\">Table connect\u00e9e Wifi :<\/span> non\t\t\t\t\t<\/li>\n<li class=\"product-features__item-list__item\" role=\"listitem\"><span class=\"is--medium\">Application d\u00e9di\u00e9e :<\/span> Sans application\t\t\t\t\t<\/li>\n<li class=\"product-features__item-list__item\" role=\"listitem\"><span class=\"is--medium\">Sonde de cuisson :<\/span> non\t\t\t\t\t<\/li>\n<\/ul>\n<\/li>\n<li class=\"product-features__item\" role=\"listitem\">\n<h3 class=\"product-features__label\">Design<\/h3>\n<ul role=\"list\">\n<li class=\"product-features__item-list__item\" role=\"listitem\"><span class=\"is--medium\">Coloris :<\/span> Blanc\t\t\t\t\t<\/li>\n<li class=\"product-features__item-list__item\" role=\"listitem\"><span class=\"is--medium\">Mati\u00e8re des grilles :<\/span> non concern\u00e9\t\t\t\t\t<\/li>\n<li class=\"product-features__item-list__item\" role=\"listitem\"><span class=\"is--medium\">Couleur de l&rsquo;affichage :<\/span> rouge\t\t\t\t\t<\/li>\n<li class=\"product-features__item-list__item\" role=\"listitem\"><span class=\"is--medium\">Existe aussi en :<\/span> noir\t\t\t\t\t<\/li>\n<\/ul>\n<\/li>\n<li class=\"product-features__item\" role=\"listitem\">\n<h3 class=\"product-features__label\">Dimensions<\/h3>\n<ul role=\"list\">\n<li class=\"product-features__item-list__item\" role=\"listitem\"><span class=\"is--medium\">LxHxP (encastrement) :<\/span> 56 x 5.2 x 49 cm\t\t\t\t\t<\/li>\n<li class=\"product-features__item-list__item\" role=\"listitem\"><span class=\"is--medium\">Dimensions l x h x p :<\/span> 59 x 5.8 x 52 cm\t\t\t\t\t<\/li>\n<li class=\"product-features__item-list__item\" role=\"listitem\"><span class=\"is--medium\">Longueur du cordon d&rsquo;alimentation :<\/span> 1,00 m\t\t\t\t\t<\/li>\n<li class=\"product-features__item-list__item\" role=\"listitem\"><span class=\"is--medium\">Poids net :<\/span> 9,00 Kg\t\t\t\t\t<\/li>\n<\/ul>\n<\/li>\n<li class=\"product-features__item\" role=\"listitem\">\n<h3 class=\"product-features__label\">Informations compl\u00e9mentaires<\/h3>\n<ul role=\"list\">\n<li class=\"product-features__item-list__item\" role=\"listitem\"><span class=\"is--medium\">Fabriqu\u00e9 en :<\/span> Chine\t\t\t\t\t<\/li>\n<li class=\"product-features__item-list__item\" role=\"listitem\"><span class=\"is--medium\">Disponibilit\u00e9 des pi\u00e8ces d\u00e9tach\u00e9es (donn\u00e9es fournisseur) :<\/span> Non communiqu\u00e9e\t\t\t\t\t<\/li>\n<\/ul>\n<\/li>\n<\/ul>\n<\/div>\n<div class=\"product__disclosure-content\">\n<div class=\"js-read-more product-description__content read-more read-more--truncated\" data-read-more-name=\"description\" style=\"max-height: 500px; overflow: hidden;\">\n<p><b>Luxueuse table de cuisson en vitroc\u00e9ramique avec 4 zones de cuisson<i>, <\/i>panneau de<br \/>commande tactile<i> SenseControl<\/i> et technologie zones Flex <i>VarioHeating<\/i> \u00e0 encastrer dans<br \/>une cuisine int\u00e9gr\u00e9e.<\/b><\/p>\n<p><b>Cuisine flexible : quatre zones de cuisson de 2 x 2000 W et 2 x 1500 W (7000 W) de<br \/>puissance totale, <i>ThermoBoost<\/i> \u00e0 2800 W, deux champs Flex avec d\u00e9tection des<br \/>casseroles<i>, <\/i>r\u00e9gulateur<i> Touch-to-slide <\/i>et fonction d&rsquo;arr\u00eat automatique programmable.<\/b><\/p>\n<p><b>Haut niveau de s\u00e9curit\u00e9 avec <i>ThermalRecall<\/i>, Arr\u00eat automatique, protection contre la<br \/>surchauffe, d\u00e9tection de casseroles, t\u00e9moin de chaleur r\u00e9siduelle et verrouillage<br \/>parental.<\/b><\/p>\n<p>Cuisinez simplement avec plus de flexibilit\u00e9 : la <b>table \u00e0 induction Klarstein<\/b><br \/>Delicatessa 60 permet une utilisation optimale de l&rsquo;espace avec une consommation<br \/>d&rsquo;\u00e9nergie minimale pendant la cuisson. Elle allie innovation technologique et aspect<br \/>luxueux. Pour votre plaisir, la <b>table de cuisson int\u00e9gr\u00e9e Klarstein<\/b> Delicatessa 60 offre<br \/>quatre foyers de cuisson d&rsquo;une puissance totale jusqu&rsquo;\u00e0 7 000 W, r\u00e9partie en 2 x 2<br \/>000 W et 2 x 1 500 W sur les diff\u00e9rents foyers de cuisson et permettant de faire<br \/>bouillir le contenu des casseroles et des po\u00eales aux heures de grande affluence.<br \/>Gr\u00e2ce \u00e0 <i>VarioHeating<\/i>, deux foyers de cuisson se combinent pour cr\u00e9er une zone<br \/>flexible.<\/p>\n<p>La puissance de tous les champs est r\u00e9glable s\u00e9par\u00e9ment et ils poss\u00e8dent tous la<br \/>fonction <i>ThermoBoost<\/i>, gr\u00e2ce \u00e0 laquelle la puissance pour un chauffage rapide est<br \/>encore augment\u00e9e jusqu&rsquo;\u00e0 2800 W . <\/p>\n<p>Pour que tout se passe sans encombre pendant la cuisson, la <b>cuisini\u00e8re int\u00e9gr\u00e9e<br \/>Klarstein<\/b> Delicatessa 60 dispose d&rsquo;une large gamme de protection : la protection<br \/>contre la surchauffe avec arr\u00eat automatique s&rsquo;active si une table de cuisson devient<br \/>trop chaude. La fonction <i>ThermalRecall<\/i> m\u00e9morise la temp\u00e9rature d\u00e9finie et<br \/>est utilis\u00e9e si le processus de cuisson doit \u00eatre interrompu pendant une courte<br \/>p\u00e9riode, puis repris plus tard. De plus, un verrouillage parental peut \u00eatre activ\u00e9<br \/>pour \u00e9viter toute modification accidentelle des r\u00e9glages de cuisson.<\/p>\n<p>Sur le plan visuel, la <b>table \u00e0 induction Klarstein<\/b> Delicatessa 60 s\u00e9duit par sa<br \/>surface en vitroc\u00e9ramique facile \u00e0 nettoyer qui met habilement en valeur la table \u00e0<br \/>induction. De cette fa\u00e7on, la table de cuisson se fond dans toutes les cuisines,<br \/>classiques ou modernes. Le mat\u00e9riel n\u00e9cessaire \u00e0 l&rsquo;installation dans le plan de<br \/>travail est compris dans la livraison.<\/p>\n<p><b>Top Features:<\/b><\/p>\n<p>\u2022 <b>A point :<\/b> puissance r\u00e9glable en 9 positions et arr\u00eat automatique programmable<br \/>jusqu&rsquo;\u00e0 99 minutes<b>Une chaleur puissance :<\/b> puissance totale de 7000 watts sur quatre<br \/>zones de cuisson avec fonction Boost jusqu&rsquo;\u00e0 2800 watts<b>Touch-to-slide :\u00a0<\/b>panneau de<br \/>contr\u00f4le <i>SenseControl <\/i>avec fonction Slider et \u00e9cran num\u00e9rique<b>Cuisson \u00e9conomique en<br \/>\u00e9nergie :<\/b><i>EcoThermal Control<\/i> avec affichage de la chaleur r\u00e9siduelle \u00e0 utiliser pour<br \/>\u00e9conomiser de l&rsquo;\u00e9nergie et apporter de la s\u00e9curit\u00e9<b>Plus de puissance :<\/b> chaque foyer de<br \/>cuisson poss\u00e8de la fonction<i> ThermoBoost<\/i> pour un chauffage rapide<b>Zones de cuisson<br \/>flexibles :<\/b><i>VarioHeating<\/i> pour combiner les foyers de cuisson par deux et les utiliser<br \/>ensemble comme une Flexzone<b>Stop &amp; Go :<\/b> fonction <i>ThermalRecall <\/i>pour sauvegarder la<br \/>temp\u00e9rature en cas d&rsquo;interruption pendant la cuisson<b>Cuisson s\u00fbre :<\/b> avec protection<br \/>contre la surchauffe, fonction d&rsquo;arr\u00eat automatique programmable et verrouillage<br \/>parental<\/p>\n<p><b>Caract\u00e9ristiques:<\/b><\/p>\n<p>\u2022 Commande de marche\/arr\u00eat sur le haut de l&rsquo;appareil (panneau de commande tactile)<br \/>\u2022 Puissance totale : 7000 W (2 x 2000 W &amp; 2 x 1500 W)<br \/>\u2022 4 foyers : chacun 19,5 x 19 cm<br \/>\u2022 Panneau de contr\u00f4le<i> SenseControl<\/i> avec affichage num\u00e9rique de la puissance r\u00e9gl\u00e9e et<br \/>de la minuterie<br \/>\u2022 Foyers combinables pour une utilisation en zone Flex avec d\u00e9tection de casserole<br \/>\u2022 Minuterie r\u00e9glable jusqu&rsquo;\u00e0 99 minutes<br \/>\u2022 Arr\u00eat automatique<br \/>\u2022 Protection contre la surchauffe<br \/>\u2022 Verrouillage parental activable<br \/>\u2022 Cuisini\u00e8re \u00e0 int\u00e9grer : con\u00e7ue pour \u00eatre encastr\u00e9e dans une cuisine int\u00e9gr\u00e9e, pas<br \/>d&rsquo;installation sur pied<br \/>\u2022 Mat\u00e9riel de montage fourni pour encastrement dans une cuisine int\u00e9gr\u00e9e<br \/>\u2022 Alimentation : 220-240 V~ | 50\/60 Hz<\/p>\n<p><b>Inclus dans la livraison:<\/b><\/p>\n<p>\u2022 1 x cuisini\u00e8re encastrable1 x mat\u00e9riel de montageMode d&#8217;emploi en fran\u00e7ais<\/p>\n<p><b>Dimensions:<\/b><\/p>\n<p>\u2022 Dimensions totales : 59 x 5,8 x 52 cm (LxHxP)<br \/>\u2022 Dimensions de l&rsquo;encastrement : 56 x 5,2 x 49 cm (LxHxP)<br \/>\u2022 Longueur de c\u00e2ble : env. 1,0 m<br \/>\u2022 Poids : env. 9 kg<\/p>\n<\/div>\n<p><bl-button a11yexpanded=\"false\" arialabel=\"Afficher toute la description\" class=\"read-more__btn\" full=\"false\" link=\"true\">Voir plus<\/bl-button><\/div>","protected":false},"excerpt":{"rendered":"<div class=\"keypoints\">\n<h3 class=\"keypoints__title\">Les points cl\u00e9s<\/h3>\n<ul role=\"list\">\n<li class=\"keypoints__item\" role=\"listitem\">                                        Encastrement standard : L 56 cm                      <\/li>\n<li class=\"keypoints__item\" role=\"listitem\">                          Nombre de foyers : 4 &#8211;                                                      Zone modulable : zone flexible                      <\/li>\n<li class=\"keypoints__item\" role=\"listitem\">                                        Type de commandes : tactiles centralis\u00e9es                      <\/li>\n<\/ul>","protected":false},"featured_media":22915,"template":"","meta":{"_glsr_average":0,"_glsr_ranking":0,"_glsr_reviews":0},"product_cat":[220],"product_tag":[131,218,221],"class_list":{"0":"post-37981","1":"product","2":"type-product","3":"status-publish","4":"has-post-thumbnail","6":"product_cat-plaque-vitroceramique","7":"product_tag-gros-electromenager","8":"product_tag-plaque-de-cuisson","9":"product_tag-plaque-vitroceramique","11":"first","12":"instock","13":"sale","14":"shipping-taxable","15":"purchasable","16":"product-type-simple"},"_links":{"self":[{"href":"https:\/\/electromenagerexpress.com\/en\/wp-json\/wp\/v2\/product\/37981","targetHints":{"allow":["GET"]}}],"collection":[{"href":"https:\/\/electromenagerexpress.com\/en\/wp-json\/wp\/v2\/product"}],"about":[{"href":"https:\/\/electromenagerexpress.com\/en\/wp-json\/wp\/v2\/types\/product"}],"wp:featuredmedia":[{"embeddable":true,"href":"https:\/\/electromenagerexpress.com\/en\/wp-json\/wp\/v2\/media\/22915"}],"wp:attachment":[{"href":"https:\/\/electromenagerexpress.com\/en\/wp-json\/wp\/v2\/media?parent=37981"}],"wp:term":[{"taxonomy":"product_cat","embeddable":true,"href":"https:\/\/electromenagerexpress.com\/en\/wp-json\/wp\/v2\/product_cat?post=37981"},{"taxonomy":"product_tag","embeddable":true,"href":"https:\/\/electromenagerexpress.com\/en\/wp-json\/wp\/v2\/product_tag?post=37981"}],"curies":[{"name":"wp","href":"https:\/\/api.w.org\/{rel}","templated":true}]}}