{"id":37980,"date":"2024-11-21T13:42:16","date_gmt":"2024-11-21T13:42:16","guid":{"rendered":"https:\/\/electromenagerexpress.com\/product\/table-vitroceramiqueklarsteindelicatessa-90-slim-7000w\/"},"modified":"2024-11-21T13:42:18","modified_gmt":"2024-11-21T13:42:18","slug":"table-vitroceramiqueklarsteindelicatessa-90-slim-7000w","status":"publish","type":"product","link":"https:\/\/electromenagerexpress.com\/en\/product\/table-vitroceramiqueklarsteindelicatessa-90-slim-7000w\/","title":{"rendered":"Table vitroc\u00e9ramique\t\t\t\t\t\t\tKLARSTEIN\t\t\t\tDelicatessa 90 Slim &#8211; 7000W"},"content":{"rendered":"<div class=\"product-features__content\">\n<ul role=\"list\">\n<li class=\"product-features__item\" role=\"listitem\">\n<h3 class=\"product-features__label\">Cuisson<\/h3>\n<ul role=\"list\">\n<li class=\"product-features__item-list__item\" role=\"listitem\"><span class=\"is--medium\">Type de table :<\/span> vitroc\u00e9ramique, entretien tr\u00e8s facile gr\u00e2ce au rev\u00eatement en verre tremp\u00e9.\t\t\t\t\t<\/li>\n<li class=\"product-features__item-list__item\" role=\"listitem\"><span class=\"is--medium\">Puissance totale :<\/span> 7.000 W\t\t\t\t\t<\/li>\n<li class=\"product-features__item-list__item\" role=\"listitem\"><span class=\"is--medium\">Amp\u00e9rage requis pour l&rsquo;installation :<\/span> 27,4 A\t\t\t\t\t<\/li>\n<li class=\"product-features__item-list__item\" role=\"listitem\"><span class=\"is--medium\">Nombre de foyers :<\/span> 4\t\t\t\t\t<\/li>\n<li class=\"product-features__item-list__item\" role=\"listitem\"><span class=\"is--medium\">Foyer modulable :<\/span> zone flexible, permet d&rsquo;avoir une homog\u00e9n\u00e9it\u00e9 de la chaleur sur toute la zone et s&rsquo;adapte automatiquement \u00e0 la taille de votre casserolerie.\t\t\t\t\t<\/li>\n<li class=\"product-features__item-list__item\" role=\"listitem\"><span class=\"is--medium\">S\u00e9curit\u00e9s :<\/span> arr\u00eat automatique, anti surchauffe, verrouillage du clavier, t\u00e9moin de chaleur r\u00e9siduelle, d\u00e9tection d&rsquo;absence de r\u00e9cipient, t\u00e9moin de mise sous tension\t\t\t\t\t<\/li>\n<\/ul>\n<\/li>\n<li class=\"product-features__item\" role=\"listitem\">\n<h3 class=\"product-features__label\">Commandes<\/h3>\n<ul role=\"list\">\n<li class=\"product-features__item-list__item\" role=\"listitem\"><span class=\"is--medium\">Type de commandes :<\/span> tactiles centralis\u00e9es, permet d&rsquo;avoir un point de commande au milieu, pour choisir le foyer \u00e0 activer et d\u00e9terminer la puissance\t\t\t\t\t<\/li>\n<li class=\"product-features__item-list__item\" role=\"listitem\"><span class=\"is--medium\">Emplacement des commandes :<\/span> frontal\t\t\t\t\t<\/li>\n<li class=\"product-features__item-list__item\" role=\"listitem\"><span class=\"is--medium\">Nombre de boosters :<\/span> 2\t\t\t\t\t<\/li>\n<li class=\"product-features__item-list__item\" role=\"listitem\"><span class=\"is--medium\">Le saviez-vous ? :<\/span> le booster permet un acc\u00e8s direct \u00e0 la puissance maximale. Id\u00e9al pour porter \u00e0 \u00e9bullition ou saisir les viandes\t\t\t\t\t<\/li>\n<li class=\"product-features__item-list__item\" role=\"listitem\"><span class=\"is--medium\">Nombre de minuteurs :<\/span> 1\t\t\t\t\t<\/li>\n<li class=\"product-features__item-list__item\" role=\"listitem\"><span class=\"is--medium\">Le saviez-vous ? :<\/span> le minuteur arr\u00eate le foyer concern\u00e9 une fois le temps \u00e9coul\u00e9\t\t\t\t\t<\/li>\n<\/ul>\n<\/li>\n<li class=\"product-features__item\" role=\"listitem\">\n<h3 class=\"product-features__label\">Confort d&rsquo;utilisation<\/h3>\n<ul role=\"list\">\n<li class=\"product-features__item-list__item\" role=\"listitem\"><span class=\"is--medium\">Table connect\u00e9e Wifi :<\/span> non\t\t\t\t\t<\/li>\n<li class=\"product-features__item-list__item\" role=\"listitem\"><span class=\"is--medium\">Application d\u00e9di\u00e9e :<\/span> Sans application\t\t\t\t\t<\/li>\n<li class=\"product-features__item-list__item\" role=\"listitem\"><span class=\"is--medium\">Sonde de cuisson :<\/span> non\t\t\t\t\t<\/li>\n<\/ul>\n<\/li>\n<li class=\"product-features__item\" role=\"listitem\">\n<h3 class=\"product-features__label\">Design<\/h3>\n<ul role=\"list\">\n<li class=\"product-features__item-list__item\" role=\"listitem\"><span class=\"is--medium\">Coloris :<\/span> Noir\t\t\t\t\t<\/li>\n<li class=\"product-features__item-list__item\" role=\"listitem\"><span class=\"is--medium\">Mati\u00e8re des grilles :<\/span> non concern\u00e9\t\t\t\t\t<\/li>\n<li class=\"product-features__item-list__item\" role=\"listitem\"><span class=\"is--medium\">Couleur de l&rsquo;affichage :<\/span> rouge\t\t\t\t\t<\/li>\n<\/ul>\n<\/li>\n<li class=\"product-features__item\" role=\"listitem\">\n<h3 class=\"product-features__label\">Dimensions<\/h3>\n<ul role=\"list\">\n<li class=\"product-features__item-list__item\" role=\"listitem\"><span class=\"is--medium\">LxHxP (encastrement) :<\/span> 88 x 5.5 x 33 cm\t\t\t\t\t<\/li>\n<li class=\"product-features__item-list__item\" role=\"listitem\"><span class=\"is--medium\">Dimensions l x h x p :<\/span> 90 x 6.3 x 35 cm\t\t\t\t\t<\/li>\n<li class=\"product-features__item-list__item\" role=\"listitem\"><span class=\"is--medium\">Longueur du cordon d&rsquo;alimentation :<\/span> 1,00 m\t\t\t\t\t<\/li>\n<li class=\"product-features__item-list__item\" role=\"listitem\"><span class=\"is--medium\">Poids net :<\/span> 11,00 Kg\t\t\t\t\t<\/li>\n<\/ul>\n<\/li>\n<li class=\"product-features__item\" role=\"listitem\">\n<h3 class=\"product-features__label\">Informations compl\u00e9mentaires<\/h3>\n<ul role=\"list\">\n<li class=\"product-features__item-list__item\" role=\"listitem\"><span class=\"is--medium\">Fabriqu\u00e9 en :<\/span> Chine\t\t\t\t\t<\/li>\n<li class=\"product-features__item-list__item\" role=\"listitem\"><span class=\"is--medium\">Disponibilit\u00e9 des pi\u00e8ces d\u00e9tach\u00e9es (donn\u00e9es fournisseur) :<\/span> Non communiqu\u00e9e\t\t\t\t\t<\/li>\n<\/ul>\n<\/li>\n<\/ul>\n<\/div>\n<div class=\"product__disclosure-content\">\n<div class=\"js-read-more product-description__content read-more read-more--truncated\" data-read-more-name=\"description\" style=\"max-height: 500px; overflow: hidden;\">\n<p>Une cuisson simplement plus flexible : la <b>table de cuisson \u00e0 induction Klarstein<br \/><\/b>Delicatessa 90 Slim permet une utilisation optimale de l&rsquo;espace avec une consommation<br \/>d&rsquo;\u00e9nergie minimale pendant la cuisson. Elle allie innovation technique et aspect<br \/>luxueux et donne un nouvel \u00e9clat \u00e0 votre cuisine int\u00e9gr\u00e9e avec sa surface en<br \/>vitroc\u00e9ramique.<\/p>\n<p>La <b>table de cuisson encastr\u00e9e Klarstein <\/b>Delicatessa 90 Slim offre quatre foyers de<br \/>cuisson d&rsquo;une puissance totale de 7000 watts maximum r\u00e9partie sur les surfaces de<br \/>cuisson avec 2 x 2000 watts et 2 x 1500 watts pour chauffer le contenu de vos<br \/>casseroles et po\u00eales. Avec VarioHeating, les deux zones de<br \/>cuisson du milieu se combinent pour former une zone flexible : gr\u00e2ce au syst\u00e8me de<br \/>d\u00e9tection de casseroles, elle s&rsquo;adapte \u00e0 la taille des casseroles et po\u00eales avec une<br \/>flexibilit\u00e9 maximale pour chauffer \u00e9galement de grands ustensiles de cuisine qui ne<br \/>tiennent pas sur une seule plaque. La puissance de tous les foyers et du champ<br \/>flexible se r\u00e8glent s\u00e9par\u00e9ment et disposent d&rsquo;une fonction ThermoBoost pour augmenter<br \/>ponctuellement la puissance jusqu&rsquo;\u00e0 2800 watts pour un chauffage rapide. La <b>table de<br \/>cuisson en vitroc\u00e9ramique Klarstein <\/b>Delicatessa 90 Slim se contr\u00f4le facilement par<br \/>\u00e9cran tactile SenseControl int\u00e9gr\u00e9 pour le contr\u00f4le de la puissance avec affichage<br \/>num\u00e9rique. Ainsi, aucun bouton ni commande ne d\u00e9passe de la ligne de votre cuisine.<br \/>En plus de sa puissance, une minuterie programmable jusqu&rsquo;\u00e0 99 minutes est pr\u00e9sente<br \/>pour chaque foyer de cuisson, et \u00e9teint la table de cuisson une fois la dur\u00e9e \u00e9coul\u00e9e<br \/>ou \u00e9met un signal sonore.<\/p>\n<p>Pour que tout se passe bien pendant la cuisson, la <b>cuisini\u00e8re \u00e0 encastrer Klarstein<br \/><\/b>Delicatessa 90 Slim dispose de nombreuses fonctions de s\u00e9curit\u00e9 et auxiliaires :<br \/>protection contre la surchauffe avec arr\u00eat automatique, indicateur de chaleur<br \/>r\u00e9siduelle, fonction de r\u00e9chauffage, verrouillage parental et fonction ThermalRecall<br \/>pour de br\u00e8ves interruptions pendant la cuisson.<\/p>\n<p>Dans la cuisine, la <b>table de cuisson encastrable Klarstein <\/b>Delicatessa 90 Slim<br \/>impressionne par ses dimensions particuli\u00e8rement fines avec une profondeur de<br \/>seulement 35 cm. Elle est ainsi parfaite \u00e0 utiliser avec une hotte \u00e0 tirage<br \/>descendant. La <b>table \u00e0 induction <\/b>est visuellement impressionnante avec sa surface<br \/>facile d&rsquo;entretien en vitroc\u00e9ramique qui met en valeur la plaque \u00e0 induction. La<br \/>table de cuisson s&rsquo;int\u00e8gre facilement dans n&rsquo;importe quel style de cuisine &#8211;<br \/>classique ou moderne.<\/p>\n<p><b>Top Features:<\/b><\/p>\n<p>\u2022 <b>Luxe et finesse :<\/b> plaque de cuisson \u00e0 induction fine avec une profondeur de<br \/>seulement 35 cm &#8211; id\u00e9ale pour une utilisation avec une hotte aspirante<br \/>descendante<b>Chaleur puissante :<\/b> puissance totale de 7000 watts\u00a0max. et quatre zones de<br \/>cuisson de 2000 ou 1500 watts<b>Champ de cuisson flexible :<\/b> VarioHeating combine les<br \/>zones de cuisson du milieu en une zone commune dite Flexzone<b>A point :<\/b> puissance<br \/>r\u00e9glable \u00e0 9 niveaux, minuterie d&rsquo;arr\u00eat programmable jusqu&rsquo;\u00e0 99 minutes<b>Touch-to-slide<br \/>:<\/b> panneau de commande SenseControl- avec fonction curseur et affichage<br \/>num\u00e9rique<b>Cuisson \u00e0 \u00e9conomie d&rsquo;\u00e9nergie :<\/b> fonction r\u00e9chauffage pour une consommation<br \/>r\u00e9duite en utilisant la chaleur r\u00e9siduelle<b>Plus de puissance :<\/b> chaque zone de cuisson<br \/>poss\u00e8de la fonction ThermoBoost ; jusqu&rsquo;\u00e0 2800 watts\u00a0max. dans la zone Flex<\/p>\n<p><b>Caract\u00e9ristiques:<\/b><\/p>\n<p>\u2022 Bouton de marche\/arr\u00eat sur le haut de l&rsquo;appareil (panneau de commande tactile)<br \/>\u2022 Puissance totale : max. 7000 W (2 x 2000 W &amp; 2 x 1500 W)<br \/>\u2022 Fonction \u00e9conomie d&rsquo;\u00e9nergie : la puissance des zones de cuisson se r\u00e9duit<br \/>automatiquement pour \u00e9viter la surcharge<br \/>\u2022 4 foyers de cuisson ronds : \u00d8 18 cm chacun<br \/>\u2022 Panneau de commande SenseControl avec affichage num\u00e9rique de la puissance et<br \/>minuterie<br \/>\u2022 Champs de cuisson du centre combinables en une zone Flex avec d\u00e9tection de casserole<br \/>\u2022 Minuterie r\u00e9glable jusqu&rsquo;\u00e0 99 minutes<br \/>\u2022 Arr\u00eat automatique<br \/>\u2022 Protection anti surchauffe<br \/>\u2022 Verrouillage parental r\u00e9glable<br \/>\u2022 Cuisini\u00e8re encastr\u00e9e : installation encastr\u00e9e, pas d&rsquo;installation sur pied<br \/>\u2022 Mat\u00e9riel de montage fourni pour l&rsquo;encastrement dans une cuisine \u00e9quip\u00e9e<br \/>\u2022 C\u00e2ble de branchement \u00e0 5 p\u00f4les<br \/>\u2022 Alimentation : 380-415 V 3N ou 220-240 V~ | 50\/60 Hz<\/p>\n<p><b>Inclus dans la livraison:<\/b><\/p>\n<p><b>Dimensions:<\/b><\/p>\n<p>\u2022 Dimensions totales : 90 x 6,3 x 35 cm (LxHxP)<br \/>\u2022 Dimensions d&rsquo;encastrement : 88 x 33 cm (LxP)<br \/>\u2022 Largeur minimale du plan de travail tout autour : 5 cm<br \/>\u2022 \u00c9paisseur minimale du plan de travail : 2 cm<br \/>\u2022 Distance minimale des \u00e9l\u00e9ments suspendus au-dessus : 76 cm<br \/>\u2022 Espace libre minimum sous l&rsquo;appareil : 5 cm<br \/>\u2022 Espace de circulation de l&rsquo;air : 2 cm min.<br \/>\u2022 Longueur du c\u00e2ble : 1,0 m<br \/>\u2022 Poids : env. 11 kg<\/p>\n<\/div>\n<p><bl-button a11yexpanded=\"false\" arialabel=\"Afficher toute la description\" class=\"read-more__btn\" full=\"false\" link=\"true\">Voir plus<\/bl-button><\/div>","protected":false},"excerpt":{"rendered":"<div class=\"keypoints\">\n<h3 class=\"keypoints__title\">Les points cl\u00e9s<\/h3>\n<ul role=\"list\">\n<li class=\"keypoints__item\" role=\"listitem\">                                        Encastrement XL : L 88 cm                      <\/li>\n<li class=\"keypoints__item\" role=\"listitem\">                          Nombre de foyers : 4 &#8211;                                                      Zone modulable : zone flexible                      <\/li>\n<li class=\"keypoints__item\" role=\"listitem\">                                        Type de commandes : tactiles centralis\u00e9es                      <\/li>\n<\/ul>","protected":false},"featured_media":22906,"template":"","meta":{"_glsr_average":0,"_glsr_ranking":0,"_glsr_reviews":0},"product_cat":[220],"product_tag":[131,218,221],"class_list":{"0":"post-37980","1":"product","2":"type-product","3":"status-publish","4":"has-post-thumbnail","6":"product_cat-plaque-vitroceramique","7":"product_tag-gros-electromenager","8":"product_tag-plaque-de-cuisson","9":"product_tag-plaque-vitroceramique","11":"first","12":"instock","13":"sale","14":"shipping-taxable","15":"purchasable","16":"product-type-simple"},"_links":{"self":[{"href":"https:\/\/electromenagerexpress.com\/en\/wp-json\/wp\/v2\/product\/37980","targetHints":{"allow":["GET"]}}],"collection":[{"href":"https:\/\/electromenagerexpress.com\/en\/wp-json\/wp\/v2\/product"}],"about":[{"href":"https:\/\/electromenagerexpress.com\/en\/wp-json\/wp\/v2\/types\/product"}],"wp:featuredmedia":[{"embeddable":true,"href":"https:\/\/electromenagerexpress.com\/en\/wp-json\/wp\/v2\/media\/22906"}],"wp:attachment":[{"href":"https:\/\/electromenagerexpress.com\/en\/wp-json\/wp\/v2\/media?parent=37980"}],"wp:term":[{"taxonomy":"product_cat","embeddable":true,"href":"https:\/\/electromenagerexpress.com\/en\/wp-json\/wp\/v2\/product_cat?post=37980"},{"taxonomy":"product_tag","embeddable":true,"href":"https:\/\/electromenagerexpress.com\/en\/wp-json\/wp\/v2\/product_tag?post=37980"}],"curies":[{"name":"wp","href":"https:\/\/api.w.org\/{rel}","templated":true}]}}