{"id":37979,"date":"2024-11-21T13:42:13","date_gmt":"2024-11-21T13:42:13","guid":{"rendered":"https:\/\/electromenagerexpress.com\/product\/table-vitroceramiqueklarsteindelicatessa-90-hybrid-noir\/"},"modified":"2024-11-21T13:42:15","modified_gmt":"2024-11-21T13:42:15","slug":"table-vitroceramiqueklarsteindelicatessa-90-hybrid-noir","status":"publish","type":"product","link":"https:\/\/electromenagerexpress.com\/en\/product\/table-vitroceramiqueklarsteindelicatessa-90-hybrid-noir\/","title":{"rendered":"Table vitroc\u00e9ramique\t\t\t\t\t\t\tKLARSTEIN\t\t\t\tDelicatessa 90 Hybrid &#8211; Noir"},"content":{"rendered":"<div class=\"product-features__content\">\n<ul role=\"list\">\n<li class=\"product-features__item\" role=\"listitem\">\n<h3 class=\"product-features__label\">Cuisson<\/h3>\n<ul role=\"list\">\n<li class=\"product-features__item-list__item\" role=\"listitem\"><span class=\"is--medium\">Type de table :<\/span> vitroc\u00e9ramique, entretien tr\u00e8s facile gr\u00e2ce au rev\u00eatement en verre tremp\u00e9.\t\t\t\t\t<\/li>\n<li class=\"product-features__item-list__item\" role=\"listitem\"><span class=\"is--medium\">Puissance totale :<\/span> 7.400 W\t\t\t\t\t<\/li>\n<li class=\"product-features__item-list__item\" role=\"listitem\"><span class=\"is--medium\">Amp\u00e9rage requis pour l&rsquo;installation :<\/span> 31,3 A\t\t\t\t\t<\/li>\n<li class=\"product-features__item-list__item\" role=\"listitem\"><span class=\"is--medium\">Nombre de foyers :<\/span> 5\t\t\t\t\t<\/li>\n<li class=\"product-features__item-list__item\" role=\"listitem\"><span class=\"is--medium\">Foyer modulable :<\/span> zone flexible, permet d&rsquo;avoir une homog\u00e9n\u00e9it\u00e9 de la chaleur sur toute la zone et s&rsquo;adapte automatiquement \u00e0 la taille de votre casserolerie.\t\t\t\t\t<\/li>\n<li class=\"product-features__item-list__item\" role=\"listitem\"><span class=\"is--medium\">S\u00e9curit\u00e9s :<\/span> arr\u00eat automatique, anti surchauffe, verrouillage du clavier, t\u00e9moin de chaleur r\u00e9siduelle, d\u00e9tection d&rsquo;absence de r\u00e9cipient, t\u00e9moin de mise sous tension\t\t\t\t\t<\/li>\n<\/ul>\n<\/li>\n<li class=\"product-features__item\" role=\"listitem\">\n<h3 class=\"product-features__label\">Commandes<\/h3>\n<ul role=\"list\">\n<li class=\"product-features__item-list__item\" role=\"listitem\"><span class=\"is--medium\">Type de commandes :<\/span> tactiles centralis\u00e9es, permet d&rsquo;avoir un point de commande au milieu, pour choisir le foyer \u00e0 activer et d\u00e9terminer la puissance\t\t\t\t\t<\/li>\n<li class=\"product-features__item-list__item\" role=\"listitem\"><span class=\"is--medium\">Emplacement des commandes :<\/span> frontal\t\t\t\t\t<\/li>\n<li class=\"product-features__item-list__item\" role=\"listitem\"><span class=\"is--medium\">Nombre de boosters :<\/span> 2\t\t\t\t\t<\/li>\n<li class=\"product-features__item-list__item\" role=\"listitem\"><span class=\"is--medium\">Le saviez-vous ? :<\/span> le booster permet un acc\u00e8s direct \u00e0 la puissance maximale. Id\u00e9al pour porter \u00e0 \u00e9bullition ou saisir les viandes\t\t\t\t\t<\/li>\n<li class=\"product-features__item-list__item\" role=\"listitem\"><span class=\"is--medium\">Nombre de minuteurs :<\/span> 1\t\t\t\t\t<\/li>\n<li class=\"product-features__item-list__item\" role=\"listitem\"><span class=\"is--medium\">Le saviez-vous ? :<\/span> le minuteur arr\u00eate le foyer concern\u00e9 une fois le temps \u00e9coul\u00e9\t\t\t\t\t<\/li>\n<\/ul>\n<\/li>\n<li class=\"product-features__item\" role=\"listitem\">\n<h3 class=\"product-features__label\">Confort d&rsquo;utilisation<\/h3>\n<ul role=\"list\">\n<li class=\"product-features__item-list__item\" role=\"listitem\"><span class=\"is--medium\">Table connect\u00e9e Wifi :<\/span> non\t\t\t\t\t<\/li>\n<li class=\"product-features__item-list__item\" role=\"listitem\"><span class=\"is--medium\">Application d\u00e9di\u00e9e :<\/span> Sans application\t\t\t\t\t<\/li>\n<li class=\"product-features__item-list__item\" role=\"listitem\"><span class=\"is--medium\">Sonde de cuisson :<\/span> non\t\t\t\t\t<\/li>\n<\/ul>\n<\/li>\n<li class=\"product-features__item\" role=\"listitem\">\n<h3 class=\"product-features__label\">Design<\/h3>\n<ul role=\"list\">\n<li class=\"product-features__item-list__item\" role=\"listitem\"><span class=\"is--medium\">Coloris :<\/span> Noir\t\t\t\t\t<\/li>\n<li class=\"product-features__item-list__item\" role=\"listitem\"><span class=\"is--medium\">Mati\u00e8re des grilles :<\/span> non concern\u00e9\t\t\t\t\t<\/li>\n<li class=\"product-features__item-list__item\" role=\"listitem\"><span class=\"is--medium\">Couleur de l&rsquo;affichage :<\/span> rouge\t\t\t\t\t<\/li>\n<li class=\"product-features__item-list__item\" role=\"listitem\"><span class=\"is--medium\">Existe aussi en :<\/span> blanc\t\t\t\t\t<\/li>\n<\/ul>\n<\/li>\n<li class=\"product-features__item\" role=\"listitem\">\n<h3 class=\"product-features__label\">Dimensions<\/h3>\n<ul role=\"list\">\n<li class=\"product-features__item-list__item\" role=\"listitem\"><span class=\"is--medium\">LxHxP (encastrement) :<\/span> 87 x 5.2 x 49 cm\t\t\t\t\t<\/li>\n<li class=\"product-features__item-list__item\" role=\"listitem\"><span class=\"is--medium\">Dimensions l x h x p :<\/span> 90 x 5.7 x 52 cm\t\t\t\t\t<\/li>\n<li class=\"product-features__item-list__item\" role=\"listitem\"><span class=\"is--medium\">Longueur du cordon d&rsquo;alimentation :<\/span> 1,00 m\t\t\t\t\t<\/li>\n<li class=\"product-features__item-list__item\" role=\"listitem\"><span class=\"is--medium\">Poids net :<\/span> 12,00 Kg\t\t\t\t\t<\/li>\n<\/ul>\n<\/li>\n<li class=\"product-features__item\" role=\"listitem\">\n<h3 class=\"product-features__label\">Informations compl\u00e9mentaires<\/h3>\n<ul role=\"list\">\n<li class=\"product-features__item-list__item\" role=\"listitem\"><span class=\"is--medium\">Fabriqu\u00e9 en :<\/span> Chine\t\t\t\t\t<\/li>\n<li class=\"product-features__item-list__item\" role=\"listitem\"><span class=\"is--medium\">Disponibilit\u00e9 des pi\u00e8ces d\u00e9tach\u00e9es (donn\u00e9es fournisseur) :<\/span> Non communiqu\u00e9e\t\t\t\t\t<\/li>\n<\/ul>\n<\/li>\n<\/ul>\n<\/div>\n<div class=\"product__disclosure-content\">\n<div class=\"js-read-more product-description__content read-more read-more--truncated\" data-read-more-name=\"description\" style=\"max-height: 500px; overflow: hidden;\">\n<p>Une cuisson simplement plus flexible : la <b>plaque \u00e0 induction hybride Klarstein<\/b><br \/>Delicatessa 90 permet une utilisation optimale de l&rsquo;espace avec une consommation<br \/>d&rsquo;\u00e9nergie minimale lors de la cuisson. Elle combine innovation technique et aspect<br \/>luxueux et apporte un nouvel \u00e9clat \u00e0 votre cuisine \u00e9quip\u00e9e avec sa surface en<br \/>vitroc\u00e9ramique.<\/p>\n<p>La <b>table de cuisson encastr\u00e9e Klarstein<\/b> Delicatessa 90 Hybrid offre cinq surfaces de<br \/>cuisson pour votre plaisir avec une puissance totale de max. 7400 W, r\u00e9partis sur les<br \/>surfaces de cuisson en 1 x 2300 W, 2 x 2000 W et 2 x 1500 watts et portent le contenu<br \/>des casseroles et po\u00eales \u00e0 \u00e9bullition aux heures de pointe. Avec VarioHeating, les<br \/>deux zones de cuisson de gauche se combinent pour former une zone flexible : gr\u00e2ce au<br \/>syst\u00e8me de reconnaissance, il s&rsquo;adapte \u00e0 la taille des r\u00e9cipients<br \/>plac\u00e9es dessus avec une flexibilit\u00e9 maximale. De cette<br \/>fa\u00e7on, la Delicatessa 90 Hybrid ne consomme que l&rsquo;\u00e9nergie r\u00e9ellement n\u00e9cessaire et<br \/>permet d&rsquo;utiliser presque toutes les tailles de casseroles ou de po\u00eales. La puissance<br \/>de tous les feux y compris elle de la zone flexible sont r\u00e9glables s\u00e9par\u00e9ment et<br \/>poss\u00e8dent une fonction ThermoBoost qui augmente la puissance pour un chauffage rapide<br \/>jusqu&rsquo;\u00e0 3000 W. En plus de la puissance, vous pouvez aussi r\u00e9gler une minuterie de 99 minutes maximum<br \/>pour chaque foyer et arr\u00eater la table de cuisson une fois la dur\u00e9e \u00e9coul\u00e9e ou lui<br \/>faire \u00e9mettre un signal sonore.<\/p>\n<p>Pour que tout se passe bien pendant la cuisson, la <b>cuisini\u00e8re \u00e0 encastrer Klarstein<\/b><br \/>Delicatessa 90 Hybrid dispose d&rsquo;un large \u00e9ventail de mesures de protection : la<br \/>protection contre la surchauffe avec arr\u00eat automatique s&rsquo;active en cas de surchauffe<br \/>d&rsquo;une plaque de cuisson. Un t\u00e9moin de chaleur r\u00e9siduelle bas\u00e9 sur le principe<br \/>EcoThermal Control n&rsquo;indique pas seulement si les surfaces de cuisson qui viennent<br \/>d&rsquo;\u00eatre \u00e9teintes sont encore chaudes. Il permet aussi de cuisiner avec la chaleur<br \/>r\u00e9siduelle pour \u00e9conomiser de l&rsquo;\u00e9nergie. La fonction ThermalRecall m\u00e9morise la<br \/>temp\u00e9rature r\u00e9gl\u00e9e et sert en cas de br\u00e8ve interruption de la cuisson pour la<br \/>reprendre plus tard. De plus, un verrouillage parental est disponible pour \u00e9viter<br \/>toute modification accidentelle des r\u00e9glages de cuisson.<\/p>\n<p><b>Top Features:<\/b><\/p>\n<p>\u2022 <b>Du luxe pour la cuisine :<\/b> \u00c9l\u00e9gante table de cuisson \u00e0 induction avec surface en<br \/>vitroc\u00e9ramique pour une installation dans une cuisine int\u00e9gr\u00e9e<b>Une chaleur puissante :<\/b><br \/>Puissance totale de max. 7400 watts en cinq zones de cuisson avec une puissance<br \/>individuelle de 2300, 2 fois 2000 et 2 fois 1500 watts<b>Foyers de cuisson flexibles :<\/b><br \/>VarioHeating pour combiner les zones de cuisson de gauche pour une utilisation<br \/>commune comme zone flexible<b>Plus de puissance :<\/b> chaque zone de cuisson poss\u00e8de la<br \/>fonction ThermoBoost jusqu&rsquo;\u00e0 3000 watts pour un chauffage rapide<b>Cuisson \u00e0 \u00e9conomie<br \/>d&rsquo;\u00e9nergie :<\/b> EcoThermal-Control avec affichage de la chaleur r\u00e9siduelle utilisable<b>Stop<br \/>&amp; Go :<\/b> fonction ThermalRecall pour m\u00e9moriser la temp\u00e9rature en cas de pause pendant<br \/>la cuisson<\/p>\n<p><b>Caract\u00e9ristiques:<\/b><\/p>\n<p>\u2022 Interrupteur marche \/ arr\u00eat sur le dessus de l&rsquo;appareil (panneau de commande<br \/>tactile)<br \/>\u2022 Puissance totale : max. 7400 W (1 x 2300 W, 2 x 2000 W &amp; 2 x 1500 W)<br \/>\u2022 Fonction \u00e9co : la puissance des zones de cuisson se r\u00e9duit automatiquement pour<br \/>\u00e9viter la surcharge<br \/>\u2022 2 zones de cuisson carr\u00e9es : 18 x 18 cm chacune<br \/>\u2022 Grande zone de cuisson (au centre, ronde) : \u00d8 21 cm<br \/>\u2022 Petite zone de cuisson (\u00e0 droite, ronde) : \u00d8 18 cm<br \/>\u2022 Panneau de commande SenseControl avec affichage num\u00e9rique du niveau de r\u00e9glage et<br \/>de la minuterie<br \/>\u2022 Zones de cuisson gauches combinables pour une utilisation flex-field avec d\u00e9tection<br \/>de casserole<br \/>\u2022 Minuterie r\u00e9glable jusqu&rsquo;\u00e0 99 minutes<br \/>\u2022 Arr\u00eat automatique<br \/>\u2022 Protection contre la surchauffe<br \/>\u2022 Verrouillage parental<br \/>\u2022 Table de cuisson \u00e0 encastrer : installation encastr\u00e9e dans une cuisine int\u00e9gr\u00e9e,<br \/>non comme appareil en pose libre<br \/>\u2022 Mat\u00e9riel de montage fourni pour encastrement dans une cuisine int\u00e9gr\u00e9e<br \/>\u2022 C\u00e2ble de branchement \u00e0 5 p\u00f4les<br \/>\u2022 Alimentation : 380-415 V 3N ou 220-240 V~ | 50\/60 Hz<\/p>\n<p><b>Inclus dans la livraison:<\/b><\/p>\n<p>\u2022 1 x table de cuisson \u00e0 encastrer1 x mat\u00e9riel de montageMode d&#8217;emploi en fran\u00e7ais<\/p>\n<p><b>Dimensions:<\/b><\/p>\n<p>\u2022 Dimensions totales : 90 x 5,7 x 52 cm (LxHxP)<br \/>\u2022 Dimensions d&rsquo;encastrement : 87 x 5,2 x 49 cm (LxHxP)<br \/>\u2022 Largeur minimale du plan de travail sur tout le pourtour : 5 cm<br \/>\u2022 Epaisseur minimale du plan de travail : 3 cm<br \/>\u2022 Distance minimale des \u00e9l\u00e9ments hauts situ\u00e9s au-dessus : 76 cm<br \/>\u2022 Espace libre minimal tout autour de l&rsquo;appareil : 5 cm<br \/>\u2022 Espace de circulation d&rsquo;air: min. 2 cm<br \/>\u2022 Longueur du c\u00e2ble : 1,0 m<br \/>\u2022 Poids : env. 12 kg<\/p>\n<\/div>\n<p><bl-button a11yexpanded=\"false\" arialabel=\"Afficher toute la description\" class=\"read-more__btn\" full=\"false\" link=\"true\">Voir plus<\/bl-button><\/div>","protected":false},"excerpt":{"rendered":"<div class=\"keypoints\">\n<h3 class=\"keypoints__title\">Les points cl\u00e9s<\/h3>\n<ul role=\"list\">\n<li class=\"keypoints__item\" role=\"listitem\">                                        Encastrement XL : L 87 cm                      <\/li>\n<li class=\"keypoints__item\" role=\"listitem\">                          Nombre de foyers : 5 &#8211;                                                      Zone modulable : zone flexible                      <\/li>\n<li class=\"keypoints__item\" role=\"listitem\">                                        Type de commandes : tactiles centralis\u00e9es                      <\/li>\n<\/ul>","protected":false},"featured_media":22896,"template":"","meta":{"_glsr_average":0,"_glsr_ranking":0,"_glsr_reviews":0},"product_cat":[220],"product_tag":[131,218,221],"class_list":{"0":"post-37979","1":"product","2":"type-product","3":"status-publish","4":"has-post-thumbnail","6":"product_cat-plaque-vitroceramique","7":"product_tag-gros-electromenager","8":"product_tag-plaque-de-cuisson","9":"product_tag-plaque-vitroceramique","11":"first","12":"instock","13":"sale","14":"shipping-taxable","15":"purchasable","16":"product-type-simple"},"_links":{"self":[{"href":"https:\/\/electromenagerexpress.com\/en\/wp-json\/wp\/v2\/product\/37979","targetHints":{"allow":["GET"]}}],"collection":[{"href":"https:\/\/electromenagerexpress.com\/en\/wp-json\/wp\/v2\/product"}],"about":[{"href":"https:\/\/electromenagerexpress.com\/en\/wp-json\/wp\/v2\/types\/product"}],"wp:featuredmedia":[{"embeddable":true,"href":"https:\/\/electromenagerexpress.com\/en\/wp-json\/wp\/v2\/media\/22896"}],"wp:attachment":[{"href":"https:\/\/electromenagerexpress.com\/en\/wp-json\/wp\/v2\/media?parent=37979"}],"wp:term":[{"taxonomy":"product_cat","embeddable":true,"href":"https:\/\/electromenagerexpress.com\/en\/wp-json\/wp\/v2\/product_cat?post=37979"},{"taxonomy":"product_tag","embeddable":true,"href":"https:\/\/electromenagerexpress.com\/en\/wp-json\/wp\/v2\/product_tag?post=37979"}],"curies":[{"name":"wp","href":"https:\/\/api.w.org\/{rel}","templated":true}]}}