{"id":37978,"date":"2024-11-21T13:42:10","date_gmt":"2024-11-21T13:42:10","guid":{"rendered":"https:\/\/electromenagerexpress.com\/product\/table-vitroceramiqueklarsteindelicatessa-60-prime-blanc\/"},"modified":"2024-11-21T13:42:12","modified_gmt":"2024-11-21T13:42:12","slug":"table-vitroceramiqueklarsteindelicatessa-60-prime-blanc","status":"publish","type":"product","link":"https:\/\/electromenagerexpress.com\/en\/product\/table-vitroceramiqueklarsteindelicatessa-60-prime-blanc\/","title":{"rendered":"Table vitroc\u00e9ramique\t\t\t\t\t\t\tKLARSTEIN\t\t\t\tDelicatessa 60 Prime &#8211; Blanc"},"content":{"rendered":"<div class=\"product-features__content\">\n<ul role=\"list\">\n<li class=\"product-features__item\" role=\"listitem\">\n<h3 class=\"product-features__label\">Cuisson<\/h3>\n<ul role=\"list\">\n<li class=\"product-features__item-list__item\" role=\"listitem\"><span class=\"is--medium\">Type de table :<\/span> vitroc\u00e9ramique, entretien tr\u00e8s facile gr\u00e2ce au rev\u00eatement en verre tremp\u00e9.\t\t\t\t\t<\/li>\n<li class=\"product-features__item-list__item\" role=\"listitem\"><span class=\"is--medium\">Puissance totale :<\/span> 7.000 W\t\t\t\t\t<\/li>\n<li class=\"product-features__item-list__item\" role=\"listitem\"><span class=\"is--medium\">Amp\u00e9rage requis pour l&rsquo;installation :<\/span> 27,4 A\t\t\t\t\t<\/li>\n<li class=\"product-features__item-list__item\" role=\"listitem\"><span class=\"is--medium\">Nombre de foyers :<\/span> 4\t\t\t\t\t<\/li>\n<li class=\"product-features__item-list__item\" role=\"listitem\"><span class=\"is--medium\">Foyer modulable :<\/span> zone flexible, permet d&rsquo;avoir une homog\u00e9n\u00e9it\u00e9 de la chaleur sur toute la zone et s&rsquo;adapte automatiquement \u00e0 la taille de votre casserolerie.\t\t\t\t\t<\/li>\n<li class=\"product-features__item-list__item\" role=\"listitem\"><span class=\"is--medium\">S\u00e9curit\u00e9s :<\/span> arr\u00eat automatique, anti surchauffe, verrouillage du clavier, t\u00e9moin de chaleur r\u00e9siduelle, d\u00e9tection d&rsquo;absence de r\u00e9cipient, t\u00e9moin de mise sous tension\t\t\t\t\t<\/li>\n<\/ul>\n<\/li>\n<li class=\"product-features__item\" role=\"listitem\">\n<h3 class=\"product-features__label\">Commandes<\/h3>\n<ul role=\"list\">\n<li class=\"product-features__item-list__item\" role=\"listitem\"><span class=\"is--medium\">Type de commandes :<\/span> tactiles centralis\u00e9es, permet d&rsquo;avoir un point de commande au milieu, pour choisir le foyer \u00e0 activer et d\u00e9terminer la puissance\t\t\t\t\t<\/li>\n<li class=\"product-features__item-list__item\" role=\"listitem\"><span class=\"is--medium\">Emplacement des commandes :<\/span> frontal\t\t\t\t\t<\/li>\n<li class=\"product-features__item-list__item\" role=\"listitem\"><span class=\"is--medium\">Nombre de boosters :<\/span> 4\t\t\t\t\t<\/li>\n<li class=\"product-features__item-list__item\" role=\"listitem\"><span class=\"is--medium\">Le saviez-vous ? :<\/span> le booster permet un acc\u00e8s direct \u00e0 la puissance maximale. Id\u00e9al pour porter \u00e0 \u00e9bullition ou saisir les viandes\t\t\t\t\t<\/li>\n<li class=\"product-features__item-list__item\" role=\"listitem\"><span class=\"is--medium\">Nombre de minuteurs :<\/span> 1\t\t\t\t\t<\/li>\n<li class=\"product-features__item-list__item\" role=\"listitem\"><span class=\"is--medium\">Le saviez-vous ? :<\/span> le minuteur arr\u00eate le foyer concern\u00e9 une fois le temps \u00e9coul\u00e9\t\t\t\t\t<\/li>\n<\/ul>\n<\/li>\n<li class=\"product-features__item\" role=\"listitem\">\n<h3 class=\"product-features__label\">Confort d&rsquo;utilisation<\/h3>\n<ul role=\"list\">\n<li class=\"product-features__item-list__item\" role=\"listitem\"><span class=\"is--medium\">Table connect\u00e9e Wifi :<\/span> non\t\t\t\t\t<\/li>\n<li class=\"product-features__item-list__item\" role=\"listitem\"><span class=\"is--medium\">Application d\u00e9di\u00e9e :<\/span> Sans application\t\t\t\t\t<\/li>\n<li class=\"product-features__item-list__item\" role=\"listitem\"><span class=\"is--medium\">Sonde de cuisson :<\/span> non\t\t\t\t\t<\/li>\n<\/ul>\n<\/li>\n<li class=\"product-features__item\" role=\"listitem\">\n<h3 class=\"product-features__label\">Design<\/h3>\n<ul role=\"list\">\n<li class=\"product-features__item-list__item\" role=\"listitem\"><span class=\"is--medium\">Coloris :<\/span> Blanc\t\t\t\t\t<\/li>\n<li class=\"product-features__item-list__item\" role=\"listitem\"><span class=\"is--medium\">Mati\u00e8re des grilles :<\/span> non concern\u00e9\t\t\t\t\t<\/li>\n<li class=\"product-features__item-list__item\" role=\"listitem\"><span class=\"is--medium\">Couleur de l&rsquo;affichage :<\/span> rouge\t\t\t\t\t<\/li>\n<li class=\"product-features__item-list__item\" role=\"listitem\"><span class=\"is--medium\">Existe aussi en :<\/span> noir\t\t\t\t\t<\/li>\n<\/ul>\n<\/li>\n<li class=\"product-features__item\" role=\"listitem\">\n<h3 class=\"product-features__label\">Dimensions<\/h3>\n<ul role=\"list\">\n<li class=\"product-features__item-list__item\" role=\"listitem\"><span class=\"is--medium\">LxHxP (encastrement) :<\/span> 59 x 5.2 x 49 cm\t\t\t\t\t<\/li>\n<li class=\"product-features__item-list__item\" role=\"listitem\"><span class=\"is--medium\">Dimensions l x h x p :<\/span> 59 x 5.8 x 52 cm\t\t\t\t\t<\/li>\n<li class=\"product-features__item-list__item\" role=\"listitem\"><span class=\"is--medium\">Longueur du cordon d&rsquo;alimentation :<\/span> 1,00 m\t\t\t\t\t<\/li>\n<li class=\"product-features__item-list__item\" role=\"listitem\"><span class=\"is--medium\">Poids net :<\/span> 9,00 Kg\t\t\t\t\t<\/li>\n<\/ul>\n<\/li>\n<li class=\"product-features__item\" role=\"listitem\">\n<h3 class=\"product-features__label\">Informations compl\u00e9mentaires<\/h3>\n<ul role=\"list\">\n<li class=\"product-features__item-list__item\" role=\"listitem\"><span class=\"is--medium\">Fabriqu\u00e9 en :<\/span> Chine\t\t\t\t\t<\/li>\n<li class=\"product-features__item-list__item\" role=\"listitem\"><span class=\"is--medium\">Disponibilit\u00e9 des pi\u00e8ces d\u00e9tach\u00e9es (donn\u00e9es fournisseur) :<\/span> Non communiqu\u00e9e\t\t\t\t\t<\/li>\n<\/ul>\n<\/li>\n<\/ul>\n<\/div>\n<div class=\"product__disclosure-content\">\n<div class=\"js-read-more product-description__content read-more read-more--truncated\" data-read-more-name=\"description\" style=\"max-height: 500px; overflow: hidden;\">\n<p>Cuisinez de fa\u00e7on \u00a0plus flexible : la <b>table \u00e0 induction Klarstein<\/b> Delicatessa 60<br \/>Prime permet une utilisation optimale de l&rsquo;espace avec une consommation d&rsquo;\u00e9nergie<br \/>minimale lors de la cuisson. Elle combine innovation technique et look classique et<br \/>donne un nouvel \u00e9clat \u00e0 votre cuisine int\u00e9gr\u00e9e avec sa surface luxueuse en<br \/>vitroc\u00e9ramique et son cadre en inox.<\/p>\n<p>La <b>table de cuisson encastr\u00e9e Klarstein<\/b> Delicatessa 60 Prime offre quatre zones de<br \/>cuisson pour votre plaisir avec une puissance totale de max. 7000 watts r\u00e9partis en 2<br \/>x 2000 et 2 x 1500 watts qui portent le contenu de vos casseroles et po\u00eales \u00e0<br \/>\u00e9bullition aux heures de pointe. Deux zones de cuisson se combinent pour former une<br \/>zone flexible gr\u00e2ce \u00e0 VarioHeating: gr\u00e2ce au syst\u00e8me de d\u00e9tection des casseroles,<br \/>elle s&rsquo;adapte \u00e0 la taille des po\u00eales ou casseroles avec une flexibilit\u00e9 maximale pour<br \/>chauffer ainsi les grands ustensiles de cuisine. Ainsi, la Delicatessa 60 Prime ne<br \/>consomme que l&rsquo;\u00e9nergie n\u00e9cessaire et permet d&rsquo;utiliser presque toutes les tailles de<br \/>casseroles ou de po\u00eales.<\/p>\n<p>Toutes les zones se r\u00e8glent s\u00e9par\u00e9ment et ont une fonction ThermoBoost qui augmente<br \/>la puissance pour un chauffage rapide jusqu&rsquo;\u00e0 2800 W. La <b>table de cuisson<br \/>vitroc\u00e9ramique Klarstein<\/b> Delicatessa 60 Prime se commande facilement avec son \u00e9cran<br \/>tactile SenseControl int\u00e9gr\u00e9 avec curseur Touch to slide pour un affichage num\u00e9rique<br \/>des performances. Aucun bouton ni commande d\u00e9passe de la surface, ce qui pr\u00e9serve la<br \/>ligne de votre cuisine. En plus de la puissance, chaque zone de cuisson dispose d&rsquo;une<br \/>minuterie programmable de 99 minutes maximum qui \u00e9teint la table de cuisson une fois<br \/>la dur\u00e9e r\u00e9gl\u00e9e \u00e9coul\u00e9e ou \u00e9met un signal sonore.<\/p>\n<p>Pour que tout se passe bien lors de la cuisson, la <b>table de cuisson encastrable<br \/>Klarstein<\/b> Delicatessa 60 Prime dispose d&rsquo;une grande vari\u00e9t\u00e9 de protections : la<br \/>protection contre la surchauffe avec arr\u00eat automatique s&rsquo;active si une zone de<br \/>cuisson devient trop chaude. Un indicateur de chaleur r\u00e9siduelle dans le principe<br \/>EcoThermal Control vous indique si les zones de cuisson \u00e9teintes sont encore chaudes.<br \/>Il permet ainsi de cuisiner avec la chaleur r\u00e9siduelle pour \u00e9conomiser de l&rsquo;\u00e9nergie.<br \/>La fonction ThermalRecall m\u00e9morise la temp\u00e9rature r\u00e9gl\u00e9e et sert lorsque la cuisson<br \/>est bri\u00e8vement interrompue puis reprise. Un verrouillage parental peut \u00e9galement \u00eatre<br \/>activ\u00e9 pour \u00e9viter toute modification accidentelle des r\u00e9glages de cuisson.<\/p>\n<p>La <b>table \u00e0 induction Klarstein<\/b> Delicatessa 60 Prime impressionne visuellement avec sa<br \/>surface facile d&rsquo;entretien en vitroc\u00e9ramique et son cadre en inox bross\u00e9 qui donne<br \/>son look \u00e0 la table \u00e0 induction. La table de cuisson s&rsquo;int\u00e8gre facilement dans<br \/>n&rsquo;importe quel style de cuisine &#8211; classique ou moderne. Le mat\u00e9riel n\u00e9cessaire \u00e0<br \/>l&rsquo;installation dans le plan de travail est inclus dans la livraison.<\/p>\n<p><b>Top Features:<\/b><\/p>\n<p>\u2022 <b>A point :<\/b> puissance r\u00e9glable en 9 niveaux, minuterie d&rsquo;arr\u00eat programmable jusqu&rsquo;\u00e0<br \/>99 minutes<b>Une chaleur puissante :<\/b> puissance totale de 7000 watts en 4 zones de<br \/>cuisson avec Boost jusqu&rsquo;\u00e0 2800 watts<b>Touch-to-slide:<\/b> panneau de commande SenseControl<br \/>avec fonction curseur et affichage num\u00e9rique<b>Cuisson \u00e0 \u00e9conomie d&rsquo;\u00e9nergie :<\/b> EcoThermal<br \/>Control avec affichage de la chaleur r\u00e9siduelle \u00e0 utiliser<b>Plus de puissance :<\/b> chaque<br \/>zone de cuisson poss\u00e8de une fonction ThermoBoost pour un chauffage rapide<b>Qualit\u00e9<br \/>allemande top niveau :<\/b> composants premium made in Germany<\/p>\n<p><b>Caract\u00e9ristiques:<\/b><\/p>\n<p>\u2022 Bouton de marche\/arr\u00eat sur le haut de l&rsquo;appareil (panneau de commande tactile)<br \/>\u2022 Puissance totale : 7000 W (2 x 2000 W &amp; 2 x 1500 W)<br \/>\u2022 4 zones de cuisson : 19,5 x 19 cm chacune<br \/>\u2022 Panneau de commande SenseControl avec minuterie et affichage num\u00e9rique de la<br \/>puissance<br \/>\u2022 Zones de cuisson combinables en une zone Flex avec d\u00e9tection de casserole<br \/>\u2022 Minuterie r\u00e9glable jusqu&rsquo;\u00e0 99 minutes<br \/>\u2022 Arr\u00eat automatique<br \/>\u2022 Protection contre la surchauffe<br \/>\u2022 Verrouillage parental activable<br \/>\u2022 Table de cuisson encastr\u00e9e : \u00e0 int\u00e9grer dans une cuisine \u00e9quip\u00e9e, pas de pose libre<br \/>\u2022 Mat\u00e9riel de montage fourni pour un encastrement dans une cuisine int\u00e9gr\u00e9e<br \/>\u2022 Alimentation : 220-240 V~ | 50\/60 Hz<\/p>\n<p><b>Inclus dans la livraison:<\/b><\/p>\n<p>\u2022 1 x table de cuisson \u00e0 induction1 x mat\u00e9riel de montageMode d&#8217;emploi en fran\u00e7ais<\/p>\n<p><b>Dimensions:<\/b><\/p>\n<p>\u2022 Dimensions totales : 59 x 5,8 x 52 cm (LxHxP)<br \/>\u2022 Dimensions d&rsquo;encastrement : 56 x 5,2 x 49 cm (LxHxP)<br \/>\u2022 Longueur du c\u00e2ble : env. 1,0 m<br \/>\u2022 Poids : env. 9 kg<\/p>\n<\/div>\n<p><bl-button a11yexpanded=\"false\" arialabel=\"Afficher toute la description\" class=\"read-more__btn\" full=\"false\" link=\"true\">Voir plus<\/bl-button><\/div>","protected":false},"excerpt":{"rendered":"<div class=\"keypoints\">\n<h3 class=\"keypoints__title\">Les points cl\u00e9s<\/h3>\n<ul role=\"list\">\n<li class=\"keypoints__item\" role=\"listitem\">                                        Encastrement standard : L 59 cm                      <\/li>\n<li class=\"keypoints__item\" role=\"listitem\">                          Nombre de foyers : 4 &#8211;                                                      Zone modulable : zone flexible                      <\/li>\n<li class=\"keypoints__item\" role=\"listitem\">                                        Type de commandes : tactiles centralis\u00e9es                      <\/li>\n<\/ul>","protected":false},"featured_media":22886,"template":"","meta":{"_glsr_average":0,"_glsr_ranking":0,"_glsr_reviews":0},"product_cat":[220],"product_tag":[131,218,221],"class_list":{"0":"post-37978","1":"product","2":"type-product","3":"status-publish","4":"has-post-thumbnail","6":"product_cat-plaque-vitroceramique","7":"product_tag-gros-electromenager","8":"product_tag-plaque-de-cuisson","9":"product_tag-plaque-vitroceramique","11":"first","12":"instock","13":"sale","14":"shipping-taxable","15":"purchasable","16":"product-type-simple"},"_links":{"self":[{"href":"https:\/\/electromenagerexpress.com\/en\/wp-json\/wp\/v2\/product\/37978","targetHints":{"allow":["GET"]}}],"collection":[{"href":"https:\/\/electromenagerexpress.com\/en\/wp-json\/wp\/v2\/product"}],"about":[{"href":"https:\/\/electromenagerexpress.com\/en\/wp-json\/wp\/v2\/types\/product"}],"wp:featuredmedia":[{"embeddable":true,"href":"https:\/\/electromenagerexpress.com\/en\/wp-json\/wp\/v2\/media\/22886"}],"wp:attachment":[{"href":"https:\/\/electromenagerexpress.com\/en\/wp-json\/wp\/v2\/media?parent=37978"}],"wp:term":[{"taxonomy":"product_cat","embeddable":true,"href":"https:\/\/electromenagerexpress.com\/en\/wp-json\/wp\/v2\/product_cat?post=37978"},{"taxonomy":"product_tag","embeddable":true,"href":"https:\/\/electromenagerexpress.com\/en\/wp-json\/wp\/v2\/product_tag?post=37978"}],"curies":[{"name":"wp","href":"https:\/\/api.w.org\/{rel}","templated":true}]}}