{"id":37977,"date":"2024-11-21T13:42:08","date_gmt":"2024-11-21T13:42:08","guid":{"rendered":"https:\/\/electromenagerexpress.com\/product\/table-inductionklarsteintrinitycook-3400w\/"},"modified":"2024-11-21T13:42:09","modified_gmt":"2024-11-21T13:42:09","slug":"table-inductionklarsteintrinitycook-3400w","status":"publish","type":"product","link":"https:\/\/electromenagerexpress.com\/en\/product\/table-inductionklarsteintrinitycook-3400w\/","title":{"rendered":"Table induction\t\t\t\t\t\t\tKLARSTEIN\t\t\t\tTrinityCook &#8211; 3400W"},"content":{"rendered":"<div class=\"product-features__content\">\n<ul role=\"list\">\n<li class=\"product-features__item\" role=\"listitem\">\n<h3 class=\"product-features__label\">Cuisson<\/h3>\n<ul role=\"list\">\n<li class=\"product-features__item-list__item\" role=\"listitem\"><span class=\"is--medium\">Type de table :<\/span> induction, mont\u00e9e tr\u00e8s rapide en temp\u00e9rature, gestion pr\u00e9cise de la cuisson et grande facilit\u00e9 d&rsquo;entretien. C&rsquo;est le meilleur compromis consommation d&rsquo;\u00e9nergie \/ s\u00e9curit\u00e9 \/ entretien.\t\t\t\t\t<\/li>\n<li class=\"product-features__item-list__item\" role=\"listitem\"><span class=\"is--medium\">Puissance totale :<\/span> 3.400 W\t\t\t\t\t<\/li>\n<li class=\"product-features__item-list__item\" role=\"listitem\"><span class=\"is--medium\">Amp\u00e9rage requis pour l&rsquo;installation :<\/span> 14 A\t\t\t\t\t<\/li>\n<li class=\"product-features__item-list__item\" role=\"listitem\"><span class=\"is--medium\">Nombre de foyers :<\/span> 3\t\t\t\t\t<\/li>\n<li class=\"product-features__item-list__item\" role=\"listitem\"><span class=\"is--medium\">S\u00e9curit\u00e9s :<\/span> arr\u00eat automatique, anti surchauffe, verrouillage du clavier, t\u00e9moin de chaleur r\u00e9siduelle, t\u00e9moin de mise sous tension\t\t\t\t\t<\/li>\n<\/ul>\n<\/li>\n<li class=\"product-features__item\" role=\"listitem\">\n<h3 class=\"product-features__label\">Commandes<\/h3>\n<ul role=\"list\">\n<li class=\"product-features__item-list__item\" role=\"listitem\"><span class=\"is--medium\">Type de commandes :<\/span> tactiles centralis\u00e9es, permet d&rsquo;avoir un point de commande au milieu, pour choisir le foyer \u00e0 activer et d\u00e9terminer la puissance\t\t\t\t\t<\/li>\n<li class=\"product-features__item-list__item\" role=\"listitem\"><span class=\"is--medium\">Emplacement des commandes :<\/span> frontal\t\t\t\t\t<\/li>\n<li class=\"product-features__item-list__item\" role=\"listitem\"><span class=\"is--medium\">Nombre de minuteurs :<\/span> 1\t\t\t\t\t<\/li>\n<li class=\"product-features__item-list__item\" role=\"listitem\"><span class=\"is--medium\">Le saviez-vous ? :<\/span> le minuteur arr\u00eate le foyer concern\u00e9 une fois le temps \u00e9coul\u00e9\t\t\t\t\t<\/li>\n<\/ul>\n<\/li>\n<li class=\"product-features__item\" role=\"listitem\">\n<h3 class=\"product-features__label\">Confort d&rsquo;utilisation<\/h3>\n<ul role=\"list\">\n<li class=\"product-features__item-list__item\" role=\"listitem\"><span class=\"is--medium\">Table connect\u00e9e Wifi :<\/span> non\t\t\t\t\t<\/li>\n<li class=\"product-features__item-list__item\" role=\"listitem\"><span class=\"is--medium\">Application d\u00e9di\u00e9e :<\/span> Sans application\t\t\t\t\t<\/li>\n<li class=\"product-features__item-list__item\" role=\"listitem\"><span class=\"is--medium\">Sonde de cuisson :<\/span> non\t\t\t\t\t<\/li>\n<\/ul>\n<\/li>\n<li class=\"product-features__item\" role=\"listitem\">\n<h3 class=\"product-features__label\">Design<\/h3>\n<ul role=\"list\">\n<li class=\"product-features__item-list__item\" role=\"listitem\"><span class=\"is--medium\">Coloris :<\/span> Noir\t\t\t\t\t<\/li>\n<li class=\"product-features__item-list__item\" role=\"listitem\"><span class=\"is--medium\">Mati\u00e8re des grilles :<\/span> non concern\u00e9\t\t\t\t\t<\/li>\n<li class=\"product-features__item-list__item\" role=\"listitem\"><span class=\"is--medium\">Couleur de l&rsquo;affichage :<\/span> rouge\t\t\t\t\t<\/li>\n<\/ul>\n<\/li>\n<li class=\"product-features__item\" role=\"listitem\">\n<h3 class=\"product-features__label\">Dimensions<\/h3>\n<ul role=\"list\">\n<li class=\"product-features__item-list__item\" role=\"listitem\"><span class=\"is--medium\">Dimensions l x h x p :<\/span> 59.5 x 7.6 x 52.5 cm\t\t\t\t\t<\/li>\n<li class=\"product-features__item-list__item\" role=\"listitem\"><span class=\"is--medium\">Longueur du cordon d&rsquo;alimentation :<\/span> 1,35 m\t\t\t\t\t<\/li>\n<li class=\"product-features__item-list__item\" role=\"listitem\"><span class=\"is--medium\">Poids net :<\/span> 11,70 Kg\t\t\t\t\t<\/li>\n<\/ul>\n<\/li>\n<li class=\"product-features__item\" role=\"listitem\">\n<h3 class=\"product-features__label\">Informations compl\u00e9mentaires<\/h3>\n<ul role=\"list\">\n<li class=\"product-features__item-list__item\" role=\"listitem\"><span class=\"is--medium\">Fabriqu\u00e9 en :<\/span> Chine\t\t\t\t\t<\/li>\n<li class=\"product-features__item-list__item\" role=\"listitem\"><span class=\"is--medium\">Disponibilit\u00e9 des pi\u00e8ces d\u00e9tach\u00e9es (donn\u00e9es fournisseur) :<\/span> Non communiqu\u00e9e\t\t\t\t\t<\/li>\n<\/ul>\n<\/li>\n<\/ul>\n<\/div>\n<div class=\"product__disclosure-content\">\n<div class=\"js-read-more product-description__content read-more read-more--truncated\" data-read-more-name=\"description\" style=\"max-height: 500px; overflow: hidden;\">\n<p>La <b>table de cuisson<\/b><b>\u00e0 induction <\/b>mobile <b>Klarstein<\/b> TrinityCook trouve sa place dans<br \/>toutes les cuisines gr\u00e2ce \u00e0 ses dimensions compactes et impressionne par ses<br \/>nombreuses fonctions pratiques.<\/p>\n<p>La <b>table de cuisson<\/b><b>\u00e0 induction <\/b>TrinityCook offre une puissance totale de 3400 watts<br \/>sur trois plaques. Les deux <b>plaques \u00e0 induction <\/b>de gauche d\u00e9livrent jusqu&rsquo;\u00e0 1100<br \/>watts et la plaque en vitroc\u00e9ramique \u00e0 droite chauffe puissamment votre batterie de<br \/>cuisine avec 1200 watts. Les 9 niveaux de puissance et la temp\u00e9rature se r\u00e8glent<br \/>facilement \u00e0 l&rsquo;aide du curseur tactile. Vous pouvez choisir une temp\u00e9rature entre 60<br \/>et 240 \u00b0C pour chaque <b>plaque de cuisson<\/b>. De plus, la minuterie d&rsquo;arr\u00eat est<br \/>programmable jusqu&rsquo;\u00e0 180 minutes. Les touches sont verrouillables pour \u00e9viter les<br \/>modifications accidentelles de r\u00e9glages. Une fonction stop and go pratique permet de<br \/>mettre la zone de cuisson en pause et de la reprendre lorsque vous la touchez \u00e0<br \/>nouveau. Toutes les fonctions se contr\u00f4lent facilement sur le panneau de commande<br \/>clair avec affichage LED dans le coin inf\u00e9rieur droit.<\/p>\n<p>En plus d&rsquo;une s\u00e9curit\u00e9 suppl\u00e9mentaire, l&rsquo;arr\u00eat automatique de la plaque de cuisson<br \/>est pratique et permet d&rsquo;\u00e9conomiser de l&rsquo;\u00e9nergie s&rsquo;il n&rsquo;y a pas de casserole par<br \/>inadvertance sur la table de cuisson.<\/p>\n<p>La <b>table de cuisson \u00e0 induction Klarstein<\/b> est visuellement impressionnante avec sa<br \/>surface facile d&rsquo;entretien en verre tremp\u00e9 et son corps en acier inoxydable. Avec ses<br \/>dimensions de 59,5 x 7,6 x 52,5 cm, elle s&rsquo;int\u00e8gre parfaitement dans les tiroirs<br \/>standards et peut ainsi se ranger lorsque vous ne l&rsquo;utilisez pas.<\/p>\n<p>Puissante, mobile et fonctionnelle : la <b>table de cuisson \u00e0 induction Klarstein<br \/><\/b>TrinityCook.<\/p>\n<p><b>Top Features:<\/b><\/p>\n<p>\u2022 <b>Gain de place :<\/b> table de cuisson \u00e0 induction en pose libre avec 3 zones de cuisson<br \/>id\u00e9ale pour les petites cuisines<b>Astucieux : <\/b>dimensions compactes pour un rangement<br \/>pratique dans les tiroirs standard de cuisine de 60 x 60 cm<b>Une chaleur puissante :<\/b><br \/>table de cuisson combin\u00e9e de 3400 watts avec une puissance de 1200 et 2 fois 1100<br \/>watts<b>Contr\u00f4le intuitif :<\/b> par panneau de commande tactile avec curseur et \u00e9cran LED<br \/>lisible<b>Pratique : <\/b>minuterie programmable jusqu&rsquo;\u00e0 180 minutes et fonction stop and<br \/>go<b>Fonctionnement s\u00fbr :<\/b> avec verrouillage parental et protection contre la surchauffe<\/p>\n<p><b>Caract\u00e9ristiques:<\/b><\/p>\n<p>\u2022 Puissance totale : 3400 watts<br \/>\u2022 9 niveaux de puissance<br \/>\u2022 Temp\u00e9ratures de 60 \u00e0 240 \u00b0C<br \/>\u2022 Dimensions compactes<br \/>\u2022 Panneau de commande tactile<br \/>\u2022 Ecran LED<br \/>\u2022 Inox et verre de s\u00e9curit\u00e9<br \/>\u2022 Fonction stop and go<br \/>\u2022 Minuterie jusqu&rsquo;\u00e0 180 minutes<br \/>\u2022 Protection contre la surchauffe<br \/>\u2022 Verrouillage parental<br \/>\u2022 Avec fiche<br \/>\u2022 Veuillez noter que le c\u00e2ble sort en dessous de l&rsquo;appareil au milieu ce qui<br \/>raccourcit la longueur r\u00e9elle d&rsquo;utilisation d&rsquo;environ 28 cm<br \/>\u2022 Alimentation : 220-240 V~ | 50\/60 Hz<\/p>\n<p><b>Inclus dans la livraison:<\/b><\/p>\n<p><b>Dimensions:<\/b><\/p>\n<p>\u2022 Dimensions : env. 59,5 x 7,6 x 52,5 cm (LxHxP)<br \/>\u2022 Dimensions : zones de cuisson env. 2 x 21 cm \/ 1 x 25 cm (\u00d8)<br \/>\u2022 Longueur du c\u00e2ble secteur : env. 135 cm<br \/>\u2022 Poids : env. 11,7 kg<\/p>\n<\/div>\n<p><bl-button a11yexpanded=\"false\" arialabel=\"Afficher toute la description\" class=\"read-more__btn\" full=\"false\" link=\"true\"><\/bl-button><\/div>","protected":false},"excerpt":{"rendered":"<div class=\"keypoints\">\n<h3 class=\"keypoints__title\">Les points cl\u00e9s<\/h3>\n<ul role=\"list\">\n<li class=\"keypoints__item\" role=\"listitem\">                                        Nombre de foyers : 3                      <\/li>\n<li class=\"keypoints__item\" role=\"listitem\">                                        Type de commandes : tactiles centralis\u00e9es                      <\/li>\n<\/ul>","protected":false},"featured_media":22877,"template":"","meta":{"_glsr_average":0,"_glsr_ranking":0,"_glsr_reviews":0},"product_cat":[217],"product_tag":[131,218,219],"class_list":{"0":"post-37977","1":"product","2":"type-product","3":"status-publish","4":"has-post-thumbnail","6":"product_cat-plaque-induction","7":"product_tag-gros-electromenager","8":"product_tag-plaque-de-cuisson","9":"product_tag-plaque-induction","11":"first","12":"instock","13":"sale","14":"shipping-taxable","15":"purchasable","16":"product-type-simple"},"_links":{"self":[{"href":"https:\/\/electromenagerexpress.com\/en\/wp-json\/wp\/v2\/product\/37977","targetHints":{"allow":["GET"]}}],"collection":[{"href":"https:\/\/electromenagerexpress.com\/en\/wp-json\/wp\/v2\/product"}],"about":[{"href":"https:\/\/electromenagerexpress.com\/en\/wp-json\/wp\/v2\/types\/product"}],"wp:featuredmedia":[{"embeddable":true,"href":"https:\/\/electromenagerexpress.com\/en\/wp-json\/wp\/v2\/media\/22877"}],"wp:attachment":[{"href":"https:\/\/electromenagerexpress.com\/en\/wp-json\/wp\/v2\/media?parent=37977"}],"wp:term":[{"taxonomy":"product_cat","embeddable":true,"href":"https:\/\/electromenagerexpress.com\/en\/wp-json\/wp\/v2\/product_cat?post=37977"},{"taxonomy":"product_tag","embeddable":true,"href":"https:\/\/electromenagerexpress.com\/en\/wp-json\/wp\/v2\/product_tag?post=37977"}],"curies":[{"name":"wp","href":"https:\/\/api.w.org\/{rel}","templated":true}]}}