{"id":37976,"date":"2024-11-21T13:42:05","date_gmt":"2024-11-21T13:42:05","guid":{"rendered":"https:\/\/electromenagerexpress.com\/product\/table-vitroceramiqueklarsteindelicatessa-60-7000w-noir\/"},"modified":"2024-11-21T13:42:07","modified_gmt":"2024-11-21T13:42:07","slug":"table-vitroceramiqueklarsteindelicatessa-60-7000w-noir","status":"publish","type":"product","link":"https:\/\/electromenagerexpress.com\/en\/product\/table-vitroceramiqueklarsteindelicatessa-60-7000w-noir\/","title":{"rendered":"Table vitroc\u00e9ramique\t\t\t\t\t\t\tKLARSTEIN\t\t\t\tDelicatessa 60 7000W &#8211; Noir"},"content":{"rendered":"<div class=\"product-features__content\">\n<ul role=\"list\">\n<li class=\"product-features__item\" role=\"listitem\">\n<h3 class=\"product-features__label\">Cuisson<\/h3>\n<ul role=\"list\">\n<li class=\"product-features__item-list__item\" role=\"listitem\"><span class=\"is--medium\">Type de table :<\/span> vitroc\u00e9ramique, entretien tr\u00e8s facile gr\u00e2ce au rev\u00eatement en verre tremp\u00e9.\t\t\t\t\t<\/li>\n<li class=\"product-features__item-list__item\" role=\"listitem\"><span class=\"is--medium\">Puissance totale :<\/span> 7.000 W\t\t\t\t\t<\/li>\n<li class=\"product-features__item-list__item\" role=\"listitem\"><span class=\"is--medium\">Amp\u00e9rage requis pour l&rsquo;installation :<\/span> 27,4 A\t\t\t\t\t<\/li>\n<li class=\"product-features__item-list__item\" role=\"listitem\"><span class=\"is--medium\">Nombre de foyers :<\/span> 4\t\t\t\t\t<\/li>\n<li class=\"product-features__item-list__item\" role=\"listitem\"><span class=\"is--medium\">Foyer modulable :<\/span> zone flexible, permet d&rsquo;avoir une homog\u00e9n\u00e9it\u00e9 de la chaleur sur toute la zone et s&rsquo;adapte automatiquement \u00e0 la taille de votre casserolerie.\t\t\t\t\t<\/li>\n<li class=\"product-features__item-list__item\" role=\"listitem\"><span class=\"is--medium\">S\u00e9curit\u00e9s :<\/span> arr\u00eat automatique, anti surchauffe, verrouillage du clavier, t\u00e9moin de chaleur r\u00e9siduelle, d\u00e9tection d&rsquo;absence de r\u00e9cipient, t\u00e9moin de mise sous tension\t\t\t\t\t<\/li>\n<\/ul>\n<\/li>\n<li class=\"product-features__item\" role=\"listitem\">\n<h3 class=\"product-features__label\">Commandes<\/h3>\n<ul role=\"list\">\n<li class=\"product-features__item-list__item\" role=\"listitem\"><span class=\"is--medium\">Type de commandes :<\/span> tactiles centralis\u00e9es, permet d&rsquo;avoir un point de commande au milieu, pour choisir le foyer \u00e0 activer et d\u00e9terminer la puissance\t\t\t\t\t<\/li>\n<li class=\"product-features__item-list__item\" role=\"listitem\"><span class=\"is--medium\">Emplacement des commandes :<\/span> frontal\t\t\t\t\t<\/li>\n<li class=\"product-features__item-list__item\" role=\"listitem\"><span class=\"is--medium\">Nombre de boosters :<\/span> 4\t\t\t\t\t<\/li>\n<li class=\"product-features__item-list__item\" role=\"listitem\"><span class=\"is--medium\">Le saviez-vous ? :<\/span> le booster permet un acc\u00e8s direct \u00e0 la puissance maximale. Id\u00e9al pour porter \u00e0 \u00e9bullition ou saisir les viandes\t\t\t\t\t<\/li>\n<li class=\"product-features__item-list__item\" role=\"listitem\"><span class=\"is--medium\">Nombre de minuteurs :<\/span> 1\t\t\t\t\t<\/li>\n<li class=\"product-features__item-list__item\" role=\"listitem\"><span class=\"is--medium\">Le saviez-vous ? :<\/span> le minuteur arr\u00eate le foyer concern\u00e9 une fois le temps \u00e9coul\u00e9\t\t\t\t\t<\/li>\n<\/ul>\n<\/li>\n<li class=\"product-features__item\" role=\"listitem\">\n<h3 class=\"product-features__label\">Confort d&rsquo;utilisation<\/h3>\n<ul role=\"list\">\n<li class=\"product-features__item-list__item\" role=\"listitem\"><span class=\"is--medium\">Table connect\u00e9e Wifi :<\/span> non\t\t\t\t\t<\/li>\n<li class=\"product-features__item-list__item\" role=\"listitem\"><span class=\"is--medium\">Application d\u00e9di\u00e9e :<\/span> Sans application\t\t\t\t\t<\/li>\n<li class=\"product-features__item-list__item\" role=\"listitem\"><span class=\"is--medium\">Sonde de cuisson :<\/span> non\t\t\t\t\t<\/li>\n<\/ul>\n<\/li>\n<li class=\"product-features__item\" role=\"listitem\">\n<h3 class=\"product-features__label\">Design<\/h3>\n<ul role=\"list\">\n<li class=\"product-features__item-list__item\" role=\"listitem\"><span class=\"is--medium\">Coloris :<\/span> Noir\t\t\t\t\t<\/li>\n<li class=\"product-features__item-list__item\" role=\"listitem\"><span class=\"is--medium\">Mati\u00e8re des grilles :<\/span> non concern\u00e9\t\t\t\t\t<\/li>\n<li class=\"product-features__item-list__item\" role=\"listitem\"><span class=\"is--medium\">Couleur de l&rsquo;affichage :<\/span> rouge\t\t\t\t\t<\/li>\n<li class=\"product-features__item-list__item\" role=\"listitem\"><span class=\"is--medium\">Existe aussi en :<\/span> blanc\t\t\t\t\t<\/li>\n<\/ul>\n<\/li>\n<li class=\"product-features__item\" role=\"listitem\">\n<h3 class=\"product-features__label\">Dimensions<\/h3>\n<ul role=\"list\">\n<li class=\"product-features__item-list__item\" role=\"listitem\"><span class=\"is--medium\">LxHxP (encastrement) :<\/span> 56 x 5.2 x 49 cm\t\t\t\t\t<\/li>\n<li class=\"product-features__item-list__item\" role=\"listitem\"><span class=\"is--medium\">Dimensions l x h x p :<\/span> 59 x 5.8 x 52 cm\t\t\t\t\t<\/li>\n<li class=\"product-features__item-list__item\" role=\"listitem\"><span class=\"is--medium\">Longueur du cordon d&rsquo;alimentation :<\/span> 1,00 m\t\t\t\t\t<\/li>\n<li class=\"product-features__item-list__item\" role=\"listitem\"><span class=\"is--medium\">Poids net :<\/span> 9,00 Kg\t\t\t\t\t<\/li>\n<\/ul>\n<\/li>\n<li class=\"product-features__item\" role=\"listitem\">\n<h3 class=\"product-features__label\">Informations compl\u00e9mentaires<\/h3>\n<ul role=\"list\">\n<li class=\"product-features__item-list__item\" role=\"listitem\"><span class=\"is--medium\">Fabriqu\u00e9 en :<\/span> Chine\t\t\t\t\t<\/li>\n<li class=\"product-features__item-list__item\" role=\"listitem\"><span class=\"is--medium\">Disponibilit\u00e9 des pi\u00e8ces d\u00e9tach\u00e9es (donn\u00e9es fournisseur) :<\/span> Non communiqu\u00e9e\t\t\t\t\t<\/li>\n<\/ul>\n<\/li>\n<\/ul>\n<\/div>\n<div class=\"product__disclosure-content\">\n<div class=\"js-read-more product-description__content read-more read-more--truncated\" data-read-more-name=\"description\" style=\"max-height: 500px; overflow: hidden;\">\n<p>Une cuisine tout simplement plus souple : la <b>plaque de cuisson \u00e0 induction<\/b><b>Klarstein<\/b><br \/>Delicatessa 60 permet une utilisation optimale de l&rsquo;espace avec une consommation<br \/>d&rsquo;\u00e9nergie minimale. Elle allie l&rsquo;innovation technique \u00e0 un look luxueux et apporte un<br \/>nouvel \u00e9clat au plan de travail de la cuisine gr\u00e2ce \u00e0 sa surface en vitroc\u00e9ramique.<br \/>De plus, la <b>plaque de cuisson encastrable <\/b> offre un haut niveau de s\u00e9curit\u00e9 :<br \/>protection contre la surchauffe, d\u00e9tection de la casserole, indicateur de chaleur<br \/>r\u00e9siduelle, arr\u00eat automatique et s\u00e9curit\u00e9 enfants. La technologie Flexzone<br \/><i>VarioHeating<\/i> permet de combiner deux plaques de cuisson en une seule zone de cuisson.<\/p>\n<p><b>Top Features:<\/b><\/p>\n<p>\u2022 <b>Encastrement dans le meuble de cuisine : <\/b>plaque de cuisson \u00e0 induction \u00e9l\u00e9gante<br \/>avec surface en vitroc\u00e9ramique<b>7000 watts : <\/b>puissance totale des quatre zones de<br \/>cuisson avec 2 fois 2000 et 1500 watts de puissance individuelle chacune<i><b>VarioHeating<\/b><\/i>:<br \/>utilisation de deux plaques de cuisson comme une seule Flexzone<i><b>Fonction ThermoBoost<\/b><\/i><b>: <\/b><br \/>chauffage rapide jusqu&rsquo;\u00e0 2800 watts<i><b>Commande<\/b><\/i><b> EcoThermal :<\/b> utilisation \u00e9conome de la<br \/>chaleur r\u00e9siduelle<i><b>Fonction <\/b><\/i><b>ThermalRecall :<\/b> m\u00e9morisation de la temp\u00e9rature pendant les<br \/>pauses de cuisson<b>9 niveaux de puissance : <\/b>puissance r\u00e9glable individuellement<i><b>Panneau<br \/>de commande<\/b><\/i><b> SenseControl :<\/b> contr\u00f4le facile, fonction de curseur et affichage<br \/>num\u00e9rique<b>Surface en vitroc\u00e9ramique : <\/b>avec marquages de la plaque de cuisson, facile \u00e0<br \/>nettoyer<b>Minuterie programmable : <\/b>jusqu&rsquo;\u00e0 99 minutes par plaque de cuisson<\/p>\n<p><b>Caract\u00e9ristiques:<\/b><\/p>\n<p>\u2022 Interrupteur marche\/arr\u00eat sur le dessus de l&rsquo;appareil (panneau de commande tactile)<br \/>\u2022 4 plaques de cuisson : 20 x 19 cm chacune<br \/>\u2022 Panneau de commande <i>SenseControl<\/i>avec affichage num\u00e9rique du niveau de<br \/>fonctionnement et de la minuterie<br \/>\u2022 D\u00e9tection de marmite <br \/>\u2022 Arr\u00eat automatique<br \/>\u2022 Protection contre la surchauffe<br \/>\u2022 S\u00e9curit\u00e9 enfants commutable<br \/>\u2022 Cuisini\u00e8re encastr\u00e9e : \u00e0 installer dans un il\u00f4t de cuisine, et non comme appareil<br \/>ind\u00e9pendant<br \/>\u2022 y compris le mat\u00e9riel de montage pour encastrer dans l&rsquo;unit\u00e9 de cuisine<br \/>\u2022 C\u00e2ble de connexion \u00e0 5 p\u00f4les<\/p>\n<p><b>Inclus dans la livraison:<\/b><\/p>\n<p>\u2022 1 x cuisini\u00e8re encastrable1 x mat\u00e9riel de montageMode d&#8217;emploi en fran\u00e7ais<\/p>\n<p><b>Dimensions:<\/b><\/p>\n<p>\u2022 Dimensions totales : env. 59 x 5,8 x 52 cm (lxHxP)<br \/>\u2022 Dimensions de l&rsquo;installation : env. 56 x 5,2 x 49 cm (lxHxP)<br \/>\u2022 Largeur circonf\u00e9rentielle minimale du plan de travail : 5 cm<br \/>\u2022 \u00c9paisseur minimale du plan de travail : 3 cm<br \/>\u2022 Distance minimale aux pentes de la cuisine situ\u00e9es au-dessus : 76 cm<br \/>\u2022 D\u00e9gagement minimum sous l&rsquo;appareil : 5 cm<br \/>\u2022 Espace de circulation d&rsquo;air : 2 cm min. <br \/>\u2022 Longueur du c\u00e2ble : environ 100 cm<br \/>\u2022 Poids : env. 12 kg<br \/>\u2022 Puissance totale : 7000 watts (2 x 2000 &amp; 2 x 1500 watts)<br \/>\u2022 Alimentation \u00e9lectrique : 380-415 V 3N ou 220-240 V~ | 50\/60 Hz<\/p>\n<\/div>\n<p><bl-button a11yexpanded=\"false\" arialabel=\"Afficher toute la description\" class=\"read-more__btn\" full=\"false\" link=\"true\">Voir plus<\/bl-button><\/div>","protected":false},"excerpt":{"rendered":"<div class=\"keypoints\">\n<h3 class=\"keypoints__title\">Les points cl\u00e9s<\/h3>\n<ul role=\"list\">\n<li class=\"keypoints__item\" role=\"listitem\">                                        Encastrement standard : L 56 cm                      <\/li>\n<li class=\"keypoints__item\" role=\"listitem\">                          Nombre de foyers : 4 &#8211;                                                      Zone modulable : zone flexible                      <\/li>\n<li class=\"keypoints__item\" role=\"listitem\">                                        Type de commandes : tactiles centralis\u00e9es                      <\/li>\n<\/ul>","protected":false},"featured_media":22870,"template":"","meta":{"_glsr_average":0,"_glsr_ranking":0,"_glsr_reviews":0},"product_cat":[220],"product_tag":[131,218,221],"class_list":{"0":"post-37976","1":"product","2":"type-product","3":"status-publish","4":"has-post-thumbnail","6":"product_cat-plaque-vitroceramique","7":"product_tag-gros-electromenager","8":"product_tag-plaque-de-cuisson","9":"product_tag-plaque-vitroceramique","11":"first","12":"instock","13":"sale","14":"shipping-taxable","15":"purchasable","16":"product-type-simple"},"_links":{"self":[{"href":"https:\/\/electromenagerexpress.com\/en\/wp-json\/wp\/v2\/product\/37976","targetHints":{"allow":["GET"]}}],"collection":[{"href":"https:\/\/electromenagerexpress.com\/en\/wp-json\/wp\/v2\/product"}],"about":[{"href":"https:\/\/electromenagerexpress.com\/en\/wp-json\/wp\/v2\/types\/product"}],"wp:featuredmedia":[{"embeddable":true,"href":"https:\/\/electromenagerexpress.com\/en\/wp-json\/wp\/v2\/media\/22870"}],"wp:attachment":[{"href":"https:\/\/electromenagerexpress.com\/en\/wp-json\/wp\/v2\/media?parent=37976"}],"wp:term":[{"taxonomy":"product_cat","embeddable":true,"href":"https:\/\/electromenagerexpress.com\/en\/wp-json\/wp\/v2\/product_cat?post=37976"},{"taxonomy":"product_tag","embeddable":true,"href":"https:\/\/electromenagerexpress.com\/en\/wp-json\/wp\/v2\/product_tag?post=37976"}],"curies":[{"name":"wp","href":"https:\/\/api.w.org\/{rel}","templated":true}]}}