{"id":37974,"date":"2024-11-21T13:42:00","date_gmt":"2024-11-21T13:42:00","guid":{"rendered":"https:\/\/electromenagerexpress.com\/product\/table-inductionklarsteindelicatessa-60-7000w\/"},"modified":"2024-11-21T13:42:01","modified_gmt":"2024-11-21T13:42:01","slug":"table-inductionklarsteindelicatessa-60-7000w","status":"publish","type":"product","link":"https:\/\/electromenagerexpress.com\/en\/product\/table-inductionklarsteindelicatessa-60-7000w\/","title":{"rendered":"Table induction\t\t\t\t\t\t\tKLARSTEIN\t\t\t\tDelicatessa 60 &#8211; 7000W"},"content":{"rendered":"<div class=\"product-features__content\">\n<ul role=\"list\">\n<li class=\"product-features__item\" role=\"listitem\">\n<h3 class=\"product-features__label\">Cuisson<\/h3>\n<ul role=\"list\">\n<li class=\"product-features__item-list__item\" role=\"listitem\"><span class=\"is--medium\">Type de table :<\/span> induction, mont\u00e9e tr\u00e8s rapide en temp\u00e9rature, gestion pr\u00e9cise de la cuisson et grande facilit\u00e9 d&rsquo;entretien. C&rsquo;est le meilleur compromis consommation d&rsquo;\u00e9nergie \/ s\u00e9curit\u00e9 \/ entretien.\t\t\t\t\t<\/li>\n<li class=\"product-features__item-list__item\" role=\"listitem\"><span class=\"is--medium\">Puissance totale :<\/span> 7.000 W\t\t\t\t\t<\/li>\n<li class=\"product-features__item-list__item\" role=\"listitem\"><span class=\"is--medium\">Amp\u00e9rage requis pour l&rsquo;installation :<\/span> 27,4 A\t\t\t\t\t<\/li>\n<li class=\"product-features__item-list__item\" role=\"listitem\"><span class=\"is--medium\">Nombre de foyers :<\/span> 4\t\t\t\t\t<\/li>\n<li class=\"product-features__item-list__item\" role=\"listitem\"><span class=\"is--medium\">Foyer modulable :<\/span> zone flexible, permet d&rsquo;avoir une homog\u00e9n\u00e9it\u00e9 de la chaleur sur toute la zone et s&rsquo;adapte automatiquement \u00e0 la taille de votre casserolerie.\t\t\t\t\t<\/li>\n<li class=\"product-features__item-list__item\" role=\"listitem\"><span class=\"is--medium\">S\u00e9curit\u00e9s :<\/span> arr\u00eat automatique, anti surchauffe, verrouillage du clavier, t\u00e9moin de chaleur r\u00e9siduelle, d\u00e9tection d&rsquo;absence de r\u00e9cipient, t\u00e9moin de mise sous tension\t\t\t\t\t<\/li>\n<\/ul>\n<\/li>\n<li class=\"product-features__item\" role=\"listitem\">\n<h3 class=\"product-features__label\">Commandes<\/h3>\n<ul role=\"list\">\n<li class=\"product-features__item-list__item\" role=\"listitem\"><span class=\"is--medium\">Type de commandes :<\/span> tactiles centralis\u00e9es, permet d&rsquo;avoir un point de commande au milieu, pour choisir le foyer \u00e0 activer et d\u00e9terminer la puissance\t\t\t\t\t<\/li>\n<li class=\"product-features__item-list__item\" role=\"listitem\"><span class=\"is--medium\">Emplacement des commandes :<\/span> frontal\t\t\t\t\t<\/li>\n<li class=\"product-features__item-list__item\" role=\"listitem\"><span class=\"is--medium\">Nombre de boosters :<\/span> 2\t\t\t\t\t<\/li>\n<li class=\"product-features__item-list__item\" role=\"listitem\"><span class=\"is--medium\">Le saviez-vous ? :<\/span> le booster permet un acc\u00e8s direct \u00e0 la puissance maximale. Id\u00e9al pour porter \u00e0 \u00e9bullition ou saisir les viandes\t\t\t\t\t<\/li>\n<li class=\"product-features__item-list__item\" role=\"listitem\"><span class=\"is--medium\">Nombre de minuteurs :<\/span> 1\t\t\t\t\t<\/li>\n<li class=\"product-features__item-list__item\" role=\"listitem\"><span class=\"is--medium\">Le saviez-vous ? :<\/span> le minuteur arr\u00eate le foyer concern\u00e9 une fois le temps \u00e9coul\u00e9\t\t\t\t\t<\/li>\n<\/ul>\n<\/li>\n<li class=\"product-features__item\" role=\"listitem\">\n<h3 class=\"product-features__label\">Confort d&rsquo;utilisation<\/h3>\n<ul role=\"list\">\n<li class=\"product-features__item-list__item\" role=\"listitem\"><span class=\"is--medium\">Table connect\u00e9e Wifi :<\/span> non\t\t\t\t\t<\/li>\n<li class=\"product-features__item-list__item\" role=\"listitem\"><span class=\"is--medium\">Application d\u00e9di\u00e9e :<\/span> Sans application\t\t\t\t\t<\/li>\n<li class=\"product-features__item-list__item\" role=\"listitem\"><span class=\"is--medium\">Sonde de cuisson :<\/span> non\t\t\t\t\t<\/li>\n<\/ul>\n<\/li>\n<li class=\"product-features__item\" role=\"listitem\">\n<h3 class=\"product-features__label\">Design<\/h3>\n<ul role=\"list\">\n<li class=\"product-features__item-list__item\" role=\"listitem\"><span class=\"is--medium\">Coloris :<\/span> Noir\t\t\t\t\t<\/li>\n<li class=\"product-features__item-list__item\" role=\"listitem\"><span class=\"is--medium\">Mati\u00e8re des grilles :<\/span> non concern\u00e9\t\t\t\t\t<\/li>\n<li class=\"product-features__item-list__item\" role=\"listitem\"><span class=\"is--medium\">Couleur de l&rsquo;affichage :<\/span> rouge\t\t\t\t\t<\/li>\n<\/ul>\n<\/li>\n<li class=\"product-features__item\" role=\"listitem\">\n<h3 class=\"product-features__label\">Dimensions<\/h3>\n<ul role=\"list\">\n<li class=\"product-features__item-list__item\" role=\"listitem\"><span class=\"is--medium\">LxHxP (encastrement) :<\/span> 56 x 5.2 x 59 cm\t\t\t\t\t<\/li>\n<li class=\"product-features__item-list__item\" role=\"listitem\"><span class=\"is--medium\">Dimensions l x h x p :<\/span> 59 x 5.8 x 52 cm\t\t\t\t\t<\/li>\n<li class=\"product-features__item-list__item\" role=\"listitem\"><span class=\"is--medium\">Longueur du cordon d&rsquo;alimentation :<\/span> 1,00 m\t\t\t\t\t<\/li>\n<li class=\"product-features__item-list__item\" role=\"listitem\"><span class=\"is--medium\">Poids net :<\/span> 8,50 Kg\t\t\t\t\t<\/li>\n<\/ul>\n<\/li>\n<li class=\"product-features__item\" role=\"listitem\">\n<h3 class=\"product-features__label\">Informations compl\u00e9mentaires<\/h3>\n<ul role=\"list\">\n<li class=\"product-features__item-list__item\" role=\"listitem\"><span class=\"is--medium\">Fabriqu\u00e9 en :<\/span> Chine\t\t\t\t\t<\/li>\n<li class=\"product-features__item-list__item\" role=\"listitem\"><span class=\"is--medium\">Disponibilit\u00e9 des pi\u00e8ces d\u00e9tach\u00e9es (donn\u00e9es fournisseur) :<\/span> Non communiqu\u00e9e\t\t\t\t\t<\/li>\n<\/ul>\n<\/li>\n<\/ul>\n<\/div>\n<div class=\"product__disclosure-content\">\n<div class=\"js-read-more product-description__content read-more read-more--truncated\" data-read-more-name=\"description\" style=\"max-height: 500px; overflow: hidden;\">\n<p>La <b>plaque de cuisson encastr\u00e9e Klarstein<\/b> Delicatessa 60 Hybrid Prime offre quatre<br \/>zones de cuisson pour une puissance totale de 7000 watts r\u00e9partie en zones de cuisson<br \/>de 2 x 2000 watts et 2 x 1500 watts pour cuire le contenu de vos casseroles et po\u00eales<br \/>aux heures de pointe. Les deux zones de cuisson de gauche se combinent pour former<br \/>une zone flexible gr\u00e2ce \u00e0 VarioHeating : avec le syst\u00e8me de reconnaissance des<br \/>casseroles, elle s&rsquo;adapte \u00e0 la taille de vos casseroles ou po\u00eales avec une<br \/>flexibilit\u00e9 maximale et vous permet ainsi d&rsquo;utiliser de grands ustensiles de cuisson<br \/>qui ne tiennent pas sur une seule plaque. Toutes les zones se r\u00e8glent s\u00e9par\u00e9ment et<br \/>poss\u00e8dent la fonction ThermoBoost, qui augmente la puissance pour un chauffage rapide<br \/>jusqu&rsquo;\u00e0 2800 watts. La <b>table de cuisson vitroc\u00e9ramique Klarstein<\/b> Delicatessa 60<br \/>Hybrid Prime est facile \u00e0 utiliser avec son panneau tactile SenseControl avec curseur<br \/>tactile Touch to slide pour le r\u00e9glage de la puissance et son \u00e9cran num\u00e9rique. Aucun<br \/>bouton ni commande ne brise la ligne de votre cuisine int\u00e9gr\u00e9e. En plus de la<br \/>puissance, vous pouvez programmer une minuterie jusqu&rsquo;\u00e0 99 minutes pour chaque zone<br \/>de cuisson et \u00e9teindre la table de cuisson une fois le temps \u00e9coul\u00e9 ou \u00e9mettre un<br \/>signal sonore.<\/p>\n<p>Pour que la cuisson se passe bien, la <b>table de cuisson encastrable Klarstein<\/b><br \/>Delicatessa 60 Hybrid Prime dispose d&rsquo;une grande vari\u00e9t\u00e9 de s\u00e9curit\u00e9s : la protection<br \/>contre la surchauffe avec arr\u00eat automatique s&rsquo;active si une zone de cuisson devient<br \/>trop chaude. Le t\u00e9moin de chaleur r\u00e9siduelle selon le principe EcoThermal Control ne<br \/>vous indique pas seulement si les surfaces de cuisson qui ont \u00e9t\u00e9 \u00e9teintes sont<br \/>encore chaudes. Il permet aussi d&rsquo;utiliser cette chaleur r\u00e9siduelle pour cuisiner en<br \/>\u00e9conomisant de l&rsquo;\u00e9nergie. La fonction ThermalRecall m\u00e9morise la temp\u00e9rature r\u00e9gl\u00e9e et<br \/>sert lorsque la cuisson est momentan\u00e9ment interrompue puis reprise. Un verrouillage<br \/>parental \u00e9vite toute modification accidentelle des r\u00e9glages de cuisson.<\/p>\n<p>La <b>table \u00e0 induction Klarstein<\/b> Delicatessa 60 Hybrid Prime est visuellement<br \/>impressionnante avec sa surface facile d&rsquo;entretien en vitroc\u00e9ramique avec un cadre en<br \/>acier inoxydable bross\u00e9 qui donne son style \u00e0 la table \u00e0 induction. La plaque de<br \/>cuisson s&rsquo;int\u00e8gre facilement dans n&rsquo;importe quelle cuisine &#8211; classique ou moderne. Le<br \/>mat\u00e9riel n\u00e9cessaire \u00e0 l&rsquo;installation dans le plan de travail est inclus dans la<br \/>livraison.<\/p>\n<p><b>Top Features:<\/b><\/p>\n<p>\u2022 <b>Du luxe pour la cuisine :<\/b> \u00e9l\u00e9gante table \u00e0 induction avec surface en vitroc\u00e9ramique<br \/>et cadre en inox, \u00e0 encastrer dans une cuisine int\u00e9gr\u00e9e<b>Une chaleur puissante :<\/b><br \/>puissance totale de 7000 watts en quatre zones de cuisson de 2 fois 2000 et 2 fois<br \/>1500 watts respectivement<b>Zone de cuisson flexible :<\/b> VarioHeating pour combiner les<br \/>zones de cuisson de gauche en une zone flexible<b>Plus de puissance :<\/b> chaque zone de<br \/>cuisson est \u00e9qup\u00e9e de le fonction ThermoBoost avec jusuq&rsquo;\u00e0 2800 watts pour un<br \/>chauffage rapide<b>Cuisinez en \u00e9conomisant l&rsquo;\u00e9nergie :<\/b> EcoThermal avec t\u00e9moin de chaleur<br \/>r\u00e9siduelle \u00e0 utiliser<b>Stop &amp; go :<\/b> fonction ThermalRecall qui m\u00e9morise la temp\u00e9rature<br \/>utilis\u00e9e en cas d&rsquo;interruption de la cuisson<\/p>\n<p><b>Caract\u00e9ristiques:<\/b><\/p>\n<p>\u2022 Bouton de marche\/arr\u00eat sur le haut de l&rsquo;appareil (panneau de commande tactile)<br \/>\u2022 Puissance totale : 7000 W (2 x 2000 W &amp; 2 x 1500 W)<br \/>\u2022 2 zones de cuisson carr\u00e9es : 18 x 18 cm chacune<br \/>\u2022 Grande zone de cuisson : \u00d8 21 cm<br \/>\u2022 Petite zone de cuisson : \u00d8 16 cm<br \/>\u2022 Panneau de commande SenseControl avec affichage num\u00e9rique du niveau de r\u00e9glage et<br \/>de la minuterie<br \/>\u2022 Zones de cuisson de gauche combinables en une zone de cuisson Flex avec d\u00e9tection<br \/>de casserole<br \/>\u2022 Minuterie r\u00e9glable jusqu&rsquo;\u00e0 99 minutes<br \/>\u2022 Arr\u00eat automatique<br \/>\u2022 Protection conte la surchauffe<br \/>\u2022 Verrouillage parental<br \/>\u2022 Table de cuisson encastr\u00e9e : pr\u00e9vue pour \u00eatre encastr\u00e9e dans une cuisine int\u00e9gr\u00e9e,<br \/>pas d&rsquo;installation autonome<br \/>\u2022 Mat\u00e9riel de montage fourni pour un encastrement dans une cuisine int\u00e9gr\u00e9e<br \/>\u2022 C\u00e2ble de branchement \u00e0 5 p\u00f4les<br \/>\u2022 Alimentation : 380-415 V 3N ou 220-240 V~ | 50\/60 Hz<\/p>\n<p><b>Inclus dans la livraison:<\/b><\/p>\n<p>\u2022 1 x table de cuisson encastr\u00e9e1 x mat\u00e9riel de montageMode d&#8217;emploi en fran\u00e7ais<\/p>\n<p><b>Dimensions:<\/b><\/p>\n<p>\u2022 Dimensions totales : 59 x 5,8 x 52 cm (LxHxP)<br \/>\u2022 Dimensions d&rsquo;encastrement : 56 x 5,2 x 49 cm (LxHxP)<br \/>\u2022 Largeur minimale du plan de travail tout autour : 5 cm<br \/>\u2022 Epaisseur minimale du plan de travail : 3 cm<br \/>\u2022 Distance minimale des \u00e9l\u00e9ments de cuisine au-dessus : 76 cm<br \/>\u2022 Espace libre minimal sous l&rsquo;appareil : 5 cm<br \/>\u2022 Espace pour la circulation de l&rsquo;air : 2 cm min.<br \/>\u2022 Longueur du c\u00e2ble : 100 cm<br \/>\u2022 Poids : env. 8,5 kg<\/p>\n<\/div>\n<p><bl-button a11yexpanded=\"false\" arialabel=\"Afficher toute la description\" class=\"read-more__btn\" full=\"false\" link=\"true\">Voir plus<\/bl-button><\/div>","protected":false},"excerpt":{"rendered":"<div class=\"keypoints\">\n<h3 class=\"keypoints__title\">Les points cl\u00e9s<\/h3>\n<ul role=\"list\">\n<li class=\"keypoints__item\" role=\"listitem\">                                        Encastrement standard : L 56 cm                      <\/li>\n<li class=\"keypoints__item\" role=\"listitem\">                          Nombre de foyers : 4 &#8211;                                                      Zone modulable : zone flexible                      <\/li>\n<li class=\"keypoints__item\" role=\"listitem\">                                        Type de commandes : tactiles centralis\u00e9es                      <\/li>\n<\/ul>","protected":false},"featured_media":22850,"template":"","meta":{"_glsr_average":0,"_glsr_ranking":0,"_glsr_reviews":0},"product_cat":[217],"product_tag":[131,218,219],"class_list":{"0":"post-37974","1":"product","2":"type-product","3":"status-publish","4":"has-post-thumbnail","6":"product_cat-plaque-induction","7":"product_tag-gros-electromenager","8":"product_tag-plaque-de-cuisson","9":"product_tag-plaque-induction","11":"first","12":"instock","13":"sale","14":"shipping-taxable","15":"purchasable","16":"product-type-simple"},"_links":{"self":[{"href":"https:\/\/electromenagerexpress.com\/en\/wp-json\/wp\/v2\/product\/37974","targetHints":{"allow":["GET"]}}],"collection":[{"href":"https:\/\/electromenagerexpress.com\/en\/wp-json\/wp\/v2\/product"}],"about":[{"href":"https:\/\/electromenagerexpress.com\/en\/wp-json\/wp\/v2\/types\/product"}],"wp:featuredmedia":[{"embeddable":true,"href":"https:\/\/electromenagerexpress.com\/en\/wp-json\/wp\/v2\/media\/22850"}],"wp:attachment":[{"href":"https:\/\/electromenagerexpress.com\/en\/wp-json\/wp\/v2\/media?parent=37974"}],"wp:term":[{"taxonomy":"product_cat","embeddable":true,"href":"https:\/\/electromenagerexpress.com\/en\/wp-json\/wp\/v2\/product_cat?post=37974"},{"taxonomy":"product_tag","embeddable":true,"href":"https:\/\/electromenagerexpress.com\/en\/wp-json\/wp\/v2\/product_tag?post=37974"}],"curies":[{"name":"wp","href":"https:\/\/api.w.org\/{rel}","templated":true}]}}