{"id":37971,"date":"2024-11-21T13:41:51","date_gmt":"2024-11-21T13:41:51","guid":{"rendered":"https:\/\/electromenagerexpress.com\/product\/table-vitroceramiqueklarsteindelicatessa-3-6600w\/"},"modified":"2024-11-21T13:41:52","modified_gmt":"2024-11-21T13:41:52","slug":"table-vitroceramiqueklarsteindelicatessa-3-6600w","status":"publish","type":"product","link":"https:\/\/electromenagerexpress.com\/en\/product\/table-vitroceramiqueklarsteindelicatessa-3-6600w\/","title":{"rendered":"Table vitroc\u00e9ramique\t\t\t\t\t\t\tKLARSTEIN\t\t\t\tDelicatessa 3 &#8211; 6600W"},"content":{"rendered":"<div class=\"product-features__content\">\n<ul role=\"list\">\n<li class=\"product-features__item\" role=\"listitem\">\n<h3 class=\"product-features__label\">Cuisson<\/h3>\n<ul role=\"list\">\n<li class=\"product-features__item-list__item\" role=\"listitem\"><span class=\"is--medium\">Type de table :<\/span> vitroc\u00e9ramique, entretien tr\u00e8s facile gr\u00e2ce au rev\u00eatement en verre tremp\u00e9.\t\t\t\t\t<\/li>\n<li class=\"product-features__item-list__item\" role=\"listitem\"><span class=\"is--medium\">Puissance totale :<\/span> 6.600 W\t\t\t\t\t<\/li>\n<li class=\"product-features__item-list__item\" role=\"listitem\"><span class=\"is--medium\">Amp\u00e9rage requis pour l&rsquo;installation :<\/span> 27,4 A\t\t\t\t\t<\/li>\n<li class=\"product-features__item-list__item\" role=\"listitem\"><span class=\"is--medium\">Nombre de foyers :<\/span> 3\t\t\t\t\t<\/li>\n<li class=\"product-features__item-list__item\" role=\"listitem\"><span class=\"is--medium\">Foyer modulable :<\/span> zone flexible, permet d&rsquo;avoir une homog\u00e9n\u00e9it\u00e9 de la chaleur sur toute la zone et s&rsquo;adapte automatiquement \u00e0 la taille de votre casserolerie.\t\t\t\t\t<\/li>\n<li class=\"product-features__item-list__item\" role=\"listitem\"><span class=\"is--medium\">S\u00e9curit\u00e9s :<\/span> arr\u00eat automatique, anti surchauffe, verrouillage du clavier, t\u00e9moin de chaleur r\u00e9siduelle, d\u00e9tection d&rsquo;absence de r\u00e9cipient, t\u00e9moin de mise sous tension\t\t\t\t\t<\/li>\n<\/ul>\n<\/li>\n<li class=\"product-features__item\" role=\"listitem\">\n<h3 class=\"product-features__label\">Commandes<\/h3>\n<ul role=\"list\">\n<li class=\"product-features__item-list__item\" role=\"listitem\"><span class=\"is--medium\">Type de commandes :<\/span> tactiles centralis\u00e9es, permet d&rsquo;avoir un point de commande au milieu, pour choisir le foyer \u00e0 activer et d\u00e9terminer la puissance\t\t\t\t\t<\/li>\n<li class=\"product-features__item-list__item\" role=\"listitem\"><span class=\"is--medium\">Emplacement des commandes :<\/span> frontal\t\t\t\t\t<\/li>\n<li class=\"product-features__item-list__item\" role=\"listitem\"><span class=\"is--medium\">Nombre de boosters :<\/span> 1\t\t\t\t\t<\/li>\n<li class=\"product-features__item-list__item\" role=\"listitem\"><span class=\"is--medium\">Le saviez-vous ? :<\/span> le booster permet un acc\u00e8s direct \u00e0 la puissance maximale. Id\u00e9al pour porter \u00e0 \u00e9bullition ou saisir les viandes\t\t\t\t\t<\/li>\n<li class=\"product-features__item-list__item\" role=\"listitem\"><span class=\"is--medium\">Nombre de minuteurs :<\/span> 1\t\t\t\t\t<\/li>\n<li class=\"product-features__item-list__item\" role=\"listitem\"><span class=\"is--medium\">Le saviez-vous ? :<\/span> le minuteur arr\u00eate le foyer concern\u00e9 une fois le temps \u00e9coul\u00e9\t\t\t\t\t<\/li>\n<\/ul>\n<\/li>\n<li class=\"product-features__item\" role=\"listitem\">\n<h3 class=\"product-features__label\">Confort d&rsquo;utilisation<\/h3>\n<ul role=\"list\">\n<li class=\"product-features__item-list__item\" role=\"listitem\"><span class=\"is--medium\">Table connect\u00e9e Wifi :<\/span> non\t\t\t\t\t<\/li>\n<li class=\"product-features__item-list__item\" role=\"listitem\"><span class=\"is--medium\">Application d\u00e9di\u00e9e :<\/span> Sans application\t\t\t\t\t<\/li>\n<li class=\"product-features__item-list__item\" role=\"listitem\"><span class=\"is--medium\">Sonde de cuisson :<\/span> non\t\t\t\t\t<\/li>\n<\/ul>\n<\/li>\n<li class=\"product-features__item\" role=\"listitem\">\n<h3 class=\"product-features__label\">Design<\/h3>\n<ul role=\"list\">\n<li class=\"product-features__item-list__item\" role=\"listitem\"><span class=\"is--medium\">Coloris :<\/span> Noir\t\t\t\t\t<\/li>\n<li class=\"product-features__item-list__item\" role=\"listitem\"><span class=\"is--medium\">Mati\u00e8re des grilles :<\/span> non concern\u00e9\t\t\t\t\t<\/li>\n<li class=\"product-features__item-list__item\" role=\"listitem\"><span class=\"is--medium\">Couleur de l&rsquo;affichage :<\/span> rouge\t\t\t\t\t<\/li>\n<\/ul>\n<\/li>\n<li class=\"product-features__item\" role=\"listitem\">\n<h3 class=\"product-features__label\">Dimensions<\/h3>\n<ul role=\"list\">\n<li class=\"product-features__item-list__item\" role=\"listitem\"><span class=\"is--medium\">LxHxP (encastrement) :<\/span> 56 x 5.2 x 49 cm\t\t\t\t\t<\/li>\n<li class=\"product-features__item-list__item\" role=\"listitem\"><span class=\"is--medium\">Dimensions l x h x p :<\/span> 59 x 5.8 x 52 cm\t\t\t\t\t<\/li>\n<li class=\"product-features__item-list__item\" role=\"listitem\"><span class=\"is--medium\">Longueur du cordon d&rsquo;alimentation :<\/span> 1,25 m\t\t\t\t\t<\/li>\n<li class=\"product-features__item-list__item\" role=\"listitem\"><span class=\"is--medium\">Poids net :<\/span> 8,50 Kg\t\t\t\t\t<\/li>\n<\/ul>\n<\/li>\n<li class=\"product-features__item\" role=\"listitem\">\n<h3 class=\"product-features__label\">Informations compl\u00e9mentaires<\/h3>\n<ul role=\"list\">\n<li class=\"product-features__item-list__item\" role=\"listitem\"><span class=\"is--medium\">Fabriqu\u00e9 en :<\/span> Chine\t\t\t\t\t<\/li>\n<li class=\"product-features__item-list__item\" role=\"listitem\"><span class=\"is--medium\">Disponibilit\u00e9 des pi\u00e8ces d\u00e9tach\u00e9es (donn\u00e9es fournisseur) :<\/span> Non communiqu\u00e9e\t\t\t\t\t<\/li>\n<\/ul>\n<\/li>\n<\/ul>\n<\/div>\n<div class=\"product__disclosure-content\">\n<div class=\"js-read-more product-description__content read-more read-more--truncated\" data-read-more-name=\"description\" style=\"max-height: 500px; overflow: hidden;\">\n<p><b>Table de cuisson de luxe en vitroc\u00e9ramique \u00e0 installer dans une cuisine int\u00e9gr\u00e9e avec<br \/>3 zones de cuisson et panneau de commande tactile avec commandes <i>SenseControl<\/i> et<br \/>technologie innovante de zones flex <i>VarioHeating<\/i>.<\/b><\/p>\n<p><b>Cuisson flexible : trois zones de cuisson de 2300 W, 2000 W et 1500 W, zone Flex de<br \/>3000 W et Booster jusqu&rsquo;\u00e0 3600 W, d\u00e9tection de casserole, commande <i>Touch-to-slide<\/i>-et<br \/>arr\u00eat programmable.<\/b><\/p>\n<p><b>Niveau de s\u00e9curit\u00e9 \u00e9lev\u00e9 avec <i>ThermalRecall<\/i>, arr\u00eat automatique, protection contre la<br \/>surchauffe, d\u00e9tection de casserole, indicateur de chaleur r\u00e9siduelle et verrouillage<br \/>parental.<\/b><\/p>\n<p>La <b>table de cuisson int\u00e9gr\u00e9e Klarstein<\/b> Delicatessa 3 Flex offre trois foyers de<br \/>cuisson pour votre plaisir, d&rsquo;une puissance totale de 6600 W, r\u00e9parties sur les zones<br \/>de cuisson de 2 300, 2 000 et 1 500 watts et fait cuire le contenu des casseroles et<br \/>po\u00eales en des temps records. De plus, les deux zones de cuisson de gauche se<br \/>combinent avec VarioHeating pour former une zone flex qui, gr\u00e2ce \u00e0 la d\u00e9tection de<br \/>casseroles, s&rsquo;adapte \u00e0 la taille des casseroles, po\u00eales ou marmites plac\u00e9es sur le<br \/>dessus, permettant ainsi de chauffer de grandes casseroles qui ne tiennent pas sur<br \/>une seule zone de cuisson. Pour vos grands projets de cuisine, la tr\u00e8s grande zone de<br \/>paella de 28 cm de diam\u00e8tre s&rsquo;av\u00e8re particuli\u00e8rement pratique, non seulement pour les<br \/>tr\u00e8s grands plats \u00e0 la po\u00eale, mais aussi pour pr\u00e9parer la casserole de chili de votre<br \/>prochaine soir\u00e9e ou pour votre autocuiseur. Ainsi, la Delicatessa 3 Flex ne consomme<br \/>r\u00e9ellement que l&rsquo;\u00e9nergie n\u00e9cessaire pour la casserole et permet l&rsquo;utilisation de<br \/>presque toutes les tailles de casseroles et po\u00eales. <\/p>\n<p>Pour que la cuisson se passe sans encombre, la <b>cuisini\u00e8re int\u00e9gr\u00e9e<\/b><b>Klarstein<\/b><br \/>Delicatessa 3 Flex dispose d&rsquo;une large gamme de s\u00e9curit\u00e9s : une protection contre la<br \/>surchauffe avec arr\u00eat automatique s&rsquo;active si une zone de cuisson devient trop<br \/>chaude.De plus, un verrouillage parental peut<br \/>\u00eatre activ\u00e9 pour \u00e9viter toute modification accidentelle des r\u00e9glages de cuisson.<\/p>\n<p><b>Top Features:<\/b><\/p>\n<p>\u2022 <b>A point :<\/b> puissance r\u00e9glable sur 9 niveaux, arr\u00eat automatique programmable jusqu&rsquo;\u00e0<br \/>99 minutes<b>Zones de cuisson flexibles :<\/b><i>VarioHeating<\/i> pour combiner les zones de cuisson<br \/>de gauche et les utiliser ensemble comme zone flex<b>Une chaleur puissante :<\/b> puissance<br \/>totale de 6600 watts sur trois zones de cuisson de 2300, 2000 et 1500 watts<br \/>individuellement<b>Du bout des doigts :<\/b> panneau de contr\u00f4le <i>SenseControl<\/i> avec curseurs<br \/>Touch-to-Slide et affichage num\u00e9rique<b>Cuisson \u00e9conomique :<\/b> contr\u00f4le <i>EcoThermal <\/i>avec<br \/>affichage de la chaleur r\u00e9siduelle utilisable<b>Stop &amp; Go :<\/b> fonction <i>ThermalRecall<\/i> pour<br \/>m\u00e9moriser la temp\u00e9rature lors des interruptions de cuisson<b>S\u00e9curit\u00e9 devant la<br \/>cuisini\u00e8re :<\/b> arr\u00eat automatique, protection contre la surchauffe et verrouillage<br \/>parental<b>Plus de puissance :<\/b> chaque zone de cuisson dispose de la fonction <i>Booster<\/i><br \/>pour une mont\u00e9e rapide en temp\u00e9rature avec 3600 W<b>Du luxe pour votre cuisine :<\/b><br \/>\u00e9l\u00e9gante table de cuisson \u00e0 induction avec surface en vitroc\u00e9ramique \u00e0 encastrer dans<br \/>une cuisine int\u00e9gr\u00e9e<b>La taille est importante :<\/b> zone de cuisson pa\u00eblla extra large de<br \/>28 cm de diam\u00e8tre pour les tr\u00e8s grandes po\u00eales ou marmites<\/p>\n<p><b>Caract\u00e9ristiques:<\/b><\/p>\n<p>\u2022 Bouton de marche\/arr\u00eat sur le haut de l&rsquo;appareil (panneau de commande tactile)<br \/>\u2022 Puissance totale : 6600 W<br \/>\u2022 Zone avant gauche : 1500 W (Booster: 2000 W)<br \/>\u2022 Zone arri\u00e8re gauche : 2000 W (Booster: 2600 W)<br \/>\u2022 Flexzone: 3000 W (Booster: 3600 W)<br \/>\u2022 2 zones de cuisson rectangulaires : 18 x 18 cm chacune<br \/>\u2022 Zone pa\u00eblla : \u00d8 28 cm<br \/>\u2022 Zone Flex : 20 x 40 cm<br \/>\u2022 Panneau de commande<i> SenseControl <\/i>avec affichage num\u00e9rique des vitesses de<br \/>fonctionnement et de la minuterie<br \/>\u2022 Minuterie r\u00e9glable jusqu&rsquo;\u00e0 99 minutes<br \/>\u2022 Arr\u00eat automatique<br \/>\u2022 Protection anti surchauffe<br \/>\u2022 Verrouillage parental activable<br \/>\u2022 Cuisini\u00e8re encastr\u00e9e : pr\u00e9vue pour une installation encastr\u00e9e, pas d&rsquo;installation<br \/>sur pied<br \/>\u2022 Mat\u00e9riel de montage fourni pour encastrement dans une cuisine int\u00e9gr\u00e9e<br \/>\u2022 C\u00e2ble de branchement \u00e0 4 p\u00f4les<br \/>\u2022 Alimentation : 220-240 V~ | 50\/60 Hz<\/p>\n<p><b>Inclus dans la livraison:<\/b><\/p>\n<p><b>Dimensions:<\/b><\/p>\n<p>\u2022 Dimensions totales : 59 x 5,8 x 52 cm (LxHxP)<br \/>\u2022 Dimensions d&rsquo;encastrement : 56 x 5,2 x 49 cm (LxHxP)<br \/>\u2022 Largeur minimale du plan de travail autour : 5 cm<br \/>\u2022 Epaisseur minimale du plan de travail : 3 cm<br \/>\u2022 Distance minimale des \u00e9l\u00e9ments hauts surplombants : 76 cm<br \/>\u2022 Espace libre minimal sous l&rsquo;appareil : 5 cm<br \/>\u2022 Espace pour la circulation de l&rsquo;air : min. 2 cm<br \/>\u2022 Longueur du c\u00e2ble : 1,25 m<br \/>\u2022 Poids : env. 8,5 kg<\/p>\n<\/div>\n<p><bl-button a11yexpanded=\"false\" arialabel=\"Afficher toute la description\" class=\"read-more__btn\" full=\"false\" link=\"true\">Voir plus<\/bl-button><\/div>","protected":false},"excerpt":{"rendered":"<div class=\"keypoints\">\n<h3 class=\"keypoints__title\">Les points cl\u00e9s<\/h3>\n<ul role=\"list\">\n<li class=\"keypoints__item\" role=\"listitem\">                                        Encastrement standard : L 56 cm                      <\/li>\n<li class=\"keypoints__item\" role=\"listitem\">                          Nombre de foyers : 3 &#8211;                                                      Zone modulable : zone flexible                      <\/li>\n<li class=\"keypoints__item\" role=\"listitem\">                                        Type de commandes : tactiles centralis\u00e9es                      <\/li>\n<\/ul>","protected":false},"featured_media":22822,"template":"","meta":{"_glsr_average":0,"_glsr_ranking":0,"_glsr_reviews":0},"product_cat":[220],"product_tag":[131,218,221],"class_list":{"0":"post-37971","1":"product","2":"type-product","3":"status-publish","4":"has-post-thumbnail","6":"product_cat-plaque-vitroceramique","7":"product_tag-gros-electromenager","8":"product_tag-plaque-de-cuisson","9":"product_tag-plaque-vitroceramique","11":"first","12":"instock","13":"sale","14":"shipping-taxable","15":"purchasable","16":"product-type-simple"},"_links":{"self":[{"href":"https:\/\/electromenagerexpress.com\/en\/wp-json\/wp\/v2\/product\/37971","targetHints":{"allow":["GET"]}}],"collection":[{"href":"https:\/\/electromenagerexpress.com\/en\/wp-json\/wp\/v2\/product"}],"about":[{"href":"https:\/\/electromenagerexpress.com\/en\/wp-json\/wp\/v2\/types\/product"}],"wp:featuredmedia":[{"embeddable":true,"href":"https:\/\/electromenagerexpress.com\/en\/wp-json\/wp\/v2\/media\/22822"}],"wp:attachment":[{"href":"https:\/\/electromenagerexpress.com\/en\/wp-json\/wp\/v2\/media?parent=37971"}],"wp:term":[{"taxonomy":"product_cat","embeddable":true,"href":"https:\/\/electromenagerexpress.com\/en\/wp-json\/wp\/v2\/product_cat?post=37971"},{"taxonomy":"product_tag","embeddable":true,"href":"https:\/\/electromenagerexpress.com\/en\/wp-json\/wp\/v2\/product_tag?post=37971"}],"curies":[{"name":"wp","href":"https:\/\/api.w.org\/{rel}","templated":true}]}}