{"id":37970,"date":"2024-11-21T13:41:49","date_gmt":"2024-11-21T13:41:49","guid":{"rendered":"https:\/\/electromenagerexpress.com\/product\/domino-inductionklarsteinvaricook-domino-3100w\/"},"modified":"2024-11-21T13:41:50","modified_gmt":"2024-11-21T13:41:50","slug":"domino-inductionklarsteinvaricook-domino-3100w","status":"publish","type":"product","link":"https:\/\/electromenagerexpress.com\/en\/product\/domino-inductionklarsteinvaricook-domino-3100w\/","title":{"rendered":"Domino induction\t\t\t\t\t\t\tKLARSTEIN\t\t\t\tVariCook Domino &#8211; 3100W"},"content":{"rendered":"<div class=\"product-features__content\">\n<ul role=\"list\">\n<li class=\"product-features__item\" role=\"listitem\">\n<h3 class=\"product-features__label\">Cuisson<\/h3>\n<ul role=\"list\">\n<li class=\"product-features__item-list__item\" role=\"listitem\"><span class=\"is--medium\">Type de table :<\/span> induction, mont\u00e9e tr\u00e8s rapide en temp\u00e9rature, gestion pr\u00e9cise de la cuisson et grande facilit\u00e9 d&rsquo;entretien. C&rsquo;est le meilleur compromis consommation d&rsquo;\u00e9nergie \/ s\u00e9curit\u00e9 \/ entretien.\t\t\t\t\t<\/li>\n<li class=\"product-features__item-list__item\" role=\"listitem\"><span class=\"is--medium\">Puissance totale :<\/span> 3.100 W\t\t\t\t\t<\/li>\n<li class=\"product-features__item-list__item\" role=\"listitem\"><span class=\"is--medium\">Amp\u00e9rage requis pour l&rsquo;installation :<\/span> 13 A\t\t\t\t\t<\/li>\n<li class=\"product-features__item-list__item\" role=\"listitem\"><span class=\"is--medium\">Nombre de foyers :<\/span> 2\t\t\t\t\t<\/li>\n<li class=\"product-features__item-list__item\" role=\"listitem\"><span class=\"is--medium\">S\u00e9curit\u00e9s :<\/span> arr\u00eat automatique, anti surchauffe, verrouillage du clavier, t\u00e9moin de chaleur r\u00e9siduelle, t\u00e9moin de mise sous tension\t\t\t\t\t<\/li>\n<\/ul>\n<\/li>\n<li class=\"product-features__item\" role=\"listitem\">\n<h3 class=\"product-features__label\">Commandes<\/h3>\n<ul role=\"list\">\n<li class=\"product-features__item-list__item\" role=\"listitem\"><span class=\"is--medium\">Type de commandes :<\/span> tactiles centralis\u00e9es, permet d&rsquo;avoir un point de commande au milieu, pour choisir le foyer \u00e0 activer et d\u00e9terminer la puissance\t\t\t\t\t<\/li>\n<li class=\"product-features__item-list__item\" role=\"listitem\"><span class=\"is--medium\">Emplacement des commandes :<\/span> frontal\t\t\t\t\t<\/li>\n<li class=\"product-features__item-list__item\" role=\"listitem\"><span class=\"is--medium\">Nombre de minuteurs :<\/span> 1\t\t\t\t\t<\/li>\n<li class=\"product-features__item-list__item\" role=\"listitem\"><span class=\"is--medium\">Le saviez-vous ? :<\/span> le minuteur arr\u00eate le foyer concern\u00e9 une fois le temps \u00e9coul\u00e9\t\t\t\t\t<\/li>\n<\/ul>\n<\/li>\n<li class=\"product-features__item\" role=\"listitem\">\n<h3 class=\"product-features__label\">Confort d&rsquo;utilisation<\/h3>\n<ul role=\"list\">\n<li class=\"product-features__item-list__item\" role=\"listitem\"><span class=\"is--medium\">Table connect\u00e9e Wifi :<\/span> non\t\t\t\t\t<\/li>\n<li class=\"product-features__item-list__item\" role=\"listitem\"><span class=\"is--medium\">Application d\u00e9di\u00e9e :<\/span> Sans application\t\t\t\t\t<\/li>\n<li class=\"product-features__item-list__item\" role=\"listitem\"><span class=\"is--medium\">Sonde de cuisson :<\/span> non\t\t\t\t\t<\/li>\n<\/ul>\n<\/li>\n<li class=\"product-features__item\" role=\"listitem\">\n<h3 class=\"product-features__label\">Design<\/h3>\n<ul role=\"list\">\n<li class=\"product-features__item-list__item\" role=\"listitem\"><span class=\"is--medium\">Coloris :<\/span> Noir\t\t\t\t\t<\/li>\n<li class=\"product-features__item-list__item\" role=\"listitem\"><span class=\"is--medium\">Mati\u00e8re des grilles :<\/span> non concern\u00e9\t\t\t\t\t<\/li>\n<li class=\"product-features__item-list__item\" role=\"listitem\"><span class=\"is--medium\">Couleur de l&rsquo;affichage :<\/span> rouge\t\t\t\t\t<\/li>\n<li class=\"product-features__item-list__item\" role=\"listitem\"><span class=\"is--medium\">Existe aussi en :<\/span> gris\t\t\t\t\t<\/li>\n<\/ul>\n<\/li>\n<li class=\"product-features__item\" role=\"listitem\">\n<h3 class=\"product-features__label\">Dimensions<\/h3>\n<ul role=\"list\">\n<li class=\"product-features__item-list__item\" role=\"listitem\"><span class=\"is--medium\">Dimensions l x h x p :<\/span> 51 x 8.5 x 29 cm\t\t\t\t\t<\/li>\n<li class=\"product-features__item-list__item\" role=\"listitem\"><span class=\"is--medium\">Longueur du cordon d&rsquo;alimentation :<\/span> 1,50 m\t\t\t\t\t<\/li>\n<li class=\"product-features__item-list__item\" role=\"listitem\"><span class=\"is--medium\">Poids net :<\/span> 4,80 Kg\t\t\t\t\t<\/li>\n<\/ul>\n<\/li>\n<li class=\"product-features__item\" role=\"listitem\">\n<h3 class=\"product-features__label\">Informations compl\u00e9mentaires<\/h3>\n<ul role=\"list\">\n<li class=\"product-features__item-list__item\" role=\"listitem\"><span class=\"is--medium\">Fabriqu\u00e9 en :<\/span> Chine\t\t\t\t\t<\/li>\n<li class=\"product-features__item-list__item\" role=\"listitem\"><span class=\"is--medium\">Disponibilit\u00e9 des pi\u00e8ces d\u00e9tach\u00e9es (donn\u00e9es fournisseur) :<\/span> Non communiqu\u00e9e\t\t\t\t\t<\/li>\n<\/ul>\n<\/li>\n<\/ul>\n<\/div>\n<div class=\"product__disclosure-content\">\n<div class=\"js-read-more product-description__content read-more read-more--truncated\" data-read-more-name=\"description\" style=\"max-height: 500px; overflow: hidden;\">\n<p><b>Beaucoup de puissance sans encombrement : Double plaque de cuisson de 3000 watts de<br \/>puissance totale, 9 niveaux de puissance r\u00e9glables et fonction minuterie. <\/b><\/p>\n<p><b>Installation encastr\u00e9e ou en pose libre avec r\u00e9glage s\u00e9par\u00e9 des zones de cuisson.<\/b><\/p>\n<p><b>Nettoyage facile des surfaces vitroc\u00e9ramiques et interface tactile. <\/b><\/p>\n<p>Finis les plats froids ! La <b>double plaque de cuisson \u00e0 induction <\/b>Varicook Domino de<br \/><b>Klarstein<\/b> trouvera sa place m\u00eame dans les plus petites cuisines pour la pr\u00e9paration<br \/>de bons plats chauds.<\/p>\n<p>La \u00a0<b>double plaque de cuisson \u00e0 induction <\/b>Varicook Domino de <b>Klarstein<\/b> propose deux<br \/>surfaces de cuisson \u00e0 induction pouvant accueillir des casseroles et po\u00eales ayant un<br \/>diam\u00e8tre de 12 \u00e0 22 cm, chauffant leur contenu avec une puissance totale de 3100 W.<br \/>La petite plaque fonctionne avec une puissance maximale de 1300 W et la plus grande<br \/>avec jusqu&rsquo;\u00e0 1800 W, r\u00e9glables individuellement sur 9 paliers de temp\u00e9rature. La<br \/>surface de cuisson en vitroc\u00e9ramique peut \u00eatre dirig\u00e9e via un panneau de commande<br \/>tactile avec \u00e9cran LED. Une minuterie peut \u00e9galement \u00eatre programm\u00e9e \u00e0 la minute pr\u00e8s<br \/>afin que la surface de cuisson s&rsquo;\u00e9teigne au terme de la dur\u00e9e voulue. Un verrouillage<br \/>des touches permet en outre d&#8217;emp\u00eacher un r\u00e9glage suppl\u00e9mentaire accidentel une fois<br \/>la minuterie programm\u00e9e. Une protection anti-surchauffe s&rsquo;enclenche enfin lorsqu&rsquo;une<br \/>plaque devient trop chaude.<\/p>\n<p>La <b>plaque de cuisson \u00e0 induction <\/b>du VariCook Domino de <b>Klarstein <\/b>apportera une touche<br \/>d&rsquo;\u00e9l\u00e9gance et nourrira les grandes ambitions culinaires au sein des cuisines de<br \/>c\u00e9libataire, d&rsquo;\u00e9tudiants, des petits m\u00e9nages, ou encore des maisons de vacances ou<br \/>cabanes de jardin.<\/p>\n<p><b>Vous trouverez dans le mode d&#8217;emploi des informations d\u00e9taill\u00e9es concernant les<br \/>casseroles et usentiles de cuisson adapt\u00e9s.<\/b><\/p>\n<p><b>Top Features:<\/b><\/p>\n<p>\u2022 Double plaque de cuisson \u00e0 induction 3100 W avec une puissance combin\u00e9e de 1800 W<br \/>et de 1300 WSurface \u00e9l\u00e9gante en vitroc\u00e9ramique avec marquages de plaque de cuisson<br \/>pour des casseroles ayant un diam\u00e8tre de 12 \u00e0 22 cmMinuterie r\u00e9glable avec extinction<br \/>automatique9 niveaux de puissance au choix pour un chauffage s\u00e9par\u00e9 des deux surfaces<br \/>de cuissonPanneau de commande tactile avec \u00e9cran LED<\/p>\n<p><b>Caract\u00e9ristiques:<\/b><\/p>\n<p>\u2022 Surface de cuisson \u00e0 induction &#8211; convient aux casseroles et po\u00eales avec fond en<br \/>acier<br \/>\u2022 Niveaux de puissance : 9<br \/>\u2022 S\u00e9lection de la temp\u00e9rature par r\u00e9glage de la puissance : 500 &#8211; 1800 W et 400 &#8211;<br \/>1300 W<br \/>\u2022 Fonction minuterie pour une extinction automatique : 0 &#8211; 99 minutes par paliers de<br \/>1 minute<br \/>\u2022 Utilisation s\u00e9par\u00e9e des plaques de cuisson individuelles<br \/>\u2022 Encastrable ou utilisable en pose libre<br \/>\u2022 Mode veille automatique apr\u00e8s 2 heures d&rsquo;inactivit\u00e9<br \/>\u2022 Protection contre la marche \u00e0 sec<br \/>\u2022 Protection contre la sous-tension et la surtension<br \/>\u2022 Verrouillage parental, coupure de s\u00e9curit\u00e9<br \/>\u2022 Particuli\u00e8rement s\u00e9curis\u00e9e vis-\u00e0-vis des enfants et animaux domestiques : la plaque<br \/>s&rsquo;\u00e9teint automatiquement en l&rsquo;absence de casserole<br \/>\u2022 Puissance (plaques de cuisson gauche &amp; droite) : 1800 W + 1300 W<br \/>\u2022 Pieds en caoutchouc antid\u00e9rapants<br \/>\u2022 Bandes adh\u00e9sives en mousse incluses pour l&rsquo;installation encastr\u00e9e<br \/>\u2022 Alimentation secteur : 220-240 V~ | 50-60 Hz<\/p>\n<p><b>Inclus dans la livraison:<\/b><\/p>\n<p>\u2022 1 x plaque de cuisson \u00e0 induction2 x bandes adh\u00e9sives longues2 x bandes adh\u00e9sives<br \/>courtesMode d&#8217;emploi en fran\u00e7ais (autres langues disponibles : anglais, espagnol,<br \/>allemand, italien)<\/p>\n<p><b>Dimensions:<\/b><\/p>\n<p>\u2022 Dimensions : env. 51 x 8,5 x 29 cm (LxHxP)<br \/>\u2022 Diam\u00e8tre grande surface de cuisson : env. 19,5 cm<br \/>\u2022 Diam\u00e8tre petite surface de cuisson : env. 16 cm<br \/>\u2022 Longueur du c\u00e2ble : 1,5 m<br \/>\u2022 Poids : env. 4,8 kg<\/p>\n<\/div>\n<p><bl-button a11yexpanded=\"false\" arialabel=\"Afficher toute la description\" class=\"read-more__btn\" full=\"false\" link=\"true\">Voir plus<\/bl-button><\/div>","protected":false},"excerpt":{"rendered":"<div class=\"keypoints\">\n<h3 class=\"keypoints__title\">Les points cl\u00e9s<\/h3>\n<ul role=\"list\">\n<li class=\"keypoints__item\" role=\"listitem\">                                        Nombre de foyers : 2                      <\/li>\n<li class=\"keypoints__item\" role=\"listitem\">                                        Type de commandes : tactiles centralis\u00e9es                      <\/li>\n<\/ul>","protected":false},"featured_media":22819,"template":"","meta":{"_glsr_average":0,"_glsr_ranking":0,"_glsr_reviews":0},"product_cat":[217],"product_tag":[131,218,219],"class_list":{"0":"post-37970","1":"product","2":"type-product","3":"status-publish","4":"has-post-thumbnail","6":"product_cat-plaque-induction","7":"product_tag-gros-electromenager","8":"product_tag-plaque-de-cuisson","9":"product_tag-plaque-induction","11":"first","12":"instock","13":"sale","14":"shipping-taxable","15":"purchasable","16":"product-type-simple"},"_links":{"self":[{"href":"https:\/\/electromenagerexpress.com\/en\/wp-json\/wp\/v2\/product\/37970","targetHints":{"allow":["GET"]}}],"collection":[{"href":"https:\/\/electromenagerexpress.com\/en\/wp-json\/wp\/v2\/product"}],"about":[{"href":"https:\/\/electromenagerexpress.com\/en\/wp-json\/wp\/v2\/types\/product"}],"wp:featuredmedia":[{"embeddable":true,"href":"https:\/\/electromenagerexpress.com\/en\/wp-json\/wp\/v2\/media\/22819"}],"wp:attachment":[{"href":"https:\/\/electromenagerexpress.com\/en\/wp-json\/wp\/v2\/media?parent=37970"}],"wp:term":[{"taxonomy":"product_cat","embeddable":true,"href":"https:\/\/electromenagerexpress.com\/en\/wp-json\/wp\/v2\/product_cat?post=37970"},{"taxonomy":"product_tag","embeddable":true,"href":"https:\/\/electromenagerexpress.com\/en\/wp-json\/wp\/v2\/product_tag?post=37970"}],"curies":[{"name":"wp","href":"https:\/\/api.w.org\/{rel}","templated":true}]}}