{"id":37968,"date":"2024-11-21T13:41:44","date_gmt":"2024-11-21T13:41:44","guid":{"rendered":"https:\/\/electromenagerexpress.com\/product\/table-inductionklarsteinkochheld-6000w-noir\/"},"modified":"2024-11-21T13:41:45","modified_gmt":"2024-11-21T13:41:45","slug":"table-inductionklarsteinkochheld-6000w-noir","status":"publish","type":"product","link":"https:\/\/electromenagerexpress.com\/en\/product\/table-inductionklarsteinkochheld-6000w-noir\/","title":{"rendered":"Table induction\t\t\t\t\t\t\tKLARSTEIN\t\t\t\tKochheld &#8211; 6000W &#8211; Noir"},"content":{"rendered":"<div class=\"product-features__content\">\n<ul role=\"list\">\n<li class=\"product-features__item\" role=\"listitem\">\n<h3 class=\"product-features__label\">Cuisson<\/h3>\n<ul role=\"list\">\n<li class=\"product-features__item-list__item\" role=\"listitem\"><span class=\"is--medium\">Type de table :<\/span> induction, mont\u00e9e tr\u00e8s rapide en temp\u00e9rature, gestion pr\u00e9cise de la cuisson et grande facilit\u00e9 d&rsquo;entretien. C&rsquo;est le meilleur compromis consommation d&rsquo;\u00e9nergie \/ s\u00e9curit\u00e9 \/ entretien.\t\t\t\t\t<\/li>\n<li class=\"product-features__item-list__item\" role=\"listitem\"><span class=\"is--medium\">Puissance totale :<\/span> 6.000 W\t\t\t\t\t<\/li>\n<li class=\"product-features__item-list__item\" role=\"listitem\"><span class=\"is--medium\">Amp\u00e9rage requis pour l&rsquo;installation :<\/span> 25 A\t\t\t\t\t<\/li>\n<li class=\"product-features__item-list__item\" role=\"listitem\"><span class=\"is--medium\">Nombre de foyers :<\/span> 4\t\t\t\t\t<\/li>\n<li class=\"product-features__item-list__item\" role=\"listitem\"><span class=\"is--medium\">S\u00e9curit\u00e9s :<\/span> arr\u00eat automatique, anti surchauffe, t\u00e9moin de chaleur r\u00e9siduelle, t\u00e9moin de mise sous tension\t\t\t\t\t<\/li>\n<\/ul>\n<\/li>\n<li class=\"product-features__item\" role=\"listitem\">\n<h3 class=\"product-features__label\">Commandes<\/h3>\n<ul role=\"list\">\n<li class=\"product-features__item-list__item\" role=\"listitem\"><span class=\"is--medium\">Type de commandes :<\/span> manettes\t\t\t\t\t<\/li>\n<li class=\"product-features__item-list__item\" role=\"listitem\"><span class=\"is--medium\">Emplacement des commandes :<\/span> frontal\t\t\t\t\t<\/li>\n<li class=\"product-features__item-list__item\" role=\"listitem\"><span class=\"is--medium\">Nombre de minuteurs :<\/span> 1\t\t\t\t\t<\/li>\n<li class=\"product-features__item-list__item\" role=\"listitem\"><span class=\"is--medium\">Le saviez-vous ? :<\/span> le minuteur arr\u00eate le foyer concern\u00e9 une fois le temps \u00e9coul\u00e9\t\t\t\t\t<\/li>\n<\/ul>\n<\/li>\n<li class=\"product-features__item\" role=\"listitem\">\n<h3 class=\"product-features__label\">Confort d&rsquo;utilisation<\/h3>\n<ul role=\"list\">\n<li class=\"product-features__item-list__item\" role=\"listitem\"><span class=\"is--medium\">Table connect\u00e9e Wifi :<\/span> non\t\t\t\t\t<\/li>\n<li class=\"product-features__item-list__item\" role=\"listitem\"><span class=\"is--medium\">Application d\u00e9di\u00e9e :<\/span> Sans application\t\t\t\t\t<\/li>\n<li class=\"product-features__item-list__item\" role=\"listitem\"><span class=\"is--medium\">Sonde de cuisson :<\/span> non\t\t\t\t\t<\/li>\n<\/ul>\n<\/li>\n<li class=\"product-features__item\" role=\"listitem\">\n<h3 class=\"product-features__label\">Design<\/h3>\n<ul role=\"list\">\n<li class=\"product-features__item-list__item\" role=\"listitem\"><span class=\"is--medium\">Coloris :<\/span> Noir\t\t\t\t\t<\/li>\n<li class=\"product-features__item-list__item\" role=\"listitem\"><span class=\"is--medium\">Mati\u00e8re des grilles :<\/span> non concern\u00e9\t\t\t\t\t<\/li>\n<li class=\"product-features__item-list__item\" role=\"listitem\"><span class=\"is--medium\">Couleur de l&rsquo;affichage :<\/span> rouge\t\t\t\t\t<\/li>\n<\/ul>\n<\/li>\n<li class=\"product-features__item\" role=\"listitem\">\n<h3 class=\"product-features__label\">Dimensions<\/h3>\n<ul role=\"list\">\n<li class=\"product-features__item-list__item\" role=\"listitem\"><span class=\"is--medium\">LxHxP (encastrement) :<\/span> 55.5 x 5.7 x 48.5 cm\t\t\t\t\t<\/li>\n<li class=\"product-features__item-list__item\" role=\"listitem\"><span class=\"is--medium\">Dimensions l x h x p :<\/span> 59 x 6.3 x 52 cm\t\t\t\t\t<\/li>\n<li class=\"product-features__item-list__item\" role=\"listitem\"><span class=\"is--medium\">Longueur du cordon d&rsquo;alimentation :<\/span> 1,20 m\t\t\t\t\t<\/li>\n<li class=\"product-features__item-list__item\" role=\"listitem\"><span class=\"is--medium\">Poids net :<\/span> 9,00 Kg\t\t\t\t\t<\/li>\n<\/ul>\n<\/li>\n<li class=\"product-features__item\" role=\"listitem\">\n<h3 class=\"product-features__label\">Informations compl\u00e9mentaires<\/h3>\n<ul role=\"list\">\n<li class=\"product-features__item-list__item\" role=\"listitem\"><span class=\"is--medium\">Fabriqu\u00e9 en :<\/span> Chine\t\t\t\t\t<\/li>\n<li class=\"product-features__item-list__item\" role=\"listitem\"><span class=\"is--medium\">Disponibilit\u00e9 des pi\u00e8ces d\u00e9tach\u00e9es (donn\u00e9es fournisseur) :<\/span> Non communiqu\u00e9e\t\t\t\t\t<\/li>\n<\/ul>\n<\/li>\n<\/ul>\n<\/div>\n<div class=\"product__disclosure-content\">\n<div class=\"js-read-more product-description__content read-more read-more--truncated\" data-read-more-name=\"description\" style=\"max-height: 500px; overflow: hidden;\">\n<p><b>Table de cuisson puissante avec 4 plaques \u00e0 induction avec bouton rotatif \u00e0 encastrer<br \/>dans une cuisine \u00e9quip\u00e9e.<\/b><\/p>\n<p><b>Quatre<\/b><b>zones de cuisson avec 9 niveaux d&rsquo;intensit\u00e9 et une puissance totale de<br \/>6000\u00a0watts.\u00a0<\/b><\/p>\n<p><b>Fonction de mise \u00e0 l&rsquo;arr\u00eat automatique et c\u00e2ble de 120\u00a0cm de long avec connecteur \u00e0 5<br \/>p\u00f4les.<\/b><\/p>\n<p>La<b> table de cuisson \u00e0 plaque \u00e0 induction Klarstein<\/b> Kochheld est une v\u00e9ritable source<br \/>de puissance : avec ses quatre plaques de cuisson, elle d\u00e9gage 6000 watts de<br \/>puissance et impressionne tous les amateurs de cuisine avec son design \u00e9l\u00e9gant noir<br \/>et son bouton rotatif de r\u00e9glage.<\/p>\n<p>La table de cuisson encastrable dispose de quatre plaques de cuisson s\u00e9par\u00e9es qui ont<br \/>chacune 9 niveaux d&rsquo;intensit\u00e9 et un bouton rotatif de r\u00e9glage. Gr\u00e2ce \u00e0 ses dimensions<br \/>compactes de 59 x 52 cm (LxP), la <b>table de cuisson \u00e0 induction<\/b> offre suffisamment de<br \/>place pour les po\u00eales et casseroles. Les zones de cuisson situ\u00e9es \u00e0 gauche \u00e0<br \/>l&rsquo;arri\u00e8re et \u00e0 droite \u00e0 l&rsquo;avant ont un diam\u00e8tre de 16 cm et \u00e9mettent chacune une<br \/>puissance de 1200 watts. Les zones de cuisson situ\u00e9es \u00e0 gauche \u00e0 l&rsquo;avant et \u00e0 droite<br \/>\u00e0 l&rsquo;arri\u00e8re ont, quant \u00e0 elles, un diam\u00e8tre de 18 cm et d\u00e9gagent une puissance de<br \/>1800 watts. La plaque de cuisson est autonome et peut \u00eatre encastr\u00e9e ind\u00e9pendamment<br \/>de votre four. Le verre noir et le design sans bord de la <b>table \u00e0 4 plaques de<br \/>cuisson \u00e0 induction<\/b> est un atout suppl\u00e9mentaire.<\/p>\n<p>La technologie \u00e0 induction avanc\u00e9e est particuli\u00e8rement agr\u00e9able : lors de la cuisson<br \/>la surface en-dehors des plaques reste constamment froide. De plus, la plaque de<br \/>cuisson de <b>Klarstein <\/b>dispose d&rsquo;une fonction de mise \u00e0 l&rsquo;arr\u00eat automatique qui arr\u00eate<br \/>les plaques de cuisson apr\u00e8s 120 minutes. Le c\u00e2ble secteur de 120\u00a0cm de long \u00e0 5<br \/>p\u00f4les alimente la<b> table de cuisson \u00e0 4 plaques \u00e0 induction<\/b> avec le courant \u00e9lectrique<br \/>n\u00e9cessaire.\u00a0<\/p>\n<p>Puissante et dot\u00e9e d&rsquo;une technique sophistiqu\u00e9e et d&rsquo;un design \u00e9l\u00e9gant: gr\u00e2ce \u00e0 la<br \/><b>table de cuisson \u00e0\u00a04 plaques \u00e0 induction<\/b>\u00a0Kochheld de <b>Klarstein,<\/b> devenez le roi de la<br \/>cuisson.<\/p>\n<p><b>L&rsquo;installation doit \u00eatre r\u00e9alis\u00e9e uniquement par du personnel sp\u00e9cialis\u00e9\u00a0<\/b><\/p>\n<p><b>Top Features:<\/b><\/p>\n<p>\u2022 <b>Quatre fois plus de puissance:<\/b>\u00a0table de cuisson avec plaques \u00e0 induction sans bord<br \/>\u00e0 encastrer avec 4 zones de cuisson<b>Puissant:<\/b>\u00a0avec 4 zones de cuisson &#8211; deux de\u00a0 1200<br \/>watts et deux de 1800 watts<b>Intuitif et nostalgique: <\/b>commande facile via le bouton<br \/>rotatif de contr\u00f4le<b>Puissante et s\u00fbre:<\/b>\u00a0avec 9 niveaux d&rsquo;intensit\u00e9 et une\u00a0mise \u00e0<br \/>l&rsquo;arr\u00eat automatique apr\u00e8s 120 minutes<b>Rapide et \u00e9conomique:<\/b>\u00a0cuisson rapide et peu<br \/>\u00e9nergivore<b>Un r\u00e9gal pour les yeux:<\/b>\u00a0le design \u00e9l\u00e9gant et sans bord et le verre noir<br \/>attirent tous les regards<b>Refroidit rappidement:<\/b> gr\u00e2ce \u00e0 la technologie \u00e0 induction,<br \/>les zones de cuisson peuvent \u00eatre nettoy\u00e9es directement apr\u00e8s avoir cuisini\u00e9<\/p>\n<p><b>Caract\u00e9ristiques:<\/b><\/p>\n<p>\u2022 Mise \u00e0 l&rsquo;arr\u00eat automatique apr\u00e8s 120 minutes<br \/>\u2022 Puissance totale: 6000 Watts<br \/>\u2022 Zone 1: \u00d8 18 cm avec 1800 watts<br \/>\u2022 Zone 2: \u00d8 16 cm avec 1200 watts<br \/>\u2022 Zone 3: \u00d8 16 cm avec 1200 watts<br \/>\u2022 Zone 4: \u00d8 18 cm avec 1800 watts<br \/>\u2022 C\u00e2ble de 120 cm avec connecteur \u00e0 5 p\u00f4les\u00a0<br \/>\u2022 Alimentation \u00e9lectrique: 220-240 V~ | 50\/60 Hz<\/p>\n<p><b>Inclus dans la livraison:<\/b><\/p>\n<p><b>Dimensions:<\/b><\/p>\n<p>\u2022 Dimensions de la table de cuisson: env. 59 x 6,3 x 52 cm (LxHxP)<br \/>\u2022 Dimensions d&rsquo;une partie: env. 55,5 x 48,5 cm (LxP)<br \/>\u2022 Longueur du c\u00e2ble secteur: env. 120 cm<br \/>\u2022 Poids: env. 9 kg<\/p>\n<\/div>\n<p><bl-button a11yexpanded=\"false\" arialabel=\"Afficher toute la description\" class=\"read-more__btn\" full=\"false\" link=\"true\"><\/bl-button><\/div>","protected":false},"excerpt":{"rendered":"<div class=\"keypoints\">\n<h3 class=\"keypoints__title\">Les points cl\u00e9s<\/h3>\n<ul role=\"list\">\n<li class=\"keypoints__item\" role=\"listitem\">                                        Encastrement standard : L 55,5 cm                      <\/li>\n<li class=\"keypoints__item\" role=\"listitem\">                                        Nombre de foyers : 4                      <\/li>\n<li class=\"keypoints__item\" role=\"listitem\">                                        Type de commandes : manettes                      <\/li>\n<\/ul>","protected":false},"featured_media":22800,"template":"","meta":{"_glsr_average":0,"_glsr_ranking":0,"_glsr_reviews":0},"product_cat":[217],"product_tag":[131,218,219],"class_list":{"0":"post-37968","1":"product","2":"type-product","3":"status-publish","4":"has-post-thumbnail","6":"product_cat-plaque-induction","7":"product_tag-gros-electromenager","8":"product_tag-plaque-de-cuisson","9":"product_tag-plaque-induction","11":"first","12":"instock","13":"sale","14":"shipping-taxable","15":"purchasable","16":"product-type-simple"},"_links":{"self":[{"href":"https:\/\/electromenagerexpress.com\/en\/wp-json\/wp\/v2\/product\/37968","targetHints":{"allow":["GET"]}}],"collection":[{"href":"https:\/\/electromenagerexpress.com\/en\/wp-json\/wp\/v2\/product"}],"about":[{"href":"https:\/\/electromenagerexpress.com\/en\/wp-json\/wp\/v2\/types\/product"}],"wp:featuredmedia":[{"embeddable":true,"href":"https:\/\/electromenagerexpress.com\/en\/wp-json\/wp\/v2\/media\/22800"}],"wp:attachment":[{"href":"https:\/\/electromenagerexpress.com\/en\/wp-json\/wp\/v2\/media?parent=37968"}],"wp:term":[{"taxonomy":"product_cat","embeddable":true,"href":"https:\/\/electromenagerexpress.com\/en\/wp-json\/wp\/v2\/product_cat?post=37968"},{"taxonomy":"product_tag","embeddable":true,"href":"https:\/\/electromenagerexpress.com\/en\/wp-json\/wp\/v2\/product_tag?post=37968"}],"curies":[{"name":"wp","href":"https:\/\/api.w.org\/{rel}","templated":true}]}}