{"id":37967,"date":"2024-11-21T13:41:41","date_gmt":"2024-11-21T13:41:41","guid":{"rendered":"https:\/\/electromenagerexpress.com\/product\/table-vitroceramiqueklarsteinvirtuosa-ecoadapt-7200w-noir\/"},"modified":"2024-11-21T13:41:43","modified_gmt":"2024-11-21T13:41:43","slug":"table-vitroceramiqueklarsteinvirtuosa-ecoadapt-7200w-noir","status":"publish","type":"product","link":"https:\/\/electromenagerexpress.com\/en\/product\/table-vitroceramiqueklarsteinvirtuosa-ecoadapt-7200w-noir\/","title":{"rendered":"Table vitroc\u00e9ramique\t\t\t\t\t\t\tKLARSTEIN\t\t\t\tVirtuosa EcoAdapt 7200W &#8211; Noir"},"content":{"rendered":"<div class=\"product-features__content\">\n<ul role=\"list\">\n<li class=\"product-features__item\" role=\"listitem\">\n<h3 class=\"product-features__label\">Cuisson<\/h3>\n<ul role=\"list\">\n<li class=\"product-features__item-list__item\" role=\"listitem\"><span class=\"is--medium\">Type de table :<\/span> vitroc\u00e9ramique, entretien tr\u00e8s facile gr\u00e2ce au rev\u00eatement en verre tremp\u00e9.\t\t\t\t\t<\/li>\n<li class=\"product-features__item-list__item\" role=\"listitem\"><span class=\"is--medium\">Puissance totale :<\/span> 7.200 W\t\t\t\t\t<\/li>\n<li class=\"product-features__item-list__item\" role=\"listitem\"><span class=\"is--medium\">Amp\u00e9rage requis pour l&rsquo;installation :<\/span> 31,3 A\t\t\t\t\t<\/li>\n<li class=\"product-features__item-list__item\" role=\"listitem\"><span class=\"is--medium\">Nombre de foyers :<\/span> 4\t\t\t\t\t<\/li>\n<li class=\"product-features__item-list__item\" role=\"listitem\"><span class=\"is--medium\">S\u00e9curit\u00e9s :<\/span> arr\u00eat automatique, anti surchauffe, verrouillage du clavier, t\u00e9moin de chaleur r\u00e9siduelle, t\u00e9moin de mise sous tension\t\t\t\t\t<\/li>\n<\/ul>\n<\/li>\n<li class=\"product-features__item\" role=\"listitem\">\n<h3 class=\"product-features__label\">Commandes<\/h3>\n<ul role=\"list\">\n<li class=\"product-features__item-list__item\" role=\"listitem\"><span class=\"is--medium\">Type de commandes :<\/span> tactiles centralis\u00e9es, permet d&rsquo;avoir un point de commande au milieu, pour choisir le foyer \u00e0 activer et d\u00e9terminer la puissance\t\t\t\t\t<\/li>\n<li class=\"product-features__item-list__item\" role=\"listitem\"><span class=\"is--medium\">Emplacement des commandes :<\/span> frontal\t\t\t\t\t<\/li>\n<li class=\"product-features__item-list__item\" role=\"listitem\"><span class=\"is--medium\">Nombre de boosters :<\/span> 1\t\t\t\t\t<\/li>\n<li class=\"product-features__item-list__item\" role=\"listitem\"><span class=\"is--medium\">Le saviez-vous ? :<\/span> le booster permet un acc\u00e8s direct \u00e0 la puissance maximale. Id\u00e9al pour porter \u00e0 \u00e9bullition ou saisir les viandes\t\t\t\t\t<\/li>\n<li class=\"product-features__item-list__item\" role=\"listitem\"><span class=\"is--medium\">Nombre de minuteurs :<\/span> 1\t\t\t\t\t<\/li>\n<li class=\"product-features__item-list__item\" role=\"listitem\"><span class=\"is--medium\">Le saviez-vous ? :<\/span> le minuteur arr\u00eate le foyer concern\u00e9 une fois le temps \u00e9coul\u00e9\t\t\t\t\t<\/li>\n<\/ul>\n<\/li>\n<li class=\"product-features__item\" role=\"listitem\">\n<h3 class=\"product-features__label\">Confort d&rsquo;utilisation<\/h3>\n<ul role=\"list\">\n<li class=\"product-features__item-list__item\" role=\"listitem\"><span class=\"is--medium\">Table connect\u00e9e Wifi :<\/span> non\t\t\t\t\t<\/li>\n<li class=\"product-features__item-list__item\" role=\"listitem\"><span class=\"is--medium\">Application d\u00e9di\u00e9e :<\/span> Sans application\t\t\t\t\t<\/li>\n<li class=\"product-features__item-list__item\" role=\"listitem\"><span class=\"is--medium\">Sonde de cuisson :<\/span> non\t\t\t\t\t<\/li>\n<\/ul>\n<\/li>\n<li class=\"product-features__item\" role=\"listitem\">\n<h3 class=\"product-features__label\">Design<\/h3>\n<ul role=\"list\">\n<li class=\"product-features__item-list__item\" role=\"listitem\"><span class=\"is--medium\">Coloris :<\/span> Noir\t\t\t\t\t<\/li>\n<li class=\"product-features__item-list__item\" role=\"listitem\"><span class=\"is--medium\">Mati\u00e8re des grilles :<\/span> non concern\u00e9\t\t\t\t\t<\/li>\n<li class=\"product-features__item-list__item\" role=\"listitem\"><span class=\"is--medium\">Couleur de l&rsquo;affichage :<\/span> rouge\t\t\t\t\t<\/li>\n<\/ul>\n<\/li>\n<li class=\"product-features__item\" role=\"listitem\">\n<h3 class=\"product-features__label\">Dimensions<\/h3>\n<ul role=\"list\">\n<li class=\"product-features__item-list__item\" role=\"listitem\"><span class=\"is--medium\">LxHxP (encastrement) :<\/span> 55.5 x 6 x 48.5 cm\t\t\t\t\t<\/li>\n<li class=\"product-features__item-list__item\" role=\"listitem\"><span class=\"is--medium\">Dimensions l x h x p :<\/span> 59 x 6.3 x 52 cm\t\t\t\t\t<\/li>\n<li class=\"product-features__item-list__item\" role=\"listitem\"><span class=\"is--medium\">Longueur du cordon d&rsquo;alimentation :<\/span> 1,20 m\t\t\t\t\t<\/li>\n<li class=\"product-features__item-list__item\" role=\"listitem\"><span class=\"is--medium\">Poids net :<\/span> 7,70 Kg\t\t\t\t\t<\/li>\n<\/ul>\n<\/li>\n<li class=\"product-features__item\" role=\"listitem\">\n<h3 class=\"product-features__label\">Informations compl\u00e9mentaires<\/h3>\n<ul role=\"list\">\n<li class=\"product-features__item-list__item\" role=\"listitem\"><span class=\"is--medium\">Fabriqu\u00e9 en :<\/span> Chine\t\t\t\t\t<\/li>\n<li class=\"product-features__item-list__item\" role=\"listitem\"><span class=\"is--medium\">Disponibilit\u00e9 des pi\u00e8ces d\u00e9tach\u00e9es (donn\u00e9es fournisseur) :<\/span> Non communiqu\u00e9e\t\t\t\t\t<\/li>\n<\/ul>\n<\/li>\n<\/ul>\n<\/div>\n<div class=\"product__disclosure-content\">\n<div class=\"js-read-more product-description__content read-more read-more--truncated\" data-read-more-name=\"description\" style=\"max-height: 500px; overflow: hidden;\">\n<p><b>Plaque de cuisson \u00e0 induction, \u00e9l\u00e9gante, sans cadre, avec une mode \u00e9co, 4 feux et un<br \/>panneau de commande tactile, \u00e0 encastrer dans une cuisine \u00e9quip\u00e9e.<\/b><\/p>\n<p><b>Polyvalente:\u00a04 zones de cuisson avec une puissance totale de 7200 W, avec 9 niveaux<br \/>d&rsquo;intensit\u00e9 chacune ainsi qu&rsquo;une minuterie et une fonction Boost.<\/b><\/p>\n<p><b>S\u00e9curit\u00e9 \u00e9l\u00e9v\u00e9e avec un syst\u00e8me de mise \u00e0 l&rsquo;arr\u00eat automatique, l&rsquo;affichage de la<br \/>chaleur r\u00e9siduelle et une s\u00e9curit\u00e9 enfant.<\/b><\/p>\n<p>Devenez un chef \u00e9toil\u00e9 dans votre propre cuisine.\u00a0La commande facile via l&rsquo;\u00e9cran tactile,\u00a0les 9<br \/>niveaux d&rsquo;intensit\u00e9 et la fonction Boost vous permettent de pr\u00e9parer de fa\u00e7on<br \/>optimale vos plats pr\u00e9f\u00e9r\u00e9s. De plus, avec la fonction EcoAdapt, il est possible<br \/>d&rsquo;adapter la puissance totale de la<b> plaque de cuisson \u00e0 induction<\/b> encastrable \u00e0\u00a0<br \/>2800, 3500, 6000 ou 7200 watts. Que vous ayez de petits ou de grands accessoires de<br \/>cuisine, avec les quatre zones de cuisson avec un diam\u00e8tre de 16 (x2), 18 ou 21 cm,<br \/>toutes vos casseroles trouveront leur place. Vous disposez de la fonction Boost au<br \/>cas o\u00f9 vous avez besoin de plus de puissance. <br \/>La<b> plaque de cuisson \u00e0 induction<\/b> est autonome et peut \u00eatre install\u00e9e ind\u00e9pendamment<br \/>de votre four.<\/p>\n<p>Toutes les plaques peuvent \u00eatre r\u00e9gl\u00e9es sur 9 niveaux d&rsquo;intensit\u00e9. Il est tr\u00e8s facile<br \/>de r\u00e9gler les <b>plaques de cuisson \u00e0 induction<\/b> Virtuosa EcoAdapt de <b>Klarstein<\/b> via le<br \/>panneau de commande tactile int\u00e9gr\u00e9 avec affichage num\u00e9rique de sorte qu&rsquo;aucun bouton<br \/>de r\u00e9glage suppl\u00e9mentaire ne vienne briser la surface du plan de cuisine. Il est<br \/>\u00e9galement possible de programmer une minuterie pour chaque plaque qui \u00e9teindra<br \/>celle-ci une fois le d\u00e9lai \u00e9coul\u00e9, ou \u00e9mettra un signal sonore.<\/p>\n<p>Pour que la cuisson se d\u00e9roule sans probl\u00e8me, la\u00a0<b>plaque encastrable<\/b> Virtuosa de<br \/><b>Klarstein<\/b> est dot\u00e9e des s\u00e9curit\u00e9s les plus diverses: une mise \u00e0 l&rsquo;arr\u00eat automatique<br \/>apr\u00e8s 120\u00a0minutes. L&rsquo;affichage de la chaleur r\u00e9siduelle indique si les surfaces de<br \/>cuisson \u00e9teintes sont encore chaudes. En outre, une s\u00e9curit\u00e9 enfant peut \u00eatre activ\u00e9e<br \/>pour \u00e9viter une modification non d\u00e9sir\u00e9e des r\u00e9glages de cuisson.<\/p>\n<p>Enfin, d&rsquo;un point de vue esth\u00e9tique, la\u00a0<b>plaque \u00e0 induction<\/b><b>Klarstein<\/b> Virtuosa saura<br \/>vous convaincre avec sa surface noire sans bord en vitroc\u00e9ramique facile d&rsquo;entretien,<br \/>qui apporte une touche d&rsquo;\u00e9l\u00e9gance dans votre cuisine. Ainsi, la plaque s&rsquo;ins\u00e8re<br \/>facilement dans toutes les cuisines, qu&rsquo;elles soient classiques ou modernes.<\/p>\n<p><b>Top Features:<\/b><\/p>\n<p>\u2022 <b>Taille familiale:<\/b> 4 plaques de cuisson avec une puissance totale de 7200<br \/>watts<b>Adapt\u00e9e \u00e0 tous les connecteurs:<\/b> gr\u00e2ce au syst\u00e8me\u00a0 <i>EcoAdapt<\/i>, la puissance totale<br \/>peut \u00eatre adapt\u00e9e entre 2800 et 7200 watts<b>Plaques de cuisson 2 x 2:<\/b> 2 fois 1500 watts<br \/>et 2 fois 2100 watts<b>Puissante et s\u00fbre:<\/b> 9 niveaux d&rsquo;intensit\u00e9 et une mise \u00e0 l&rsquo;arr\u00eat<br \/>automatique apr\u00e8s 120 minutes<b>Commande intuitive:<\/b> avec un panneau de commande tactile<br \/>et un affichage num\u00e9rique<b>Quantit\u00e9 d&rsquo;\u00e9nergie suppl\u00e9mentaire:<\/b> chaque plaque dispose<br \/>d&rsquo;une fonction Boost pour un chauffage rapide<b>Economique:<\/b> gr\u00e2ce \u00e0 l&rsquo;affichage de la<br \/>chaleur r\u00e9siduelle, il est possible d&rsquo;utiliser la chaleur r\u00e9siduelle<b>Styl\u00e9e:<\/b> les<br \/>surfaces en vitroc\u00e9ramique noires et sans bord attirent tous les regards<\/p>\n<p><b>Caract\u00e9ristiques:<\/b><\/p>\n<p>\u2022 Bouton de marche\/arr\u00eat sur la face sup\u00e9rieure de l&rsquo;appareil (panneau de commande<br \/>tactile)<br \/>\u2022 Puissance totale des zones de cuisson: 7200 W (2 x 1800 W et 2 x 2100W)<br \/>\u2022 <i>EcoAdapt<\/i>: s\u00e9curit\u00e9 adaptable pour des puissances de 2800, 3500, 6000 ou 7200W<br \/>\u2022 Fonction boost: 300W de puissance suppl\u00e9mentaire par zone de cuisson pour un<br \/>chauffage rapide<br \/>\u2022 Diam\u00e8tre des foyers:\u00a0 1 x 21 cm, 1 x 18 cm et 2 x 16 cm<br \/>\u2022 Panneau de commande tactile avec affichage num\u00e9rique pour le r\u00e9glage du niveau de<br \/>puissance et de la minuterie<br \/>\u2022 Fonction de minuterie<br \/>\u2022 Arr\u00eat automatique apr\u00e8s 120 minutes<br \/>\u2022 Protection enfant verrouillable et blocage des touches<br \/>\u2022 Table de cuisson encastr\u00e9e : con\u00e7ue pour \u00eatre encastr\u00e9e dans une cuisine int\u00e9gr\u00e9e,<br \/>pas de pose libre<br \/>\u2022 C\u00e2ble de connexion \u00e0 5 connecteurs<br \/>\u2022 Alimentation : 220-240 V~ | 50\/60 Hz<\/p>\n<p><b>Inclus dans la livraison:<\/b><\/p>\n<p>\u2022 1 x plaque de cuisson \u00e0 induction \u00e0 encastrer avec mat\u00e9riel de montage fourniManuel<br \/>d&rsquo;instructions inclus<\/p>\n<p><b>Dimensions:<\/b><\/p>\n<p>\u2022 Dimensions totales: 59 x 6,3 x 52 cm (LxHxP)<br \/>\u2022 Dimensions de zone: 55,5 x 6,3 x 48,5 cm (LxHxP)<br \/>\u2022 Largeur minimale autour du plan de travail : 5 cm<br \/>\u2022 \u00c9paisseur minimale du plan de travail: 3 cm<br \/>\u2022 Distance minimale des \u00e9l\u00e9ments suspendus situ\u00e9s au-dessus : 76 cm\u00a0<br \/>\u2022 Espace libre minimum sous l&rsquo;appareil : 5 cm<br \/>\u2022 Longueur du c\u00e2ble : 120 cm<br \/>\u2022 Poids: env. 7,7 kg<\/p>\n<\/div>\n<p><bl-button a11yexpanded=\"false\" arialabel=\"Afficher toute la description\" class=\"read-more__btn\" full=\"false\" link=\"true\">Voir plus<\/bl-button><\/div>","protected":false},"excerpt":{"rendered":"<div class=\"keypoints\">\n<h3 class=\"keypoints__title\">Les points cl\u00e9s<\/h3>\n<ul role=\"list\">\n<li class=\"keypoints__item\" role=\"listitem\">                                        Encastrement standard : L 55,5 cm                      <\/li>\n<li class=\"keypoints__item\" role=\"listitem\">                                        Nombre de foyers : 4                      <\/li>\n<li class=\"keypoints__item\" role=\"listitem\">                                        Type de commandes : tactiles centralis\u00e9es                      <\/li>\n<\/ul>","protected":false},"featured_media":22790,"template":"","meta":{"_glsr_average":0,"_glsr_ranking":0,"_glsr_reviews":0},"product_cat":[220],"product_tag":[131,218,221],"class_list":{"0":"post-37967","1":"product","2":"type-product","3":"status-publish","4":"has-post-thumbnail","6":"product_cat-plaque-vitroceramique","7":"product_tag-gros-electromenager","8":"product_tag-plaque-de-cuisson","9":"product_tag-plaque-vitroceramique","11":"first","12":"instock","13":"sale","14":"shipping-taxable","15":"purchasable","16":"product-type-simple"},"_links":{"self":[{"href":"https:\/\/electromenagerexpress.com\/en\/wp-json\/wp\/v2\/product\/37967","targetHints":{"allow":["GET"]}}],"collection":[{"href":"https:\/\/electromenagerexpress.com\/en\/wp-json\/wp\/v2\/product"}],"about":[{"href":"https:\/\/electromenagerexpress.com\/en\/wp-json\/wp\/v2\/types\/product"}],"wp:featuredmedia":[{"embeddable":true,"href":"https:\/\/electromenagerexpress.com\/en\/wp-json\/wp\/v2\/media\/22790"}],"wp:attachment":[{"href":"https:\/\/electromenagerexpress.com\/en\/wp-json\/wp\/v2\/media?parent=37967"}],"wp:term":[{"taxonomy":"product_cat","embeddable":true,"href":"https:\/\/electromenagerexpress.com\/en\/wp-json\/wp\/v2\/product_cat?post=37967"},{"taxonomy":"product_tag","embeddable":true,"href":"https:\/\/electromenagerexpress.com\/en\/wp-json\/wp\/v2\/product_tag?post=37967"}],"curies":[{"name":"wp","href":"https:\/\/api.w.org\/{rel}","templated":true}]}}