{"id":37964,"date":"2024-11-21T13:41:33","date_gmt":"2024-11-21T13:41:33","guid":{"rendered":"https:\/\/electromenagerexpress.com\/product\/table-vitroceramiqueklarsteinvirtuosa-encastrable-6500w\/"},"modified":"2024-11-21T13:41:35","modified_gmt":"2024-11-21T13:41:35","slug":"table-vitroceramiqueklarsteinvirtuosa-encastrable-6500w","status":"publish","type":"product","link":"https:\/\/electromenagerexpress.com\/en\/product\/table-vitroceramiqueklarsteinvirtuosa-encastrable-6500w\/","title":{"rendered":"Table vitroc\u00e9ramique\t\t\t\t\t\t\tKLARSTEIN\t\t\t\tVirtuosa &#8211; encastrable  &#8211; 6500W"},"content":{"rendered":"<div class=\"product-features__content\">\n<ul role=\"list\">\n<li class=\"product-features__item\" role=\"listitem\">\n<h3 class=\"product-features__label\">Cuisson<\/h3>\n<ul role=\"list\">\n<li class=\"product-features__item-list__item\" role=\"listitem\"><span class=\"is--medium\">Type de table :<\/span> vitroc\u00e9ramique, entretien tr\u00e8s facile gr\u00e2ce au rev\u00eatement en verre tremp\u00e9.\t\t\t\t\t<\/li>\n<li class=\"product-features__item-list__item\" role=\"listitem\"><span class=\"is--medium\">Puissance totale :<\/span> 6.500 W\t\t\t\t\t<\/li>\n<li class=\"product-features__item-list__item\" role=\"listitem\"><span class=\"is--medium\">Amp\u00e9rage requis pour l&rsquo;installation :<\/span> 27,4 A\t\t\t\t\t<\/li>\n<li class=\"product-features__item-list__item\" role=\"listitem\"><span class=\"is--medium\">Nombre de foyers :<\/span> 4\t\t\t\t\t<\/li>\n<li class=\"product-features__item-list__item\" role=\"listitem\"><span class=\"is--medium\">S\u00e9curit\u00e9s :<\/span> arr\u00eat automatique, anti surchauffe, verrouillage du clavier, t\u00e9moin de chaleur r\u00e9siduelle, t\u00e9moin de mise sous tension\t\t\t\t\t<\/li>\n<\/ul>\n<\/li>\n<li class=\"product-features__item\" role=\"listitem\">\n<h3 class=\"product-features__label\">Commandes<\/h3>\n<ul role=\"list\">\n<li class=\"product-features__item-list__item\" role=\"listitem\"><span class=\"is--medium\">Type de commandes :<\/span> tactiles centralis\u00e9es, permet d&rsquo;avoir un point de commande au milieu, pour choisir le foyer \u00e0 activer et d\u00e9terminer la puissance\t\t\t\t\t<\/li>\n<li class=\"product-features__item-list__item\" role=\"listitem\"><span class=\"is--medium\">Emplacement des commandes :<\/span> frontal\t\t\t\t\t<\/li>\n<li class=\"product-features__item-list__item\" role=\"listitem\"><span class=\"is--medium\">Nombre de minuteurs :<\/span> 1\t\t\t\t\t<\/li>\n<li class=\"product-features__item-list__item\" role=\"listitem\"><span class=\"is--medium\">Le saviez-vous ? :<\/span> le minuteur arr\u00eate le foyer concern\u00e9 une fois le temps \u00e9coul\u00e9\t\t\t\t\t<\/li>\n<\/ul>\n<\/li>\n<li class=\"product-features__item\" role=\"listitem\">\n<h3 class=\"product-features__label\">Confort d&rsquo;utilisation<\/h3>\n<ul role=\"list\">\n<li class=\"product-features__item-list__item\" role=\"listitem\"><span class=\"is--medium\">Table connect\u00e9e Wifi :<\/span> non\t\t\t\t\t<\/li>\n<li class=\"product-features__item-list__item\" role=\"listitem\"><span class=\"is--medium\">Application d\u00e9di\u00e9e :<\/span> Sans application\t\t\t\t\t<\/li>\n<li class=\"product-features__item-list__item\" role=\"listitem\"><span class=\"is--medium\">Sonde de cuisson :<\/span> non\t\t\t\t\t<\/li>\n<\/ul>\n<\/li>\n<li class=\"product-features__item\" role=\"listitem\">\n<h3 class=\"product-features__label\">Design<\/h3>\n<ul role=\"list\">\n<li class=\"product-features__item-list__item\" role=\"listitem\"><span class=\"is--medium\">Coloris :<\/span> Noir\t\t\t\t\t<\/li>\n<li class=\"product-features__item-list__item\" role=\"listitem\"><span class=\"is--medium\">Mati\u00e8re des grilles :<\/span> non concern\u00e9\t\t\t\t\t<\/li>\n<li class=\"product-features__item-list__item\" role=\"listitem\"><span class=\"is--medium\">Couleur de l&rsquo;affichage :<\/span> rouge\t\t\t\t\t<\/li>\n<\/ul>\n<\/li>\n<li class=\"product-features__item\" role=\"listitem\">\n<h3 class=\"product-features__label\">Dimensions<\/h3>\n<ul role=\"list\">\n<li class=\"product-features__item-list__item\" role=\"listitem\"><span class=\"is--medium\">LxHxP (encastrement) :<\/span> 56 x 4.7 x 49 cm\t\t\t\t\t<\/li>\n<li class=\"product-features__item-list__item\" role=\"listitem\"><span class=\"is--medium\">Dimensions l x h x p :<\/span> 59 x 5.2 x 52 cm\t\t\t\t\t<\/li>\n<li class=\"product-features__item-list__item\" role=\"listitem\"><span class=\"is--medium\">Poids net :<\/span> 8,10 Kg\t\t\t\t\t<\/li>\n<\/ul>\n<\/li>\n<li class=\"product-features__item\" role=\"listitem\">\n<h3 class=\"product-features__label\">Informations compl\u00e9mentaires<\/h3>\n<ul role=\"list\">\n<li class=\"product-features__item-list__item\" role=\"listitem\"><span class=\"is--medium\">Fabriqu\u00e9 en :<\/span> Chine\t\t\t\t\t<\/li>\n<li class=\"product-features__item-list__item\" role=\"listitem\"><span class=\"is--medium\">Disponibilit\u00e9 des pi\u00e8ces d\u00e9tach\u00e9es (donn\u00e9es fournisseur) :<\/span> Non communiqu\u00e9e\t\t\t\t\t<\/li>\n<\/ul>\n<\/li>\n<\/ul>\n<\/div>\n<div class=\"product__disclosure-content\">\n<div class=\"js-read-more product-description__content read-more read-more--truncated\" data-read-more-name=\"description\" style=\"max-height: 500px; overflow: hidden;\">\n<p>La <b>surface de cuisson en c\u00e9ramique Klarstein<\/b> Virtuosa se situe au croisement d&rsquo;une<br \/>technique moderne et d&rsquo;une esth\u00e9tique luxueuse pour faire resplendir votre cuisine<br \/>d&rsquo;un nouvel \u00e9clat.<\/p>\n<p>Quatre<b> surfaces de cuisson<\/b> se trouvent \u00e0 votre disposition soit deux plaques avec un<br \/>diam\u00e8tre de 16,5cm, une plaque avec un diam\u00e8tre de 20cm ainsi qu&rsquo;une derni\u00e8re plaque<br \/>\u00e0 surface variable pouvant accueillir des r\u00e9cipients de cuisine avec un diam\u00e8tre<br \/>compris entre 12 et 23cm. Avec 6500W de puissance au total, les plaques de cuisson<br \/>Virtuosa se chargent de chauffer en un rien de temps toutes vos po\u00eales et casseroles.<br \/>Les petites plaques peuvent atteindre une puissance de 1200W, la grande plaque peut<br \/>atteindre une puissance de 1800W et enfin la plaque \u00e0 surface variable peut \u00eatre<br \/>r\u00e9gl\u00e9e sur 800, 1600 ou 2300W au choix. Toutes les plaques peuvent \u00e9galement \u00eatre<br \/>r\u00e9gl\u00e9es selon 9 niveaux de puissance. La<b> plaque en c\u00e9ramique Klarstein<\/b> est aussi<br \/>\u00e9quip\u00e9e d&rsquo;un panneau tactile avec \u00e9cran digital, de sorte \u00e0 ce que l&rsquo;appareil soit<br \/>absolument plat et s&rsquo;int\u00e8gre en toute discr\u00e9tion dans votre cuisine. En plus de la<br \/>temp\u00e9rature, vous pouvez \u00e9galement r\u00e9gler le temps de chauffe par palier de<br \/>10minutes. En fin de cuisson, lorsque le temps programm\u00e9 est \u00e9coul\u00e9, la plaque<br \/>s&rsquo;\u00e9teint automatiquement ou fait retentir un signal sonore selon les r\u00e9glages que<br \/>vous aurez op\u00e9r\u00e9s.<\/p>\n<p>Pour que la cuisson ait lieu en toute s\u00e9curit\u00e9, les <b>plaques<\/b> Virtuosa sont \u00e9quip\u00e9es de<br \/>diverses fonctions s\u00e9curit\u00e9 comme par exemple d&rsquo;une protection surchauffe si les<br \/>r\u00e9cipients deviennent trop chauds. L&rsquo;appareil indique \u00e9galement si les plaques sont<br \/>encore chaudes afin que vous ne vous br\u00fbliez pas. Aussi, vous pouvez activer une<br \/>protection pour que les enfants ne jouent pas avec l&rsquo;appareil ni ne modifient les<br \/>param\u00e8tres.<\/p>\n<p>C\u00f4t\u00e9 esth\u00e9tique, les<b> plaques en c\u00e9ramique Klarstein<\/b> Virtuosa s&rsquo;int\u00e8grent<br \/>merveilleusement bien \u00e0 tous les types de cuisine qu&rsquo;elles soient classiques ou<br \/>modernes avec leur surface en c\u00e9ramique noire facile \u00e0 entretenir. Tout le mat\u00e9riel<br \/>n\u00e9cessaire \u00e0 un montage sur un plan de travail est inclus \u00e0 la livraison.<\/p>\n<p>Mod\u00e8les disponibles :<b> 4 zones,<\/b> 3 zones (10029240)<\/p>\n<p><b>Top Features:<\/b><\/p>\n<p>\u2022 Plaque de cuisson moderne en verre et c\u00e9ramique pour un montage encastr\u00e9 dans un<br \/>plan de travail\u00a0Quatre plaques avec diam\u00e8tre de 16,5 cm, 20 cm et 12-23 cm pour une<br \/>puissance totale de 6500 WDeux plaques 1200 W, une plaque 1800 W ainsi qu&rsquo;une plaque<br \/>variable entre 800, 1600 et 2300 W &#8211; r\u00e9glage selon 9 niveaux de temp\u00e9ratureFacile \u00e0<br \/>nettoyer avec sa surface en verre, son panneau tactile et ses marques pour<br \/>reconna\u00eetre o\u00f9 se situent les plaquesMinuterie r\u00e9glable avec signal sonore et<br \/>extinction automatique<\/p>\n<p><b>Caract\u00e9ristiques:<\/b><\/p>\n<p>\u2022 Bouton ON\/OFF sur le dessus de l&rsquo;appareil<br \/>\u2022 Puissance totale de 6500 W (2x 1200 W, 1x 1800 W, 1x 800, 1600 ou 2300 W)<br \/>\u2022 Dimensions des plaques : 2x 16,5 cm, 1x 20 cm, 1x 12-23 cm<br \/>\u2022 Panneau tactile avec \u00e9cran digital pour le r\u00e9glable de la temp\u00e9rature et du temps<br \/>de cuisson<br \/>\u2022 Minuterie r\u00e9glable jusqu&rsquo;\u00e0 99 minutes par pallier d&rsquo;1 ou 10 minutes<br \/>\u2022 Extinction automatique<br \/>\u2022 Protection surchauffe<br \/>\u2022 S\u00e9curit\u00e9 enfants<br \/>\u2022 Con\u00e7ue pour un montage sur un plan de travail<br \/>\u2022 C\u00e2ble alimentation 5 p\u00f4les<br \/>\u2022 Alimentation : 220-240 V \/ 50-60Hz<\/p>\n<p><b>Inclus dans la livraison:<\/b><\/p>\n<p>\u2022 1 x Plaque encastrable1 x Mat\u00e9riel de montageManuel en fran\u00e7ais<\/p>\n<p><b>Dimensions:<\/b><\/p>\n<p>\u2022 Dimensions totales : 59 x 5,2 x 52 cm (LxHxP)<br \/>\u2022 Dimensions pour encastrement : 56 x 4,7 x 49 cm (LxHxP)<br \/>\u2022 Epaisseur minimale requise du plan de travail : 5 cm<br \/>\u2022 Distance minimale libre au-dessus des plaques : 76 cm<br \/>\u2022 Longueur du c\u00e2ble : 1 m<br \/>\u2022 Poids : env. 8,1 kg<\/p>\n<\/div>\n<p><bl-button a11yexpanded=\"false\" arialabel=\"Afficher toute la description\" class=\"read-more__btn\" full=\"false\" link=\"true\">Voir plus<\/bl-button><\/div>","protected":false},"excerpt":{"rendered":"<div class=\"keypoints\">\n<h3 class=\"keypoints__title\">Les points cl\u00e9s<\/h3>\n<ul role=\"list\">\n<li class=\"keypoints__item\" role=\"listitem\">                                        Encastrement standard : L 56 cm                      <\/li>\n<li class=\"keypoints__item\" role=\"listitem\">                                        Nombre de foyers : 4                      <\/li>\n<li class=\"keypoints__item\" role=\"listitem\">                                        Type de commandes : tactiles centralis\u00e9es                      <\/li>\n<\/ul>","protected":false},"featured_media":22763,"template":"","meta":{"_glsr_average":0,"_glsr_ranking":0,"_glsr_reviews":0},"product_cat":[220],"product_tag":[131,218,221],"class_list":{"0":"post-37964","1":"product","2":"type-product","3":"status-publish","4":"has-post-thumbnail","6":"product_cat-plaque-vitroceramique","7":"product_tag-gros-electromenager","8":"product_tag-plaque-de-cuisson","9":"product_tag-plaque-vitroceramique","11":"first","12":"instock","13":"sale","14":"shipping-taxable","15":"purchasable","16":"product-type-simple"},"_links":{"self":[{"href":"https:\/\/electromenagerexpress.com\/en\/wp-json\/wp\/v2\/product\/37964","targetHints":{"allow":["GET"]}}],"collection":[{"href":"https:\/\/electromenagerexpress.com\/en\/wp-json\/wp\/v2\/product"}],"about":[{"href":"https:\/\/electromenagerexpress.com\/en\/wp-json\/wp\/v2\/types\/product"}],"wp:featuredmedia":[{"embeddable":true,"href":"https:\/\/electromenagerexpress.com\/en\/wp-json\/wp\/v2\/media\/22763"}],"wp:attachment":[{"href":"https:\/\/electromenagerexpress.com\/en\/wp-json\/wp\/v2\/media?parent=37964"}],"wp:term":[{"taxonomy":"product_cat","embeddable":true,"href":"https:\/\/electromenagerexpress.com\/en\/wp-json\/wp\/v2\/product_cat?post=37964"},{"taxonomy":"product_tag","embeddable":true,"href":"https:\/\/electromenagerexpress.com\/en\/wp-json\/wp\/v2\/product_tag?post=37964"}],"curies":[{"name":"wp","href":"https:\/\/api.w.org\/{rel}","templated":true}]}}