{"id":37962,"date":"2024-11-21T13:41:27","date_gmt":"2024-11-21T13:41:27","guid":{"rendered":"https:\/\/electromenagerexpress.com\/product\/table-inductionciarracd3bbih\/"},"modified":"2024-11-21T13:41:29","modified_gmt":"2024-11-21T13:41:29","slug":"table-inductionciarracd3bbih","status":"publish","type":"product","link":"https:\/\/electromenagerexpress.com\/en\/product\/table-inductionciarracd3bbih\/","title":{"rendered":"Table induction\t\t\t\t\t\t\tCIARRA\t\t\t\tCD3BBIH"},"content":{"rendered":"<div class=\"product-features__content\">\n<ul role=\"list\">\n<li class=\"product-features__item\" role=\"listitem\">\n<h3 class=\"product-features__label\">Cuisson<\/h3>\n<ul role=\"list\">\n<li class=\"product-features__item-list__item\" role=\"listitem\"><span class=\"is--medium\">Type de table :<\/span> induction, mont\u00e9e tr\u00e8s rapide en temp\u00e9rature, gestion pr\u00e9cise de la cuisson et grande facilit\u00e9 d&rsquo;entretien. C&rsquo;est le meilleur compromis consommation d&rsquo;\u00e9nergie \/ s\u00e9curit\u00e9 \/ entretien.\t\t\t\t\t<\/li>\n<li class=\"product-features__item-list__item\" role=\"listitem\"><span class=\"is--medium\">Puissance totale :<\/span> 6.200 W\t\t\t\t\t<\/li>\n<li class=\"product-features__item-list__item\" role=\"listitem\"><span class=\"is--medium\">Amp\u00e9rage requis pour l&rsquo;installation :<\/span> 32 A\t\t\t\t\t<\/li>\n<li class=\"product-features__item-list__item\" role=\"listitem\"><span class=\"is--medium\">Nombre de foyers :<\/span> 3\t\t\t\t\t<\/li>\n<li class=\"product-features__item-list__item\" role=\"listitem\"><span class=\"is--medium\">Dimension du grand foyer :<\/span> 28,0 cm\t\t\t\t\t<\/li>\n<li class=\"product-features__item-list__item\" role=\"listitem\"><span class=\"is--medium\">Dimension foyer arri\u00e8re gauche :<\/span> 16,5 cm\t\t\t\t\t<\/li>\n<li class=\"product-features__item-list__item\" role=\"listitem\"><span class=\"is--medium\">Dimension foyer avant gauche :<\/span> 18,0 cm\t\t\t\t\t<\/li>\n<li class=\"product-features__item-list__item\" role=\"listitem\"><span class=\"is--medium\">Dimension foyer arri\u00e8re droit :<\/span> 28,0 cm\t\t\t\t\t<\/li>\n<li class=\"product-features__item-list__item\" role=\"listitem\"><span class=\"is--medium\">S\u00e9curit\u00e9s :<\/span> arr\u00eat automatique, coupure en cas de d\u00e9bordement, anti surchauffe, verrouillage du clavier, t\u00e9moin de chaleur r\u00e9siduelle, d\u00e9tection d&rsquo;absence de r\u00e9cipient, d\u00e9tection de petits objets, t\u00e9moin de mise sous tension\t\t\t\t\t<\/li>\n<\/ul>\n<\/li>\n<li class=\"product-features__item\" role=\"listitem\">\n<h3 class=\"product-features__label\">Commandes<\/h3>\n<ul role=\"list\">\n<li class=\"product-features__item-list__item\" role=\"listitem\"><span class=\"is--medium\">Type de commandes :<\/span> tactiles individuelles, une commande d\u00e9di\u00e9e par foyer\t\t\t\t\t<\/li>\n<li class=\"product-features__item-list__item\" role=\"listitem\"><span class=\"is--medium\">Emplacement des commandes :<\/span> frontal\t\t\t\t\t<\/li>\n<li class=\"product-features__item-list__item\" role=\"listitem\"><span class=\"is--medium\">Nombre de niveau de puissance :<\/span> 9\t\t\t\t\t<\/li>\n<li class=\"product-features__item-list__item\" role=\"listitem\"><span class=\"is--medium\">Le saviez-vous ? :<\/span> plus le nombre de niveau de puissance est \u00e9lev\u00e9, plus il sera possible de ma\u00eetriser la cuisson de vos aliments.\t\t\t\t\t<\/li>\n<li class=\"product-features__item-list__item\" role=\"listitem\"><span class=\"is--medium\">Nombre de boosters :<\/span> 3\t\t\t\t\t<\/li>\n<li class=\"product-features__item-list__item\" role=\"listitem\"><span class=\"is--medium\">Le saviez-vous ? :<\/span> le booster permet un acc\u00e8s direct \u00e0 la puissance maximale. Id\u00e9al pour porter \u00e0 \u00e9bullition ou saisir les viandes\t\t\t\t\t<\/li>\n<li class=\"product-features__item-list__item\" role=\"listitem\"><span class=\"is--medium\">Nombre de minuteurs :<\/span> 3\t\t\t\t\t<\/li>\n<li class=\"product-features__item-list__item\" role=\"listitem\"><span class=\"is--medium\">Le saviez-vous ? :<\/span> le minuteur arr\u00eate le foyer concern\u00e9 une fois le temps \u00e9coul\u00e9\t\t\t\t\t<\/li>\n<\/ul>\n<\/li>\n<li class=\"product-features__item\" role=\"listitem\">\n<h3 class=\"product-features__label\">Confort d&rsquo;utilisation<\/h3>\n<ul role=\"list\">\n<li class=\"product-features__item-list__item\" role=\"listitem\"><span class=\"is--medium\">Fonction contr\u00f4le automatique de la temp\u00e9rature au sein de la po\u00eale :<\/span> non\t\t\t\t\t<\/li>\n<li class=\"product-features__item-list__item\" role=\"listitem\"><span class=\"is--medium\">D\u00e9marrage rapide :<\/span> votre plaque d\u00e9tecte automatiquement l&rsquo;endroit o\u00f9 la casserolerie est pos\u00e9e et vous permet de choisir la puissance sans devoir s\u00e9lectionner la zone de cuisson.\t\t\t\t\t<\/li>\n<li class=\"product-features__item-list__item\" role=\"listitem\"><span class=\"is--medium\">Programmes pr\u00e9-d\u00e9finis :<\/span> Fonction d\u00e9marrage rapide\t\t\t\t\t<\/li>\n<li class=\"product-features__item-list__item\" role=\"listitem\"><span class=\"is--medium\">Table connect\u00e9e Wifi :<\/span> non\t\t\t\t\t<\/li>\n<li class=\"product-features__item-list__item\" role=\"listitem\"><span class=\"is--medium\">Application d\u00e9di\u00e9e :<\/span> Sans application\t\t\t\t\t<\/li>\n<li class=\"product-features__item-list__item\" role=\"listitem\"><span class=\"is--medium\">Sonde de cuisson :<\/span> non\t\t\t\t\t<\/li>\n<li class=\"product-features__item-list__item\" role=\"listitem\"><span class=\"is--medium\">Recettes automatiques int\u00e9gr\u00e9es \u00e0 l&rsquo;\u00e9cran de contr\u00f4le :<\/span> non\t\t\t\t\t<\/li>\n<\/ul>\n<\/li>\n<li class=\"product-features__item\" role=\"listitem\">\n<h3 class=\"product-features__label\">Design<\/h3>\n<ul role=\"list\">\n<li class=\"product-features__item-list__item\" role=\"listitem\"><span class=\"is--medium\">Coloris :<\/span> Noir\t\t\t\t\t<\/li>\n<li class=\"product-features__item-list__item\" role=\"listitem\"><span class=\"is--medium\">Mati\u00e8re des grilles :<\/span> non concern\u00e9\t\t\t\t\t<\/li>\n<li class=\"product-features__item-list__item\" role=\"listitem\"><span class=\"is--medium\">Couleur de l&rsquo;affichage :<\/span> rouge\t\t\t\t\t<\/li>\n<\/ul>\n<\/li>\n<li class=\"product-features__item\" role=\"listitem\">\n<h3 class=\"product-features__label\">Dimensions<\/h3>\n<ul role=\"list\">\n<li class=\"product-features__item-list__item\" role=\"listitem\"><span class=\"is--medium\">LxHxP (encastrement) :<\/span> 56 x 5.4 x 49 cm\t\t\t\t\t<\/li>\n<li class=\"product-features__item-list__item\" role=\"listitem\"><span class=\"is--medium\">Dimensions l x h x p :<\/span> 59 x 5.8 x 52 cm\t\t\t\t\t<\/li>\n<li class=\"product-features__item-list__item\" role=\"listitem\"><span class=\"is--medium\">Longueur du cordon d&rsquo;alimentation :<\/span> 1,40 cm\t\t\t\t\t<\/li>\n<li class=\"product-features__item-list__item\" role=\"listitem\"><span class=\"is--medium\">Poids net :<\/span> 8,10 Kg\t\t\t\t\t<\/li>\n<\/ul>\n<\/li>\n<li class=\"product-features__item\" role=\"listitem\">\n<h3 class=\"product-features__label\">Informations compl\u00e9mentaires<\/h3>\n<ul role=\"list\">\n<li class=\"product-features__item-list__item\" role=\"listitem\"><span class=\"is--medium\">Fabriqu\u00e9 en :<\/span> Chine\t\t\t\t\t<\/li>\n<li class=\"product-features__item-list__item\" role=\"listitem\"><span class=\"is--medium\">Disponibilit\u00e9 des pi\u00e8ces d\u00e9tach\u00e9es (donn\u00e9es fournisseur) :<\/span> Non communiqu\u00e9e\t\t\t\t\t<\/li>\n<\/ul>\n<\/li>\n<\/ul>\n<\/div>\n<div class=\"product__disclosure-content\">\n<div class=\"js-read-more product-description__content read-more read-more--truncated\" data-read-more-name=\"description\" style=\"max-height: 500px; overflow: hidden;\">\n<p><strong>Sp\u00e9cifications<\/strong><\/p>\n<p><\/p>\n<p>Type : Plaque de cuisson Induction encastrable<\/p>\n<p><\/p>\n<p>Nombre de foyer(s) : 3 foyers<\/p>\n<p><\/p>\n<p>Booster : Oui<\/p>\n<p><\/p>\n<p>Mat\u00e9riau de la surface : Vitroc\u00e9ramique<\/p>\n<p><\/p>\n<p>Encastrement : Encastrement standard<\/p>\n<p><\/p>\n<p>Largeur de la table : 59 cm<\/p>\n<p><\/p>\n<p>Dimension du grand foyer : 28 cm<\/p>\n<p><\/p>\n<p>Puissance totale : 6200 W<\/p>\n<p><\/p>\n<p>Puissance maximum du foyer principal : 3000 W<\/p>\n<p><\/p>\n<p>Tension \/ fr\u00e9quence : 220-240V \/ 50Hz<\/p>\n<p><\/p>\n<p>Courant nominal : 32A<\/p>\n<p><\/p>\n<p>Longueur du cordon d&rsquo;alimentation : 1.2 m<\/p>\n<p><\/p>\n<p>Ustensiles de cuisine s&rsquo;adapte :\u00a0po\u00eales en fond m\u00e9gantique, par ex, en Acier, fonte, fonte \u00e9maill\u00e9e, acier inoxydable (exclu 304 acier inox)<\/p>\n<p><\/p>\n<p>\u00a0<\/p>\n<p><\/p>\n<p><strong><strong>Commandes<\/strong><\/strong><\/p>\n<p><\/p>\n<p>Type de commandes : Sensitives<\/p>\n<p><\/p>\n<p>Emplacement des commandes : Frontales<\/p>\n<p><\/p>\n<p>Niveau de puissance: 9<\/p>\n<p><\/p>\n<p>Minuteur sur chaque zone: 0 &#8211; 99 minutes<\/p>\n<p><\/p>\n<p>\u00a0<\/p>\n<p><\/p>\n<p><strong><strong>D\u00e9tails de foyers<\/strong><\/strong><\/p>\n<p><\/p>\n<p><strong>\u00a01.<\/strong>\u00a0<strong><strong>Foyer avant gauche<\/strong><\/strong><\/p>\n<p><\/p>\n<p>Puissance : 2000 W\u00a0&#8211; Booster 2400W<\/p>\n<p><\/p>\n<p>Dimension du foyer : 18\u00a0cm<\/p>\n<p><\/p>\n<p>S\u2019adapte aux casseroles de diam\u00e8tre : 12 &#8211; 26 cm<\/p>\n<p><\/p>\n<p>\u00a0<\/p>\n<p><\/p>\n<p><strong><strong>2. Foyer arri\u00e8re gauche<\/strong><\/strong><\/p>\n<p><\/p>\n<p>Puissance\u00a0: 1600 W\u00a0&#8211; Booster 2000 W<\/p>\n<p><\/p>\n<p>Dimension du foyer : 16.5 cm<\/p>\n<p><\/p>\n<p>S\u2019adapte aux casseroles de diam\u00e8tre : 12 &#8211; 20\u00a0cm<\/p>\n<p><\/p>\n<p>\u00a0<\/p>\n<p><\/p>\n<p><strong><strong>3. Foyer droit<\/strong><\/strong><\/p>\n<p><\/p>\n<p>Puissance : 2600 W &#8211; Booster 3000 W<\/p>\n<p><\/p>\n<p>Dimension du foyer : 28 cm<\/p>\n<p><\/p>\n<p>S\u2019adapte aux casseroles de diam\u00e8tre : 15 &#8211; 36 cm<\/p>\n<p><\/p>\n<p>\u00a0<\/p>\n<p><\/p>\n<p><strong>Dimensions et Poids<\/strong><\/p>\n<p><\/p>\n<p>LxHxP : 59 x 5.8 x 52 cm<\/p>\n<p><\/p>\n<p>Dimension d&rsquo;encastrement (L x P) : 56 cm x 49 cm<\/p>\n<p><\/p>\n<p>Poids net : 8.1\u00a0Kg<\/p>\n<\/p>\n<p>CIARRA <strong>CD3BBIH <\/strong>6200W Plaque Induction 3 foyers, <strong>booster int\u00e9gr\u00e9<\/strong>\u00a0sur chaque zone, plus puissante et efficace que les mod\u00e8les traditionnels.\u00a0<\/p>\n<p><\/p>\n<p>Les <strong><strong>\u00e9l\u00e9ments de chauffage en Induction<\/strong><\/strong>\u00a0et <strong><strong>surface en vitroc\u00e9ramique<\/strong><\/strong>, permettant les casseroles contactent directement dans la zone de cuisson,\u00a0rendant une \u00e9fficacit\u00e9 d\u2019\u00e9nergie max jusqu\u2019\u00e0 90%, r\u00e9duisent les pertes de chaleurs pendant la cuisson.<\/p>\n<p><\/p>\n<p><strong><strong>Grande facilit\u00e9 d<\/strong><\/strong><strong><strong>\u2019<\/strong><\/strong><strong><strong>utilisation<\/strong><\/strong>\u00a0&#8211;\u00a0S\u2019adaptent\u00a0aux diff\u00e9rentes tailles de ustensiles de cuisine\u00a0(Le diam\u00e8tre de casserole applicable max est de 36cm), qui vous permettent de pr\u00e9parer plusieurs plats en m\u00eame temps, un vrai atout pour la famille.<\/p>\n<p><\/p>\n<p><strong><strong>S\u00e9curit\u00e9s en <\/strong><\/strong><strong><strong>7<\/strong><\/strong><strong><strong>\u00a0Niveaux:\u00a0<\/strong><\/strong>T\u00e9moins de mise sous tension, T\u00e9moins de chaleur r\u00e9siduelle, S\u00e9curit\u00e9 enfants, Auto-Stop, D\u00e9tection des r\u00e9cipients, Syst\u00e8me Anti-d\u00e9bordement, Minuteur<\/p>\n<\/p>\n<\/div>\n<p><bl-button a11yexpanded=\"false\" arialabel=\"Afficher toute la description\" class=\"read-more__btn\" full=\"false\" link=\"true\">Voir plus<\/bl-button><\/div>","protected":false},"excerpt":{"rendered":"<div class=\"keypoints\">\n<h3 class=\"keypoints__title\">Les points cl\u00e9s<\/h3>\n<ul role=\"list\">\n<li class=\"keypoints__item\" role=\"listitem\">                                        Encastrement standard : L 56 cm                      <\/li>\n<li class=\"keypoints__item\" role=\"listitem\">                                        Nombre de foyers : 3                      <\/li>\n<li class=\"keypoints__item\" role=\"listitem\">                                        Type de commandes : tactiles individuelles                      <\/li>\n<\/ul>","protected":false},"featured_media":22744,"template":"","meta":{"_glsr_average":0,"_glsr_ranking":0,"_glsr_reviews":0},"product_cat":[217],"product_tag":[131,218,219],"class_list":{"0":"post-37962","1":"product","2":"type-product","3":"status-publish","4":"has-post-thumbnail","6":"product_cat-plaque-induction","7":"product_tag-gros-electromenager","8":"product_tag-plaque-de-cuisson","9":"product_tag-plaque-induction","11":"first","12":"instock","13":"sale","14":"shipping-taxable","15":"purchasable","16":"product-type-simple"},"_links":{"self":[{"href":"https:\/\/electromenagerexpress.com\/en\/wp-json\/wp\/v2\/product\/37962","targetHints":{"allow":["GET"]}}],"collection":[{"href":"https:\/\/electromenagerexpress.com\/en\/wp-json\/wp\/v2\/product"}],"about":[{"href":"https:\/\/electromenagerexpress.com\/en\/wp-json\/wp\/v2\/types\/product"}],"wp:featuredmedia":[{"embeddable":true,"href":"https:\/\/electromenagerexpress.com\/en\/wp-json\/wp\/v2\/media\/22744"}],"wp:attachment":[{"href":"https:\/\/electromenagerexpress.com\/en\/wp-json\/wp\/v2\/media?parent=37962"}],"wp:term":[{"taxonomy":"product_cat","embeddable":true,"href":"https:\/\/electromenagerexpress.com\/en\/wp-json\/wp\/v2\/product_cat?post=37962"},{"taxonomy":"product_tag","embeddable":true,"href":"https:\/\/electromenagerexpress.com\/en\/wp-json\/wp\/v2\/product_tag?post=37962"}],"curies":[{"name":"wp","href":"https:\/\/api.w.org\/{rel}","templated":true}]}}