{"id":37961,"date":"2024-11-21T13:41:25","date_gmt":"2024-11-21T13:41:25","guid":{"rendered":"https:\/\/electromenagerexpress.com\/product\/domino-vitroceramiqueklarsteindelicatessa-slim-3500w-blanc\/"},"modified":"2024-11-21T13:41:27","modified_gmt":"2024-11-21T13:41:27","slug":"domino-vitroceramiqueklarsteindelicatessa-slim-3500w-blanc","status":"publish","type":"product","link":"https:\/\/electromenagerexpress.com\/en\/product\/domino-vitroceramiqueklarsteindelicatessa-slim-3500w-blanc\/","title":{"rendered":"Domino vitroc\u00e9ramique\t\t\t\t\t\t\tKLARSTEIN\t\t\t\tDelicatessa Slim 3500W &#8211; Blanc"},"content":{"rendered":"<div class=\"product-features__content\">\n<ul role=\"list\">\n<li class=\"product-features__item\" role=\"listitem\">\n<h3 class=\"product-features__label\">Cuisson<\/h3>\n<ul role=\"list\">\n<li class=\"product-features__item-list__item\" role=\"listitem\"><span class=\"is--medium\">Type de table :<\/span> vitroc\u00e9ramique, entretien tr\u00e8s facile gr\u00e2ce au rev\u00eatement en verre tremp\u00e9.\t\t\t\t\t<\/li>\n<li class=\"product-features__item-list__item\" role=\"listitem\"><span class=\"is--medium\">Puissance totale :<\/span> 3.500 W\t\t\t\t\t<\/li>\n<li class=\"product-features__item-list__item\" role=\"listitem\"><span class=\"is--medium\">Amp\u00e9rage requis pour l&rsquo;installation :<\/span> 14 A\t\t\t\t\t<\/li>\n<li class=\"product-features__item-list__item\" role=\"listitem\"><span class=\"is--medium\">Nombre de foyers :<\/span> 2\t\t\t\t\t<\/li>\n<li class=\"product-features__item-list__item\" role=\"listitem\"><span class=\"is--medium\">Foyer modulable :<\/span> zone flexible, permet d&rsquo;avoir une homog\u00e9n\u00e9it\u00e9 de la chaleur sur toute la zone et s&rsquo;adapte automatiquement \u00e0 la taille de votre casserolerie.\t\t\t\t\t<\/li>\n<li class=\"product-features__item-list__item\" role=\"listitem\"><span class=\"is--medium\">S\u00e9curit\u00e9s :<\/span> arr\u00eat automatique, anti surchauffe, verrouillage du clavier, t\u00e9moin de chaleur r\u00e9siduelle, t\u00e9moin de mise sous tension\t\t\t\t\t<\/li>\n<\/ul>\n<\/li>\n<li class=\"product-features__item\" role=\"listitem\">\n<h3 class=\"product-features__label\">Commandes<\/h3>\n<ul role=\"list\">\n<li class=\"product-features__item-list__item\" role=\"listitem\"><span class=\"is--medium\">Type de commandes :<\/span> tactiles centralis\u00e9es, permet d&rsquo;avoir un point de commande au milieu, pour choisir le foyer \u00e0 activer et d\u00e9terminer la puissance\t\t\t\t\t<\/li>\n<li class=\"product-features__item-list__item\" role=\"listitem\"><span class=\"is--medium\">Emplacement des commandes :<\/span> frontal\t\t\t\t\t<\/li>\n<li class=\"product-features__item-list__item\" role=\"listitem\"><span class=\"is--medium\">Nombre de boosters :<\/span> 2\t\t\t\t\t<\/li>\n<li class=\"product-features__item-list__item\" role=\"listitem\"><span class=\"is--medium\">Le saviez-vous ? :<\/span> le booster permet un acc\u00e8s direct \u00e0 la puissance maximale. Id\u00e9al pour porter \u00e0 \u00e9bullition ou saisir les viandes\t\t\t\t\t<\/li>\n<li class=\"product-features__item-list__item\" role=\"listitem\"><span class=\"is--medium\">Nombre de minuteurs :<\/span> 1\t\t\t\t\t<\/li>\n<li class=\"product-features__item-list__item\" role=\"listitem\"><span class=\"is--medium\">Le saviez-vous ? :<\/span> le minuteur arr\u00eate le foyer concern\u00e9 une fois le temps \u00e9coul\u00e9\t\t\t\t\t<\/li>\n<\/ul>\n<\/li>\n<li class=\"product-features__item\" role=\"listitem\">\n<h3 class=\"product-features__label\">Confort d&rsquo;utilisation<\/h3>\n<ul role=\"list\">\n<li class=\"product-features__item-list__item\" role=\"listitem\"><span class=\"is--medium\">Table connect\u00e9e Wifi :<\/span> non\t\t\t\t\t<\/li>\n<li class=\"product-features__item-list__item\" role=\"listitem\"><span class=\"is--medium\">Application d\u00e9di\u00e9e :<\/span> Sans application\t\t\t\t\t<\/li>\n<li class=\"product-features__item-list__item\" role=\"listitem\"><span class=\"is--medium\">Sonde de cuisson :<\/span> non\t\t\t\t\t<\/li>\n<\/ul>\n<\/li>\n<li class=\"product-features__item\" role=\"listitem\">\n<h3 class=\"product-features__label\">Design<\/h3>\n<ul role=\"list\">\n<li class=\"product-features__item-list__item\" role=\"listitem\"><span class=\"is--medium\">Coloris :<\/span> Noir\t\t\t\t\t<\/li>\n<li class=\"product-features__item-list__item\" role=\"listitem\"><span class=\"is--medium\">Mati\u00e8re des grilles :<\/span> non concern\u00e9\t\t\t\t\t<\/li>\n<li class=\"product-features__item-list__item\" role=\"listitem\"><span class=\"is--medium\">Couleur de l&rsquo;affichage :<\/span> rouge\t\t\t\t\t<\/li>\n<li class=\"product-features__item-list__item\" role=\"listitem\"><span class=\"is--medium\">Existe aussi en :<\/span> blanc\t\t\t\t\t<\/li>\n<\/ul>\n<\/li>\n<li class=\"product-features__item\" role=\"listitem\">\n<h3 class=\"product-features__label\">Dimensions<\/h3>\n<ul role=\"list\">\n<li class=\"product-features__item-list__item\" role=\"listitem\"><span class=\"is--medium\">Dimensions l x h x p :<\/span> 29 x 5.5 x 52 cm\t\t\t\t\t<\/li>\n<li class=\"product-features__item-list__item\" role=\"listitem\"><span class=\"is--medium\">Longueur du cordon d&rsquo;alimentation :<\/span> 1,00 m\t\t\t\t\t<\/li>\n<li class=\"product-features__item-list__item\" role=\"listitem\"><span class=\"is--medium\">Poids net :<\/span> 4,60 Kg\t\t\t\t\t<\/li>\n<\/ul>\n<\/li>\n<li class=\"product-features__item\" role=\"listitem\">\n<h3 class=\"product-features__label\">Informations compl\u00e9mentaires<\/h3>\n<ul role=\"list\">\n<li class=\"product-features__item-list__item\" role=\"listitem\"><span class=\"is--medium\">Fabriqu\u00e9 en :<\/span> Chine\t\t\t\t\t<\/li>\n<li class=\"product-features__item-list__item\" role=\"listitem\"><span class=\"is--medium\">Disponibilit\u00e9 des pi\u00e8ces d\u00e9tach\u00e9es (donn\u00e9es fournisseur) :<\/span> Non communiqu\u00e9e\t\t\t\t\t<\/li>\n<\/ul>\n<\/li>\n<\/ul>\n<\/div>\n<div class=\"product__disclosure-content\">\n<div class=\"js-read-more product-description__content read-more read-more--truncated\" data-read-more-name=\"description\" style=\"max-height: 500px; overflow: hidden;\">\n<p>Une cuisson simplement plus flexible : la <b>table \u00e0 induction Klarstein<\/b> Delicatessa<br \/>Slim permet une utilisation optimale de l&rsquo;espace avec une consommation d&rsquo;\u00e9nergie<br \/>minimale pendant de la cuisson. Elle allie innovation technique et apparence luxueuse<br \/>et donne un nouvel \u00e9clat \u00e0 votre cuisine avec sa surface en vitroc\u00e9ramique.<\/p>\n<p>La <b>table de cuisson int\u00e9gr\u00e9e<\/b> offre deux zones de cuisson pour votre plaisir avec une<br \/>puissance totale maximale de 3500 watts r\u00e9partie sur les zones de cuisson<br \/>individuelles avec 1 x 2000 et 1 x 1500 watts qui portent \u00e0 \u00e9bullition le contenu des<br \/>casseroles et po\u00eales aux heures de pointe. Les deux zones de cuisson se combinent en<br \/>une zone flexible gr\u00e2ce \u00e0 VarioHeating.<\/p>\n<p>La puissance des deux zones individuelles se r\u00e8gle s\u00e9par\u00e9ment et chacune a une<br \/>fonction ThermoBoost qui augmente la puissance pour un chauffage rapide jusqu&rsquo;\u00e0 2300<br \/>watts suppl\u00e9mentaires. La <b>table de cuisson<\/b><b>vitroc\u00e9ramique <\/b>Delicatessa Slim est facile<br \/>\u00e0 utiliser avec son panneau de commande tactile \u00e0 capteur avec affichage num\u00e9rique.<br \/>Ni les boutons ni les commandes ne brisent la ligne de votre cuisine int\u00e9gr\u00e9e. En<br \/>plus de la puissance, vous pouvez programmer une minuterie d&rsquo;arr\u00eat jusqu&rsquo;\u00e0 99 minutes<br \/>pour chaque zone de cuisson.<\/p>\n<p>Pour que tout se passe bien lors de la cuisson, la <b>table \u00e0 induction <\/b>dispose d&rsquo;un<br \/>large \u00e9ventail de protections : la protection contre la surchauffe avec arr\u00eat<br \/>automatique s&rsquo;active en cas de surchauffe d&rsquo;une plaque de cuisson. Un t\u00e9moin de<br \/>chaleur r\u00e9siduelle selon le principe EcoThermal Control vous indique lorsque les<br \/>zones de cuisson \u00e9teintes sont encore chaudes. Il permet aussi de cuisiner avec la<br \/>chaleur r\u00e9siduelle pour \u00e9conomiser de l&rsquo;\u00e9nergie. La fonction ThermalRecall m\u00e9morise<br \/>la temp\u00e9rature r\u00e9gl\u00e9e et sert lorsque le processus de cuisson est bri\u00e8vement<br \/>interrompu et repris plus tard. Le verrouillage parental peut \u00e9galement \u00eatre activ\u00e9<br \/>pour \u00e9viter toute modification accidentelle des r\u00e9glages de cuisson.<\/p>\n<p>La <b>table \u00e0 induction Klarstein<\/b> Delicatessa Slim impressionne visuellement avec sa<br \/>surface facile d&rsquo;entretien et \u00e9l\u00e9gante en vitroc\u00e9ramique : la table de cuisson<br \/>s&rsquo;int\u00e8gre facilement dans n&rsquo;importe quelle cuisine int\u00e9gr\u00e9e &#8211; classique ou moderne.<\/p>\n<p><b>Top Features:<\/b><\/p>\n<p>\u2022 <b>A point :<\/b> puissance r\u00e9glable par curseur de temp\u00e9rature et minuterie d&rsquo;arr\u00eat<br \/>programmable jusqu&rsquo;\u00e0 99 minutes<b>Zone de cuisson flexible :<\/b> VarioHeating permet de<br \/>combiner les zones de cuisson pour les utiliser ensemble<b>Une chaleur puissante :<\/b> deux<br \/>zones de cuisson avec jusqu&rsquo;\u00e0 1500\/2000 watts et un total de 3500 watts<b>Utilisation<br \/>claire :<\/b> surface vitroc\u00e9ramique avec panneau de commande tactile \u00e0 capteur et<br \/>marquage des zones de cuisson<b>Cuisson \u00e0 \u00e9conomie d&rsquo;\u00e9nergie :<\/b> EcoThermal Control avec<br \/>affichage de la chaleur r\u00e9siduelle \u00e0 utiliser pour \u00e9conomise de l&rsquo;\u00e9nergie et assurer<br \/>la s\u00e9curit\u00e9<b>Plus de puissance :<\/b> chaque zone de cuisson a la fonction ThermoBoost et<br \/>une puissance de 1800 et 2300 watts<\/p>\n<p><b>Caract\u00e9ristiques:<\/b><\/p>\n<p>\u2022 Panneau de commande tactile \u00e0 capteur<br \/>\u2022 Minuterie jusqu&rsquo;\u00e0 99 minutes<br \/>\u2022 Verrouillage des touches<br \/>\u2022 Verrouillage parental<br \/>\u2022 Fonctions Boost, BBQ et r\u00e9chauffage<br \/>\u2022 Puissance : 3500 watts<br \/>\u2022 Mat\u00e9riel de montage fourni<br \/>\u2022 Alimentation : 220-240 V~ | 50\/60 Hz<\/p>\n<p><b>Inclus dans la livraison:<\/b><\/p>\n<p>\u2022 1 x table de cuisson \u00e0 induction1 x mat\u00e9riel de montageMode d&#8217;emploi en fran\u00e7ais<\/p>\n<p><b>Dimensions:<\/b><\/p>\n<p>\u2022 Dimensions totales : env. 29 x 5,5 x 52 cm (LxHxP)<br \/>\u2022 Dimensions d&rsquo;encastrement : env. 26,8 x 5 x 50 cm (LxHxP)<br \/>\u2022 Longueur du c\u00e2ble : env. 100 cm<br \/>\u2022 Poids : env. 4,6 kg<\/p>\n<\/div>\n<p><bl-button a11yexpanded=\"false\" arialabel=\"Afficher toute la description\" class=\"read-more__btn\" full=\"false\" link=\"true\">Voir plus<\/bl-button><\/div>","protected":false},"excerpt":{"rendered":"<div class=\"keypoints\">\n<h3 class=\"keypoints__title\">Les points cl\u00e9s<\/h3>\n<ul role=\"list\">\n<li class=\"keypoints__item\" role=\"listitem\">                          Nombre de foyers : 2 &#8211;                                                      Zone modulable : zone flexible                      <\/li>\n<li class=\"keypoints__item\" role=\"listitem\">                                        Type de commandes : tactiles centralis\u00e9es                      <\/li>\n<\/ul>","protected":false},"featured_media":22734,"template":"","meta":{"_glsr_average":0,"_glsr_ranking":0,"_glsr_reviews":0},"product_cat":[220],"product_tag":[131,218,221],"class_list":{"0":"post-37961","1":"product","2":"type-product","3":"status-publish","4":"has-post-thumbnail","6":"product_cat-plaque-vitroceramique","7":"product_tag-gros-electromenager","8":"product_tag-plaque-de-cuisson","9":"product_tag-plaque-vitroceramique","11":"first","12":"instock","13":"sale","14":"shipping-taxable","15":"purchasable","16":"product-type-simple"},"_links":{"self":[{"href":"https:\/\/electromenagerexpress.com\/en\/wp-json\/wp\/v2\/product\/37961","targetHints":{"allow":["GET"]}}],"collection":[{"href":"https:\/\/electromenagerexpress.com\/en\/wp-json\/wp\/v2\/product"}],"about":[{"href":"https:\/\/electromenagerexpress.com\/en\/wp-json\/wp\/v2\/types\/product"}],"wp:featuredmedia":[{"embeddable":true,"href":"https:\/\/electromenagerexpress.com\/en\/wp-json\/wp\/v2\/media\/22734"}],"wp:attachment":[{"href":"https:\/\/electromenagerexpress.com\/en\/wp-json\/wp\/v2\/media?parent=37961"}],"wp:term":[{"taxonomy":"product_cat","embeddable":true,"href":"https:\/\/electromenagerexpress.com\/en\/wp-json\/wp\/v2\/product_cat?post=37961"},{"taxonomy":"product_tag","embeddable":true,"href":"https:\/\/electromenagerexpress.com\/en\/wp-json\/wp\/v2\/product_tag?post=37961"}],"curies":[{"name":"wp","href":"https:\/\/api.w.org\/{rel}","templated":true}]}}