{"id":37944,"date":"2024-11-21T13:40:40","date_gmt":"2024-11-21T13:40:40","guid":{"rendered":"https:\/\/electromenagerexpress.com\/product\/table-induction-aspiranteboschpvq890h26e-serie-6-perfectfry-plus-sensor\/"},"modified":"2026-04-07T11:23:02","modified_gmt":"2026-04-07T11:23:02","slug":"table-induction-aspiranteboschpvq890h26e-serie-6-perfectfry-plus-sensor","status":"publish","type":"product","link":"https:\/\/electromenagerexpress.com\/en\/product\/table-induction-aspiranteboschpvq890h26e-serie-6-perfectfry-plus-sensor\/","title":{"rendered":"Table induction aspirante\tBOSCH\tPVQ890H26E s\u00e9rie 6 PerfectFry Plus Sensor"},"content":{"rendered":"<div class=\"product-features__content\">\n<ul role=\"list\">\n<li class=\"product-features__item\" role=\"listitem\">\n<h3 class=\"product-features__label\">Cuisson<\/h3>\n<ul role=\"list\">\n<li class=\"product-features__item-list__item\" role=\"listitem\"><span class=\"is--medium\">Type de table :<\/span> induction avec hotte int\u00e9gr\u00e9e, solution pratique et esth\u00e9tique pour combiner la table de cuisson et la hotte. Elle n\u00e9cessite un encastrement sp\u00e9cifique (voir infos dimensions).<\/li>\n<li class=\"product-features__item-list__item\" role=\"listitem\"><span class=\"is--medium\">Puissance totale :<\/span> 7.400 W<\/li>\n<li class=\"product-features__item-list__item\" role=\"listitem\"><span class=\"is--medium\">Amp\u00e9rage requis pour l&rsquo;installation :<\/span> 32 A<\/li>\n<li class=\"product-features__item-list__item\" role=\"listitem\"><span class=\"is--medium\">Nombre de foyers :<\/span> 4<\/li>\n<li class=\"product-features__item-list__item\" role=\"listitem\"><span class=\"is--medium\">Dimension foyer arri\u00e8re gauche :<\/span> 21,0 cm<\/li>\n<li class=\"product-features__item-list__item\" role=\"listitem\"><span class=\"is--medium\">Dimension foyer avant gauche :<\/span> 21,0 cm<\/li>\n<li class=\"product-features__item-list__item\" role=\"listitem\"><span class=\"is--medium\">Dimension foyer arri\u00e8re droit :<\/span> 21,0 cm<\/li>\n<li class=\"product-features__item-list__item\" role=\"listitem\"><span class=\"is--medium\">Dimension foyer avant droit :<\/span> 21,0 cm<\/li>\n<li class=\"product-features__item-list__item\" role=\"listitem\"><span class=\"is--medium\">Foyer modulable :<\/span> zone flexible, permet d&rsquo;avoir une homog\u00e9n\u00e9it\u00e9 de la chaleur sur toute la zone et s&rsquo;adapte automatiquement \u00e0 la taille de votre casserolerie.<\/li>\n<li class=\"product-features__item-list__item\" role=\"listitem\"><span class=\"is--medium\">S\u00e9curit\u00e9s :<\/span> arr\u00eat automatique, coupure en cas de d\u00e9bordement, anti surchauffe, verrouillage du clavier, t\u00e9moin de chaleur r\u00e9siduelle, d\u00e9tection d&rsquo;absence de r\u00e9cipient, d\u00e9tection de petits objets, t\u00e9moin de mise sous tension<\/li>\n<\/ul>\n<\/li>\n<li class=\"product-features__item\" role=\"listitem\">\n<h3 class=\"product-features__label\">Commandes<\/h3>\n<ul role=\"list\">\n<li class=\"product-features__item-list__item\" role=\"listitem\"><span class=\"is--medium\">Type de commandes :<\/span> tactiles centralis\u00e9es, permet d&rsquo;avoir un point de commande au milieu, pour choisir le foyer \u00e0 activer et d\u00e9terminer la puissance<\/li>\n<li class=\"product-features__item-list__item\" role=\"listitem\"><span class=\"is--medium\">Emplacement des commandes :<\/span> frontal<\/li>\n<li class=\"product-features__item-list__item\" role=\"listitem\"><span class=\"is--medium\">Nombre de niveau de puissance :<\/span> 17<\/li>\n<li class=\"product-features__item-list__item\" role=\"listitem\"><span class=\"is--medium\">Le saviez-vous ? :<\/span> plus le nombre de niveau de puissance est \u00e9lev\u00e9, plus il sera possible de ma\u00eetriser la cuisson de vos aliments.<\/li>\n<li class=\"product-features__item-list__item\" role=\"listitem\"><span class=\"is--medium\">Nombre de boosters :<\/span> 4<\/li>\n<li class=\"product-features__item-list__item\" role=\"listitem\"><span class=\"is--medium\">Le saviez-vous ? :<\/span> le booster permet un acc\u00e8s direct \u00e0 la puissance maximale. Id\u00e9al pour porter \u00e0 \u00e9bullition ou saisir les viandes<\/li>\n<li class=\"product-features__item-list__item\" role=\"listitem\"><span class=\"is--medium\">Nombre de minuteurs :<\/span> 4<\/li>\n<li class=\"product-features__item-list__item\" role=\"listitem\"><span class=\"is--medium\">Le saviez-vous ? :<\/span> le minuteur arr\u00eate le foyer concern\u00e9 une fois le temps \u00e9coul\u00e9<\/li>\n<\/ul>\n<\/li>\n<li class=\"product-features__item\" role=\"listitem\">\n<h3 class=\"product-features__label\">Confort d&rsquo;utilisation<\/h3>\n<ul role=\"list\">\n<li class=\"product-features__item-list__item\" role=\"listitem\"><span class=\"is--medium\">Fonction red\u00e9marrage :<\/span> vous avez \u00e9teint votre table involontairement? Cette fonction vous permet de r\u00e9tablir tous les r\u00e9glages pr\u00e9c\u00e9dents en mettant la table de cuisson en marche dans les secondes qui suivent l&rsquo;extinction.<\/li>\n<li class=\"product-features__item-list__item\" role=\"listitem\"><span class=\"is--medium\">Fonction contr\u00f4le automatique de la temp\u00e9rature au sein de la po\u00eale :<\/span> oui<\/li>\n<li class=\"product-features__item-list__item\" role=\"listitem\"><span class=\"is--medium\">Zone de temp\u00e9rature modulable :<\/span> permet de changer la puissance de chauffe automatiquement en faisant glisser votre casserolerie sur la zone flexible de votre table de cuisson.<\/li>\n<li class=\"product-features__item-list__item\" role=\"listitem\"><span class=\"is--medium\">D\u00e9marrage rapide :<\/span> votre plaque d\u00e9tecte automatiquement l&rsquo;endroit o\u00f9 la casserolerie est pos\u00e9e et vous permet de choisir la puissance sans devoir s\u00e9lectionner la zone de cuisson.<\/li>\n<li class=\"product-features__item-list__item\" role=\"listitem\"><span class=\"is--medium\">Programmes pr\u00e9-d\u00e9finis :<\/span> Acc\u00e8s direct bouillir, Acc\u00e8s direct maintenir au chaud, Acc\u00e8s direct \u00e9bullition rapide, Acc\u00e8s direct saisir, Acc\u00e8s direct cuire \u00e0 basse temp\u00e9rature, Fonction red\u00e9marrage :, Fonction de zone de temp\u00e9rature modulable :, Fonction d\u00e9marrage rapide<\/li>\n<li class=\"product-features__item-list__item\" role=\"listitem\"><span class=\"is--medium\">Table connect\u00e9e Wifi :<\/span> oui<\/li>\n<li class=\"product-features__item-list__item\" role=\"listitem\"><span class=\"is--medium\">Application d\u00e9di\u00e9e :<\/span> Home connect<\/li>\n<li class=\"product-features__item-list__item\" role=\"listitem\"><span class=\"is--medium\">Sonde de cuisson :<\/span> sans fil, permet de surveiller la temp\u00e9rature au coeur des aliments et met fin au programme une fois la temp\u00e9rature atteinte.Vous avez la certitude de r\u00e9ussir vos cuissons m\u00eame d\u00e9licates.<\/li>\n<li class=\"product-features__item-list__item\" role=\"listitem\"><span class=\"is--medium\">Recettes automatiques int\u00e9gr\u00e9es \u00e0 l&rsquo;\u00e9cran de contr\u00f4le :<\/span> non<\/li>\n<li class=\"product-features__item-list__item\" role=\"listitem\"><span class=\"is--medium\">Capteur de compatibilit\u00e9 de la casserolerie :<\/span> oui, permet d&rsquo;indiquer le niveau de compatibilit\u00e9 de la cassolerie. Privil\u00e9giez un mat\u00e9riel de bonne qualit\u00e9<\/li>\n<\/ul>\n<\/li>\n<li class=\"product-features__item\" role=\"listitem\">\n<h3 class=\"product-features__label\">Design<\/h3>\n<ul role=\"list\">\n<li class=\"product-features__item-list__item\" role=\"listitem\"><span class=\"is--medium\">Coloris :<\/span> Verre noir<\/li>\n<li class=\"product-features__item-list__item\" role=\"listitem\"><span class=\"is--medium\">Mati\u00e8re des grilles :<\/span> non concern\u00e9<\/li>\n<li class=\"product-features__item-list__item\" role=\"listitem\"><span class=\"is--medium\">Finition :<\/span> table biseaut\u00e9e<\/li>\n<li class=\"product-features__item-list__item\" role=\"listitem\"><span class=\"is--medium\">Couleur de l&rsquo;affichage :<\/span> rouge<\/li>\n<\/ul>\n<\/li>\n<li class=\"product-features__item\" role=\"listitem\">\n<h3 class=\"product-features__label\">Hotte int\u00e9gr\u00e9e<\/h3>\n<ul role=\"list\">\n<li class=\"product-features__item-list__item\" role=\"listitem\"><span class=\"is--medium\">Type d&rsquo;\u00e9vacuation :<\/span> \u00e9vacuation et recyclage<\/li>\n<li class=\"product-features__item-list__item\" role=\"listitem\"><span class=\"is--medium\">Moteur \u00e0 induction :<\/span> la combinaison parfaite entre puissance, silence, fiabilit\u00e9 et faible consommation \u00e9nerg\u00e9tique.<\/li>\n<li class=\"product-features__item-list__item\" role=\"listitem\"><span class=\"is--medium\">D\u00e9bit d&rsquo;air max :<\/span> 622 m\u00b3\/h<\/li>\n<li class=\"product-features__item-list__item\" role=\"listitem\"><span class=\"is--medium\">Niveau sonore max :<\/span> 72 db<\/li>\n<li class=\"product-features__item-list__item\" role=\"listitem\"><span class=\"is--medium\">Nombre de vitesses d&rsquo;aspiration :<\/span> 11<\/li>\n<li class=\"product-features__item-list__item\" role=\"listitem\"><span class=\"is--medium\">Filtre \u00e0 graisse :<\/span> oui, inclus<\/li>\n<li class=\"product-features__item-list__item\" role=\"listitem\"><span class=\"is--medium\">Filtre \u00e0 charbon :<\/span> oui, inclus<\/li>\n<li class=\"product-features__item-list__item\" role=\"listitem\"><span class=\"is--medium\">Mise en marche automatique :<\/span> oui, la hotte se g\u00e8re automatiquement \u00e0 l&rsquo;allumage de la table, en s&rsquo;adaptant \u00e0 la puissance de cuisson.<\/li>\n<li class=\"product-features__item-list__item\" role=\"listitem\"><span class=\"is--medium\">Arr\u00eat automatique :<\/span> Oui<\/li>\n<\/ul>\n<\/li>\n<li class=\"product-features__item\" role=\"listitem\">\n<h3 class=\"product-features__label\">Installation de la hotte<\/h3>\n<ul role=\"list\">\n<li class=\"product-features__item-list__item\" role=\"listitem\"><span class=\"is--medium\">Kit de recyclage inclus :<\/span> Oui<\/li>\n<li class=\"product-features__item-list__item\" role=\"listitem\"><span class=\"is--medium\">Installation du kit recyclage sans gaine :<\/span> permet une installation optimis\u00e9e de votre table \u00e9vitant ainsi l&rsquo;utilisation de gaines et de coudes. L&rsquo;extraction de l&rsquo;air se fait directement dans le vide sanitaire de votre meuble.<\/li>\n<li class=\"product-features__item-list__item\" role=\"listitem\"><span class=\"is--medium\">Kit d&rsquo;\u00e9vacuation inclus :<\/span> Non<\/li>\n<li class=\"product-features__item-list__item\" role=\"listitem\"><span class=\"is--medium\">R\u00e9f\u00e9rence du filtre \u00e0 charbon \u00e0 renouveler :<\/span> HEZ9VRCR1<\/li>\n<\/ul>\n<\/li>\n<li class=\"product-features__item\" role=\"listitem\">\n<h3 class=\"product-features__label\">Dimensions<\/h3>\n<ul role=\"list\">\n<li class=\"product-features__item-list__item\" role=\"listitem\"><span class=\"is--medium\">LxHxP (encastrement) :<\/span> 75 x 22.3 x 49 cm<\/li>\n<li class=\"product-features__item-list__item\" role=\"listitem\"><span class=\"is--medium\">Dimensions l x h x p :<\/span> 81.6 x 22.3 x 52.7 cm<\/li>\n<li class=\"product-features__item-list__item\" role=\"listitem\"><span class=\"is--medium\">Longueur du cordon d&rsquo;alimentation :<\/span> 1,10 m<\/li>\n<li class=\"product-features__item-list__item\" role=\"listitem\"><span class=\"is--medium\">Poids net :<\/span> 23,60 Kg<\/li>\n<\/ul>\n<\/li>\n<li class=\"product-features__item\" role=\"listitem\">\n<h3 class=\"product-features__label\">Informations compl\u00e9mentaires<\/h3>\n<ul role=\"list\">\n<li class=\"product-features__item-list__item\" role=\"listitem\"><span class=\"is--medium\">Fabriqu\u00e9 en :<\/span> Espagne<\/li>\n<li class=\"product-features__item-list__item\" role=\"listitem\"><span class=\"is--medium\">Garantie :<\/span> 2 ans<\/li>\n<li class=\"product-features__item-list__item\" role=\"listitem\"><span class=\"is--medium\">Assembl\u00e9 en :<\/span> Europe<\/li>\n<li class=\"product-features__item-list__item\" role=\"listitem\"><span class=\"is--medium\">Disponibilit\u00e9 des pi\u00e8ces d\u00e9tach\u00e9es (donn\u00e9es fournisseur) :<\/span> Pendant 15 ans, \u00e0 compter de la date d&rsquo;achat<\/li>\n<\/ul>\n<\/li>\n<\/ul>\n<\/div>\n<div class=\"product__disclosure-content\">\n<div class=\"js-read-more product-description__content read-more read-more--truncated\" style=\"max-height: 500px; overflow: hidden;\" data-read-more-name=\"description\">\n<div class=\"product__description-content read-more\">\n<p>Table induction aspirante BOSCH PVQ890H26E S\u00e9rie 6 : l&rsquo;alliance de l&rsquo;efficacit\u00e9 et du design<\/p>\n<h3><img fetchpriority=\"high\" decoding=\"async\" class=\"wy_tableau_gauche\" src=\"https:\/\/boulanger.scene7.com\/is\/image\/Boulanger\/4242005433629_h_f_l_0?wid=400&amp;hei=270\" alt=\"Table induction aspirante BOSCH PVQ890H26E s\u00e9rie 6 PerfectFry Plus Sensor\" width=\"400\" height=\"270\" \/>Conception innovante et confort d&rsquo;utilisation<\/h3>\n<p>La table induction aspirante BOSCH PVQ890H26E S\u00e9rie 6 r\u00e9volutionne l&rsquo;espace culinaire avec son design \u00e9l\u00e9gant et sa technologie de pointe. Dot\u00e9e d&rsquo;un rev\u00eatement Glass Protect, cette table de cuisson de 80 cm garantit une r\u00e9sistance accrue aux rayures, assurant ainsi une durabilit\u00e9 et une esth\u00e9tique pr\u00e9serv\u00e9es dans le temps. La fonctionnalit\u00e9 DirectSelect offre une s\u00e9lection intuitive de la zone de<\/p>\n<\/div>\n<\/div>\n<p>&nbsp;<\/p>\n<div class=\"js-read-more product-description__content read-more read-more--truncated\" style=\"max-height: 500px; overflow: hidden;\" data-read-more-name=\"description\">\n<div class=\"product__description-content read-more\">\n<p>&nbsp;<\/p>\n<p>cuisson, de la puissance et des options suppl\u00e9mentaires, simplifiant l&rsquo;exp\u00e9rience utilisateur. La CombiZone, quant \u00e0 elle, permet d&rsquo;adapter l&rsquo;espace de cuisson aux besoins sp\u00e9cifiques, en combinant deux zones pour accueillir de grands ustensiles. L&rsquo;int\u00e9gration d&rsquo;une hotte aspirante directement dans la table de cuisson assure une \u00e9limination efficace de la vapeur et des odeurs \u00e0 la source, tandis que la fonction AutoOn active automatiquement la hotte d\u00e8s que n\u00e9cessaire, pour un confort optimal sans intervention manuelle.<\/p>\n<h3><img decoding=\"async\" class=\"wy_tableau_right\" src=\"https:\/\/boulanger.scene7.com\/is\/image\/Boulanger\/4242005433629_h_f_l_1?wid=400&amp;hei=270\" alt=\"Table induction aspirante BOSCH PVQ890H26E s\u00e9rie 6 PerfectFry Plus Sensor\" width=\"400\" height=\"270\" \/>Performance et connectivit\u00e9 au service de la cuisine<\/h3>\n<p>La BOSCH PVQ890H26E excelle en mati\u00e8re de performance avec son syst\u00e8me Power Boost sur toutes les zones de cuisson, permettant une mont\u00e9e en temp\u00e9rature rapide et efficace. Le PerfectFry Plus Sensor ajuste automatiquement la temp\u00e9rature pour une cuisson ma\u00eetris\u00e9e, tandis que la connectivit\u00e9 Home Connect offre la possibilit\u00e9 de maintenir l&rsquo;appareil \u00e0 jour et d&rsquo;acc\u00e9der \u00e0 des fonctionnalit\u00e9s avanc\u00e9es via l&rsquo;application. L&rsquo;aspiration int\u00e9gr\u00e9e se distingue par sa puissance, capable d&rsquo;atteindre un d\u00e9bit d&rsquo;aspiration maximal de 500 m\u00b3\/h en \u00e9vacuation et 595 m\u00b3\/h en mode turbo en recyclage. Le niveau sonore reste contenu \u00e0 69 dB(A) re 1 pW, assurant une utilisation agr\u00e9able. Enfin, la table est \u00e9quip\u00e9e d&rsquo;accessoires pratiques tels que le Connecteur t\u00e9lescopique mode recyclage et le Filtre \u00e0 charbon Clean Air Plus, renfor\u00e7ant son efficacit\u00e9 et sa facilit\u00e9 d&rsquo;installation dans diverses configurations de cuisine.<\/p>\n<\/div>\n<\/div>\n<p>&nbsp;<\/p>\n<\/div>","protected":false},"excerpt":{"rendered":"<div class=\"keypoints\">\n<h3 class=\"keypoints__title\">Les points cl\u00e9s<\/h3>\n<ul role=\"list\">\n<li class=\"keypoints__item\" role=\"listitem\">Encastrement XL : L 75 cm<\/li>\n<li class=\"keypoints__item\" role=\"listitem\">Nombre de foyers : 4 &#8211; Zone modulable : zone flexible<\/li>\n<li class=\"keypoints__item\" role=\"listitem\">Type de commandes : tactiles centralis\u00e9es<\/li>\n<li class=\"keypoints__item\" role=\"listitem\">Sp\u00e9cificit\u00e9s : Table connect\u00e9e, Sonde de cuisson<\/li>\n<li class=\"keypoints__item keypoints__item--advantage\" role=\"listitem\"><strong>Le + :<\/strong> PerfectFry Plus Sensor : maitrisez la cuisson gr\u00e2ce \u00e0 la r\u00e9gulation automatique de la temp\u00e9rature.<\/li>\n<\/ul>\n<\/div>","protected":false},"featured_media":22585,"template":"","meta":{"_glsr_average":0,"_glsr_ranking":0,"_glsr_reviews":0},"product_cat":[217],"product_tag":[131,218,219],"class_list":{"0":"post-37944","1":"product","2":"type-product","3":"status-publish","4":"has-post-thumbnail","6":"product_cat-plaque-induction","7":"product_tag-gros-electromenager","8":"product_tag-plaque-de-cuisson","9":"product_tag-plaque-induction","11":"first","12":"instock","13":"sale","14":"shipping-taxable","15":"purchasable","16":"product-type-simple"},"_links":{"self":[{"href":"https:\/\/electromenagerexpress.com\/en\/wp-json\/wp\/v2\/product\/37944","targetHints":{"allow":["GET"]}}],"collection":[{"href":"https:\/\/electromenagerexpress.com\/en\/wp-json\/wp\/v2\/product"}],"about":[{"href":"https:\/\/electromenagerexpress.com\/en\/wp-json\/wp\/v2\/types\/product"}],"wp:featuredmedia":[{"embeddable":true,"href":"https:\/\/electromenagerexpress.com\/en\/wp-json\/wp\/v2\/media\/22585"}],"wp:attachment":[{"href":"https:\/\/electromenagerexpress.com\/en\/wp-json\/wp\/v2\/media?parent=37944"}],"wp:term":[{"taxonomy":"product_cat","embeddable":true,"href":"https:\/\/electromenagerexpress.com\/en\/wp-json\/wp\/v2\/product_cat?post=37944"},{"taxonomy":"product_tag","embeddable":true,"href":"https:\/\/electromenagerexpress.com\/en\/wp-json\/wp\/v2\/product_tag?post=37944"}],"curies":[{"name":"wp","href":"https:\/\/api.w.org\/{rel}","templated":true}]}}