{"id":37910,"date":"2024-11-21T13:39:26","date_gmt":"2024-11-21T13:39:26","guid":{"rendered":"https:\/\/electromenagerexpress.com\/product\/table-inductionsmegsim6864r\/"},"modified":"2024-11-21T13:39:27","modified_gmt":"2024-11-21T13:39:27","slug":"table-inductionsmegsim6864r","status":"publish","type":"product","link":"https:\/\/electromenagerexpress.com\/en\/product\/table-inductionsmegsim6864r\/","title":{"rendered":"Table induction\t\t\t\t\t\t\tSMEG\t\t\t\tSIM6864R"},"content":{"rendered":"<div class=\"product-features__content\">\n<ul role=\"list\">\n<li class=\"product-features__item\" role=\"listitem\">\n<h3 class=\"product-features__label\">Cuisson<\/h3>\n<ul role=\"list\">\n<li class=\"product-features__item-list__item\" role=\"listitem\"><span class=\"is--medium\">Type de table :<\/span> induction, mont\u00e9e tr\u00e8s rapide en temp\u00e9rature, gestion pr\u00e9cise de la cuisson et grande facilit\u00e9 d&rsquo;entretien. C&rsquo;est le meilleur compromis consommation d&rsquo;\u00e9nergie \/ s\u00e9curit\u00e9 \/ entretien.\t\t\t\t\t<\/li>\n<li class=\"product-features__item-list__item\" role=\"listitem\"><span class=\"is--medium\">Puissance totale :<\/span> 7.400 W\t\t\t\t\t<\/li>\n<li class=\"product-features__item-list__item\" role=\"listitem\"><span class=\"is--medium\">Amp\u00e9rage requis pour l&rsquo;installation :<\/span> 33 A\t\t\t\t\t<\/li>\n<li class=\"product-features__item-list__item\" role=\"listitem\"><span class=\"is--medium\">Nombre de foyers :<\/span> 6\t\t\t\t\t<\/li>\n<li class=\"product-features__item-list__item\" role=\"listitem\"><span class=\"is--medium\">Foyer modulable :<\/span> zone flexible, permet d&rsquo;avoir une homog\u00e9n\u00e9it\u00e9 de la chaleur sur toute la zone et s&rsquo;adapte automatiquement \u00e0 la taille de votre casserolerie.\t\t\t\t\t<\/li>\n<li class=\"product-features__item-list__item\" role=\"listitem\"><span class=\"is--medium\">S\u00e9curit\u00e9s :<\/span> arr\u00eat automatique, coupure en cas de d\u00e9bordement, anti surchauffe, verrouillage du clavier, t\u00e9moin de chaleur r\u00e9siduelle, d\u00e9tection d&rsquo;absence de r\u00e9cipient, d\u00e9tection de petits objets\t\t\t\t\t<\/li>\n<\/ul>\n<\/li>\n<li class=\"product-features__item\" role=\"listitem\">\n<h3 class=\"product-features__label\">Commandes<\/h3>\n<ul role=\"list\">\n<li class=\"product-features__item-list__item\" role=\"listitem\"><span class=\"is--medium\">Type de commandes :<\/span> slider, touche coulissante sur laquelle on peut r\u00e9gler facilement le niveau de puissance\t\t\t\t\t<\/li>\n<li class=\"product-features__item-list__item\" role=\"listitem\"><span class=\"is--medium\">Emplacement des commandes :<\/span> frontal\t\t\t\t\t<\/li>\n<li class=\"product-features__item-list__item\" role=\"listitem\"><span class=\"is--medium\">Nombre de niveau de puissance :<\/span> 9\t\t\t\t\t<\/li>\n<li class=\"product-features__item-list__item\" role=\"listitem\"><span class=\"is--medium\">Le saviez-vous ? :<\/span> plus le nombre de niveau de puissance est \u00e9lev\u00e9, plus il sera possible de ma\u00eetriser la cuisson de vos aliments.\t\t\t\t\t<\/li>\n<li class=\"product-features__item-list__item\" role=\"listitem\"><span class=\"is--medium\">Nombre de boosters :<\/span> 6\t\t\t\t\t<\/li>\n<li class=\"product-features__item-list__item\" role=\"listitem\"><span class=\"is--medium\">Le saviez-vous ? :<\/span> le booster permet un acc\u00e8s direct \u00e0 la puissance maximale. Id\u00e9al pour porter \u00e0 \u00e9bullition ou saisir les viandes\t\t\t\t\t<\/li>\n<li class=\"product-features__item-list__item\" role=\"listitem\"><span class=\"is--medium\">Nombre de minuteurs :<\/span> 1\t\t\t\t\t<\/li>\n<li class=\"product-features__item-list__item\" role=\"listitem\"><span class=\"is--medium\">Le saviez-vous ? :<\/span> le minuteur arr\u00eate le foyer concern\u00e9 une fois le temps \u00e9coul\u00e9\t\t\t\t\t<\/li>\n<\/ul>\n<\/li>\n<li class=\"product-features__item\" role=\"listitem\">\n<h3 class=\"product-features__label\">Confort d&rsquo;utilisation<\/h3>\n<ul role=\"list\">\n<li class=\"product-features__item-list__item\" role=\"listitem\"><span class=\"is--medium\">Fonction \u00ab\u00a0pause\u00a0\u00bb m\u00e9morisation de programmes :<\/span> oui, permet de mettre en pause la cuisson puis relancer en conservant les r\u00e9glages\t\t\t\t\t<\/li>\n<li class=\"product-features__item-list__item\" role=\"listitem\"><span class=\"is--medium\">Fonction red\u00e9marrage :<\/span> vous avez \u00e9teint votre table involontairement? Cette fonction vous permet de r\u00e9tablir tous les r\u00e9glages pr\u00e9c\u00e9dents en mettant la table de cuisson en marche dans les secondes qui suivent l&rsquo;extinction.\t\t\t\t\t<\/li>\n<li class=\"product-features__item-list__item\" role=\"listitem\"><span class=\"is--medium\">Zone de temp\u00e9rature modulable :<\/span> permet de changer la puissance de chauffe automatiquement en faisant glisser votre casserolerie sur la zone flexible de votre table de cuisson.\t\t\t\t\t<\/li>\n<li class=\"product-features__item-list__item\" role=\"listitem\"><span class=\"is--medium\">D\u00e9marrage rapide :<\/span> votre plaque d\u00e9tecte automatiquement l&rsquo;endroit o\u00f9 la casserolerie est pos\u00e9e et vous permet de choisir la puissance sans devoir s\u00e9lectionner la zone de cuisson.\t\t\t\t\t<\/li>\n<li class=\"product-features__item-list__item\" role=\"listitem\"><span class=\"is--medium\">Programmes pr\u00e9-d\u00e9finis :<\/span> Acc\u00e8s direct maintenir au chaud, Fonction red\u00e9marrage :, Fonction de zone de temp\u00e9rature modulable :, Fonction d\u00e9marrage rapide\t\t\t\t\t<\/li>\n<li class=\"product-features__item-list__item\" role=\"listitem\"><span class=\"is--medium\">Le saviez-vous ? :<\/span> Ces fonctions de cuisson sont directement accessibles sur le bandeau de commande. Facilit\u00e9 et gain de temps.\t\t\t\t\t<\/li>\n<li class=\"product-features__item-list__item\" role=\"listitem\"><span class=\"is--medium\">Interconnexion table\/hotte :<\/span> Oui. Une fois la table de cuisson active, l&rsquo;\u00e9clairage de la hotte compatible s&rsquo;enclenche et r\u00e8gle la puissance d&rsquo;aspiration en automatique.\t\t\t\t\t<\/li>\n<li class=\"product-features__item-list__item\" role=\"listitem\"><span class=\"is--medium\">Table connect\u00e9e Wifi :<\/span> non\t\t\t\t\t<\/li>\n<li class=\"product-features__item-list__item\" role=\"listitem\"><span class=\"is--medium\">Application d\u00e9di\u00e9e :<\/span> Sans application\t\t\t\t\t<\/li>\n<li class=\"product-features__item-list__item\" role=\"listitem\"><span class=\"is--medium\">Sonde de cuisson :<\/span> non\t\t\t\t\t<\/li>\n<li class=\"product-features__item-list__item\" role=\"listitem\"><span class=\"is--medium\">Recettes automatiques int\u00e9gr\u00e9es \u00e0 l&rsquo;\u00e9cran de contr\u00f4le :<\/span> non\t\t\t\t\t<\/li>\n<li class=\"product-features__item-list__item\" role=\"listitem\"><span class=\"is--medium\">Capteur de compatibilit\u00e9 de la casserolerie :<\/span> oui, permet d&rsquo;indiquer le niveau de compatibilit\u00e9 de la cassolerie. Privil\u00e9giez un mat\u00e9riel de bonne qualit\u00e9\t\t\t\t\t<\/li>\n<\/ul>\n<\/li>\n<li class=\"product-features__item\" role=\"listitem\">\n<h3 class=\"product-features__label\">Design<\/h3>\n<ul role=\"list\">\n<li class=\"product-features__item-list__item\" role=\"listitem\"><span class=\"is--medium\">Coloris :<\/span> Noir\t\t\t\t\t<\/li>\n<li class=\"product-features__item-list__item\" role=\"listitem\"><span class=\"is--medium\">Mati\u00e8re des grilles :<\/span> non concern\u00e9\t\t\t\t\t<\/li>\n<li class=\"product-features__item-list__item\" role=\"listitem\"><span class=\"is--medium\">Couleur de l&rsquo;affichage :<\/span> blanc\t\t\t\t\t<\/li>\n<\/ul>\n<\/li>\n<li class=\"product-features__item\" role=\"listitem\">\n<h3 class=\"product-features__label\">Hotte int\u00e9gr\u00e9e<\/h3>\n<ul role=\"list\">\n<li class=\"product-features__item-list__item\" role=\"listitem\"><span class=\"is--medium\">Filtre \u00e0 graisse :<\/span> non\t\t\t\t\t<\/li>\n<li class=\"product-features__item-list__item\" role=\"listitem\"><span class=\"is--medium\">Filtre \u00e0 charbon :<\/span> non\t\t\t\t\t<\/li>\n<li class=\"product-features__item-list__item\" role=\"listitem\"><span class=\"is--medium\">Arr\u00eat automatique :<\/span> Oui\t\t\t\t\t<\/li>\n<\/ul>\n<\/li>\n<li class=\"product-features__item\" role=\"listitem\">\n<h3 class=\"product-features__label\">Installation de la hotte<\/h3>\n<ul role=\"list\">\n<li class=\"product-features__item-list__item\" role=\"listitem\"><span class=\"is--medium\">Kit de recyclage inclus :<\/span> Non\t\t\t\t\t<\/li>\n<li class=\"product-features__item-list__item\" role=\"listitem\"><span class=\"is--medium\">R\u00e9f\u00e9rence du kit de recyclage en option :<\/span> Non\t\t\t\t\t<\/li>\n<li class=\"product-features__item-list__item\" role=\"listitem\"><span class=\"is--medium\">Kit d&rsquo;\u00e9vacuation inclus :<\/span> Non\t\t\t\t\t<\/li>\n<li class=\"product-features__item-list__item\" role=\"listitem\"><span class=\"is--medium\">R\u00e9f\u00e9rence du kit d&rsquo;\u00e9vacuation en option :<\/span> Non\t\t\t\t\t<\/li>\n<li class=\"product-features__item-list__item\" role=\"listitem\"><span class=\"is--medium\">R\u00e9f\u00e9rence du filtre \u00e0 charbon \u00e0 renouveler :<\/span> Non\t\t\t\t\t<\/li>\n<\/ul>\n<\/li>\n<li class=\"product-features__item\" role=\"listitem\">\n<h3 class=\"product-features__label\">Dimensions<\/h3>\n<ul role=\"list\">\n<li class=\"product-features__item-list__item\" role=\"listitem\"><span class=\"is--medium\">LxHxP (encastrement) :<\/span> 75 x 49 x 51 cm\t\t\t\t\t<\/li>\n<li class=\"product-features__item-list__item\" role=\"listitem\"><span class=\"is--medium\">Dimensions l x h x p :<\/span> 80 x 5.3 x 51 cm\t\t\t\t\t<\/li>\n<li class=\"product-features__item-list__item\" role=\"listitem\"><span class=\"is--medium\">Longueur du cordon d&rsquo;alimentation :<\/span> 1,20 m\t\t\t\t\t<\/li>\n<li class=\"product-features__item-list__item\" role=\"listitem\"><span class=\"is--medium\">Poids net :<\/span> 17,00 Kg\t\t\t\t\t<\/li>\n<\/ul>\n<\/li>\n<li class=\"product-features__item\" role=\"listitem\">\n<h3 class=\"product-features__label\">Informations compl\u00e9mentaires<\/h3>\n<ul role=\"list\">\n<li class=\"product-features__item-list__item\" role=\"listitem\"><span class=\"is--medium\">Fabriqu\u00e9 en :<\/span> Italie\t\t\t\t\t<\/li>\n<li class=\"product-features__item-list__item\" role=\"listitem\"><span class=\"is--medium\">Garantie :<\/span> 2 ans\t\t\t\t\t<\/li>\n<li class=\"product-features__item-list__item\" role=\"listitem\"><span class=\"is--medium\">Assembl\u00e9 en :<\/span> Europe\t\t\t\t\t<\/li>\n<li class=\"product-features__item-list__item\" role=\"listitem\"><span class=\"is--medium\">Disponibilit\u00e9 des pi\u00e8ces d\u00e9tach\u00e9es (donn\u00e9es fournisseur) :<\/span> Pendant 10 ans, \u00e0 compter de la date d&rsquo;achat\t\t\t\t\t<\/li>\n<\/ul>\n<\/li>\n<\/ul>\n<\/div>\n<div class=\"product__disclosure-content\">\n<div class=\"js-read-more product-description__content read-more read-more--truncated\" data-read-more-name=\"description\" style=\"max-height: 500px; overflow: hidden;\">\n<div class=\"product__description-content read-more\" style=\"\">\n<p>Table induction SMEG SIM6864R : l&rsquo;alliance de la performance et du style<\/p>\n<h3> <img fetchpriority=\"high\" decoding=\"async\" ,=\"\" alt=\"Table induction SMEG SIM6864R\" class=\"wy_tableau_gauche\" height=\"270\" src=\"https:\/\/boulanger.scene7.com\/is\/image\/Boulanger\/8017709309725_h_f_l_0?wid=400&amp;hei=270\" width=\"400\"\/>Design raffin\u00e9 et technologie avanc\u00e9e                    <\/h3>\n<p>                        La table de cuisson SMEG SIM6864R, issue de la prestigieuse gamme Dolce Stil Novo, se distingue par son esth\u00e9tique soign\u00e9e et ses performances de pointe. Avec sa finition en verre c\u00e9ramique Eclipse noir et ses d\u00e9tails en cuivre, elle apporte une touche d&rsquo;\u00e9l\u00e9gance \u00e0 toute cuisine. Le bord droit de la vitre et la couleur grise de la s\u00e9rigraphie renforcent son allure moderne. Les commandes Multi Slider frontales, dot\u00e9es de LED blancs, offrent une utilisation intuitive et pr\u00e9cise, permettant de r\u00e9gler les 9 niveaux de puissance avec une simple glissi\u00e8re du doigt. La table de cuisson \u00e9lectrique \u00e0 induction de 80 cm de large est con\u00e7ue pour s&rsquo;int\u00e9grer harmonieusement dans les espaces de cuisine traditionnels, tout en offrant une exp\u00e9rience culinaire exceptionnelle.                    <\/p>\n<\/p>\n<h3> <img decoding=\"async\" ,=\"\" alt=\"Table induction SMEG SIM6864R\" class=\"wy_tableau_right\" height=\"270\" src=\"https:\/\/boulanger.scene7.com\/is\/image\/Boulanger\/8017709309725_h_f_l_1?wid=400&amp;hei=270\" width=\"400\"\/>Fonctionnalit\u00e9s innovantes pour une cuisson ma\u00eetris\u00e9e                    <\/h3>\n<p>                        Dot\u00e9e de 6 foyers \u00e0 induction, dont 3 zones flexibles Multizone, la table SMEG SIM6864R s&rsquo;adapte \u00e0 toutes les tailles de r\u00e9cipients et optimise la r\u00e9partition de la chaleur. Chaque foyer offre la fonction booster, avec un double booster atteignant 3 kW, pour une mont\u00e9e en temp\u00e9rature rapide. La s\u00e9curit\u00e9 est assur\u00e9e par des fonctions telles que l&rsquo;arr\u00eat automatique, le verrouillage des commandes et l&rsquo;indicateur de chaleur r\u00e9siduelle. La programmation de la dur\u00e9e de cuisson est facilit\u00e9e par la minuterie fin de cuisson et l&rsquo;option Quick Start acc\u00e9l\u00e8re le d\u00e9marrage. L&rsquo;adaptation automatique au diam\u00e8tre des casseroles et la d\u00e9tection de r\u00e9cipients garantissent une utilisation efficace de l&rsquo;\u00e9nergie, tandis que l&rsquo;auto-ventilation et l&rsquo;anti-surchauffe prot\u00e8gent l&rsquo;appareil. Avec une puissance nominale de 7400 W, la table de cuisson SMEG SIM6864R est un atout pour les amateurs de cuisine recherchant performance et fiabilit\u00e9.                    <\/p>\n<\/p><\/div>\n<\/p>\n<\/div>\n<p><bl-button a11yexpanded=\"false\" arialabel=\"Afficher toute la description\" class=\"read-more__btn\" full=\"false\" link=\"true\">Voir plus<\/bl-button><\/div>","protected":false},"excerpt":{"rendered":"<div class=\"keypoints\">\n<h3 class=\"keypoints__title\">Les points cl\u00e9s<\/h3>\n<ul role=\"list\">\n<li class=\"keypoints__item\" role=\"listitem\">                                        Encastrement XL : L 75 cm                      <\/li>\n<li class=\"keypoints__item\" role=\"listitem\">                          Nombre de foyers : 6 &#8211;                                                      Zone modulable : zone flexible                      <\/li>\n<li class=\"keypoints__item\" role=\"listitem\">                                        Type de commandes : slider                      <\/li>\n<li class=\"keypoints__item\" role=\"listitem\">                                        Sp\u00e9cificit\u00e9s : Fonction \u00ab\u00a0pause\u00a0\u00bb m\u00e9morisation de programmes, Acc\u00e8s direct, Interconnexion table\/hotte                      <\/li>\n<\/ul>","protected":false},"featured_media":22397,"template":"","meta":{"_glsr_average":0,"_glsr_ranking":0,"_glsr_reviews":0},"product_cat":[217],"product_tag":[131,218,219],"class_list":{"0":"post-37910","1":"product","2":"type-product","3":"status-publish","4":"has-post-thumbnail","6":"product_cat-plaque-induction","7":"product_tag-gros-electromenager","8":"product_tag-plaque-de-cuisson","9":"product_tag-plaque-induction","11":"first","12":"instock","13":"sale","14":"shipping-taxable","15":"purchasable","16":"product-type-simple"},"_links":{"self":[{"href":"https:\/\/electromenagerexpress.com\/en\/wp-json\/wp\/v2\/product\/37910","targetHints":{"allow":["GET"]}}],"collection":[{"href":"https:\/\/electromenagerexpress.com\/en\/wp-json\/wp\/v2\/product"}],"about":[{"href":"https:\/\/electromenagerexpress.com\/en\/wp-json\/wp\/v2\/types\/product"}],"wp:featuredmedia":[{"embeddable":true,"href":"https:\/\/electromenagerexpress.com\/en\/wp-json\/wp\/v2\/media\/22397"}],"wp:attachment":[{"href":"https:\/\/electromenagerexpress.com\/en\/wp-json\/wp\/v2\/media?parent=37910"}],"wp:term":[{"taxonomy":"product_cat","embeddable":true,"href":"https:\/\/electromenagerexpress.com\/en\/wp-json\/wp\/v2\/product_cat?post=37910"},{"taxonomy":"product_tag","embeddable":true,"href":"https:\/\/electromenagerexpress.com\/en\/wp-json\/wp\/v2\/product_tag?post=37910"}],"curies":[{"name":"wp","href":"https:\/\/api.w.org\/{rel}","templated":true}]}}