{"id":37901,"date":"2024-11-21T13:39:08","date_gmt":"2024-11-21T13:39:08","guid":{"rendered":"https:\/\/electromenagerexpress.com\/product\/table-electriquemielecs-1312-bg\/"},"modified":"2024-11-21T13:39:09","modified_gmt":"2024-11-21T13:39:09","slug":"table-electriquemielecs-1312-bg","status":"publish","type":"product","link":"https:\/\/electromenagerexpress.com\/en\/product\/table-electriquemielecs-1312-bg\/","title":{"rendered":"Table \u00e9lectrique\t\t\t\t\t\t\tMIELE\t\t\t\tCS 1312 BG"},"content":{"rendered":"<div class=\"product-features__content\">\n<ul role=\"list\">\n<li class=\"product-features__item\" role=\"listitem\">\n<h3 class=\"product-features__label\">Cuisson<\/h3>\n<ul role=\"list\">\n<li class=\"product-features__item-list__item\" role=\"listitem\"><span class=\"is--medium\">Type de table :<\/span> \u00e9lectrique, mont\u00e9e lente en temp\u00e9rature, simple d&rsquo;utilisation.\t\t\t\t\t<\/li>\n<li class=\"product-features__item-list__item\" role=\"listitem\"><span class=\"is--medium\">Puissance totale :<\/span> 1.500 W\t\t\t\t\t<\/li>\n<li class=\"product-features__item-list__item\" role=\"listitem\"><span class=\"is--medium\">Amp\u00e9rage requis pour l&rsquo;installation :<\/span> 32 A\t\t\t\t\t<\/li>\n<li class=\"product-features__item-list__item\" role=\"listitem\"><span class=\"is--medium\">Nombre de foyers :<\/span> 2\t\t\t\t\t<\/li>\n<li class=\"product-features__item-list__item\" role=\"listitem\"><span class=\"is--medium\">S\u00e9curit\u00e9s :<\/span> t\u00e9moin de mise sous tension\t\t\t\t\t<\/li>\n<\/ul>\n<\/li>\n<li class=\"product-features__item\" role=\"listitem\">\n<h3 class=\"product-features__label\">Commandes<\/h3>\n<ul role=\"list\">\n<li class=\"product-features__item-list__item\" role=\"listitem\"><span class=\"is--medium\">Type de commandes :<\/span> manettes\t\t\t\t\t<\/li>\n<li class=\"product-features__item-list__item\" role=\"listitem\"><span class=\"is--medium\">Emplacement des commandes :<\/span> frontal\t\t\t\t\t<\/li>\n<li class=\"product-features__item-list__item\" role=\"listitem\"><span class=\"is--medium\">Nombre de boosters :<\/span> 0\t\t\t\t\t<\/li>\n<li class=\"product-features__item-list__item\" role=\"listitem\"><span class=\"is--medium\">Nombre de minuteurs :<\/span> 0\t\t\t\t\t<\/li>\n<\/ul>\n<\/li>\n<li class=\"product-features__item\" role=\"listitem\">\n<h3 class=\"product-features__label\">Confort d&rsquo;utilisation<\/h3>\n<ul role=\"list\">\n<li class=\"product-features__item-list__item\" role=\"listitem\"><span class=\"is--medium\">Table connect\u00e9e Wifi :<\/span> non\t\t\t\t\t<\/li>\n<li class=\"product-features__item-list__item\" role=\"listitem\"><span class=\"is--medium\">Application d\u00e9di\u00e9e :<\/span> Sans application\t\t\t\t\t<\/li>\n<\/ul>\n<\/li>\n<li class=\"product-features__item\" role=\"listitem\">\n<h3 class=\"product-features__label\">Design<\/h3>\n<ul role=\"list\">\n<li class=\"product-features__item-list__item\" role=\"listitem\"><span class=\"is--medium\">Coloris :<\/span> Inox\t\t\t\t\t<\/li>\n<li class=\"product-features__item-list__item\" role=\"listitem\"><span class=\"is--medium\">Mati\u00e8re des grilles :<\/span> fonte\t\t\t\t\t<\/li>\n<\/ul>\n<\/li>\n<li class=\"product-features__item\" role=\"listitem\">\n<h3 class=\"product-features__label\">Dimensions<\/h3>\n<ul role=\"list\">\n<li class=\"product-features__item-list__item\" role=\"listitem\"><span class=\"is--medium\">Dimensions l x h x p :<\/span> 39 x 30 x 66 cm\t\t\t\t\t<\/li>\n<\/ul>\n<\/li>\n<li class=\"product-features__item\" role=\"listitem\">\n<h3 class=\"product-features__label\">Informations compl\u00e9mentaires<\/h3>\n<ul role=\"list\">\n<li class=\"product-features__item-list__item\" role=\"listitem\"><span class=\"is--medium\">Fabriqu\u00e9 en :<\/span> Autriche\t\t\t\t\t<\/li>\n<li class=\"product-features__item-list__item\" role=\"listitem\"><span class=\"is--medium\">Garantie :<\/span> 2 ans\t\t\t\t\t<\/li>\n<li class=\"product-features__item-list__item\" role=\"listitem\"><span class=\"is--medium\">Disponibilit\u00e9 des pi\u00e8ces d\u00e9tach\u00e9es (donn\u00e9es fournisseur) :<\/span> Pendant 15 ans\t\t\t\t\t<\/li>\n<\/ul>\n<\/li>\n<\/ul>\n<\/div>\n<div class=\"product__disclosure-content\">\n<div class=\"js-read-more product-description__content read-more read-more--truncated\" data-read-more-name=\"description\" style=\"max-height: 500px; overflow: hidden;\">\n<p>Red\u00e9couvrez le plaisir des grillades avec la grille de cuisson encastrable MIELE CS 1312 BG, un \u00e9l\u00e9ment que vous installerez sur le plan de travail de votre cuisine.<\/p>\n<h3><img fetchpriority=\"high\" decoding=\"async\" ,=\"\" alt=\"Elt Encast. MIELE CS 1312 BG\" class=\"wy_tableau_gauche\" height=\"270\" src=\"https:\/\/boulanger.scene7.com\/is\/image\/Boulanger\/4002514385723_h_f_l_0?wid=400&amp;hei=270\" width=\"400\"\/>Un barbecue directement en int\u00e9rieur<\/h3>\n<p>Si vous aimez pr\u00e9parer des grillades en toutes circonstances et en toute saison, la grille de cuisson encastrable MIELE CS 1312 BG est faite pour vous. Vous pourrez <b>l&rsquo;encastrer dans votre plan de travail<\/b> et l&rsquo;ajouter \u00e0 votre plaque de cuisson d\u00e9j\u00e0 en place, le top pour cuisiner des repas complets en une seule fois.<\/p>\n<p>Tous les types de pr\u00e9parations s&rsquo;ouvriront \u00e0 vous avec la grille de cuisson encastrable MIELE CS 1312 BG. \u00c0 la crois\u00e9e des chemins entre tradition et modernit\u00e9, cette grille est \u00e9quip\u00e9e de <b>pierres de lave int\u00e9gr\u00e9es<\/b>. Ces pierres fonctionnent comme dans un sauna et <b>conservent la chaleur pour une meilleure gestion de l&rsquo;\u00e9nergie<\/b>.<\/p>\n<h3><img decoding=\"async\" ,=\"\" alt=\"Elt Encast. MIELE CS 1312 BG\" class=\"wy_tableau_right\" height=\"270\" src=\"https:\/\/boulanger.scene7.com\/is\/image\/Boulanger\/4002514385723_h_f_l_1?wid=400&amp;hei=270\" width=\"400\"\/>Pratique et facile \u00e0 utiliser<\/h3>\n<p>Autre gros avantage de la grille de cuisson encastrable MIELE CS 1312 BG : elle s&rsquo;appuie sur un <b>format compact tr\u00e8s simple \u00e0 int\u00e9grer<\/b> \u00e0 votre cuisine. Elle viendra ainsi s&rsquo;ajouter \u00e0 votre panel d&rsquo;accessoires sans encombrer votre int\u00e9rieur. Elle affiche un <b>design professionnel<\/b> compos\u00e9 d&rsquo;une <b>plaque de cuisson en inox<\/b> parfaite pour conduire la chaleur.<\/p>\n<p>Avec ses <b>2 foyers<\/b>, la grille de cuisson encastrable MIELE CS 1312 BG vous permettra de cuisiner diff\u00e9rents types d&rsquo;aliments, notamment <b>des viandes ou des poissons<\/b>, en une seule fois. Vous b\u00e9n\u00e9ficierez enfin d&rsquo;une <b>gestion simplifi\u00e9e des temp\u00e9ratures gr\u00e2ce aux 2 manettes de commande<\/b> plac\u00e9es en fa\u00e7ade de l&rsquo;appareil.<\/p>\n<\/p>\n<p><a href=\"https:\/\/www.boulanger.com\/evenement\/livraison-domicile-gros-produits-service\" rel=\"noopener\" target=\"_blank\" title=\"Livraison \u00e0 domicile gros produits et service\"><img decoding=\"async\" height=\"160\" src=\"https:\/\/boulanger.scene7.com\/is\/image\/Boulanger\/Reprise ancien appareil?wid=1260\" width=\"1240\"\/><\/a><\/p>\n<\/div>\n<p><bl-button a11yexpanded=\"false\" arialabel=\"Afficher toute la description\" class=\"read-more__btn\" full=\"false\" link=\"true\"><\/bl-button><\/div>","protected":false},"excerpt":{"rendered":"<div class=\"keypoints\">\n<h3 class=\"keypoints__title\">Les points cl\u00e9s<\/h3>\n<ul role=\"list\">\n<li class=\"keypoints__item\" role=\"listitem\">                                        Nombre de foyers : 2                      <\/li>\n<li class=\"keypoints__item\" role=\"listitem\">                                        Type de commandes : manettes                      <\/li>\n<li class=\"keypoints__item keypoints__item--advantage\" role=\"listitem\"><strong>Le + :<\/strong> Son format compact pour les petits espaces      <\/li>\n<\/ul>","protected":false},"featured_media":22350,"template":"","meta":{"_glsr_average":0,"_glsr_ranking":0,"_glsr_reviews":0},"product_cat":[232],"product_tag":[131,218,233],"class_list":{"0":"post-37901","1":"product","2":"type-product","3":"status-publish","4":"has-post-thumbnail","6":"product_cat-plaque-electrique","7":"product_tag-gros-electromenager","8":"product_tag-plaque-de-cuisson","9":"product_tag-plaque-electrique","11":"first","12":"instock","13":"sale","14":"shipping-taxable","15":"purchasable","16":"product-type-simple"},"_links":{"self":[{"href":"https:\/\/electromenagerexpress.com\/en\/wp-json\/wp\/v2\/product\/37901","targetHints":{"allow":["GET"]}}],"collection":[{"href":"https:\/\/electromenagerexpress.com\/en\/wp-json\/wp\/v2\/product"}],"about":[{"href":"https:\/\/electromenagerexpress.com\/en\/wp-json\/wp\/v2\/types\/product"}],"wp:featuredmedia":[{"embeddable":true,"href":"https:\/\/electromenagerexpress.com\/en\/wp-json\/wp\/v2\/media\/22350"}],"wp:attachment":[{"href":"https:\/\/electromenagerexpress.com\/en\/wp-json\/wp\/v2\/media?parent=37901"}],"wp:term":[{"taxonomy":"product_cat","embeddable":true,"href":"https:\/\/electromenagerexpress.com\/en\/wp-json\/wp\/v2\/product_cat?post=37901"},{"taxonomy":"product_tag","embeddable":true,"href":"https:\/\/electromenagerexpress.com\/en\/wp-json\/wp\/v2\/product_tag?post=37901"}],"curies":[{"name":"wp","href":"https:\/\/api.w.org\/{rel}","templated":true}]}}