{"id":37838,"date":"2024-11-21T13:36:46","date_gmt":"2024-11-21T13:36:46","guid":{"rendered":"https:\/\/electromenagerexpress.com\/product\/friteuse-encastrable-smegpgf-30-f\/"},"modified":"2024-12-01T13:08:42","modified_gmt":"2024-12-01T13:08:42","slug":"friteuse-encastrable-smegpgf-30-f","status":"publish","type":"product","link":"https:\/\/electromenagerexpress.com\/en\/product\/friteuse-encastrable-smegpgf-30-f\/","title":{"rendered":"Friteuse encastrable  SMEG\tPGF 30 F"},"content":{"rendered":"<div class=\"product-features__content\">\n<h3 class=\"product-features__label\">\u00a0 \u00a0 \u00a0 \u00a0Cuisson<\/h3>\n<ul role=\"list\">\n<li style=\"list-style-type: none;\">\n<ul role=\"list\">\n<li class=\"product-features__item-list__item\" role=\"listitem\"><span class=\"is--medium\">Puissance totale :<\/span> 2.200 W<\/li>\n<li class=\"product-features__item-list__item\" role=\"listitem\"><span class=\"is--medium\">Amp\u00e9rage requis pour l&rsquo;installation :<\/span> 16 A<\/li>\n<li class=\"product-features__item-list__item\" role=\"listitem\"><span class=\"is--medium\">Nombre de foyers :<\/span> 1<\/li>\n<li class=\"product-features__item-list__item\" role=\"listitem\"><span class=\"is--medium\">S\u00e9curit\u00e9s :<\/span> arr\u00eat automatique, anti surchauffe, t\u00e9moin de chaleur r\u00e9siduelle<br \/>\n<h3 class=\"product-features__label\">Commandes<\/h3>\n<ul role=\"list\">\n<li class=\"product-features__item-list__item\" role=\"listitem\"><span class=\"is--medium\">Type de commandes :<\/span> manettes<\/li>\n<li class=\"product-features__item-list__item\" role=\"listitem\"><span class=\"is--medium\">Emplacement des commandes :<\/span> frontal<\/li>\n<li class=\"product-features__item-list__item\" role=\"listitem\"><span class=\"is--medium\">Nombre de boosters :<\/span> 0<\/li>\n<li class=\"product-features__item-list__item\" role=\"listitem\"><span class=\"is--medium\">Nombre de minuteurs :<\/span> 0<\/li>\n<\/ul>\n<\/li>\n<\/ul>\n<\/li>\n<li class=\"product-features__item\" role=\"listitem\">\n<h3 class=\"product-features__label\">Confort d&rsquo;utilisation<\/h3>\n<ul role=\"list\">\n<li class=\"product-features__item-list__item\" role=\"listitem\"><span class=\"is--medium\">Application d\u00e9di\u00e9e :<\/span> Sans application<\/li>\n<\/ul>\n<\/li>\n<li class=\"product-features__item\" role=\"listitem\">\n<h3 class=\"product-features__label\">Design<\/h3>\n<ul role=\"list\">\n<li class=\"product-features__item-list__item\" role=\"listitem\"><span class=\"is--medium\">Coloris :<\/span> Inox<\/li>\n<li class=\"product-features__item-list__item\" role=\"listitem\"><span class=\"is--medium\">Mati\u00e8re des grilles :<\/span> non concern\u00e9<\/li>\n<li class=\"product-features__item-list__item\" role=\"listitem\"><span class=\"is--medium\">Installation \u00e0 fleur du plan de travail :<\/span> oui, la table est positionn\u00e9e au m\u00eame niveau que le plan de travail . Esth\u00e9tique et Facilit\u00e9 d&rsquo;entretien<\/li>\n<li class=\"product-features__item-list__item\" role=\"listitem\"><span class=\"is--medium\">Couleur de l&rsquo;affichage :<\/span> non concern\u00e9<\/li>\n<\/ul>\n<\/li>\n<li class=\"product-features__item\" role=\"listitem\">\n<h3 class=\"product-features__label\">Hotte int\u00e9gr\u00e9e<\/h3>\n<ul role=\"list\">\n<li class=\"product-features__item-list__item\" role=\"listitem\"><span class=\"is--medium\">Arr\u00eat automatique :<\/span> Non<\/li>\n<\/ul>\n<\/li>\n<li class=\"product-features__item\" role=\"listitem\">\n<h3 class=\"product-features__label\">Installation de la hotte<\/h3>\n<ul role=\"list\">\n<li class=\"product-features__item-list__item\" role=\"listitem\"><span class=\"is--medium\">Kit de recyclage inclus :<\/span> Non<\/li>\n<li class=\"product-features__item-list__item\" role=\"listitem\"><span class=\"is--medium\">R\u00e9f\u00e9rence du kit de recyclage en option :<\/span> Non<\/li>\n<li class=\"product-features__item-list__item\" role=\"listitem\"><span class=\"is--medium\">Kit d&rsquo;\u00e9vacuation inclus :<\/span> Non<\/li>\n<li class=\"product-features__item-list__item\" role=\"listitem\"><span class=\"is--medium\">R\u00e9f\u00e9rence du kit d&rsquo;\u00e9vacuation en option :<\/span> Non<\/li>\n<li class=\"product-features__item-list__item\" role=\"listitem\"><span class=\"is--medium\">R\u00e9f\u00e9rence du filtre \u00e0 charbon \u00e0 renouveler :<\/span> Non<\/li>\n<\/ul>\n<\/li>\n<li class=\"product-features__item\" role=\"listitem\">\n<h3 class=\"product-features__label\">Dimensions<\/h3>\n<ul role=\"list\">\n<li class=\"product-features__item-list__item\" role=\"listitem\"><span class=\"is--medium\">LxHxP (encastrement) :<\/span> 31 x 28.3 x 51.2 cm<\/li>\n<li class=\"product-features__item-list__item\" role=\"listitem\"><span class=\"is--medium\">Dimensions l x h x p :<\/span> 31 x 20.8 x 51.2 cm<\/li>\n<li class=\"product-features__item-list__item\" role=\"listitem\"><span class=\"is--medium\">Longueur du cordon d&rsquo;alimentation :<\/span> 1,20 m<\/li>\n<li class=\"product-features__item-list__item\" role=\"listitem\"><span class=\"is--medium\">Poids net :<\/span> 4,90 Kg<\/li>\n<\/ul>\n<\/li>\n<li class=\"product-features__item\" role=\"listitem\">\n<h3 class=\"product-features__label\">Informations compl\u00e9mentaires<\/h3>\n<ul role=\"list\">\n<li class=\"product-features__item-list__item\" role=\"listitem\"><span class=\"is--medium\">Fabriqu\u00e9 en :<\/span> Belgique<\/li>\n<li class=\"product-features__item-list__item\" role=\"listitem\"><span class=\"is--medium\">Garantie :<\/span> 2 ans<\/li>\n<li class=\"product-features__item-list__item\" role=\"listitem\"><span class=\"is--medium\">Assembl\u00e9 en :<\/span> Europe<\/li>\n<li class=\"product-features__item-list__item\" role=\"listitem\"><span class=\"is--medium\">Disponibilit\u00e9 des pi\u00e8ces d\u00e9tach\u00e9es\u00a0 :<\/span> Pas de pi\u00e8ce disponible<\/li>\n<\/ul>\n<\/li>\n<\/ul>\n<\/div>\n<div class=\"product__disclosure-content\">\n<div class=\"js-read-more product-description__content read-more read-more--truncated\" style=\"max-height: 500px; overflow: hidden;\" data-read-more-name=\"description\">\n<p>De d\u00e9licieux aliments frits au quotidien, comme vous les aimez, c&rsquo;est la promesse de la friteuse PGF30F de Smeg.<\/p>\n<h3>Saine et polyvalente<\/h3>\n<p>R\u00e9alisez de d\u00e9licieux plats frits avec votre friteuse encastrable PGF30F. <b>Des pommes de terre aux l\u00e9gumes<\/b>, la friteuse encastrable PGF30F met \u00e0 votre disposition <b>toute la performance de Smeg pour concocter de d\u00e9licieuses recettes<\/b>. Gr\u00e2ce \u00e0 son thermostat r\u00e9glable, <b>choisissez la temp\u00e9rature de chauffe de l&rsquo;huile pour s&rsquo;adapter \u00e0 vos recettes<\/b>, revisitez vos classiques et r\u00e9galez votre entourage !<\/p>\n<p><b>D\u00e9guster de savoureuses frites et aliments frits en quelques instants<\/b>, c&rsquo;est possible avec la friteuse encastrable PGF30F de Smeg. <b>Avec un r\u00e9servoir confortable<\/b>, l&rsquo;appareil cuit 750 g de pommes de terre pour en faire de d\u00e9licieuses frites croustillantes pour toute la famille. C&rsquo;est <b>l&rsquo;appareil professionnel id\u00e9al pour varier les repas<\/b> et ravir vos convives.<\/p>\n<h3>Con\u00e7u pour le quotidien<\/h3>\n<p>Smeg con\u00e7oit ses appareils avec <b>le design et l&rsquo;exp\u00e9rience utilisateur au coeur de ses pr\u00e9occupations<\/b>. R\u00e9sultat, avec la friteuse PGF30F, vous avez entre les mains <b>un appareil<\/b><\/p>\n<\/div>\n<\/div>\n<p><b>pratique \u00e0 l&rsquo;utilisation simplissime<\/b> : encastrable, elle d\u00e9passe \u00e0 peine de votre plan de travail ; une diffusion de la chaleur homog\u00e8ne garantit \u00e0 vos aliments <b>une cuisson parfaite, sans le moindre effort<\/b>.<\/p>\n<div class=\"product__disclosure-content\">\n<div class=\"js-read-more product-description__content read-more read-more--truncated\" style=\"max-height: 500px; overflow: hidden;\" data-read-more-name=\"description\">\n<p>Pens\u00e9 pour faciliter votre quotidien jour apr\u00e8s jour, l&rsquo;appareil <b>PGF30F dispose d&rsquo;\u00e9l\u00e9ments con\u00e7us pour vous faciliter la vie<\/b> : un indicateur de chaleur r\u00e9siduelle veille sur votre s\u00e9curit\u00e9, tandis que son couvercle en inox en fait un appareil discret et s\u00fbr. Une puissance de 2200 watts compl\u00e8te les performances de cet appareil \u00e9l\u00e9gant sign\u00e9 Smeg.<\/p>\n<p>&nbsp;<\/p>\n<\/div>\n<p>&nbsp;<\/p>\n<\/div>","protected":false},"excerpt":{"rendered":"<div class=\"keypoints\">\n<h3 class=\"keypoints__title\">Les points cl\u00e9s<\/h3>\n<ul role=\"list\">\n<li class=\"keypoints__item\" role=\"listitem\">Encastrement XS : L 31 cm<\/li>\n<li class=\"keypoints__item\" role=\"listitem\">Nombre de foyers : 1<\/li>\n<li class=\"keypoints__item\" role=\"listitem\">Type de commandes : manettes<\/li>\n<li class=\"keypoints__item keypoints__item--advantage\" role=\"listitem\"><strong>Le + :<\/strong> Couvercle en inox inclus, raccordement \u00e9lectrique ou gaz<\/li>\n<\/ul>\n<p>&nbsp;<\/p>\n<\/div>","protected":false},"featured_media":21949,"template":"","meta":{"_glsr_average":0,"_glsr_ranking":0,"_glsr_reviews":0},"product_cat":[229],"product_tag":[230,231],"class_list":{"0":"post-37838","1":"product","2":"type-product","3":"status-publish","4":"has-post-thumbnail","6":"product_cat-friteuse","7":"product_tag-cuisine-et-cuisson","8":"product_tag-friteuse","10":"first","11":"instock","12":"sale","13":"shipping-taxable","14":"purchasable","15":"product-type-simple"},"_links":{"self":[{"href":"https:\/\/electromenagerexpress.com\/en\/wp-json\/wp\/v2\/product\/37838","targetHints":{"allow":["GET"]}}],"collection":[{"href":"https:\/\/electromenagerexpress.com\/en\/wp-json\/wp\/v2\/product"}],"about":[{"href":"https:\/\/electromenagerexpress.com\/en\/wp-json\/wp\/v2\/types\/product"}],"wp:featuredmedia":[{"embeddable":true,"href":"https:\/\/electromenagerexpress.com\/en\/wp-json\/wp\/v2\/media\/21949"}],"wp:attachment":[{"href":"https:\/\/electromenagerexpress.com\/en\/wp-json\/wp\/v2\/media?parent=37838"}],"wp:term":[{"taxonomy":"product_cat","embeddable":true,"href":"https:\/\/electromenagerexpress.com\/en\/wp-json\/wp\/v2\/product_cat?post=37838"},{"taxonomy":"product_tag","embeddable":true,"href":"https:\/\/electromenagerexpress.com\/en\/wp-json\/wp\/v2\/product_tag?post=37838"}],"curies":[{"name":"wp","href":"https:\/\/api.w.org\/{rel}","templated":true}]}}