{"id":37808,"date":"2024-11-21T13:35:41","date_gmt":"2024-11-21T13:35:41","guid":{"rendered":"https:\/\/electromenagerexpress.com\/product\/table-gaztekaefx-30-1-1g-ai-al-dr-ci-btn-ss\/"},"modified":"2024-11-21T13:35:41","modified_gmt":"2024-11-21T13:35:41","slug":"table-gaztekaefx-30-1-1g-ai-al-dr-ci-btn-ss","status":"publish","type":"product","link":"https:\/\/electromenagerexpress.com\/en\/product\/table-gaztekaefx-30-1-1g-ai-al-dr-ci-btn-ss\/","title":{"rendered":"Table gaz\t\t\t\t\t\t\tTEKA\t\t\t\tEFX 30.1 1G AI AL DR CI BTN SS"},"content":{"rendered":"<div class=\"product-features__content\">\n<ul role=\"list\">\n<li class=\"product-features__item\" role=\"listitem\">\n<h3 class=\"product-features__label\">Cuisson<\/h3>\n<ul role=\"list\">\n<li class=\"product-features__item-list__item\" role=\"listitem\"><span class=\"is--medium\">Type de table :<\/span> gaz, chauffe rapide et contr\u00f4le visuel de la cuisson.\t\t\t\t\t<\/li>\n<li class=\"product-features__item-list__item\" role=\"listitem\"><span class=\"is--medium\">Puissance totale :<\/span> 4.000 W\t\t\t\t\t<\/li>\n<li class=\"product-features__item-list__item\" role=\"listitem\"><span class=\"is--medium\">Amp\u00e9rage requis pour l&rsquo;installation :<\/span> 32 A\t\t\t\t\t<\/li>\n<li class=\"product-features__item-list__item\" role=\"listitem\"><span class=\"is--medium\">Nombre de foyers :<\/span> 1\t\t\t\t\t<\/li>\n<li class=\"product-features__item-list__item\" role=\"listitem\"><span class=\"is--medium\">S\u00e9curit\u00e9s :<\/span> arr\u00eat automatique, coupure de gaz automatique (thermocouple)\t\t\t\t\t<\/li>\n<\/ul>\n<\/li>\n<li class=\"product-features__item\" role=\"listitem\">\n<h3 class=\"product-features__label\">Commandes<\/h3>\n<ul role=\"list\">\n<li class=\"product-features__item-list__item\" role=\"listitem\"><span class=\"is--medium\">Type de commandes :<\/span> manettes\t\t\t\t\t<\/li>\n<li class=\"product-features__item-list__item\" role=\"listitem\"><span class=\"is--medium\">Nombre de boosters :<\/span> 1\t\t\t\t\t<\/li>\n<li class=\"product-features__item-list__item\" role=\"listitem\"><span class=\"is--medium\">Le saviez-vous ? :<\/span> le booster permet un acc\u00e8s direct \u00e0 la puissance maximale. Id\u00e9al pour porter \u00e0 \u00e9bullition ou saisir les viandes\t\t\t\t\t<\/li>\n<li class=\"product-features__item-list__item\" role=\"listitem\"><span class=\"is--medium\">Nombre de minuteurs :<\/span> 0\t\t\t\t\t<\/li>\n<\/ul>\n<\/li>\n<li class=\"product-features__item\" role=\"listitem\">\n<h3 class=\"product-features__label\">Confort d&rsquo;utilisation<\/h3>\n<ul role=\"list\">\n<li class=\"product-features__item-list__item\" role=\"listitem\"><span class=\"is--medium\">Table connect\u00e9e Wifi :<\/span> non\t\t\t\t\t<\/li>\n<li class=\"product-features__item-list__item\" role=\"listitem\"><span class=\"is--medium\">Application d\u00e9di\u00e9e :<\/span> Sans application\t\t\t\t\t<\/li>\n<li class=\"product-features__item-list__item\" role=\"listitem\"><span class=\"is--medium\">Sonde de cuisson :<\/span> non\t\t\t\t\t<\/li>\n<\/ul>\n<\/li>\n<li class=\"product-features__item\" role=\"listitem\">\n<h3 class=\"product-features__label\">Design<\/h3>\n<ul role=\"list\">\n<li class=\"product-features__item-list__item\" role=\"listitem\"><span class=\"is--medium\">Mati\u00e8re des grilles :<\/span> fonte\t\t\t\t\t<\/li>\n<li class=\"product-features__item-list__item\" role=\"listitem\"><span class=\"is--medium\">Type de couronne :<\/span> double, permet de maximiser la puissance et r\u00e9partir uniform\u00e9ment la chaleur. Id\u00e9al pour gagner du temps de cuisson sur vos grands r\u00e9cipients\t\t\t\t\t<\/li>\n<li class=\"product-features__item-list__item\" role=\"listitem\"><span class=\"is--medium\">Couleur de l&rsquo;affichage :<\/span> non concern\u00e9\t\t\t\t\t<\/li>\n<\/ul>\n<\/li>\n<li class=\"product-features__item\" role=\"listitem\">\n<h3 class=\"product-features__label\">Dimensions<\/h3>\n<ul role=\"list\">\n<li class=\"product-features__item-list__item\" role=\"listitem\"><span class=\"is--medium\">LxHxP (encastrement) :<\/span> 28.2 x 4.5 x 48.2 cm\t\t\t\t\t<\/li>\n<li class=\"product-features__item-list__item\" role=\"listitem\"><span class=\"is--medium\">Dimensions l x h x p :<\/span> 30.5 x 9.1 x 51 cm\t\t\t\t\t<\/li>\n<li class=\"product-features__item-list__item\" role=\"listitem\"><span class=\"is--medium\">Poids net :<\/span> 5,05 Kg\t\t\t\t\t<\/li>\n<\/ul>\n<\/li>\n<li class=\"product-features__item\" role=\"listitem\">\n<h3 class=\"product-features__label\">Informations compl\u00e9mentaires<\/h3>\n<ul role=\"list\">\n<li class=\"product-features__item-list__item\" role=\"listitem\"><span class=\"is--medium\">Fabriqu\u00e9 en :<\/span> Italie\t\t\t\t\t<\/li>\n<li class=\"product-features__item-list__item\" role=\"listitem\"><span class=\"is--medium\">Garantie :<\/span> 2 ans\t\t\t\t\t<\/li>\n<li class=\"product-features__item-list__item\" role=\"listitem\"><span class=\"is--medium\">Disponibilit\u00e9 des pi\u00e8ces d\u00e9tach\u00e9es (donn\u00e9es fournisseur) :<\/span> Pendant 10 ans, \u00e0 compter de la date d&rsquo;achat\t\t\t\t\t<\/li>\n<\/ul>\n<\/li>\n<\/ul>\n<\/div>\n<div class=\"product__disclosure-content\">\n<div class=\"js-read-more product-description__content read-more read-more--truncated\" data-read-more-name=\"description\" style=\"max-height: 500px; overflow: hidden;\">\n<p>Maximisez l&rsquo;espace \u00e0 votre disposition sans jamais sacrifier la performance aux c\u00f4t\u00e9s de votre nouvelle table de cuisson au gaz TEKA EFX 30.1 1G AI AL DR CI.<\/p>\n<h3><img fetchpriority=\"high\" decoding=\"async\" ,=\"\" alt=\"Domino Gaz TEKA EFX 30.1 1G AI AL DR CI\" class=\"wy_tableau_gauche\" height=\"270\" src=\"https:\/\/boulanger.scene7.com\/is\/image\/Boulanger\/8434778019568_h_f_l_0?wid=400&amp;hei=270\" width=\"400\"\/>Une surface de cuisson esth\u00e9tique et pratique<\/h3>\n<p>Gr\u00e2ce \u00e0 <b>sa largeur compacte de 28,2 cm<\/b>, votre table de cuisson au gaz TEKA EFX 30.1 1G AI AL DR CI s&rsquo;int\u00e9grera aux espaces les plus restreints tout en vous offrant une puissance optimale soutenue par <b>sa zone de cuisson \u00e0 br\u00fbleur double couronne<\/b> : id\u00e9al pour combiner efficacit\u00e9 et gain de place.<\/p>\n<p>Plac\u00e9 \u00e0 l&rsquo;avant de votre future table de cuisson au gaz TEKA EFX 30.1 1G AI AL DR CI, <b>le bouton de commande aspect m\u00e9tallique vous garantira une prise en main facilit\u00e9e<\/b>. \u00c9galement \u00e9quip\u00e9 d&rsquo;un dispositif de s\u00e9curit\u00e9 de verrouillage automatique, vous l&rsquo;utiliserez en toute s\u00e9r\u00e9nit\u00e9 : parfait pour \u00e9viter les activations inopin\u00e9es.<\/p>\n<h3><img decoding=\"async\" ,=\"\" alt=\"Domino Gaz TEKA EFX 30.1 1G AI AL DR CI\" class=\"wy_tableau_right\" height=\"270\" src=\"https:\/\/boulanger.scene7.com\/is\/image\/Boulanger\/8434778019568_h_f_l_1?wid=400&amp;hei=270\" width=\"400\"\/>Une productivit\u00e9 boost\u00e9e en cuisine<\/h3>\n<p>Faites l&rsquo;exp\u00e9rience d&rsquo;une cuisson aussi pr\u00e9cise que performante ! <b>La grille en fonte<\/b> de votre table de cuisson au gaz TEKA EFX 30.1 1G AI AL DR CI r\u00e9pandra la chaleur sur l&rsquo;int\u00e9gralit\u00e9 de votre ustensile de cuisson, tandis que les br\u00fbleurs optimiseront la consommation de gaz : la certitude de disposer d&rsquo;une solution de cuisson peu \u00e9nergivore et efficace.<\/p>\n<p>Faites bouillir de l&rsquo;eau \u00e0 la vitesse de l&rsquo;\u00e9clair. <b>Dot\u00e9e d&rsquo;une puissance totale de 4 000 W et \u00e9quip\u00e9e du mode Booster<\/b>, votre nouvelle table de cuisson au gaz TEKA EFX 30.1 1G AI AL DR CI vous permettra de cuisiner \u00e0 pleine puissance. En compl\u00e9ment, <b>la fonction d&rsquo;allumage automatique<\/b> vous permettra de mettre le br\u00fbleur en marche rapidement, sans avoir besoin d&rsquo;allumettes ou de briquet.<\/p>\n<\/p>\n<\/div>\n<p><bl-button a11yexpanded=\"false\" arialabel=\"Afficher toute la description\" class=\"read-more__btn\" full=\"false\" link=\"true\"><\/bl-button><\/div>","protected":false},"excerpt":{"rendered":"<div class=\"keypoints\">\n<h3 class=\"keypoints__title\">Les points cl\u00e9s<\/h3>\n<ul role=\"list\">\n<li class=\"keypoints__item\" role=\"listitem\">                                        Encastrement XS : L 28,2 cm                      <\/li>\n<li class=\"keypoints__item\" role=\"listitem\">                                        Nombre de foyers : 1                      <\/li>\n<li class=\"keypoints__item\" role=\"listitem\">                                        Type de commandes : manettes                      <\/li>\n<li class=\"keypoints__item keypoints__item--advantage\" role=\"listitem\"><strong>Le + :<\/strong> bruleur inox haute efficacit\u00e9.      <\/li>\n<\/ul>","protected":false},"featured_media":21758,"template":"","meta":{"_glsr_average":0,"_glsr_ranking":0,"_glsr_reviews":0},"product_cat":[222],"product_tag":[131,218,223],"class_list":{"0":"post-37808","1":"product","2":"type-product","3":"status-publish","4":"has-post-thumbnail","6":"product_cat-plaque-gaz","7":"product_tag-gros-electromenager","8":"product_tag-plaque-de-cuisson","9":"product_tag-plaque-gaz","11":"first","12":"instock","13":"sale","14":"shipping-taxable","15":"purchasable","16":"product-type-simple"},"_links":{"self":[{"href":"https:\/\/electromenagerexpress.com\/en\/wp-json\/wp\/v2\/product\/37808","targetHints":{"allow":["GET"]}}],"collection":[{"href":"https:\/\/electromenagerexpress.com\/en\/wp-json\/wp\/v2\/product"}],"about":[{"href":"https:\/\/electromenagerexpress.com\/en\/wp-json\/wp\/v2\/types\/product"}],"wp:featuredmedia":[{"embeddable":true,"href":"https:\/\/electromenagerexpress.com\/en\/wp-json\/wp\/v2\/media\/21758"}],"wp:attachment":[{"href":"https:\/\/electromenagerexpress.com\/en\/wp-json\/wp\/v2\/media?parent=37808"}],"wp:term":[{"taxonomy":"product_cat","embeddable":true,"href":"https:\/\/electromenagerexpress.com\/en\/wp-json\/wp\/v2\/product_cat?post=37808"},{"taxonomy":"product_tag","embeddable":true,"href":"https:\/\/electromenagerexpress.com\/en\/wp-json\/wp\/v2\/product_tag?post=37808"}],"curies":[{"name":"wp","href":"https:\/\/api.w.org\/{rel}","templated":true}]}}