{"id":37791,"date":"2024-11-21T13:35:05","date_gmt":"2024-11-21T13:35:05","guid":{"rendered":"https:\/\/electromenagerexpress.com\/product\/grille-viande-encastrable-smegpgf30b\/"},"modified":"2024-11-21T13:35:06","modified_gmt":"2024-11-21T13:35:06","slug":"grille-viande-encastrable-smegpgf30b","status":"publish","type":"product","link":"https:\/\/electromenagerexpress.com\/en\/product\/grille-viande-encastrable-smegpgf30b\/","title":{"rendered":"Grille-viande encastrable \t\t\t\t\t\t\tSMEG\t\t\t\tPGF30B"},"content":{"rendered":"<div class=\"product-features__content\">\n<ul role=\"list\">\n<li class=\"product-features__item\" role=\"listitem\">\n<h3 class=\"product-features__label\">Cuisson<\/h3>\n<ul role=\"list\">\n<li class=\"product-features__item-list__item\" role=\"listitem\"><span class=\"is--medium\">Puissance totale :<\/span> 1.800 W\t\t\t\t\t<\/li>\n<li class=\"product-features__item-list__item\" role=\"listitem\"><span class=\"is--medium\">Nombre de foyers :<\/span> 1\t\t\t\t\t<\/li>\n<li class=\"product-features__item-list__item\" role=\"listitem\"><span class=\"is--medium\">Dimension du grand foyer :<\/span> 50,0 cm\t\t\t\t\t<\/li>\n<\/ul>\n<\/li>\n<li class=\"product-features__item\" role=\"listitem\">\n<h3 class=\"product-features__label\">Commandes<\/h3>\n<ul role=\"list\">\n<li class=\"product-features__item-list__item\" role=\"listitem\"><span class=\"is--medium\">Type de commandes :<\/span> manettes\t\t\t\t\t<\/li>\n<li class=\"product-features__item-list__item\" role=\"listitem\"><span class=\"is--medium\">Emplacement des commandes :<\/span> frontal\t\t\t\t\t<\/li>\n<li class=\"product-features__item-list__item\" role=\"listitem\"><span class=\"is--medium\">Nombre de boosters :<\/span> 0\t\t\t\t\t<\/li>\n<li class=\"product-features__item-list__item\" role=\"listitem\"><span class=\"is--medium\">Nombre de minuteurs :<\/span> 0\t\t\t\t\t<\/li>\n<\/ul>\n<\/li>\n<li class=\"product-features__item\" role=\"listitem\">\n<h3 class=\"product-features__label\">Confort d&rsquo;utilisation<\/h3>\n<ul role=\"list\">\n<li class=\"product-features__item-list__item\" role=\"listitem\"><span class=\"is--medium\">Table connect\u00e9e Wifi :<\/span> non\t\t\t\t\t<\/li>\n<li class=\"product-features__item-list__item\" role=\"listitem\"><span class=\"is--medium\">Application d\u00e9di\u00e9e :<\/span> Sans application\t\t\t\t\t<\/li>\n<\/ul>\n<\/li>\n<li class=\"product-features__item\" role=\"listitem\">\n<h3 class=\"product-features__label\">Design<\/h3>\n<ul role=\"list\">\n<li class=\"product-features__item-list__item\" role=\"listitem\"><span class=\"is--medium\">Coloris :<\/span> Inox\t\t\t\t\t<\/li>\n<li class=\"product-features__item-list__item\" role=\"listitem\"><span class=\"is--medium\">Mati\u00e8re des grilles :<\/span> fonte\t\t\t\t\t<\/li>\n<\/ul>\n<\/li>\n<li class=\"product-features__item\" role=\"listitem\">\n<h3 class=\"product-features__label\">Informations compl\u00e9mentaires<\/h3>\n<ul role=\"list\">\n<li class=\"product-features__item-list__item\" role=\"listitem\"><span class=\"is--medium\">Fabriqu\u00e9 en :<\/span> Italie\t\t\t\t\t<\/li>\n<li class=\"product-features__item-list__item\" role=\"listitem\"><span class=\"is--medium\">Garantie :<\/span> 2 ans\t\t\t\t\t<\/li>\n<li class=\"product-features__item-list__item\" role=\"listitem\"><span class=\"is--medium\">Disponibilit\u00e9 des pi\u00e8ces d\u00e9tach\u00e9es (donn\u00e9es fournisseur) :<\/span> 10 ans\t\t\t\t\t<\/li>\n<\/ul>\n<\/li>\n<\/ul>\n<\/div>\n<div class=\"product__disclosure-content\">\n<div class=\"js-read-more product-description__content read-more read-more--truncated\" data-read-more-name=\"description\" style=\"max-height: 500px; overflow: hidden;\">\n<div class=\"product__description-content read-more\" style=\"\">\n<p>Grille-viande encastrable SMEG PGF30B : l&rsquo;alliance de l&rsquo;\u00e9l\u00e9gance et de la performance<\/p>\n<h3> <img fetchpriority=\"high\" decoding=\"async\" ,=\"\" alt=\"Grille-viande encastrable SMEG PGF30B\" class=\"wy_tableau_gauche\" height=\"270\" src=\"https:\/\/boulanger.scene7.com\/is\/image\/Boulanger\/8017709138028_h_f_l_0?wid=400&amp;hei=270\" width=\"400\"\/>Design raffin\u00e9 et construction robuste                    <\/h3>\n<p>                        Le Grille-viande encastrable SMEG PGF30B se distingue par son esth\u00e9tique Classica et sa finition en inox satin\u00e9, apportant une touche d&rsquo;\u00e9l\u00e9gance intemporelle \u00e0 votre cuisine. Avec ses dimensions compactes de 30 cm, il s&rsquo;int\u00e8gre harmonieusement dans les espaces r\u00e9duits tout en offrant une surface de cuisson optimale. La grille en fonte, r\u00e9sistante aux hautes temp\u00e9ratures, assure une durabilit\u00e9 et une stabilit\u00e9 accrues pour vos ustensiles de cuisson. Le type d&rsquo;encastrement semi-affleurant, avec un bord jusqu&rsquo;\u00e0 4 mm, combine une installation simplifi\u00e9e \u00e0 un design minimaliste qui s&rsquo;adapte \u00e0 tous les styles de cuisine.                    <\/p>\n<\/p>\n<h3> <img decoding=\"async\" ,=\"\" alt=\"Grille-viande encastrable SMEG PGF30B\" class=\"wy_tableau_right\" height=\"270\" src=\"https:\/\/boulanger.scene7.com\/is\/image\/Boulanger\/8017709138028_h_f_l_1?wid=400&amp;hei=270\" width=\"400\"\/>Performance et contr\u00f4le pr\u00e9cis de la cuisson                    <\/h3>\n<p>                        Dot\u00e9 d&rsquo;un unique foyer \u00e9lectrique sp\u00e9cialis\u00e9 BBQ, le Grille-viande SMEG PGF30B offre une puissance de 1.80 kW, id\u00e9ale pour saisir parfaitement viandes et l\u00e9gumes. Avec 9 niveaux de puissance, ajustables via des commandes par manettes positionn\u00e9es frontalement, ce mod\u00e8le permet un contr\u00f4le pr\u00e9cis de la temp\u00e9rature, garantissant ainsi une cuisson sur mesure selon vos pr\u00e9f\u00e9rences. Les manettes, au coloris effet inox, renforcent l&rsquo;aspect haut de gamme de l&rsquo;appareil tout en assurant une prise en main ergonomique. Con\u00e7u pour s&rsquo;encaster dans un espace de 494&#215;292 mm, le Grille-viande SMEG PGF30B est le choix id\u00e9al pour les amateurs de grillades recherchant qualit\u00e9 et performance dans un appareil encastrable.                    <\/p>\n<\/p><\/div>\n<\/p>\n<p><a href=\"https:\/\/www.boulanger.com\/evenement\/livraison-domicile-gros-produits-service\" rel=\"noopener\" target=\"_blank\" title=\"Livraison \u00e0 domicile gros produits et service\"><img decoding=\"async\" height=\"160\" src=\"https:\/\/boulanger.scene7.com\/is\/image\/Boulanger\/Reprise ancien appareil?wid=1260\" width=\"1240\"\/><\/a><\/p>\n<\/div>\n<p><bl-button a11yexpanded=\"false\" arialabel=\"Afficher toute la description\" class=\"read-more__btn\" full=\"false\" link=\"true\"><\/bl-button><\/div>","protected":false},"excerpt":{"rendered":"<div class=\"keypoints\">\n<h3 class=\"keypoints__title\">Les points cl\u00e9s<\/h3>\n<ul role=\"list\">\n<li class=\"keypoints__item\" role=\"listitem\">                                        Nombre de foyers : 1                      <\/li>\n<li class=\"keypoints__item\" role=\"listitem\">                                        Type de commandes : manettes                      <\/li>\n<li class=\"keypoints__item keypoints__item--advantage\" role=\"listitem\"><strong>Le + :<\/strong> son design \u00e9l\u00e9gant      <\/li>\n<\/ul>","protected":false},"featured_media":21657,"template":"","meta":{"_glsr_average":0,"_glsr_ranking":0,"_glsr_reviews":0},"product_cat":[224],"product_tag":[131,218,225],"class_list":{"0":"post-37791","1":"product","2":"type-product","3":"status-publish","4":"has-post-thumbnail","6":"product_cat-teppan-yaki-friteuse-wok-plancha-encastrable","7":"product_tag-gros-electromenager","8":"product_tag-plaque-de-cuisson","9":"product_tag-teppan-yaki-friteuse-wok-plancha-encastrable","11":"first","12":"instock","13":"sale","14":"shipping-taxable","15":"purchasable","16":"product-type-simple"},"_links":{"self":[{"href":"https:\/\/electromenagerexpress.com\/en\/wp-json\/wp\/v2\/product\/37791","targetHints":{"allow":["GET"]}}],"collection":[{"href":"https:\/\/electromenagerexpress.com\/en\/wp-json\/wp\/v2\/product"}],"about":[{"href":"https:\/\/electromenagerexpress.com\/en\/wp-json\/wp\/v2\/types\/product"}],"wp:featuredmedia":[{"embeddable":true,"href":"https:\/\/electromenagerexpress.com\/en\/wp-json\/wp\/v2\/media\/21657"}],"wp:attachment":[{"href":"https:\/\/electromenagerexpress.com\/en\/wp-json\/wp\/v2\/media?parent=37791"}],"wp:term":[{"taxonomy":"product_cat","embeddable":true,"href":"https:\/\/electromenagerexpress.com\/en\/wp-json\/wp\/v2\/product_cat?post=37791"},{"taxonomy":"product_tag","embeddable":true,"href":"https:\/\/electromenagerexpress.com\/en\/wp-json\/wp\/v2\/product_tag?post=37791"}],"curies":[{"name":"wp","href":"https:\/\/api.w.org\/{rel}","templated":true}]}}