{"id":37790,"date":"2024-11-21T13:35:04","date_gmt":"2024-11-21T13:35:04","guid":{"rendered":"https:\/\/electromenagerexpress.com\/product\/table-gazde-dietrichdpg7750b\/"},"modified":"2024-11-21T13:35:04","modified_gmt":"2024-11-21T13:35:04","slug":"table-gazde-dietrichdpg7750b","status":"publish","type":"product","link":"https:\/\/electromenagerexpress.com\/en\/product\/table-gazde-dietrichdpg7750b\/","title":{"rendered":"Table gaz\t\t\t\t\t\t\tDE DIETRICH\t\t\t\tDPG7750B"},"content":{"rendered":"<div class=\"product-features__content\">\n<ul role=\"list\">\n<li class=\"product-features__item\" role=\"listitem\">\n<h3 class=\"product-features__label\">Cuisson<\/h3>\n<ul role=\"list\">\n<li class=\"product-features__item-list__item\" role=\"listitem\"><span class=\"is--medium\">Type de table :<\/span> gaz, chauffe rapide et contr\u00f4le visuel de la cuisson.\t\t\t\t\t<\/li>\n<li class=\"product-features__item-list__item\" role=\"listitem\"><span class=\"is--medium\">Puissance totale :<\/span> 11.500 W\t\t\t\t\t<\/li>\n<li class=\"product-features__item-list__item\" role=\"listitem\"><span class=\"is--medium\">Amp\u00e9rage requis pour l&rsquo;installation :<\/span> 10 A\t\t\t\t\t<\/li>\n<li class=\"product-features__item-list__item\" role=\"listitem\"><span class=\"is--medium\">Nombre de foyers :<\/span> 5\t\t\t\t\t<\/li>\n<li class=\"product-features__item-list__item\" role=\"listitem\"><span class=\"is--medium\">S\u00e9curit\u00e9s :<\/span> coupure de gaz automatique (thermocouple)\t\t\t\t\t<\/li>\n<\/ul>\n<\/li>\n<li class=\"product-features__item\" role=\"listitem\">\n<h3 class=\"product-features__label\">Commandes<\/h3>\n<ul role=\"list\">\n<li class=\"product-features__item-list__item\" role=\"listitem\"><span class=\"is--medium\">Type de commandes :<\/span> manettes\t\t\t\t\t<\/li>\n<li class=\"product-features__item-list__item\" role=\"listitem\"><span class=\"is--medium\">Emplacement des commandes :<\/span> frontal\t\t\t\t\t<\/li>\n<li class=\"product-features__item-list__item\" role=\"listitem\"><span class=\"is--medium\">Nombre de boosters :<\/span> 0\t\t\t\t\t<\/li>\n<li class=\"product-features__item-list__item\" role=\"listitem\"><span class=\"is--medium\">Nombre de minuteurs :<\/span> 0\t\t\t\t\t<\/li>\n<\/ul>\n<\/li>\n<li class=\"product-features__item\" role=\"listitem\">\n<h3 class=\"product-features__label\">Confort d&rsquo;utilisation<\/h3>\n<ul role=\"list\">\n<li class=\"product-features__item-list__item\" role=\"listitem\"><span class=\"is--medium\">Table connect\u00e9e Wifi :<\/span> non\t\t\t\t\t<\/li>\n<li class=\"product-features__item-list__item\" role=\"listitem\"><span class=\"is--medium\">Application d\u00e9di\u00e9e :<\/span> Sans application\t\t\t\t\t<\/li>\n<li class=\"product-features__item-list__item\" role=\"listitem\"><span class=\"is--medium\">Sonde de cuisson :<\/span> non\t\t\t\t\t<\/li>\n<li class=\"product-features__item-list__item\" role=\"listitem\"><span class=\"is--medium\">Recettes automatiques int\u00e9gr\u00e9es \u00e0 l&rsquo;\u00e9cran de contr\u00f4le :<\/span> non\t\t\t\t\t<\/li>\n<\/ul>\n<\/li>\n<li class=\"product-features__item\" role=\"listitem\">\n<h3 class=\"product-features__label\">Design<\/h3>\n<ul role=\"list\">\n<li class=\"product-features__item-list__item\" role=\"listitem\"><span class=\"is--medium\">Coloris :<\/span> Noir\t\t\t\t\t<\/li>\n<li class=\"product-features__item-list__item\" role=\"listitem\"><span class=\"is--medium\">Nombre de grilles :<\/span> 5\t\t\t\t\t<\/li>\n<li class=\"product-features__item-list__item\" role=\"listitem\"><span class=\"is--medium\">Mati\u00e8re des grilles :<\/span> fonte\t\t\t\t\t<\/li>\n<li class=\"product-features__item-list__item\" role=\"listitem\"><span class=\"is--medium\">Type de couronne :<\/span> simple et double\t\t\t\t\t<\/li>\n<li class=\"product-features__item-list__item\" role=\"listitem\"><span class=\"is--medium\">Couleur de l&rsquo;affichage :<\/span> blanc\t\t\t\t\t<\/li>\n<\/ul>\n<\/li>\n<li class=\"product-features__item\" role=\"listitem\">\n<h3 class=\"product-features__label\">Dimensions<\/h3>\n<ul role=\"list\">\n<li class=\"product-features__item-list__item\" role=\"listitem\"><span class=\"is--medium\">LxHxP (encastrement) :<\/span> 70 x 5 x 48 cm\t\t\t\t\t<\/li>\n<li class=\"product-features__item-list__item\" role=\"listitem\"><span class=\"is--medium\">Dimensions l x h x p :<\/span> 75 x 10.3 x 51 cm\t\t\t\t\t<\/li>\n<li class=\"product-features__item-list__item\" role=\"listitem\"><span class=\"is--medium\">Longueur du cordon d&rsquo;alimentation :<\/span> 1,00 m\t\t\t\t\t<\/li>\n<li class=\"product-features__item-list__item\" role=\"listitem\"><span class=\"is--medium\">Poids net :<\/span> 15,40 Kg\t\t\t\t\t<\/li>\n<\/ul>\n<\/li>\n<li class=\"product-features__item\" role=\"listitem\">\n<h3 class=\"product-features__label\">Informations compl\u00e9mentaires<\/h3>\n<ul role=\"list\">\n<li class=\"product-features__item-list__item\" role=\"listitem\"><span class=\"is--medium\">Fabriqu\u00e9 en :<\/span> Italie\t\t\t\t\t<\/li>\n<li class=\"product-features__item-list__item\" role=\"listitem\"><span class=\"is--medium\">Garantie :<\/span> 2 ans\t\t\t\t\t<\/li>\n<li class=\"product-features__item-list__item\" role=\"listitem\"><span class=\"is--medium\">Disponibilit\u00e9 des pi\u00e8ces d\u00e9tach\u00e9es (donn\u00e9es fournisseur) :<\/span> Pendant 15 ans, \u00e0 compter de la date d&rsquo;achat\t\t\t\t\t<\/li>\n<\/ul>\n<\/li>\n<\/ul>\n<\/div>\n<div class=\"product__disclosure-content\">\n<div class=\"js-read-more product-description__content read-more read-more--truncated\" data-read-more-name=\"description\" style=\"max-height: 500px; overflow: hidden;\">\n<p><center><a href=\"https:\/\/www.boulanger.com\/evenement\/boutique-de-dietrich\"><img fetchpriority=\"high\" decoding=\"async\" height=\"160\" src=\"https:\/\/boulanger.scene7.com\/is\/image\/Boulanger\/OP0123GAMA_d?wid=1260\" width=\"1260\"\/><\/a><\/center><\/p>\n<p>R\u00e9alisez des cuissons de qualit\u00e9 professionnelle avec la Table Gaz DE DIETRICH DPG7750B. Ses multiples foyers raviront les amoureux de cuisine.<\/p>\n<h3><img decoding=\"async\" ,=\"\" alt=\"Table Gaz DE DIETRICH DPG7750B\" class=\"wy_tableau_gauche\" height=\"270\" src=\"https:\/\/boulanger.scene7.com\/is\/image\/Boulanger\/3660767966512_h_f_l_0?wid=400&amp;hei=270\" width=\"400\"\/>Ergonomie et simplicit\u00e9<\/h3>\n<p>Quand on aime cuisiner, il est important de compter sur des appareils de haute qualit\u00e9. En optant pour la Table Gaz DE DIETRICH DPG7750B, vous b\u00e9n\u00e9ficierez d&rsquo;une ergonomie maximale. <b>Simple \u00e0 utiliser<\/b>, elle est \u00e9quip\u00e9e de <b>commandes frontales tr\u00e8s agr\u00e9ables<\/b> \u00e0 prendre en main. Leur design polyvalent ravira aussi bien <b>les gauchers que les droitiers<\/b>.<\/p>\n<p>La forme des manettes pr\u00e9sentes sur ce panneau de commandes est tr\u00e8s confortable. Elle vous assurera des <b>r\u00e9glages pr\u00e9cis<\/b>. Sur les <b>5 foyers<\/b> qui composent la Table Gaz DE DIETRICH DPG7750B, vous disposerez de <b>2 foyers semi-rapides, 1 foyer rapide, 1 foyer auxiliaire et 1 foyer \u00e0 double couronne<\/b> id\u00e9al pour les grandes marmites.<\/p>\n<h3><img decoding=\"async\" ,=\"\" alt=\"Table Gaz DE DIETRICH DPG7750B\" class=\"wy_tableau_right\" height=\"270\" src=\"https:\/\/boulanger.scene7.com\/is\/image\/Boulanger\/3660767966512_h_f_l_1?wid=400&amp;hei=270\" width=\"400\"\/>Tout l&rsquo;espace dont vous avez besoin<\/h3>\n<p>Parfaite pour les recettes complexes et les familles nombreuses, la Table Gaz DE DIETRICH DPG7750B affiche une <b>taille XL<\/b>. Elle est id\u00e9ale pour les <b>grands plans de travail<\/b> et offrira toute la place n\u00e9cessaire aux amoureux et amoureuses de cuisine. Cette <b>plaque encastrable<\/b> se compose de verre tremp\u00e9 pour apporter un look design \u00e0 votre int\u00e9rieur.<\/p>\n<p>La conduction de la chaleur est optimale avec la Table Gaz DE DIETRICH DPG7750B. Chaque foyer est pourvu d&rsquo;une <b>grille individuelle en fonte<\/b>. Ce mat\u00e9riau noble affiche de nombreux avantages. D&rsquo;une part, la fonte compl\u00e8tera le <b>verre tremp\u00e9<\/b> sur le plan visuel. D&rsquo;autre part, elle vous fera faire des \u00e9conomies en <b>favorisant la r\u00e9partition de la chaleur<\/b>. Enfin, elle r\u00e9sistera \u00e0 l&rsquo;usure du temps et vous garantira une solidit\u00e9 maximale.<\/p>\n<\/p>\n<p><a href=\"https:\/\/www.boulanger.com\/evenement\/livraison-domicile-gros-produits-service\" rel=\"noopener\" target=\"_blank\" title=\"Livraison \u00e0 domicile gros produits et service\"><img loading=\"lazy\" decoding=\"async\" height=\"160\" src=\"https:\/\/boulanger.scene7.com\/is\/image\/Boulanger\/Reprise ancien appareil?wid=1260\" width=\"1240\"\/><\/a><\/p>\n<\/div>\n<p><bl-button a11yexpanded=\"false\" arialabel=\"Afficher toute la description\" class=\"read-more__btn\" full=\"false\" link=\"true\"><\/bl-button><\/div>","protected":false},"excerpt":{"rendered":"<div class=\"keypoints\">\n<h3 class=\"keypoints__title\">Les points cl\u00e9s<\/h3>\n<ul role=\"list\">\n<li class=\"keypoints__item\" role=\"listitem\">                                        Encastrement XL : L 70 cm                      <\/li>\n<li class=\"keypoints__item\" role=\"listitem\">                                        Nombre de foyers : 5                      <\/li>\n<li class=\"keypoints__item\" role=\"listitem\">                                        Type de commandes : manettes                      <\/li>\n<li class=\"keypoints__item keypoints__item--advantage\" role=\"listitem\"><strong>Le + :<\/strong> son design et l&rsquo;ergonomie des manettes. Les grilles individuelles en fonte.      <\/li>\n<\/ul>","protected":false},"featured_media":21654,"template":"","meta":{"_glsr_average":0,"_glsr_ranking":0,"_glsr_reviews":0},"product_cat":[222],"product_tag":[131,218,223],"class_list":{"0":"post-37790","1":"product","2":"type-product","3":"status-publish","4":"has-post-thumbnail","6":"product_cat-plaque-gaz","7":"product_tag-gros-electromenager","8":"product_tag-plaque-de-cuisson","9":"product_tag-plaque-gaz","11":"first","12":"instock","13":"sale","14":"shipping-taxable","15":"purchasable","16":"product-type-simple"},"_links":{"self":[{"href":"https:\/\/electromenagerexpress.com\/en\/wp-json\/wp\/v2\/product\/37790","targetHints":{"allow":["GET"]}}],"collection":[{"href":"https:\/\/electromenagerexpress.com\/en\/wp-json\/wp\/v2\/product"}],"about":[{"href":"https:\/\/electromenagerexpress.com\/en\/wp-json\/wp\/v2\/types\/product"}],"wp:featuredmedia":[{"embeddable":true,"href":"https:\/\/electromenagerexpress.com\/en\/wp-json\/wp\/v2\/media\/21654"}],"wp:attachment":[{"href":"https:\/\/electromenagerexpress.com\/en\/wp-json\/wp\/v2\/media?parent=37790"}],"wp:term":[{"taxonomy":"product_cat","embeddable":true,"href":"https:\/\/electromenagerexpress.com\/en\/wp-json\/wp\/v2\/product_cat?post=37790"},{"taxonomy":"product_tag","embeddable":true,"href":"https:\/\/electromenagerexpress.com\/en\/wp-json\/wp\/v2\/product_tag?post=37790"}],"curies":[{"name":"wp","href":"https:\/\/api.w.org\/{rel}","templated":true}]}}