{"id":37766,"date":"2024-11-21T13:34:10","date_gmt":"2024-11-21T13:34:10","guid":{"rendered":"https:\/\/electromenagerexpress.com\/product\/table-gazgaggenaucg492211\/"},"modified":"2024-11-21T13:34:10","modified_gmt":"2024-11-21T13:34:10","slug":"table-gazgaggenaucg492211","status":"publish","type":"product","link":"https:\/\/electromenagerexpress.com\/en\/product\/table-gazgaggenaucg492211\/","title":{"rendered":"Table gaz\t\t\t\t\t\t\tGAGGENAU\t\t\t\tCG492211"},"content":{"rendered":"<div class=\"product-features__content\">\n<ul role=\"list\">\n<li class=\"product-features__item\" role=\"listitem\">\n<h3 class=\"product-features__label\">Cuisson<\/h3>\n<ul role=\"list\">\n<li class=\"product-features__item-list__item\" role=\"listitem\"><span class=\"is--medium\">Type de table :<\/span> gaz, chauffe rapide et contr\u00f4le visuel de la cuisson.\t\t\t\t\t<\/li>\n<li class=\"product-features__item-list__item\" role=\"listitem\"><span class=\"is--medium\">Puissance totale :<\/span> 18.000 W\t\t\t\t\t<\/li>\n<li class=\"product-features__item-list__item\" role=\"listitem\"><span class=\"is--medium\">Amp\u00e9rage requis pour l&rsquo;installation :<\/span> 8 A\t\t\t\t\t<\/li>\n<li class=\"product-features__item-list__item\" role=\"listitem\"><span class=\"is--medium\">Nombre de foyers :<\/span> 5\t\t\t\t\t<\/li>\n<li class=\"product-features__item-list__item\" role=\"listitem\"><span class=\"is--medium\">S\u00e9curit\u00e9s :<\/span> coupure en cas de d\u00e9bordement, anti surchauffe, coupure de gaz automatique (thermocouple), t\u00e9moin de mise sous tension\t\t\t\t\t<\/li>\n<\/ul>\n<\/li>\n<li class=\"product-features__item\" role=\"listitem\">\n<h3 class=\"product-features__label\">Commandes<\/h3>\n<ul role=\"list\">\n<li class=\"product-features__item-list__item\" role=\"listitem\"><span class=\"is--medium\">Type de commandes :<\/span> manettes\t\t\t\t\t<\/li>\n<li class=\"product-features__item-list__item\" role=\"listitem\"><span class=\"is--medium\">Nombre de boosters :<\/span> 1\t\t\t\t\t<\/li>\n<li class=\"product-features__item-list__item\" role=\"listitem\"><span class=\"is--medium\">Le saviez-vous ? :<\/span> le booster permet un acc\u00e8s direct \u00e0 la puissance maximale. Id\u00e9al pour porter \u00e0 \u00e9bullition ou saisir les viandes\t\t\t\t\t<\/li>\n<li class=\"product-features__item-list__item\" role=\"listitem\"><span class=\"is--medium\">Nombre de minuteurs :<\/span> 0\t\t\t\t\t<\/li>\n<\/ul>\n<\/li>\n<li class=\"product-features__item\" role=\"listitem\">\n<h3 class=\"product-features__label\">Confort d&rsquo;utilisation<\/h3>\n<ul role=\"list\">\n<li class=\"product-features__item-list__item\" role=\"listitem\"><span class=\"is--medium\">Programmes pr\u00e9-d\u00e9finis :<\/span> Acc\u00e8s direct fondre, Acc\u00e8s direct r\u00e9chauffer, Acc\u00e8s direct mijoter, Acc\u00e8s direct bouillir, Acc\u00e8s direct maintenir au chaud, Acc\u00e8s direct frire, Acc\u00e8s direct \u00e9bullition rapide, Acc\u00e8s direct saisir, Acc\u00e8s direct cuire \u00e0 basse temp\u00e9rature\t\t\t\t\t<\/li>\n<li class=\"product-features__item-list__item\" role=\"listitem\"><span class=\"is--medium\">Le saviez-vous ? :<\/span> Ces fonctions de cuisson sont directement accessibles sur le bandeau de commande. Facilit\u00e9 et gain de temps.\t\t\t\t\t<\/li>\n<li class=\"product-features__item-list__item\" role=\"listitem\"><span class=\"is--medium\">Table connect\u00e9e Wifi :<\/span> non\t\t\t\t\t<\/li>\n<li class=\"product-features__item-list__item\" role=\"listitem\"><span class=\"is--medium\">Application d\u00e9di\u00e9e :<\/span> Sans application\t\t\t\t\t<\/li>\n<li class=\"product-features__item-list__item\" role=\"listitem\"><span class=\"is--medium\">Sonde de cuisson :<\/span> non\t\t\t\t\t<\/li>\n<\/ul>\n<\/li>\n<li class=\"product-features__item\" role=\"listitem\">\n<h3 class=\"product-features__label\">Design<\/h3>\n<ul role=\"list\">\n<li class=\"product-features__item-list__item\" role=\"listitem\"><span class=\"is--medium\">Coloris :<\/span> Inox\t\t\t\t\t<\/li>\n<li class=\"product-features__item-list__item\" role=\"listitem\"><span class=\"is--medium\">Mati\u00e8re des grilles :<\/span> fonte\t\t\t\t\t<\/li>\n<li class=\"product-features__item-list__item\" role=\"listitem\"><span class=\"is--medium\">Type de couronne :<\/span> double, permet de maximiser la puissance et r\u00e9partir uniform\u00e9ment la chaleur. Id\u00e9al pour gagner du temps de cuisson sur vos grands r\u00e9cipients\t\t\t\t\t<\/li>\n<li class=\"product-features__item-list__item\" role=\"listitem\"><span class=\"is--medium\">Couleur de l&rsquo;affichage :<\/span> non concern\u00e9\t\t\t\t\t<\/li>\n<\/ul>\n<\/li>\n<li class=\"product-features__item\" role=\"listitem\">\n<h3 class=\"product-features__label\">Dimensions<\/h3>\n<ul role=\"list\">\n<li class=\"product-features__item-list__item\" role=\"listitem\"><span class=\"is--medium\">LxHxP (encastrement) :<\/span> 98.3 x 15.7 x 58 cm\t\t\t\t\t<\/li>\n<li class=\"product-features__item-list__item\" role=\"listitem\"><span class=\"is--medium\">Dimensions l x h x p :<\/span> 100.2 x 15.7 x 59.9 cm\t\t\t\t\t<\/li>\n<li class=\"product-features__item-list__item\" role=\"listitem\"><span class=\"is--medium\">Poids net :<\/span> 34,70 Kg\t\t\t\t\t<\/li>\n<\/ul>\n<\/li>\n<li class=\"product-features__item\" role=\"listitem\">\n<h3 class=\"product-features__label\">Informations compl\u00e9mentaires<\/h3>\n<ul role=\"list\">\n<li class=\"product-features__item-list__item\" role=\"listitem\"><span class=\"is--medium\">Fabriqu\u00e9 en :<\/span> France\t\t\t\t\t<\/li>\n<li class=\"product-features__item-list__item\" role=\"listitem\"><span class=\"is--medium\">Garantie :<\/span> 2 ans\t\t\t\t\t<\/li>\n<li class=\"product-features__item-list__item\" role=\"listitem\"><span class=\"is--medium\">Disponibilit\u00e9 des pi\u00e8ces d\u00e9tach\u00e9es (donn\u00e9es fournisseur) :<\/span> Pendant 15 ans, \u00e0 compter de la date de fabrication\t\t\t\t\t<\/li>\n<\/ul>\n<\/li>\n<\/ul>\n<\/div>\n<div class=\"product__disclosure-content\">\n<div class=\"js-read-more product-description__content read-more read-more--truncated\" data-read-more-name=\"description\" style=\"max-height: 500px; overflow: hidden;\">\n<div class=\"product__description-content read-more\" style=\"\">\n<p>Table gaz GAGGENAU CG492211 : Excellence et Puissance pour Votre Cuisine<\/p>\n<h3> <img fetchpriority=\"high\" decoding=\"async\" ,=\"\" alt=\"Table gaz GAGGENAU CG492211\" class=\"wy_tableau_gauche\" height=\"270\" src=\"https:\/\/boulanger.scene7.com\/is\/image\/Boulanger\/4242006262082_h_f_l_0?wid=400&amp;hei=270\" width=\"400\"\/>Design et Performances au Rendez-vous                    <\/h3>\n<p>                        La table de cuisson gaz GAGGENAU CG492211 de la S\u00e9rie 400, avec sa largeur impressionnante de 100.2 cm, est con\u00e7ue pour s&rsquo;int\u00e9grer parfaitement dans les cuisines modernes et \u00e9l\u00e9gantes. Fabriqu\u00e9e en acier inoxydable bross\u00e9, elle offre un look raffin\u00e9 et une durabilit\u00e9 sans \u00e9gal. Cette table gaz est \u00e9quip\u00e9e de 5 br\u00fbleurs multi-couronnes, dont un puissant br\u00fbleur Wok de 6 kW, id\u00e9al pour des cuissons rapides et intenses. Les grilles en fonte \u00e0 fleur de plan de travail garantissent une haute stabilit\u00e9 des casseroles et une int\u00e9gration harmonieuse dans votre espace culinaire. Les boutons de commande en inox massif, situ\u00e9s sur un bandeau externe s\u00e9par\u00e9, offrent une utilisation intuitive et s\u00e9curis\u00e9e, avec un allumage automatique et rapide ainsi qu&rsquo;un contr\u00f4le \u00e9lectronique de la flamme avec r\u00e9-allumage automatique en cas d&rsquo;extinction accidentelle.                    <\/p>\n<\/p>\n<h3> <img decoding=\"async\" ,=\"\" alt=\"Table gaz GAGGENAU CG492211\" class=\"wy_tableau_right\" height=\"270\" src=\"https:\/\/boulanger.scene7.com\/is\/image\/Boulanger\/4242006262082_h_f_l_1?wid=400&amp;hei=270\" width=\"400\"\/>Confort d&rsquo;Utilisation et S\u00e9curit\u00e9 Avanc\u00e9e                    <\/h3>\n<p>                        La CG492211 propose une r\u00e9gulation tout \u00e9lectronique de la puissance en 12 positions de cuisson, permettant une ma\u00eetrise pr\u00e9cise de la taille de flamme pour des r\u00e9sultats de cuisson reproductibles. La fonction mijotage assure des cuissons \u00e0 temp\u00e9rature basse et r\u00e9guli\u00e8re, parfaite pour les plats n\u00e9cessitant une cuisson lente. En termes de s\u00e9curit\u00e9, cette table de cuisson est dot\u00e9e d&rsquo;un indicateur de chaleur r\u00e9siduelle et d&rsquo;une coupure de s\u00e9curit\u00e9 pour pr\u00e9venir tout risque d&rsquo;accident. Pour l&rsquo;installation, une distance lat\u00e9rale minimale de 300 mm avec les meubles lat\u00e9raux est recommand\u00e9e pour une protection optimale contre la chaleur, et une ventilation ad\u00e9quate de la pi\u00e8ce doit \u00eatre assur\u00e9e conform\u00e9ment \u00e0 la r\u00e9glementation locale. Avec ses accessoires int\u00e9gr\u00e9s et en option, la CG492211 s&rsquo;adapte \u00e0 toutes les exigences et devient un atout incontournable pour les passionn\u00e9s de gastronomie.                    <\/p>\n<\/p><\/div>\n<\/p>\n<p><a href=\"https:\/\/www.boulanger.com\/evenement\/livraison-domicile-gros-produits-service\" rel=\"noopener\" target=\"_blank\" title=\"Livraison \u00e0 domicile gros produits et service\"><img decoding=\"async\" height=\"160\" src=\"https:\/\/boulanger.scene7.com\/is\/image\/Boulanger\/Reprise ancien appareil?wid=1260\" width=\"1240\"\/><\/a><\/p>\n<\/div>\n<p><bl-button a11yexpanded=\"false\" arialabel=\"Afficher toute la description\" class=\"read-more__btn\" full=\"false\" link=\"true\"><\/bl-button><\/div>","protected":false},"excerpt":{"rendered":"<div class=\"keypoints\">\n<h3 class=\"keypoints__title\">Les points cl\u00e9s<\/h3>\n<ul role=\"list\">\n<li class=\"keypoints__item\" role=\"listitem\">                                        Encastrement XL : L 98,3 cm                      <\/li>\n<li class=\"keypoints__item\" role=\"listitem\">                                        Nombre de foyers : 5                      <\/li>\n<li class=\"keypoints__item\" role=\"listitem\">                                        Type de commandes : manettes                      <\/li>\n<li class=\"keypoints__item\" role=\"listitem\">                                        Sp\u00e9cificit\u00e9s : Acc\u00e8s direct                      <\/li>\n<\/ul>","protected":false},"featured_media":21494,"template":"","meta":{"_glsr_average":0,"_glsr_ranking":0,"_glsr_reviews":0},"product_cat":[222],"product_tag":[131,218,223],"class_list":{"0":"post-37766","1":"product","2":"type-product","3":"status-publish","4":"has-post-thumbnail","6":"product_cat-plaque-gaz","7":"product_tag-gros-electromenager","8":"product_tag-plaque-de-cuisson","9":"product_tag-plaque-gaz","11":"first","12":"instock","13":"sale","14":"shipping-taxable","15":"purchasable","16":"product-type-simple"},"_links":{"self":[{"href":"https:\/\/electromenagerexpress.com\/en\/wp-json\/wp\/v2\/product\/37766","targetHints":{"allow":["GET"]}}],"collection":[{"href":"https:\/\/electromenagerexpress.com\/en\/wp-json\/wp\/v2\/product"}],"about":[{"href":"https:\/\/electromenagerexpress.com\/en\/wp-json\/wp\/v2\/types\/product"}],"wp:featuredmedia":[{"embeddable":true,"href":"https:\/\/electromenagerexpress.com\/en\/wp-json\/wp\/v2\/media\/21494"}],"wp:attachment":[{"href":"https:\/\/electromenagerexpress.com\/en\/wp-json\/wp\/v2\/media?parent=37766"}],"wp:term":[{"taxonomy":"product_cat","embeddable":true,"href":"https:\/\/electromenagerexpress.com\/en\/wp-json\/wp\/v2\/product_cat?post=37766"},{"taxonomy":"product_tag","embeddable":true,"href":"https:\/\/electromenagerexpress.com\/en\/wp-json\/wp\/v2\/product_tag?post=37766"}],"curies":[{"name":"wp","href":"https:\/\/api.w.org\/{rel}","templated":true}]}}