{"id":37754,"date":"2024-11-21T13:33:33","date_gmt":"2024-11-21T13:33:33","guid":{"rendered":"https:\/\/electromenagerexpress.com\/product\/table-inductionelectroluxeis8648-sensepro-serie-900\/"},"modified":"2024-11-21T13:33:35","modified_gmt":"2024-11-21T13:33:35","slug":"table-inductionelectroluxeis8648-sensepro-serie-900","status":"publish","type":"product","link":"https:\/\/electromenagerexpress.com\/en\/product\/table-inductionelectroluxeis8648-sensepro-serie-900\/","title":{"rendered":"Table induction\t\t\t\t\t\t\tELECTROLUX\t\t\t\tEIS8648 SensePro Serie 900"},"content":{"rendered":"<div class=\"product-features__content\">\n<ul role=\"list\">\n<li class=\"product-features__item\" role=\"listitem\">\n<h3 class=\"product-features__label\">Cuisson<\/h3>\n<ul role=\"list\">\n<li class=\"product-features__item-list__item\" role=\"listitem\"><span class=\"is--medium\">Type de table :<\/span> induction, mont\u00e9e tr\u00e8s rapide en temp\u00e9rature, gestion pr\u00e9cise de la cuisson et grande facilit\u00e9 d&rsquo;entretien. C&rsquo;est le meilleur compromis consommation d&rsquo;\u00e9nergie \/ s\u00e9curit\u00e9 \/ entretien.\t\t\t\t\t<\/li>\n<li class=\"product-features__item-list__item\" role=\"listitem\"><span class=\"is--medium\">Puissance totale :<\/span> 7.350 W\t\t\t\t\t<\/li>\n<li class=\"product-features__item-list__item\" role=\"listitem\"><span class=\"is--medium\">Amp\u00e9rage requis pour l&rsquo;installation :<\/span> 32 A\t\t\t\t\t<\/li>\n<li class=\"product-features__item-list__item\" role=\"listitem\"><span class=\"is--medium\">Nombre de foyers :<\/span> 4\t\t\t\t\t<\/li>\n<li class=\"product-features__item-list__item\" role=\"listitem\"><span class=\"is--medium\">Dimension du grand foyer :<\/span> 24,0 cm\t\t\t\t\t<\/li>\n<li class=\"product-features__item-list__item\" role=\"listitem\"><span class=\"is--medium\">Dimension foyer arri\u00e8re gauche :<\/span> 21,0 cm\t\t\t\t\t<\/li>\n<li class=\"product-features__item-list__item\" role=\"listitem\"><span class=\"is--medium\">Dimension foyer avant gauche :<\/span> 21,0 cm\t\t\t\t\t<\/li>\n<li class=\"product-features__item-list__item\" role=\"listitem\"><span class=\"is--medium\">Dimension foyer arri\u00e8re droit :<\/span> 24,0 cm\t\t\t\t\t<\/li>\n<li class=\"product-features__item-list__item\" role=\"listitem\"><span class=\"is--medium\">Foyer modulable :<\/span> bridge, permet de r\u00e9unir 2 zones de cuisson en 1 seule de grande surface, cette fonction est id\u00e9ale pour une cocotte ovale.\t\t\t\t\t<\/li>\n<li class=\"product-features__item-list__item\" role=\"listitem\"><span class=\"is--medium\">S\u00e9curit\u00e9s :<\/span> arr\u00eat automatique, coupure en cas de d\u00e9bordement, anti surchauffe, verrouillage du clavier, d\u00e9tection d&rsquo;absence de r\u00e9cipient\t\t\t\t\t<\/li>\n<\/ul>\n<\/li>\n<li class=\"product-features__item\" role=\"listitem\">\n<h3 class=\"product-features__label\">Commandes<\/h3>\n<ul role=\"list\">\n<li class=\"product-features__item-list__item\" role=\"listitem\"><span class=\"is--medium\">Type de commandes :<\/span> tactiles centralis\u00e9es, permet d&rsquo;avoir un point de commande au milieu, pour choisir le foyer \u00e0 activer et d\u00e9terminer la puissance\t\t\t\t\t<\/li>\n<li class=\"product-features__item-list__item\" role=\"listitem\"><span class=\"is--medium\">Emplacement des commandes :<\/span> frontal\t\t\t\t\t<\/li>\n<li class=\"product-features__item-list__item\" role=\"listitem\"><span class=\"is--medium\">Nombre de boosters :<\/span> 4\t\t\t\t\t<\/li>\n<li class=\"product-features__item-list__item\" role=\"listitem\"><span class=\"is--medium\">Le saviez-vous ? :<\/span> le booster permet un acc\u00e8s direct \u00e0 la puissance maximale. Id\u00e9al pour porter \u00e0 \u00e9bullition ou saisir les viandes\t\t\t\t\t<\/li>\n<li class=\"product-features__item-list__item\" role=\"listitem\"><span class=\"is--medium\">Nombre de minuteurs :<\/span> 4\t\t\t\t\t<\/li>\n<li class=\"product-features__item-list__item\" role=\"listitem\"><span class=\"is--medium\">Le saviez-vous ? :<\/span> le minuteur arr\u00eate le foyer concern\u00e9 une fois le temps \u00e9coul\u00e9\t\t\t\t\t<\/li>\n<\/ul>\n<\/li>\n<li class=\"product-features__item\" role=\"listitem\">\n<h3 class=\"product-features__label\">Confort d&rsquo;utilisation<\/h3>\n<ul role=\"list\">\n<li class=\"product-features__item-list__item\" role=\"listitem\"><span class=\"is--medium\">Fonction \u00ab\u00a0pause\u00a0\u00bb m\u00e9morisation de programmes :<\/span> oui, permet de mettre en pause la cuisson puis relancer en conservant les r\u00e9glages\t\t\t\t\t<\/li>\n<li class=\"product-features__item-list__item\" role=\"listitem\"><span class=\"is--medium\">Interconnexion table\/hotte :<\/span> Oui. Une fois la table de cuisson active, l&rsquo;\u00e9clairage de la hotte compatible s&rsquo;enclenche et r\u00e8gle la puissance d&rsquo;aspiration en automatique.\t\t\t\t\t<\/li>\n<li class=\"product-features__item-list__item\" role=\"listitem\"><span class=\"is--medium\">Table connect\u00e9e Wifi :<\/span> non\t\t\t\t\t<\/li>\n<li class=\"product-features__item-list__item\" role=\"listitem\"><span class=\"is--medium\">Application d\u00e9di\u00e9e :<\/span> Hob2Hood\t\t\t\t\t<\/li>\n<li class=\"product-features__item-list__item\" role=\"listitem\"><span class=\"is--medium\">Sonde de cuisson :<\/span> sans fil, permet de surveiller la temp\u00e9rature au coeur des aliments et met fin au programme une fois la temp\u00e9rature atteinte.Vous avez la certitude de r\u00e9ussir vos cuissons m\u00eame d\u00e9licates.\t\t\t\t\t<\/li>\n<\/ul>\n<\/li>\n<li class=\"product-features__item\" role=\"listitem\">\n<h3 class=\"product-features__label\">Design<\/h3>\n<ul role=\"list\">\n<li class=\"product-features__item-list__item\" role=\"listitem\"><span class=\"is--medium\">Coloris :<\/span> Noir\t\t\t\t\t<\/li>\n<li class=\"product-features__item-list__item\" role=\"listitem\"><span class=\"is--medium\">Mati\u00e8re des grilles :<\/span> non concern\u00e9\t\t\t\t\t<\/li>\n<li class=\"product-features__item-list__item\" role=\"listitem\"><span class=\"is--medium\">Finition :<\/span> table biseaut\u00e9e\t\t\t\t\t<\/li>\n<li class=\"product-features__item-list__item\" role=\"listitem\"><span class=\"is--medium\">Couleur de l&rsquo;affichage :<\/span> rouge\t\t\t\t\t<\/li>\n<\/ul>\n<\/li>\n<li class=\"product-features__item\" role=\"listitem\">\n<h3 class=\"product-features__label\">Dimensions<\/h3>\n<ul role=\"list\">\n<li class=\"product-features__item-list__item\" role=\"listitem\"><span class=\"is--medium\">LxHxP (encastrement) :<\/span> 75 x 4.4 x 49 cm\t\t\t\t\t<\/li>\n<li class=\"product-features__item-list__item\" role=\"listitem\"><span class=\"is--medium\">Dimensions l x h x p :<\/span> 78 x 4.4 x 52 cm\t\t\t\t\t<\/li>\n<li class=\"product-features__item-list__item\" role=\"listitem\"><span class=\"is--medium\">Longueur du cordon d&rsquo;alimentation :<\/span> 1,50 m\t\t\t\t\t<\/li>\n<li class=\"product-features__item-list__item\" role=\"listitem\"><span class=\"is--medium\">Poids net :<\/span> 12,12 Kg\t\t\t\t\t<\/li>\n<\/ul>\n<\/li>\n<li class=\"product-features__item\" role=\"listitem\">\n<h3 class=\"product-features__label\">Informations compl\u00e9mentaires<\/h3>\n<ul role=\"list\">\n<li class=\"product-features__item-list__item\" role=\"listitem\"><span class=\"is--medium\">Fabriqu\u00e9 en :<\/span> Allemagne\t\t\t\t\t<\/li>\n<li class=\"product-features__item-list__item\" role=\"listitem\"><span class=\"is--medium\">Garantie :<\/span> 2 ans\t\t\t\t\t<\/li>\n<li class=\"product-features__item-list__item\" role=\"listitem\"><span class=\"is--medium\">Assembl\u00e9 en :<\/span> Europe\t\t\t\t\t<\/li>\n<li class=\"product-features__item-list__item\" role=\"listitem\"><span class=\"is--medium\">Disponibilit\u00e9 des pi\u00e8ces d\u00e9tach\u00e9es (donn\u00e9es fournisseur) :<\/span> Pendant 15 ans, \u00e0 compter de la date fin de fabrication\t\t\t\t\t<\/li>\n<\/ul>\n<\/li>\n<\/ul>\n<\/div>\n<div class=\"product__disclosure-content\">\n<div class=\"js-read-more product-description__content read-more read-more--truncated\" data-read-more-name=\"description\" style=\"max-height: 500px; overflow: hidden;\">\n<h3>Une table induction avec sonde<\/h3>\n<p>La table de cuisson Sense Pro d&rsquo;Electrolux est une plaque de cuisson intelligente gr\u00e2ce \u00e0 sa sonde sans fil qui communique en permanence avec elle. Id\u00e9ale pour amateurs ou pour les passionn\u00e9s de cuisine, la sonde vous permet une cuisson ma\u00eetris\u00e9e au degr\u00e9 pr\u00e8s pour cuisiner comme un professionnel. Pas de doute, avec elle, la cuisson de viandes et poissons sera r\u00e9ussie !<\/p>\n<p>Avec l&rsquo;aide de la sonde de cuisson sans fil, la table s&rsquo;adapte \u00e0 tous vos plats et est capable de mesurer et maintenir la temp\u00e9rature de l&rsquo;eau dans le cadre d&rsquo;une cuisson sous vide, par exemple. Mieux encore, d\u00e8s que la temp\u00e9rature id\u00e9ale pour votre pav\u00e9 de boeuf saignant est atteinte \u00e0 coeur,  l&rsquo;arr\u00eat de la plaque se fait automatiquement. <\/p>\n<p>Pour fonctionner, pas besoin de vous pr\u00e9occuper de la charge, la sonde poss\u00e8de une batterie qui se recharge automatiquement en induction lorsque vous l&rsquo;utilisez avec la table. Une utilisation simple et pratique !<\/p>\n<p><img decoding=\"async\" 1000\"\"\"\"\"\"\"\"=\"\" 7332543659043_h_z_l_5?wid=\"1000\" 750\"\"\"\"\"\"\"\"=\"\" alt=\"\" boulanger=\"\" boulanger.scene7.com=\"\" electrolux\"\"\"\"\"\"\"\"=\"\" height=\"\" https:=\"\" image=\"\" induction=\"\" is=\"\" sensepro=\"\" src=\"\" table=\"\" width=\"\"\/><\/p>\n<h3>Une plaque de cuisson avec \u00e9cran tactile<\/h3>\n<p>Pour les r\u00e9glages, la table induction Sense Pro poss\u00e8de un \u00e9cran tactile avec lequel vous pouvez choisir le type de cuisson, r\u00e9gler la temp\u00e9rature d\u00e9sir\u00e9e et s\u00e9lectionner un type d&rsquo;aliment \u00e0 cuisiner. <\/p>\n<p>Elle est capable de donner des informations pratiques, par exemple vous indiquer quand l&rsquo;eau est \u00e0 la bonne temp\u00e9rature pour y plonger votre escalope de poulet sous vide.<\/p>\n<h3>Des fonctionnalit\u00e9s qui font la diff\u00e9rence !<\/h3>\n<p>Cette table induction Sense pro embarque des fonctionnalit\u00e9s haut de gamme. Elle est \u00e9quip\u00e9e d&rsquo;un minuteur individuel pour ses 4 foyers. Gr\u00e2ce au minuteur, contr\u00f4lez et ma\u00eetrisez facilement la cuisson.  <\/p>\n<p>Id\u00e9ale pour les planchas entre amis ou pour les plats de grande taille comme un autocuiseur, la fonction Bridge vous permet de regrouper 2 zones pour en former une plus grande.<\/p>\n<p>Elle dispose \u00e9galement de la technologie Hob2Hood qui lui permet de se connecter \u00e0 distance \u00e0 votre hotte compatible. Une fois connect\u00e9e, la hotte se met en marche automatiquement, lance l&rsquo;\u00e9clairage et adapte sa vitesse de fonctionnement selon les cuissons. Par exemple, l&rsquo;extraction sera plus puissante dans le cas de la cuisson d&rsquo;un plat mijoter pour \u00e9viter que les odeurs se r\u00e9pandent dans votre maison.<\/p>\n<p><img decoding=\"async\" 1000\"\"\"\"\"\"\"\"=\"\" 7332543659043_h_f_l_3?wid=\"1000\" 749\"\"\"\"\"\"\"\"=\"\" alt=\"\" avec=\"\" boulanger=\"\" boulanger.scene7.com=\"\" cuisson=\"\" de=\"\" height=\"\" https:=\"\" image=\"\" is=\"\" plaque=\"\" sonde\"\"\"\"\"\"\"\"=\"\" src=\"\" width=\"\"\/><\/p>\n<\/p>\n<p><video class=\"s7Video\" controls=\"\" controlslist=\"nodownload\" poster=\"https:\/\/boulanger.scene7.com\/is\/image\/Boulanger\/7332543659043_v_0?scl=1\" preload=\"metadata\" src=\"https:\/\/boulanger.scene7.com\/is\/content\/Boulanger\/7332543659043_v_0\" width=\"100%\"><\/video><\/p>\n<p><a href=\"https:\/\/www.boulanger.com\/evenement\/livraison-domicile-gros-produits-service\" rel=\"noopener\" target=\"_blank\" title=\"Livraison \u00e0 domicile gros produits et service\"><img fetchpriority=\"high\" decoding=\"async\" height=\"160\" src=\"https:\/\/boulanger.scene7.com\/is\/image\/Boulanger\/Reprise ancien appareil?wid=1260\" width=\"1240\"\/><\/a><\/p>\n<\/div>\n<p><bl-button a11yexpanded=\"false\" arialabel=\"Afficher toute la description\" class=\"read-more__btn\" full=\"false\" link=\"true\">Voir plus<\/bl-button><\/div>","protected":false},"excerpt":{"rendered":"<div class=\"keypoints\">\n<h3 class=\"keypoints__title\">Les points cl\u00e9s<\/h3>\n<ul role=\"list\">\n<li class=\"keypoints__item\" role=\"listitem\">                                        Encastrement XL : L 75 cm                      <\/li>\n<li class=\"keypoints__item\" role=\"listitem\">                          Nombre de foyers : 4 &#8211;                                                      Zone modulable : bridge                      <\/li>\n<li class=\"keypoints__item\" role=\"listitem\">                                        Type de commandes : tactiles centralis\u00e9es                      <\/li>\n<li class=\"keypoints__item\" role=\"listitem\">                                        Sp\u00e9cificit\u00e9s : Fonction \u00ab\u00a0pause\u00a0\u00bb m\u00e9morisation de programmes, Interconnexion table\/hotte, Sonde de cuisson                      <\/li>\n<li class=\"keypoints__item keypoints__item--advantage\" role=\"listitem\"><strong>Le + :<\/strong> En s\u00e9lectionnant votre pr\u00e9paration via l&rsquo;\u00e9cran tactile, la table pilote la sonde de cuisson sans fil pour un r\u00e9sultat ma\u00eetris\u00e9 au degr\u00e9 pr\u00e8s.      <\/li>\n<\/ul>","protected":false},"featured_media":21370,"template":"","meta":{"_glsr_average":0,"_glsr_ranking":0,"_glsr_reviews":0},"product_cat":[217],"product_tag":[131,218,219],"class_list":{"0":"post-37754","1":"product","2":"type-product","3":"status-publish","4":"has-post-thumbnail","6":"product_cat-plaque-induction","7":"product_tag-gros-electromenager","8":"product_tag-plaque-de-cuisson","9":"product_tag-plaque-induction","11":"first","12":"instock","13":"sale","14":"shipping-taxable","15":"purchasable","16":"product-type-simple"},"_links":{"self":[{"href":"https:\/\/electromenagerexpress.com\/en\/wp-json\/wp\/v2\/product\/37754","targetHints":{"allow":["GET"]}}],"collection":[{"href":"https:\/\/electromenagerexpress.com\/en\/wp-json\/wp\/v2\/product"}],"about":[{"href":"https:\/\/electromenagerexpress.com\/en\/wp-json\/wp\/v2\/types\/product"}],"wp:featuredmedia":[{"embeddable":true,"href":"https:\/\/electromenagerexpress.com\/en\/wp-json\/wp\/v2\/media\/21370"}],"wp:attachment":[{"href":"https:\/\/electromenagerexpress.com\/en\/wp-json\/wp\/v2\/media?parent=37754"}],"wp:term":[{"taxonomy":"product_cat","embeddable":true,"href":"https:\/\/electromenagerexpress.com\/en\/wp-json\/wp\/v2\/product_cat?post=37754"},{"taxonomy":"product_tag","embeddable":true,"href":"https:\/\/electromenagerexpress.com\/en\/wp-json\/wp\/v2\/product_tag?post=37754"}],"curies":[{"name":"wp","href":"https:\/\/api.w.org\/{rel}","templated":true}]}}