{"id":37744,"date":"2024-11-21T13:33:07","date_gmt":"2024-11-21T13:33:07","guid":{"rendered":"https:\/\/electromenagerexpress.com\/product\/table-inductionnefft68pty4l0-twistpad\/"},"modified":"2024-11-21T13:33:09","modified_gmt":"2024-11-21T13:33:09","slug":"table-inductionnefft68pty4l0-twistpad","status":"publish","type":"product","link":"https:\/\/electromenagerexpress.com\/en\/product\/table-inductionnefft68pty4l0-twistpad\/","title":{"rendered":"Table induction\t\t\t\t\t\t\tNEFF\t\t\t\tT68PTY4L0 TwistPad"},"content":{"rendered":"<div class=\"product-features__content\">\n<ul role=\"list\">\n<li class=\"product-features__item\" role=\"listitem\">\n<h3 class=\"product-features__label\">Cuisson<\/h3>\n<ul role=\"list\">\n<li class=\"product-features__item-list__item\" role=\"listitem\"><span class=\"is--medium\">Type de table :<\/span> induction, mont\u00e9e tr\u00e8s rapide en temp\u00e9rature, gestion pr\u00e9cise de la cuisson et grande facilit\u00e9 d&rsquo;entretien. C&rsquo;est le meilleur compromis consommation d&rsquo;\u00e9nergie \/ s\u00e9curit\u00e9 \/ entretien.\t\t\t\t\t<\/li>\n<li class=\"product-features__item-list__item\" role=\"listitem\"><span class=\"is--medium\">Puissance totale :<\/span> 7.400 W\t\t\t\t\t<\/li>\n<li class=\"product-features__item-list__item\" role=\"listitem\"><span class=\"is--medium\">Amp\u00e9rage requis pour l&rsquo;installation :<\/span> 32 A\t\t\t\t\t<\/li>\n<li class=\"product-features__item-list__item\" role=\"listitem\"><span class=\"is--medium\">Nombre de foyers :<\/span> 4\t\t\t\t\t<\/li>\n<li class=\"product-features__item-list__item\" role=\"listitem\"><span class=\"is--medium\">Dimension foyer arri\u00e8re gauche :<\/span> 23,0 cm\t\t\t\t\t<\/li>\n<li class=\"product-features__item-list__item\" role=\"listitem\"><span class=\"is--medium\">Dimension foyer avant gauche :<\/span> 23,0 cm\t\t\t\t\t<\/li>\n<li class=\"product-features__item-list__item\" role=\"listitem\"><span class=\"is--medium\">Dimension foyer arri\u00e8re droit :<\/span> 23,0 cm\t\t\t\t\t<\/li>\n<li class=\"product-features__item-list__item\" role=\"listitem\"><span class=\"is--medium\">Dimension foyer avant droit :<\/span> 23,0 cm\t\t\t\t\t<\/li>\n<li class=\"product-features__item-list__item\" role=\"listitem\"><span class=\"is--medium\">Foyer modulable :<\/span> zone flexible \u00e9tendue, permet d&rsquo;avoir une homog\u00e9n\u00e9it\u00e9 de la chaleur sur toute la zone et s&rsquo;adapte automatiquement \u00e0 la taille de votre casserolerie, m\u00eame les bien plus grandes grace \u00e0 l&rsquo;extension de la zone de cuisson.\t\t\t\t\t<\/li>\n<li class=\"product-features__item-list__item\" role=\"listitem\"><span class=\"is--medium\">S\u00e9curit\u00e9s :<\/span> arr\u00eat automatique, coupure en cas de d\u00e9bordement, anti surchauffe, verrouillage du clavier, t\u00e9moin de chaleur r\u00e9siduelle, d\u00e9tection d&rsquo;absence de r\u00e9cipient, d\u00e9tection de petits objets, t\u00e9moin de mise sous tension\t\t\t\t\t<\/li>\n<\/ul>\n<\/li>\n<li class=\"product-features__item\" role=\"listitem\">\n<h3 class=\"product-features__label\">Commandes<\/h3>\n<ul role=\"list\">\n<li class=\"product-features__item-list__item\" role=\"listitem\"><span class=\"is--medium\">Type de commandes :<\/span> bouton magn\u00e9tique amovible, permet de s\u00e9lectionner manuellement, r\u00e9gler la puissance des foyers et de faciliter le nettoyage\t\t\t\t\t<\/li>\n<li class=\"product-features__item-list__item\" role=\"listitem\"><span class=\"is--medium\">Emplacement des commandes :<\/span> frontal\t\t\t\t\t<\/li>\n<li class=\"product-features__item-list__item\" role=\"listitem\"><span class=\"is--medium\">Nombre de niveau de puissance :<\/span> 17\t\t\t\t\t<\/li>\n<li class=\"product-features__item-list__item\" role=\"listitem\"><span class=\"is--medium\">Le saviez-vous ? :<\/span> plus le nombre de niveau de puissance est \u00e9lev\u00e9, plus il sera possible de ma\u00eetriser la cuisson de vos aliments.\t\t\t\t\t<\/li>\n<li class=\"product-features__item-list__item\" role=\"listitem\"><span class=\"is--medium\">Nombre de boosters :<\/span> 4\t\t\t\t\t<\/li>\n<li class=\"product-features__item-list__item\" role=\"listitem\"><span class=\"is--medium\">Le saviez-vous ? :<\/span> le booster permet un acc\u00e8s direct \u00e0 la puissance maximale. Id\u00e9al pour porter \u00e0 \u00e9bullition ou saisir les viandes\t\t\t\t\t<\/li>\n<li class=\"product-features__item-list__item\" role=\"listitem\"><span class=\"is--medium\">Nombre de minuteurs :<\/span> 4\t\t\t\t\t<\/li>\n<li class=\"product-features__item-list__item\" role=\"listitem\"><span class=\"is--medium\">Le saviez-vous ? :<\/span> le minuteur arr\u00eate le foyer concern\u00e9 une fois le temps \u00e9coul\u00e9\t\t\t\t\t<\/li>\n<\/ul>\n<\/li>\n<li class=\"product-features__item\" role=\"listitem\">\n<h3 class=\"product-features__label\">Confort d&rsquo;utilisation<\/h3>\n<ul role=\"list\">\n<li class=\"product-features__item-list__item\" role=\"listitem\"><span class=\"is--medium\">Fonction \u00ab\u00a0pause\u00a0\u00bb m\u00e9morisation de programmes :<\/span> oui, permet de mettre en pause la cuisson puis relancer en conservant les r\u00e9glages\t\t\t\t\t<\/li>\n<li class=\"product-features__item-list__item\" role=\"listitem\"><span class=\"is--medium\">Fonction red\u00e9marrage :<\/span> vous avez \u00e9teint votre table involontairement? Cette fonction vous permet de r\u00e9tablir tous les r\u00e9glages pr\u00e9c\u00e9dents en mettant la table de cuisson en marche dans les secondes qui suivent l&rsquo;extinction.\t\t\t\t\t<\/li>\n<li class=\"product-features__item-list__item\" role=\"listitem\"><span class=\"is--medium\">Fonction contr\u00f4le automatique de la temp\u00e9rature au sein de la po\u00eale :<\/span> oui\t\t\t\t\t<\/li>\n<li class=\"product-features__item-list__item\" role=\"listitem\"><span class=\"is--medium\">Zone de temp\u00e9rature modulable :<\/span> permet de changer la puissance de chauffe automatiquement en faisant glisser votre casserolerie sur la zone flexible de votre table de cuisson.\t\t\t\t\t<\/li>\n<li class=\"product-features__item-list__item\" role=\"listitem\"><span class=\"is--medium\">D\u00e9marrage rapide :<\/span> votre plaque d\u00e9tecte automatiquement l&rsquo;endroit o\u00f9 la casserolerie est pos\u00e9e et vous permet de choisir la puissance sans devoir s\u00e9lectionner la zone de cuisson.\t\t\t\t\t<\/li>\n<li class=\"product-features__item-list__item\" role=\"listitem\"><span class=\"is--medium\">Transfert de donn\u00e9es :<\/span> d\u00e9placez votre casserolerie d&rsquo;un foyer \u00e0 un autre, la puissance de chauffe vous suivra.\t\t\t\t\t<\/li>\n<li class=\"product-features__item-list__item\" role=\"listitem\"><span class=\"is--medium\">Programmes pr\u00e9-d\u00e9finis :<\/span> Fonction red\u00e9marrage :, Fonction de zone de temp\u00e9rature modulable :, Fonction d\u00e9marrage rapide, Fonction transfert de donn\u00e9es\t\t\t\t\t<\/li>\n<li class=\"product-features__item-list__item\" role=\"listitem\"><span class=\"is--medium\">Le saviez-vous ? :<\/span> Ces fonctions de cuisson sont directement accessibles sur le bandeau de commande. Facilit\u00e9 et gain de temps.\t\t\t\t\t<\/li>\n<li class=\"product-features__item-list__item\" role=\"listitem\"><span class=\"is--medium\">Interconnexion table\/hotte :<\/span> Oui. Une fois la table de cuisson active, l&rsquo;\u00e9clairage de la hotte compatible s&rsquo;enclenche et r\u00e8gle la puissance d&rsquo;aspiration en automatique.\t\t\t\t\t<\/li>\n<li class=\"product-features__item-list__item\" role=\"listitem\"><span class=\"is--medium\">Table connect\u00e9e Wifi :<\/span> oui\t\t\t\t\t<\/li>\n<li class=\"product-features__item-list__item\" role=\"listitem\"><span class=\"is--medium\">Application d\u00e9di\u00e9e :<\/span> Home connect\t\t\t\t\t<\/li>\n<li class=\"product-features__item-list__item\" role=\"listitem\"><span class=\"is--medium\">Sonde de cuisson :<\/span> non\t\t\t\t\t<\/li>\n<\/ul>\n<\/li>\n<li class=\"product-features__item\" role=\"listitem\">\n<h3 class=\"product-features__label\">Design<\/h3>\n<ul role=\"list\">\n<li class=\"product-features__item-list__item\" role=\"listitem\"><span class=\"is--medium\">Coloris :<\/span> Verre noir\t\t\t\t\t<\/li>\n<li class=\"product-features__item-list__item\" role=\"listitem\"><span class=\"is--medium\">Mati\u00e8re des grilles :<\/span> non concern\u00e9\t\t\t\t\t<\/li>\n<li class=\"product-features__item-list__item\" role=\"listitem\"><span class=\"is--medium\">Couleur de l&rsquo;affichage :<\/span> blanc\t\t\t\t\t<\/li>\n<\/ul>\n<\/li>\n<li class=\"product-features__item\" role=\"listitem\">\n<h3 class=\"product-features__label\">Dimensions<\/h3>\n<ul role=\"list\">\n<li class=\"product-features__item-list__item\" role=\"listitem\"><span class=\"is--medium\">LxHxP (encastrement) :<\/span> 78 x 50 x 5.6 cm\t\t\t\t\t<\/li>\n<li class=\"product-features__item-list__item\" role=\"listitem\"><span class=\"is--medium\">Dimensions l x h x p :<\/span> 79.2 x 5.6 x 51.2 cm\t\t\t\t\t<\/li>\n<li class=\"product-features__item-list__item\" role=\"listitem\"><span class=\"is--medium\">Poids net :<\/span> 13,60 Kg\t\t\t\t\t<\/li>\n<\/ul>\n<\/li>\n<li class=\"product-features__item\" role=\"listitem\">\n<h3 class=\"product-features__label\">Informations compl\u00e9mentaires<\/h3>\n<ul role=\"list\">\n<li class=\"product-features__item-list__item\" role=\"listitem\"><span class=\"is--medium\">Fabriqu\u00e9 en :<\/span> Espagne\t\t\t\t\t<\/li>\n<li class=\"product-features__item-list__item\" role=\"listitem\"><span class=\"is--medium\">Garantie :<\/span> 2 ans\t\t\t\t\t<\/li>\n<li class=\"product-features__item-list__item\" role=\"listitem\"><span class=\"is--medium\">Assembl\u00e9 en :<\/span> Europe\t\t\t\t\t<\/li>\n<li class=\"product-features__item-list__item\" role=\"listitem\"><span class=\"is--medium\">Disponibilit\u00e9 des pi\u00e8ces d\u00e9tach\u00e9es (donn\u00e9es fournisseur) :<\/span> Pendant 15 ans, \u00e0 compter de la date de fabrication\t\t\t\t\t<\/li>\n<\/ul>\n<\/li>\n<\/ul>\n<\/div>\n<div class=\"product__disclosure-content\">\n<div class=\"js-read-more product-description__content read-more read-more--truncated\" data-read-more-name=\"description\" style=\"max-height: 500px; overflow: hidden;\">\n<p><center><a href=\"https:\/\/www.boulanger.com\/evenement\/corner-neff\"><img fetchpriority=\"high\" decoding=\"async\" height=\"160\" src=\"https:\/\/boulanger.scene7.com\/is\/image\/Boulanger\/OP0123GAMB_d?wid=1260\" width=\"1260\"\/><\/a><\/center><\/p>\n<p>Avec la table \u00e0 induction NEFF T68PTY4L0, vous disposez de toute la place n\u00e9cessaire pour la cuisson de vos plats. De quoi r\u00e9galer une grande tabl\u00e9e de convives ou pr\u00e9parer ses repas en une fois pour toute la semaine.<\/p>\n<h3><img decoding=\"async\" ,=\"\" alt=\"Table Induc NEFF T68PTY4L0\" class=\"wy_tableau_gauche\" height=\"270\" src=\"https:\/\/boulanger.scene7.com\/is\/image\/Boulanger\/4242004267027_h_f_l_0?wid=400&amp;hei=270\" width=\"400\"\/>Une grande plaque \u00e0 induction 4 foyers<\/h3>\n<p>La table \u00e0 induction NEFF T68PTY4L0 n\u00e9cessite un <b>encastrement de 80 cm<\/b> dans le sens de la largeur sur votre plan de travail. Avec son design \u00e9pur\u00e9 et son rev\u00eatement de surface en vitroc\u00e9ramique, elle s&rsquo;int\u00e9grera facilement dans votre cuisine.<\/p>\n<p>Gr\u00e2ce aux <b>4 foyers<\/b> de la table \u00e0 induction NEFF T68PTY4L0, vous pourrez pr\u00e9parer plusieurs plats en simultan\u00e9 : soupe, l\u00e9gumes, viande et sauce ! Le nombre de feux est id\u00e9al pour vous permettre de parer \u00e0 toutes les \u00e9ventualit\u00e9s. Vous pourrez \u00e9galement faire r\u00e9chauffer le plat des plus petits pendant que le menu complet des grands mijote.<\/p>\n<h3><img decoding=\"async\" ,=\"\" alt=\"Table Induc NEFF T68PTY4L0\" class=\"wy_tableau_right\" height=\"270\" src=\"https:\/\/boulanger.scene7.com\/is\/image\/Boulanger\/4242004267027_h_f_l_1?wid=400&amp;hei=270\" width=\"400\"\/>Des foyers modulables et XXL<\/h3>\n<p>La table \u00e0 induction NEFF T68PTY4L0 est synonyme de flexibilit\u00e9 car elle est capable de passer de 4 foyers \u00e0 2 grandes zones modulables pour accueillir vos plus grands plats jusqu&rsquo;\u00e0 40 cm de long. Ces zones <b>FlexInduction XL<\/b> permettent une r\u00e9partition homog\u00e8ne de la chaleur sous l&rsquo;ensemble du plat \u00e0 r\u00e9chauffer, qu&rsquo;il s&rsquo;agisse d&rsquo;un wok, d&rsquo;un grill ou d&rsquo;une cocotte en fonte ovale.<\/p>\n<p>La gestion de votre table \u00e0 induction NEFF T68PTY4L0 est aussi simple que r\u00e9volutionnaire. La puissance des diff\u00e9rentes zones de cuisson se contr\u00f4le du bout des doigts gr\u00e2ce au <b>Twist Pad<\/b> : un bouton magn\u00e9tique et amovible !<\/p>\n<\/p>\n<\/div>\n<p><bl-button a11yexpanded=\"false\" arialabel=\"Afficher toute la description\" class=\"read-more__btn\" full=\"false\" link=\"true\">Voir plus<\/bl-button><\/div>","protected":false},"excerpt":{"rendered":"<div class=\"keypoints\">\n<h3 class=\"keypoints__title\">Les points cl\u00e9s<\/h3>\n<ul role=\"list\">\n<li class=\"keypoints__item\" role=\"listitem\">                                        Encastrement XL : L 78 cm                      <\/li>\n<li class=\"keypoints__item\" role=\"listitem\">                          Nombre de foyers : 4 &#8211;                                                      Zone modulable : zone flexible                      <\/li>\n<li class=\"keypoints__item\" role=\"listitem\">                                        Type de commandes : bouton magn\u00e9tique amovible                      <\/li>\n<li class=\"keypoints__item\" role=\"listitem\">                                        Sp\u00e9cificit\u00e9s : Fonction \u00ab\u00a0pause\u00a0\u00bb m\u00e9morisation de programmes, Acc\u00e8s direct, Interconnexion table\/hotte, Table connect\u00e9e                      <\/li>\n<li class=\"keypoints__item keypoints__item--advantage\" role=\"listitem\"><strong>Le + :<\/strong> contr\u00f4le de la puissance via le bouton amovible. Zones de cuisson XXL pour de larges casseroles.      <\/li>\n<\/ul>","protected":false},"featured_media":21286,"template":"","meta":{"_glsr_average":0,"_glsr_ranking":0,"_glsr_reviews":0},"product_cat":[217],"product_tag":[131,218,219],"class_list":{"0":"post-37744","1":"product","2":"type-product","3":"status-publish","4":"has-post-thumbnail","6":"product_cat-plaque-induction","7":"product_tag-gros-electromenager","8":"product_tag-plaque-de-cuisson","9":"product_tag-plaque-induction","11":"first","12":"instock","13":"sale","14":"shipping-taxable","15":"purchasable","16":"product-type-simple"},"_links":{"self":[{"href":"https:\/\/electromenagerexpress.com\/en\/wp-json\/wp\/v2\/product\/37744","targetHints":{"allow":["GET"]}}],"collection":[{"href":"https:\/\/electromenagerexpress.com\/en\/wp-json\/wp\/v2\/product"}],"about":[{"href":"https:\/\/electromenagerexpress.com\/en\/wp-json\/wp\/v2\/types\/product"}],"wp:featuredmedia":[{"embeddable":true,"href":"https:\/\/electromenagerexpress.com\/en\/wp-json\/wp\/v2\/media\/21286"}],"wp:attachment":[{"href":"https:\/\/electromenagerexpress.com\/en\/wp-json\/wp\/v2\/media?parent=37744"}],"wp:term":[{"taxonomy":"product_cat","embeddable":true,"href":"https:\/\/electromenagerexpress.com\/en\/wp-json\/wp\/v2\/product_cat?post=37744"},{"taxonomy":"product_tag","embeddable":true,"href":"https:\/\/electromenagerexpress.com\/en\/wp-json\/wp\/v2\/product_tag?post=37744"}],"curies":[{"name":"wp","href":"https:\/\/api.w.org\/{rel}","templated":true}]}}