{"id":37719,"date":"2024-11-21T13:32:09","date_gmt":"2024-11-21T13:32:09","guid":{"rendered":"https:\/\/electromenagerexpress.com\/product\/table-gaznefft26cs12s0\/"},"modified":"2024-11-21T13:32:10","modified_gmt":"2024-11-21T13:32:10","slug":"table-gaznefft26cs12s0","status":"publish","type":"product","link":"https:\/\/electromenagerexpress.com\/en\/product\/table-gaznefft26cs12s0\/","title":{"rendered":"Table gaz\t\t\t\t\t\t\tNEFF\t\t\t\tT26CS12S0"},"content":{"rendered":"<div class=\"product-features__content\">\n<ul role=\"list\">\n<li class=\"product-features__item\" role=\"listitem\">\n<h3 class=\"product-features__label\">Cuisson<\/h3>\n<ul role=\"list\">\n<li class=\"product-features__item-list__item\" role=\"listitem\"><span class=\"is--medium\">Type de table :<\/span> gaz, chauffe rapide et contr\u00f4le visuel de la cuisson.\t\t\t\t\t<\/li>\n<li class=\"product-features__item-list__item\" role=\"listitem\"><span class=\"is--medium\">Puissance totale :<\/span> 8.000 W\t\t\t\t\t<\/li>\n<li class=\"product-features__item-list__item\" role=\"listitem\"><span class=\"is--medium\">Amp\u00e9rage requis pour l&rsquo;installation :<\/span> 32 A\t\t\t\t\t<\/li>\n<li class=\"product-features__item-list__item\" role=\"listitem\"><span class=\"is--medium\">Nombre de foyers :<\/span> 3\t\t\t\t\t<\/li>\n<li class=\"product-features__item-list__item\" role=\"listitem\"><span class=\"is--medium\">S\u00e9curit\u00e9s :<\/span> coupure de gaz automatique (thermocouple)\t\t\t\t\t<\/li>\n<\/ul>\n<\/li>\n<li class=\"product-features__item\" role=\"listitem\">\n<h3 class=\"product-features__label\">Commandes<\/h3>\n<ul role=\"list\">\n<li class=\"product-features__item-list__item\" role=\"listitem\"><span class=\"is--medium\">Type de commandes :<\/span> manettes\t\t\t\t\t<\/li>\n<li class=\"product-features__item-list__item\" role=\"listitem\"><span class=\"is--medium\">Emplacement des commandes :<\/span> frontal\t\t\t\t\t<\/li>\n<li class=\"product-features__item-list__item\" role=\"listitem\"><span class=\"is--medium\">Nombre de boosters :<\/span> 0\t\t\t\t\t<\/li>\n<li class=\"product-features__item-list__item\" role=\"listitem\"><span class=\"is--medium\">Nombre de minuteurs :<\/span> 0\t\t\t\t\t<\/li>\n<\/ul>\n<\/li>\n<li class=\"product-features__item\" role=\"listitem\">\n<h3 class=\"product-features__label\">Confort d&rsquo;utilisation<\/h3>\n<ul role=\"list\">\n<li class=\"product-features__item-list__item\" role=\"listitem\"><span class=\"is--medium\">Table connect\u00e9e Wifi :<\/span> non\t\t\t\t\t<\/li>\n<li class=\"product-features__item-list__item\" role=\"listitem\"><span class=\"is--medium\">Application d\u00e9di\u00e9e :<\/span> Sans application\t\t\t\t\t<\/li>\n<\/ul>\n<\/li>\n<li class=\"product-features__item\" role=\"listitem\">\n<h3 class=\"product-features__label\">Design<\/h3>\n<ul role=\"list\">\n<li class=\"product-features__item-list__item\" role=\"listitem\"><span class=\"is--medium\">Coloris :<\/span> Noir\t\t\t\t\t<\/li>\n<li class=\"product-features__item-list__item\" role=\"listitem\"><span class=\"is--medium\">Mati\u00e8re des grilles :<\/span> fonte\t\t\t\t\t<\/li>\n<li class=\"product-features__item-list__item\" role=\"listitem\"><span class=\"is--medium\">Type de couronne :<\/span> simple\t\t\t\t\t<\/li>\n<li class=\"product-features__item-list__item\" role=\"listitem\"><span class=\"is--medium\">Couleur de l&rsquo;affichage :<\/span> non concern\u00e9\t\t\t\t\t<\/li>\n<\/ul>\n<\/li>\n<li class=\"product-features__item\" role=\"listitem\">\n<h3 class=\"product-features__label\">Dimensions<\/h3>\n<ul role=\"list\">\n<li class=\"product-features__item-list__item\" role=\"listitem\"><span class=\"is--medium\">LxHxP (encastrement) :<\/span> 56.2 x 49.2 x 4.5 cm\t\t\t\t\t<\/li>\n<li class=\"product-features__item-list__item\" role=\"listitem\"><span class=\"is--medium\">Dimensions l x h x p :<\/span> 59 x 4.5 x 52 cm\t\t\t\t\t<\/li>\n<li class=\"product-features__item-list__item\" role=\"listitem\"><span class=\"is--medium\">Poids net :<\/span> 13,30 Kg\t\t\t\t\t<\/li>\n<\/ul>\n<\/li>\n<li class=\"product-features__item\" role=\"listitem\">\n<h3 class=\"product-features__label\">Informations compl\u00e9mentaires<\/h3>\n<ul role=\"list\">\n<li class=\"product-features__item-list__item\" role=\"listitem\"><span class=\"is--medium\">Fabriqu\u00e9 en :<\/span> Espagne\t\t\t\t\t<\/li>\n<li class=\"product-features__item-list__item\" role=\"listitem\"><span class=\"is--medium\">Garantie :<\/span> 2 ans\t\t\t\t\t<\/li>\n<li class=\"product-features__item-list__item\" role=\"listitem\"><span class=\"is--medium\">Disponibilit\u00e9 des pi\u00e8ces d\u00e9tach\u00e9es (donn\u00e9es fournisseur) :<\/span> Pendant 15 ans, \u00e0 compter de la date d&rsquo;achat\t\t\t\t\t<\/li>\n<\/ul>\n<\/li>\n<\/ul>\n<\/div>\n<div class=\"product__disclosure-content\">\n<div class=\"js-read-more product-description__content read-more read-more--truncated\" data-read-more-name=\"description\" style=\"max-height: 500px; overflow: hidden;\">\n<p>La table de cuisson \u00e0 gaz NEFF T26CS12S0 marie design \u00e9pur\u00e9 et technologie avanc\u00e9e, offrant une exp\u00e9rience culinaire enrichie pour les cuisines de toutes tailles.<\/p>\n<h3><img fetchpriority=\"high\" decoding=\"async\" ,=\"\" alt=\"Table Gaz NEFF T26CS12S0\" class=\"wy_tableau_gauche\" height=\"270\" src=\"https:\/\/boulanger.scene7.com\/is\/image\/Boulanger\/4242004203315_h_f_l_0?wid=400&amp;hei=270\" width=\"400\"\/>Une cuisine haut de gamme<\/h3>\n<p>Dot\u00e9e de <b>3 foyers et d&rsquo;une grande taille XL<\/b>, la table de cuisson \u00e0 gaz NEFF T26CS12S0 s&rsquo;adapte parfaitement aux grandes cuisines tout en restant id\u00e9ale pour des espaces moyens. Son <b>br\u00fbleur central Wok<\/b>, d&rsquo;une puissance allant <b>jusqu&rsquo;\u00e0 4 kW<\/b>, est sp\u00e9cialement con\u00e7u pour les grands ustensiles, rendant la pr\u00e9paration des plats de type wok plus efficace et plaisante.<\/p>\n<p>Les <b>boutons en \u00e9p\u00e9e<\/b> de la table de cuisson \u00e0 gaz NEFF T26CS12S0 garantissent une prise en main confortable et un contr\u00f4le facile des flammes. Ces <b>commandes centrales en fa\u00e7ade<\/b> permettent des ajustements pr\u00e9cis et sans effort, id\u00e9aux pour cuisiner \u00e0 la perfection et vous faire plaisir en toute simplicit\u00e9.<\/p>\n<h3><img decoding=\"async\" ,=\"\" alt=\"Table Gaz NEFF T26CS12S0\" class=\"wy_tableau_right\" height=\"270\" src=\"https:\/\/boulanger.scene7.com\/is\/image\/Boulanger\/4242004203315_h_f_l_1?wid=400&amp;hei=270\" width=\"400\"\/>\u00c9l\u00e9gance et praticit\u00e9<\/h3>\n<p>Offrant <b>2 options d&rsquo;encastrement, \u00e0 fleur de plan ou l\u00e9g\u00e8rement sur\u00e9lev\u00e9e<\/b>, la table de cuisson \u00e0 gaz NEFF T26CS12S0 s&rsquo;int\u00e8gre harmonieusement dans chaque cuisine gr\u00e2ce \u00e0 sa <b>table en verre tremp\u00e9 solide et \u00e9l\u00e9gante<\/b>. Cette caract\u00e9ristique, en plus de son esth\u00e9tique moderne, assure une durabilit\u00e9 et une facilit\u00e9 de nettoyage incomparables.<\/p>\n<p>La <b>technologie StepFlame<\/b> de la table de cuisson \u00e0 gaz NEFF T26CS12S0 offre un <b>ajustement pr\u00e9cis de la flamme sur 9 niveaux<\/b>, l&rsquo;id\u00e9al pour une cuisson parfaite \u00e0 chaque recette. Coupl\u00e9e \u00e0 un <b>pack de s\u00e9curit\u00e9 complet<\/b>, la table de cuisson garantit une exp\u00e9rience culinaire sereine, o\u00f9 le plaisir de cuisiner reste la seule pr\u00e9occupation.<\/p>\n<\/p>\n<p><a href=\"https:\/\/www.boulanger.com\/evenement\/livraison-domicile-gros-produits-service\" rel=\"noopener\" target=\"_blank\" title=\"Livraison \u00e0 domicile gros produits et service\"><img decoding=\"async\" height=\"160\" src=\"https:\/\/boulanger.scene7.com\/is\/image\/Boulanger\/Reprise ancien appareil?wid=1260\" width=\"1240\"\/><\/a><\/p>\n<\/div>\n<p><bl-button a11yexpanded=\"false\" arialabel=\"Afficher toute la description\" class=\"read-more__btn\" full=\"false\" link=\"true\"><\/bl-button><\/div>","protected":false},"excerpt":{"rendered":"<div class=\"keypoints\">\n<h3 class=\"keypoints__title\">Les points cl\u00e9s<\/h3>\n<ul role=\"list\">\n<li class=\"keypoints__item\" role=\"listitem\">                                        Encastrement standard : L 56,2 cm                      <\/li>\n<li class=\"keypoints__item\" role=\"listitem\">                                        Nombre de foyers : 3                      <\/li>\n<li class=\"keypoints__item\" role=\"listitem\">                                        Type de commandes : manettes                      <\/li>\n<li class=\"keypoints__item keypoints__item--advantage\" role=\"listitem\"><strong>Le + :<\/strong> FlameSelect : la haute pr\u00e9cision du gaz      <\/li>\n<\/ul>","protected":false},"featured_media":12057,"template":"","meta":{"_glsr_average":0,"_glsr_ranking":0,"_glsr_reviews":0},"product_cat":[222],"product_tag":[131,218,223],"class_list":{"0":"post-37719","1":"product","2":"type-product","3":"status-publish","4":"has-post-thumbnail","6":"product_cat-plaque-gaz","7":"product_tag-gros-electromenager","8":"product_tag-plaque-de-cuisson","9":"product_tag-plaque-gaz","11":"first","12":"instock","13":"sale","14":"shipping-taxable","15":"purchasable","16":"product-type-simple"},"_links":{"self":[{"href":"https:\/\/electromenagerexpress.com\/en\/wp-json\/wp\/v2\/product\/37719","targetHints":{"allow":["GET"]}}],"collection":[{"href":"https:\/\/electromenagerexpress.com\/en\/wp-json\/wp\/v2\/product"}],"about":[{"href":"https:\/\/electromenagerexpress.com\/en\/wp-json\/wp\/v2\/types\/product"}],"wp:featuredmedia":[{"embeddable":true,"href":"https:\/\/electromenagerexpress.com\/en\/wp-json\/wp\/v2\/media\/12057"}],"wp:attachment":[{"href":"https:\/\/electromenagerexpress.com\/en\/wp-json\/wp\/v2\/media?parent=37719"}],"wp:term":[{"taxonomy":"product_cat","embeddable":true,"href":"https:\/\/electromenagerexpress.com\/en\/wp-json\/wp\/v2\/product_cat?post=37719"},{"taxonomy":"product_tag","embeddable":true,"href":"https:\/\/electromenagerexpress.com\/en\/wp-json\/wp\/v2\/product_tag?post=37719"}],"curies":[{"name":"wp","href":"https:\/\/api.w.org\/{rel}","templated":true}]}}