{"id":37708,"date":"2024-11-21T13:31:47","date_gmt":"2024-11-21T13:31:47","guid":{"rendered":"https:\/\/electromenagerexpress.com\/product\/grille-viande-encastrable-tekaefx-30-1-fryer\/"},"modified":"2024-11-21T13:31:47","modified_gmt":"2024-11-21T13:31:47","slug":"grille-viande-encastrable-tekaefx-30-1-fryer","status":"publish","type":"product","link":"https:\/\/electromenagerexpress.com\/en\/product\/grille-viande-encastrable-tekaefx-30-1-fryer\/","title":{"rendered":"Grille-viande encastrable \t\t\t\t\t\t\tTEKA\t\t\t\tEFX 30.1 FRYER"},"content":{"rendered":"<div class=\"product-features__content\">\n<ul role=\"list\">\n<li class=\"product-features__item\" role=\"listitem\">\n<h3 class=\"product-features__label\">Cuisson<\/h3>\n<ul role=\"list\">\n<li class=\"product-features__item-list__item\" role=\"listitem\"><span class=\"is--medium\">Puissance totale :<\/span> 2.400 W\t\t\t\t\t<\/li>\n<li class=\"product-features__item-list__item\" role=\"listitem\"><span class=\"is--medium\">Amp\u00e9rage requis pour l&rsquo;installation :<\/span> 32 A\t\t\t\t\t<\/li>\n<li class=\"product-features__item-list__item\" role=\"listitem\"><span class=\"is--medium\">Nombre de foyers :<\/span> 1\t\t\t\t\t<\/li>\n<li class=\"product-features__item-list__item\" role=\"listitem\"><span class=\"is--medium\">S\u00e9curit\u00e9s :<\/span> arr\u00eat automatique\t\t\t\t\t<\/li>\n<\/ul>\n<\/li>\n<li class=\"product-features__item\" role=\"listitem\">\n<h3 class=\"product-features__label\">Commandes<\/h3>\n<ul role=\"list\">\n<li class=\"product-features__item-list__item\" role=\"listitem\"><span class=\"is--medium\">Type de commandes :<\/span> manettes\t\t\t\t\t<\/li>\n<li class=\"product-features__item-list__item\" role=\"listitem\"><span class=\"is--medium\">Nombre de boosters :<\/span> 0\t\t\t\t\t<\/li>\n<li class=\"product-features__item-list__item\" role=\"listitem\"><span class=\"is--medium\">Nombre de minuteurs :<\/span> 0\t\t\t\t\t<\/li>\n<\/ul>\n<\/li>\n<li class=\"product-features__item\" role=\"listitem\">\n<h3 class=\"product-features__label\">Confort d&rsquo;utilisation<\/h3>\n<ul role=\"list\">\n<li class=\"product-features__item-list__item\" role=\"listitem\"><span class=\"is--medium\">Table connect\u00e9e Wifi :<\/span> non\t\t\t\t\t<\/li>\n<li class=\"product-features__item-list__item\" role=\"listitem\"><span class=\"is--medium\">Application d\u00e9di\u00e9e :<\/span> Sans application\t\t\t\t\t<\/li>\n<li class=\"product-features__item-list__item\" role=\"listitem\"><span class=\"is--medium\">Sonde de cuisson :<\/span> non\t\t\t\t\t<\/li>\n<\/ul>\n<\/li>\n<li class=\"product-features__item\" role=\"listitem\">\n<h3 class=\"product-features__label\">Design<\/h3>\n<ul role=\"list\">\n<li class=\"product-features__item-list__item\" role=\"listitem\"><span class=\"is--medium\">Mati\u00e8re des grilles :<\/span> non concern\u00e9\t\t\t\t\t<\/li>\n<li class=\"product-features__item-list__item\" role=\"listitem\"><span class=\"is--medium\">Couleur de l&rsquo;affichage :<\/span> non concern\u00e9\t\t\t\t\t<\/li>\n<\/ul>\n<\/li>\n<li class=\"product-features__item\" role=\"listitem\">\n<h3 class=\"product-features__label\">Dimensions<\/h3>\n<ul role=\"list\">\n<li class=\"product-features__item-list__item\" role=\"listitem\"><span class=\"is--medium\">LxHxP (encastrement) :<\/span> 28.2 x 48.2 x 16 cm\t\t\t\t\t<\/li>\n<li class=\"product-features__item-list__item\" role=\"listitem\"><span class=\"is--medium\">Dimensions l x h x p :<\/span> 30 x 14.5 x 51 cm\t\t\t\t\t<\/li>\n<li class=\"product-features__item-list__item\" role=\"listitem\"><span class=\"is--medium\">Poids net :<\/span> 8,42 Kg\t\t\t\t\t<\/li>\n<\/ul>\n<\/li>\n<li class=\"product-features__item\" role=\"listitem\">\n<h3 class=\"product-features__label\">Informations compl\u00e9mentaires<\/h3>\n<ul role=\"list\">\n<li class=\"product-features__item-list__item\" role=\"listitem\"><span class=\"is--medium\">Fabriqu\u00e9 en :<\/span> Italie\t\t\t\t\t<\/li>\n<li class=\"product-features__item-list__item\" role=\"listitem\"><span class=\"is--medium\">Garantie :<\/span> 2 ans\t\t\t\t\t<\/li>\n<li class=\"product-features__item-list__item\" role=\"listitem\"><span class=\"is--medium\">Disponibilit\u00e9 des pi\u00e8ces d\u00e9tach\u00e9es (donn\u00e9es fournisseur) :<\/span> Pendant 10 ans, \u00e0 compter de la date d&rsquo;achat\t\t\t\t\t<\/li>\n<\/ul>\n<\/li>\n<\/ul>\n<\/div>\n<div class=\"product__disclosure-content\">\n<div class=\"js-read-more product-description__content read-more read-more--truncated\" data-read-more-name=\"description\" style=\"max-height: 500px; overflow: hidden;\">\n<p>Le domino \u00e0 induction TEKA EFX 30.1 FRYER, parfait pour les petits espaces, combine performance et design, offrant une solution id\u00e9ale pour vous faire plaisir dans une petite cuisine.<\/p>\n<h3><img fetchpriority=\"high\" decoding=\"async\" ,=\"\" alt=\"Domino Induc TEKA EFX 30.1 FRYER\" class=\"wy_tableau_gauche\" height=\"270\" src=\"https:\/\/boulanger.scene7.com\/is\/image\/Boulanger\/8421152156339_h_f_l_0?wid=400&amp;hei=270\" width=\"400\"\/>Simplicit\u00e9 et efficacit\u00e9<\/h3>\n<p>Le domino \u00e0 induction TEKA EFX 30.1 FRYER est \u00e9quip\u00e9 d&rsquo;une simple manette pour une utilisation intuitive, rendant la cuisson accessible \u00e0 tous. Sa <b>petite taille<\/b> en fait un choix <b>parfait pour les appartements ou les studios<\/b>, mais aussi comme <b>plaque de cuisson d&rsquo;appoint<\/b>, sans compromettre la qualit\u00e9 de votre exp\u00e9rience.<\/p>\n<p>Design et durabilit\u00e9 sont au coeur de cette <b>plaque de cuisson individuelle<\/b>. Avec sa surface en inox et sa <b>grille en fonte r\u00e9sistante<\/b> \u00e0 l&rsquo;usure, le domino \u00e0 induction TEKA EFX 30.1 FRYER ne se contente pas d&rsquo;\u00eatre fonctionnel : il ajoute une touche d&rsquo;\u00e9l\u00e9gance \u00e0 votre cuisine. Ce domino en <b>acier inoxydable<\/b> est synonyme de qualit\u00e9 et de style.<\/p>\n<h3><img decoding=\"async\" ,=\"\" alt=\"Domino Induc TEKA EFX 30.1 FRYER\" class=\"wy_tableau_right\" height=\"270\" src=\"https:\/\/boulanger.scene7.com\/is\/image\/Boulanger\/8421152156339_h_f_l_1?wid=400&amp;hei=270\" width=\"400\"\/>Une utilisation facile<\/h3>\n<p>Gr\u00e2ce \u00e0 son <b>design simplifi\u00e9<\/b>, le domino \u00e0 induction TEKA EFX 30.1 FRYER assure une <b>cuisson uniforme et efficace<\/b> pour tous vos plats. Ne vous fiez pas \u00e0 son petit format. En effet, il a de quoi vous permettre de <b>r\u00e9aliser des grillades en int\u00e9rieur<\/b>. D\u00e9sormais, vous aurez le plaisir de reproduire les sensations d&rsquo;un barbecue directement dans votre appartement.<\/p>\n<p>Vous b\u00e9n\u00e9ficierez \u00e9galement d&rsquo;un <b>syst\u00e8me de s\u00e9curit\u00e9 avanc\u00e9e<\/b>. Votre s\u00e9r\u00e9nit\u00e9 \u00e9tant une priorit\u00e9, vous pourrez compter sur le <b>syst\u00e8me de coupure automatique en cas de surchauffe<\/b>, garantissant une utilisation sans souci. Le domino \u00e0 induction TEKA EFX 30.1 FRYER \u00e9vitera ainsi les risques domestiques, vous permettant de cuisiner en toute confiance.<\/p>\n<\/p>\n<\/div>\n<p><bl-button a11yexpanded=\"false\" arialabel=\"Afficher toute la description\" class=\"read-more__btn\" full=\"false\" link=\"true\"><\/bl-button><\/div>","protected":false},"excerpt":{"rendered":"<div class=\"keypoints\">\n<h3 class=\"keypoints__title\">Les points cl\u00e9s<\/h3>\n<ul role=\"list\">\n<li class=\"keypoints__item\" role=\"listitem\">                                        Encastrement XS : L 28,2 cm                      <\/li>\n<li class=\"keypoints__item\" role=\"listitem\">                                        Nombre de foyers : 1                      <\/li>\n<li class=\"keypoints__item\" role=\"listitem\">                                        Type de commandes : manettes                      <\/li>\n<li class=\"keypoints__item keypoints__item--advantage\" role=\"listitem\"><strong>Le + :<\/strong> domino friteuse pour plan de travail et la surface inox.      <\/li>\n<\/ul>","protected":false},"featured_media":11993,"template":"","meta":{"_glsr_average":0,"_glsr_ranking":0,"_glsr_reviews":0},"product_cat":[224],"product_tag":[131,218,225],"class_list":{"0":"post-37708","1":"product","2":"type-product","3":"status-publish","4":"has-post-thumbnail","6":"product_cat-teppan-yaki-friteuse-wok-plancha-encastrable","7":"product_tag-gros-electromenager","8":"product_tag-plaque-de-cuisson","9":"product_tag-teppan-yaki-friteuse-wok-plancha-encastrable","11":"first","12":"instock","13":"sale","14":"shipping-taxable","15":"purchasable","16":"product-type-simple"},"_links":{"self":[{"href":"https:\/\/electromenagerexpress.com\/en\/wp-json\/wp\/v2\/product\/37708","targetHints":{"allow":["GET"]}}],"collection":[{"href":"https:\/\/electromenagerexpress.com\/en\/wp-json\/wp\/v2\/product"}],"about":[{"href":"https:\/\/electromenagerexpress.com\/en\/wp-json\/wp\/v2\/types\/product"}],"wp:featuredmedia":[{"embeddable":true,"href":"https:\/\/electromenagerexpress.com\/en\/wp-json\/wp\/v2\/media\/11993"}],"wp:attachment":[{"href":"https:\/\/electromenagerexpress.com\/en\/wp-json\/wp\/v2\/media?parent=37708"}],"wp:term":[{"taxonomy":"product_cat","embeddable":true,"href":"https:\/\/electromenagerexpress.com\/en\/wp-json\/wp\/v2\/product_cat?post=37708"},{"taxonomy":"product_tag","embeddable":true,"href":"https:\/\/electromenagerexpress.com\/en\/wp-json\/wp\/v2\/product_tag?post=37708"}],"curies":[{"name":"wp","href":"https:\/\/api.w.org\/{rel}","templated":true}]}}