{"id":37690,"date":"2024-11-21T13:31:00","date_gmt":"2024-11-21T13:31:00","guid":{"rendered":"https:\/\/electromenagerexpress.com\/product\/table-induction-aspiranteelicanikolatesla-fit-pro-60-recyclage\/"},"modified":"2024-11-21T13:31:02","modified_gmt":"2024-11-21T13:31:02","slug":"table-induction-aspiranteelicanikolatesla-fit-pro-60-recyclage","status":"publish","type":"product","link":"https:\/\/electromenagerexpress.com\/en\/product\/table-induction-aspiranteelicanikolatesla-fit-pro-60-recyclage\/","title":{"rendered":"Table induction aspirante\t\t\t\t\t\t\tELICA\t\t\t\tNIKOLATESLA FIT PRO 60 recyclage"},"content":{"rendered":"<div class=\"product-features__content\">\n<ul role=\"list\">\n<li class=\"product-features__item\" role=\"listitem\">\n<h3 class=\"product-features__label\">Cuisson<\/h3>\n<ul role=\"list\">\n<li class=\"product-features__item-list__item\" role=\"listitem\"><span class=\"is--medium\">Type de table :<\/span> induction avec hotte int\u00e9gr\u00e9e, solution pratique et esth\u00e9tique pour combiner la table de cuisson et la hotte. Elle n\u00e9cessite un encastrement sp\u00e9cifique (voir infos dimensions).\t\t\t\t\t<\/li>\n<li class=\"product-features__item-list__item\" role=\"listitem\"><span class=\"is--medium\">Puissance totale :<\/span> 7.400 W\t\t\t\t\t<\/li>\n<li class=\"product-features__item-list__item\" role=\"listitem\"><span class=\"is--medium\">Amp\u00e9rage requis pour l&rsquo;installation :<\/span> 32 A\t\t\t\t\t<\/li>\n<li class=\"product-features__item-list__item\" role=\"listitem\"><span class=\"is--medium\">Nombre de foyers :<\/span> 4\t\t\t\t\t<\/li>\n<li class=\"product-features__item-list__item\" role=\"listitem\"><span class=\"is--medium\">Foyer modulable :<\/span> bridge, permet de r\u00e9unir 2 zones de cuisson en 1 seule de grande surface, cette fonction est id\u00e9ale pour une cocotte ovale.\t\t\t\t\t<\/li>\n<li class=\"product-features__item-list__item\" role=\"listitem\"><span class=\"is--medium\">S\u00e9curit\u00e9s :<\/span> arr\u00eat automatique, coupure en cas de d\u00e9bordement, anti surchauffe, verrouillage du clavier, t\u00e9moin de chaleur r\u00e9siduelle, t\u00e9moin de mise sous tension\t\t\t\t\t<\/li>\n<\/ul>\n<\/li>\n<li class=\"product-features__item\" role=\"listitem\">\n<h3 class=\"product-features__label\">Commandes<\/h3>\n<ul role=\"list\">\n<li class=\"product-features__item-list__item\" role=\"listitem\"><span class=\"is--medium\">Type de commandes :<\/span> slider, touche coulissante sur laquelle on peut r\u00e9gler facilement le niveau de puissance\t\t\t\t\t<\/li>\n<li class=\"product-features__item-list__item\" role=\"listitem\"><span class=\"is--medium\">Emplacement des commandes :<\/span> frontal\t\t\t\t\t<\/li>\n<li class=\"product-features__item-list__item\" role=\"listitem\"><span class=\"is--medium\">Nombre de boosters :<\/span> 2\t\t\t\t\t<\/li>\n<li class=\"product-features__item-list__item\" role=\"listitem\"><span class=\"is--medium\">Le saviez-vous ? :<\/span> le booster permet un acc\u00e8s direct \u00e0 la puissance maximale. Id\u00e9al pour porter \u00e0 \u00e9bullition ou saisir les viandes\t\t\t\t\t<\/li>\n<li class=\"product-features__item-list__item\" role=\"listitem\"><span class=\"is--medium\">Nombre de minuteurs :<\/span> 2\t\t\t\t\t<\/li>\n<li class=\"product-features__item-list__item\" role=\"listitem\"><span class=\"is--medium\">Le saviez-vous ? :<\/span> le minuteur arr\u00eate le foyer concern\u00e9 une fois le temps \u00e9coul\u00e9\t\t\t\t\t<\/li>\n<\/ul>\n<\/li>\n<li class=\"product-features__item\" role=\"listitem\">\n<h3 class=\"product-features__label\">Confort d&rsquo;utilisation<\/h3>\n<ul role=\"list\">\n<li class=\"product-features__item-list__item\" role=\"listitem\"><span class=\"is--medium\">Fonction \u00ab\u00a0pause\u00a0\u00bb m\u00e9morisation de programmes :<\/span> oui, permet de mettre en pause la cuisson puis relancer en conservant les r\u00e9glages\t\t\t\t\t<\/li>\n<li class=\"product-features__item-list__item\" role=\"listitem\"><span class=\"is--medium\">Fonction red\u00e9marrage :<\/span> vous avez \u00e9teint votre table involontairement? Cette fonction vous permet de r\u00e9tablir tous les r\u00e9glages pr\u00e9c\u00e9dents en mettant la table de cuisson en marche dans les secondes qui suivent l&rsquo;extinction.\t\t\t\t\t<\/li>\n<li class=\"product-features__item-list__item\" role=\"listitem\"><span class=\"is--medium\">Zone de temp\u00e9rature modulable :<\/span> permet de changer la puissance de chauffe automatiquement en faisant glisser votre casserolerie sur la zone flexible de votre table de cuisson.\t\t\t\t\t<\/li>\n<li class=\"product-features__item-list__item\" role=\"listitem\"><span class=\"is--medium\">Programmes pr\u00e9-d\u00e9finis :<\/span> Acc\u00e8s direct maintenir au chaud, Fonction red\u00e9marrage :, Fonction de zone de temp\u00e9rature modulable :\t\t\t\t\t<\/li>\n<li class=\"product-features__item-list__item\" role=\"listitem\"><span class=\"is--medium\">Le saviez-vous ? :<\/span> Ces fonctions de cuisson sont directement accessibles sur le bandeau de commande. Facilit\u00e9 et gain de temps.\t\t\t\t\t<\/li>\n<li class=\"product-features__item-list__item\" role=\"listitem\"><span class=\"is--medium\">Table connect\u00e9e Wifi :<\/span> non\t\t\t\t\t<\/li>\n<li class=\"product-features__item-list__item\" role=\"listitem\"><span class=\"is--medium\">Application d\u00e9di\u00e9e :<\/span> Sans application\t\t\t\t\t<\/li>\n<li class=\"product-features__item-list__item\" role=\"listitem\"><span class=\"is--medium\">Sonde de cuisson :<\/span> non\t\t\t\t\t<\/li>\n<li class=\"product-features__item-list__item\" role=\"listitem\"><span class=\"is--medium\">Recettes automatiques int\u00e9gr\u00e9es \u00e0 l&rsquo;\u00e9cran de contr\u00f4le :<\/span> non\t\t\t\t\t<\/li>\n<\/ul>\n<\/li>\n<li class=\"product-features__item\" role=\"listitem\">\n<h3 class=\"product-features__label\">Design<\/h3>\n<ul role=\"list\">\n<li class=\"product-features__item-list__item\" role=\"listitem\"><span class=\"is--medium\">Coloris :<\/span> Noir\t\t\t\t\t<\/li>\n<li class=\"product-features__item-list__item\" role=\"listitem\"><span class=\"is--medium\">Mati\u00e8re des grilles :<\/span> non concern\u00e9\t\t\t\t\t<\/li>\n<li class=\"product-features__item-list__item\" role=\"listitem\"><span class=\"is--medium\">Type de couronne :<\/span> simple\t\t\t\t\t<\/li>\n<li class=\"product-features__item-list__item\" role=\"listitem\"><span class=\"is--medium\">Installation \u00e0 fleur du plan de travail :<\/span> oui, la table est positionn\u00e9e au m\u00eame niveau que le plan de travail . Esth\u00e9tique et Facilit\u00e9 d&rsquo;entretien\t\t\t\t\t<\/li>\n<li class=\"product-features__item-list__item\" role=\"listitem\"><span class=\"is--medium\">Couleur de l&rsquo;affichage :<\/span> rouge\t\t\t\t\t<\/li>\n<\/ul>\n<\/li>\n<li class=\"product-features__item\" role=\"listitem\">\n<h3 class=\"product-features__label\">Hotte int\u00e9gr\u00e9e<\/h3>\n<ul role=\"list\">\n<li class=\"product-features__item-list__item\" role=\"listitem\"><span class=\"is--medium\">D\u00e9bit d&rsquo;air max :<\/span> 620 m\u00b3\/h\t\t\t\t\t<\/li>\n<li class=\"product-features__item-list__item\" role=\"listitem\"><span class=\"is--medium\">Niveau sonore max :<\/span> 61 db\t\t\t\t\t<\/li>\n<li class=\"product-features__item-list__item\" role=\"listitem\"><span class=\"is--medium\">Nombre de vitesses d&rsquo;aspiration :<\/span> 5\t\t\t\t\t<\/li>\n<li class=\"product-features__item-list__item\" role=\"listitem\"><span class=\"is--medium\">Filtre \u00e0 graisse :<\/span> oui, inclus\t\t\t\t\t<\/li>\n<li class=\"product-features__item-list__item\" role=\"listitem\"><span class=\"is--medium\">Filtre \u00e0 charbon :<\/span> oui, inclus\t\t\t\t\t<\/li>\n<\/ul>\n<\/li>\n<li class=\"product-features__item\" role=\"listitem\">\n<h3 class=\"product-features__label\">Installation de la hotte<\/h3>\n<ul role=\"list\">\n<li class=\"product-features__item-list__item\" role=\"listitem\"><span class=\"is--medium\">Kit de recyclage inclus :<\/span> Oui\t\t\t\t\t<\/li>\n<li class=\"product-features__item-list__item\" role=\"listitem\"><span class=\"is--medium\">R\u00e9f\u00e9rence du kit de recyclage en option :<\/span> Kit Recyclage sortie directe arriere : KIT0180522 \/ Kit Recyclage hors plinthe : KIT0167757 \/ Kit Recyclage sous la plinthe : KIT0167756\t\t\t\t\t<\/li>\n<li class=\"product-features__item-list__item\" role=\"listitem\"><span class=\"is--medium\">Installation du kit recyclage sans gaine :<\/span> permet une installation optimis\u00e9e de votre table \u00e9vitant ainsi l&rsquo;utilisation de gaines et de coudes. L&rsquo;extraction de l&rsquo;air se fait directement dans le vide sanitaire de votre meuble.\t\t\t\t\t<\/li>\n<li class=\"product-features__item-list__item\" role=\"listitem\"><span class=\"is--medium\">R\u00e9f\u00e9rence du filtre \u00e0 charbon \u00e0 renouveler :<\/span> KIT0167755\t\t\t\t\t<\/li>\n<\/ul>\n<\/li>\n<li class=\"product-features__item\" role=\"listitem\">\n<h3 class=\"product-features__label\">Dimensions<\/h3>\n<ul role=\"list\">\n<li class=\"product-features__item-list__item\" role=\"listitem\"><span class=\"is--medium\">LxHxP (encastrement) :<\/span> 56 x 25 x 49 cm\t\t\t\t\t<\/li>\n<li class=\"product-features__item-list__item\" role=\"listitem\"><span class=\"is--medium\">Dimensions l x h x p :<\/span> 60 x 25 x 52 cm\t\t\t\t\t<\/li>\n<li class=\"product-features__item-list__item\" role=\"listitem\"><span class=\"is--medium\">Poids net :<\/span> 17.400,00 Kg\t\t\t\t\t<\/li>\n<\/ul>\n<\/li>\n<li class=\"product-features__item\" role=\"listitem\">\n<h3 class=\"product-features__label\">Informations compl\u00e9mentaires<\/h3>\n<ul role=\"list\">\n<li class=\"product-features__item-list__item\" role=\"listitem\"><span class=\"is--medium\">Fabriqu\u00e9 en :<\/span> Italie\t\t\t\t\t<\/li>\n<li class=\"product-features__item-list__item\" role=\"listitem\"><span class=\"is--medium\">Garantie :<\/span> 2 ans\t\t\t\t\t<\/li>\n<li class=\"product-features__item-list__item\" role=\"listitem\"><span class=\"is--medium\">Assembl\u00e9 en :<\/span> Europe\t\t\t\t\t<\/li>\n<li class=\"product-features__item-list__item\" role=\"listitem\"><span class=\"is--medium\">Disponibilit\u00e9 des pi\u00e8ces d\u00e9tach\u00e9es (donn\u00e9es fournisseur) :<\/span> Pendant 7 ans, \u00e0 compter de la date d&rsquo;achat\t\t\t\t\t<\/li>\n<\/ul>\n<\/li>\n<\/ul>\n<\/div>\n<div class=\"product__disclosure-content\">\n<div class=\"js-read-more product-description__content read-more read-more--truncated\" data-read-more-name=\"description\" style=\"max-height: 500px; overflow: hidden;\">\n<p>La table aspirante ELICA NIKOLATESLA FIT+ B est une plaque de cuisson \u00e0 induction performante et pratique, notamment gr\u00e2ce \u00e0 sa hotte int\u00e9gr\u00e9e. Elle dispose de 4 foyers et de 1 zone de cuisson modulable.<\/p>\n<h3><img fetchpriority=\"high\" decoding=\"async\" ,=\"\" alt=\"Table aspirante ELICA NIKOLATESLA FIT+ B\" class=\"wy_tableau_gauche\" height=\"270\" src=\"https:\/\/boulanger.scene7.com\/is\/image\/Boulanger\/8020283053953_h_f_l_0?wid=400&amp;hei=270\" width=\"400\"\/>Ses caract\u00e9ristiques techniques<\/h3>\n<p>La table de cuisson ELICA NIKOLATESLA FIT+ B poss\u00e8de des dimensions d&rsquo;encastrement standards de 56 cm. Elle est \u00e9quip\u00e9e de <b>4 zones de cuisson \u00e0 induction, dont 2 modulables<\/b> et s&rsquo;adaptent \u00e0 toutes les tailles de po\u00eales et de casseroles. Sa puissance maximum est de 7 400 W.<\/p>\n<p>La table aspirante ELICA NIKOLATESLA FIT+ B est un appareil performant et polyvalent. En effet, elle poss\u00e8de aussi des fonctions d&rsquo;aspiration de l&rsquo;air gr\u00e2ce \u00e0 son <b>filtre \u00e0 charbon<\/b> int\u00e9gr\u00e9. Cela permet d&rsquo;assainir l&rsquo;air et d&rsquo;\u00e9liminer toutes les mauvaises odeurs lorsque vous faites cuire vos plats.<\/p>\n<h3><img decoding=\"async\" ,=\"\" alt=\"Table aspirante ELICA NIKOLATESLA FIT+ B\" class=\"wy_tableau_right\" height=\"270\" src=\"https:\/\/boulanger.scene7.com\/is\/image\/Boulanger\/8020283053953_h_f_l_1?wid=400&amp;hei=270\" width=\"400\"\/>Une plaque de cuisson \u00e9l\u00e9gante et pratique<\/h3>\n<p>La table aspirante ELICA NIKOLATESLA FIT+ B pr\u00e9sente <b>un design original et sobre<\/b>. Sa plaque en verre vitroc\u00e9ramique est \u00e9l\u00e9gante et saura s&rsquo;adapter \u00e0 toutes les cuisines. C&rsquo;est \u00e9galement un appareil <b>silencieux<\/b>, avec un niveau sonore qui ne d\u00e9passe pas les 60 dB.<\/p>\n<p>La table de cuisson ELICA NIKOLATESLA FIT+ B poss\u00e8de aussi plusieurs fonctionnalit\u00e9s tr\u00e8s pratiques, comme le Booster (pour augmenter tr\u00e8s rapidement la puissance du foyer de cuisson) ou le maintien au chaud.<\/p>\n<\/p>\n<p><a href=\"https:\/\/www.boulanger.com\/evenement\/livraison-domicile-gros-produits-service\" rel=\"noopener\" target=\"_blank\" title=\"Livraison \u00e0 domicile gros produits et service\"><img decoding=\"async\" height=\"160\" src=\"https:\/\/boulanger.scene7.com\/is\/image\/Boulanger\/Reprise ancien appareil?wid=1260\" width=\"1240\"\/><\/a><\/p>\n<\/div>\n<p><bl-button a11yexpanded=\"false\" arialabel=\"Afficher toute la description\" class=\"read-more__btn\" full=\"false\" link=\"true\">Voir plus<\/bl-button><\/div>","protected":false},"excerpt":{"rendered":"<div class=\"keypoints\">\n<h3 class=\"keypoints__title\">Les points cl\u00e9s<\/h3>\n<ul role=\"list\">\n<li class=\"keypoints__item\" role=\"listitem\">                                        Encastrement standard : L 56 cm                      <\/li>\n<li class=\"keypoints__item\" role=\"listitem\">                          Nombre de foyers : 4 &#8211;                                                      Zone modulable : bridge                      <\/li>\n<li class=\"keypoints__item\" role=\"listitem\">                                        Type de commandes : slider                      <\/li>\n<li class=\"keypoints__item\" role=\"listitem\">                                        Sp\u00e9cificit\u00e9s : Fonction \u00ab\u00a0pause\u00a0\u00bb m\u00e9morisation de programmes, Acc\u00e8s direct                      <\/li>\n<li class=\"keypoints__item keypoints__item--advantage\" role=\"listitem\"><strong>Le + :<\/strong> hotte int\u00e9gr\u00e9e, aspiration automatique par connectivit\u00e9 plaque\/hotte gr\u00e2ce \u00e0 la fonction Autocapture      <\/li>\n<\/ul>","protected":false},"featured_media":11827,"template":"","meta":{"_glsr_average":0,"_glsr_ranking":0,"_glsr_reviews":0},"product_cat":[217],"product_tag":[131,218,219],"class_list":{"0":"post-37690","1":"product","2":"type-product","3":"status-publish","4":"has-post-thumbnail","6":"product_cat-plaque-induction","7":"product_tag-gros-electromenager","8":"product_tag-plaque-de-cuisson","9":"product_tag-plaque-induction","11":"first","12":"instock","13":"sale","14":"shipping-taxable","15":"purchasable","16":"product-type-simple"},"_links":{"self":[{"href":"https:\/\/electromenagerexpress.com\/en\/wp-json\/wp\/v2\/product\/37690","targetHints":{"allow":["GET"]}}],"collection":[{"href":"https:\/\/electromenagerexpress.com\/en\/wp-json\/wp\/v2\/product"}],"about":[{"href":"https:\/\/electromenagerexpress.com\/en\/wp-json\/wp\/v2\/types\/product"}],"wp:featuredmedia":[{"embeddable":true,"href":"https:\/\/electromenagerexpress.com\/en\/wp-json\/wp\/v2\/media\/11827"}],"wp:attachment":[{"href":"https:\/\/electromenagerexpress.com\/en\/wp-json\/wp\/v2\/media?parent=37690"}],"wp:term":[{"taxonomy":"product_cat","embeddable":true,"href":"https:\/\/electromenagerexpress.com\/en\/wp-json\/wp\/v2\/product_cat?post=37690"},{"taxonomy":"product_tag","embeddable":true,"href":"https:\/\/electromenagerexpress.com\/en\/wp-json\/wp\/v2\/product_tag?post=37690"}],"curies":[{"name":"wp","href":"https:\/\/api.w.org\/{rel}","templated":true}]}}