{"id":37671,"date":"2024-11-21T13:30:07","date_gmt":"2024-11-21T13:30:07","guid":{"rendered":"https:\/\/electromenagerexpress.com\/product\/table-gazelectroluxkgg643753k\/"},"modified":"2024-11-21T13:30:10","modified_gmt":"2024-11-21T13:30:10","slug":"table-gazelectroluxkgg643753k","status":"publish","type":"product","link":"https:\/\/electromenagerexpress.com\/en\/product\/table-gazelectroluxkgg643753k\/","title":{"rendered":"Table gaz\t\t\t\t\t\t\tELECTROLUX\t\t\t\tKGG643753K"},"content":{"rendered":"<div class=\"product-features__content\">\n<ul role=\"list\">\n<li class=\"product-features__item\" role=\"listitem\">\n<h3 class=\"product-features__label\">Cuisson<\/h3>\n<ul role=\"list\">\n<li class=\"product-features__item-list__item\" role=\"listitem\"><span class=\"is--medium\">Type de table :<\/span> gaz, chauffe rapide et contr\u00f4le visuel de la cuisson.\t\t\t\t\t<\/li>\n<li class=\"product-features__item-list__item\" role=\"listitem\"><span class=\"is--medium\">Puissance totale :<\/span> 8.500 W\t\t\t\t\t<\/li>\n<li class=\"product-features__item-list__item\" role=\"listitem\"><span class=\"is--medium\">Amp\u00e9rage requis pour l&rsquo;installation :<\/span> 32 A\t\t\t\t\t<\/li>\n<li class=\"product-features__item-list__item\" role=\"listitem\"><span class=\"is--medium\">Nombre de foyers :<\/span> 4\t\t\t\t\t<\/li>\n<li class=\"product-features__item-list__item\" role=\"listitem\"><span class=\"is--medium\">Dimension du grand foyer :<\/span> 124,0 cm\t\t\t\t\t<\/li>\n<li class=\"product-features__item-list__item\" role=\"listitem\"><span class=\"is--medium\">Dimension foyer arri\u00e8re gauche :<\/span> 7,8 cm\t\t\t\t\t<\/li>\n<li class=\"product-features__item-list__item\" role=\"listitem\"><span class=\"is--medium\">Dimension foyer avant gauche :<\/span> 12,4 cm\t\t\t\t\t<\/li>\n<li class=\"product-features__item-list__item\" role=\"listitem\"><span class=\"is--medium\">Dimension foyer arri\u00e8re droit :<\/span> 7,8 cm\t\t\t\t\t<\/li>\n<li class=\"product-features__item-list__item\" role=\"listitem\"><span class=\"is--medium\">Dimension foyer avant droit :<\/span> 6,3 cm\t\t\t\t\t<\/li>\n<li class=\"product-features__item-list__item\" role=\"listitem\"><span class=\"is--medium\">S\u00e9curit\u00e9s :<\/span> coupure de gaz automatique (thermocouple), t\u00e9moin de chaleur r\u00e9siduelle, t\u00e9moin de mise sous tension\t\t\t\t\t<\/li>\n<\/ul>\n<\/li>\n<li class=\"product-features__item\" role=\"listitem\">\n<h3 class=\"product-features__label\">Commandes<\/h3>\n<ul role=\"list\">\n<li class=\"product-features__item-list__item\" role=\"listitem\"><span class=\"is--medium\">Type de commandes :<\/span> manettes\t\t\t\t\t<\/li>\n<li class=\"product-features__item-list__item\" role=\"listitem\"><span class=\"is--medium\">Emplacement des commandes :<\/span> frontal\t\t\t\t\t<\/li>\n<li class=\"product-features__item-list__item\" role=\"listitem\"><span class=\"is--medium\">Nombre de niveau de puissance :<\/span> 9\t\t\t\t\t<\/li>\n<li class=\"product-features__item-list__item\" role=\"listitem\"><span class=\"is--medium\">Le saviez-vous ? :<\/span> plus le nombre de niveau de puissance est \u00e9lev\u00e9, plus il sera possible de ma\u00eetriser la cuisson de vos aliments.\t\t\t\t\t<\/li>\n<li class=\"product-features__item-list__item\" role=\"listitem\"><span class=\"is--medium\">Nombre de boosters :<\/span> 0\t\t\t\t\t<\/li>\n<li class=\"product-features__item-list__item\" role=\"listitem\"><span class=\"is--medium\">Nombre de minuteurs :<\/span> 0\t\t\t\t\t<\/li>\n<\/ul>\n<\/li>\n<li class=\"product-features__item\" role=\"listitem\">\n<h3 class=\"product-features__label\">Confort d&rsquo;utilisation<\/h3>\n<ul role=\"list\">\n<li class=\"product-features__item-list__item\" role=\"listitem\"><span class=\"is--medium\">Interconnexion table\/hotte :<\/span> Oui. Une fois la table de cuisson active, l&rsquo;\u00e9clairage de la hotte compatible s&rsquo;enclenche et r\u00e8gle la puissance d&rsquo;aspiration en automatique.\t\t\t\t\t<\/li>\n<li class=\"product-features__item-list__item\" role=\"listitem\"><span class=\"is--medium\">Table connect\u00e9e Wifi :<\/span> non\t\t\t\t\t<\/li>\n<li class=\"product-features__item-list__item\" role=\"listitem\"><span class=\"is--medium\">Application d\u00e9di\u00e9e :<\/span> Sans application\t\t\t\t\t<\/li>\n<li class=\"product-features__item-list__item\" role=\"listitem\"><span class=\"is--medium\">Sonde de cuisson :<\/span> non\t\t\t\t\t<\/li>\n<li class=\"product-features__item-list__item\" role=\"listitem\"><span class=\"is--medium\">Recettes automatiques int\u00e9gr\u00e9es \u00e0 l&rsquo;\u00e9cran de contr\u00f4le :<\/span> non\t\t\t\t\t<\/li>\n<\/ul>\n<\/li>\n<li class=\"product-features__item\" role=\"listitem\">\n<h3 class=\"product-features__label\">Design<\/h3>\n<ul role=\"list\">\n<li class=\"product-features__item-list__item\" role=\"listitem\"><span class=\"is--medium\">Coloris :<\/span> Noir\t\t\t\t\t<\/li>\n<li class=\"product-features__item-list__item\" role=\"listitem\"><span class=\"is--medium\">Nombre de grilles :<\/span> 4\t\t\t\t\t<\/li>\n<li class=\"product-features__item-list__item\" role=\"listitem\"><span class=\"is--medium\">Mati\u00e8re des grilles :<\/span> fonte\t\t\t\t\t<\/li>\n<li class=\"product-features__item-list__item\" role=\"listitem\"><span class=\"is--medium\">Type de couronne :<\/span> simple et double\t\t\t\t\t<\/li>\n<li class=\"product-features__item-list__item\" role=\"listitem\"><span class=\"is--medium\">Finition :<\/span> table biseaut\u00e9e\t\t\t\t\t<\/li>\n<li class=\"product-features__item-list__item\" role=\"listitem\"><span class=\"is--medium\">Couleur de l&rsquo;affichage :<\/span> rouge\t\t\t\t\t<\/li>\n<\/ul>\n<\/li>\n<li class=\"product-features__item\" role=\"listitem\">\n<h3 class=\"product-features__label\">Dimensions<\/h3>\n<ul role=\"list\">\n<li class=\"product-features__item-list__item\" role=\"listitem\"><span class=\"is--medium\">LxHxP (encastrement) :<\/span> 56 x 4 x 48 cm\t\t\t\t\t<\/li>\n<li class=\"product-features__item-list__item\" role=\"listitem\"><span class=\"is--medium\">Dimensions l x h x p :<\/span> 59 x 4 x 52 cm\t\t\t\t\t<\/li>\n<li class=\"product-features__item-list__item\" role=\"listitem\"><span class=\"is--medium\">Longueur du cordon d&rsquo;alimentation :<\/span> 11,00 cm\t\t\t\t\t<\/li>\n<li class=\"product-features__item-list__item\" role=\"listitem\"><span class=\"is--medium\">Poids net :<\/span> 14,00 Kg\t\t\t\t\t<\/li>\n<\/ul>\n<\/li>\n<li class=\"product-features__item\" role=\"listitem\">\n<h3 class=\"product-features__label\">Informations compl\u00e9mentaires<\/h3>\n<ul role=\"list\">\n<li class=\"product-features__item-list__item\" role=\"listitem\"><span class=\"is--medium\">Fabriqu\u00e9 en :<\/span> Italie\t\t\t\t\t<\/li>\n<li class=\"product-features__item-list__item\" role=\"listitem\"><span class=\"is--medium\">Garantie :<\/span> 2 ans\t\t\t\t\t<\/li>\n<li class=\"product-features__item-list__item\" role=\"listitem\"><span class=\"is--medium\">Assembl\u00e9 en :<\/span> Europe\t\t\t\t\t<\/li>\n<li class=\"product-features__item-list__item\" role=\"listitem\"><span class=\"is--medium\">Disponibilit\u00e9 des pi\u00e8ces d\u00e9tach\u00e9es (donn\u00e9es fournisseur) :<\/span> Pendant 15 ans, \u00e0 compter de la date d&rsquo;achat\t\t\t\t\t<\/li>\n<\/ul>\n<\/li>\n<\/ul>\n<\/div>\n<div class=\"product__disclosure-content\">\n<div class=\"js-read-more product-description__content read-more read-more--truncated\" data-read-more-name=\"description\" style=\"max-height: 500px; overflow: hidden;\">\n<p>Cuisinez avec plaisir en choisissant la table \u00e0 gaz ELECTROLUX KGG643753K. Cette plaque de cuisson est \u00e0 la crois\u00e9e des chemins entre tradition et modernit\u00e9.<\/p>\n<h3><img fetchpriority=\"high\" decoding=\"async\" ,=\"\" alt=\"Table Gaz ELECTROLUX KGG643753K\" class=\"wy_tableau_gauche\" height=\"270\" src=\"https:\/\/boulanger.scene7.com\/is\/image\/Boulanger\/7332543821907_h_f_l_0?wid=400&amp;hei=270\" width=\"400\"\/>Des foyers robustes<\/h3>\n<p>Vous \u00eates plut\u00f4t du genre \u00e0 cuisiner de fa\u00e7on traditionnelle ? Rien ne vaut la cuisson au gaz ? Choisissez la table \u00e0 gaz ELECTROLUX KGG643753K si vous cherchez de quoi \u00e9quiper votre cuisine avec une <b>plaque de cuisson \u00e0 gaz performante<\/b>. En plus de son <b>format d&rsquo;encastrement standard<\/b>, elle dispose de <b>4 foyers de cuisson<\/b>.<\/p>\n<p>Si les flammes peuvent parfois faire peur, vous ne craindrez rien avec la table \u00e0 gaz ELECTROLUX KGG643753K. En effet, cette plaque de cuisson est \u00e9quip\u00e9e de la <b>technologie StepPower<\/b> qui vous offrira une <b>pr\u00e9cision maximale<\/b> \u00e0 chaque cuisson. Vous pourrez facilement r\u00e9gler la flamme d&rsquo;une seule main gr\u00e2ce au <b>contr\u00f4le tactile<\/b>, l&rsquo;id\u00e9al pour r\u00e9duire les risques de d\u00e9bordement.<\/p>\n<h3><img decoding=\"async\" ,=\"\" alt=\"Table Gaz ELECTROLUX KGG643753K\" class=\"wy_tableau_right\" height=\"270\" src=\"https:\/\/boulanger.scene7.com\/is\/image\/Boulanger\/7332543821907_h_f_l_1?wid=400&amp;hei=270\" width=\"400\"\/>La connectivit\u00e9 et la lumi\u00e8re pour vous aider<\/h3>\n<p>Connaissez-vous <b>Hob2Hood<\/b> ? Gr\u00e2ce \u00e0 cette technologie, la table \u00e0 gaz ELECTROLUX KGG643753K sera directement connect\u00e9e \u00e0 la hotte d&rsquo;aspiration pour la d\u00e9clencher automatiquement au gr\u00e9 de vos besoins. Les <b>manettes de contr\u00f4le de la flamme<\/b> sont plac\u00e9es \u00e0 l&rsquo;avant de la plaque et vous pourrez adapter la puissance de la cuisson sur <b>9 niveaux<\/b>.<\/p>\n<p>M\u00eame sur le plan visuel, la table \u00e0 gaz ELECTROLUX KGG643753K a de quoi vous ravir puisqu&rsquo;elle est \u00e9quip\u00e9e de <b>LED lumineuses<\/b> sur chaque foyer afin de vous garantir une meilleure visibilit\u00e9. L&rsquo;<b>allumage \u00e9lectronique int\u00e9gr\u00e9 aux manettes<\/b> permettra aux flammes de prendre en un instant. Notez enfin que vous disposerez d&rsquo;un <b>\u00e9cran d&rsquo;affichage digital<\/b> pour s\u00e9lectionner les temp\u00e9ratures.<\/p>\n<\/p>\n<p><a href=\"https:\/\/www.boulanger.com\/evenement\/livraison-domicile-gros-produits-service\" rel=\"noopener\" target=\"_blank\" title=\"Livraison \u00e0 domicile gros produits et service\"><img decoding=\"async\" height=\"160\" src=\"https:\/\/boulanger.scene7.com\/is\/image\/Boulanger\/Reprise ancien appareil?wid=1260\" width=\"1240\"\/><\/a><\/p>\n<\/div>\n<p><bl-button a11yexpanded=\"false\" arialabel=\"Afficher toute la description\" class=\"read-more__btn\" full=\"false\" link=\"true\">Voir plus<\/bl-button><\/div>","protected":false},"excerpt":{"rendered":"<div class=\"keypoints\">\n<h3 class=\"keypoints__title\">Les points cl\u00e9s<\/h3>\n<ul role=\"list\">\n<li class=\"keypoints__item\" role=\"listitem\">                                        Encastrement standard : L 56 cm                      <\/li>\n<li class=\"keypoints__item\" role=\"listitem\">                                        Nombre de foyers : 4                      <\/li>\n<li class=\"keypoints__item\" role=\"listitem\">                                        Type de commandes : manettes                      <\/li>\n<li class=\"keypoints__item\" role=\"listitem\">                                        Sp\u00e9cificit\u00e9s : Interconnexion table\/hotte                      <\/li>\n<li class=\"keypoints__item keypoints__item--advantage\" role=\"listitem\"><strong>Le + :<\/strong> LED lumineuses sur chaque foyer, contr\u00f4le facile de la flamme. Hob2Hood : la hotte s&rsquo;allume en auto      <\/li>\n<\/ul>","protected":false},"featured_media":11640,"template":"","meta":{"_glsr_average":0,"_glsr_ranking":0,"_glsr_reviews":0},"product_cat":[222],"product_tag":[131,218,223],"class_list":{"0":"post-37671","1":"product","2":"type-product","3":"status-publish","4":"has-post-thumbnail","6":"product_cat-plaque-gaz","7":"product_tag-gros-electromenager","8":"product_tag-plaque-de-cuisson","9":"product_tag-plaque-gaz","11":"first","12":"instock","13":"sale","14":"shipping-taxable","15":"purchasable","16":"product-type-simple"},"_links":{"self":[{"href":"https:\/\/electromenagerexpress.com\/en\/wp-json\/wp\/v2\/product\/37671","targetHints":{"allow":["GET"]}}],"collection":[{"href":"https:\/\/electromenagerexpress.com\/en\/wp-json\/wp\/v2\/product"}],"about":[{"href":"https:\/\/electromenagerexpress.com\/en\/wp-json\/wp\/v2\/types\/product"}],"wp:featuredmedia":[{"embeddable":true,"href":"https:\/\/electromenagerexpress.com\/en\/wp-json\/wp\/v2\/media\/11640"}],"wp:attachment":[{"href":"https:\/\/electromenagerexpress.com\/en\/wp-json\/wp\/v2\/media?parent=37671"}],"wp:term":[{"taxonomy":"product_cat","embeddable":true,"href":"https:\/\/electromenagerexpress.com\/en\/wp-json\/wp\/v2\/product_cat?post=37671"},{"taxonomy":"product_tag","embeddable":true,"href":"https:\/\/electromenagerexpress.com\/en\/wp-json\/wp\/v2\/product_tag?post=37671"}],"curies":[{"name":"wp","href":"https:\/\/api.w.org\/{rel}","templated":true}]}}