{"id":37656,"date":"2024-11-21T13:29:14","date_gmt":"2024-11-21T13:29:14","guid":{"rendered":"https:\/\/electromenagerexpress.com\/product\/table-inductionsamsung-nz64t3706a1\/"},"modified":"2024-11-21T13:29:16","modified_gmt":"2024-11-21T13:29:16","slug":"table-inductionsamsung-nz64t3706a1","status":"publish","type":"product","link":"https:\/\/electromenagerexpress.com\/en\/product\/table-inductionsamsung-nz64t3706a1\/","title":{"rendered":"Table induction\t\t\t\t\t\t\tSAMSUNG \t\t\t\tNZ64T3706A1"},"content":{"rendered":"<div class=\"product-features__content\">\n<ul role=\"list\">\n<li class=\"product-features__item\" role=\"listitem\">\n<h3 class=\"product-features__label\">Cuisson<\/h3>\n<ul role=\"list\">\n<li class=\"product-features__item-list__item\" role=\"listitem\"><span class=\"is--medium\">Type de table :<\/span> induction, mont\u00e9e tr\u00e8s rapide en temp\u00e9rature, gestion pr\u00e9cise de la cuisson et grande facilit\u00e9 d&rsquo;entretien. C&rsquo;est le meilleur compromis consommation d&rsquo;\u00e9nergie \/ s\u00e9curit\u00e9 \/ entretien.\t\t\t\t\t<\/li>\n<li class=\"product-features__item-list__item\" role=\"listitem\"><span class=\"is--medium\">Puissance totale :<\/span> 7.200 W\t\t\t\t\t<\/li>\n<li class=\"product-features__item-list__item\" role=\"listitem\"><span class=\"is--medium\">Amp\u00e9rage requis pour l&rsquo;installation :<\/span> 32 A\t\t\t\t\t<\/li>\n<li class=\"product-features__item-list__item\" role=\"listitem\"><span class=\"is--medium\">Nombre de foyers :<\/span> 4\t\t\t\t\t<\/li>\n<li class=\"product-features__item-list__item\" role=\"listitem\"><span class=\"is--medium\">Dimension du grand foyer :<\/span> 22,0 cm\t\t\t\t\t<\/li>\n<li class=\"product-features__item-list__item\" role=\"listitem\"><span class=\"is--medium\">Dimension foyer arri\u00e8re gauche :<\/span> 22,0 cm\t\t\t\t\t<\/li>\n<li class=\"product-features__item-list__item\" role=\"listitem\"><span class=\"is--medium\">Dimension foyer avant gauche :<\/span> 14,0 cm\t\t\t\t\t<\/li>\n<li class=\"product-features__item-list__item\" role=\"listitem\"><span class=\"is--medium\">Dimension foyer avant droit :<\/span> 14,0 cm\t\t\t\t\t<\/li>\n<li class=\"product-features__item-list__item\" role=\"listitem\"><span class=\"is--medium\">S\u00e9curit\u00e9s :<\/span> coupure en cas de d\u00e9bordement, anti surchauffe, t\u00e9moin de chaleur r\u00e9siduelle, d\u00e9tection d&rsquo;absence de r\u00e9cipient, d\u00e9tection de petits objets\t\t\t\t\t<\/li>\n<\/ul>\n<\/li>\n<li class=\"product-features__item\" role=\"listitem\">\n<h3 class=\"product-features__label\">Commandes<\/h3>\n<ul role=\"list\">\n<li class=\"product-features__item-list__item\" role=\"listitem\"><span class=\"is--medium\">Type de commandes :<\/span> tactiles centralis\u00e9es, permet d&rsquo;avoir un point de commande au milieu, pour choisir le foyer \u00e0 activer et d\u00e9terminer la puissance\t\t\t\t\t<\/li>\n<li class=\"product-features__item-list__item\" role=\"listitem\"><span class=\"is--medium\">Emplacement des commandes :<\/span> frontal\t\t\t\t\t<\/li>\n<li class=\"product-features__item-list__item\" role=\"listitem\"><span class=\"is--medium\">Nombre de boosters :<\/span> 4\t\t\t\t\t<\/li>\n<li class=\"product-features__item-list__item\" role=\"listitem\"><span class=\"is--medium\">Le saviez-vous ? :<\/span> le booster permet un acc\u00e8s direct \u00e0 la puissance maximale. Id\u00e9al pour porter \u00e0 \u00e9bullition ou saisir les viandes\t\t\t\t\t<\/li>\n<li class=\"product-features__item-list__item\" role=\"listitem\"><span class=\"is--medium\">Nombre de minuteurs :<\/span> 4\t\t\t\t\t<\/li>\n<li class=\"product-features__item-list__item\" role=\"listitem\"><span class=\"is--medium\">Le saviez-vous ? :<\/span> le minuteur arr\u00eate le foyer concern\u00e9 une fois le temps \u00e9coul\u00e9\t\t\t\t\t<\/li>\n<\/ul>\n<\/li>\n<li class=\"product-features__item\" role=\"listitem\">\n<h3 class=\"product-features__label\">Confort d&rsquo;utilisation<\/h3>\n<ul role=\"list\">\n<li class=\"product-features__item-list__item\" role=\"listitem\"><span class=\"is--medium\">Table connect\u00e9e Wifi :<\/span> non\t\t\t\t\t<\/li>\n<li class=\"product-features__item-list__item\" role=\"listitem\"><span class=\"is--medium\">Application d\u00e9di\u00e9e :<\/span> Sans application\t\t\t\t\t<\/li>\n<\/ul>\n<\/li>\n<li class=\"product-features__item\" role=\"listitem\">\n<h3 class=\"product-features__label\">Design<\/h3>\n<ul role=\"list\">\n<li class=\"product-features__item-list__item\" role=\"listitem\"><span class=\"is--medium\">Coloris :<\/span> Noir\t\t\t\t\t<\/li>\n<li class=\"product-features__item-list__item\" role=\"listitem\"><span class=\"is--medium\">Mati\u00e8re des grilles :<\/span> non concern\u00e9\t\t\t\t\t<\/li>\n<\/ul>\n<\/li>\n<li class=\"product-features__item\" role=\"listitem\">\n<h3 class=\"product-features__label\">Dimensions<\/h3>\n<ul role=\"list\">\n<li class=\"product-features__item-list__item\" role=\"listitem\"><span class=\"is--medium\">LxHxP (encastrement) :<\/span> 56 x 49 x NC cm\t\t\t\t\t<\/li>\n<li class=\"product-features__item-list__item\" role=\"listitem\"><span class=\"is--medium\">Dimensions l x h x p :<\/span> 59 x 6 x 52 cm\t\t\t\t\t<\/li>\n<li class=\"product-features__item-list__item\" role=\"listitem\"><span class=\"is--medium\">Poids net :<\/span> 10,40 Kg\t\t\t\t\t<\/li>\n<\/ul>\n<\/li>\n<li class=\"product-features__item\" role=\"listitem\">\n<h3 class=\"product-features__label\">Informations compl\u00e9mentaires<\/h3>\n<ul role=\"list\">\n<li class=\"product-features__item-list__item\" role=\"listitem\"><span class=\"is--medium\">Fabriqu\u00e9 en :<\/span> Chine\t\t\t\t\t<\/li>\n<li class=\"product-features__item-list__item\" role=\"listitem\"><span class=\"is--medium\">Garantie :<\/span> 2 ans\t\t\t\t\t<\/li>\n<li class=\"product-features__item-list__item\" role=\"listitem\"><span class=\"is--medium\">Disponibilit\u00e9 des pi\u00e8ces d\u00e9tach\u00e9es (donn\u00e9es fournisseur) :<\/span> Pendant 10 ans, \u00e0 compter de la date d&rsquo;achat\t\t\t\t\t<\/li>\n<\/ul>\n<\/li>\n<\/ul>\n<\/div>\n<div class=\"product__disclosure-content\">\n<div class=\"js-read-more product-description__content read-more read-more--truncated\" data-read-more-name=\"description\" style=\"max-height: 500px; overflow: hidden;\">\n<p>Laissez libre cours \u00e0 toutes vos recettes gr\u00e2ce \u00e0 la table de cuisson \u00e0 induction NZ64T3706A1 de Samsung.<\/p>\n<h3><img fetchpriority=\"high\" decoding=\"async\" ,=\"\" alt=\"Table Induc SAMSUNG NZ64T3706A1\" class=\"wy_tableau_gauche\" height=\"270\" src=\"https:\/\/boulanger.scene7.com\/is\/image\/Boulanger\/8806090682919_h_f_l_0?wid=400&amp;hei=270\" width=\"400\"\/>Performance et agilit\u00e9<\/h3>\n<p>Toute l&rsquo;innovation Samsung se met au service de vos recettes, aussi bien pour vos repas du quotidien que pour vos d\u00eeners gastronomiques, avec la table de cuisson \u00e0 induction NZ64T3706A1. Sa <b>technologie met \u00e0 votre disposition neuf niveaux de cuisson<\/b> qui adaptent la puissance de la table \u00e0 toutes vos envies, vos besoins et vos recettes. Cette innovation permet une <b>cuisson pr\u00e9cise et intuitive sans perte de chaleur<\/b>.<\/p>\n<p>Avec ses <b>quatre foyers disposant chacun d&rsquo;un booster<\/b>, la table de cuisson \u00e0 induction NZ64T3706A1 de Samsung vous permet de r\u00e9aliser des plats \u00e9labor\u00e9s en simultan\u00e9. <b>Les boosters intelligents de Samsung<\/b> vous offrent une puissance multipli\u00e9e par deux pendant dix minutes, aussi bien pour faire bouillir les liquides que pour saisir les viandes. Cette table de cuisson se plie v\u00e9ritablement \u00e0 tous vos besoins ! <\/p>\n<h3><img decoding=\"async\" ,=\"\" alt=\"Table Induc SAMSUNG NZ64T3706A1\" class=\"wy_tableau_right\" height=\"270\" src=\"https:\/\/boulanger.scene7.com\/is\/image\/Boulanger\/8806090682919_h_f_l_1?wid=400&amp;hei=270\" width=\"400\"\/>Intuitivit\u00e9 et facilit\u00e9 d&rsquo;utilisation<\/h3>\n<p>La table de cuisson \u00e0 induction NZ64T3706A1 de Samsung dispose de commandes sensitives pour chaque foyer de cuisson : <b>r\u00e9glez facilement et pr\u00e9cis\u00e9ment la temp\u00e9rature de chacun des foyers<\/b> pour une diffusion optimale de la chaleur. La puissance de la table NZ64T3706A1, quant \u00e0 elle, va de 50 \u00e0 2600 watts pour vous assurer une <b>efficacit\u00e9 \u00e9clair<\/b>.<\/p>\n<p>Soucieuses de votre s\u00e9curit\u00e9 et votre bien-\u00eatre, les \u00e9quipes de Samsung ont dot\u00e9 cette table de cuisson \u00e0 induction de <b>cinq renforts de s\u00e9curit\u00e9<\/b>, allant de la s\u00e9curit\u00e9 enfant \u00e0 un indicateur de chaleur r\u00e9siduelle, en passant par une d\u00e9tection des casseroles et ustensiles. <b>Cuisiner de d\u00e9licieux plats n&rsquo;a jamais \u00e9t\u00e9 aussi simple.<\/b><\/p>\n<\/p>\n<p><a href=\"https:\/\/www.boulanger.com\/evenement\/livraison-domicile-gros-produits-service\" rel=\"noopener\" target=\"_blank\" title=\"Livraison \u00e0 domicile gros produits et service\"><img decoding=\"async\" height=\"160\" src=\"https:\/\/boulanger.scene7.com\/is\/image\/Boulanger\/Reprise ancien appareil?wid=1260\" width=\"1240\"\/><\/a><\/p>\n<\/div>\n<p><bl-button a11yexpanded=\"false\" arialabel=\"Afficher toute la description\" class=\"read-more__btn\" full=\"false\" link=\"true\"><\/bl-button><\/div>","protected":false},"excerpt":{"rendered":"<div class=\"keypoints\">\n<h3 class=\"keypoints__title\">Les points cl\u00e9s<\/h3>\n<ul role=\"list\">\n<li class=\"keypoints__item\" role=\"listitem\">                                        Encastrement standard : L 56 cm                      <\/li>\n<li class=\"keypoints__item\" role=\"listitem\">                                        Nombre de foyers : 4                      <\/li>\n<li class=\"keypoints__item\" role=\"listitem\">                                        Type de commandes : tactiles centralis\u00e9es                      <\/li>\n<li class=\"keypoints__item keypoints__item--advantage\" role=\"listitem\"><strong>Le + :<\/strong> Pendant 10 minutes, b\u00e9n\u00e9ficiez de 50% de  puissance en plus sur le foyer  s\u00e9lectionn\u00e9 gr\u00e2ce au booster.      <\/li>\n<\/ul>","protected":false},"featured_media":11429,"template":"","meta":{"_glsr_average":0,"_glsr_ranking":0,"_glsr_reviews":0},"product_cat":[217],"product_tag":[131,218,219],"class_list":{"0":"post-37656","1":"product","2":"type-product","3":"status-publish","4":"has-post-thumbnail","6":"product_cat-plaque-induction","7":"product_tag-gros-electromenager","8":"product_tag-plaque-de-cuisson","9":"product_tag-plaque-induction","11":"first","12":"instock","13":"sale","14":"shipping-taxable","15":"purchasable","16":"product-type-simple"},"_links":{"self":[{"href":"https:\/\/electromenagerexpress.com\/en\/wp-json\/wp\/v2\/product\/37656","targetHints":{"allow":["GET"]}}],"collection":[{"href":"https:\/\/electromenagerexpress.com\/en\/wp-json\/wp\/v2\/product"}],"about":[{"href":"https:\/\/electromenagerexpress.com\/en\/wp-json\/wp\/v2\/types\/product"}],"wp:featuredmedia":[{"embeddable":true,"href":"https:\/\/electromenagerexpress.com\/en\/wp-json\/wp\/v2\/media\/11429"}],"wp:attachment":[{"href":"https:\/\/electromenagerexpress.com\/en\/wp-json\/wp\/v2\/media?parent=37656"}],"wp:term":[{"taxonomy":"product_cat","embeddable":true,"href":"https:\/\/electromenagerexpress.com\/en\/wp-json\/wp\/v2\/product_cat?post=37656"},{"taxonomy":"product_tag","embeddable":true,"href":"https:\/\/electromenagerexpress.com\/en\/wp-json\/wp\/v2\/product_tag?post=37656"}],"curies":[{"name":"wp","href":"https:\/\/api.w.org\/{rel}","templated":true}]}}