{"id":37641,"date":"2024-11-21T13:28:21","date_gmt":"2024-11-21T13:28:21","guid":{"rendered":"https:\/\/electromenagerexpress.com\/product\/four-emailcandywatch-touch-reconditionne\/"},"modified":"2026-02-18T15:34:47","modified_gmt":"2026-02-18T15:34:47","slug":"four-emailcandywatch-touch","status":"publish","type":"product","link":"https:\/\/electromenagerexpress.com\/en\/product\/four-emailcandywatch-touch\/","title":{"rendered":"Four Email\tCANDY\tWATCH &#038; TOUCH"},"content":{"rendered":"<div class=\"product-features__content\">\n<p>&nbsp;<\/p>\n<ul role=\"list\">\n<li class=\"product-features__item\" role=\"listitem\">\n<h3 class=\"product-features__label\">Nettoyage et s\u00e9curit\u00e9<\/h3>\n<ul role=\"list\">\n<li class=\"product-features__item-list__item\" role=\"listitem\"><span class=\"is--medium\">Type de porte :<\/span> Porte temp\u00e9r\u00e9e : la porte de l&rsquo;appareil garde une certaine temp\u00e9rature, le risque de br\u00fblures est minimis\u00e9<\/li>\n<li class=\"product-features__item-list__item\" role=\"listitem\"><span class=\"is--medium\">Type d&rsquo;ouverture de porte :<\/span> Abattante<\/li>\n<li class=\"product-features__item-list__item\" role=\"listitem\"><span class=\"is--medium\">Fermeture de porte :<\/span> Fermeture douce : Syst\u00e8me qui ferme doucement et silencieusement la porte<\/li>\n<li class=\"product-features__item-list__item\" role=\"listitem\"><span class=\"is--medium\">Vitre de porte d\u00e9montable :<\/span> Non<\/li>\n<\/ul>\n<\/li>\n<li class=\"product-features__item\" role=\"listitem\">\n<h3 class=\"product-features__label\">Equipement<\/h3>\n<ul role=\"list\">\n<li class=\"product-features__item-list__item\" role=\"listitem\"><span class=\"is--medium\">Programmateur :<\/span> Electronique<\/li>\n<li class=\"product-features__item-list__item\" role=\"listitem\"><span class=\"is--medium\">Rails t\u00e9l\u00e9scopiques :<\/span> ils permettent d&rsquo;acc\u00e9der \u00e0 vos plats en les faisant coulisser en dehors de l&rsquo;enceinte de cuisson en \u00e9vitant les risques de basculement. Vous pourrez arroser confortablement votre r\u00f4ti ou retourner facilement vos plats sans risque de br\u00fblure.<\/li>\n<\/ul>\n<\/li>\n<li class=\"product-features__item\" role=\"listitem\">\n<h3 class=\"product-features__label\">Bandeau de commandes<\/h3>\n<ul role=\"list\">\n<li class=\"product-features__item-list__item\" role=\"listitem\"><span class=\"is--medium\">Type de commande :<\/span> Tactiles<\/li>\n<\/ul>\n<ul role=\"list\">\n<li class=\"product-features__item-list__item\" role=\"listitem\"><\/li>\n<\/ul>\n<\/li>\n<li class=\"product-features__item\" role=\"listitem\">\n<h3 class=\"product-features__label\">Dimensions<\/h3>\n<ul role=\"list\">\n<li class=\"product-features__item-list__item\" role=\"listitem\"><span class=\"is--medium\">Type d&rsquo;encastrement :<\/span> Four standard (60 x 60 cm)<\/li>\n<li class=\"product-features__item-list__item\" role=\"listitem\"><span class=\"is--medium\">Dimensions l x h x p :<\/span> 59.5 x 59.5 x 56.8 cm<\/li>\n<li class=\"product-features__item-list__item\" role=\"listitem\"><span class=\"is--medium\">Poids Net :<\/span> 27,00 Kg<\/li>\n<\/ul>\n<\/li>\n<\/ul>\n<\/div>\n<div class=\"product__disclosure-content\">\n<div class=\"js-read-more product-description__content read-more read-more--truncated\" style=\"max-height: 500px; overflow: hidden;\" data-read-more-name=\"description\">\n<p>D\u00e9couvrez le four Email CANDY WATCH &amp; TOUCH, dot\u00e9 d&rsquo;un \u00e9cran tactile sur la porte, d&rsquo;une cam\u00e9ra \u00e0 l&rsquo;int\u00e9rieur et m\u00eame d&rsquo;une connexion \u00e0 Internet\u00a0!<\/p>\n<h3>Un four connect\u00e9 et intelligent<\/h3>\n<p>Vous ne r\u00eavez pas, le four Email CANDY WATCH &amp; TOUCH poss\u00e8de bien un superbe <b>\u00e9cran 100\u00a0% tactile de 19 pouces<\/b>. Plac\u00e9 sur la porte, il permet de visualiser les images transmises par la <b>cam\u00e9ra \u00e0 l&rsquo;int\u00e9rieur du four<\/b>. De cette mani\u00e8re, vous surveillez facilement la cuisson de vos plats, m\u00eame \u00e0 distance\u00a0!<\/p>\n<p>Cet \u00e9cran vous donne aussi acc\u00e8s \u00e0 <b>4 menus<\/b>\u00a0: recettes personnelles, mode manuel, recettes automatiques et recettes vid\u00e9o. Ainsi, vous pouvez b\u00e9n\u00e9ficier de plats vari\u00e9s pr\u00e9-enregistr\u00e9s qui d\u00e9fileront sur l&rsquo;\u00e9cran sous forme de vid\u00e9os. Il est aussi possible d&rsquo;enregistrer vos propres id\u00e9es de repas ou de <b>surfer<\/b> gr\u00e2ce au Wi-Fi ou au Bluetooth sur certains r\u00e9seaux sociaux\u00a0!<\/p>\n<h3>Un four design et facile \u00e0 utiliser<\/h3>\n<\/div>\n<\/div>\n<p>&nbsp;<\/p>\n<div class=\"product__disclosure-content\">\n<div class=\"js-read-more product-description__content read-more read-more--truncated\" style=\"max-height: 500px; overflow: hidden;\" data-read-more-name=\"description\">\n<h3><\/h3>\n<h3><\/h3>\n<h3><img fetchpriority=\"high\" decoding=\"async\" class=\"wy_tableau_right\" src=\"https:\/\/boulanger.scene7.com\/is\/image\/Boulanger\/8016361932562_p2?wid=400&amp;hei=270\" alt=\"Four Email CANDY WATCH &amp; TOUCH\" width=\"400\" height=\"270\" \/><\/h3>\n<p>Le four Email CANDY WATCH &amp; TOUCH poss\u00e8de une <b>grande capacit\u00e9 de 78 litres<\/b>. Pour cuisiner au quotidien, il vous propose <b>10 modes de cuisson et 80 programmes automatiques<\/b>. Sole, gril, chaleur tournante&#8230; Ce four multifonctions sait se plier \u00e0 tous vos besoins.<\/p>\n<p>C\u00f4t\u00e9 design, vous serez aussi \u00e9pat\u00e9 par son style \u00e9l\u00e9gant qui apportera une touche de raffinement \u00e0<\/p>\n<\/div>\n<\/div>\n<p>&nbsp;<\/p>\n<div class=\"product__disclosure-content\">\n<div class=\"js-read-more product-description__content read-more read-more--truncated\" style=\"max-height: 500px; overflow: hidden;\" data-read-more-name=\"description\">\n<p>&nbsp;<\/p>\n<p>&nbsp;<\/p>\n<p>votre cuisine. Mais ce n&rsquo;est pas tout, car il a aussi \u00e9t\u00e9 con\u00e7u pour \u00eatre ergonomique avec ses <b>rails t\u00e9lescopiques<\/b> pour enfourner ou retirer les plats sans vous br\u00fbler. La <b>porte froide et sa fermeture douce<\/b> viendront vous apporter des atouts suppl\u00e9mentaires en mati\u00e8re de confort.<\/p>\n<\/div>\n<p>&nbsp;<\/p>\n<div class=\"js-read-more product-description__content read-more read-more--truncated\" style=\"max-height: 500px; overflow: hidden;\" data-read-more-name=\"description\">\n<p>&nbsp;<\/p>\n<\/div>\n<p>&nbsp;<\/p>\n<\/div>","protected":false},"excerpt":{"rendered":"<div class=\"keypoints\">\n<h3 class=\"keypoints__title\">Les points cl\u00e9s<\/h3>\n<ul role=\"list\">\n<li class=\"keypoints__item\" role=\"listitem\">Rails t\u00e9l\u00e9scopiques<\/li>\n<li class=\"keypoints__item\" role=\"listitem\">Encastrement standard (60cm)<\/li>\n<\/ul>\n<p>&nbsp;<\/p>\n<\/div>","protected":false},"featured_media":11227,"template":"","meta":{"_glsr_average":0,"_glsr_ranking":0,"_glsr_reviews":0},"product_cat":[212],"product_tag":[213,131],"class_list":{"0":"post-37641","1":"product","2":"type-product","3":"status-publish","4":"has-post-thumbnail","6":"product_cat-four-encastrable","7":"product_tag-four-encastrable","8":"product_tag-gros-electromenager","10":"first","11":"instock","12":"sale","13":"shipping-taxable","14":"purchasable","15":"product-type-simple"},"_links":{"self":[{"href":"https:\/\/electromenagerexpress.com\/en\/wp-json\/wp\/v2\/product\/37641","targetHints":{"allow":["GET"]}}],"collection":[{"href":"https:\/\/electromenagerexpress.com\/en\/wp-json\/wp\/v2\/product"}],"about":[{"href":"https:\/\/electromenagerexpress.com\/en\/wp-json\/wp\/v2\/types\/product"}],"wp:featuredmedia":[{"embeddable":true,"href":"https:\/\/electromenagerexpress.com\/en\/wp-json\/wp\/v2\/media\/11227"}],"wp:attachment":[{"href":"https:\/\/electromenagerexpress.com\/en\/wp-json\/wp\/v2\/media?parent=37641"}],"wp:term":[{"taxonomy":"product_cat","embeddable":true,"href":"https:\/\/electromenagerexpress.com\/en\/wp-json\/wp\/v2\/product_cat?post=37641"},{"taxonomy":"product_tag","embeddable":true,"href":"https:\/\/electromenagerexpress.com\/en\/wp-json\/wp\/v2\/product_tag?post=37641"}],"curies":[{"name":"wp","href":"https:\/\/api.w.org\/{rel}","templated":true}]}}