{"id":37637,"date":"2024-11-21T13:28:08","date_gmt":"2024-11-21T13:28:08","guid":{"rendered":"https:\/\/electromenagerexpress.com\/product\/four-pyrosamsung-nv73j9770rs-reconditionne\/"},"modified":"2024-11-21T13:28:11","modified_gmt":"2024-11-21T13:28:11","slug":"four-pyrosamsung-nv73j9770rs-reconditionne","status":"publish","type":"product","link":"https:\/\/electromenagerexpress.com\/en\/product\/four-pyrosamsung-nv73j9770rs-reconditionne\/","title":{"rendered":"Four Pyro\t\t\t\t\t\t\tSAMSUNG \t\t\t\tNV73J9770RS Reconditionn\u00e9"},"content":{"rendered":"<div class=\"product-features__content\">\n<ul role=\"list\">\n<li class=\"product-features__item\" role=\"listitem\">\n<h3 class=\"product-features__label\">Modes de cuisson<\/h3>\n<ul role=\"list\">\n<li class=\"product-features__item-list__item\" role=\"listitem\"><span class=\"is--medium\">Mode de cuisson :<\/span> Chaleur puls\u00e9e\t\t\t\t\t<\/li>\n<\/ul>\n<\/li>\n<li class=\"product-features__item\" role=\"listitem\">\n<h3 class=\"product-features__label\">Connectivit\u00e9<\/h3>\n<ul role=\"list\">\n<li class=\"product-features__item-list__item\" role=\"listitem\"><span class=\"is--medium\">Compatibilit\u00e9 :<\/span> iOS et Android\t\t\t\t\t<\/li>\n<\/ul>\n<\/li>\n<li class=\"product-features__item\" role=\"listitem\">\n<h3 class=\"product-features__label\">Nettoyage et s\u00e9curit\u00e9<\/h3>\n<ul role=\"list\">\n<li class=\"product-features__item-list__item\" role=\"listitem\"><span class=\"is--medium\">Type de porte :<\/span> Porte froide : C&rsquo;est un gage de s\u00e9curit\u00e9, il n&rsquo;y a aucun risque de br\u00fblure et l&rsquo;\u00e9paisseur des vitres offre une excellente isolation\t\t\t\t\t<\/li>\n<li class=\"product-features__item-list__item\" role=\"listitem\"><span class=\"is--medium\">Type d&rsquo;ouverture de porte :<\/span> Abattante\t\t\t\t\t<\/li>\n<li class=\"product-features__item-list__item\" role=\"listitem\"><span class=\"is--medium\">Fermeture de porte :<\/span> Fermeture douce : Syst\u00e8me qui ferme doucement et silencieusement la porte\t\t\t\t\t<\/li>\n<li class=\"product-features__item-list__item\" role=\"listitem\"><span class=\"is--medium\">Vitre de porte d\u00e9montable :<\/span> Non\t\t\t\t\t<\/li>\n<\/ul>\n<\/li>\n<li class=\"product-features__item\" role=\"listitem\">\n<h3 class=\"product-features__label\">Equipement<\/h3>\n<ul role=\"list\">\n<li class=\"product-features__item-list__item\" role=\"listitem\"><span class=\"is--medium\">Programmateur :<\/span> Electronique\t\t\t\t\t<\/li>\n<li class=\"product-features__item-list__item\" role=\"listitem\"><span class=\"is--medium\">Rails t\u00e9l\u00e9scopiques :<\/span> ils permettent d&rsquo;acc\u00e9der \u00e0 vos plats en les faisant coulisser en dehors de l&rsquo;enceinte de cuisson en \u00e9vitant les risques de basculement. Vous pourrez arroser confortablement votre r\u00f4ti ou retourner facilement vos plats sans risque de br\u00fblure.\t\t\t\t\t<\/li>\n<\/ul>\n<\/li>\n<li class=\"product-features__item\" role=\"listitem\">\n<h3 class=\"product-features__label\">Bandeau de commandes<\/h3>\n<ul role=\"list\">\n<li class=\"product-features__item-list__item\" role=\"listitem\"><span class=\"is--medium\">Type de commande :<\/span> Sensitives\t\t\t\t\t<\/li>\n<\/ul>\n<\/li>\n<li class=\"product-features__item\" role=\"listitem\">\n<h3 class=\"product-features__label\">Consommations et \u00e9conomie d&rsquo;\u00e9nergie<\/h3>\n<ul role=\"list\">\n<li class=\"product-features__item-list__item\" role=\"listitem\"><span class=\"is--medium\">Label \u00e9nergie :<\/span> A+\t\t\t\t\t<\/li>\n<li class=\"product-features__item-list__item\" role=\"listitem\"><span class=\"is--medium\">Puissance totale :<\/span> 1.200 W\t\t\t\t\t<\/li>\n<li class=\"product-features__item-list__item\" role=\"listitem\"><span class=\"is--medium\">Puissance du gril :<\/span> 1.600 W\t\t\t\t\t<\/li>\n<li class=\"product-features__item-list__item\" role=\"listitem\"><span class=\"is--medium\">Consommation en convection naturelle :<\/span> 0,95 kW\t\t\t\t\t<\/li>\n<li class=\"product-features__item-list__item\" role=\"listitem\"><span class=\"is--medium\">Consommation en chaleur tournante :<\/span> 0,70 kW\t\t\t\t\t<\/li>\n<li class=\"product-features__item-list__item\" role=\"listitem\"><span class=\"is--medium\">Pour consulter l&rsquo;\u00e9tiquette label \u00e9nergie :<\/span> <a href=\"http:\/\/boulanger.scene7.com\/is\/image\/Boulanger\/8806086704762_h_e_l_0\" target=\"_blank\">Cliquez ici<\/a><\/li>\n<\/ul>\n<\/li>\n<li class=\"product-features__item\" role=\"listitem\">\n<h3 class=\"product-features__label\">Dimensions<\/h3>\n<ul role=\"list\">\n<li class=\"product-features__item-list__item\" role=\"listitem\"><span class=\"is--medium\">Type d&rsquo;encastrement :<\/span> Four standard (60 x 60 cm)\t\t\t\t\t<\/li>\n<li class=\"product-features__item-list__item\" role=\"listitem\"><span class=\"is--medium\">Dimensions l x h x p :<\/span> 59.5 x 59.5 x 56.6 cm\t\t\t\t\t<\/li>\n<li class=\"product-features__item-list__item\" role=\"listitem\"><span class=\"is--medium\">Longueur du cordon d&rsquo;alimentation :<\/span> 1,50 cm\t\t\t\t\t<\/li>\n<li class=\"product-features__item-list__item\" role=\"listitem\"><span class=\"is--medium\">Poids Net :<\/span> 45,90 Kg\t\t\t\t\t<\/li>\n<\/ul>\n<\/li>\n<li class=\"product-features__item\" role=\"listitem\">\n<h3 class=\"product-features__label\">Et en plus<\/h3>\n<ul role=\"list\">\n<li class=\"product-features__item-list__item\" role=\"listitem\"><span class=\"is--medium\">Comme un Chef blog culinaire :<\/span> \u00a0<a target=\"_blank\"> Cliquez-ici<\/a><\/li>\n<li class=\"product-features__item-list__item\" role=\"listitem\"><span class=\"is--medium\">D\u00e9couvrez la cuisson connect\u00e9e :<\/span> <a target=\"_blank\"> Cliquez-ici<\/a><\/li>\n<li class=\"product-features__item-list__item\" role=\"listitem\"><span class=\"is--medium\">A quoi \u00e7a sert la cuisson intelligente\u00a0? :<\/span> <a target=\"_blank\"> Cliquez-ici <\/a><\/li>\n<\/ul>\n<\/li>\n<\/ul>\n<\/div>\n<div class=\"product__disclosure-content\">\n<div class=\"js-read-more product-description__content read-more read-more--truncated\" data-read-more-name=\"description\" style=\"max-height: 500px; overflow: hidden;\">\n<p>Profitez d&rsquo;une cuisson utilisant la vapeur pour r\u00e9ussir toutes vos recettes gr\u00e2ce au <b>four connect\u00e9<\/b> Samsung NV73J9770RS\/EF. En effet, celui-ci est dot\u00e9 de la technologie <b>Vapor Cook<\/b> qui vous assure d&rsquo;obtenir des aliments croustillants \u00e0 l&rsquo;ext\u00e9rieur et particuli\u00e8rement tendres \u00e0 l&rsquo;int\u00e9rieur.<\/p>\n<h3>Des cuissons professionnelles et un confort d&rsquo;utilisation<\/h3>\n<p><\/p>\n<p class=\"wy_aligner_centrer\"><img fetchpriority=\"high\" decoding=\"async\" alt=\"Vapor Cook\" height=\"376\" src=\"https:\/\/boulanger.scene7.com\/is\/image\/Boulanger\/8806086704762_p1?wid=1000&amp;hei=376\" width=\"1000\"\/><\/p>\n<p><\/p>\n<p>Le four Samsung NV73J9770RS\/EF vous offre des r\u00e9sultats de cuisson dignes des cuisines professionnelles. Gr\u00e2ce \u00e0 la technologie <b>Vapor Cook<\/b>, les cuissons sont rapides et la diffusion de vapeur permet d&rsquo;obtenir des r\u00f4tis tendres et juteux \u00e0 l&rsquo;int\u00e9rieur tout en \u00e9tant dor\u00e9s \u00e0 l&rsquo;ext\u00e9rieur.<\/p>\n<p class=\"wy_aligner_centrer\"><img decoding=\"async\" alt=\"80 recettes pr\u00e9r\u00e9gl\u00e9es\" height=\"240\" src=\"https:\/\/boulanger.scene7.com\/is\/image\/Boulanger\/8806086704762_p2?wid=1000&amp;hei=240\" width=\"1000\"\/><\/p>\n<p><\/p>\n<p>Ce four est aussi dot\u00e9 de <b>80 menus automatiques<\/b> pour multiplier les exp\u00e9riences gustatives. Vous ne serez plus \u00e0 court d&rsquo;id\u00e9es. Gr\u00e2ce \u00e0 une application d\u00e9di\u00e9e, vous aurez \u00e9galement la possibilit\u00e9 de choisir parmi plusieurs recettes de chefs. Une fois la recette s\u00e9lectionn\u00e9e, les informations de cuisson sont directement envoy\u00e9es au four pour un r\u00e9sultat impeccable Vous pouvez \u00e9galement compter sur la grande capacit\u00e9 de ce four. Sa <b>cavit\u00e9 de 73 litres<\/b> le rend tr\u00e8s pratique pour les plats volumineux dont raffole toute la famille.<\/p>\n<h3>Design, accessoires et technologies au rendez-vous !<\/h3>\n<p><\/p>\n<p>Samsung a pens\u00e9 \u00e0 vous simplifier la vie avec son four connect\u00e9 NV73J9770RS\/EF. La <b>connexion WiFi<\/b> du four vous permet de contr\u00f4ler, depuis votre smartphone et votre canap\u00e9, le mode, le temps ou la temp\u00e9rature de cuisson. L&rsquo;\u00e9cran TFT LCD de ce four est tr\u00e8s intuitif et enti\u00e8rement tactile. Cuisiner est un vrai jeu d&rsquo;enfant. Son design moderne est con\u00e7u tout autant pour le rendre simple d&rsquo;utilisation qu&rsquo;esth\u00e9tique. Sans aucun doute, ce four impressionnera dans votre cuisine.<\/p>\n<p><\/p>\n<p class=\"wy_aligner_centrer\"><img decoding=\"async\" alt=\"Four connect\u00e9 Samsung\" height=\"369\" src=\"https:\/\/boulanger.scene7.com\/is\/image\/Boulanger\/8806086704762_p3?wid=1000&amp;hei=369\" width=\"1000\"\/><\/p>\n<p><\/p>\n<p><b>La sonde \u00e0 viande<\/b> saura \u00e9galement vous s\u00e9duire. La cuisson de vos viandes s&rsquo;arr\u00eatera automatiquement lorsque la temp\u00e9rature \u00e0 coeur que vous avez s\u00e9lectionn\u00e9e sera atteinte. Vous aimez le boeuf saignant \u00a0\u00bb Plus aucun risque de manger une viande trop cuite. Enfin, pour le nettoyage de votre four, <b>3 fonctions pyrolyse<\/b> diff\u00e9rentes, \u00e9co, normal ou intensive s&rsquo;occupent de tout \u00e0 votre place !<\/p>\n<\/p>\n<p><img decoding=\"async\" src=\"https:\/\/boulanger.scene7.com\/is\/image\/Boulanger\/EMS-top_AEM_FOURS?wid=1260\"\/><\/p>\n<\/div>\n<p><bl-button a11yexpanded=\"false\" arialabel=\"Afficher toute la description\" class=\"read-more__btn\" full=\"false\" link=\"true\"><\/bl-button><\/div>","protected":false},"excerpt":{"rendered":"<div class=\"keypoints\">\n<h3 class=\"keypoints__title\">Les points cl\u00e9s<\/h3>\n<ul role=\"list\">\n<li class=\"keypoints__item\" role=\"listitem\">                                        Rails t\u00e9l\u00e9scopiques                      <\/li>\n<li class=\"keypoints__item\" role=\"listitem\">                                        Encastrement standard (60cm)                      <\/li>\n<li class=\"keypoints__item keypoints__item--advantage\" role=\"listitem\"><strong>Le + :<\/strong> Vapor cook: diffusion de vapeur, dor\u00e9s \u00e0 l&rsquo;exterieur, juteux \u00e0 l&rsquo;int\u00e9rieur      <\/li>\n<\/ul>","protected":false},"featured_media":11168,"template":"","meta":{"_glsr_average":0,"_glsr_ranking":0,"_glsr_reviews":0},"product_cat":[212],"product_tag":[213,131],"class_list":{"0":"post-37637","1":"product","2":"type-product","3":"status-publish","4":"has-post-thumbnail","6":"product_cat-four-encastrable","7":"product_tag-four-encastrable","8":"product_tag-gros-electromenager","10":"first","11":"instock","12":"sale","13":"shipping-taxable","14":"purchasable","15":"product-type-simple"},"_links":{"self":[{"href":"https:\/\/electromenagerexpress.com\/en\/wp-json\/wp\/v2\/product\/37637","targetHints":{"allow":["GET"]}}],"collection":[{"href":"https:\/\/electromenagerexpress.com\/en\/wp-json\/wp\/v2\/product"}],"about":[{"href":"https:\/\/electromenagerexpress.com\/en\/wp-json\/wp\/v2\/types\/product"}],"wp:featuredmedia":[{"embeddable":true,"href":"https:\/\/electromenagerexpress.com\/en\/wp-json\/wp\/v2\/media\/11168"}],"wp:attachment":[{"href":"https:\/\/electromenagerexpress.com\/en\/wp-json\/wp\/v2\/media?parent=37637"}],"wp:term":[{"taxonomy":"product_cat","embeddable":true,"href":"https:\/\/electromenagerexpress.com\/en\/wp-json\/wp\/v2\/product_cat?post=37637"},{"taxonomy":"product_tag","embeddable":true,"href":"https:\/\/electromenagerexpress.com\/en\/wp-json\/wp\/v2\/product_tag?post=37637"}],"curies":[{"name":"wp","href":"https:\/\/api.w.org\/{rel}","templated":true}]}}