{"id":37636,"date":"2024-11-21T13:28:02","date_gmt":"2024-11-21T13:28:02","guid":{"rendered":"https:\/\/electromenagerexpress.com\/product\/four-encastrable-electroluxeoc9p31wx-steamcrisp-reconditionne\/"},"modified":"2026-03-23T10:20:12","modified_gmt":"2026-03-23T10:20:12","slug":"four-encastrable-electroluxeoc9p31wx-steamcrisp-reconditionne","status":"publish","type":"product","link":"https:\/\/electromenagerexpress.com\/en\/product\/four-encastrable-electroluxeoc9p31wx-steamcrisp-reconditionne\/","title":{"rendered":"Four encastrable \tELECTROLUX\tEOC9P31WX SteamCrisp"},"content":{"rendered":"<div class=\"product-features__content\">\n<p>&nbsp;<\/p>\n<ul role=\"list\">\n<li class=\"product-features__item\" role=\"listitem\">\n<h3 class=\"product-features__label\">Modes de cuisson<\/h3>\n<ul role=\"list\">\n<li class=\"product-features__item-list__item\" role=\"listitem\"><span class=\"is--medium\">Mode de cuisson :<\/span> Chaleur tournante puls\u00e9e<\/li>\n<li class=\"product-features__item-list__item\" role=\"listitem\"><span class=\"is--medium\">Avantage de la chaleur tournante puls\u00e9e :<\/span> le four est \u00e9quip\u00e9 d&rsquo;un ventilateur et d&rsquo;une r\u00e9sistance circulaire situ\u00e9es sur la paroi arri\u00e8re du four, pour une cuisson simultan\u00e9e de diff\u00e9rents plats sur plusieurs niveaux<\/li>\n<li class=\"product-features__item-list__item\" role=\"listitem\"><span class=\"is--medium\">Nombre de programmes de cuisson :<\/span> 18<\/li>\n<li class=\"product-features__item-list__item\" role=\"listitem\"><span class=\"is--medium\">Fonctions sp\u00e9ciales pour r\u00e9pondre \u00e0 toutes vos envies :<\/span> pr\u00e9chauffage rapide, basse temp\u00e9rature, d\u00e9cong\u00e9lation, maintien au chaud, s\u00e9chage\/d\u00e9shydratation, pizza<\/li>\n<li class=\"product-features__item-list__item\" role=\"listitem\"><span class=\"is--medium\">Nombre de recettes programm\u00e9es :<\/span> 168 aides aux choix des modes de cuisson et des temps de cuisson<\/li>\n<li class=\"product-features__item-list__item\" role=\"listitem\"><span class=\"is--medium\">Nombre de programmes 100 % automatique :<\/span> Non concern\u00e9<\/li>\n<\/ul>\n<\/li>\n<li class=\"product-features__item\" role=\"listitem\">\n<h3 class=\"product-features__label\">Cuisson vapeur<\/h3>\n<ul role=\"list\">\n<li class=\"product-features__item-list__item\" role=\"listitem\"><span class=\"is--medium\">Type de cuisson vapeur :<\/span> Ajout vapeur<\/li>\n<li class=\"product-features__item-list__item\" role=\"listitem\"><span class=\"is--medium\">Avantage du mode avec ajout de vapeur :<\/span> La cuisson vapeur assist\u00e9e permet de cuisiner \u00e0 l&rsquo;aide de la vapeur, afin d&rsquo;obtenir des performances de cuisson am\u00e9lior\u00e9es. Elle est tout particuli\u00e8rement recommand\u00e9e pour le pain et la p\u00e2tisserie<\/li>\n<\/ul>\n<\/li>\n<li class=\"product-features__item\" role=\"listitem\">\n<h3 class=\"product-features__label\">Connectivit\u00e9<\/h3>\n<ul role=\"list\">\n<li class=\"product-features__item-list__item\" role=\"listitem\"><span class=\"is--medium\">Connect\u00e9 :<\/span> Oui, contr\u00f4lez les fonctions de votre four \u00e0 distance, acc\u00e9dez \u00e0 de nombreuses recettes, des conseils d&rsquo;entretien et d&rsquo;utilisation au quotidien.<\/li>\n<\/ul>\n<\/li>\n<li class=\"product-features__item\" role=\"listitem\">\n<h3 class=\"product-features__label\">Nettoyage et s\u00e9curit\u00e9<\/h3>\n<ul role=\"list\">\n<li class=\"product-features__item-list__item\" role=\"listitem\"><span class=\"is--medium\">Nettoyage :<\/span> Pyrolyse<\/li>\n<li class=\"product-features__item-list__item\" role=\"listitem\"><span class=\"is--medium\">Avantage pyrolyse :<\/span> La temp\u00e9rature int\u00e9rieure du four monte jusqu&rsquo;\u00e0 500\u00b0C et d\u00e9truit les graisses, vous n&rsquo;avez plus qu&rsquo;\u00e0 r\u00e9cup\u00e9rer les cendres \u00e0 l&rsquo;aide d&rsquo;un torchon et le tour est jou\u00e9 !<\/li>\n<li class=\"product-features__item-list__item\" role=\"listitem\"><span class=\"is--medium\">Conseils pyrolyse :<\/span> Sauf contre indication de la marque dans la notice, il est fortement conseill\u00e9 pendant le nettoyage pyrolyse d&rsquo;enlever le(s) grilles(s), lechefrite(s) et rails<\/li>\n<li class=\"product-features__item-list__item\" role=\"listitem\"><span class=\"is--medium\">Pr\u00e9conisation de nettoyage :<\/span> Oui<\/li>\n<li class=\"product-features__item-list__item\" role=\"listitem\"><span class=\"is--medium\">Accessoires pyrolysables :<\/span> Non<\/li>\n<li class=\"product-features__item-list__item\" role=\"listitem\"><span class=\"is--medium\">S\u00e9curit\u00e9 enfant :<\/span> Non<\/li>\n<li class=\"product-features__item-list__item\" role=\"listitem\"><span class=\"is--medium\">Type de porte :<\/span> Froide<\/li>\n<li class=\"product-features__item-list__item\" role=\"listitem\"><span class=\"is--medium\">Avantage porte froide :<\/span> C&rsquo;est un gage de s\u00e9curit\u00e9, il n&rsquo;y a aucun risque de br\u00fblure et l&rsquo;\u00e9paisseur des vitres offre une excellente isolation<\/li>\n<li class=\"product-features__item-list__item\" role=\"listitem\"><span class=\"is--medium\">Type d&rsquo;ouverture de porte :<\/span> Standard<\/li>\n<li class=\"product-features__item-list__item\" role=\"listitem\"><span class=\"is--medium\">Fermeture de porte :<\/span> Fermeture douce<\/li>\n<li class=\"product-features__item-list__item\" role=\"listitem\"><span class=\"is--medium\">Vitre de porte d\u00e9montable :<\/span> Non<\/li>\n<\/ul>\n<\/li>\n<li class=\"product-features__item\" role=\"listitem\">\n<h3 class=\"product-features__label\">Equipement<\/h3>\n<ul role=\"list\">\n<li class=\"product-features__item-list__item\" role=\"listitem\"><span class=\"is--medium\">Rails t\u00e9l\u00e9scopiques :<\/span> ils permettent d&rsquo;acc\u00e9der \u00e0 vos plats en les faisant coulisser en dehors de l&rsquo;enceinte de cuisson en \u00e9vitant les risques de basculement. Vous pourrez arroser confortablement votre r\u00f4ti ou retourner facilement vos plats sans risque de br\u00fblure.<\/li>\n<li class=\"product-features__item-list__item\" role=\"listitem\"><span class=\"is--medium\">Tournebroche :<\/span> Non<\/li>\n<li class=\"product-features__item-list__item\" role=\"listitem\"><span class=\"is--medium\">Sonde de cuisson :<\/span> la sonde de cuisson permet de surveiller la temp\u00e9rature \u00e0 coeur de votre plat. Elle met fin au programme une fois la temp\u00e9rature atteinte. Vous avez la certitude de r\u00e9ussir vos cuissons m\u00eame d\u00e9licates<\/li>\n<\/ul>\n<\/li>\n<li class=\"product-features__item\" role=\"listitem\">\n<h3 class=\"product-features__label\">Bandeau de commandes<\/h3>\n<ul role=\"list\">\n<li class=\"product-features__item-list__item\" role=\"listitem\"><span class=\"is--medium\">Type de commande :<\/span> Tactile<\/li>\n<li class=\"product-features__item-list__item\" role=\"listitem\"><span class=\"is--medium\">Avantage de la commande tactile :<\/span> Esth\u00e9tique , intuitif , nettoyage facile . De d\u00e9licieux repas au bout des doigts<\/li>\n<\/ul>\n<\/li>\n<li class=\"product-features__item\" role=\"listitem\">\n<h3 class=\"product-features__label\">Consommations et \u00e9conomie d&rsquo;\u00e9nergie<\/h3>\n<ul role=\"list\">\n<li class=\"product-features__item-list__item\" role=\"listitem\"><span class=\"is--medium\">Puissance totale :<\/span> 3.500 W<\/li>\n<li class=\"product-features__item-list__item\" role=\"listitem\"><span class=\"is--medium\">Puissance du gril :<\/span> 2.300 W<\/li>\n<li class=\"product-features__item-list__item\" role=\"listitem\"><span class=\"is--medium\">Consommation en convection naturelle :<\/span> 1,09 kW<\/li>\n<li class=\"product-features__item-list__item\" role=\"listitem\"><span class=\"is--medium\">Consommation en chaleur tournante :<\/span> 0,52 kW<\/li>\n<\/ul>\n<\/li>\n<li class=\"product-features__item\" role=\"listitem\">\n<h3 class=\"product-features__label\">Dimensions<\/h3>\n<ul role=\"list\">\n<li class=\"product-features__item-list__item\" role=\"listitem\"><span class=\"is--medium\">Type d&rsquo;encastrement :<\/span> Four standard (60 x 60 cm)<\/li>\n<li class=\"product-features__item-list__item\" role=\"listitem\"><span class=\"is--medium\">Dimensions l x h x p :<\/span> 59.5 x 59.4 x 56.7 cm<\/li>\n<li class=\"product-features__item-list__item\" role=\"listitem\"><span class=\"is--medium\">Longueur du cordon d&rsquo;alimentation :<\/span> 1,50 cm<\/li>\n<li class=\"product-features__item-list__item\" role=\"listitem\"><span class=\"is--medium\">Poids Net :<\/span> 37,00 Kg<\/li>\n<li class=\"product-features__item-list__item\" role=\"listitem\"><span class=\"is--medium\">Volume de la cavit\u00e9 en litre :<\/span> 71 L<\/li>\n<\/ul>\n<\/li>\n<li class=\"product-features__item\" role=\"listitem\">\n<h3 class=\"product-features__label\">Informations compl\u00e9mentaires<\/h3>\n<ul role=\"list\">\n<li class=\"product-features__item-list__item\" role=\"listitem\"><span class=\"is--medium\">Fabriqu\u00e9 en :<\/span> Allemagne<\/li>\n<li class=\"product-features__item-list__item\" role=\"listitem\"><span class=\"is--medium\">Bien installer son four :<\/span> <a href=\"https:\/\/www.boulanger.com\/info\/animation\/bcbu\/gros-menager\/four-encastrable\/installation.html\" target=\"_blank\" rel=\"noopener\">Cliquez ici <\/a><\/li>\n<\/ul>\n<\/li>\n<\/ul>\n<\/div>\n<div class=\"product__disclosure-content\">\n<div class=\"js-read-more product-description__content read-more read-more--truncated\" style=\"max-height: 500px; overflow: hidden;\" data-read-more-name=\"description\">\n<p>Cuisinez des recettes \u00e9labor\u00e9es avec une facilit\u00e9 d\u00e9concertante gr\u00e2ce au four ELECTROLUX EOC9P31WX.<\/p>\n<h3><img fetchpriority=\"high\" decoding=\"async\" class=\"wy_tableau_gauche\" src=\"https:\/\/boulanger.scene7.com\/is\/image\/Boulanger\/7332543793471_h_f_l_0?wid=400&amp;hei=270\" alt=\"Four Pyro ELECTROLUX EOC9P31WX\" width=\"400\" height=\"270\" \/>Une cuisson parfaite en toutes circonstances<\/h3>\n<p>Le four ELECTROLUX EOC9P31WX fait appel \u00e0 diverses technologies de pointe pour la cuisson de vos plats, dont la <b>cuisson connect\u00e9e<\/b>. Utilisez l&rsquo;application My Electrolux Kitchen sur votre smartphone pour piloter le four \u00e0 distance ou b\u00e9n\u00e9ficier d&rsquo;une assistance personnalis\u00e9e. Une fois que<\/p>\n<\/div>\n<\/div>\n<p>&nbsp;<\/p>\n<div class=\"product__disclosure-content\">\n<div class=\"js-read-more product-description__content read-more read-more--truncated\" style=\"max-height: 500px; overflow: hidden;\" data-read-more-name=\"description\">\n<p>vous l&rsquo;aurez essay\u00e9e, vous ne pourrez plus vous passer de cette fonctionnalit\u00e9.<\/p>\n<p>Ce four dernier cri dispose de programmes permettant de cuire vos aliments \u00e0 la temp\u00e9rature id\u00e9ale, dans une plage allant de <b>30 \u00b0C \u00e0 300 \u00b0C<\/b>. La chaleur tournante puls\u00e9e int\u00e9gr\u00e9e offre notamment une cuisson impeccable pour vos meringues et autres p\u00e2tisseries. La chaleur est parfaitement homog\u00e8ne et ma\u00eetris\u00e9e.<\/p>\n<p>&nbsp;<\/p>\n<h3><img decoding=\"async\" class=\"wy_tableau_right\" src=\"https:\/\/boulanger.scene7.com\/is\/image\/Boulanger\/7332543793471_h_f_l_1?wid=400&amp;hei=270\" alt=\"Four Pyro ELECTROLUX EOC9P31WX\" width=\"400\" height=\"270\" \/>Un four autonettoyant complet<\/h3>\n<p>Le four ELECTROLUX EOC9P31WX a \u00e9t\u00e9 con\u00e7u pour r\u00e9aliser toutes vos recettes, m\u00eame les plus complexes. Il est \u00e9quip\u00e9 d&rsquo;un syst\u00e8me de <b>cuisson vapeur SteamCrisp<\/b> pour des plats remplis de saveur, tendres \u00e0 l&rsquo;int\u00e9rieur et croustillants \u00e0 l&rsquo;ext\u00e9rieur. Associ\u00e9e \u00e0 la chaleur traditionnelle, cette fonction vous permettra d&rsquo;obtenir des pr\u00e9parations dignes des plus grands chefs.<\/p>\n<p>Ce four multifonction et connect\u00e9 a \u00e9t\u00e9 con\u00e7u pour vous simplifier la vie et vous \u00e9pargner la corv\u00e9e de nettoyage. Pour cela, il suffit de mettre en marche la <b>fonction pyrolyse<\/b>. Ce programme \u00e9limine les r\u00e9sidus de graisse qui auraient coul\u00e9. En \u00e9levant la temp\u00e9rature au maximum, les impuret\u00e9s sont transform\u00e9es en cendres que vous pourrez facilement retirer avec un chiffon doux l\u00e9g\u00e8rement humidifi\u00e9.<\/p>\n<p><a title=\"Livraison \u00e0 domicile gros produits et service\" href=\"https:\/\/www.boulanger.com\/evenement\/livraison-domicile-gros-produits-service\" target=\"_blank\" rel=\"noopener\"><img decoding=\"async\" src=\"https:\/\/boulanger.scene7.com\/is\/image\/Boulanger\/Reprise ancien appareil?wid=1260\" width=\"1240\" height=\"160\" \/><\/a><\/p>\n<\/div>\n<p>&nbsp;<\/p>\n<\/div>","protected":false},"excerpt":{"rendered":"<div class=\"keypoints\">\n<h3 class=\"keypoints__title\">Les points cl\u00e9s<\/h3>\n<ul role=\"list\">\n<li class=\"keypoints__item\" role=\"listitem\">Chaleur tournante puls\u00e9e &#8211; Nettoyage pyrolyse<\/li>\n<li class=\"keypoints__item\" role=\"listitem\">Sonde cuisson, Rails t\u00e9l\u00e9scopiques &#8211; Connect\u00e9<\/li>\n<li class=\"keypoints__item\" role=\"listitem\">Porte froide &#8211; Ouverture standard<\/li>\n<li class=\"keypoints__item\" role=\"listitem\">Encastrement standard (60cm)<\/li>\n<li class=\"keypoints__item keypoints__item--advantage\" role=\"listitem\"><strong>Le + :<\/strong> Des pr\u00e9parations tendres \u00e0 l&rsquo;int\u00e9rieur et croustillants \u00e0 l&rsquo;ext\u00e9rieur avec SteamCrisp<\/li>\n<\/ul>\n<\/div>","protected":false},"featured_media":11140,"template":"","meta":{"_glsr_average":0,"_glsr_ranking":0,"_glsr_reviews":0},"product_cat":[212],"product_tag":[213,131],"class_list":{"0":"post-37636","1":"product","2":"type-product","3":"status-publish","4":"has-post-thumbnail","6":"product_cat-four-encastrable","7":"product_tag-four-encastrable","8":"product_tag-gros-electromenager","10":"first","11":"instock","12":"sale","13":"shipping-taxable","14":"purchasable","15":"product-type-simple"},"_links":{"self":[{"href":"https:\/\/electromenagerexpress.com\/en\/wp-json\/wp\/v2\/product\/37636","targetHints":{"allow":["GET"]}}],"collection":[{"href":"https:\/\/electromenagerexpress.com\/en\/wp-json\/wp\/v2\/product"}],"about":[{"href":"https:\/\/electromenagerexpress.com\/en\/wp-json\/wp\/v2\/types\/product"}],"wp:featuredmedia":[{"embeddable":true,"href":"https:\/\/electromenagerexpress.com\/en\/wp-json\/wp\/v2\/media\/11140"}],"wp:attachment":[{"href":"https:\/\/electromenagerexpress.com\/en\/wp-json\/wp\/v2\/media?parent=37636"}],"wp:term":[{"taxonomy":"product_cat","embeddable":true,"href":"https:\/\/electromenagerexpress.com\/en\/wp-json\/wp\/v2\/product_cat?post=37636"},{"taxonomy":"product_tag","embeddable":true,"href":"https:\/\/electromenagerexpress.com\/en\/wp-json\/wp\/v2\/product_tag?post=37636"}],"curies":[{"name":"wp","href":"https:\/\/api.w.org\/{rel}","templated":true}]}}