{"id":37634,"date":"2024-11-21T13:27:54","date_gmt":"2024-11-21T13:27:54","guid":{"rendered":"https:\/\/electromenagerexpress.com\/product\/four-pyroelectroluxpg-eoc5741aox-reconditionne\/"},"modified":"2024-11-21T13:27:57","modified_gmt":"2024-11-21T13:27:57","slug":"four-pyroelectroluxpg-eoc5741aox-reconditionne","status":"publish","type":"product","link":"https:\/\/electromenagerexpress.com\/en\/product\/four-pyroelectroluxpg-eoc5741aox-reconditionne\/","title":{"rendered":"Four Pyro\t\t\t\t\t\t\tELECTROLUX\t\t\t\tPG EOC5741AOX Reconditionn\u00e9"},"content":{"rendered":"<div class=\"product-features__content\">\n<ul role=\"list\">\n<li class=\"product-features__item\" role=\"listitem\">\n<h3 class=\"product-features__label\">Nos services de livraison<\/h3>\n<ul role=\"list\">\n<li class=\"product-features__item-list__item\" role=\"listitem\"><span class=\"is--medium\">Livraison et reprise de votre ancien appareil offerts \u00e0 partir de 379 \u20ac :<\/span> <a href=\"https:\/\/www.boulanger.com\/evenement\/livraison-domicile\"> (voir conditions, en cliquant ici )<\/a><\/li>\n<\/ul>\n<\/li>\n<li class=\"product-features__item\" role=\"listitem\">\n<h3 class=\"product-features__label\">Modes de cuisson<\/h3>\n<ul role=\"list\">\n<li class=\"product-features__item-list__item\" role=\"listitem\"><span class=\"is--medium\">Mode de cuisson :<\/span> Multifonction : Gr\u00e2ce \u00e0 ses diff\u00e9rents modes de cuisson, le four multifonction multiplie les possibilit\u00e9s pour l&rsquo;utilisateur\t\t\t\t\t<\/li>\n<\/ul>\n<\/li>\n<li class=\"product-features__item\" role=\"listitem\">\n<h3 class=\"product-features__label\">Nettoyage et s\u00e9curit\u00e9<\/h3>\n<ul role=\"list\">\n<li class=\"product-features__item-list__item\" role=\"listitem\"><span class=\"is--medium\">Type de porte :<\/span> Porte froide : C&rsquo;est un gage de s\u00e9curit\u00e9, il n&rsquo;y a aucun risque de br\u00fblure et l&rsquo;\u00e9paisseur des vitres offre une excellente isolation\t\t\t\t\t<\/li>\n<li class=\"product-features__item-list__item\" role=\"listitem\"><span class=\"is--medium\">Type d&rsquo;ouverture de porte :<\/span> Abattante\t\t\t\t\t<\/li>\n<li class=\"product-features__item-list__item\" role=\"listitem\"><span class=\"is--medium\">Fermeture de porte :<\/span> Fermeture douce : Syst\u00e8me qui ferme doucement et silencieusement la porte\t\t\t\t\t<\/li>\n<\/ul>\n<\/li>\n<li class=\"product-features__item\" role=\"listitem\">\n<h3 class=\"product-features__label\">Equipement<\/h3>\n<ul role=\"list\">\n<li class=\"product-features__item-list__item\" role=\"listitem\"><span class=\"is--medium\">Programmateur :<\/span> Electronique\t\t\t\t\t<\/li>\n<\/ul>\n<\/li>\n<li class=\"product-features__item\" role=\"listitem\">\n<h3 class=\"product-features__label\">Bandeau de commandes<\/h3>\n<ul role=\"list\">\n<li class=\"product-features__item-list__item\" role=\"listitem\"><span class=\"is--medium\">Type de commande :<\/span> Tactiles\t\t\t\t\t<\/li>\n<\/ul>\n<\/li>\n<li class=\"product-features__item\" role=\"listitem\">\n<h3 class=\"product-features__label\">Consommations et \u00e9conomie d&rsquo;\u00e9nergie<\/h3>\n<ul role=\"list\">\n<li class=\"product-features__item-list__item\" role=\"listitem\"><span class=\"is--medium\">Consommation en convection naturelle :<\/span> 0,99 kW\t\t\t\t\t<\/li>\n<li class=\"product-features__item-list__item\" role=\"listitem\"><span class=\"is--medium\">Consommation en chaleur tournante :<\/span> 0,79 kW\t\t\t\t\t<\/li>\n<li class=\"product-features__item-list__item\" role=\"listitem\"><span class=\"is--medium\">Pour consulter l&rsquo;\u00e9tiquette label \u00e9nergie :<\/span> <a href=\"http:\/\/boulanger.scene7.com\/is\/image\/Boulanger\/7332543254170_h_e_l_0\" target=\"_blank\">Cliquez ici<\/a><\/li>\n<\/ul>\n<\/li>\n<li class=\"product-features__item\" role=\"listitem\">\n<h3 class=\"product-features__label\">Dimensions<\/h3>\n<ul role=\"list\">\n<li class=\"product-features__item-list__item\" role=\"listitem\"><span class=\"is--medium\">Type d&rsquo;encastrement :<\/span> Four standard (60 x 60 cm)\t\t\t\t\t<\/li>\n<li class=\"product-features__item-list__item\" role=\"listitem\"><span class=\"is--medium\">Dimensions l x h x p :<\/span> 59.4 x 59.4 x 56.7 cm\t\t\t\t\t<\/li>\n<li class=\"product-features__item-list__item\" role=\"listitem\"><span class=\"is--medium\">Longueur du cordon d&rsquo;alimentation :<\/span> 1,50 m\t\t\t\t\t<\/li>\n<\/ul>\n<\/li>\n<li class=\"product-features__item\" role=\"listitem\">\n<h3 class=\"product-features__label\">Informations compl\u00e9mentaires<\/h3>\n<ul role=\"list\">\n<li class=\"product-features__item-list__item\" role=\"listitem\"><span class=\"is--medium\">Fabriqu\u00e9 en :<\/span> Allemagne\t\t\t\t\t<\/li>\n<li class=\"product-features__item-list__item\" role=\"listitem\"><span class=\"is--medium\">Bien installer son four :<\/span> <a href=\"https:\/\/www.boulanger.com\/info\/animation\/bcbu\/gros-menager\/four-encastrable\/installation.html\" target=\"_blank\">Cliquez ici <\/a><\/li>\n<\/ul>\n<\/li>\n<li class=\"product-features__item\" role=\"listitem\">\n<h3 class=\"product-features__label\">Et en plus<\/h3>\n<ul role=\"list\">\n<li class=\"product-features__item-list__item\" role=\"listitem\"><span class=\"is--medium\">A quoi \u00e7a sert la cuisson intelligente\u00a0? :<\/span> <a target=\"_blank\"> Cliquez-ici <\/a><\/li>\n<\/ul>\n<\/li>\n<\/ul>\n<\/div>\n<div class=\"product__disclosure-content\">\n<div class=\"js-read-more product-description__content read-more read-more--truncated\" data-read-more-name=\"description\" style=\"max-height: 500px; overflow: hidden;\">\n<h3>Des plats r\u00e9ussis en toute s\u00e9r\u00e9nit\u00e9<\/h3>\n<p><\/p>\n<p class=\"wy_tableau_gauche\"><img fetchpriority=\"high\" decoding=\"async\" height=\"346\" src=\"https:\/\/boulanger.scene7.com\/is\/image\/Boulanger\/7332543254170_s_04?wid=300&amp;hei=346\" width=\"300\"\/><\/p>\n<p>Le four pyrolyse Electrolux EOC5741AOX est muni d&rsquo;un syst\u00e8me de <b>chaleur tournante<\/b> qui assure une cuisson homog\u00e8ne. La chaleur tournante permet \u00e0 l&rsquo;air chaud de circuler dans tout l&rsquo;espace du four gr\u00e2ce \u00e0 une turbine chauffante situ\u00e9 au fond de la paroi tout en vous \u00e9vitant d&rsquo;avoir \u00e0 ouvrir le four et manipuler la nourriture pour la tourner ; au risque de vous br\u00fbler. <\/p>\n<p>Et pour encore plus de s\u00e9curit\u00e9, la porte de ce four \u00e0 chaleur tournante est dot\u00e9e d&rsquo;un dispositif de fermeture douce assist\u00e9e appel\u00e9 <b>\u00ab\u00a0Velvet Closing\u00a0\u00bb<\/b>. La porte se ferme en douceur, sans claquer, pour ne pas risquer de briser la vitre ou de vous br\u00fbler en tentant de fermer d\u00e9licatement la porte alors que vous tenez encore le plat que vous venez de faire cuire.<\/p>\n<p>Gr\u00e2ce \u00e0 ce syst\u00e8me et \u00e0 sa <b>grande cavit\u00e9 de 71 l<\/b>, votre four Electrolux peut accueillir diff\u00e9rents plats en m\u00eame temps et les cuire sans que les odeurs et les saveurs ne se m\u00e9langent. Vous \u00e9conomisez donc du temps et de l&rsquo;\u00e9nergie et vos plats gardent leur go\u00fbt.<\/p>\n<p>De plus, ce four encastrable multifonction est \u00e9quip\u00e9 d&rsquo;une <b>sonde de cuisson<\/b>. Ce dispositif contr\u00f4le la cuisson \u00e0 coeur de vos plats, puis vous avertit et \u00e9teint le four lorsque la cuisson demand\u00e9e (saignant, \u00e0 point, bien cuit) est atteinte !<\/p>\n<p><\/p>\n<h3>Le nettoyage et la programmation facilit\u00e9s pour un confort d&rsquo;usage<\/h3>\n<p><\/p>\n<p> Le four pyrolyse Electrolux EOC5741AOX est muni d&rsquo;un syst\u00e8me de <b>nettoyage par pyrolyse<\/b>. Celui-ci pousse la temp\u00e9rature jusqu&rsquo;\u00e0 500\u00b0C, ce qui a pour effet de d\u00e9composer les d\u00e9chets et les r\u00e9sidus de nourriture. Il vous suffit de passer un simple coup d&rsquo;\u00e9ponge humide pour ramasser les cendres. Avec son nettoyage \u00e0 pyrolyse, votre four Electrolux vous simplifie la vie tout en vous d\u00e9gageant du temps.<\/p>\n<p>Egalement muni d&rsquo;un <b>\u00e9cran LCD<\/b>, votre four encastrable multifonction vous conseille : ins\u00e9rez votre plat dans le four et choisissez parmi les <b>9 recettes automatiques<\/b>, votre four \u00e0 chaleur tournante s&rsquo;occupe du reste. Il estime le temps, la temp\u00e9rature ainsi que le mode de cuisson (grill, chaleur tournante, sole, sole puls\u00e9e, &#8230;) pour votre plat. La programmation est simplifi\u00e9e, le risque d&rsquo;erreurs et la surveillance diminu\u00e9s. Vous n&rsquo;avez plus qu&rsquo;\u00e0 vous laisser guider !<\/p>\n<p><center><img decoding=\"async\" height=\"392\" src=\"https:\/\/boulanger.scene7.com\/is\/image\/Boulanger\/7332543254170_p1?wid=760&amp;hei=392\" width=\"760\"\/><\/center><\/p>\n<\/div>\n<p><bl-button a11yexpanded=\"false\" arialabel=\"Afficher toute la description\" class=\"read-more__btn\" full=\"false\" link=\"true\"><\/bl-button><\/div>","protected":false},"excerpt":{"rendered":"<div class=\"keypoints\">\n<h3 class=\"keypoints__title\">Les points cl\u00e9s<\/h3>\n<ul role=\"list\">\n<li class=\"keypoints__item\" role=\"listitem\">                                        Encastrement standard (60cm)                      <\/li>\n<li class=\"keypoints__item keypoints__item--advantage\" role=\"listitem\"><strong>Le + :<\/strong> Sonde de cuisson      <\/li>\n<\/ul>","protected":false},"featured_media":11103,"template":"","meta":{"_glsr_average":0,"_glsr_ranking":0,"_glsr_reviews":0},"product_cat":[212],"product_tag":[213,131],"class_list":{"0":"post-37634","1":"product","2":"type-product","3":"status-publish","4":"has-post-thumbnail","6":"product_cat-four-encastrable","7":"product_tag-four-encastrable","8":"product_tag-gros-electromenager","10":"first","11":"instock","12":"sale","13":"shipping-taxable","14":"purchasable","15":"product-type-simple"},"_links":{"self":[{"href":"https:\/\/electromenagerexpress.com\/en\/wp-json\/wp\/v2\/product\/37634","targetHints":{"allow":["GET"]}}],"collection":[{"href":"https:\/\/electromenagerexpress.com\/en\/wp-json\/wp\/v2\/product"}],"about":[{"href":"https:\/\/electromenagerexpress.com\/en\/wp-json\/wp\/v2\/types\/product"}],"wp:featuredmedia":[{"embeddable":true,"href":"https:\/\/electromenagerexpress.com\/en\/wp-json\/wp\/v2\/media\/11103"}],"wp:attachment":[{"href":"https:\/\/electromenagerexpress.com\/en\/wp-json\/wp\/v2\/media?parent=37634"}],"wp:term":[{"taxonomy":"product_cat","embeddable":true,"href":"https:\/\/electromenagerexpress.com\/en\/wp-json\/wp\/v2\/product_cat?post=37634"},{"taxonomy":"product_tag","embeddable":true,"href":"https:\/\/electromenagerexpress.com\/en\/wp-json\/wp\/v2\/product_tag?post=37634"}],"curies":[{"name":"wp","href":"https:\/\/api.w.org\/{rel}","templated":true}]}}