{"id":37632,"date":"2024-11-21T13:27:47","date_gmt":"2024-11-21T13:27:47","guid":{"rendered":"https:\/\/electromenagerexpress.com\/product\/tiroir-chauffantsamsung-nl20t8100wk\/"},"modified":"2024-11-21T13:27:49","modified_gmt":"2024-11-21T13:27:49","slug":"tiroir-chauffantsamsung-nl20t8100wk","status":"publish","type":"product","link":"https:\/\/electromenagerexpress.com\/en\/product\/tiroir-chauffantsamsung-nl20t8100wk\/","title":{"rendered":"Tiroir Chauffant\t\t\t\t\t\t\tSAMSUNG \t\t\t\tNL20T8100WK"},"content":{"rendered":"<div class=\"product-features__content\">\n<ul role=\"list\">\n<li class=\"product-features__item\" role=\"listitem\">\n<h3 class=\"product-features__label\">G\u00e9n\u00e9ral<\/h3>\n<ul role=\"list\">\n<li class=\"product-features__item-list__item\" role=\"listitem\"><span class=\"is--medium\">Charge maximale support\u00e9e :<\/span> 25 kg\t\t\t\t\t<\/li>\n<li class=\"product-features__item-list__item\" role=\"listitem\"><span class=\"is--medium\">Thermostat :<\/span> R\u00e9glable de 30 \u00e0 80\u00b0\t\t\t\t\t<\/li>\n<li class=\"product-features__item-list__item\" role=\"listitem\"><span class=\"is--medium\">Type de produit :<\/span> Tiroir chauffant\t\t\t\t\t<\/li>\n<li class=\"product-features__item-list__item\" role=\"listitem\"><span class=\"is--medium\">T\u00e9moin de fonctionnement :<\/span> Oui\t\t\t\t\t<\/li>\n<li class=\"product-features__item-list__item\" role=\"listitem\"><span class=\"is--medium\">Syst\u00e8me Push Pull (sans poign\u00e9e) :<\/span> Oui\t\t\t\t\t<\/li>\n<li class=\"product-features__item-list__item\" role=\"listitem\"><span class=\"is--medium\">Rails t\u00e9l\u00e9scopiques :<\/span> Oui\t\t\t\t\t<\/li>\n<li class=\"product-features__item-list__item\" role=\"listitem\"><span class=\"is--medium\">Nombre maximum d&rsquo;assiettes ou de tasses :<\/span> Couverts pour 6 personnes\t\t\t\t\t<\/li>\n<li class=\"product-features__item-list__item\" role=\"listitem\"><span class=\"is--medium\">Nettoyage :<\/span> Manuel\t\t\t\t\t<\/li>\n<\/ul>\n<\/li>\n<li class=\"product-features__item\" role=\"listitem\">\n<h3 class=\"product-features__label\">Esth\u00e9tique<\/h3>\n<ul role=\"list\">\n<li class=\"product-features__item-list__item\" role=\"listitem\"><span class=\"is--medium\">Couleur :<\/span> Noir\t\t\t\t\t<\/li>\n<\/ul>\n<\/li>\n<li class=\"product-features__item\" role=\"listitem\">\n<h3 class=\"product-features__label\">Dimensions<\/h3>\n<ul role=\"list\">\n<li class=\"product-features__item-list__item\" role=\"listitem\"><span class=\"is--medium\">Dimensions l x h x p :<\/span> 59.5 x 14 x 52.2 cm\t\t\t\t\t<\/li>\n<li class=\"product-features__item-list__item\" role=\"listitem\"><span class=\"is--medium\">Dimensions d&rsquo;encastrement l x h x p :<\/span> 54 x 14 x 53.5 cm\t\t\t\t\t<\/li>\n<li class=\"product-features__item-list__item\" role=\"listitem\"><span class=\"is--medium\">Poids Net (kg) :<\/span> 14.2\t\t\t\t\t<\/li>\n<li class=\"product-features__item-list__item\" role=\"listitem\"><span class=\"is--medium\">Poids Brut (kg) :<\/span> 16\t\t\t\t\t<\/li>\n<\/ul>\n<\/li>\n<li class=\"product-features__item\" role=\"listitem\">\n<h3 class=\"product-features__label\">Informations compl\u00e9mentaires<\/h3>\n<ul role=\"list\">\n<li class=\"product-features__item-list__item\" role=\"listitem\"><span class=\"is--medium\">Fabriqu\u00e9 en :<\/span> Portugal\t\t\t\t\t<\/li>\n<li class=\"product-features__item-list__item\" role=\"listitem\"><span class=\"is--medium\">Assembl\u00e9 en :<\/span> Europe\t\t\t\t\t<\/li>\n<li class=\"product-features__item-list__item\" role=\"listitem\"><span class=\"is--medium\">Garantie :<\/span> 2 ans\t\t\t\t\t<\/li>\n<li class=\"product-features__item-list__item\" role=\"listitem\"><span class=\"is--medium\">Disponibilit\u00e9 des pi\u00e8ces d\u00e9tach\u00e9es (donn\u00e9es fournisseur) :<\/span> Pendant 10 ans, \u00e0 compter de la date d&rsquo;achat\t\t\t\t\t<\/li>\n<li class=\"product-features__item-list__item\" role=\"listitem\"><span class=\"is--medium\">R\u00e9f\u00e9rence constructeur :<\/span> NL20T8100WK\t\t\t\t\t<\/li>\n<li class=\"product-features__item-list__item\" role=\"listitem\"><span class=\"is--medium\">Marque :<\/span> SAMSUNG\t\t\t\t\t<\/li>\n<\/ul>\n<\/li>\n<\/ul>\n<\/div>\n<div class=\"product__disclosure-content\">\n<div class=\"js-read-more product-description__content read-more read-more--truncated\" data-read-more-name=\"description\" style=\"max-height: 500px; overflow: hidden;\">\n<div class=\"product__description-content read-more\" style=\"\">\n<p>Optimisez votre temps en cuisine avec le Tiroir Chauffant SAMSUNG NL20T8100WK<\/p>\n<h3> <img fetchpriority=\"high\" decoding=\"async\" ,=\"\" alt=\"Tiroir Chauffant SAMSUNG NL20T8100WK\" class=\"wy_tableau_gauche\" height=\"270\" src=\"https:\/\/boulanger.scene7.com\/is\/image\/Boulanger\/8806090119354_h_f_l_0?wid=400&amp;hei=270\" width=\"400\"\/>Confort et capacit\u00e9 pour vos r\u00e9ceptions                    <\/h3>\n<p>                        Le Tiroir Chauffant SAMSUNG NL20T8100WK est l&rsquo;accessoire id\u00e9al pour les amateurs de r\u00e9ceptions qui souhaitent rester parmi leurs invit\u00e9s sans n\u00e9gliger la qualit\u00e9 de leurs plats. Avec une capacit\u00e9 de chargement impressionnante pouvant atteindre 25 kg, ce tiroir chauffant peut accueillir la vaisselle n\u00e9cessaire pour 6 personnes, ce qui le rend parfait pour les soir\u00e9es intimes ou les r\u00e9unions de famille. L&rsquo;ouverture Push Pull sans poign\u00e9e et le syst\u00e8me de rail assurent une utilisation fluide et pratique, tandis que le contr\u00f4le \u00e9lectro-m\u00e9canique permet de r\u00e9gler facilement la temp\u00e9rature, variant de 30\u00b0C \u00e0 80\u00b0C, pour s&rsquo;adapter \u00e0 tous vos besoins culinaires.                    <\/p>\n<\/p>\n<h3> <img decoding=\"async\" ,=\"\" alt=\"Tiroir Chauffant SAMSUNG NL20T8100WK\" class=\"wy_tableau_right\" height=\"270\" src=\"https:\/\/boulanger.scene7.com\/is\/image\/Boulanger\/8806090119354_h_f_l_1?wid=400&amp;hei=270\" width=\"400\"\/>Polyvalence et performance au service de la cuisine                    <\/h3>\n<p>                        Le tiroir chauffant NL20T8100WK de SAMSUNG transforme l&rsquo;exp\u00e9rience culinaire gr\u00e2ce \u00e0 ses multiples fonctions : d\u00e9cong\u00e9lation des aliments, maintien au chaud, r\u00e9chauffage des tasses et vaisselle, et m\u00eame cuisson basse temp\u00e9rature. Dot\u00e9 de quatre r\u00e9glages de temp\u00e9rature sp\u00e9cifiques, il excelle dans la pr\u00e9paration de plats d\u00e9licats et la conservation de la chaleur des mets d\u00e9j\u00e0 pr\u00eats. Avec une puissance maximale de 420W, une consommation d&rsquo;\u00e9nergie optimis\u00e9e et un design \u00e9l\u00e9gant en verre noir, ce tiroir chauffant est non seulement un atout pour vos pr\u00e9parations culinaires, mais aussi un ajout esth\u00e9tique \u00e0 votre cuisine. Con\u00e7u au Portugal, il r\u00e9pond aux normes de qualit\u00e9 \u00e9lev\u00e9es et est pr\u00eat \u00e0 devenir un compagnon indispensable pour tous vos \u00e9v\u00e9nements.                    <\/p>\n<\/p><\/div>\n<\/p>\n<\/div>\n<p><bl-button a11yexpanded=\"false\" arialabel=\"Afficher toute la description\" class=\"read-more__btn\" full=\"false\" link=\"true\"><\/bl-button><\/div>","protected":false},"excerpt":{"rendered":"<div class=\"keypoints\">\n<h3 class=\"keypoints__title\">Les points cl\u00e9s<\/h3>\n<ul role=\"list\">\n<li class=\"keypoints__item\" role=\"listitem\">                                        Charge maximale support\u00e9e : 25 kg                      <\/li>\n<li class=\"keypoints__item\" role=\"listitem\">                                        Thermostat : R\u00e9glable de 30 \u00e0 80\u00b0                      <\/li>\n<li class=\"keypoints__item\" role=\"listitem\">                                        Couleur : Noir                      <\/li>\n<li class=\"keypoints__item keypoints__item--advantage\" role=\"listitem\"><strong>Le + :<\/strong> d\u00e9cong\u00e9lation, maintien au chaud, r\u00e9chauffage de la vaisselle, cuisson basse temp\u00e9rature.      <\/li>\n<\/ul>","protected":false},"featured_media":11075,"template":"","meta":{"_glsr_average":0,"_glsr_ranking":0,"_glsr_reviews":0},"product_cat":[214],"product_tag":[213,131,215],"class_list":{"0":"post-37632","1":"product","2":"type-product","3":"status-publish","4":"has-post-thumbnail","6":"product_cat-tiroir-chauffant","7":"product_tag-four-encastrable","8":"product_tag-gros-electromenager","9":"product_tag-tiroir-chauffant","11":"first","12":"instock","13":"sale","14":"shipping-taxable","15":"purchasable","16":"product-type-simple"},"_links":{"self":[{"href":"https:\/\/electromenagerexpress.com\/en\/wp-json\/wp\/v2\/product\/37632","targetHints":{"allow":["GET"]}}],"collection":[{"href":"https:\/\/electromenagerexpress.com\/en\/wp-json\/wp\/v2\/product"}],"about":[{"href":"https:\/\/electromenagerexpress.com\/en\/wp-json\/wp\/v2\/types\/product"}],"wp:featuredmedia":[{"embeddable":true,"href":"https:\/\/electromenagerexpress.com\/en\/wp-json\/wp\/v2\/media\/11075"}],"wp:attachment":[{"href":"https:\/\/electromenagerexpress.com\/en\/wp-json\/wp\/v2\/media?parent=37632"}],"wp:term":[{"taxonomy":"product_cat","embeddable":true,"href":"https:\/\/electromenagerexpress.com\/en\/wp-json\/wp\/v2\/product_cat?post=37632"},{"taxonomy":"product_tag","embeddable":true,"href":"https:\/\/electromenagerexpress.com\/en\/wp-json\/wp\/v2\/product_tag?post=37632"}],"curies":[{"name":"wp","href":"https:\/\/api.w.org\/{rel}","templated":true}]}}