{"id":37631,"date":"2024-11-21T13:27:45","date_gmt":"2024-11-21T13:27:45","guid":{"rendered":"https:\/\/electromenagerexpress.com\/product\/tiroir-chauffantelectroluxebd4x\/"},"modified":"2024-11-21T13:27:46","modified_gmt":"2024-11-21T13:27:46","slug":"tiroir-chauffantelectroluxebd4x","status":"publish","type":"product","link":"https:\/\/electromenagerexpress.com\/en\/product\/tiroir-chauffantelectroluxebd4x\/","title":{"rendered":"Tiroir Chauffant\t\t\t\t\t\t\tELECTROLUX\t\t\t\tEBD4X"},"content":{"rendered":"<div class=\"product-features__content\">\n<ul role=\"list\">\n<li class=\"product-features__item\" role=\"listitem\">\n<h3 class=\"product-features__label\">G\u00e9n\u00e9ral<\/h3>\n<ul role=\"list\">\n<li class=\"product-features__item-list__item\" role=\"listitem\"><span class=\"is--medium\">Mode d&rsquo;installation :<\/span> Encastrable\t\t\t\t\t<\/li>\n<li class=\"product-features__item-list__item\" role=\"listitem\"><span class=\"is--medium\">Charge maximale support\u00e9e :<\/span> 15 kg\t\t\t\t\t<\/li>\n<li class=\"product-features__item-list__item\" role=\"listitem\"><span class=\"is--medium\">Thermostat :<\/span> R\u00e9glable de 30 \u00e0 80\u00b0\t\t\t\t\t<\/li>\n<li class=\"product-features__item-list__item\" role=\"listitem\"><span class=\"is--medium\">Type de produit :<\/span> Tiroir chauffant\t\t\t\t\t<\/li>\n<li class=\"product-features__item-list__item\" role=\"listitem\"><span class=\"is--medium\">Syst\u00e8me Push Pull (sans poign\u00e9e) :<\/span> Oui\t\t\t\t\t<\/li>\n<li class=\"product-features__item-list__item\" role=\"listitem\"><span class=\"is--medium\">Type de fa\u00e7ade :<\/span> Froide\t\t\t\t\t<\/li>\n<li class=\"product-features__item-list__item\" role=\"listitem\"><span class=\"is--medium\">Nettoyage :<\/span> Manuel\t\t\t\t\t<\/li>\n<\/ul>\n<\/li>\n<li class=\"product-features__item\" role=\"listitem\">\n<h3 class=\"product-features__label\">Esth\u00e9tique<\/h3>\n<ul role=\"list\">\n<li class=\"product-features__item-list__item\" role=\"listitem\"><span class=\"is--medium\">Couleur :<\/span> Inox\t\t\t\t\t<\/li>\n<\/ul>\n<\/li>\n<li class=\"product-features__item\" role=\"listitem\">\n<h3 class=\"product-features__label\">Dimensions<\/h3>\n<ul role=\"list\">\n<li class=\"product-features__item-list__item\" role=\"listitem\"><span class=\"is--medium\">Poids Net (kg) :<\/span> 15\t\t\t\t\t<\/li>\n<li class=\"product-features__item-list__item\" role=\"listitem\"><span class=\"is--medium\">Poids Brut (kg) :<\/span> 17\t\t\t\t\t<\/li>\n<\/ul>\n<\/li>\n<li class=\"product-features__item\" role=\"listitem\">\n<h3 class=\"product-features__label\">Informations compl\u00e9mentaires<\/h3>\n<ul role=\"list\">\n<li class=\"product-features__item-list__item\" role=\"listitem\"><span class=\"is--medium\">Fabriqu\u00e9 en :<\/span> Italie\t\t\t\t\t<\/li>\n<li class=\"product-features__item-list__item\" role=\"listitem\"><span class=\"is--medium\">Assembl\u00e9 en :<\/span> Europe\t\t\t\t\t<\/li>\n<li class=\"product-features__item-list__item\" role=\"listitem\"><span class=\"is--medium\">Garantie :<\/span> 2 ans\t\t\t\t\t<\/li>\n<li class=\"product-features__item-list__item\" role=\"listitem\"><span class=\"is--medium\">Disponibilit\u00e9 des pi\u00e8ces d\u00e9tach\u00e9es (donn\u00e9es fournisseur) :<\/span> Pendant 15 ans, \u00e0 compter de la date de fabrication\t\t\t\t\t<\/li>\n<li class=\"product-features__item-list__item\" role=\"listitem\"><span class=\"is--medium\">R\u00e9f\u00e9rence constructeur :<\/span> EBD4X\t\t\t\t\t<\/li>\n<li class=\"product-features__item-list__item\" role=\"listitem\"><span class=\"is--medium\">Marque :<\/span> ELECTROLUX\t\t\t\t\t<\/li>\n<\/ul>\n<\/li>\n<\/ul>\n<\/div>\n<div class=\"product__disclosure-content\">\n<div class=\"js-read-more product-description__content read-more read-more--truncated\" data-read-more-name=\"description\" style=\"max-height: 500px; overflow: hidden;\">\n<p>Parfait pour venir compl\u00e9ter un micro-ondes, le Tiroir Chauffant ELECTROLUX EBD4X est un appareil d&rsquo;appoint innovant et pratique.<\/p>\n<h3><img fetchpriority=\"high\" decoding=\"async\" ,=\"\" alt=\"Tiroir ELECTROLUX EBD4X\" class=\"wy_tableau_gauche\" height=\"270\" src=\"https:\/\/boulanger.scene7.com\/is\/image\/Boulanger\/7332543836147_h_f_l_0?wid=400&amp;hei=270\" width=\"400\"\/>Place \u00e0 la d\u00e9licatesse<\/h3>\n<p>Vous ne voulez pas d\u00e9congeler vos aliments au micro-ondes ? Pas de probl\u00e8me, le Tiroir Chauffant ELECTROLUX EBD4X s&rsquo;en occupera. Gr\u00e2ce \u00e0 son <b>thermostat r\u00e9glable de 30 \u00e0 80 degr\u00e9s<\/b>, il pourra assurer diverses t\u00e2ches, \u00e0 commencer par la d\u00e9cong\u00e9lation de vos aliments. Son syst\u00e8me vous assurera une <b>d\u00e9cong\u00e9lation douce<\/b> pour que vos aliments soient parfaitement pr\u00eats \u00e0 \u00eatre cuits.<\/p>\n<p>La chaleur douce du Tiroir Chauffant ELECTROLUX EBD4X a pour avantage de <b>pr\u00e9server la texture et le go\u00fbt de vos aliments<\/b>, l\u00e0 o\u00f9 la d\u00e9cong\u00e9lation au micro-ondes peut les rendre caoutchouteux. Parmi les autres fonctions de ce tiroir chauffant, vous pourrez compter sur un <b>mode de levage de la p\u00e2te et du pain<\/b>, le top pour vous lancer dans la boulangerie faite maison.<\/p>\n<h3><img decoding=\"async\" ,=\"\" alt=\"Tiroir ELECTROLUX EBD4X\" class=\"wy_tableau_right\" height=\"270\" src=\"https:\/\/boulanger.scene7.com\/is\/image\/Boulanger\/7332543836147_h_f_l_1?wid=400&amp;hei=270\" width=\"400\"\/>Pratique et int\u00e9grable<\/h3>\n<p>Le <b>syst\u00e8me moderne de circulation d&rsquo;air chauffant<\/b> assure au Tiroir Chauffant ELECTROLUX EBD4X des r\u00e9sultats optimaux. Avec cet appareil, vous aurez la possibilit\u00e9 de <b>pr\u00e9chauffer vos assiettes<\/b> et vos plats, mais aussi de r\u00e9chauffer vos aliments. Ce tiroir sera \u00e9galement tr\u00e8s pratique pour <b>maintenir les plats au chaud<\/b>, de quoi anticiper avant de vous mettre \u00e0 table.<\/p>\n<p>Facile \u00e0 utiliser, le Tiroir Chauffant ELECTROLUX EBD4X est pourvu d&rsquo;un <b>syst\u00e8me d&rsquo;ouverture push\/pull<\/b>. Vous pourrez ainsi <b>l&rsquo;ouvrir et le refermer d&rsquo;une simple pression<\/b>. Ce tiroir int\u00e9grable se fondra facilement dans une cuisine toute \u00e9quip\u00e9e, d&rsquo;autant qu&rsquo;il affiche une fa\u00e7ade en inox moderne et \u00e9l\u00e9gante pourvue d&rsquo;un rev\u00eatement anti-trace facile \u00e0 nettoyer. Notez qu&rsquo;il pourra supporter une <b>charge maximale de 15 kg<\/b>.<\/p>\n<\/p>\n<\/div>\n<p><bl-button a11yexpanded=\"false\" arialabel=\"Afficher toute la description\" class=\"read-more__btn\" full=\"false\" link=\"true\"><\/bl-button><\/div>","protected":false},"excerpt":{"rendered":"<div class=\"keypoints\">\n<h3 class=\"keypoints__title\">Les points cl\u00e9s<\/h3>\n<ul role=\"list\">\n<li class=\"keypoints__item\" role=\"listitem\">                                        Charge maximale support\u00e9e : 15 kg                      <\/li>\n<li class=\"keypoints__item\" role=\"listitem\">                                        Thermostat : R\u00e9glable de 30 \u00e0 80\u00b0                      <\/li>\n<li class=\"keypoints__item\" role=\"listitem\">                                        Couleur : Inox                      <\/li>\n<li class=\"keypoints__item keypoints__item--advantage\" role=\"listitem\"><strong>Le + :<\/strong> R\u00e9chauffer les aliments, D\u00e9cong\u00e9lation, Assiettes chaudes, Plats chauds, Levage de la p\u00e2te\/pain      <\/li>\n<\/ul>","protected":false},"featured_media":11067,"template":"","meta":{"_glsr_average":0,"_glsr_ranking":0,"_glsr_reviews":0},"product_cat":[214],"product_tag":[213,131,215],"class_list":{"0":"post-37631","1":"product","2":"type-product","3":"status-publish","4":"has-post-thumbnail","6":"product_cat-tiroir-chauffant","7":"product_tag-four-encastrable","8":"product_tag-gros-electromenager","9":"product_tag-tiroir-chauffant","11":"first","12":"instock","13":"sale","14":"shipping-taxable","15":"purchasable","16":"product-type-simple"},"_links":{"self":[{"href":"https:\/\/electromenagerexpress.com\/en\/wp-json\/wp\/v2\/product\/37631","targetHints":{"allow":["GET"]}}],"collection":[{"href":"https:\/\/electromenagerexpress.com\/en\/wp-json\/wp\/v2\/product"}],"about":[{"href":"https:\/\/electromenagerexpress.com\/en\/wp-json\/wp\/v2\/types\/product"}],"wp:featuredmedia":[{"embeddable":true,"href":"https:\/\/electromenagerexpress.com\/en\/wp-json\/wp\/v2\/media\/11067"}],"wp:attachment":[{"href":"https:\/\/electromenagerexpress.com\/en\/wp-json\/wp\/v2\/media?parent=37631"}],"wp:term":[{"taxonomy":"product_cat","embeddable":true,"href":"https:\/\/electromenagerexpress.com\/en\/wp-json\/wp\/v2\/product_cat?post=37631"},{"taxonomy":"product_tag","embeddable":true,"href":"https:\/\/electromenagerexpress.com\/en\/wp-json\/wp\/v2\/product_tag?post=37631"}],"curies":[{"name":"wp","href":"https:\/\/api.w.org\/{rel}","templated":true}]}}