{"id":37556,"date":"2024-11-21T13:24:28","date_gmt":"2024-11-21T13:24:28","guid":{"rendered":"https:\/\/electromenagerexpress.com\/product\/four-vapeurde-dietrichdkv4530h-ai-steam\/"},"modified":"2024-11-21T13:24:28","modified_gmt":"2024-11-21T13:24:28","slug":"four-vapeurde-dietrichdkv4530h-ai-steam","status":"publish","type":"product","link":"https:\/\/electromenagerexpress.com\/en\/product\/four-vapeurde-dietrichdkv4530h-ai-steam\/","title":{"rendered":"Four Vapeur\t\t\t\t\t\t\tDE DIETRICH\t\t\t\tDKV4530H AI Steam"},"content":{"rendered":"<div class=\"product-features__content\">\n<ul role=\"list\">\n<li class=\"product-features__item\" role=\"listitem\">\n<h3 class=\"product-features__label\">Nos services de livraison<\/h3>\n<ul role=\"list\">\n<li class=\"product-features__item-list__item\" role=\"listitem\"><span class=\"is--medium\">Livraison et reprise de votre ancien appareil offerts \u00e0 partir de 379 \u20ac :<\/span> <a href=\"https:\/\/www.boulanger.com\/evenement\/livraison-domicile\"> (voir conditions, en cliquant ici )<\/a><\/li>\n<\/ul>\n<\/li>\n<li class=\"product-features__item\" role=\"listitem\">\n<h3 class=\"product-features__label\">Modes de cuisson<\/h3>\n<ul role=\"list\">\n<li class=\"product-features__item-list__item\" role=\"listitem\"><span class=\"is--medium\">Mode de cuisson :<\/span> 100% vapeur\t\t\t\t\t<\/li>\n<li class=\"product-features__item-list__item\" role=\"listitem\"><span class=\"is--medium\">Avantage de la cuisson 100% vapeur :<\/span> le four est \u00e9quip\u00e9 d&rsquo;un g\u00e9n\u00e9rateur de vapeur . La temp\u00e9rature pendant la cuisson varie entre 40\u00b0C et 100\u00b0C, c&rsquo;est pour une cuisson douce.\t\t\t\t\t<\/li>\n<li class=\"product-features__item-list__item\" role=\"listitem\"><span class=\"is--medium\">Nombre de programmes de cuisson :<\/span> 4\t\t\t\t\t<\/li>\n<li class=\"product-features__item-list__item\" role=\"listitem\"><span class=\"is--medium\">Fonctions sp\u00e9ciales pour r\u00e9pondre \u00e0 toutes vos envies :<\/span> pr\u00e9chauffage rapide, d\u00e9cong\u00e9lation\t\t\t\t\t<\/li>\n<li class=\"product-features__item-list__item\" role=\"listitem\"><span class=\"is--medium\">Nombre de recettes programm\u00e9es :<\/span> 32 aides aux choix des modes de cuisson et des temps de cuisson\t\t\t\t\t<\/li>\n<li class=\"product-features__item-list__item\" role=\"listitem\"><span class=\"is--medium\">Nombre de programmes 100 % automatique :<\/span> Non concern\u00e9\t\t\t\t\t<\/li>\n<\/ul>\n<\/li>\n<li class=\"product-features__item\" role=\"listitem\">\n<h3 class=\"product-features__label\">Cuisson vapeur<\/h3>\n<ul role=\"list\">\n<li class=\"product-features__item-list__item\" role=\"listitem\"><span class=\"is--medium\">Type de cuisson vapeur :<\/span> 100% vapeur\t\t\t\t\t<\/li>\n<\/ul>\n<\/li>\n<li class=\"product-features__item\" role=\"listitem\">\n<h3 class=\"product-features__label\">Connectivit\u00e9<\/h3>\n<ul role=\"list\">\n<li class=\"product-features__item-list__item\" role=\"listitem\"><span class=\"is--medium\">Connect\u00e9 :<\/span> Non concern\u00e9\t\t\t\t\t<\/li>\n<\/ul>\n<\/li>\n<li class=\"product-features__item\" role=\"listitem\">\n<h3 class=\"product-features__label\">Nettoyage et s\u00e9curit\u00e9<\/h3>\n<ul role=\"list\">\n<li class=\"product-features__item-list__item\" role=\"listitem\"><span class=\"is--medium\">Nettoyage :<\/span> Manuel\t\t\t\t\t<\/li>\n<li class=\"product-features__item-list__item\" role=\"listitem\"><span class=\"is--medium\">Avantage manuel :<\/span> Demande un entretien de votre four \u00e0 la main, \u00e0 l&rsquo;aide d&rsquo;une \u00e9ponge imbib\u00e9e de liquide vaisselle. Le nettoyage du four doit \u00eatre r\u00e9gulier.\t\t\t\t\t<\/li>\n<li class=\"product-features__item-list__item\" role=\"listitem\"><span class=\"is--medium\">Accessoires pyrolysables :<\/span> Non\t\t\t\t\t<\/li>\n<li class=\"product-features__item-list__item\" role=\"listitem\"><span class=\"is--medium\">Rev\u00eatement de la cavit\u00e9 :<\/span> Inox\t\t\t\t\t<\/li>\n<li class=\"product-features__item-list__item\" role=\"listitem\"><span class=\"is--medium\">Avantage de la cavit\u00e9 inox :<\/span> L&rsquo;inox est r\u00e9sistant, anti adh\u00e9sif et se nettoie facilement. P\u00e9r\u00e8ne dans le temps.\t\t\t\t\t<\/li>\n<li class=\"product-features__item-list__item\" role=\"listitem\"><span class=\"is--medium\">Type de porte :<\/span> Classique\t\t\t\t\t<\/li>\n<li class=\"product-features__item-list__item\" role=\"listitem\"><span class=\"is--medium\">Avantage porte classique :<\/span> Cette porte prend vite la chaleur. Attention, il est d\u00e9conseill\u00e9 aux enfants de mettre les mains dessus\t\t\t\t\t<\/li>\n<li class=\"product-features__item-list__item\" role=\"listitem\"><span class=\"is--medium\">Type d&rsquo;ouverture de porte :<\/span> Standard\t\t\t\t\t<\/li>\n<li class=\"product-features__item-list__item\" role=\"listitem\"><span class=\"is--medium\">Fermeture de porte :<\/span> Fermeture simple\t\t\t\t\t<\/li>\n<li class=\"product-features__item-list__item\" role=\"listitem\"><span class=\"is--medium\">Vitre de porte d\u00e9montable :<\/span> Non\t\t\t\t\t<\/li>\n<\/ul>\n<\/li>\n<li class=\"product-features__item\" role=\"listitem\">\n<h3 class=\"product-features__label\">Equipement<\/h3>\n<ul role=\"list\">\n<li class=\"product-features__item-list__item\" role=\"listitem\"><span class=\"is--medium\">Tournebroche :<\/span> Non\t\t\t\t\t<\/li>\n<\/ul>\n<\/li>\n<li class=\"product-features__item\" role=\"listitem\">\n<h3 class=\"product-features__label\">Bandeau de commandes<\/h3>\n<ul role=\"list\">\n<li class=\"product-features__item-list__item\" role=\"listitem\"><span class=\"is--medium\">Type de commande :<\/span> Boutons et touches tactiles\t\t\t\t\t<\/li>\n<\/ul>\n<\/li>\n<li class=\"product-features__item\" role=\"listitem\">\n<h3 class=\"product-features__label\">Consommations et \u00e9conomie d&rsquo;\u00e9nergie<\/h3>\n<ul role=\"list\">\n<li class=\"product-features__item-list__item\" role=\"listitem\"><span class=\"is--medium\">Label \u00e9nergie :<\/span> Non concern\u00e9\t\t\t\t\t<\/li>\n<li class=\"product-features__item-list__item\" role=\"listitem\"><span class=\"is--medium\">Puissance totale :<\/span> 1.777 W\t\t\t\t\t<\/li>\n<\/ul>\n<\/li>\n<li class=\"product-features__item\" role=\"listitem\">\n<h3 class=\"product-features__label\">Dimensions<\/h3>\n<ul role=\"list\">\n<li class=\"product-features__item-list__item\" role=\"listitem\"><span class=\"is--medium\">Type d&rsquo;encastrement :<\/span> Four standard (60 x 60 cm)\t\t\t\t\t<\/li>\n<li class=\"product-features__item-list__item\" role=\"listitem\"><span class=\"is--medium\">Dimensions l x h x p :<\/span> 59.2 x 45.3 x 42.5 cm\t\t\t\t\t<\/li>\n<li class=\"product-features__item-list__item\" role=\"listitem\"><span class=\"is--medium\">Poids Net :<\/span> 21,60 Kg\t\t\t\t\t<\/li>\n<li class=\"product-features__item-list__item\" role=\"listitem\"><span class=\"is--medium\">Volume de la cavit\u00e9 en litre :<\/span> 29 L\t\t\t\t\t<\/li>\n<\/ul>\n<\/li>\n<li class=\"product-features__item\" role=\"listitem\">\n<h3 class=\"product-features__label\">Informations compl\u00e9mentaires<\/h3>\n<ul role=\"list\">\n<li class=\"product-features__item-list__item\" role=\"listitem\"><span class=\"is--medium\">Fabriqu\u00e9 en :<\/span> France\t\t\t\t\t<\/li>\n<li class=\"product-features__item-list__item\" role=\"listitem\"><span class=\"is--medium\">Garantie :<\/span> 2 ans\t\t\t\t\t<\/li>\n<li class=\"product-features__item-list__item\" role=\"listitem\"><span class=\"is--medium\">Disponibilit\u00e9 des pi\u00e8ces d\u00e9tach\u00e9es (donn\u00e9es fournisseur) :<\/span> Pendant 15 ans, \u00e0 compter de la date d&rsquo;achat\t\t\t\t\t<\/li>\n<li class=\"product-features__item-list__item\" role=\"listitem\"><span class=\"is--medium\">Bien installer son four :<\/span> <a href=\"https:\/\/www.boulanger.com\/info\/animation\/bcbu\/gros-menager\/four-encastrable\/installation.html\" target=\"_blank\">Cliquez ici <\/a><\/li>\n<\/ul>\n<\/li>\n<\/ul>\n<\/div>\n<div class=\"product__disclosure-content\">\n<div class=\"js-read-more product-description__content read-more read-more--truncated\" data-read-more-name=\"description\" style=\"max-height: 500px; overflow: hidden;\">\n<p><center><a href=\"https:\/\/www.boulanger.com\/evenement\/boutique-de-dietrich\"><img fetchpriority=\"high\" decoding=\"async\" height=\"160\" src=\"https:\/\/boulanger.scene7.com\/is\/image\/Boulanger\/OP0123GAMA_d?wid=1260\" width=\"1260\"\/><\/a><\/center><\/p>\n<div class=\"product__description-content read-more\">\n<p>Four Vapeur DE DIETRICH DKV4530H AI Steam : Excellence et Pr\u00e9cision en Cuisine<\/p>\n<h3><img decoding=\"async\" alt=\"Four Vapeur DE DIETRICH DKV4530H AI Steam\" class=\"wy_tableau_gauche\" height=\"270\" src=\"https:\/\/boulanger.scene7.com\/is\/image\/Boulanger\/3660767992467_h_f_l_0?wid=400&amp;hei=270\" width=\"400\"\/>Cuisson Vapeur Avanc\u00e9e et Design \u00c9l\u00e9gant<\/h3>\n<p>Le Four Vapeur <strong>DE DIETRICH DKV4530H AI Steam<\/strong>, con\u00e7u avec un souci du d\u00e9tail et une performance in\u00e9gal\u00e9e, repr\u00e9sente le summum de la technologie culinaire. <strong>Sa capacit\u00e9 \u00e0 cuire \u00e0 la vapeur,<\/strong> avec un r\u00e9servoir d&rsquo;eau de 1L amovible et ind\u00e9pendant, \u00e9limine la n\u00e9cessit\u00e9 d&rsquo;une arriv\u00e9e d&rsquo;eau ext\u00e9rieure, offrant une flexibilit\u00e9 et une simplicit\u00e9 d&rsquo;installation dans toute cuisine encastrable.<\/p>\n<p>Le four, arborant une couleur Heritage noir et cuivre, int\u00e8gre un<strong> \u00e9cran LCD blanc<\/strong> pour une navigation intuitive et un s\u00e9lecteur Diamant tactile et ergonomique pour des r\u00e9glages pr\u00e9cis. Avec un volume de <strong>cavit\u00e9 de 29L<\/strong> et un \u00e9clairage automatique \u00e0 l&rsquo;ouverture de la porte, ce four \u00e9lectrique est non seulement fonctionnel mais aussi un ajout esth\u00e9tique \u00e0 tout espace de cuisine moderne.<\/p>\n<p>\u00a0<\/p>\n<h3><img decoding=\"async\" alt=\"Four Vapeur DE DIETRICH DKV4530H AI Steam\" class=\"wy_tableau_right\" height=\"270\" src=\"https:\/\/boulanger.scene7.com\/is\/image\/Boulanger\/3660767992467_h_f_l_1?wid=400&amp;hei=270\" width=\"400\"\/>Fonctionnalit\u00e9s Innovantes et S\u00e9curit\u00e9 Optimale<\/h3>\n<p>Dot\u00e9 de quatre fonctions de cuisson, incluant vapeur, r\u00e9chauffage et d\u00e9cong\u00e9lation, le <strong>DKV4530H AI Steam<\/strong> est \u00e9galement \u00e9quip\u00e9 du Mode Auto, qui ajuste automatiquement les param\u00e8tres de cuisson pour une multitude de plats, garantissant des r\u00e9sultats parfaits \u00e0 chaque fois. La s\u00e9curit\u00e9 n&rsquo;est pas en reste avec un<strong> verrouillage d&rsquo;acc\u00e8s au bandeau<\/strong> et une porte non ventil\u00e9e, assurant une utilisation sans risque.<\/p>\n<p>L&rsquo;ensemble est compl\u00e9t\u00e9 par des accessoires pratiques tels qu&rsquo;une grille vapeur et un plat vapeur inox, renfor\u00e7ant la polyvalence de ce four. <strong>Fabriqu\u00e9 en France,<\/strong> le<strong> DE DIETRICH DKV4530H AI Steam<\/strong> promet une durabilit\u00e9 exceptionnelle avec une disponibilit\u00e9 de pi\u00e8ces d\u00e9tach\u00e9es pendant 15 ans, t\u00e9moignant de l&rsquo;engagement de la marque envers la qualit\u00e9 et la satisfaction client.<\/p>\n<\/div>\n<\/div>\n<p><bl-button a11yexpanded=\"false\" arialabel=\"Afficher toute la description\" class=\"read-more__btn\" full=\"false\" link=\"true\">Voir plus<\/bl-button><\/div>","protected":false},"excerpt":{"rendered":"<div class=\"keypoints\">\n<h3 class=\"keypoints__title\">Les points cl\u00e9s<\/h3>\n<ul role=\"list\">\n<li class=\"keypoints__item\" role=\"listitem\">                          Cuisson 100% vapeur &#8211;                                                      Nettoyage manuel                      <\/li>\n<li class=\"keypoints__item\" role=\"listitem\">                          Porte classique &#8211;                                                      Ouverture standard                      <\/li>\n<li class=\"keypoints__item\" role=\"listitem\">                                        Encastrement standard (60cm)                      <\/li>\n<li class=\"keypoints__item keypoints__item--advantage\" role=\"listitem\"><strong>Le + :<\/strong> four compact 100% vapeur. Mode Auto, ajuste en auto les param\u00e8tres de cuisson. Design raffin\u00e9.      <\/li>\n<\/ul>","protected":false},"featured_media":10393,"template":"","meta":{"_glsr_average":0,"_glsr_ranking":0,"_glsr_reviews":0},"product_cat":[212],"product_tag":[213,131],"class_list":{"0":"post-37556","1":"product","2":"type-product","3":"status-publish","4":"has-post-thumbnail","6":"product_cat-four-encastrable","7":"product_tag-four-encastrable","8":"product_tag-gros-electromenager","10":"first","11":"instock","12":"sale","13":"shipping-taxable","14":"purchasable","15":"product-type-simple"},"_links":{"self":[{"href":"https:\/\/electromenagerexpress.com\/en\/wp-json\/wp\/v2\/product\/37556","targetHints":{"allow":["GET"]}}],"collection":[{"href":"https:\/\/electromenagerexpress.com\/en\/wp-json\/wp\/v2\/product"}],"about":[{"href":"https:\/\/electromenagerexpress.com\/en\/wp-json\/wp\/v2\/types\/product"}],"wp:featuredmedia":[{"embeddable":true,"href":"https:\/\/electromenagerexpress.com\/en\/wp-json\/wp\/v2\/media\/10393"}],"wp:attachment":[{"href":"https:\/\/electromenagerexpress.com\/en\/wp-json\/wp\/v2\/media?parent=37556"}],"wp:term":[{"taxonomy":"product_cat","embeddable":true,"href":"https:\/\/electromenagerexpress.com\/en\/wp-json\/wp\/v2\/product_cat?post=37556"},{"taxonomy":"product_tag","embeddable":true,"href":"https:\/\/electromenagerexpress.com\/en\/wp-json\/wp\/v2\/product_tag?post=37556"}],"curies":[{"name":"wp","href":"https:\/\/api.w.org\/{rel}","templated":true}]}}